{"id":97,"date":"2020-03-06T10:09:20","date_gmt":"2020-03-06T09:09:20","guid":{"rendered":"https:\/\/hogtlagt.se\/sundsvall\/klatterparken\/"},"modified":"2023-10-15T14:34:17","modified_gmt":"2023-10-15T12:34:17","slug":"klatterparken","status":"publish","type":"page","link":"https:\/\/hogtlagt.se\/sundsvall\/klatterparken\/","title":{"rendered":"Kl\u00e4tterparken"},"content":{"rendered":"\n<h2 class=\"wp-block-heading has-text-align-center\">Vad tycker v\u00e5ra g\u00e4ster?<\/h2>\n\n\n\n<div style=\"height:17px\" aria-hidden=\"true\" class=\"wp-block-spacer\"><\/div>\n\n\n\n<div style=\"height:36px\" aria-hidden=\"true\" class=\"wp-block-spacer\"><\/div>\n\n\n<div class=\"gmb-reviews make-me-slick\" data-slick='{&quot;fade&quot;: false, \"adaptiveHeight\": true,\"arrows\": false,\"dots\": true,\"infinite\": true,\"autoplaySpeed\":5000,\"slidesToShow\":3, \"slidesToScroll\":1, \"autoplay\":false    }'><div class=\"gmb-review\" data=\"accounts\/113211944405253224958\/locations\/9448335135409203097\/reviews\/AbFvOqlq-__znbeZbKhjtihu1JKAS96OQMcnFdd6-Iumb_z9_2XYtUaqsavWid-jQjPUREl0d1nN\"><div class=\"gmb-review-inner\"><span class=\"review-comment\"><i class=\"review-quotes fa fa-quote-left\" aria-hidden=\"true\"><\/i>Kul men v\u00e4ldigt jobbigt.\n\n(Translated by Google)\nFun but very hard.<i class=\"review-quotes fa fa-quote-right\" aria-hidden=\"true\"><\/i><\/span><span class=\"review-rating\"><i class=\"fa fa-star\" aria-hidden=\"true\"><\/i><i class=\"fa fa-star\" aria-hidden=\"true\"><\/i><i class=\"fa fa-star\" aria-hidden=\"true\"><\/i><i class=\"fa fa-star\" aria-hidden=\"true\"><\/i><i class=\"fa fa-star\" aria-hidden=\"true\"><\/i><\/span><span class=\"review-reviewer\">Bjarne S\u00f6derberg<\/span><span class=\"review-date\">23 August, 2025<\/span><\/div><\/div><div class=\"gmb-review\" data=\"accounts\/113211944405253224958\/locations\/9448335135409203097\/reviews\/AbFvOqmMJhKo3c4R805ggNZhkk3M4QNK0_bm3xLBmE29CotlrIycU6EtZ4fKrsJ69nZ2eibYkEp3\"><div class=\"gmb-review-inner\"><span class=\"review-comment\"><i class=\"review-quotes fa fa-quote-left\" aria-hidden=\"true\"><\/i>(Translated by Google) What a beautiful location, and wonderful climbing among the trees. They have child-friendly courses with varying levels.\nFun ziplines, and a secure and safe feeling the whole time. You can also skate and mountain bike on the grounds, and probably more, but I've forgotten where.\n\n(Original)\nWat een mooie locatie en zalig klauteren tussen de bomen. Ze hebben kindvriendelijke parcours met verschillende niveaus\nLeuke ziplines en heel de tijd geborgd en veilig gevoel. Op het domein kan je ook skaten en mountainbiken en waarschijnlijk nog meer ook maar ben ik even kwijt.<i class=\"review-quotes fa fa-quote-right\" aria-hidden=\"true\"><\/i><\/span><span class=\"review-rating\"><i class=\"fa fa-star\" aria-hidden=\"true\"><\/i><i class=\"fa fa-star\" aria-hidden=\"true\"><\/i><i class=\"fa fa-star\" aria-hidden=\"true\"><\/i><i class=\"fa fa-star\" aria-hidden=\"true\"><\/i><i class=\"fa fa-star\" aria-hidden=\"true\"><\/i><\/span><span class=\"review-reviewer\">andy de ruyck<\/span><span class=\"review-date\">11 August, 2025<\/span><\/div><\/div><div class=\"gmb-review\" data=\"accounts\/113211944405253224958\/locations\/9448335135409203097\/reviews\/AbFvOqkNPTINFZx7g9TYXzCShLC79MF0X6QMHxsLkq5QZF-qteP5kQ1fcQbFgIJe71EwUuRQ7qwD\"><div class=\"gmb-review-inner\"><span class=\"review-rating\"><i class=\"fa fa-star\" aria-hidden=\"true\"><\/i><i class=\"fa fa-star\" aria-hidden=\"true\"><\/i><i class=\"fa fa-star\" aria-hidden=\"true\"><\/i><i class=\"fa fa-star\" aria-hidden=\"true\"><\/i><\/span><span class=\"review-reviewer\">Robert Holoch<\/span><span class=\"review-date\">11 August, 2025<\/span><\/div><\/div><div class=\"gmb-review\" data=\"accounts\/113211944405253224958\/locations\/9448335135409203097\/reviews\/AbFvOqkj5hUFzN4f45fkkmkn0kF38b2diJdHN3a9TDIq5B5UTn8bPjgPyt3WWB1sPFy2f6UuHNOCnA\"><div class=\"gmb-review-inner\"><span class=\"review-rating\"><i class=\"fa fa-star\" aria-hidden=\"true\"><\/i><i class=\"fa fa-star\" aria-hidden=\"true\"><\/i><i class=\"fa fa-star\" aria-hidden=\"true\"><\/i><i class=\"fa fa-star\" aria-hidden=\"true\"><\/i><i class=\"fa fa-star\" aria-hidden=\"true\"><\/i><\/span><span class=\"review-reviewer\">Andreas Sahlgren<\/span><span class=\"review-date\">24 July, 2025<\/span><\/div><\/div><div class=\"gmb-review\" data=\"accounts\/113211944405253224958\/locations\/9448335135409203097\/reviews\/AbFvOqniHloNnfslUEPwt7ri9zD29pS50gP0L2LVpBRn8QVPsd_brOOtDY0qH4xvnCC3TEOJAXT9oA\"><div class=\"gmb-review-inner\"><span class=\"review-rating\"><i class=\"fa fa-star\" aria-hidden=\"true\"><\/i><i class=\"fa fa-star\" aria-hidden=\"true\"><\/i><i class=\"fa fa-star\" aria-hidden=\"true\"><\/i><i class=\"fa fa-star\" aria-hidden=\"true\"><\/i><i class=\"fa fa-star\" aria-hidden=\"true\"><\/i><\/span><span class=\"review-reviewer\">Gozgumz<\/span><span class=\"review-date\">22 July, 2025<\/span><\/div><\/div><\/div>\n","protected":false},"excerpt":{"rendered":"<p>Vad tycker v\u00e5ra g\u00e4ster?<\/p>\n","protected":false},"author":1,"featured_media":0,"parent":0,"menu_order":0,"comment_status":"closed","ping_status":"closed","template":"templates\/parentpage.php","meta":{"_acf_changed":false,"inline_featured_image":false,"footnotes":""},"class_list":["post-97","page","type-page","status-publish"],"acf":[],"yoast_head":"<!-- This site is optimized with the Yoast SEO plugin v26.1.1 - https:\/\/yoast.com\/wordpress\/plugins\/seo\/ -->\n<title>Kl\u00e4tterparken - H\u00f6gt &amp; L\u00e5gt Sundsvall - Aktiviteter f\u00f6r barn och vuxna<\/title>\n<meta name=\"robots\" content=\"index, follow, max-snippet:-1, max-image-preview:large, max-video-preview:-1\" \/>\n<link rel=\"canonical\" href=\"https:\/\/hogtlagt.se\/sundsvall\/klatterparken\/\" \/>\n<meta property=\"og:locale\" content=\"sv_SE\" \/>\n<meta property=\"og:type\" content=\"article\" \/>\n<meta property=\"og:title\" content=\"Kl\u00e4tterparken - H\u00f6gt &amp; L\u00e5gt Sundsvall - Aktiviteter f\u00f6r barn och vuxna\" \/>\n<meta property=\"og:description\" content=\"Vad tycker v\u00e5ra g\u00e4ster?\" \/>\n<meta property=\"og:url\" content=\"https:\/\/hogtlagt.se\/sundsvall\/klatterparken\/\" \/>\n<meta property=\"og:site_name\" content=\"H\u00f6gt &amp; L\u00e5gt Sundsvall\" \/>\n<meta property=\"article:modified_time\" content=\"2023-10-15T12:34:17+00:00\" \/>\n<meta name=\"twitter:card\" content=\"summary_large_image\" \/>\n<meta name=\"twitter:label1\" content=\"Ber\u00e4knad l\u00e4stid\" \/>\n\t<meta name=\"twitter:data1\" content=\"1 minut\" \/>\n<script type=\"application\/ld+json\" class=\"yoast-schema-graph\">{\"@context\":\"https:\/\/schema.org\",\"@graph\":[{\"@type\":\"WebPage\",\"@id\":\"https:\/\/hogtlagt.se\/sundsvall\/klatterparken\/\",\"url\":\"https:\/\/hogtlagt.se\/sundsvall\/klatterparken\/\",\"name\":\"Kl\u00e4tterparken - H\u00f6gt &amp; L\u00e5gt Sundsvall - Aktiviteter f\u00f6r barn och vuxna\",\"isPartOf\":{\"@id\":\"https:\/\/hogtlagt.se\/sundsvall\/#website\"},\"datePublished\":\"2020-03-06T09:09:20+00:00\",\"dateModified\":\"2023-10-15T12:34:17+00:00\",\"breadcrumb\":{\"@id\":\"https:\/\/hogtlagt.se\/sundsvall\/klatterparken\/#breadcrumb\"},\"inLanguage\":\"sv-SE\",\"potentialAction\":[{\"@type\":\"ReadAction\",\"target\":[\"https:\/\/hogtlagt.se\/sundsvall\/klatterparken\/\"]}]},{\"@type\":\"BreadcrumbList\",\"@id\":\"https:\/\/hogtlagt.se\/sundsvall\/klatterparken\/#breadcrumb\",\"itemListElement\":[{\"@type\":\"ListItem\",\"position\":1,\"name\":\"Hem\",\"item\":\"https:\/\/hogtlagt.se\/sundsvall\/\"},{\"@type\":\"ListItem\",\"position\":2,\"name\":\"Kl\u00e4tterparken\"}]},{\"@type\":\"WebSite\",\"@id\":\"https:\/\/hogtlagt.se\/sundsvall\/#website\",\"url\":\"https:\/\/hogtlagt.se\/sundsvall\/\",\"name\":\"H\u00f6gt &amp; L\u00e5gt Sundsvall\",\"description\":\"\",\"potentialAction\":[{\"@type\":\"SearchAction\",\"target\":{\"@type\":\"EntryPoint\",\"urlTemplate\":\"https:\/\/hogtlagt.se\/sundsvall\/?s={search_term_string}\"},\"query-input\":{\"@type\":\"PropertyValueSpecification\",\"valueRequired\":true,\"valueName\":\"search_term_string\"}}],\"inLanguage\":\"sv-SE\"}]}<\/script>\n<!-- \/ Yoast SEO plugin. -->","yoast_head_json":{"title":"Kl\u00e4tterparken - H\u00f6gt &amp; L\u00e5gt Sundsvall - Aktiviteter f\u00f6r barn och vuxna","robots":{"index":"index","follow":"follow","max-snippet":"max-snippet:-1","max-image-preview":"max-image-preview:large","max-video-preview":"max-video-preview:-1"},"canonical":"https:\/\/hogtlagt.se\/sundsvall\/klatterparken\/","og_locale":"sv_SE","og_type":"article","og_title":"Kl\u00e4tterparken - H\u00f6gt &amp; L\u00e5gt Sundsvall - Aktiviteter f\u00f6r barn och vuxna","og_description":"Vad tycker v\u00e5ra g\u00e4ster?","og_url":"https:\/\/hogtlagt.se\/sundsvall\/klatterparken\/","og_site_name":"H\u00f6gt &amp; L\u00e5gt Sundsvall","article_modified_time":"2023-10-15T12:34:17+00:00","twitter_card":"summary_large_image","twitter_misc":{"Ber\u00e4knad l\u00e4stid":"1 minut"},"schema":{"@context":"https:\/\/schema.org","@graph":[{"@type":"WebPage","@id":"https:\/\/hogtlagt.se\/sundsvall\/klatterparken\/","url":"https:\/\/hogtlagt.se\/sundsvall\/klatterparken\/","name":"Kl\u00e4tterparken - H\u00f6gt &amp; L\u00e5gt Sundsvall - Aktiviteter f\u00f6r barn och vuxna","isPartOf":{"@id":"https:\/\/hogtlagt.se\/sundsvall\/#website"},"datePublished":"2020-03-06T09:09:20+00:00","dateModified":"2023-10-15T12:34:17+00:00","breadcrumb":{"@id":"https:\/\/hogtlagt.se\/sundsvall\/klatterparken\/#breadcrumb"},"inLanguage":"sv-SE","potentialAction":[{"@type":"ReadAction","target":["https:\/\/hogtlagt.se\/sundsvall\/klatterparken\/"]}]},{"@type":"BreadcrumbList","@id":"https:\/\/hogtlagt.se\/sundsvall\/klatterparken\/#breadcrumb","itemListElement":[{"@type":"ListItem","position":1,"name":"Hem","item":"https:\/\/hogtlagt.se\/sundsvall\/"},{"@type":"ListItem","position":2,"name":"Kl\u00e4tterparken"}]},{"@type":"WebSite","@id":"https:\/\/hogtlagt.se\/sundsvall\/#website","url":"https:\/\/hogtlagt.se\/sundsvall\/","name":"H\u00f6gt &amp; L\u00e5gt Sundsvall","description":"","potentialAction":[{"@type":"SearchAction","target":{"@type":"EntryPoint","urlTemplate":"https:\/\/hogtlagt.se\/sundsvall\/?s={search_term_string}"},"query-input":{"@type":"PropertyValueSpecification","valueRequired":true,"valueName":"search_term_string"}}],"inLanguage":"sv-SE"}]}},"_links":{"self":[{"href":"https:\/\/hogtlagt.se\/sundsvall\/wp-json\/wp\/v2\/pages\/97","targetHints":{"allow":["GET"]}}],"collection":[{"href":"https:\/\/hogtlagt.se\/sundsvall\/wp-json\/wp\/v2\/pages"}],"about":[{"href":"https:\/\/hogtlagt.se\/sundsvall\/wp-json\/wp\/v2\/types\/page"}],"author":[{"embeddable":true,"href":"https:\/\/hogtlagt.se\/sundsvall\/wp-json\/wp\/v2\/users\/1"}],"replies":[{"embeddable":true,"href":"https:\/\/hogtlagt.se\/sundsvall\/wp-json\/wp\/v2\/comments?post=97"}],"version-history":[{"count":5,"href":"https:\/\/hogtlagt.se\/sundsvall\/wp-json\/wp\/v2\/pages\/97\/revisions"}],"predecessor-version":[{"id":2197,"href":"https:\/\/hogtlagt.se\/sundsvall\/wp-json\/wp\/v2\/pages\/97\/revisions\/2197"}],"wp:attachment":[{"href":"https:\/\/hogtlagt.se\/sundsvall\/wp-json\/wp\/v2\/media?parent=97"}],"curies":[{"name":"wp","href":"https:\/\/api.w.org\/{rel}","templated":true}]}}