{"id":89,"date":"2020-03-06T10:12:06","date_gmt":"2020-03-06T09:12:06","guid":{"rendered":"https:\/\/hogtlagt.se\/sundsvall\/infor-besoket\/oppettider\/"},"modified":"2026-02-18T15:57:30","modified_gmt":"2026-02-18T14:57:30","slug":"oppettider","status":"publish","type":"page","link":"https:\/\/hogtlagt.se\/sundsvall\/infor-besoket\/oppettider\/","title":{"rendered":"\u00d6ppettider"},"content":{"rendered":"\n<div class=\"wp-block-cover alignfull\" style=\"min-height:600px;aspect-ratio:unset;\"><img loading=\"lazy\" decoding=\"async\" width=\"1920\" height=\"1280\" class=\"wp-block-cover__image-background wp-image-2146\" alt=\"\" src=\"https:\/\/hogtlagt.se\/sundsvall\/wp-content\/uploads\/sites\/5\/2023\/10\/O\u0308ppettider.jpg\" data-object-fit=\"cover\" srcset=\"https:\/\/hogtlagt.se\/sundsvall\/wp-content\/uploads\/sites\/5\/2023\/10\/O\u0308ppettider.jpg 1920w, https:\/\/hogtlagt.se\/sundsvall\/wp-content\/uploads\/sites\/5\/2023\/10\/O\u0308ppettider-300x200.jpg 300w, https:\/\/hogtlagt.se\/sundsvall\/wp-content\/uploads\/sites\/5\/2023\/10\/O\u0308ppettider-1024x683.jpg 1024w, https:\/\/hogtlagt.se\/sundsvall\/wp-content\/uploads\/sites\/5\/2023\/10\/O\u0308ppettider-768x512.jpg 768w, https:\/\/hogtlagt.se\/sundsvall\/wp-content\/uploads\/sites\/5\/2023\/10\/O\u0308ppettider-1536x1024.jpg 1536w\" sizes=\"auto, (max-width: 1920px) 100vw, 1920px\" \/><span aria-hidden=\"true\" class=\"wp-block-cover__background has-background-dim-30 has-background-dim\"><\/span><div class=\"wp-block-cover__inner-container has-global-padding is-layout-constrained wp-block-cover-is-layout-constrained\">\n<h2 class=\"wp-block-heading has-text-align-center\" style=\"font-size:55px\">\u00d6ppettider<\/h2>\n<\/div><\/div>\n\n\n\n<div style=\"height:100px\" aria-hidden=\"true\" class=\"wp-block-spacer\"><\/div>\n\n\n\n<h3 class=\"wp-block-heading\">Parkens \u00f6ppettider f\u00f6r 2026<\/h3>\n\n\n\n<div style=\"height:44px\" aria-hidden=\"true\" class=\"wp-block-spacer\"><\/div>\n\n\n\n    <div class=\"icon-list\">\n\n            \n        <div class=\"icon-list-item\">\n            <div class=\"il-img\">\n                <img decoding=\"async\" src=\"https:\/\/hogtlagt.se\/sundsvall\/wp-content\/uploads\/sites\/5\/2020\/03\/HL-ikon-10.svg\" class=\"attachment-icon size-icon\" alt=\"\" \/>            <\/div>\n            <div class=\"icon-list-content\">\n                <h3>V\u00e5rs\u00e4song l\u00f6rdagar 16 maj -13 Juni 2026<\/h3>\n                <p>\u00d6ppet: l\u00f6rdagar 10.00 &#8211; 17.00<\/p>\n            <\/div>\n        <\/div>\n\n                    <hr>\n                    \n        <div class=\"icon-list-item\">\n            <div class=\"il-img\">\n                <img decoding=\"async\" src=\"https:\/\/hogtlagt.se\/sundsvall\/wp-content\/uploads\/sites\/5\/2020\/03\/HL-ikon-10.svg\" class=\"attachment-icon size-icon\" alt=\"\" \/>            <\/div>\n            <div class=\"icon-list-content\">\n                <h3>Sommars\u00e4song alla dagar 20 juni &#8211; 9 augusti 2026<\/h3>\n                <p>\u00d6ppet: alla dagar 10.00 \u2013 17.30<\/p>\n            <\/div>\n        <\/div>\n\n                    <hr>\n                    \n        <div class=\"icon-list-item\">\n            <div class=\"il-img\">\n                <img decoding=\"async\" src=\"https:\/\/hogtlagt.se\/sundsvall\/wp-content\/uploads\/sites\/5\/2020\/03\/HL-ikon-10.svg\" class=\"attachment-icon size-icon\" alt=\"\" \/>            <\/div>\n            <div class=\"icon-list-content\">\n                <h3>H\u00f6sts\u00e4song l\u00f6rdagar 15 augusti &#8211; 26 september 2026<\/h3>\n                <p>\u00d6ppet: l\u00f6rdagar 10.00 &#8211; 17.00<\/p>\n            <\/div>\n        <\/div>\n\n                    <hr>\n                    \n        <div class=\"icon-list-item\">\n            <div class=\"il-img\">\n                <img decoding=\"async\" src=\"https:\/\/hogtlagt.se\/sundsvall\/wp-content\/uploads\/sites\/5\/2020\/03\/HL-ikon-10.svg\" class=\"attachment-icon size-icon\" alt=\"\" \/>            <\/div>\n            <div class=\"icon-list-content\">\n                <h3>Gruppbokning utanf\u00f6r ordinarie \u00f6ppettider &#8211; maj till september 2026<\/h3>\n                <p>Vi tar emot grupper fr\u00e5n och med maj. F\u00f6r gruppbokningar utanf\u00f6r ordinarie \u00f6ppettider: Skicka mail till <a href=\"mailto:sundsvall@hogtlagt.se\"><span style=\"font-weight: 400;\">sundsvall@hogtlagt.se<\/span><\/a><\/p>\n            <\/div>\n        <\/div>\n\n                    <hr>\n            \n    <\/div>\n\n    \n\n\n<div style=\"height:39px\" aria-hidden=\"true\" class=\"wp-block-spacer\"><\/div>\n\n\n\n<div style=\"height:84px\" aria-hidden=\"true\" class=\"wp-block-spacer\"><\/div>\n\n\n\n<div class=\"wp-block-cover alignfull\" style=\"min-height:376px;aspect-ratio:unset;\"><img loading=\"lazy\" decoding=\"async\" width=\"2048\" height=\"1365\" class=\"wp-block-cover__image-background wp-image-2265\" alt=\"\" src=\"https:\/\/hogtlagt.se\/sundsvall\/wp-content\/uploads\/sites\/5\/2023\/12\/Hogt-Lagt-WEBB-1235.jpg\" style=\"object-position:50% 66%\" data-object-fit=\"cover\" data-object-position=\"50% 66%\" srcset=\"https:\/\/hogtlagt.se\/sundsvall\/wp-content\/uploads\/sites\/5\/2023\/12\/Hogt-Lagt-WEBB-1235.jpg 2048w, https:\/\/hogtlagt.se\/sundsvall\/wp-content\/uploads\/sites\/5\/2023\/12\/Hogt-Lagt-WEBB-1235-300x200.jpg 300w, https:\/\/hogtlagt.se\/sundsvall\/wp-content\/uploads\/sites\/5\/2023\/12\/Hogt-Lagt-WEBB-1235-1024x683.jpg 1024w, https:\/\/hogtlagt.se\/sundsvall\/wp-content\/uploads\/sites\/5\/2023\/12\/Hogt-Lagt-WEBB-1235-768x512.jpg 768w, https:\/\/hogtlagt.se\/sundsvall\/wp-content\/uploads\/sites\/5\/2023\/12\/Hogt-Lagt-WEBB-1235-1536x1024.jpg 1536w\" sizes=\"auto, (max-width: 2048px) 100vw, 2048px\" \/><span aria-hidden=\"true\" class=\"wp-block-cover__background has-background-dim\"><\/span><div class=\"wp-block-cover__inner-container has-global-padding is-layout-constrained wp-block-cover-is-layout-constrained\">\n<p class=\"has-text-align-center\" style=\"font-size:25px\">Allt vi g\u00f6r genomsyras av v\u00e5ra grundl\u00e4ggande v\u00e4rden&nbsp;<em>Genomarbetat, S\u00e4kert, Innovativt, Inkluderande<\/em>&nbsp;och&nbsp;<em>Utmanande.<\/em>&nbsp;Vi \u00e4r drivna, vi arbetar h\u00e5rt, vi brinner f\u00f6r varje kunds upplevelse, vi \u00e4r med och utvecklar branschen och vi har j\u00e4kligt roligt medans vi g\u00f6r det!<\/p>\n<\/div><\/div>\n","protected":false},"excerpt":{"rendered":"<p>Parkens \u00f6ppettider f\u00f6r 2026<\/p>\n","protected":false},"author":1,"featured_media":2178,"parent":73,"menu_order":4,"comment_status":"closed","ping_status":"closed","template":"templates\/empty.php","meta":{"_acf_changed":false,"inline_featured_image":false,"footnotes":""},"class_list":["post-89","page","type-page","status-publish","has-post-thumbnail"],"acf":[],"yoast_head":"<!-- This site is optimized with the Yoast SEO plugin v26.1.1 - https:\/\/yoast.com\/wordpress\/plugins\/seo\/ -->\n<title>\u00d6ppettider - H\u00f6gt &amp; L\u00e5gt Sundsvall<\/title>\n<meta name=\"description\" content=\"H\u00e4r hittar du v\u00e5ra \u00f6ppettider f\u00f6r f\u00f6rs\u00e4songen, h\u00f6gs\u00e4songen och h\u00f6sts\u00e4songen samt tider f\u00f6r r\u00f6da dagar och gruppbokningar.\" \/>\n<meta name=\"robots\" content=\"index, follow, max-snippet:-1, max-image-preview:large, max-video-preview:-1\" \/>\n<link rel=\"canonical\" href=\"https:\/\/hogtlagt.se\/sundsvall\/infor-besoket\/oppettider\/\" \/>\n<meta property=\"og:locale\" content=\"sv_SE\" \/>\n<meta property=\"og:type\" content=\"article\" \/>\n<meta property=\"og:title\" content=\"\u00d6ppettider - H\u00f6gt &amp; L\u00e5gt Sundsvall\" \/>\n<meta property=\"og:description\" content=\"H\u00e4r hittar du v\u00e5ra \u00f6ppettider f\u00f6r f\u00f6rs\u00e4songen, h\u00f6gs\u00e4songen och h\u00f6sts\u00e4songen samt tider f\u00f6r r\u00f6da dagar och gruppbokningar.\" \/>\n<meta property=\"og:url\" content=\"https:\/\/hogtlagt.se\/sundsvall\/infor-besoket\/oppettider\/\" \/>\n<meta property=\"og:site_name\" content=\"H\u00f6gt &amp; L\u00e5gt Sundsvall\" \/>\n<meta property=\"article:modified_time\" content=\"2026-02-18T14:57:30+00:00\" \/>\n<meta property=\"og:image\" content=\"https:\/\/hogtlagt.se\/sundsvall\/wp-content\/uploads\/sites\/5\/2023\/10\/O\u0308ppettider-1.jpg\" \/>\n\t<meta property=\"og:image:width\" content=\"1920\" \/>\n\t<meta property=\"og:image:height\" content=\"1280\" \/>\n\t<meta property=\"og:image:type\" content=\"image\/jpeg\" \/>\n<meta name=\"twitter:card\" content=\"summary_large_image\" \/>\n<meta name=\"twitter:label1\" content=\"Ber\u00e4knad l\u00e4stid\" \/>\n\t<meta name=\"twitter:data1\" content=\"1 minut\" \/>\n<script type=\"application\/ld+json\" class=\"yoast-schema-graph\">{\"@context\":\"https:\/\/schema.org\",\"@graph\":[{\"@type\":\"WebPage\",\"@id\":\"https:\/\/hogtlagt.se\/sundsvall\/infor-besoket\/oppettider\/\",\"url\":\"https:\/\/hogtlagt.se\/sundsvall\/infor-besoket\/oppettider\/\",\"name\":\"\u00d6ppettider - H\u00f6gt &amp; L\u00e5gt Sundsvall\",\"isPartOf\":{\"@id\":\"https:\/\/hogtlagt.se\/sundsvall\/#website\"},\"primaryImageOfPage\":{\"@id\":\"https:\/\/hogtlagt.se\/sundsvall\/infor-besoket\/oppettider\/#primaryimage\"},\"image\":{\"@id\":\"https:\/\/hogtlagt.se\/sundsvall\/infor-besoket\/oppettider\/#primaryimage\"},\"thumbnailUrl\":\"https:\/\/hogtlagt.se\/sundsvall\/wp-content\/uploads\/sites\/5\/2023\/10\/O\u0308ppettider-1.jpg\",\"datePublished\":\"2020-03-06T09:12:06+00:00\",\"dateModified\":\"2026-02-18T14:57:30+00:00\",\"description\":\"H\u00e4r hittar du v\u00e5ra \u00f6ppettider f\u00f6r f\u00f6rs\u00e4songen, h\u00f6gs\u00e4songen och h\u00f6sts\u00e4songen samt tider f\u00f6r r\u00f6da dagar och gruppbokningar.\",\"breadcrumb\":{\"@id\":\"https:\/\/hogtlagt.se\/sundsvall\/infor-besoket\/oppettider\/#breadcrumb\"},\"inLanguage\":\"sv-SE\",\"potentialAction\":[{\"@type\":\"ReadAction\",\"target\":[\"https:\/\/hogtlagt.se\/sundsvall\/infor-besoket\/oppettider\/\"]}]},{\"@type\":\"ImageObject\",\"inLanguage\":\"sv-SE\",\"@id\":\"https:\/\/hogtlagt.se\/sundsvall\/infor-besoket\/oppettider\/#primaryimage\",\"url\":\"https:\/\/hogtlagt.se\/sundsvall\/wp-content\/uploads\/sites\/5\/2023\/10\/O\u0308ppettider-1.jpg\",\"contentUrl\":\"https:\/\/hogtlagt.se\/sundsvall\/wp-content\/uploads\/sites\/5\/2023\/10\/O\u0308ppettider-1.jpg\",\"width\":1920,\"height\":1280,\"caption\":\"Kille kommer \u00e5kande l\u00e4ngs en l\u00e5ng zipline genom skogen\"},{\"@type\":\"BreadcrumbList\",\"@id\":\"https:\/\/hogtlagt.se\/sundsvall\/infor-besoket\/oppettider\/#breadcrumb\",\"itemListElement\":[{\"@type\":\"ListItem\",\"position\":1,\"name\":\"Hem\",\"item\":\"https:\/\/hogtlagt.se\/sundsvall\/\"},{\"@type\":\"ListItem\",\"position\":2,\"name\":\"Inf\u00f6r Bes\u00f6ket\",\"item\":\"https:\/\/hogtlagt.se\/sundsvall\/infor-besoket\/\"},{\"@type\":\"ListItem\",\"position\":3,\"name\":\"\u00d6ppettider\"}]},{\"@type\":\"WebSite\",\"@id\":\"https:\/\/hogtlagt.se\/sundsvall\/#website\",\"url\":\"https:\/\/hogtlagt.se\/sundsvall\/\",\"name\":\"H\u00f6gt &amp; L\u00e5gt Sundsvall\",\"description\":\"\",\"potentialAction\":[{\"@type\":\"SearchAction\",\"target\":{\"@type\":\"EntryPoint\",\"urlTemplate\":\"https:\/\/hogtlagt.se\/sundsvall\/?s={search_term_string}\"},\"query-input\":{\"@type\":\"PropertyValueSpecification\",\"valueRequired\":true,\"valueName\":\"search_term_string\"}}],\"inLanguage\":\"sv-SE\"}]}<\/script>\n<!-- \/ Yoast SEO plugin. -->","yoast_head_json":{"title":"\u00d6ppettider - H\u00f6gt &amp; L\u00e5gt Sundsvall","description":"H\u00e4r hittar du v\u00e5ra \u00f6ppettider f\u00f6r f\u00f6rs\u00e4songen, h\u00f6gs\u00e4songen och h\u00f6sts\u00e4songen samt tider f\u00f6r r\u00f6da dagar och gruppbokningar.","robots":{"index":"index","follow":"follow","max-snippet":"max-snippet:-1","max-image-preview":"max-image-preview:large","max-video-preview":"max-video-preview:-1"},"canonical":"https:\/\/hogtlagt.se\/sundsvall\/infor-besoket\/oppettider\/","og_locale":"sv_SE","og_type":"article","og_title":"\u00d6ppettider - H\u00f6gt &amp; L\u00e5gt Sundsvall","og_description":"H\u00e4r hittar du v\u00e5ra \u00f6ppettider f\u00f6r f\u00f6rs\u00e4songen, h\u00f6gs\u00e4songen och h\u00f6sts\u00e4songen samt tider f\u00f6r r\u00f6da dagar och gruppbokningar.","og_url":"https:\/\/hogtlagt.se\/sundsvall\/infor-besoket\/oppettider\/","og_site_name":"H\u00f6gt &amp; L\u00e5gt Sundsvall","article_modified_time":"2026-02-18T14:57:30+00:00","og_image":[{"width":1920,"height":1280,"url":"https:\/\/hogtlagt.se\/sundsvall\/wp-content\/uploads\/sites\/5\/2023\/10\/O\u0308ppettider-1.jpg","type":"image\/jpeg"}],"twitter_card":"summary_large_image","twitter_misc":{"Ber\u00e4knad l\u00e4stid":"1 minut"},"schema":{"@context":"https:\/\/schema.org","@graph":[{"@type":"WebPage","@id":"https:\/\/hogtlagt.se\/sundsvall\/infor-besoket\/oppettider\/","url":"https:\/\/hogtlagt.se\/sundsvall\/infor-besoket\/oppettider\/","name":"\u00d6ppettider - H\u00f6gt &amp; L\u00e5gt Sundsvall","isPartOf":{"@id":"https:\/\/hogtlagt.se\/sundsvall\/#website"},"primaryImageOfPage":{"@id":"https:\/\/hogtlagt.se\/sundsvall\/infor-besoket\/oppettider\/#primaryimage"},"image":{"@id":"https:\/\/hogtlagt.se\/sundsvall\/infor-besoket\/oppettider\/#primaryimage"},"thumbnailUrl":"https:\/\/hogtlagt.se\/sundsvall\/wp-content\/uploads\/sites\/5\/2023\/10\/O\u0308ppettider-1.jpg","datePublished":"2020-03-06T09:12:06+00:00","dateModified":"2026-02-18T14:57:30+00:00","description":"H\u00e4r hittar du v\u00e5ra \u00f6ppettider f\u00f6r f\u00f6rs\u00e4songen, h\u00f6gs\u00e4songen och h\u00f6sts\u00e4songen samt tider f\u00f6r r\u00f6da dagar och gruppbokningar.","breadcrumb":{"@id":"https:\/\/hogtlagt.se\/sundsvall\/infor-besoket\/oppettider\/#breadcrumb"},"inLanguage":"sv-SE","potentialAction":[{"@type":"ReadAction","target":["https:\/\/hogtlagt.se\/sundsvall\/infor-besoket\/oppettider\/"]}]},{"@type":"ImageObject","inLanguage":"sv-SE","@id":"https:\/\/hogtlagt.se\/sundsvall\/infor-besoket\/oppettider\/#primaryimage","url":"https:\/\/hogtlagt.se\/sundsvall\/wp-content\/uploads\/sites\/5\/2023\/10\/O\u0308ppettider-1.jpg","contentUrl":"https:\/\/hogtlagt.se\/sundsvall\/wp-content\/uploads\/sites\/5\/2023\/10\/O\u0308ppettider-1.jpg","width":1920,"height":1280,"caption":"Kille kommer \u00e5kande l\u00e4ngs en l\u00e5ng zipline genom skogen"},{"@type":"BreadcrumbList","@id":"https:\/\/hogtlagt.se\/sundsvall\/infor-besoket\/oppettider\/#breadcrumb","itemListElement":[{"@type":"ListItem","position":1,"name":"Hem","item":"https:\/\/hogtlagt.se\/sundsvall\/"},{"@type":"ListItem","position":2,"name":"Inf\u00f6r Bes\u00f6ket","item":"https:\/\/hogtlagt.se\/sundsvall\/infor-besoket\/"},{"@type":"ListItem","position":3,"name":"\u00d6ppettider"}]},{"@type":"WebSite","@id":"https:\/\/hogtlagt.se\/sundsvall\/#website","url":"https:\/\/hogtlagt.se\/sundsvall\/","name":"H\u00f6gt &amp; L\u00e5gt Sundsvall","description":"","potentialAction":[{"@type":"SearchAction","target":{"@type":"EntryPoint","urlTemplate":"https:\/\/hogtlagt.se\/sundsvall\/?s={search_term_string}"},"query-input":{"@type":"PropertyValueSpecification","valueRequired":true,"valueName":"search_term_string"}}],"inLanguage":"sv-SE"}]}},"_links":{"self":[{"href":"https:\/\/hogtlagt.se\/sundsvall\/wp-json\/wp\/v2\/pages\/89","targetHints":{"allow":["GET"]}}],"collection":[{"href":"https:\/\/hogtlagt.se\/sundsvall\/wp-json\/wp\/v2\/pages"}],"about":[{"href":"https:\/\/hogtlagt.se\/sundsvall\/wp-json\/wp\/v2\/types\/page"}],"author":[{"embeddable":true,"href":"https:\/\/hogtlagt.se\/sundsvall\/wp-json\/wp\/v2\/users\/1"}],"replies":[{"embeddable":true,"href":"https:\/\/hogtlagt.se\/sundsvall\/wp-json\/wp\/v2\/comments?post=89"}],"version-history":[{"count":118,"href":"https:\/\/hogtlagt.se\/sundsvall\/wp-json\/wp\/v2\/pages\/89\/revisions"}],"predecessor-version":[{"id":2646,"href":"https:\/\/hogtlagt.se\/sundsvall\/wp-json\/wp\/v2\/pages\/89\/revisions\/2646"}],"up":[{"embeddable":true,"href":"https:\/\/hogtlagt.se\/sundsvall\/wp-json\/wp\/v2\/pages\/73"}],"wp:featuredmedia":[{"embeddable":true,"href":"https:\/\/hogtlagt.se\/sundsvall\/wp-json\/wp\/v2\/media\/2178"}],"wp:attachment":[{"href":"https:\/\/hogtlagt.se\/sundsvall\/wp-json\/wp\/v2\/media?parent=89"}],"curies":[{"name":"wp","href":"https:\/\/api.w.org\/{rel}","templated":true}]}}