{"id":746,"date":"2021-11-23T08:12:09","date_gmt":"2021-11-23T07:12:09","guid":{"rendered":"https:\/\/hogtlagt.se\/sundsvall\/?page_id=746"},"modified":"2025-01-08T10:45:01","modified_gmt":"2025-01-08T09:45:01","slug":"climbing-adventure-for-school-groups-in-sundsvall","status":"publish","type":"page","link":"https:\/\/hogtlagt.se\/sundsvall\/en\/climbing-park-for-groups-corporate-events-in-sundsvall\/climbing-adventure-for-school-groups-in-sundsvall\/","title":{"rendered":"Climbing &#038; Adventure for School Groups in Sundsvall"},"content":{"rendered":"\n<div id=\"hero-block_fa30162283c30cd494923990e54ee2be\" class=\"hero-block alignfull\">\n\n    <div class=\"hero-block__background\">\n                    <div class=\"hero-block__bg\">\n                                    <img decoding=\"async\" src=\"https:\/\/hogtlagt.se\/sundsvall\/wp-content\/uploads\/sites\/5\/2022\/03\/hogtochlagt-01-low-2018-scaled.jpg\" alt=\"Tv\u00e5 kompisar h\u00e5ller om varandra och str\u00e4cker upp h\u00e4nderna i luften, de \u00e4r mycket n\u00f6jda med att ha klarat av banorna\">\n                            <\/div>\n            <\/div>\n\n    <div class=\"hero-block__content\">\n        <div class=\"acf-innerblocks-container\">\n\n<h1 class=\"wp-block-heading has-light-color has-text-color\">Climbing &amp; adventure for school groups in Sundsvall<\/h1>\n\n<\/div>\n    <\/div>\n    <div class=\"hero-block__cta\">\n        \n            <\/div>\n    <div class=\"hero-block__scroll\">\n                    <button class=\"scroll-down\">\n                Scroll down!                <i class=\"icon-arrow\"><\/i>\n                        <\/button>\n    <\/div>\n<\/div>\n\n\n\n<div class=\"wp-block-columns is-layout-flex wp-container-core-columns-is-layout-28f84493 wp-block-columns-is-layout-flex\">\n<div class=\"wp-block-column is-layout-flow wp-block-column-is-layout-flow\">\n<p><strong>Do you want to do something fun for everyone in the class? Are you going on a field trip and want to do something superfun, challenging, exiting and something that encourages team work? Welcome to 2,5 hours of adventure at H\u00f6gt &amp; L\u00e5gt Sundsvall<\/strong>.<\/p>\n<\/div>\n\n\n\n<div class=\"wp-block-column is-layout-flow wp-block-column-is-layout-flow\">\n<figure class=\"wp-block-image aligncenter size-large is-resized\"><img loading=\"lazy\" decoding=\"async\" width=\"159\" height=\"146\" src=\"https:\/\/hogtlagt.se\/sundsvall\/wp-content\/uploads\/sites\/5\/2023\/12\/Lager-114.svg\" alt=\"\" class=\"wp-image-2261\" style=\"width:201px;height:auto\"\/><\/figure>\n<\/div>\n<\/div>\n\n\n\n<div style=\"height:56px\" aria-hidden=\"true\" class=\"wp-block-spacer\"><\/div>\n\n\n\n<h2 class=\"wp-block-heading\">Climbing adventure for school groups<\/h2>\n\n\n\n<div id=\"rounded-box-block_70411e045fd6d88c7fba7f58e119d664\" class=\"rounded-box-block rounded-box\">\n    <div class=\"rounded-box__inner image-right\">\n        <div class=\"acf-innerblocks-container\">\n\n<p>For school\u00a0groups, in middle\u00a0school\u00a0and high school, we have a special offer where you and your class can come and climb at our park for 2,5 hours for only 260\u00a0kr\u00a0per student. The price includes everything\u00a0you need\u00a0such as\u00a0entry and equipment.\u00a0\u00a0\u00a0\u00a0<\/p>\n\n\n\n<p>This offer is valid on\u00a0weekdays during the semester.\u00a0You can choose a day and time that suits you. Minimum to book or pay for is 16 students.\u00a0We accept credit cards and\u00a0swish\u00a0at the park and we can also invoice.\u00a0<\/p>\n\n\n\n<p><strong>Price:<\/strong>\u00a0260:- per student.<\/p>\n\n\n\n<p>Minimum 16 students.<\/p>\n\n\n\n<p>In order to book, please send a request to&nbsp;<a href=\"mailto:sundsvall@hogtlagt.se\" target=\"_blank\" rel=\"noreferrer noopener\">sundsvall@hogtlagt.se<\/a>&nbsp;&nbsp;<\/p>\n\n<\/div>\n                    <div class=\"rounded-box__img-wrapper\">\n                <img decoding=\"async\" class=\"rounded-box__img image-right\" src=\"https:\/\/hogtlagt.se\/sundsvall\/wp-content\/uploads\/sites\/5\/2020\/05\/28I1394-stor-308438-scaled-1.jpg\" alt=\"\">\n            <\/div>\n            <\/div>\n<\/div>\n\n\n\n<div style=\"height:100px\" aria-hidden=\"true\" class=\"wp-block-spacer\"><\/div>\n\n\n\n<figure class=\"wp-block-image aligncenter size-large\"><img loading=\"lazy\" decoding=\"async\" width=\"1024\" height=\"683\" src=\"https:\/\/hogtlagt.se\/sundsvall\/wp-content\/uploads\/sites\/5\/2023\/12\/Ungdom-zipline-scaled-1-1024x683.jpg\" alt=\"\" class=\"wp-image-2358\" srcset=\"https:\/\/hogtlagt.se\/sundsvall\/wp-content\/uploads\/sites\/5\/2023\/12\/Ungdom-zipline-scaled-1-1024x683.jpg 1024w, https:\/\/hogtlagt.se\/sundsvall\/wp-content\/uploads\/sites\/5\/2023\/12\/Ungdom-zipline-scaled-1-300x200.jpg 300w, https:\/\/hogtlagt.se\/sundsvall\/wp-content\/uploads\/sites\/5\/2023\/12\/Ungdom-zipline-scaled-1-768x512.jpg 768w, https:\/\/hogtlagt.se\/sundsvall\/wp-content\/uploads\/sites\/5\/2023\/12\/Ungdom-zipline-scaled-1-1536x1024.jpg 1536w, https:\/\/hogtlagt.se\/sundsvall\/wp-content\/uploads\/sites\/5\/2023\/12\/Ungdom-zipline-scaled-1-2048x1366.jpg 2048w\" sizes=\"auto, (max-width: 1024px) 100vw, 1024px\" \/><\/figure>\n\n\n\n<div style=\"height:100px\" aria-hidden=\"true\" class=\"wp-block-spacer\"><\/div>\n\n\n\n<div class=\"wp-block-cover alignfull\" style=\"min-height:376px;aspect-ratio:unset;\"><span aria-hidden=\"true\" class=\"wp-block-cover__background has-background-dim\"><\/span><img loading=\"lazy\" decoding=\"async\" width=\"2048\" height=\"1365\" class=\"wp-block-cover__image-background wp-image-2265\" alt=\"\" src=\"https:\/\/hogtlagt.se\/sundsvall\/wp-content\/uploads\/sites\/5\/2023\/12\/Hogt-Lagt-WEBB-1235.jpg\" style=\"object-position:50% 66%\" data-object-fit=\"cover\" data-object-position=\"50% 66%\" srcset=\"https:\/\/hogtlagt.se\/sundsvall\/wp-content\/uploads\/sites\/5\/2023\/12\/Hogt-Lagt-WEBB-1235.jpg 2048w, https:\/\/hogtlagt.se\/sundsvall\/wp-content\/uploads\/sites\/5\/2023\/12\/Hogt-Lagt-WEBB-1235-300x200.jpg 300w, https:\/\/hogtlagt.se\/sundsvall\/wp-content\/uploads\/sites\/5\/2023\/12\/Hogt-Lagt-WEBB-1235-1024x683.jpg 1024w, https:\/\/hogtlagt.se\/sundsvall\/wp-content\/uploads\/sites\/5\/2023\/12\/Hogt-Lagt-WEBB-1235-768x512.jpg 768w, https:\/\/hogtlagt.se\/sundsvall\/wp-content\/uploads\/sites\/5\/2023\/12\/Hogt-Lagt-WEBB-1235-1536x1024.jpg 1536w\" sizes=\"auto, (max-width: 2048px) 100vw, 2048px\" \/><div class=\"wp-block-cover__inner-container has-global-padding is-layout-constrained wp-block-cover-is-layout-constrained\">\n<p class=\"has-text-align-center\" style=\"font-size:25px\">Everything we do stems from our fundamental values&nbsp;<em>Thorough, Safe, Innovative, Including<\/em>&nbsp;and&nbsp;<em>Challenging<\/em>. We are passionate, we work hard, we care about the experience of each single visitor, we take part in the development of this industry and we have SO much fun along the way!<\/p>\n<\/div><\/div>\n","protected":false},"excerpt":{"rendered":"<p>Do you want to do something fun for everyone in the class? Are you going on a field trip and want to do something superfun, challenging, exiting and something that&#8230;<\/p>\n","protected":false},"author":6,"featured_media":1791,"parent":762,"menu_order":3,"comment_status":"closed","ping_status":"closed","template":"templates\/empty.php","meta":{"_acf_changed":false,"inline_featured_image":false,"footnotes":""},"class_list":["post-746","page","type-page","status-publish","has-post-thumbnail"],"acf":[],"yoast_head":"<!-- This site is optimized with the Yoast SEO plugin v26.1.1 - https:\/\/yoast.com\/wordpress\/plugins\/seo\/ -->\n<title>Climbing &amp; Adventure for School Groups in Sundsvall - H\u00f6gt &amp; L\u00e5gt Sundsvall<\/title>\n<meta name=\"description\" content=\"Sparka ig\u00e5ng skolstarten p\u00e5 b\u00e4sta s\u00e4ttet med en aktivitet d\u00e4r alla kan delta. Vi har dessutom super bra pris f\u00f6r skolklasser hela v\u00e5ren.\" \/>\n<meta name=\"robots\" content=\"index, follow, max-snippet:-1, max-image-preview:large, max-video-preview:-1\" \/>\n<link rel=\"canonical\" href=\"https:\/\/hogtlagt.se\/sundsvall\/en\/climbing-park-for-groups-corporate-events-in-sundsvall\/climbing-adventure-for-school-groups-in-sundsvall\/\" \/>\n<meta property=\"og:locale\" content=\"sv_SE\" \/>\n<meta property=\"og:type\" content=\"article\" \/>\n<meta property=\"og:title\" content=\"Climbing &amp; Adventure for School Groups in Sundsvall - H\u00f6gt &amp; L\u00e5gt Sundsvall\" \/>\n<meta property=\"og:description\" content=\"Sparka ig\u00e5ng skolstarten p\u00e5 b\u00e4sta s\u00e4ttet med en aktivitet d\u00e4r alla kan delta. Vi har dessutom super bra pris f\u00f6r skolklasser hela v\u00e5ren.\" \/>\n<meta property=\"og:url\" content=\"https:\/\/hogtlagt.se\/sundsvall\/en\/climbing-park-for-groups-corporate-events-in-sundsvall\/climbing-adventure-for-school-groups-in-sundsvall\/\" \/>\n<meta property=\"og:site_name\" content=\"H\u00f6gt &amp; L\u00e5gt Sundsvall\" \/>\n<meta property=\"article:modified_time\" content=\"2025-01-08T09:45:01+00:00\" \/>\n<meta property=\"og:image\" content=\"https:\/\/hogtlagt.se\/sundsvall\/wp-content\/uploads\/sites\/5\/2022\/03\/hogtochlagt-01-low-2018-scaled.jpg\" \/>\n\t<meta property=\"og:image:width\" content=\"2560\" \/>\n\t<meta property=\"og:image:height\" content=\"1707\" \/>\n\t<meta property=\"og:image:type\" content=\"image\/jpeg\" \/>\n<meta name=\"twitter:card\" content=\"summary_large_image\" \/>\n<meta name=\"twitter:label1\" content=\"Ber\u00e4knad l\u00e4stid\" \/>\n\t<meta name=\"twitter:data1\" content=\"2 minuter\" \/>\n<script type=\"application\/ld+json\" class=\"yoast-schema-graph\">{\"@context\":\"https:\/\/schema.org\",\"@graph\":[{\"@type\":\"WebPage\",\"@id\":\"https:\/\/hogtlagt.se\/sundsvall\/en\/climbing-park-for-groups-corporate-events-in-sundsvall\/climbing-adventure-for-school-groups-in-sundsvall\/\",\"url\":\"https:\/\/hogtlagt.se\/sundsvall\/en\/climbing-park-for-groups-corporate-events-in-sundsvall\/climbing-adventure-for-school-groups-in-sundsvall\/\",\"name\":\"Climbing & Adventure for School Groups in Sundsvall - H\u00f6gt &amp; L\u00e5gt Sundsvall\",\"isPartOf\":{\"@id\":\"https:\/\/hogtlagt.se\/sundsvall\/#website\"},\"primaryImageOfPage\":{\"@id\":\"https:\/\/hogtlagt.se\/sundsvall\/en\/climbing-park-for-groups-corporate-events-in-sundsvall\/climbing-adventure-for-school-groups-in-sundsvall\/#primaryimage\"},\"image\":{\"@id\":\"https:\/\/hogtlagt.se\/sundsvall\/en\/climbing-park-for-groups-corporate-events-in-sundsvall\/climbing-adventure-for-school-groups-in-sundsvall\/#primaryimage\"},\"thumbnailUrl\":\"https:\/\/hogtlagt.se\/sundsvall\/wp-content\/uploads\/sites\/5\/2022\/03\/hogtochlagt-01-low-2018-scaled.jpg\",\"datePublished\":\"2021-11-23T07:12:09+00:00\",\"dateModified\":\"2025-01-08T09:45:01+00:00\",\"description\":\"Sparka ig\u00e5ng skolstarten p\u00e5 b\u00e4sta s\u00e4ttet med en aktivitet d\u00e4r alla kan delta. Vi har dessutom super bra pris f\u00f6r skolklasser hela v\u00e5ren.\",\"breadcrumb\":{\"@id\":\"https:\/\/hogtlagt.se\/sundsvall\/en\/climbing-park-for-groups-corporate-events-in-sundsvall\/climbing-adventure-for-school-groups-in-sundsvall\/#breadcrumb\"},\"inLanguage\":\"sv-SE\",\"potentialAction\":[{\"@type\":\"ReadAction\",\"target\":[\"https:\/\/hogtlagt.se\/sundsvall\/en\/climbing-park-for-groups-corporate-events-in-sundsvall\/climbing-adventure-for-school-groups-in-sundsvall\/\"]}]},{\"@type\":\"ImageObject\",\"inLanguage\":\"sv-SE\",\"@id\":\"https:\/\/hogtlagt.se\/sundsvall\/en\/climbing-park-for-groups-corporate-events-in-sundsvall\/climbing-adventure-for-school-groups-in-sundsvall\/#primaryimage\",\"url\":\"https:\/\/hogtlagt.se\/sundsvall\/wp-content\/uploads\/sites\/5\/2022\/03\/hogtochlagt-01-low-2018-scaled.jpg\",\"contentUrl\":\"https:\/\/hogtlagt.se\/sundsvall\/wp-content\/uploads\/sites\/5\/2022\/03\/hogtochlagt-01-low-2018-scaled.jpg\",\"width\":2560,\"height\":1707,\"caption\":\"Tv\u00e5 kompisar h\u00e5ller om varandra och str\u00e4cker upp h\u00e4nderna i luften, de \u00e4r mycket n\u00f6jda med att ha klarat av banorna\"},{\"@type\":\"BreadcrumbList\",\"@id\":\"https:\/\/hogtlagt.se\/sundsvall\/en\/climbing-park-for-groups-corporate-events-in-sundsvall\/climbing-adventure-for-school-groups-in-sundsvall\/#breadcrumb\",\"itemListElement\":[{\"@type\":\"ListItem\",\"position\":1,\"name\":\"Hem\",\"item\":\"https:\/\/hogtlagt.se\/sundsvall\/\"},{\"@type\":\"ListItem\",\"position\":2,\"name\":\"Climbing park for Groups &#038; Corporate events in Sundsvall\",\"item\":\"https:\/\/hogtlagt.se\/sundsvall\/en\/climbing-park-for-groups-corporate-events-in-sundsvall\/\"},{\"@type\":\"ListItem\",\"position\":3,\"name\":\"Climbing &#038; Adventure for School Groups in Sundsvall\"}]},{\"@type\":\"WebSite\",\"@id\":\"https:\/\/hogtlagt.se\/sundsvall\/#website\",\"url\":\"https:\/\/hogtlagt.se\/sundsvall\/\",\"name\":\"H\u00f6gt &amp; L\u00e5gt Sundsvall\",\"description\":\"\",\"potentialAction\":[{\"@type\":\"SearchAction\",\"target\":{\"@type\":\"EntryPoint\",\"urlTemplate\":\"https:\/\/hogtlagt.se\/sundsvall\/?s={search_term_string}\"},\"query-input\":{\"@type\":\"PropertyValueSpecification\",\"valueRequired\":true,\"valueName\":\"search_term_string\"}}],\"inLanguage\":\"sv-SE\"}]}<\/script>\n<!-- \/ Yoast SEO plugin. -->","yoast_head_json":{"title":"Climbing & Adventure for School Groups in Sundsvall - H\u00f6gt &amp; L\u00e5gt Sundsvall","description":"Sparka ig\u00e5ng skolstarten p\u00e5 b\u00e4sta s\u00e4ttet med en aktivitet d\u00e4r alla kan delta. Vi har dessutom super bra pris f\u00f6r skolklasser hela v\u00e5ren.","robots":{"index":"index","follow":"follow","max-snippet":"max-snippet:-1","max-image-preview":"max-image-preview:large","max-video-preview":"max-video-preview:-1"},"canonical":"https:\/\/hogtlagt.se\/sundsvall\/en\/climbing-park-for-groups-corporate-events-in-sundsvall\/climbing-adventure-for-school-groups-in-sundsvall\/","og_locale":"sv_SE","og_type":"article","og_title":"Climbing & Adventure for School Groups in Sundsvall - H\u00f6gt &amp; L\u00e5gt Sundsvall","og_description":"Sparka ig\u00e5ng skolstarten p\u00e5 b\u00e4sta s\u00e4ttet med en aktivitet d\u00e4r alla kan delta. Vi har dessutom super bra pris f\u00f6r skolklasser hela v\u00e5ren.","og_url":"https:\/\/hogtlagt.se\/sundsvall\/en\/climbing-park-for-groups-corporate-events-in-sundsvall\/climbing-adventure-for-school-groups-in-sundsvall\/","og_site_name":"H\u00f6gt &amp; L\u00e5gt Sundsvall","article_modified_time":"2025-01-08T09:45:01+00:00","og_image":[{"width":2560,"height":1707,"url":"https:\/\/hogtlagt.se\/sundsvall\/wp-content\/uploads\/sites\/5\/2022\/03\/hogtochlagt-01-low-2018-scaled.jpg","type":"image\/jpeg"}],"twitter_card":"summary_large_image","twitter_misc":{"Ber\u00e4knad l\u00e4stid":"2 minuter"},"schema":{"@context":"https:\/\/schema.org","@graph":[{"@type":"WebPage","@id":"https:\/\/hogtlagt.se\/sundsvall\/en\/climbing-park-for-groups-corporate-events-in-sundsvall\/climbing-adventure-for-school-groups-in-sundsvall\/","url":"https:\/\/hogtlagt.se\/sundsvall\/en\/climbing-park-for-groups-corporate-events-in-sundsvall\/climbing-adventure-for-school-groups-in-sundsvall\/","name":"Climbing & Adventure for School Groups in Sundsvall - H\u00f6gt &amp; L\u00e5gt Sundsvall","isPartOf":{"@id":"https:\/\/hogtlagt.se\/sundsvall\/#website"},"primaryImageOfPage":{"@id":"https:\/\/hogtlagt.se\/sundsvall\/en\/climbing-park-for-groups-corporate-events-in-sundsvall\/climbing-adventure-for-school-groups-in-sundsvall\/#primaryimage"},"image":{"@id":"https:\/\/hogtlagt.se\/sundsvall\/en\/climbing-park-for-groups-corporate-events-in-sundsvall\/climbing-adventure-for-school-groups-in-sundsvall\/#primaryimage"},"thumbnailUrl":"https:\/\/hogtlagt.se\/sundsvall\/wp-content\/uploads\/sites\/5\/2022\/03\/hogtochlagt-01-low-2018-scaled.jpg","datePublished":"2021-11-23T07:12:09+00:00","dateModified":"2025-01-08T09:45:01+00:00","description":"Sparka ig\u00e5ng skolstarten p\u00e5 b\u00e4sta s\u00e4ttet med en aktivitet d\u00e4r alla kan delta. Vi har dessutom super bra pris f\u00f6r skolklasser hela v\u00e5ren.","breadcrumb":{"@id":"https:\/\/hogtlagt.se\/sundsvall\/en\/climbing-park-for-groups-corporate-events-in-sundsvall\/climbing-adventure-for-school-groups-in-sundsvall\/#breadcrumb"},"inLanguage":"sv-SE","potentialAction":[{"@type":"ReadAction","target":["https:\/\/hogtlagt.se\/sundsvall\/en\/climbing-park-for-groups-corporate-events-in-sundsvall\/climbing-adventure-for-school-groups-in-sundsvall\/"]}]},{"@type":"ImageObject","inLanguage":"sv-SE","@id":"https:\/\/hogtlagt.se\/sundsvall\/en\/climbing-park-for-groups-corporate-events-in-sundsvall\/climbing-adventure-for-school-groups-in-sundsvall\/#primaryimage","url":"https:\/\/hogtlagt.se\/sundsvall\/wp-content\/uploads\/sites\/5\/2022\/03\/hogtochlagt-01-low-2018-scaled.jpg","contentUrl":"https:\/\/hogtlagt.se\/sundsvall\/wp-content\/uploads\/sites\/5\/2022\/03\/hogtochlagt-01-low-2018-scaled.jpg","width":2560,"height":1707,"caption":"Tv\u00e5 kompisar h\u00e5ller om varandra och str\u00e4cker upp h\u00e4nderna i luften, de \u00e4r mycket n\u00f6jda med att ha klarat av banorna"},{"@type":"BreadcrumbList","@id":"https:\/\/hogtlagt.se\/sundsvall\/en\/climbing-park-for-groups-corporate-events-in-sundsvall\/climbing-adventure-for-school-groups-in-sundsvall\/#breadcrumb","itemListElement":[{"@type":"ListItem","position":1,"name":"Hem","item":"https:\/\/hogtlagt.se\/sundsvall\/"},{"@type":"ListItem","position":2,"name":"Climbing park for Groups &#038; Corporate events in Sundsvall","item":"https:\/\/hogtlagt.se\/sundsvall\/en\/climbing-park-for-groups-corporate-events-in-sundsvall\/"},{"@type":"ListItem","position":3,"name":"Climbing &#038; Adventure for School Groups in Sundsvall"}]},{"@type":"WebSite","@id":"https:\/\/hogtlagt.se\/sundsvall\/#website","url":"https:\/\/hogtlagt.se\/sundsvall\/","name":"H\u00f6gt &amp; L\u00e5gt Sundsvall","description":"","potentialAction":[{"@type":"SearchAction","target":{"@type":"EntryPoint","urlTemplate":"https:\/\/hogtlagt.se\/sundsvall\/?s={search_term_string}"},"query-input":{"@type":"PropertyValueSpecification","valueRequired":true,"valueName":"search_term_string"}}],"inLanguage":"sv-SE"}]}},"_links":{"self":[{"href":"https:\/\/hogtlagt.se\/sundsvall\/wp-json\/wp\/v2\/pages\/746","targetHints":{"allow":["GET"]}}],"collection":[{"href":"https:\/\/hogtlagt.se\/sundsvall\/wp-json\/wp\/v2\/pages"}],"about":[{"href":"https:\/\/hogtlagt.se\/sundsvall\/wp-json\/wp\/v2\/types\/page"}],"author":[{"embeddable":true,"href":"https:\/\/hogtlagt.se\/sundsvall\/wp-json\/wp\/v2\/users\/6"}],"replies":[{"embeddable":true,"href":"https:\/\/hogtlagt.se\/sundsvall\/wp-json\/wp\/v2\/comments?post=746"}],"version-history":[{"count":8,"href":"https:\/\/hogtlagt.se\/sundsvall\/wp-json\/wp\/v2\/pages\/746\/revisions"}],"predecessor-version":[{"id":2582,"href":"https:\/\/hogtlagt.se\/sundsvall\/wp-json\/wp\/v2\/pages\/746\/revisions\/2582"}],"up":[{"embeddable":true,"href":"https:\/\/hogtlagt.se\/sundsvall\/wp-json\/wp\/v2\/pages\/762"}],"wp:featuredmedia":[{"embeddable":true,"href":"https:\/\/hogtlagt.se\/sundsvall\/wp-json\/wp\/v2\/media\/1791"}],"wp:attachment":[{"href":"https:\/\/hogtlagt.se\/sundsvall\/wp-json\/wp\/v2\/media?parent=746"}],"curies":[{"name":"wp","href":"https:\/\/api.w.org\/{rel}","templated":true}]}}