{"id":717,"date":"2021-11-23T09:44:58","date_gmt":"2021-11-23T08:44:58","guid":{"rendered":"https:\/\/hogtlagt.se\/sundsvall\/?page_id=717"},"modified":"2023-12-28T13:31:19","modified_gmt":"2023-12-28T12:31:19","slug":"directions-to-the-climbingpark-in-sundsvall","status":"publish","type":"page","link":"https:\/\/hogtlagt.se\/sundsvall\/en\/before-your-visit\/directions-to-the-climbingpark-in-sundsvall\/","title":{"rendered":"Directions to the climbingpark in Sundsvall"},"content":{"rendered":"\n<div class=\"wp-block-cover alignfull\" style=\"min-height:600px;aspect-ratio:unset;\"><span aria-hidden=\"true\" class=\"wp-block-cover__background has-background-dim-20 has-background-dim\"><\/span><img loading=\"lazy\" decoding=\"async\" width=\"2560\" height=\"1920\" class=\"wp-block-cover__image-background wp-image-2176\" alt=\"\" src=\"https:\/\/hogtlagt.se\/sundsvall\/wp-content\/uploads\/sites\/5\/2023\/10\/Va\u0308gbeskrivning-1-scaled.jpg\" style=\"object-position:54% 75%\" data-object-fit=\"cover\" data-object-position=\"54% 75%\" srcset=\"https:\/\/hogtlagt.se\/sundsvall\/wp-content\/uploads\/sites\/5\/2023\/10\/Va\u0308gbeskrivning-1-scaled.jpg 2560w, https:\/\/hogtlagt.se\/sundsvall\/wp-content\/uploads\/sites\/5\/2023\/10\/Va\u0308gbeskrivning-1-300x225.jpg 300w, https:\/\/hogtlagt.se\/sundsvall\/wp-content\/uploads\/sites\/5\/2023\/10\/Va\u0308gbeskrivning-1-1024x768.jpg 1024w, https:\/\/hogtlagt.se\/sundsvall\/wp-content\/uploads\/sites\/5\/2023\/10\/Va\u0308gbeskrivning-1-768x576.jpg 768w, https:\/\/hogtlagt.se\/sundsvall\/wp-content\/uploads\/sites\/5\/2023\/10\/Va\u0308gbeskrivning-1-1536x1152.jpg 1536w, https:\/\/hogtlagt.se\/sundsvall\/wp-content\/uploads\/sites\/5\/2023\/10\/Va\u0308gbeskrivning-1-2048x1536.jpg 2048w\" sizes=\"auto, (max-width: 2560px) 100vw, 2560px\" \/><div class=\"wp-block-cover__inner-container has-global-padding is-layout-constrained wp-block-cover-is-layout-constrained\">\n<h2 class=\"wp-block-heading has-text-align-center\" style=\"font-size:55px\">Find us<\/h2>\n<\/div><\/div>\n\n\n\n<div style=\"height:100px\" aria-hidden=\"true\" class=\"wp-block-spacer\"><\/div>\n\n\n\n<h2 class=\"wp-block-heading has-medium-font-size\">Here you find H\u00f6gt &amp; L\u00e5gt Sundsvall<\/h2>\n\n\n\n    <div class=\"icon-list\">\n\n            \n        <div class=\"icon-list-item\">\n            <div class=\"il-img\">\n                <img decoding=\"async\" src=\"https:\/\/hogtlagt.se\/sundsvall\/wp-content\/uploads\/sites\/5\/2020\/03\/HL-ikon-11.svg\" class=\"attachment-icon size-icon\" alt=\"\" \/>            <\/div>\n            <div class=\"icon-list-content\">\n                <h3>Adress<\/h3>\n                <p><span class=\"TextRun SCXW252578172 BCX0\" lang=\"EN-GB\" xml:lang=\"EN-GB\" data-contrast=\"auto\"><span class=\"NormalTextRun SCXW252578172 BCX0\">You find us at<\/span><span class=\"NormalTextRun SCXW252578172 BCX0\">:<\/span><\/span><span class=\"LineBreakBlob BlobObject DragDrop SCXW252578172 BCX0\"><span class=\"SCXW252578172 BCX0\">\u00a0<\/span><br class=\"SCXW252578172 BCX0\" \/><\/span><span class=\"TextRun SCXW252578172 BCX0\" lang=\"EN-GB\" xml:lang=\"EN-GB\" data-contrast=\"auto\"><span class=\"NormalTextRun SCXW252578172 BCX0\">S\u00f6dra\u00a0<\/span><span class=\"SpellingError SCXW252578172 BCX0\">Stadsberget<\/span><span class=\"NormalTextRun SCXW252578172 BCX0\">\u00a011, 852 38\u00a0<\/span><span class=\"NormalTextRun SCXW252578172 BCX0\">S<\/span><span class=\"NormalTextRun SCXW252578172 BCX0\">undsvall.\u00a0<\/span><\/span><span class=\"LineBreakBlob BlobObject DragDrop SCXW252578172 BCX0\"><span class=\"SCXW252578172 BCX0\">\u00a0<\/span><br class=\"SCXW252578172 BCX0\" \/><\/span><span class=\"TextRun SCXW252578172 BCX0\" lang=\"EN-GB\" xml:lang=\"EN-GB\" data-contrast=\"auto\"><span class=\"NormalTextRun SCXW252578172 BCX0\">We use the same parking as S\u00f6dra Berget outdoor ac<\/span><span class=\"NormalTextRun SCXW252578172 BCX0\">t<\/span><span class=\"NormalTextRun SCXW252578172 BCX0\">ivity area, a<\/span><span class=\"NormalTextRun SCXW252578172 BCX0\">nd there is a large sign &#8221;Friluftscentrum&#8221; out by the road when you arrive. If you arrive at the hotel, then you have gone too far, turn around and go back around 300 meters.\u00a0 <\/span><\/span><span class=\"EOP SCXW252578172 BCX0\" data-ccp-props=\"{\">\u00a0<\/span><\/p>\n            <\/div>\n        <\/div>\n\n                    <hr>\n                    \n        <div class=\"icon-list-item\">\n            <div class=\"il-img\">\n                <img decoding=\"async\" src=\"https:\/\/hogtlagt.se\/sundsvall\/wp-content\/uploads\/sites\/5\/2020\/03\/HL-ikon-11.svg\" class=\"attachment-icon size-icon\" alt=\"\" \/>            <\/div>\n            <div class=\"icon-list-content\">\n                <h3>Map<\/h3>\n                <p><a href=\"https:\/\/www.google.com\/maps\/place\/H%C3%B6gt+%26+L%C3%A5gt+Sundsvall+-+Kl%C3%A4tterpark%2FH%C3%B6gh%C3%B6jdsbana\/@62.367031,17.3132514,15z\/data=!4m6!3m5!1s0x466467b4fae0e16f:0xae6dc207e46d2561!8m2!3d62.367031!4d17.3132514!16s%2Fg%2F11hfsnwhx0?entry=ttu\" target=\"_blank\" rel=\"noopener\">Google Maps<\/a><\/p>\n            <\/div>\n        <\/div>\n\n                    <hr>\n                    \n        <div class=\"icon-list-item\">\n            <div class=\"il-img\">\n                <img decoding=\"async\" src=\"https:\/\/hogtlagt.se\/sundsvall\/wp-content\/uploads\/sites\/5\/2020\/03\/HL-ikon-11.svg\" class=\"attachment-icon size-icon\" alt=\"\" \/>            <\/div>\n            <div class=\"icon-list-content\">\n                <h3>By car<\/h3>\n                <p><span data-contrast=\"auto\">If\u00a0you\u00a0come from the\u00a0south\u00a0(G\u00e4vle, Stockholm),\u00a0follow\u00a0the E4\u00a0towards\u00a0Sundsvall.\u00a0After\u00a0the\u00a0central\u00a0railway\u00a0station,\u00a0turn\u00a0left\u00a0at the\u00a0four-way\u00a0intersection\u00a0and\u00a0follow\u00a0the\u00a0sign\u00a0\u201cS:a\u00a0Stadsberget\u201d<\/span><span data-ccp-props=\"{\">\u00a0<\/span><\/p>\n<p><span data-contrast=\"auto\">If\u00a0you\u00a0come from the\u00a0north\u00a0(H\u00e4rn\u00f6sand),\u00a0follow\u00a0the E4\u00a0towards\u00a0Sundsvall and exit right\u00a0when\u00a0it\u00a0says\u00a0\u201cSundsvall central\u201d.\u00a0Follow\u00a0the road\u00a0along\u00a0the\u00a0harbour\u00a0until\u00a0the\u00a0intersection\u00a0\u201cK\u00f6pmangatan\u201d.\u00a0From\u00a0here,\u00a0follow\u00a0the\u00a0signs\u00a0\u201cS:a\u00a0Stadsberet\u201d\u00a0\u00a0<\/span><span data-ccp-props=\"{\">\u00a0<\/span><\/p>\n<p><span data-contrast=\"auto\">If you come from the west (\u00d6stersund) follow the E14-Bergsgatan\u00a0towards Sundsvall. Turn right to \u201cNybrogatan\u201d where a sign says \u201cS:a\u00a0Stadsberget\u201d (you have a OKQ8 gas station on your\u00a0left-hand\u00a0side)\u00a0<\/span><span data-ccp-props=\"{\">\u00a0<\/span><\/p>\n            <\/div>\n        <\/div>\n\n                    <hr>\n                    \n        <div class=\"icon-list-item\">\n            <div class=\"il-img\">\n                <img decoding=\"async\" src=\"https:\/\/hogtlagt.se\/sundsvall\/wp-content\/uploads\/sites\/5\/2020\/03\/HL-ikon-11.svg\" class=\"attachment-icon size-icon\" alt=\"\" \/>            <\/div>\n            <div class=\"icon-list-content\">\n                <h3>By train or bus<\/h3>\n                <p><span class=\"TextRun SCXW16613135 BCX0\" lang=\"EN-GB\" xml:lang=\"EN-GB\" data-contrast=\"auto\"><span class=\"NormalTextRun SCXW16613135 BCX0\">You can go by bus<\/span><span class=\"NormalTextRun SCXW16613135 BCX0\">\u00a0no 71. However, you have to book at ticket at least one hour before you want to go. You book your ticket by calling 060-138945. The bus\u00a0<\/span><span class=\"NormalTextRun SCXW16613135 BCX0\">starts at Navet, the current bus<\/span><span class=\"NormalTextRun SCXW16613135 BCX0\">\u00a0s<\/span><span class=\"NormalTextRun SCXW16613135 BCX0\">tation, which is a\u00a0<\/span><span class=\"NormalTextRun SCXW16613135 BCX0\">five-minute<\/span><span class=\"NormalTextRun SCXW16613135 BCX0\">\u00a0walk from the central s<\/span><span class=\"NormalTextRun SCXW16613135 BCX0\">t<\/span><span class=\"NormalTextRun SCXW16613135 BCX0\">ation.\u00a0<\/span><\/span><span class=\"EOP SCXW16613135 BCX0\" data-ccp-props=\"{\">\u00a0<\/span><\/p>\n            <\/div>\n        <\/div>\n\n                    <hr>\n            \n    <\/div>\n\n    \n\n\n<div style=\"height:100px\" aria-hidden=\"true\" class=\"wp-block-spacer\"><\/div>\n\n\n\n<div class=\"wp-block-cover alignfull\" style=\"min-height:376px;aspect-ratio:unset;\"><span aria-hidden=\"true\" class=\"wp-block-cover__background has-background-dim\"><\/span><img loading=\"lazy\" decoding=\"async\" width=\"2048\" height=\"1365\" class=\"wp-block-cover__image-background wp-image-2265\" alt=\"\" src=\"https:\/\/hogtlagt.se\/sundsvall\/wp-content\/uploads\/sites\/5\/2023\/12\/Hogt-Lagt-WEBB-1235.jpg\" style=\"object-position:50% 66%\" data-object-fit=\"cover\" data-object-position=\"50% 66%\" srcset=\"https:\/\/hogtlagt.se\/sundsvall\/wp-content\/uploads\/sites\/5\/2023\/12\/Hogt-Lagt-WEBB-1235.jpg 2048w, https:\/\/hogtlagt.se\/sundsvall\/wp-content\/uploads\/sites\/5\/2023\/12\/Hogt-Lagt-WEBB-1235-300x200.jpg 300w, https:\/\/hogtlagt.se\/sundsvall\/wp-content\/uploads\/sites\/5\/2023\/12\/Hogt-Lagt-WEBB-1235-1024x683.jpg 1024w, https:\/\/hogtlagt.se\/sundsvall\/wp-content\/uploads\/sites\/5\/2023\/12\/Hogt-Lagt-WEBB-1235-768x512.jpg 768w, https:\/\/hogtlagt.se\/sundsvall\/wp-content\/uploads\/sites\/5\/2023\/12\/Hogt-Lagt-WEBB-1235-1536x1024.jpg 1536w\" sizes=\"auto, (max-width: 2048px) 100vw, 2048px\" \/><div class=\"wp-block-cover__inner-container has-global-padding is-layout-constrained wp-block-cover-is-layout-constrained\">\n<p class=\"has-text-align-center\" style=\"font-size:25px\">Everything we do stems from our fundamental values\u00a0<em>Thorough, Safe, Innovative, Including<\/em>\u00a0and\u00a0<em>Challenging<\/em>. We are passionate, we work hard, we care about the experience of each single visitor, we take part in the development of this industry and we have SO much fun along the way!<\/p>\n<\/div><\/div>\n","protected":false},"excerpt":{"rendered":"<p>Here you find H\u00f6gt &amp; L\u00e5gt Sundsvall<\/p>\n","protected":false},"author":6,"featured_media":2176,"parent":755,"menu_order":3,"comment_status":"closed","ping_status":"closed","template":"templates\/empty.php","meta":{"_acf_changed":false,"inline_featured_image":false,"footnotes":""},"class_list":["post-717","page","type-page","status-publish","has-post-thumbnail"],"acf":[],"yoast_head":"<!-- This site is optimized with the Yoast SEO plugin v26.1.1 - https:\/\/yoast.com\/wordpress\/plugins\/seo\/ -->\n<title>Directions to the climbingpark in Sundsvall - H\u00f6gt &amp; L\u00e5gt Sundsvall<\/title>\n<meta name=\"robots\" content=\"index, follow, max-snippet:-1, max-image-preview:large, max-video-preview:-1\" \/>\n<link rel=\"canonical\" href=\"https:\/\/hogtlagt.se\/sundsvall\/en\/before-your-visit\/directions-to-the-climbingpark-in-sundsvall\/\" \/>\n<meta property=\"og:locale\" content=\"sv_SE\" \/>\n<meta property=\"og:type\" content=\"article\" \/>\n<meta property=\"og:title\" content=\"Directions to the climbingpark in Sundsvall - H\u00f6gt &amp; L\u00e5gt Sundsvall\" \/>\n<meta property=\"og:description\" content=\"Here you find H\u00f6gt &amp; L\u00e5gt Sundsvall\" \/>\n<meta property=\"og:url\" content=\"https:\/\/hogtlagt.se\/sundsvall\/en\/before-your-visit\/directions-to-the-climbingpark-in-sundsvall\/\" \/>\n<meta property=\"og:site_name\" content=\"H\u00f6gt &amp; L\u00e5gt Sundsvall\" \/>\n<meta property=\"article:modified_time\" content=\"2023-12-28T12:31:19+00:00\" \/>\n<meta property=\"og:image\" content=\"https:\/\/hogtlagt.se\/sundsvall\/wp-content\/uploads\/sites\/5\/2023\/10\/Va\u0308gbeskrivning-1-scaled.jpg\" \/>\n\t<meta property=\"og:image:width\" content=\"2560\" \/>\n\t<meta property=\"og:image:height\" content=\"1920\" \/>\n\t<meta property=\"og:image:type\" content=\"image\/jpeg\" \/>\n<meta name=\"twitter:card\" content=\"summary_large_image\" \/>\n<meta name=\"twitter:label1\" content=\"Ber\u00e4knad l\u00e4stid\" \/>\n\t<meta name=\"twitter:data1\" content=\"1 minut\" \/>\n<script type=\"application\/ld+json\" class=\"yoast-schema-graph\">{\"@context\":\"https:\/\/schema.org\",\"@graph\":[{\"@type\":\"WebPage\",\"@id\":\"https:\/\/hogtlagt.se\/sundsvall\/en\/before-your-visit\/directions-to-the-climbingpark-in-sundsvall\/\",\"url\":\"https:\/\/hogtlagt.se\/sundsvall\/en\/before-your-visit\/directions-to-the-climbingpark-in-sundsvall\/\",\"name\":\"Directions to the climbingpark in Sundsvall - H\u00f6gt &amp; L\u00e5gt Sundsvall\",\"isPartOf\":{\"@id\":\"https:\/\/hogtlagt.se\/sundsvall\/#website\"},\"primaryImageOfPage\":{\"@id\":\"https:\/\/hogtlagt.se\/sundsvall\/en\/before-your-visit\/directions-to-the-climbingpark-in-sundsvall\/#primaryimage\"},\"image\":{\"@id\":\"https:\/\/hogtlagt.se\/sundsvall\/en\/before-your-visit\/directions-to-the-climbingpark-in-sundsvall\/#primaryimage\"},\"thumbnailUrl\":\"https:\/\/hogtlagt.se\/sundsvall\/wp-content\/uploads\/sites\/5\/2023\/10\/Va\u0308gbeskrivning-1-scaled.jpg\",\"datePublished\":\"2021-11-23T08:44:58+00:00\",\"dateModified\":\"2023-12-28T12:31:19+00:00\",\"breadcrumb\":{\"@id\":\"https:\/\/hogtlagt.se\/sundsvall\/en\/before-your-visit\/directions-to-the-climbingpark-in-sundsvall\/#breadcrumb\"},\"inLanguage\":\"sv-SE\",\"potentialAction\":[{\"@type\":\"ReadAction\",\"target\":[\"https:\/\/hogtlagt.se\/sundsvall\/en\/before-your-visit\/directions-to-the-climbingpark-in-sundsvall\/\"]}]},{\"@type\":\"ImageObject\",\"inLanguage\":\"sv-SE\",\"@id\":\"https:\/\/hogtlagt.se\/sundsvall\/en\/before-your-visit\/directions-to-the-climbingpark-in-sundsvall\/#primaryimage\",\"url\":\"https:\/\/hogtlagt.se\/sundsvall\/wp-content\/uploads\/sites\/5\/2023\/10\/Va\u0308gbeskrivning-1-scaled.jpg\",\"contentUrl\":\"https:\/\/hogtlagt.se\/sundsvall\/wp-content\/uploads\/sites\/5\/2023\/10\/Va\u0308gbeskrivning-1-scaled.jpg\",\"width\":2560,\"height\":1920,\"caption\":\"Vacker bild p\u00e5 stig i parken d\u00e4r solen str\u00e5lar ner mellan tr\u00e4den\"},{\"@type\":\"BreadcrumbList\",\"@id\":\"https:\/\/hogtlagt.se\/sundsvall\/en\/before-your-visit\/directions-to-the-climbingpark-in-sundsvall\/#breadcrumb\",\"itemListElement\":[{\"@type\":\"ListItem\",\"position\":1,\"name\":\"Hem\",\"item\":\"https:\/\/hogtlagt.se\/sundsvall\/\"},{\"@type\":\"ListItem\",\"position\":2,\"name\":\"Before your visit\",\"item\":\"https:\/\/hogtlagt.se\/sundsvall\/en\/before-your-visit\/\"},{\"@type\":\"ListItem\",\"position\":3,\"name\":\"Directions to the climbingpark in Sundsvall\"}]},{\"@type\":\"WebSite\",\"@id\":\"https:\/\/hogtlagt.se\/sundsvall\/#website\",\"url\":\"https:\/\/hogtlagt.se\/sundsvall\/\",\"name\":\"H\u00f6gt &amp; L\u00e5gt Sundsvall\",\"description\":\"\",\"potentialAction\":[{\"@type\":\"SearchAction\",\"target\":{\"@type\":\"EntryPoint\",\"urlTemplate\":\"https:\/\/hogtlagt.se\/sundsvall\/?s={search_term_string}\"},\"query-input\":{\"@type\":\"PropertyValueSpecification\",\"valueRequired\":true,\"valueName\":\"search_term_string\"}}],\"inLanguage\":\"sv-SE\"}]}<\/script>\n<!-- \/ Yoast SEO plugin. -->","yoast_head_json":{"title":"Directions to the climbingpark in Sundsvall - H\u00f6gt &amp; L\u00e5gt Sundsvall","robots":{"index":"index","follow":"follow","max-snippet":"max-snippet:-1","max-image-preview":"max-image-preview:large","max-video-preview":"max-video-preview:-1"},"canonical":"https:\/\/hogtlagt.se\/sundsvall\/en\/before-your-visit\/directions-to-the-climbingpark-in-sundsvall\/","og_locale":"sv_SE","og_type":"article","og_title":"Directions to the climbingpark in Sundsvall - H\u00f6gt &amp; L\u00e5gt Sundsvall","og_description":"Here you find H\u00f6gt &amp; L\u00e5gt Sundsvall","og_url":"https:\/\/hogtlagt.se\/sundsvall\/en\/before-your-visit\/directions-to-the-climbingpark-in-sundsvall\/","og_site_name":"H\u00f6gt &amp; L\u00e5gt Sundsvall","article_modified_time":"2023-12-28T12:31:19+00:00","og_image":[{"width":2560,"height":1920,"url":"https:\/\/hogtlagt.se\/sundsvall\/wp-content\/uploads\/sites\/5\/2023\/10\/Va\u0308gbeskrivning-1-scaled.jpg","type":"image\/jpeg"}],"twitter_card":"summary_large_image","twitter_misc":{"Ber\u00e4knad l\u00e4stid":"1 minut"},"schema":{"@context":"https:\/\/schema.org","@graph":[{"@type":"WebPage","@id":"https:\/\/hogtlagt.se\/sundsvall\/en\/before-your-visit\/directions-to-the-climbingpark-in-sundsvall\/","url":"https:\/\/hogtlagt.se\/sundsvall\/en\/before-your-visit\/directions-to-the-climbingpark-in-sundsvall\/","name":"Directions to the climbingpark in Sundsvall - H\u00f6gt &amp; L\u00e5gt Sundsvall","isPartOf":{"@id":"https:\/\/hogtlagt.se\/sundsvall\/#website"},"primaryImageOfPage":{"@id":"https:\/\/hogtlagt.se\/sundsvall\/en\/before-your-visit\/directions-to-the-climbingpark-in-sundsvall\/#primaryimage"},"image":{"@id":"https:\/\/hogtlagt.se\/sundsvall\/en\/before-your-visit\/directions-to-the-climbingpark-in-sundsvall\/#primaryimage"},"thumbnailUrl":"https:\/\/hogtlagt.se\/sundsvall\/wp-content\/uploads\/sites\/5\/2023\/10\/Va\u0308gbeskrivning-1-scaled.jpg","datePublished":"2021-11-23T08:44:58+00:00","dateModified":"2023-12-28T12:31:19+00:00","breadcrumb":{"@id":"https:\/\/hogtlagt.se\/sundsvall\/en\/before-your-visit\/directions-to-the-climbingpark-in-sundsvall\/#breadcrumb"},"inLanguage":"sv-SE","potentialAction":[{"@type":"ReadAction","target":["https:\/\/hogtlagt.se\/sundsvall\/en\/before-your-visit\/directions-to-the-climbingpark-in-sundsvall\/"]}]},{"@type":"ImageObject","inLanguage":"sv-SE","@id":"https:\/\/hogtlagt.se\/sundsvall\/en\/before-your-visit\/directions-to-the-climbingpark-in-sundsvall\/#primaryimage","url":"https:\/\/hogtlagt.se\/sundsvall\/wp-content\/uploads\/sites\/5\/2023\/10\/Va\u0308gbeskrivning-1-scaled.jpg","contentUrl":"https:\/\/hogtlagt.se\/sundsvall\/wp-content\/uploads\/sites\/5\/2023\/10\/Va\u0308gbeskrivning-1-scaled.jpg","width":2560,"height":1920,"caption":"Vacker bild p\u00e5 stig i parken d\u00e4r solen str\u00e5lar ner mellan tr\u00e4den"},{"@type":"BreadcrumbList","@id":"https:\/\/hogtlagt.se\/sundsvall\/en\/before-your-visit\/directions-to-the-climbingpark-in-sundsvall\/#breadcrumb","itemListElement":[{"@type":"ListItem","position":1,"name":"Hem","item":"https:\/\/hogtlagt.se\/sundsvall\/"},{"@type":"ListItem","position":2,"name":"Before your visit","item":"https:\/\/hogtlagt.se\/sundsvall\/en\/before-your-visit\/"},{"@type":"ListItem","position":3,"name":"Directions to the climbingpark in Sundsvall"}]},{"@type":"WebSite","@id":"https:\/\/hogtlagt.se\/sundsvall\/#website","url":"https:\/\/hogtlagt.se\/sundsvall\/","name":"H\u00f6gt &amp; L\u00e5gt Sundsvall","description":"","potentialAction":[{"@type":"SearchAction","target":{"@type":"EntryPoint","urlTemplate":"https:\/\/hogtlagt.se\/sundsvall\/?s={search_term_string}"},"query-input":{"@type":"PropertyValueSpecification","valueRequired":true,"valueName":"search_term_string"}}],"inLanguage":"sv-SE"}]}},"_links":{"self":[{"href":"https:\/\/hogtlagt.se\/sundsvall\/wp-json\/wp\/v2\/pages\/717","targetHints":{"allow":["GET"]}}],"collection":[{"href":"https:\/\/hogtlagt.se\/sundsvall\/wp-json\/wp\/v2\/pages"}],"about":[{"href":"https:\/\/hogtlagt.se\/sundsvall\/wp-json\/wp\/v2\/types\/page"}],"author":[{"embeddable":true,"href":"https:\/\/hogtlagt.se\/sundsvall\/wp-json\/wp\/v2\/users\/6"}],"replies":[{"embeddable":true,"href":"https:\/\/hogtlagt.se\/sundsvall\/wp-json\/wp\/v2\/comments?post=717"}],"version-history":[{"count":15,"href":"https:\/\/hogtlagt.se\/sundsvall\/wp-json\/wp\/v2\/pages\/717\/revisions"}],"predecessor-version":[{"id":2344,"href":"https:\/\/hogtlagt.se\/sundsvall\/wp-json\/wp\/v2\/pages\/717\/revisions\/2344"}],"up":[{"embeddable":true,"href":"https:\/\/hogtlagt.se\/sundsvall\/wp-json\/wp\/v2\/pages\/755"}],"wp:featuredmedia":[{"embeddable":true,"href":"https:\/\/hogtlagt.se\/sundsvall\/wp-json\/wp\/v2\/media\/2176"}],"wp:attachment":[{"href":"https:\/\/hogtlagt.se\/sundsvall\/wp-json\/wp\/v2\/media?parent=717"}],"curies":[{"name":"wp","href":"https:\/\/api.w.org\/{rel}","templated":true}]}}