{"id":659,"date":"2021-11-16T11:34:53","date_gmt":"2021-11-16T10:34:53","guid":{"rendered":"https:\/\/hogtlagt.se\/sundsvall\/?page_id=659"},"modified":"2023-12-28T13:04:23","modified_gmt":"2023-12-28T12:04:23","slug":"other-activities","status":"publish","type":"page","link":"https:\/\/hogtlagt.se\/sundsvall\/en\/the-climbing-park\/other-activities\/","title":{"rendered":"Other activities"},"content":{"rendered":"\n<div class=\"wp-block-cover alignfull\" style=\"min-height:600px;aspect-ratio:unset;\"><span aria-hidden=\"true\" class=\"wp-block-cover__background has-background-dim-10 has-background-dim\"><\/span><img loading=\"lazy\" decoding=\"async\" width=\"2560\" height=\"1707\" class=\"wp-block-cover__image-background wp-image-2166\" alt=\"\" src=\"https:\/\/hogtlagt.se\/sundsvall\/wp-content\/uploads\/sites\/5\/2023\/10\/Andra-aktiviteter-1-scaled.jpg\" data-object-fit=\"cover\" srcset=\"https:\/\/hogtlagt.se\/sundsvall\/wp-content\/uploads\/sites\/5\/2023\/10\/Andra-aktiviteter-1-scaled.jpg 2560w, https:\/\/hogtlagt.se\/sundsvall\/wp-content\/uploads\/sites\/5\/2023\/10\/Andra-aktiviteter-1-300x200.jpg 300w, https:\/\/hogtlagt.se\/sundsvall\/wp-content\/uploads\/sites\/5\/2023\/10\/Andra-aktiviteter-1-1024x683.jpg 1024w, https:\/\/hogtlagt.se\/sundsvall\/wp-content\/uploads\/sites\/5\/2023\/10\/Andra-aktiviteter-1-768x512.jpg 768w, https:\/\/hogtlagt.se\/sundsvall\/wp-content\/uploads\/sites\/5\/2023\/10\/Andra-aktiviteter-1-1536x1024.jpg 1536w, https:\/\/hogtlagt.se\/sundsvall\/wp-content\/uploads\/sites\/5\/2023\/10\/Andra-aktiviteter-1-2048x1365.jpg 2048w\" sizes=\"auto, (max-width: 2560px) 100vw, 2560px\" \/><div class=\"wp-block-cover__inner-container has-global-padding is-layout-constrained wp-block-cover-is-layout-constrained\">\n<h2 class=\"wp-block-heading has-text-align-center\" style=\"font-size:55px\">Other activities<\/h2>\n<\/div><\/div>\n\n\n\n<div style=\"height:74px\" aria-hidden=\"true\" class=\"wp-block-spacer\"><\/div>\n\n\n\n<h2 class=\"wp-block-heading\">Fun activities at S\u00f6dra Berget<\/h2>\n\n\n\n<div style=\"height:19px\" aria-hidden=\"true\" class=\"wp-block-spacer\"><\/div>\n\n\n\n<div class=\"wp-block-columns is-layout-flex wp-container-core-columns-is-layout-28f84493 wp-block-columns-is-layout-flex\">\n<div class=\"wp-block-column is-layout-flow wp-block-column-is-layout-flow\">\n<h3 class=\"wp-block-heading\"><a href=\"https:\/\/sundsvall.se\/uppleva-och-gora\/friluftsliv-och-natur\/friluftsanlaggningar\/friluftscentrum-sodra-berget\/\">S\u00f6dra Bergets<\/a> <a href=\"https:\/\/sundsvall.se\/uppleva-och-gora\/friluftsliv-och-natur\/friluftsanlaggningar\/friluftscentrum-sodra-berget\/\" target=\"_blank\" rel=\"noreferrer noopener\">Outdoor activity area<\/a><\/h3>\n\n\n\n<p>Our&nbsp;adventure&nbsp;park is located&nbsp;within the S\u00f6dra&nbsp;Bergets&nbsp;outdoor&nbsp;activity&nbsp;area&nbsp;surrounded by beautiful nature and spectacular views.&nbsp;Besides a visit to our park, you can also find nature trails to hike, a&nbsp;fresbee&nbsp;golf course, an outside gym&nbsp;and a&nbsp;childrens&nbsp;playground.&nbsp;<\/p>\n\n\n\n<h3 class=\"wp-block-heading\"><a href=\"https:\/\/sodraberget.se\/\" target=\"_blank\" rel=\"noreferrer noopener\">Hotel S\u00f6dra Berget<\/a><\/h3>\n\n\n\n<p>This hotel offers a spectacular view, a spa area and excellent food. We highly recommend this option if you want a comfortable stay and a nice place to&nbsp;relax in after you gave it&nbsp;your&nbsp;all in our park!&nbsp;<\/p>\n\n\n\n<h3 class=\"wp-block-heading\"><a href=\"https:\/\/sodrabergetbikepark.se\/\" target=\"_blank\" rel=\"noreferrer noopener\">S\u00f6dra Berget Bike Park<\/a><\/h3>\n\n\n\n<p>Downhill cycling where you can take the lift up and then just go for it!&nbsp;<\/p>\n\n\n\n<h3 class=\"wp-block-heading\"><a href=\"https:\/\/www.strikeclub.se\/\" target=\"_blank\" rel=\"noreferrer noopener\">Strike Club<\/a><\/h3>\n\n\n\n<p>An activity centre where you can&nbsp;do&nbsp;bowling,&nbsp;prison island,&nbsp;shuffelborading,&nbsp;lasergame&nbsp;among other things, and of course you can eat&nbsp;in between activities.&nbsp;&nbsp;<\/p>\n<\/div>\n\n\n\n<div class=\"wp-block-column is-layout-flow wp-block-column-is-layout-flow\">\n<figure class=\"wp-block-image size-large\"><img loading=\"lazy\" decoding=\"async\" width=\"1024\" height=\"575\" src=\"https:\/\/hogtlagt.se\/sundsvall\/wp-content\/uploads\/sites\/5\/2022\/02\/Dro\u0308narbilder-16.JPEG-1024x575.jpeg\" alt=\"\" class=\"wp-image-1750\" srcset=\"https:\/\/hogtlagt.se\/sundsvall\/wp-content\/uploads\/sites\/5\/2022\/02\/Dro\u0308narbilder-16.JPEG-1024x575.jpeg 1024w, https:\/\/hogtlagt.se\/sundsvall\/wp-content\/uploads\/sites\/5\/2022\/02\/Dro\u0308narbilder-16.JPEG-300x168.jpeg 300w, https:\/\/hogtlagt.se\/sundsvall\/wp-content\/uploads\/sites\/5\/2022\/02\/Dro\u0308narbilder-16.JPEG-768x431.jpeg 768w, https:\/\/hogtlagt.se\/sundsvall\/wp-content\/uploads\/sites\/5\/2022\/02\/Dro\u0308narbilder-16.JPEG-1536x863.jpeg 1536w, https:\/\/hogtlagt.se\/sundsvall\/wp-content\/uploads\/sites\/5\/2022\/02\/Dro\u0308narbilder-16.JPEG-2048x1150.jpeg 2048w, https:\/\/hogtlagt.se\/sundsvall\/wp-content\/uploads\/sites\/5\/2022\/02\/Dro\u0308narbilder-16.JPEG-370x208.jpeg 370w\" sizes=\"auto, (max-width: 1024px) 100vw, 1024px\" \/><\/figure>\n<\/div>\n<\/div>\n\n\n\n<div style=\"height:100px\" aria-hidden=\"true\" class=\"wp-block-spacer\"><\/div>\n\n\n\n<div class=\"wp-block-cover alignfull\" style=\"min-height:376px;aspect-ratio:unset;\"><span aria-hidden=\"true\" class=\"wp-block-cover__background has-background-dim\"><\/span><img loading=\"lazy\" decoding=\"async\" width=\"2048\" height=\"1365\" class=\"wp-block-cover__image-background wp-image-2265\" alt=\"\" src=\"https:\/\/hogtlagt.se\/sundsvall\/wp-content\/uploads\/sites\/5\/2023\/12\/Hogt-Lagt-WEBB-1235.jpg\" style=\"object-position:50% 66%\" data-object-fit=\"cover\" data-object-position=\"50% 66%\" srcset=\"https:\/\/hogtlagt.se\/sundsvall\/wp-content\/uploads\/sites\/5\/2023\/12\/Hogt-Lagt-WEBB-1235.jpg 2048w, https:\/\/hogtlagt.se\/sundsvall\/wp-content\/uploads\/sites\/5\/2023\/12\/Hogt-Lagt-WEBB-1235-300x200.jpg 300w, https:\/\/hogtlagt.se\/sundsvall\/wp-content\/uploads\/sites\/5\/2023\/12\/Hogt-Lagt-WEBB-1235-1024x683.jpg 1024w, https:\/\/hogtlagt.se\/sundsvall\/wp-content\/uploads\/sites\/5\/2023\/12\/Hogt-Lagt-WEBB-1235-768x512.jpg 768w, https:\/\/hogtlagt.se\/sundsvall\/wp-content\/uploads\/sites\/5\/2023\/12\/Hogt-Lagt-WEBB-1235-1536x1024.jpg 1536w\" sizes=\"auto, (max-width: 2048px) 100vw, 2048px\" \/><div class=\"wp-block-cover__inner-container has-global-padding is-layout-constrained wp-block-cover-is-layout-constrained\">\n<p class=\"has-text-align-center\" style=\"font-size:25px\">Everything we do stems from our fundamental values\u00a0<em>Thorough, Safe, Innovative, Including<\/em>\u00a0and\u00a0<em>Challenging<\/em>. We are passionate, we work hard, we care about the experience of each single visitor, we take part in the development of this industry and we have SO much fun along the way!<\/p>\n<\/div><\/div>\n","protected":false},"excerpt":{"rendered":"<p>Fun activities at S\u00f6dra Berget S\u00f6dra Bergets Outdoor activity area Our&nbsp;adventure&nbsp;park is located&nbsp;within the S\u00f6dra&nbsp;Bergets&nbsp;outdoor&nbsp;activity&nbsp;area&nbsp;surrounded by beautiful nature and spectacular views.&nbsp;Besides a visit to our park, you can also find&#8230;<\/p>\n","protected":false},"author":6,"featured_media":2166,"parent":765,"menu_order":4,"comment_status":"closed","ping_status":"closed","template":"templates\/empty.php","meta":{"_acf_changed":false,"inline_featured_image":false,"footnotes":""},"class_list":["post-659","page","type-page","status-publish","has-post-thumbnail"],"acf":[],"yoast_head":"<!-- This site is optimized with the Yoast SEO plugin v26.1.1 - https:\/\/yoast.com\/wordpress\/plugins\/seo\/ -->\n<title>Other activities - H\u00f6gt &amp; L\u00e5gt Sundsvall -Att g\u00f6ra i sundsvall<\/title>\n<meta name=\"robots\" content=\"index, follow, max-snippet:-1, max-image-preview:large, max-video-preview:-1\" \/>\n<link rel=\"canonical\" href=\"https:\/\/hogtlagt.se\/sundsvall\/en\/the-climbing-park\/other-activities\/\" \/>\n<meta property=\"og:locale\" content=\"sv_SE\" \/>\n<meta property=\"og:type\" content=\"article\" \/>\n<meta property=\"og:title\" content=\"Other activities - H\u00f6gt &amp; L\u00e5gt Sundsvall -Att g\u00f6ra i sundsvall\" \/>\n<meta property=\"og:description\" content=\"Fun activities at S\u00f6dra Berget S\u00f6dra Bergets Outdoor activity area Our&nbsp;adventure&nbsp;park is located&nbsp;within the S\u00f6dra&nbsp;Bergets&nbsp;outdoor&nbsp;activity&nbsp;area&nbsp;surrounded by beautiful nature and spectacular views.&nbsp;Besides a visit to our park, you can also find...\" \/>\n<meta property=\"og:url\" content=\"https:\/\/hogtlagt.se\/sundsvall\/en\/the-climbing-park\/other-activities\/\" \/>\n<meta property=\"og:site_name\" content=\"H\u00f6gt &amp; L\u00e5gt Sundsvall\" \/>\n<meta property=\"article:modified_time\" content=\"2023-12-28T12:04:23+00:00\" \/>\n<meta property=\"og:image\" content=\"https:\/\/hogtlagt.se\/sundsvall\/wp-content\/uploads\/sites\/5\/2023\/10\/Andra-aktiviteter-1-scaled.jpg\" \/>\n\t<meta property=\"og:image:width\" content=\"2560\" \/>\n\t<meta property=\"og:image:height\" content=\"1707\" \/>\n\t<meta property=\"og:image:type\" content=\"image\/jpeg\" \/>\n<meta name=\"twitter:card\" content=\"summary_large_image\" \/>\n<meta name=\"twitter:label1\" content=\"Ber\u00e4knad l\u00e4stid\" \/>\n\t<meta name=\"twitter:data1\" content=\"2 minuter\" \/>\n<script type=\"application\/ld+json\" class=\"yoast-schema-graph\">{\"@context\":\"https:\/\/schema.org\",\"@graph\":[{\"@type\":\"WebPage\",\"@id\":\"https:\/\/hogtlagt.se\/sundsvall\/en\/the-climbing-park\/other-activities\/\",\"url\":\"https:\/\/hogtlagt.se\/sundsvall\/en\/the-climbing-park\/other-activities\/\",\"name\":\"Other activities - H\u00f6gt &amp; L\u00e5gt Sundsvall -Att g\u00f6ra i sundsvall\",\"isPartOf\":{\"@id\":\"https:\/\/hogtlagt.se\/sundsvall\/#website\"},\"primaryImageOfPage\":{\"@id\":\"https:\/\/hogtlagt.se\/sundsvall\/en\/the-climbing-park\/other-activities\/#primaryimage\"},\"image\":{\"@id\":\"https:\/\/hogtlagt.se\/sundsvall\/en\/the-climbing-park\/other-activities\/#primaryimage\"},\"thumbnailUrl\":\"https:\/\/hogtlagt.se\/sundsvall\/wp-content\/uploads\/sites\/5\/2023\/10\/Andra-aktiviteter-1-scaled.jpg\",\"datePublished\":\"2021-11-16T10:34:53+00:00\",\"dateModified\":\"2023-12-28T12:04:23+00:00\",\"breadcrumb\":{\"@id\":\"https:\/\/hogtlagt.se\/sundsvall\/en\/the-climbing-park\/other-activities\/#breadcrumb\"},\"inLanguage\":\"sv-SE\",\"potentialAction\":[{\"@type\":\"ReadAction\",\"target\":[\"https:\/\/hogtlagt.se\/sundsvall\/en\/the-climbing-park\/other-activities\/\"]}]},{\"@type\":\"ImageObject\",\"inLanguage\":\"sv-SE\",\"@id\":\"https:\/\/hogtlagt.se\/sundsvall\/en\/the-climbing-park\/other-activities\/#primaryimage\",\"url\":\"https:\/\/hogtlagt.se\/sundsvall\/wp-content\/uploads\/sites\/5\/2023\/10\/Andra-aktiviteter-1-scaled.jpg\",\"contentUrl\":\"https:\/\/hogtlagt.se\/sundsvall\/wp-content\/uploads\/sites\/5\/2023\/10\/Andra-aktiviteter-1-scaled.jpg\",\"width\":2560,\"height\":1707,\"caption\":\"Glad familj som pratar om hur det var att kl\u00e4ttra i h\u00f6gh\u00f6jdsbanorna\"},{\"@type\":\"BreadcrumbList\",\"@id\":\"https:\/\/hogtlagt.se\/sundsvall\/en\/the-climbing-park\/other-activities\/#breadcrumb\",\"itemListElement\":[{\"@type\":\"ListItem\",\"position\":1,\"name\":\"Hem\",\"item\":\"https:\/\/hogtlagt.se\/sundsvall\/\"},{\"@type\":\"ListItem\",\"position\":2,\"name\":\"The Climbing park\",\"item\":\"https:\/\/hogtlagt.se\/sundsvall\/en\/the-climbing-park\/\"},{\"@type\":\"ListItem\",\"position\":3,\"name\":\"Other activities\"}]},{\"@type\":\"WebSite\",\"@id\":\"https:\/\/hogtlagt.se\/sundsvall\/#website\",\"url\":\"https:\/\/hogtlagt.se\/sundsvall\/\",\"name\":\"H\u00f6gt &amp; L\u00e5gt Sundsvall\",\"description\":\"\",\"potentialAction\":[{\"@type\":\"SearchAction\",\"target\":{\"@type\":\"EntryPoint\",\"urlTemplate\":\"https:\/\/hogtlagt.se\/sundsvall\/?s={search_term_string}\"},\"query-input\":{\"@type\":\"PropertyValueSpecification\",\"valueRequired\":true,\"valueName\":\"search_term_string\"}}],\"inLanguage\":\"sv-SE\"}]}<\/script>\n<!-- \/ Yoast SEO plugin. -->","yoast_head_json":{"title":"Other activities - H\u00f6gt &amp; L\u00e5gt Sundsvall -Att g\u00f6ra i sundsvall","robots":{"index":"index","follow":"follow","max-snippet":"max-snippet:-1","max-image-preview":"max-image-preview:large","max-video-preview":"max-video-preview:-1"},"canonical":"https:\/\/hogtlagt.se\/sundsvall\/en\/the-climbing-park\/other-activities\/","og_locale":"sv_SE","og_type":"article","og_title":"Other activities - H\u00f6gt &amp; L\u00e5gt Sundsvall -Att g\u00f6ra i sundsvall","og_description":"Fun activities at S\u00f6dra Berget S\u00f6dra Bergets Outdoor activity area Our&nbsp;adventure&nbsp;park is located&nbsp;within the S\u00f6dra&nbsp;Bergets&nbsp;outdoor&nbsp;activity&nbsp;area&nbsp;surrounded by beautiful nature and spectacular views.&nbsp;Besides a visit to our park, you can also find...","og_url":"https:\/\/hogtlagt.se\/sundsvall\/en\/the-climbing-park\/other-activities\/","og_site_name":"H\u00f6gt &amp; L\u00e5gt Sundsvall","article_modified_time":"2023-12-28T12:04:23+00:00","og_image":[{"width":2560,"height":1707,"url":"https:\/\/hogtlagt.se\/sundsvall\/wp-content\/uploads\/sites\/5\/2023\/10\/Andra-aktiviteter-1-scaled.jpg","type":"image\/jpeg"}],"twitter_card":"summary_large_image","twitter_misc":{"Ber\u00e4knad l\u00e4stid":"2 minuter"},"schema":{"@context":"https:\/\/schema.org","@graph":[{"@type":"WebPage","@id":"https:\/\/hogtlagt.se\/sundsvall\/en\/the-climbing-park\/other-activities\/","url":"https:\/\/hogtlagt.se\/sundsvall\/en\/the-climbing-park\/other-activities\/","name":"Other activities - H\u00f6gt &amp; L\u00e5gt Sundsvall -Att g\u00f6ra i sundsvall","isPartOf":{"@id":"https:\/\/hogtlagt.se\/sundsvall\/#website"},"primaryImageOfPage":{"@id":"https:\/\/hogtlagt.se\/sundsvall\/en\/the-climbing-park\/other-activities\/#primaryimage"},"image":{"@id":"https:\/\/hogtlagt.se\/sundsvall\/en\/the-climbing-park\/other-activities\/#primaryimage"},"thumbnailUrl":"https:\/\/hogtlagt.se\/sundsvall\/wp-content\/uploads\/sites\/5\/2023\/10\/Andra-aktiviteter-1-scaled.jpg","datePublished":"2021-11-16T10:34:53+00:00","dateModified":"2023-12-28T12:04:23+00:00","breadcrumb":{"@id":"https:\/\/hogtlagt.se\/sundsvall\/en\/the-climbing-park\/other-activities\/#breadcrumb"},"inLanguage":"sv-SE","potentialAction":[{"@type":"ReadAction","target":["https:\/\/hogtlagt.se\/sundsvall\/en\/the-climbing-park\/other-activities\/"]}]},{"@type":"ImageObject","inLanguage":"sv-SE","@id":"https:\/\/hogtlagt.se\/sundsvall\/en\/the-climbing-park\/other-activities\/#primaryimage","url":"https:\/\/hogtlagt.se\/sundsvall\/wp-content\/uploads\/sites\/5\/2023\/10\/Andra-aktiviteter-1-scaled.jpg","contentUrl":"https:\/\/hogtlagt.se\/sundsvall\/wp-content\/uploads\/sites\/5\/2023\/10\/Andra-aktiviteter-1-scaled.jpg","width":2560,"height":1707,"caption":"Glad familj som pratar om hur det var att kl\u00e4ttra i h\u00f6gh\u00f6jdsbanorna"},{"@type":"BreadcrumbList","@id":"https:\/\/hogtlagt.se\/sundsvall\/en\/the-climbing-park\/other-activities\/#breadcrumb","itemListElement":[{"@type":"ListItem","position":1,"name":"Hem","item":"https:\/\/hogtlagt.se\/sundsvall\/"},{"@type":"ListItem","position":2,"name":"The Climbing park","item":"https:\/\/hogtlagt.se\/sundsvall\/en\/the-climbing-park\/"},{"@type":"ListItem","position":3,"name":"Other activities"}]},{"@type":"WebSite","@id":"https:\/\/hogtlagt.se\/sundsvall\/#website","url":"https:\/\/hogtlagt.se\/sundsvall\/","name":"H\u00f6gt &amp; L\u00e5gt Sundsvall","description":"","potentialAction":[{"@type":"SearchAction","target":{"@type":"EntryPoint","urlTemplate":"https:\/\/hogtlagt.se\/sundsvall\/?s={search_term_string}"},"query-input":{"@type":"PropertyValueSpecification","valueRequired":true,"valueName":"search_term_string"}}],"inLanguage":"sv-SE"}]}},"_links":{"self":[{"href":"https:\/\/hogtlagt.se\/sundsvall\/wp-json\/wp\/v2\/pages\/659","targetHints":{"allow":["GET"]}}],"collection":[{"href":"https:\/\/hogtlagt.se\/sundsvall\/wp-json\/wp\/v2\/pages"}],"about":[{"href":"https:\/\/hogtlagt.se\/sundsvall\/wp-json\/wp\/v2\/types\/page"}],"author":[{"embeddable":true,"href":"https:\/\/hogtlagt.se\/sundsvall\/wp-json\/wp\/v2\/users\/6"}],"replies":[{"embeddable":true,"href":"https:\/\/hogtlagt.se\/sundsvall\/wp-json\/wp\/v2\/comments?post=659"}],"version-history":[{"count":4,"href":"https:\/\/hogtlagt.se\/sundsvall\/wp-json\/wp\/v2\/pages\/659\/revisions"}],"predecessor-version":[{"id":2332,"href":"https:\/\/hogtlagt.se\/sundsvall\/wp-json\/wp\/v2\/pages\/659\/revisions\/2332"}],"up":[{"embeddable":true,"href":"https:\/\/hogtlagt.se\/sundsvall\/wp-json\/wp\/v2\/pages\/765"}],"wp:featuredmedia":[{"embeddable":true,"href":"https:\/\/hogtlagt.se\/sundsvall\/wp-json\/wp\/v2\/media\/2166"}],"wp:attachment":[{"href":"https:\/\/hogtlagt.se\/sundsvall\/wp-json\/wp\/v2\/media?parent=659"}],"curies":[{"name":"wp","href":"https:\/\/api.w.org\/{rel}","templated":true}]}}