{"id":2460,"date":"2024-04-15T21:26:13","date_gmt":"2024-04-15T19:26:13","guid":{"rendered":"https:\/\/hogtlagt.se\/sundsvall\/?page_id=2460"},"modified":"2024-06-17T15:47:50","modified_gmt":"2024-06-17T13:47:50","slug":"forening-forsamling","status":"publish","type":"page","link":"https:\/\/hogtlagt.se\/sundsvall\/grupper-foretag\/forening-forsamling\/","title":{"rendered":"Kl\u00e4ttring &#038; \u00c4ventyr f\u00f6r F\u00f6rening och F\u00f6rsamling"},"content":{"rendered":"\n<div id=\"hero-block_55e5b430f0d19072daae643a09e95f7f\" class=\"hero-block alignfull\">\n\n    <div class=\"hero-block__background\">\n                    <div class=\"hero-block__bg\">\n                                    <img decoding=\"async\" src=\"https:\/\/hogtlagt.se\/sundsvall\/wp-content\/uploads\/sites\/5\/2024\/04\/NP0A5142.jpg\" alt=\"\">\n                            <\/div>\n            <\/div>\n\n    <div class=\"hero-block__content\">\n        <div class=\"acf-innerblocks-container\">\n\n<div style=\"height:4rem\" aria-hidden=\"true\" class=\"wp-block-spacer\"><\/div>\n\n\n\n<h1 class=\"wp-block-heading has-text-align-center has-light-color has-text-color\" style=\"font-size:55px\">Kl\u00e4tter\u00e4ventyr f\u00f6r hela laget i Sundsvall<\/h1>\n\n<\/div>\n    <\/div>\n    <div class=\"hero-block__cta\">\n                    <a class=\"hero-block__btn\" href=\"#offert\">\n                F\u00e5 en offert                <i class=\"icon-arrow\"><\/i>\n            <\/a>\n            <\/div>\n    <div class=\"hero-block__scroll\">\n                    <button class=\"scroll-down\">\n                Reka l\u00e4get!                <i class=\"icon-arrow\"><\/i>\n                        <\/button>\n    <\/div>\n<\/div>\n\n\n\n<div style=\"height:24px\" aria-hidden=\"true\" class=\"wp-block-spacer\"><\/div>\n\n\n\n<div class=\"wp-block-columns is-layout-flex wp-container-core-columns-is-layout-28f84493 wp-block-columns-is-layout-flex\">\n<div class=\"wp-block-column is-layout-flow wp-block-column-is-layout-flow\">\n<p><strong>Ska ni ha terminsavslutning f\u00f6r innebandylaget, en rolig aktivitet f\u00f6r konfirmationsg\u00e4nget, kick off f\u00f6r scouterna eller en familjedag f\u00f6r intressef\u00f6reningen? Oavsett s\u00e5 kommer gruppen f\u00e5 en suver\u00e4n upplevelse i parken. H\u00f6gt &amp; L\u00e5gt Sundsvall bjuder p\u00e5 roligaste \u00e4ventyret f\u00f6r hela g\u00e4nget.<\/strong><\/p>\n<\/div>\n\n\n\n<div class=\"wp-block-column is-layout-flow wp-block-column-is-layout-flow\">\n<figure class=\"wp-block-image aligncenter size-large is-resized\"><img loading=\"lazy\" decoding=\"async\" width=\"159\" height=\"146\" src=\"https:\/\/hogtlagt.se\/sundsvall\/wp-content\/uploads\/sites\/5\/2023\/12\/Lager-114.svg\" alt=\"\" class=\"wp-image-2261\" style=\"width:191px;height:auto\"\/><\/figure>\n<\/div>\n<\/div>\n\n\n\n<div style=\"height:30px\" aria-hidden=\"true\" class=\"wp-block-spacer\"><\/div>\n\n\n\n<div class=\"wp-block-columns is-layout-flex wp-container-core-columns-is-layout-28f84493 wp-block-columns-is-layout-flex\">\n<div class=\"wp-block-column is-layout-flow wp-block-column-is-layout-flow\">\n<div id=\"rounded-box-block_343309cddf760e1550b696de36a988a9\" class=\"rounded-box-block rounded-box has-background has-primary-background-color\">\n    <div class=\"rounded-box__inner image-bottom\">\n        <div class=\"acf-innerblocks-container\">\n\n<h2 class=\"wp-block-heading\">Lagets coolaste \u00e4ventyr<\/h2>\n\n\n\n<p>Boka in ett bes\u00f6k i parken d\u00e4r laget eller gruppen f\u00e5r se nya sidor av varandra och ha riktigt roligt tillsammans. Parken har 8 banor p\u00e5 1-15 meters h\u00f6jd. Ni f\u00e5r kl\u00e4ttra s\u00e5 mycket ni vill under er tid i parken.<\/p>\n\n\n\n<p>F\u00f6r att f\u00e5 kl\u00e4ttra g\u00e4ller maxvikt 120 kg samt att du ej \u00e4r gravid eller p\u00e5verkad av alkohol eller andra droger.<\/p>\n\n\n\n<div class=\"wp-block-buttons is-layout-flex wp-block-buttons-is-layout-flex\">\n<div class=\"wp-block-button\"><a class=\"wp-block-button__link has-tertiary-background-color has-background wp-element-button\" href=\"#offert\">Be om offert<\/a><\/div>\n<\/div>\n\n<\/div>\n                    <div class=\"rounded-box__img-wrapper\">\n                <img decoding=\"async\" class=\"rounded-box__img image-bottom\" src=\"https:\/\/hogtlagt.se\/sundsvall\/wp-content\/uploads\/sites\/5\/2024\/04\/WhatsApp-Image-2022-05-06-at-3.57-1.jpeg\" alt=\"\">\n            <\/div>\n            <\/div>\n<\/div>\n<\/div>\n\n\n\n<div class=\"wp-block-column is-layout-flow wp-block-column-is-layout-flow\">\n<div id=\"rounded-box-block_9ef90c56a733b40f9537eb1675218a64\" class=\"rounded-box-block rounded-box\">\n    <div class=\"rounded-box__inner image-bottom\">\n        <div class=\"acf-innerblocks-container\">\n\n<h2 class=\"wp-block-heading\">Utflykt f\u00f6r hela f\u00f6reningen<\/h2>\n\n\n\n<p>Letar ni efter en rolig, sp\u00e4nnande och unik aktivitet f\u00f6r er f\u00f6rening, lag eller f\u00f6rsamling? Ett bes\u00f6k i parken \u00e4r garanterat succ\u00e9. V\u00e5ra instrukt\u00f6rer tar hand om gruppen och ser till att bes\u00f6kt blir lika s\u00e4kert som roligt!<\/p>\n\n\n\n<p>Se till att ta med fika eller mat att njuta av efter genomf\u00f6rda banor. I parken finns gott om bord och sittplatser samt grill.<\/p>\n\n\n\n<div class=\"wp-block-buttons is-layout-flex wp-block-buttons-is-layout-flex\">\n<div class=\"wp-block-button\"><a class=\"wp-block-button__link has-tertiary-background-color has-background wp-element-button\" href=\"#offert\">Be om offert<\/a><\/div>\n<\/div>\n\n<\/div>\n                    <div class=\"rounded-box__img-wrapper\">\n                <img decoding=\"async\" class=\"rounded-box__img image-bottom\" src=\"https:\/\/hogtlagt.se\/sundsvall\/wp-content\/uploads\/sites\/5\/2024\/04\/WhatsApp-Image-2022-05-06-at-4.01-6-1.jpeg\" alt=\"\">\n            <\/div>\n            <\/div>\n<\/div>\n<\/div>\n<\/div>\n\n\n\n<div id=\"rounded-box-block_dd7b2776ee9d582e0084ae8defae0787\" class=\"rounded-box-block rounded-box has-background has-dark-background-color\">\n    <div class=\"rounded-box__inner no-image\">\n        <div class=\"acf-innerblocks-container\">\n\n<div class=\"wp-block-columns is-layout-flex wp-container-core-columns-is-layout-28f84493 wp-block-columns-is-layout-flex\">\n<div class=\"wp-block-column is-vertically-aligned-center is-layout-flow wp-block-column-is-layout-flow\">\n<figure class=\"wp-block-image aligncenter size-large is-resized\"><img loading=\"lazy\" decoding=\"async\" width=\"201\" height=\"271\" src=\"https:\/\/hogtlagt.se\/sundsvall\/wp-content\/uploads\/sites\/5\/2023\/12\/Group-576-2.svg\" alt=\"\" class=\"wp-image-2263\" style=\"aspect-ratio:1.9060773480662982;width:543px;height:auto\"\/><\/figure>\n<\/div>\n\n\n\n<div class=\"wp-block-column is-layout-flow wp-block-column-is-layout-flow\">\n<h2 class=\"wp-block-heading has-light-color has-text-color\">Pris och bokningsvillkor<\/h2>\n\n\n\n<p class=\"has-light-color has-text-color has-link-color wp-elements-94ff0e70502addeb0d46d64c2e8d6eae\">F\u00f6r f\u00f6reningar och f\u00f6rsamlingar erbjuder vi ett rabatterat pris vid bokning av st\u00f6rre grupper. Vi tar emot er s\u00e5v\u00e4l utanf\u00f6r som under ordinarie \u00f6ppettider och pris \u00e4r 260 kr per person. Minimum att boka \u00e4r 16 personer (eller fast pris).<\/p>\n\n\n\n<p class=\"has-light-color has-text-color has-link-color wp-elements-731738d040fb5c15a1ba22f95061f5a9\">I priset ing\u00e5r allt ni beh\u00f6ver f\u00f6r bes\u00f6ket i form av utrustning och s\u00e4kerhetsutbildning. Det g\u00e5r bra att betala f\u00f6r bes\u00f6ket i f\u00f6rv\u00e4g (genom bokningsbekr\u00e4ftelsen), i parken (vi tar kort och swish) eller i efterhand (mot faktura). F\u00f6r fullst\u00e4ndiga boknings- och k\u00f6pvillkor, l\u00e4s&nbsp;<a href=\"https:\/\/hogtlagt.se\/sundsvall\/infor-besoket\/kopvillkor\/\">h\u00e4r<\/a>.<\/p>\n\n\n\n<div class=\"wp-block-buttons is-layout-flex wp-block-buttons-is-layout-flex\">\n<div class=\"wp-block-button\"><a class=\"wp-block-button__link has-tertiary-background-color has-background wp-element-button\" href=\"#offert\">Be om offert<\/a><\/div>\n<\/div>\n<\/div>\n<\/div>\n\n<\/div>\n            <\/div>\n<\/div>\n\n\n\n<div style=\"height:2rem\" aria-hidden=\"true\" class=\"wp-block-spacer\"><\/div>\n\n\n\n<div style=\"height:48px\" aria-hidden=\"true\" class=\"wp-block-spacer\"><\/div>\n\n\n\n<div class=\"wp-block-group alignfull has-primary-background-color has-background has-global-padding is-layout-constrained wp-block-group-is-layout-constrained\" id=\"offert\">\n<div style=\"height:4rem\" aria-hidden=\"true\" class=\"wp-block-spacer\"><\/div>\n\n\n\n<div class=\"wp-block-columns extra-column-gap is-layout-flex wp-container-core-columns-is-layout-28f84493 wp-block-columns-is-layout-flex\">\n<div class=\"wp-block-column is-layout-flow wp-block-column-is-layout-flow\">\n<h2 class=\"wp-block-heading\">Fyll i formul\u00e4ret f\u00f6r <br>kostnadsfri offert<\/h2>\n\n\n\n<p>\u00c4r du intresserad av att boka f\u00f6r skolgrupper p\u00e5 H\u00f6gt &amp; L\u00e5gt Sundsvall? Fyll i formul\u00e4ret s\u00e5 skickar vi en offert.&nbsp;<\/p>\n\n\n\n<p>Har du n\u00e5gon fr\u00e5ga eller fundering? L\u00e4s g\u00e4rna igenom v\u00e5r FAQ och se om du hittar svaret d\u00e4r.<\/p>\n<\/div>\n\n\n\n<div class=\"wp-block-column is-layout-flow wp-block-column-is-layout-flow\">\n<div class=\"wp-block-contact-form-7-contact-form-selector\">\n<div class=\"wpcf7 no-js\" id=\"wpcf7-f1980-o1\" lang=\"sv-SE\" dir=\"ltr\" data-wpcf7-id=\"1980\">\n<div class=\"screen-reader-response\"><p role=\"status\" aria-live=\"polite\" aria-atomic=\"true\"><\/p> <ul><\/ul><\/div>\n<form action=\"\/sundsvall\/wp-json\/wp\/v2\/pages\/2460#wpcf7-f1980-o1\" method=\"post\" class=\"wpcf7-form init\" aria-label=\"Kontaktformul\u00e4r\" novalidate=\"novalidate\" data-status=\"init\">\n<fieldset class=\"hidden-fields-container\"><input type=\"hidden\" name=\"_wpcf7\" value=\"1980\" \/><input type=\"hidden\" name=\"_wpcf7_version\" value=\"6.1.2\" \/><input type=\"hidden\" name=\"_wpcf7_locale\" value=\"sv_SE\" \/><input type=\"hidden\" name=\"_wpcf7_unit_tag\" value=\"wpcf7-f1980-o1\" \/><input type=\"hidden\" name=\"_wpcf7_container_post\" value=\"0\" \/><input type=\"hidden\" name=\"_wpcf7_posted_data_hash\" value=\"\" \/>\n<\/fieldset>\n<div class=\"cf7-row\">\n\t<p><label> F\u00f6r- och efternamn*<span class=\"wpcf7-form-control-wrap\" data-name=\"your-name\"><input size=\"40\" maxlength=\"400\" class=\"wpcf7-form-control wpcf7-text wpcf7-validates-as-required\" autocomplete=\"name\" aria-required=\"true\" aria-invalid=\"false\" placeholder=\"Fyll i ditt namn\" value=\"\" type=\"text\" name=\"your-name\" \/><\/span><\/label>\n\t<\/p>\n\t<p><label>F\u00f6retag\/skola\/f\u00f6rening*<span class=\"wpcf7-form-control-wrap\" data-name=\"your-company\"><input size=\"40\" maxlength=\"400\" class=\"wpcf7-form-control wpcf7-text wpcf7-validates-as-required\" aria-required=\"true\" aria-invalid=\"false\" placeholder=\"Fyll i ditt f\u00f6retag\" value=\"\" type=\"text\" name=\"your-company\" \/><\/span><\/label>\n\t<\/p>\n<\/div>\n<div class=\"cf7-row\">\n\t<p><label> Telefonnummer*<span class=\"wpcf7-form-control-wrap\" data-name=\"your-tel\"><input size=\"40\" maxlength=\"400\" class=\"wpcf7-form-control wpcf7-tel wpcf7-validates-as-required wpcf7-text wpcf7-validates-as-tel\" aria-required=\"true\" aria-invalid=\"false\" placeholder=\"Fyll i ditt telefonnummer\" value=\"\" type=\"tel\" name=\"your-tel\" \/><\/span><\/label>\n\t<\/p>\n\t<p><label> Mejladress*<span class=\"wpcf7-form-control-wrap\" data-name=\"your-email\"><input size=\"40\" maxlength=\"400\" class=\"wpcf7-form-control wpcf7-email wpcf7-validates-as-required wpcf7-text wpcf7-validates-as-email\" autocomplete=\"email\" aria-required=\"true\" aria-invalid=\"false\" placeholder=\"Fyll i din mejladress\" value=\"\" type=\"email\" name=\"your-email\" \/><\/span> <\/label>\n\t<\/p>\n<\/div>\n<div class=\"cf7-row\">\n\t<p><label> Antal personer*<span class=\"wpcf7-form-control-wrap\" data-name=\"your-visitors\"><input class=\"wpcf7-form-control wpcf7-number wpcf7-validates-as-required wpcf7-validates-as-number\" min=\"1\" aria-required=\"true\" aria-invalid=\"false\" placeholder=\"Ange antal personer\" value=\"\" type=\"number\" name=\"your-visitors\" \/><\/span><\/label>\n\t<\/p>\n\t<p><label> Datum<br \/>\n<span class=\"wpcf7-form-control-wrap\" data-name=\"date-849\"><input class=\"wpcf7-form-control wpcf7-date wpcf7-validates-as-date\" id=\"cf7_pick_date\" aria-invalid=\"false\" placeholder=\"V\u00e4lj datum\" value=\"\" type=\"date\" name=\"date-849\" \/><\/span><\/label>\n\t<\/p>\n<\/div>\n<p><label> Ditt meddelande (valfritt)<br \/>\n<span class=\"wpcf7-form-control-wrap\" data-name=\"your-message\"><textarea cols=\"40\" rows=\"10\" maxlength=\"2000\" class=\"wpcf7-form-control wpcf7-textarea\" aria-invalid=\"false\" placeholder=\"N\u00e5gra andra \u00f6nskem\u00e5l eller funderingar?\" name=\"your-message\"><\/textarea><\/span> <\/label><br \/>\n<input class=\"wpcf7-form-control wpcf7-submit has-spinner\" type=\"submit\" value=\"Skicka\" \/>\n<\/p><div class=\"wpcf7-response-output\" aria-hidden=\"true\"><\/div>\n<\/form>\n<\/div>\n<\/div>\n<\/div>\n<\/div>\n\n\n\n<div style=\"height:4rem\" aria-hidden=\"true\" class=\"wp-block-spacer\"><\/div>\n<\/div>\n\n\n\n<div class=\"wp-block-columns is-layout-flex wp-container-core-columns-is-layout-28f84493 wp-block-columns-is-layout-flex\">\n<div class=\"wp-block-column is-layout-flow wp-block-column-is-layout-flow\">\n<div style=\"height:47px\" aria-hidden=\"true\" class=\"wp-block-spacer\"><\/div>\n<\/div>\n<\/div>\n\n\n\n<div class=\"wp-block-columns is-layout-flex wp-container-core-columns-is-layout-28f84493 wp-block-columns-is-layout-flex\">\n<div class=\"wp-block-column is-vertically-aligned-center is-layout-flow wp-block-column-is-layout-flow\">\n<figure class=\"wp-block-image aligncenter size-large is-resized\"><img decoding=\"async\" src=\"https:\/\/hogtlagt.se\/karlstad\/wp-content\/uploads\/sites\/4\/2021\/04\/lets_go_dark.svg\" alt=\"\" class=\"wp-image-418\" style=\"width:336px;height:236px\"\/><\/figure>\n<\/div>\n<\/div>\n\n\n\n<div style=\"height:56px\" aria-hidden=\"true\" class=\"wp-block-spacer\"><\/div>\n","protected":false},"excerpt":{"rendered":"<p>Ska ni ha terminsavslutning f\u00f6r innebandylaget, en rolig aktivitet f\u00f6r konfirmationsg\u00e4nget, kick off f\u00f6r scouterna eller en familjedag f\u00f6r intressef\u00f6reningen? Oavsett s\u00e5 kommer gruppen f\u00e5 en suver\u00e4n upplevelse i parken&#8230;.<\/p>\n","protected":false},"author":15,"featured_media":1791,"parent":76,"menu_order":3,"comment_status":"closed","ping_status":"closed","template":"templates\/empty.php","meta":{"_acf_changed":false,"inline_featured_image":false,"footnotes":""},"class_list":["post-2460","page","type-page","status-publish","has-post-thumbnail"],"acf":[],"yoast_head":"<!-- This site is optimized with the Yoast SEO plugin v26.1.1 - https:\/\/yoast.com\/wordpress\/plugins\/seo\/ -->\n<title>Kl\u00e4ttring &amp; \u00c4ventyr f\u00f6r F\u00f6rening och F\u00f6rsamling - H\u00f6gt &amp; L\u00e5gt Sundsvall<\/title>\n<meta name=\"description\" content=\"Sparka ig\u00e5ng skolstarten p\u00e5 b\u00e4sta s\u00e4ttet med en aktivitet d\u00e4r alla kan delta. Vi har dessutom super bra pris f\u00f6r skolklasser hela v\u00e5ren.\" \/>\n<meta name=\"robots\" content=\"index, follow, max-snippet:-1, max-image-preview:large, max-video-preview:-1\" \/>\n<link rel=\"canonical\" href=\"https:\/\/hogtlagt.se\/sundsvall\/grupper-foretag\/forening-forsamling\/\" \/>\n<meta property=\"og:locale\" content=\"sv_SE\" \/>\n<meta property=\"og:type\" content=\"article\" \/>\n<meta property=\"og:title\" content=\"Kl\u00e4ttring &amp; \u00c4ventyr f\u00f6r F\u00f6rening och F\u00f6rsamling - H\u00f6gt &amp; L\u00e5gt Sundsvall\" \/>\n<meta property=\"og:description\" content=\"Sparka ig\u00e5ng skolstarten p\u00e5 b\u00e4sta s\u00e4ttet med en aktivitet d\u00e4r alla kan delta. Vi har dessutom super bra pris f\u00f6r skolklasser hela v\u00e5ren.\" \/>\n<meta property=\"og:url\" content=\"https:\/\/hogtlagt.se\/sundsvall\/grupper-foretag\/forening-forsamling\/\" \/>\n<meta property=\"og:site_name\" content=\"H\u00f6gt &amp; L\u00e5gt Sundsvall\" \/>\n<meta property=\"article:modified_time\" content=\"2024-06-17T13:47:50+00:00\" \/>\n<meta property=\"og:image\" content=\"https:\/\/hogtlagt.se\/sundsvall\/wp-content\/uploads\/sites\/5\/2022\/03\/hogtochlagt-01-low-2018-scaled.jpg\" \/>\n\t<meta property=\"og:image:width\" content=\"2560\" \/>\n\t<meta property=\"og:image:height\" content=\"1707\" \/>\n\t<meta property=\"og:image:type\" content=\"image\/jpeg\" \/>\n<meta name=\"twitter:card\" content=\"summary_large_image\" \/>\n<meta name=\"twitter:label1\" content=\"Ber\u00e4knad l\u00e4stid\" \/>\n\t<meta name=\"twitter:data1\" content=\"3 minuter\" \/>\n<script type=\"application\/ld+json\" class=\"yoast-schema-graph\">{\"@context\":\"https:\/\/schema.org\",\"@graph\":[{\"@type\":\"WebPage\",\"@id\":\"https:\/\/hogtlagt.se\/sundsvall\/grupper-foretag\/forening-forsamling\/\",\"url\":\"https:\/\/hogtlagt.se\/sundsvall\/grupper-foretag\/forening-forsamling\/\",\"name\":\"Kl\u00e4ttring & \u00c4ventyr f\u00f6r F\u00f6rening och F\u00f6rsamling - H\u00f6gt &amp; L\u00e5gt Sundsvall\",\"isPartOf\":{\"@id\":\"https:\/\/hogtlagt.se\/sundsvall\/#website\"},\"primaryImageOfPage\":{\"@id\":\"https:\/\/hogtlagt.se\/sundsvall\/grupper-foretag\/forening-forsamling\/#primaryimage\"},\"image\":{\"@id\":\"https:\/\/hogtlagt.se\/sundsvall\/grupper-foretag\/forening-forsamling\/#primaryimage\"},\"thumbnailUrl\":\"https:\/\/hogtlagt.se\/sundsvall\/wp-content\/uploads\/sites\/5\/2022\/03\/hogtochlagt-01-low-2018-scaled.jpg\",\"datePublished\":\"2024-04-15T19:26:13+00:00\",\"dateModified\":\"2024-06-17T13:47:50+00:00\",\"description\":\"Sparka ig\u00e5ng skolstarten p\u00e5 b\u00e4sta s\u00e4ttet med en aktivitet d\u00e4r alla kan delta. Vi har dessutom super bra pris f\u00f6r skolklasser hela v\u00e5ren.\",\"breadcrumb\":{\"@id\":\"https:\/\/hogtlagt.se\/sundsvall\/grupper-foretag\/forening-forsamling\/#breadcrumb\"},\"inLanguage\":\"sv-SE\",\"potentialAction\":[{\"@type\":\"ReadAction\",\"target\":[\"https:\/\/hogtlagt.se\/sundsvall\/grupper-foretag\/forening-forsamling\/\"]}]},{\"@type\":\"ImageObject\",\"inLanguage\":\"sv-SE\",\"@id\":\"https:\/\/hogtlagt.se\/sundsvall\/grupper-foretag\/forening-forsamling\/#primaryimage\",\"url\":\"https:\/\/hogtlagt.se\/sundsvall\/wp-content\/uploads\/sites\/5\/2022\/03\/hogtochlagt-01-low-2018-scaled.jpg\",\"contentUrl\":\"https:\/\/hogtlagt.se\/sundsvall\/wp-content\/uploads\/sites\/5\/2022\/03\/hogtochlagt-01-low-2018-scaled.jpg\",\"width\":2560,\"height\":1707,\"caption\":\"Tv\u00e5 kompisar h\u00e5ller om varandra och str\u00e4cker upp h\u00e4nderna i luften, de \u00e4r mycket n\u00f6jda med att ha klarat av banorna\"},{\"@type\":\"BreadcrumbList\",\"@id\":\"https:\/\/hogtlagt.se\/sundsvall\/grupper-foretag\/forening-forsamling\/#breadcrumb\",\"itemListElement\":[{\"@type\":\"ListItem\",\"position\":1,\"name\":\"Hem\",\"item\":\"https:\/\/hogtlagt.se\/sundsvall\/\"},{\"@type\":\"ListItem\",\"position\":2,\"name\":\"Kl\u00e4tterpark f\u00f6r Grupper &#038; F\u00f6retag i Sundsvall\",\"item\":\"https:\/\/hogtlagt.se\/sundsvall\/grupper-foretag\/\"},{\"@type\":\"ListItem\",\"position\":3,\"name\":\"Kl\u00e4ttring &#038; \u00c4ventyr f\u00f6r F\u00f6rening och F\u00f6rsamling\"}]},{\"@type\":\"WebSite\",\"@id\":\"https:\/\/hogtlagt.se\/sundsvall\/#website\",\"url\":\"https:\/\/hogtlagt.se\/sundsvall\/\",\"name\":\"H\u00f6gt &amp; L\u00e5gt Sundsvall\",\"description\":\"\",\"potentialAction\":[{\"@type\":\"SearchAction\",\"target\":{\"@type\":\"EntryPoint\",\"urlTemplate\":\"https:\/\/hogtlagt.se\/sundsvall\/?s={search_term_string}\"},\"query-input\":{\"@type\":\"PropertyValueSpecification\",\"valueRequired\":true,\"valueName\":\"search_term_string\"}}],\"inLanguage\":\"sv-SE\"}]}<\/script>\n<!-- \/ Yoast SEO plugin. -->","yoast_head_json":{"title":"Kl\u00e4ttring & \u00c4ventyr f\u00f6r F\u00f6rening och F\u00f6rsamling - H\u00f6gt &amp; L\u00e5gt Sundsvall","description":"Sparka ig\u00e5ng skolstarten p\u00e5 b\u00e4sta s\u00e4ttet med en aktivitet d\u00e4r alla kan delta. Vi har dessutom super bra pris f\u00f6r skolklasser hela v\u00e5ren.","robots":{"index":"index","follow":"follow","max-snippet":"max-snippet:-1","max-image-preview":"max-image-preview:large","max-video-preview":"max-video-preview:-1"},"canonical":"https:\/\/hogtlagt.se\/sundsvall\/grupper-foretag\/forening-forsamling\/","og_locale":"sv_SE","og_type":"article","og_title":"Kl\u00e4ttring & \u00c4ventyr f\u00f6r F\u00f6rening och F\u00f6rsamling - H\u00f6gt &amp; L\u00e5gt Sundsvall","og_description":"Sparka ig\u00e5ng skolstarten p\u00e5 b\u00e4sta s\u00e4ttet med en aktivitet d\u00e4r alla kan delta. Vi har dessutom super bra pris f\u00f6r skolklasser hela v\u00e5ren.","og_url":"https:\/\/hogtlagt.se\/sundsvall\/grupper-foretag\/forening-forsamling\/","og_site_name":"H\u00f6gt &amp; L\u00e5gt Sundsvall","article_modified_time":"2024-06-17T13:47:50+00:00","og_image":[{"width":2560,"height":1707,"url":"https:\/\/hogtlagt.se\/sundsvall\/wp-content\/uploads\/sites\/5\/2022\/03\/hogtochlagt-01-low-2018-scaled.jpg","type":"image\/jpeg"}],"twitter_card":"summary_large_image","twitter_misc":{"Ber\u00e4knad l\u00e4stid":"3 minuter"},"schema":{"@context":"https:\/\/schema.org","@graph":[{"@type":"WebPage","@id":"https:\/\/hogtlagt.se\/sundsvall\/grupper-foretag\/forening-forsamling\/","url":"https:\/\/hogtlagt.se\/sundsvall\/grupper-foretag\/forening-forsamling\/","name":"Kl\u00e4ttring & \u00c4ventyr f\u00f6r F\u00f6rening och F\u00f6rsamling - H\u00f6gt &amp; L\u00e5gt Sundsvall","isPartOf":{"@id":"https:\/\/hogtlagt.se\/sundsvall\/#website"},"primaryImageOfPage":{"@id":"https:\/\/hogtlagt.se\/sundsvall\/grupper-foretag\/forening-forsamling\/#primaryimage"},"image":{"@id":"https:\/\/hogtlagt.se\/sundsvall\/grupper-foretag\/forening-forsamling\/#primaryimage"},"thumbnailUrl":"https:\/\/hogtlagt.se\/sundsvall\/wp-content\/uploads\/sites\/5\/2022\/03\/hogtochlagt-01-low-2018-scaled.jpg","datePublished":"2024-04-15T19:26:13+00:00","dateModified":"2024-06-17T13:47:50+00:00","description":"Sparka ig\u00e5ng skolstarten p\u00e5 b\u00e4sta s\u00e4ttet med en aktivitet d\u00e4r alla kan delta. Vi har dessutom super bra pris f\u00f6r skolklasser hela v\u00e5ren.","breadcrumb":{"@id":"https:\/\/hogtlagt.se\/sundsvall\/grupper-foretag\/forening-forsamling\/#breadcrumb"},"inLanguage":"sv-SE","potentialAction":[{"@type":"ReadAction","target":["https:\/\/hogtlagt.se\/sundsvall\/grupper-foretag\/forening-forsamling\/"]}]},{"@type":"ImageObject","inLanguage":"sv-SE","@id":"https:\/\/hogtlagt.se\/sundsvall\/grupper-foretag\/forening-forsamling\/#primaryimage","url":"https:\/\/hogtlagt.se\/sundsvall\/wp-content\/uploads\/sites\/5\/2022\/03\/hogtochlagt-01-low-2018-scaled.jpg","contentUrl":"https:\/\/hogtlagt.se\/sundsvall\/wp-content\/uploads\/sites\/5\/2022\/03\/hogtochlagt-01-low-2018-scaled.jpg","width":2560,"height":1707,"caption":"Tv\u00e5 kompisar h\u00e5ller om varandra och str\u00e4cker upp h\u00e4nderna i luften, de \u00e4r mycket n\u00f6jda med att ha klarat av banorna"},{"@type":"BreadcrumbList","@id":"https:\/\/hogtlagt.se\/sundsvall\/grupper-foretag\/forening-forsamling\/#breadcrumb","itemListElement":[{"@type":"ListItem","position":1,"name":"Hem","item":"https:\/\/hogtlagt.se\/sundsvall\/"},{"@type":"ListItem","position":2,"name":"Kl\u00e4tterpark f\u00f6r Grupper &#038; F\u00f6retag i Sundsvall","item":"https:\/\/hogtlagt.se\/sundsvall\/grupper-foretag\/"},{"@type":"ListItem","position":3,"name":"Kl\u00e4ttring &#038; \u00c4ventyr f\u00f6r F\u00f6rening och F\u00f6rsamling"}]},{"@type":"WebSite","@id":"https:\/\/hogtlagt.se\/sundsvall\/#website","url":"https:\/\/hogtlagt.se\/sundsvall\/","name":"H\u00f6gt &amp; L\u00e5gt Sundsvall","description":"","potentialAction":[{"@type":"SearchAction","target":{"@type":"EntryPoint","urlTemplate":"https:\/\/hogtlagt.se\/sundsvall\/?s={search_term_string}"},"query-input":{"@type":"PropertyValueSpecification","valueRequired":true,"valueName":"search_term_string"}}],"inLanguage":"sv-SE"}]}},"_links":{"self":[{"href":"https:\/\/hogtlagt.se\/sundsvall\/wp-json\/wp\/v2\/pages\/2460","targetHints":{"allow":["GET"]}}],"collection":[{"href":"https:\/\/hogtlagt.se\/sundsvall\/wp-json\/wp\/v2\/pages"}],"about":[{"href":"https:\/\/hogtlagt.se\/sundsvall\/wp-json\/wp\/v2\/types\/page"}],"author":[{"embeddable":true,"href":"https:\/\/hogtlagt.se\/sundsvall\/wp-json\/wp\/v2\/users\/15"}],"replies":[{"embeddable":true,"href":"https:\/\/hogtlagt.se\/sundsvall\/wp-json\/wp\/v2\/comments?post=2460"}],"version-history":[{"count":2,"href":"https:\/\/hogtlagt.se\/sundsvall\/wp-json\/wp\/v2\/pages\/2460\/revisions"}],"predecessor-version":[{"id":2465,"href":"https:\/\/hogtlagt.se\/sundsvall\/wp-json\/wp\/v2\/pages\/2460\/revisions\/2465"}],"up":[{"embeddable":true,"href":"https:\/\/hogtlagt.se\/sundsvall\/wp-json\/wp\/v2\/pages\/76"}],"wp:featuredmedia":[{"embeddable":true,"href":"https:\/\/hogtlagt.se\/sundsvall\/wp-json\/wp\/v2\/media\/1791"}],"wp:attachment":[{"href":"https:\/\/hogtlagt.se\/sundsvall\/wp-json\/wp\/v2\/media?parent=2460"}],"curies":[{"name":"wp","href":"https:\/\/api.w.org\/{rel}","templated":true}]}}