{"id":105,"date":"2020-03-06T10:09:48","date_gmt":"2020-03-06T09:09:48","guid":{"rendered":"https:\/\/hogtlagt.se\/sundsvall\/klatterparken\/klatterbanorna\/"},"modified":"2024-07-11T12:48:51","modified_gmt":"2024-07-11T10:48:51","slug":"klatterbanorna","status":"publish","type":"page","link":"https:\/\/hogtlagt.se\/sundsvall\/klatterparken\/klatterbanorna\/","title":{"rendered":"Kl\u00e4tterparken och v\u00e5ra h\u00f6gh\u00f6jdsbanor"},"content":{"rendered":"\n<div class=\"wp-block-cover alignfull\" style=\"min-height:600px;aspect-ratio:unset;\"><span aria-hidden=\"true\" class=\"wp-block-cover__background has-background-dim-20 has-background-dim\"><\/span><img loading=\"lazy\" decoding=\"async\" width=\"2048\" height=\"1365\" class=\"wp-block-cover__image-background wp-image-2128\" alt=\"\" src=\"https:\/\/hogtlagt.se\/sundsvall\/wp-content\/uploads\/sites\/5\/2023\/10\/va\u030ara-ho\u0308gho\u0308jdsbanor.jpg\" data-object-fit=\"cover\" srcset=\"https:\/\/hogtlagt.se\/sundsvall\/wp-content\/uploads\/sites\/5\/2023\/10\/va\u030ara-ho\u0308gho\u0308jdsbanor.jpg 2048w, https:\/\/hogtlagt.se\/sundsvall\/wp-content\/uploads\/sites\/5\/2023\/10\/va\u030ara-ho\u0308gho\u0308jdsbanor-300x200.jpg 300w, https:\/\/hogtlagt.se\/sundsvall\/wp-content\/uploads\/sites\/5\/2023\/10\/va\u030ara-ho\u0308gho\u0308jdsbanor-1024x683.jpg 1024w, https:\/\/hogtlagt.se\/sundsvall\/wp-content\/uploads\/sites\/5\/2023\/10\/va\u030ara-ho\u0308gho\u0308jdsbanor-768x512.jpg 768w, https:\/\/hogtlagt.se\/sundsvall\/wp-content\/uploads\/sites\/5\/2023\/10\/va\u030ara-ho\u0308gho\u0308jdsbanor-1536x1024.jpg 1536w\" sizes=\"auto, (max-width: 2048px) 100vw, 2048px\" \/><div class=\"wp-block-cover__inner-container has-global-padding is-layout-constrained wp-block-cover-is-layout-constrained\">\n<h2 class=\"wp-block-heading has-text-align-center\" style=\"font-size:55px;text-transform:none\">Parken och v\u00e5ra banor<\/h2>\n<\/div><\/div>\n\n\n\n<div style=\"height:100px\" aria-hidden=\"true\" class=\"wp-block-spacer\"><\/div>\n\n\n\n<h2 class=\"wp-block-heading\">Kl\u00e4ttring och \u00e4ventyr l\u00e4ngs h\u00f6gh\u00f6jdsbanor i Sundsvall<\/h2>\n\n\n\n<div style=\"height:31px\" aria-hidden=\"true\" class=\"wp-block-spacer\"><\/div>\n\n\n\n<p>Kl\u00e4tterparken i Sundsvall \u00e4r vackert bel\u00e4gen i skogen uppe p\u00e5 S\u00f6dra Bergets friluftsomr\u00e5de. Parken \u00e4r \u00f6ppen f\u00f6r alla och det \u00e4r enbart de som ska kl\u00e4ttra som beh\u00f6ver k\u00f6pa biljett. Vi har gott om bord och sittplatser samt grillar, s\u00e5 se till att packa fikakorgen.<\/p>\n\n\n\n<p>N\u00e4r du k\u00f6per en biljett till parken f\u00e5r du under tre timmar kl\u00e4ttra s\u00e5 m\u00e5nga banor du vill s\u00e5 m\u00e5nga g\u00e5nger du vill (och orkar!). Ni k\u00f6per biljett efter \u00e5lder p\u00e5 den som ska kl\u00e4ttra och sedan f\u00e5r man kl\u00e4ttra alla banor d\u00e4r man uppfyller banans minimikrav p\u00e5 l\u00e4ngd. Barn under 6 \u00e5r m\u00e5ste ha med en kl\u00e4ttrande vuxen i de gr\u00f6na banorna (som g\u00e5r p\u00e5 3-6 meters h\u00f6jd) och barn under 10 m\u00e5ste ha med en kl\u00e4ttrande vuxen i de bl\u00e5 eller r\u00f6da banorna (som g\u00e5r p\u00e5 8+ meters h\u00f6jd). I de oranga banorna (som g\u00e5r p\u00e5 ca 1 meters h\u00f6jd) kan en vuxen g\u00e5 vid sidan f\u00f6r att assistera.<\/p>\n\n\n\n<p>F\u00f6r att f\u00e5 kl\u00e4ttra g\u00e4ller:<br>-Maxvikt 120 kg<br>-Att du ej \u00e4r gravid<br>-att du ej \u00e4r p\u00e5verkad av alkohol eller andra droger<br>-Att du deltar i s\u00e4kerhetsgenomg\u00e5ngen samt s\u00e4tter dig in i parkens regler och f\u00f6ljer dessa (vi g\u00e5r igenom reglerna p\u00e5 s\u00e4kerhetsgenomg\u00e5ngen).<\/p>\n\n\n\n<p>Vi rekommenderar att kl\u00e4ttra med handskar, men det \u00e4r inget m\u00e5ste. Det g\u00e5r bra att ta med egna och vi s\u00e4ljer \u00e4ven handskar p\u00e5 plats f\u00f6r 35 kr\/paret.<\/p>\n\n\n\n<figure class=\"wp-block-image aligncenter size-large is-resized\"><img loading=\"lazy\" decoding=\"async\" width=\"790\" height=\"837\" src=\"https:\/\/hogtlagt.se\/sundsvall\/wp-content\/uploads\/sites\/5\/2023\/12\/Lager-2-7.svg\" alt=\"\" class=\"wp-image-2292\" style=\"width:203px;height:auto\"\/><\/figure>\n\n\n\n<div style=\"height:64px\" aria-hidden=\"true\" class=\"wp-block-spacer\"><\/div>\n\n\n\n    <div class=\"icon-list\">\n\n            \n        <div class=\"icon-list-item\">\n            <div class=\"il-img\">\n                <img decoding=\"async\" src=\"https:\/\/hogtlagt.se\/sundsvall\/wp-content\/uploads\/sites\/5\/2020\/03\/HL-ikon-14.svg\" class=\"attachment-icon size-icon\" alt=\"\" \/>            <\/div>\n            <div class=\"icon-list-content\">\n                <h3>BAN-BESKRIVNING<\/h3>\n                            <\/div>\n        <\/div>\n\n            \n    <\/div>\n\n    \n\n\n<p><strong>Myran<\/strong><br>Minimil\u00e4ngd:&nbsp;<em>80cm<br><\/em>H\u00f6jd: 1-1,5 meter<br>Sv\u00e5righetsgrad:&nbsp;<em>Orange (v\u00e4ldigt enkel)<\/em><br>Om banan: Den l\u00e4ttaste banan f\u00f6r parkens minsta bes\u00f6kare. H\u00e4r kan du som vuxen g\u00e5 bredvid p\u00e5 backen och hj\u00e4lpa till eller kl\u00e4ttra med. Banan inneh\u00e5ller sju f\u00e4rgglada hinder; h\u00e4r f\u00e5r du hoppa p\u00e5 legoklossar, krypa i n\u00e4t och \u00e5ka sommark\u00e4lke.<\/p>\n\n\n\n<p><strong>Ekkorn<\/strong><br>Minimil\u00e4ngd:&nbsp;<em>80cm<br><\/em>H\u00f6jd: 1-1,5 meter<br>Sv\u00e5righetsgrad:&nbsp;<em>Orange (v\u00e4ldigt enkel)<\/em><br>Om banan: V\u00e5r n\u00e4st enklaste f\u00f6r parkens minsta bes\u00f6kare. H\u00e4r kan du som vuxen ocks\u00e5 g\u00e5 med p\u00e5 backen och hj\u00e4lpa till. Banan inneh\u00e5ller sex sp\u00e4nnande hinder och avslutas med en zipline.<\/p>\n\n\n\n<p><strong>Se p\u00e5 mig<\/strong><br>Minimil\u00e4ngd:&nbsp;<em>110cm<\/em><br>H\u00f6jd: 3-4 meter<br>Sv\u00e5righetsgrad:&nbsp;<em>Ljusgr\u00f6n (familj)<\/em><br>Om banan: Den perfekta nyb\u00f6rjarbanan f\u00f6r hela familjen, stora sm\u00e5 sm\u00e5. Prova p\u00e5 hur systemet fungerar bland tolv roliga hinder. Banan b\u00f6rjar med en zipline.<\/p>\n\n\n\n<p><strong>Gr\u00f6nt \u00e4r sk\u00f6nt<\/strong><br>Minimil\u00e4ngd: <em>110 cm<\/em><br>H\u00f6jd: 4-6 meter<br>Sv\u00e5righetsgrad: <em>M\u00f6rkgr\u00f6n (enkel)<\/em><br>Om banan: Hindren \u00e4r relativt enkla, men nu blir det lite mer luft under f\u00f6tterna. Banan inneh\u00e5ller \u00e5tta hinder och en l\u00e4ngre sp\u00e4nnande ziplines.<\/p>\n\n\n\n<p><strong>Propaganda stigen<\/strong><br>Minimil\u00e4ngd:&nbsp;<em>140cm<\/em><br>H\u00f6jd: 8+ meter<br>Sv\u00e5righetsgrad:&nbsp;<em>Bl\u00e5 (Sp\u00e4nning)<\/em><br>Om banan: En av v\u00e5ra h\u00e4ftigaste banor som g\u00e5r h\u00f6gt upp i tr\u00e4den, v\u00e4ldigt h\u00f6gt ibland. V\u00e5r l\u00e4ngsta bana med totalt tolv st hinder och 2 st zipline varav den sista \u00e4r 100m l\u00e5ng och avslutar banan med fantastisk utsikt ut \u00f6ver havet.<\/p>\n\n\n\n<p><strong>Gl\u00f6m det<\/strong><br>Minimil\u00e4ngd:&nbsp;<em>150cm<\/em><br>H\u00f6jd: 8+ meter<br>Sv\u00e5righetsgrad:&nbsp;<em>R\u00f6d (utmaning)<\/em><br>Om banan:  Det h\u00e4r \u00e4r en riktigt tuff utmaning, \u00e4ven om du \u00e4r flitig anv\u00e4ndare av gym-kortet. Du b\u00f6rjar med en kl\u00e4tterv\u00e4gg och d\u00e4refter f\u00f6ljer 9 stycken riktigt tuffa hinder d\u00e4r du inget hellre vill \u00e4n att komma ned p\u00e5 backen igen. Det kommer du ocks\u00e5, men du g\u00f6r det via v\u00e5r quickjump som ger dig ett garanterat pirr i magen.<\/p>\n\n\n\n<p><strong>Det g\u00e5r bra<\/strong><br>Minimil\u00e4ngd:&nbsp;<em>140cm<\/em><br>H\u00f6jd: 8+ meter<br>Sv\u00e5righetsgrad:&nbsp;<em>Ljusbl\u00e5 (familj)<\/em><br>Om banan: P\u00e5 banans 10 olika hinder f\u00e5r du verkligen utmana dina kl\u00e4tterf\u00f6rm\u00e5gor. Med en sp\u00e4nnande repbro h\u00f6gt \u00f6ver g\u00e5ngv\u00e4gen f\u00e5r du en pirrande luftig k\u00e4nsla. Det kommer g\u00e5 bra \u00e4nda till slutet, men se till att inte fastna i spindeln\u00e4tet!<\/p>\n\n\n\n<p><strong>Upp och Ner<\/strong><br>Minimil\u00e4ngd:\u00a0<em>110cm<\/em><br>H\u00f6jd: 4-6 meter<br>Sv\u00e5righetsgrad:\u00a0<em>M\u00f6rkgr\u00f6n (familj)<\/em><br>Om banan: Den h\u00e4r banan \u00e4r full av nya roliga hinder, h\u00e4r kl\u00e4ttrar du bl a p\u00e5 en horisontell kl\u00e4tterv\u00e4gg, kryper i lutande n\u00e4t och avslutar med en magisk zipline. <\/p>\n\n\n\n<div style=\"height:100px\" aria-hidden=\"true\" class=\"wp-block-spacer\"><\/div>\n\n\n\n<figure class=\"wp-block-image size-full\"><img loading=\"lazy\" decoding=\"async\" width=\"818\" height=\"603\" src=\"https:\/\/hogtlagt.se\/sundsvall\/wp-content\/uploads\/sites\/5\/2024\/05\/karta-2024.png\" alt=\"\" class=\"wp-image-2473\" srcset=\"https:\/\/hogtlagt.se\/sundsvall\/wp-content\/uploads\/sites\/5\/2024\/05\/karta-2024.png 818w, https:\/\/hogtlagt.se\/sundsvall\/wp-content\/uploads\/sites\/5\/2024\/05\/karta-2024-300x221.png 300w, https:\/\/hogtlagt.se\/sundsvall\/wp-content\/uploads\/sites\/5\/2024\/05\/karta-2024-768x566.png 768w\" sizes=\"auto, (max-width: 818px) 100vw, 818px\" \/><\/figure>\n\n\n\n<div style=\"height:47px\" aria-hidden=\"true\" class=\"wp-block-spacer\"><\/div>\n\n\n\n<h2 class=\"wp-block-heading has-text-align-center\">Vad tycker v\u00e5ra g\u00e4ster?<\/h2>\n\n\n\n<div style=\"height:17px\" aria-hidden=\"true\" class=\"wp-block-spacer\"><\/div>\n\n\n<div class=\"gmb-reviews make-me-slick\" data-slick='{&quot;fade&quot;: false, \"adaptiveHeight\": true,\"arrows\": false,\"dots\": true,\"infinite\": true,\"autoplaySpeed\":5000,\"slidesToShow\":1, \"slidesToScroll\":1, \"autoplay\":false    }'><div class=\"gmb-review\" data=\"accounts\/113211944405253224958\/locations\/9448335135409203097\/reviews\/AbFvOqlq-__znbeZbKhjtihu1JKAS96OQMcnFdd6-Iumb_z9_2XYtUaqsavWid-jQjPUREl0d1nN\"><div class=\"gmb-review-inner\"><span class=\"review-comment\"><i class=\"review-quotes fa fa-quote-left\" aria-hidden=\"true\"><\/i>Kul men v\u00e4ldigt jobbigt.\n\n(Translated by Google)\nFun but very hard.<i class=\"review-quotes fa fa-quote-right\" aria-hidden=\"true\"><\/i><\/span><span class=\"review-rating\"><i class=\"fa fa-star\" aria-hidden=\"true\"><\/i><i class=\"fa fa-star\" aria-hidden=\"true\"><\/i><i class=\"fa fa-star\" aria-hidden=\"true\"><\/i><i class=\"fa fa-star\" aria-hidden=\"true\"><\/i><i class=\"fa fa-star\" aria-hidden=\"true\"><\/i><\/span><span class=\"review-reviewer\">Bjarne S\u00f6derberg<\/span><span class=\"review-date\">23 August, 2025<\/span><\/div><\/div><div class=\"gmb-review\" data=\"accounts\/113211944405253224958\/locations\/9448335135409203097\/reviews\/AbFvOqmMJhKo3c4R805ggNZhkk3M4QNK0_bm3xLBmE29CotlrIycU6EtZ4fKrsJ69nZ2eibYkEp3\"><div class=\"gmb-review-inner\"><span class=\"review-comment\"><i class=\"review-quotes fa fa-quote-left\" aria-hidden=\"true\"><\/i>(Translated by Google) What a beautiful location, and wonderful climbing among the trees. They have child-friendly courses with varying levels.\nFun ziplines, and a secure and safe feeling the whole time. You can also skate and mountain bike on the grounds, and probably more, but I've forgotten where.\n\n(Original)\nWat een mooie locatie en zalig klauteren tussen de bomen. Ze hebben kindvriendelijke parcours met verschillende niveaus\nLeuke ziplines en heel de tijd geborgd en veilig gevoel. Op het domein kan je ook skaten en mountainbiken en waarschijnlijk nog meer ook maar ben ik even kwijt.<i class=\"review-quotes fa fa-quote-right\" aria-hidden=\"true\"><\/i><\/span><span class=\"review-rating\"><i class=\"fa fa-star\" aria-hidden=\"true\"><\/i><i class=\"fa fa-star\" aria-hidden=\"true\"><\/i><i class=\"fa fa-star\" aria-hidden=\"true\"><\/i><i class=\"fa fa-star\" aria-hidden=\"true\"><\/i><i class=\"fa fa-star\" aria-hidden=\"true\"><\/i><\/span><span class=\"review-reviewer\">andy de ruyck<\/span><span class=\"review-date\">11 August, 2025<\/span><\/div><\/div><div class=\"gmb-review\" data=\"accounts\/113211944405253224958\/locations\/9448335135409203097\/reviews\/AbFvOqkNPTINFZx7g9TYXzCShLC79MF0X6QMHxsLkq5QZF-qteP5kQ1fcQbFgIJe71EwUuRQ7qwD\"><div class=\"gmb-review-inner\"><span class=\"review-rating\"><i class=\"fa fa-star\" aria-hidden=\"true\"><\/i><i class=\"fa fa-star\" aria-hidden=\"true\"><\/i><i class=\"fa fa-star\" aria-hidden=\"true\"><\/i><i class=\"fa fa-star\" aria-hidden=\"true\"><\/i><\/span><span class=\"review-reviewer\">Robert Holoch<\/span><span class=\"review-date\">11 August, 2025<\/span><\/div><\/div><div class=\"gmb-review\" data=\"accounts\/113211944405253224958\/locations\/9448335135409203097\/reviews\/AbFvOqkj5hUFzN4f45fkkmkn0kF38b2diJdHN3a9TDIq5B5UTn8bPjgPyt3WWB1sPFy2f6UuHNOCnA\"><div class=\"gmb-review-inner\"><span class=\"review-rating\"><i class=\"fa fa-star\" aria-hidden=\"true\"><\/i><i class=\"fa fa-star\" aria-hidden=\"true\"><\/i><i class=\"fa fa-star\" aria-hidden=\"true\"><\/i><i class=\"fa fa-star\" aria-hidden=\"true\"><\/i><i class=\"fa fa-star\" aria-hidden=\"true\"><\/i><\/span><span class=\"review-reviewer\">Andreas Sahlgren<\/span><span class=\"review-date\">24 July, 2025<\/span><\/div><\/div><div class=\"gmb-review\" data=\"accounts\/113211944405253224958\/locations\/9448335135409203097\/reviews\/AbFvOqniHloNnfslUEPwt7ri9zD29pS50gP0L2LVpBRn8QVPsd_brOOtDY0qH4xvnCC3TEOJAXT9oA\"><div class=\"gmb-review-inner\"><span class=\"review-rating\"><i class=\"fa fa-star\" aria-hidden=\"true\"><\/i><i class=\"fa fa-star\" aria-hidden=\"true\"><\/i><i class=\"fa fa-star\" aria-hidden=\"true\"><\/i><i class=\"fa fa-star\" aria-hidden=\"true\"><\/i><i class=\"fa fa-star\" aria-hidden=\"true\"><\/i><\/span><span class=\"review-reviewer\">Gozgumz<\/span><span class=\"review-date\">22 July, 2025<\/span><\/div><\/div><\/div>\n\n\n\n<p><\/p>\n\n\n\n<div class=\"wp-block-cover alignfull\" style=\"min-height:376px;aspect-ratio:unset;\"><span aria-hidden=\"true\" class=\"wp-block-cover__background has-background-dim\"><\/span><img loading=\"lazy\" decoding=\"async\" width=\"2048\" height=\"1365\" class=\"wp-block-cover__image-background wp-image-2265\" alt=\"\" src=\"https:\/\/hogtlagt.se\/sundsvall\/wp-content\/uploads\/sites\/5\/2023\/12\/Hogt-Lagt-WEBB-1235.jpg\" style=\"object-position:50% 66%\" data-object-fit=\"cover\" data-object-position=\"50% 66%\" srcset=\"https:\/\/hogtlagt.se\/sundsvall\/wp-content\/uploads\/sites\/5\/2023\/12\/Hogt-Lagt-WEBB-1235.jpg 2048w, https:\/\/hogtlagt.se\/sundsvall\/wp-content\/uploads\/sites\/5\/2023\/12\/Hogt-Lagt-WEBB-1235-300x200.jpg 300w, https:\/\/hogtlagt.se\/sundsvall\/wp-content\/uploads\/sites\/5\/2023\/12\/Hogt-Lagt-WEBB-1235-1024x683.jpg 1024w, https:\/\/hogtlagt.se\/sundsvall\/wp-content\/uploads\/sites\/5\/2023\/12\/Hogt-Lagt-WEBB-1235-768x512.jpg 768w, https:\/\/hogtlagt.se\/sundsvall\/wp-content\/uploads\/sites\/5\/2023\/12\/Hogt-Lagt-WEBB-1235-1536x1024.jpg 1536w\" sizes=\"auto, (max-width: 2048px) 100vw, 2048px\" \/><div class=\"wp-block-cover__inner-container has-global-padding is-layout-constrained wp-block-cover-is-layout-constrained\">\n<p class=\"has-text-align-center\" style=\"font-size:25px\">Allt vi g\u00f6r genomsyras av v\u00e5ra grundl\u00e4ggande v\u00e4rden&nbsp;<em>Genomarbetat, S\u00e4kert, Innovativt, Inkluderande<\/em>&nbsp;och&nbsp;<em>Utmanande.<\/em>&nbsp;Vi \u00e4r drivna, vi arbetar h\u00e5rt, vi brinner f\u00f6r varje kunds upplevelse, vi \u00e4r med och utvecklar branschen och vi har j\u00e4kligt roligt medans vi g\u00f6r det!<\/p>\n<\/div><\/div>\n","protected":false},"excerpt":{"rendered":"<p>Kl\u00e4ttring och \u00e4ventyr l\u00e4ngs h\u00f6gh\u00f6jdsbanor i Sundsvall Kl\u00e4tterparken i Sundsvall \u00e4r vackert bel\u00e4gen i skogen uppe p\u00e5 S\u00f6dra Bergets friluftsomr\u00e5de. Parken \u00e4r \u00f6ppen f\u00f6r alla och det \u00e4r enbart de&#8230;<\/p>\n","protected":false},"author":1,"featured_media":2158,"parent":97,"menu_order":1,"comment_status":"closed","ping_status":"closed","template":"templates\/empty.php","meta":{"_acf_changed":false,"inline_featured_image":false,"footnotes":""},"class_list":["post-105","page","type-page","status-publish","has-post-thumbnail"],"acf":[],"yoast_head":"<!-- This site is optimized with the Yoast SEO plugin v26.1.1 - https:\/\/yoast.com\/wordpress\/plugins\/seo\/ -->\n<title>Kl\u00e4tterparken och v\u00e5ra h\u00f6gh\u00f6jdsbanor - H\u00f6gt &amp; L\u00e5gt Sundsvall<\/title>\n<meta name=\"description\" content=\"Information om v\u00e5ra kl\u00e4tterbanor, h\u00e4r hittar du information vart den l\u00e4ngsta zipline finns, Kl\u00e4tterv\u00e4ggen, frittfall och den flygande kokosn\u00f6ten.\" \/>\n<meta name=\"robots\" content=\"index, follow, max-snippet:-1, max-image-preview:large, max-video-preview:-1\" \/>\n<link rel=\"canonical\" href=\"https:\/\/hogtlagt.se\/sundsvall\/klatterparken\/klatterbanorna\/\" \/>\n<meta property=\"og:locale\" content=\"sv_SE\" \/>\n<meta property=\"og:type\" content=\"article\" \/>\n<meta property=\"og:title\" content=\"Kl\u00e4tterparken och v\u00e5ra h\u00f6gh\u00f6jdsbanor - H\u00f6gt &amp; L\u00e5gt Sundsvall\" \/>\n<meta property=\"og:description\" content=\"Information om v\u00e5ra kl\u00e4tterbanor, h\u00e4r hittar du information vart den l\u00e4ngsta zipline finns, Kl\u00e4tterv\u00e4ggen, frittfall och den flygande kokosn\u00f6ten.\" \/>\n<meta property=\"og:url\" content=\"https:\/\/hogtlagt.se\/sundsvall\/klatterparken\/klatterbanorna\/\" \/>\n<meta property=\"og:site_name\" content=\"H\u00f6gt &amp; L\u00e5gt Sundsvall\" \/>\n<meta property=\"article:modified_time\" content=\"2024-07-11T10:48:51+00:00\" \/>\n<meta property=\"og:image\" content=\"https:\/\/hogtlagt.se\/sundsvall\/wp-content\/uploads\/sites\/5\/2023\/10\/va\u030ara-ho\u0308gho\u0308jdsbanor-1.jpg\" \/>\n\t<meta property=\"og:image:width\" content=\"2048\" \/>\n\t<meta property=\"og:image:height\" content=\"1365\" \/>\n\t<meta property=\"og:image:type\" content=\"image\/jpeg\" \/>\n<meta name=\"twitter:card\" content=\"summary_large_image\" \/>\n<meta name=\"twitter:label1\" content=\"Ber\u00e4knad l\u00e4stid\" \/>\n\t<meta name=\"twitter:data1\" content=\"5 minuter\" \/>\n<script type=\"application\/ld+json\" class=\"yoast-schema-graph\">{\"@context\":\"https:\/\/schema.org\",\"@graph\":[{\"@type\":\"WebPage\",\"@id\":\"https:\/\/hogtlagt.se\/sundsvall\/klatterparken\/klatterbanorna\/\",\"url\":\"https:\/\/hogtlagt.se\/sundsvall\/klatterparken\/klatterbanorna\/\",\"name\":\"Kl\u00e4tterparken och v\u00e5ra h\u00f6gh\u00f6jdsbanor - H\u00f6gt &amp; L\u00e5gt Sundsvall\",\"isPartOf\":{\"@id\":\"https:\/\/hogtlagt.se\/sundsvall\/#website\"},\"primaryImageOfPage\":{\"@id\":\"https:\/\/hogtlagt.se\/sundsvall\/klatterparken\/klatterbanorna\/#primaryimage\"},\"image\":{\"@id\":\"https:\/\/hogtlagt.se\/sundsvall\/klatterparken\/klatterbanorna\/#primaryimage\"},\"thumbnailUrl\":\"https:\/\/hogtlagt.se\/sundsvall\/wp-content\/uploads\/sites\/5\/2023\/10\/va\u030ara-ho\u0308gho\u0308jdsbanor-1.jpg\",\"datePublished\":\"2020-03-06T09:09:48+00:00\",\"dateModified\":\"2024-07-11T10:48:51+00:00\",\"description\":\"Information om v\u00e5ra kl\u00e4tterbanor, h\u00e4r hittar du information vart den l\u00e4ngsta zipline finns, Kl\u00e4tterv\u00e4ggen, frittfall och den flygande kokosn\u00f6ten.\",\"breadcrumb\":{\"@id\":\"https:\/\/hogtlagt.se\/sundsvall\/klatterparken\/klatterbanorna\/#breadcrumb\"},\"inLanguage\":\"sv-SE\",\"potentialAction\":[{\"@type\":\"ReadAction\",\"target\":[\"https:\/\/hogtlagt.se\/sundsvall\/klatterparken\/klatterbanorna\/\"]}]},{\"@type\":\"ImageObject\",\"inLanguage\":\"sv-SE\",\"@id\":\"https:\/\/hogtlagt.se\/sundsvall\/klatterparken\/klatterbanorna\/#primaryimage\",\"url\":\"https:\/\/hogtlagt.se\/sundsvall\/wp-content\/uploads\/sites\/5\/2023\/10\/va\u030ara-ho\u0308gho\u0308jdsbanor-1.jpg\",\"contentUrl\":\"https:\/\/hogtlagt.se\/sundsvall\/wp-content\/uploads\/sites\/5\/2023\/10\/va\u030ara-ho\u0308gho\u0308jdsbanor-1.jpg\",\"width\":2048,\"height\":1365,\"caption\":\"20200607 H\u00f6gt &amp; L\u00e5gt i Karlstad. Foto: Fredrik Karlsson\/SolstaFoto\"},{\"@type\":\"BreadcrumbList\",\"@id\":\"https:\/\/hogtlagt.se\/sundsvall\/klatterparken\/klatterbanorna\/#breadcrumb\",\"itemListElement\":[{\"@type\":\"ListItem\",\"position\":1,\"name\":\"Hem\",\"item\":\"https:\/\/hogtlagt.se\/sundsvall\/\"},{\"@type\":\"ListItem\",\"position\":2,\"name\":\"Kl\u00e4tterparken\",\"item\":\"https:\/\/hogtlagt.se\/sundsvall\/klatterparken\/\"},{\"@type\":\"ListItem\",\"position\":3,\"name\":\"Kl\u00e4tterparken och v\u00e5ra h\u00f6gh\u00f6jdsbanor\"}]},{\"@type\":\"WebSite\",\"@id\":\"https:\/\/hogtlagt.se\/sundsvall\/#website\",\"url\":\"https:\/\/hogtlagt.se\/sundsvall\/\",\"name\":\"H\u00f6gt &amp; L\u00e5gt Sundsvall\",\"description\":\"\",\"potentialAction\":[{\"@type\":\"SearchAction\",\"target\":{\"@type\":\"EntryPoint\",\"urlTemplate\":\"https:\/\/hogtlagt.se\/sundsvall\/?s={search_term_string}\"},\"query-input\":{\"@type\":\"PropertyValueSpecification\",\"valueRequired\":true,\"valueName\":\"search_term_string\"}}],\"inLanguage\":\"sv-SE\"}]}<\/script>\n<!-- \/ Yoast SEO plugin. -->","yoast_head_json":{"title":"Kl\u00e4tterparken och v\u00e5ra h\u00f6gh\u00f6jdsbanor - H\u00f6gt &amp; L\u00e5gt Sundsvall","description":"Information om v\u00e5ra kl\u00e4tterbanor, h\u00e4r hittar du information vart den l\u00e4ngsta zipline finns, Kl\u00e4tterv\u00e4ggen, frittfall och den flygande kokosn\u00f6ten.","robots":{"index":"index","follow":"follow","max-snippet":"max-snippet:-1","max-image-preview":"max-image-preview:large","max-video-preview":"max-video-preview:-1"},"canonical":"https:\/\/hogtlagt.se\/sundsvall\/klatterparken\/klatterbanorna\/","og_locale":"sv_SE","og_type":"article","og_title":"Kl\u00e4tterparken och v\u00e5ra h\u00f6gh\u00f6jdsbanor - H\u00f6gt &amp; L\u00e5gt Sundsvall","og_description":"Information om v\u00e5ra kl\u00e4tterbanor, h\u00e4r hittar du information vart den l\u00e4ngsta zipline finns, Kl\u00e4tterv\u00e4ggen, frittfall och den flygande kokosn\u00f6ten.","og_url":"https:\/\/hogtlagt.se\/sundsvall\/klatterparken\/klatterbanorna\/","og_site_name":"H\u00f6gt &amp; L\u00e5gt Sundsvall","article_modified_time":"2024-07-11T10:48:51+00:00","og_image":[{"width":2048,"height":1365,"url":"https:\/\/hogtlagt.se\/sundsvall\/wp-content\/uploads\/sites\/5\/2023\/10\/va\u030ara-ho\u0308gho\u0308jdsbanor-1.jpg","type":"image\/jpeg"}],"twitter_card":"summary_large_image","twitter_misc":{"Ber\u00e4knad l\u00e4stid":"5 minuter"},"schema":{"@context":"https:\/\/schema.org","@graph":[{"@type":"WebPage","@id":"https:\/\/hogtlagt.se\/sundsvall\/klatterparken\/klatterbanorna\/","url":"https:\/\/hogtlagt.se\/sundsvall\/klatterparken\/klatterbanorna\/","name":"Kl\u00e4tterparken och v\u00e5ra h\u00f6gh\u00f6jdsbanor - H\u00f6gt &amp; L\u00e5gt Sundsvall","isPartOf":{"@id":"https:\/\/hogtlagt.se\/sundsvall\/#website"},"primaryImageOfPage":{"@id":"https:\/\/hogtlagt.se\/sundsvall\/klatterparken\/klatterbanorna\/#primaryimage"},"image":{"@id":"https:\/\/hogtlagt.se\/sundsvall\/klatterparken\/klatterbanorna\/#primaryimage"},"thumbnailUrl":"https:\/\/hogtlagt.se\/sundsvall\/wp-content\/uploads\/sites\/5\/2023\/10\/va\u030ara-ho\u0308gho\u0308jdsbanor-1.jpg","datePublished":"2020-03-06T09:09:48+00:00","dateModified":"2024-07-11T10:48:51+00:00","description":"Information om v\u00e5ra kl\u00e4tterbanor, h\u00e4r hittar du information vart den l\u00e4ngsta zipline finns, Kl\u00e4tterv\u00e4ggen, frittfall och den flygande kokosn\u00f6ten.","breadcrumb":{"@id":"https:\/\/hogtlagt.se\/sundsvall\/klatterparken\/klatterbanorna\/#breadcrumb"},"inLanguage":"sv-SE","potentialAction":[{"@type":"ReadAction","target":["https:\/\/hogtlagt.se\/sundsvall\/klatterparken\/klatterbanorna\/"]}]},{"@type":"ImageObject","inLanguage":"sv-SE","@id":"https:\/\/hogtlagt.se\/sundsvall\/klatterparken\/klatterbanorna\/#primaryimage","url":"https:\/\/hogtlagt.se\/sundsvall\/wp-content\/uploads\/sites\/5\/2023\/10\/va\u030ara-ho\u0308gho\u0308jdsbanor-1.jpg","contentUrl":"https:\/\/hogtlagt.se\/sundsvall\/wp-content\/uploads\/sites\/5\/2023\/10\/va\u030ara-ho\u0308gho\u0308jdsbanor-1.jpg","width":2048,"height":1365,"caption":"20200607 H\u00f6gt &amp; L\u00e5gt i Karlstad. Foto: Fredrik Karlsson\/SolstaFoto"},{"@type":"BreadcrumbList","@id":"https:\/\/hogtlagt.se\/sundsvall\/klatterparken\/klatterbanorna\/#breadcrumb","itemListElement":[{"@type":"ListItem","position":1,"name":"Hem","item":"https:\/\/hogtlagt.se\/sundsvall\/"},{"@type":"ListItem","position":2,"name":"Kl\u00e4tterparken","item":"https:\/\/hogtlagt.se\/sundsvall\/klatterparken\/"},{"@type":"ListItem","position":3,"name":"Kl\u00e4tterparken och v\u00e5ra h\u00f6gh\u00f6jdsbanor"}]},{"@type":"WebSite","@id":"https:\/\/hogtlagt.se\/sundsvall\/#website","url":"https:\/\/hogtlagt.se\/sundsvall\/","name":"H\u00f6gt &amp; L\u00e5gt Sundsvall","description":"","potentialAction":[{"@type":"SearchAction","target":{"@type":"EntryPoint","urlTemplate":"https:\/\/hogtlagt.se\/sundsvall\/?s={search_term_string}"},"query-input":{"@type":"PropertyValueSpecification","valueRequired":true,"valueName":"search_term_string"}}],"inLanguage":"sv-SE"}]}},"_links":{"self":[{"href":"https:\/\/hogtlagt.se\/sundsvall\/wp-json\/wp\/v2\/pages\/105","targetHints":{"allow":["GET"]}}],"collection":[{"href":"https:\/\/hogtlagt.se\/sundsvall\/wp-json\/wp\/v2\/pages"}],"about":[{"href":"https:\/\/hogtlagt.se\/sundsvall\/wp-json\/wp\/v2\/types\/page"}],"author":[{"embeddable":true,"href":"https:\/\/hogtlagt.se\/sundsvall\/wp-json\/wp\/v2\/users\/1"}],"replies":[{"embeddable":true,"href":"https:\/\/hogtlagt.se\/sundsvall\/wp-json\/wp\/v2\/comments?post=105"}],"version-history":[{"count":40,"href":"https:\/\/hogtlagt.se\/sundsvall\/wp-json\/wp\/v2\/pages\/105\/revisions"}],"predecessor-version":[{"id":2518,"href":"https:\/\/hogtlagt.se\/sundsvall\/wp-json\/wp\/v2\/pages\/105\/revisions\/2518"}],"up":[{"embeddable":true,"href":"https:\/\/hogtlagt.se\/sundsvall\/wp-json\/wp\/v2\/pages\/97"}],"wp:featuredmedia":[{"embeddable":true,"href":"https:\/\/hogtlagt.se\/sundsvall\/wp-json\/wp\/v2\/media\/2158"}],"wp:attachment":[{"href":"https:\/\/hogtlagt.se\/sundsvall\/wp-json\/wp\/v2\/media?parent=105"}],"curies":[{"name":"wp","href":"https:\/\/api.w.org\/{rel}","templated":true}]}}