{"id":103,"date":"2020-03-06T10:10:00","date_gmt":"2020-03-06T09:10:00","guid":{"rendered":"https:\/\/hogtlagt.se\/sundsvall\/klatterparken\/bilder-video\/"},"modified":"2024-02-16T10:06:25","modified_gmt":"2024-02-16T09:06:25","slug":"bilder-video","status":"publish","type":"page","link":"https:\/\/hogtlagt.se\/sundsvall\/klatterparken\/bilder-video\/","title":{"rendered":"Bilder &#038; Video"},"content":{"rendered":"\n<div class=\"wp-block-cover alignfull\" style=\"min-height:600px;aspect-ratio:unset;\"><span aria-hidden=\"true\" class=\"wp-block-cover__background has-background-dim-30 has-background-dim\"><\/span><img loading=\"lazy\" decoding=\"async\" width=\"2560\" height=\"1707\" class=\"wp-block-cover__image-background wp-image-2131\" alt=\"\" src=\"https:\/\/hogtlagt.se\/sundsvall\/wp-content\/uploads\/sites\/5\/2023\/10\/Bilder-och-video-scaled.jpg\" data-object-fit=\"cover\" srcset=\"https:\/\/hogtlagt.se\/sundsvall\/wp-content\/uploads\/sites\/5\/2023\/10\/Bilder-och-video-scaled.jpg 2560w, https:\/\/hogtlagt.se\/sundsvall\/wp-content\/uploads\/sites\/5\/2023\/10\/Bilder-och-video-300x200.jpg 300w, https:\/\/hogtlagt.se\/sundsvall\/wp-content\/uploads\/sites\/5\/2023\/10\/Bilder-och-video-1024x683.jpg 1024w, https:\/\/hogtlagt.se\/sundsvall\/wp-content\/uploads\/sites\/5\/2023\/10\/Bilder-och-video-768x512.jpg 768w, https:\/\/hogtlagt.se\/sundsvall\/wp-content\/uploads\/sites\/5\/2023\/10\/Bilder-och-video-1536x1024.jpg 1536w, https:\/\/hogtlagt.se\/sundsvall\/wp-content\/uploads\/sites\/5\/2023\/10\/Bilder-och-video-2048x1365.jpg 2048w\" sizes=\"auto, (max-width: 2560px) 100vw, 2560px\" \/><div class=\"wp-block-cover__inner-container has-global-padding is-layout-constrained wp-block-cover-is-layout-constrained\">\n<h2 class=\"wp-block-heading has-text-align-center\" style=\"font-size:55px\">Se vad som v\u00e4ntar i parken<\/h2>\n<\/div><\/div>\n\n\n\n<div style=\"height:100px\" aria-hidden=\"true\" class=\"wp-block-spacer\"><\/div>\n\n\n\n<figure class=\"wp-block-embed is-type-video is-provider-youtube wp-block-embed-youtube wp-embed-aspect-16-9 wp-has-aspect-ratio\"><div class=\"wp-block-embed__wrapper\">\n<iframe loading=\"lazy\" title=\"H\u00f6gt &amp; L\u00e5gt Kl\u00e4tterparker Sverige\" width=\"500\" height=\"281\" src=\"https:\/\/www.youtube.com\/embed\/UvGnkMotWg0?feature=oembed\" frameborder=\"0\" allow=\"accelerometer; autoplay; clipboard-write; encrypted-media; gyroscope; picture-in-picture; web-share\" referrerpolicy=\"strict-origin-when-cross-origin\" allowfullscreen><\/iframe>\n<\/div><\/figure>\n\n\n\n<div style=\"height:100px\" aria-hidden=\"true\" class=\"wp-block-spacer\"><\/div>\n\n\n\n<figure class=\"wp-block-gallery has-nested-images columns-default is-cropped wp-block-gallery-1 is-layout-flex wp-block-gallery-is-layout-flex\">\n<figure class=\"wp-block-image size-large\"><a href=\"https:\/\/hogtlagt.se\/sundsvall\/wp-content\/uploads\/sites\/5\/2023\/10\/Sundsvall.jpeg\"><img loading=\"lazy\" decoding=\"async\" width=\"1024\" height=\"768\" data-id=\"2198\" src=\"https:\/\/hogtlagt.se\/sundsvall\/wp-content\/uploads\/sites\/5\/2023\/10\/Sundsvall-1024x768.jpeg\" alt=\"Kl\u00e4ttrare kl\u00e4ttrar hindret Sundsvall h\u00f6gt uppe i tr\u00e4den\" class=\"wp-image-2198\" srcset=\"https:\/\/hogtlagt.se\/sundsvall\/wp-content\/uploads\/sites\/5\/2023\/10\/Sundsvall-1024x768.jpeg 1024w, https:\/\/hogtlagt.se\/sundsvall\/wp-content\/uploads\/sites\/5\/2023\/10\/Sundsvall-300x225.jpeg 300w, https:\/\/hogtlagt.se\/sundsvall\/wp-content\/uploads\/sites\/5\/2023\/10\/Sundsvall-768x576.jpeg 768w, https:\/\/hogtlagt.se\/sundsvall\/wp-content\/uploads\/sites\/5\/2023\/10\/Sundsvall-1536x1152.jpeg 1536w, https:\/\/hogtlagt.se\/sundsvall\/wp-content\/uploads\/sites\/5\/2023\/10\/Sundsvall.jpeg 2024w\" sizes=\"auto, (max-width: 1024px) 100vw, 1024px\" \/><\/a><figcaption class=\"wp-element-caption\">V\u00e4lkommen till H\u00f6gt &amp; L\u00e5gt Sundsvall<\/figcaption><\/figure>\n\n\n\n<figure class=\"wp-block-image size-large\"><a href=\"https:\/\/hogtlagt.se\/sundsvall\/wp-content\/uploads\/sites\/5\/2020\/10\/received_791397798296000.jpg\"><img loading=\"lazy\" decoding=\"async\" width=\"1024\" height=\"683\" data-id=\"441\" src=\"https:\/\/hogtlagt.se\/sundsvall\/wp-content\/uploads\/sites\/5\/2020\/10\/received_791397798296000-1024x683.jpg\" alt=\"Ung kl\u00e4ttrare \u00e5ker zipline och ser glad ut\" class=\"wp-image-441\" srcset=\"https:\/\/hogtlagt.se\/sundsvall\/wp-content\/uploads\/sites\/5\/2020\/10\/received_791397798296000-1024x683.jpg 1024w, https:\/\/hogtlagt.se\/sundsvall\/wp-content\/uploads\/sites\/5\/2020\/10\/received_791397798296000-300x200.jpg 300w, https:\/\/hogtlagt.se\/sundsvall\/wp-content\/uploads\/sites\/5\/2020\/10\/received_791397798296000-768x512.jpg 768w, https:\/\/hogtlagt.se\/sundsvall\/wp-content\/uploads\/sites\/5\/2020\/10\/received_791397798296000-1536x1024.jpg 1536w, https:\/\/hogtlagt.se\/sundsvall\/wp-content\/uploads\/sites\/5\/2020\/10\/received_791397798296000.jpg 1999w\" sizes=\"auto, (max-width: 1024px) 100vw, 1024px\" \/><\/a><figcaption class=\"wp-element-caption\">zipline<\/figcaption><\/figure>\n\n\n\n<figure class=\"wp-block-image size-large\"><a href=\"https:\/\/hogtlagt.se\/sundsvall\/wp-content\/uploads\/sites\/5\/2020\/10\/IMG_20200925_143139.jpg\"><img loading=\"lazy\" decoding=\"async\" width=\"1024\" height=\"683\" data-id=\"438\" src=\"https:\/\/hogtlagt.se\/sundsvall\/wp-content\/uploads\/sites\/5\/2020\/10\/IMG_20200925_143139-1024x683.jpg\" alt=\"En mamma och hennes barn kl\u00e4ttrar den orangea banan tillsammans och hj\u00e4lps \u00e5t\" class=\"wp-image-438\" srcset=\"https:\/\/hogtlagt.se\/sundsvall\/wp-content\/uploads\/sites\/5\/2020\/10\/IMG_20200925_143139-1024x683.jpg 1024w, https:\/\/hogtlagt.se\/sundsvall\/wp-content\/uploads\/sites\/5\/2020\/10\/IMG_20200925_143139-300x200.jpg 300w, https:\/\/hogtlagt.se\/sundsvall\/wp-content\/uploads\/sites\/5\/2020\/10\/IMG_20200925_143139-768x512.jpg 768w, https:\/\/hogtlagt.se\/sundsvall\/wp-content\/uploads\/sites\/5\/2020\/10\/IMG_20200925_143139-1536x1024.jpg 1536w, https:\/\/hogtlagt.se\/sundsvall\/wp-content\/uploads\/sites\/5\/2020\/10\/IMG_20200925_143139-2048x1366.jpg 2048w\" sizes=\"auto, (max-width: 1024px) 100vw, 1024px\" \/><\/a><figcaption class=\"wp-element-caption\">Familj i bana<\/figcaption><\/figure>\n\n\n\n<figure class=\"wp-block-image size-large\"><a href=\"https:\/\/hogtlagt.se\/sundsvall\/wp-content\/uploads\/sites\/5\/2023\/10\/zip-kille-1.jpg\"><img loading=\"lazy\" decoding=\"async\" width=\"1024\" height=\"683\" data-id=\"2205\" src=\"https:\/\/hogtlagt.se\/sundsvall\/wp-content\/uploads\/sites\/5\/2023\/10\/zip-kille-1-1024x683.jpg\" alt=\"En man \u00e5ker en l\u00e5ng zipline genom skogen i vackert ljus \" class=\"wp-image-2205\" srcset=\"https:\/\/hogtlagt.se\/sundsvall\/wp-content\/uploads\/sites\/5\/2023\/10\/zip-kille-1-1024x683.jpg 1024w, https:\/\/hogtlagt.se\/sundsvall\/wp-content\/uploads\/sites\/5\/2023\/10\/zip-kille-1-300x200.jpg 300w, https:\/\/hogtlagt.se\/sundsvall\/wp-content\/uploads\/sites\/5\/2023\/10\/zip-kille-1-768x512.jpg 768w, https:\/\/hogtlagt.se\/sundsvall\/wp-content\/uploads\/sites\/5\/2023\/10\/zip-kille-1-1536x1024.jpg 1536w, https:\/\/hogtlagt.se\/sundsvall\/wp-content\/uploads\/sites\/5\/2023\/10\/zip-kille-1.jpg 2048w\" sizes=\"auto, (max-width: 1024px) 100vw, 1024px\" \/><\/a><figcaption class=\"wp-element-caption\">L\u00e5ng zipline<\/figcaption><\/figure>\n\n\n\n<figure class=\"wp-block-image size-large\"><a href=\"https:\/\/hogtlagt.se\/sundsvall\/wp-content\/uploads\/sites\/5\/2020\/10\/IMG_20200828_104110.jpg\"><img loading=\"lazy\" decoding=\"async\" width=\"1024\" height=\"683\" data-id=\"434\" src=\"https:\/\/hogtlagt.se\/sundsvall\/wp-content\/uploads\/sites\/5\/2020\/10\/IMG_20200828_104110-1024x683.jpg\" alt=\"En cool kvinna kl\u00e4ttrar hindret rainbow bridge\" class=\"wp-image-434\" srcset=\"https:\/\/hogtlagt.se\/sundsvall\/wp-content\/uploads\/sites\/5\/2020\/10\/IMG_20200828_104110-1024x683.jpg 1024w, https:\/\/hogtlagt.se\/sundsvall\/wp-content\/uploads\/sites\/5\/2020\/10\/IMG_20200828_104110-300x200.jpg 300w, https:\/\/hogtlagt.se\/sundsvall\/wp-content\/uploads\/sites\/5\/2020\/10\/IMG_20200828_104110-768x512.jpg 768w, https:\/\/hogtlagt.se\/sundsvall\/wp-content\/uploads\/sites\/5\/2020\/10\/IMG_20200828_104110-1536x1024.jpg 1536w, https:\/\/hogtlagt.se\/sundsvall\/wp-content\/uploads\/sites\/5\/2020\/10\/IMG_20200828_104110-2048x1366.jpg 2048w\" sizes=\"auto, (max-width: 1024px) 100vw, 1024px\" \/><\/a><figcaption class=\"wp-element-caption\">Rainbow bridge<\/figcaption><\/figure>\n\n\n\n<figure class=\"wp-block-image size-large\"><a href=\"https:\/\/hogtlagt.se\/sundsvall\/wp-content\/uploads\/sites\/5\/2023\/10\/tjej-kla\u0308tterva\u0308gg.jpg\"><img loading=\"lazy\" decoding=\"async\" width=\"1024\" height=\"683\" data-id=\"2206\" src=\"https:\/\/hogtlagt.se\/sundsvall\/wp-content\/uploads\/sites\/5\/2023\/10\/tjej-kla\u0308tterva\u0308gg-1024x683.jpg\" alt=\"En kvinna kl\u00e4ttrar upp\u00e5t l\u00e4ngs kl\u00e4tterv\u00e4ggen i starten p\u00e5 den r\u00f6da banan\" class=\"wp-image-2206\" srcset=\"https:\/\/hogtlagt.se\/sundsvall\/wp-content\/uploads\/sites\/5\/2023\/10\/tjej-kla\u0308tterva\u0308gg-1024x683.jpg 1024w, https:\/\/hogtlagt.se\/sundsvall\/wp-content\/uploads\/sites\/5\/2023\/10\/tjej-kla\u0308tterva\u0308gg-300x200.jpg 300w, https:\/\/hogtlagt.se\/sundsvall\/wp-content\/uploads\/sites\/5\/2023\/10\/tjej-kla\u0308tterva\u0308gg-768x512.jpg 768w, https:\/\/hogtlagt.se\/sundsvall\/wp-content\/uploads\/sites\/5\/2023\/10\/tjej-kla\u0308tterva\u0308gg-1536x1024.jpg 1536w, https:\/\/hogtlagt.se\/sundsvall\/wp-content\/uploads\/sites\/5\/2023\/10\/tjej-kla\u0308tterva\u0308gg.jpg 2048w\" sizes=\"auto, (max-width: 1024px) 100vw, 1024px\" \/><\/a><figcaption class=\"wp-element-caption\">Kl\u00e4tterv\u00e4gg<\/figcaption><\/figure>\n\n\n\n<figure class=\"wp-block-image size-large\"><a href=\"https:\/\/hogtlagt.se\/sundsvall\/wp-content\/uploads\/sites\/5\/2023\/10\/Hoppa-scaled.jpg\"><img loading=\"lazy\" decoding=\"async\" width=\"1024\" height=\"683\" data-id=\"2200\" src=\"https:\/\/hogtlagt.se\/sundsvall\/wp-content\/uploads\/sites\/5\/2023\/10\/Hoppa-1024x683.jpg\" alt=\"En kille har precis hoppat ut fr\u00e5n pattformen i slutet p\u00e5 den r\u00f6da banan\" class=\"wp-image-2200\" srcset=\"https:\/\/hogtlagt.se\/sundsvall\/wp-content\/uploads\/sites\/5\/2023\/10\/Hoppa-1024x683.jpg 1024w, https:\/\/hogtlagt.se\/sundsvall\/wp-content\/uploads\/sites\/5\/2023\/10\/Hoppa-300x200.jpg 300w, https:\/\/hogtlagt.se\/sundsvall\/wp-content\/uploads\/sites\/5\/2023\/10\/Hoppa-768x512.jpg 768w, https:\/\/hogtlagt.se\/sundsvall\/wp-content\/uploads\/sites\/5\/2023\/10\/Hoppa-1536x1024.jpg 1536w, https:\/\/hogtlagt.se\/sundsvall\/wp-content\/uploads\/sites\/5\/2023\/10\/Hoppa-2048x1365.jpg 2048w\" sizes=\"auto, (max-width: 1024px) 100vw, 1024px\" \/><\/a><figcaption class=\"wp-element-caption\">Hoppa ner fr\u00e5n r\u00f6d bana<\/figcaption><\/figure>\n\n\n\n<figure class=\"wp-block-image size-large\"><a href=\"https:\/\/hogtlagt.se\/sundsvall\/wp-content\/uploads\/sites\/5\/2023\/10\/hinder-skog.jpeg\"><img loading=\"lazy\" decoding=\"async\" width=\"1024\" height=\"682\" data-id=\"2202\" src=\"https:\/\/hogtlagt.se\/sundsvall\/wp-content\/uploads\/sites\/5\/2023\/10\/hinder-skog-1024x682.jpeg\" alt=\"En kl\u00e4ttrare kommer g\u00e5ende l\u00e4ngs ett hinder h\u00f6gt uppe bland tr\u00e4den \" class=\"wp-image-2202\" srcset=\"https:\/\/hogtlagt.se\/sundsvall\/wp-content\/uploads\/sites\/5\/2023\/10\/hinder-skog-1024x682.jpeg 1024w, https:\/\/hogtlagt.se\/sundsvall\/wp-content\/uploads\/sites\/5\/2023\/10\/hinder-skog-300x200.jpeg 300w, https:\/\/hogtlagt.se\/sundsvall\/wp-content\/uploads\/sites\/5\/2023\/10\/hinder-skog-768x512.jpeg 768w, https:\/\/hogtlagt.se\/sundsvall\/wp-content\/uploads\/sites\/5\/2023\/10\/hinder-skog-1536x1023.jpeg 1536w, https:\/\/hogtlagt.se\/sundsvall\/wp-content\/uploads\/sites\/5\/2023\/10\/hinder-skog-2048x1364.jpeg 2048w\" sizes=\"auto, (max-width: 1024px) 100vw, 1024px\" \/><\/a><figcaption class=\"wp-element-caption\">hinder i skogen<\/figcaption><\/figure>\n\n\n\n<figure class=\"wp-block-image size-large\"><a href=\"https:\/\/hogtlagt.se\/sundsvall\/wp-content\/uploads\/sites\/5\/2023\/10\/tva\u030a-a\u0308nnu-gladare-barn.jpg\"><img loading=\"lazy\" decoding=\"async\" width=\"1024\" height=\"683\" data-id=\"2203\" src=\"https:\/\/hogtlagt.se\/sundsvall\/wp-content\/uploads\/sites\/5\/2023\/10\/tva\u030a-a\u0308nnu-gladare-barn-1024x683.jpg\" alt=\"Tv\u00e5 kompisar st\u00e5r p\u00e5 marken och h\u00e5ller om varandra och skrattar, de har precis kl\u00e4ttrat klart\" class=\"wp-image-2203\" srcset=\"https:\/\/hogtlagt.se\/sundsvall\/wp-content\/uploads\/sites\/5\/2023\/10\/tva\u030a-a\u0308nnu-gladare-barn-1024x683.jpg 1024w, https:\/\/hogtlagt.se\/sundsvall\/wp-content\/uploads\/sites\/5\/2023\/10\/tva\u030a-a\u0308nnu-gladare-barn-300x200.jpg 300w, https:\/\/hogtlagt.se\/sundsvall\/wp-content\/uploads\/sites\/5\/2023\/10\/tva\u030a-a\u0308nnu-gladare-barn-768x512.jpg 768w, https:\/\/hogtlagt.se\/sundsvall\/wp-content\/uploads\/sites\/5\/2023\/10\/tva\u030a-a\u0308nnu-gladare-barn-1536x1024.jpg 1536w, https:\/\/hogtlagt.se\/sundsvall\/wp-content\/uploads\/sites\/5\/2023\/10\/tva\u030a-a\u0308nnu-gladare-barn.jpg 2048w\" sizes=\"auto, (max-width: 1024px) 100vw, 1024px\" \/><\/a><figcaption class=\"wp-element-caption\">Glada bes\u00f6kare<\/figcaption><\/figure>\n<\/figure>\n\n\n\n<div style=\"height:46px\" aria-hidden=\"true\" class=\"wp-block-spacer\"><\/div>\n\n\n\n<div style=\"height:100px\" aria-hidden=\"true\" class=\"wp-block-spacer\"><\/div>\n\n\n\n<div class=\"wp-block-cover alignfull\" style=\"min-height:376px;aspect-ratio:unset;\"><span aria-hidden=\"true\" class=\"wp-block-cover__background has-background-dim\"><\/span><img loading=\"lazy\" decoding=\"async\" width=\"2048\" height=\"1365\" class=\"wp-block-cover__image-background wp-image-2265\" alt=\"\" src=\"https:\/\/hogtlagt.se\/sundsvall\/wp-content\/uploads\/sites\/5\/2023\/12\/Hogt-Lagt-WEBB-1235.jpg\" style=\"object-position:50% 66%\" data-object-fit=\"cover\" data-object-position=\"50% 66%\" srcset=\"https:\/\/hogtlagt.se\/sundsvall\/wp-content\/uploads\/sites\/5\/2023\/12\/Hogt-Lagt-WEBB-1235.jpg 2048w, https:\/\/hogtlagt.se\/sundsvall\/wp-content\/uploads\/sites\/5\/2023\/12\/Hogt-Lagt-WEBB-1235-300x200.jpg 300w, https:\/\/hogtlagt.se\/sundsvall\/wp-content\/uploads\/sites\/5\/2023\/12\/Hogt-Lagt-WEBB-1235-1024x683.jpg 1024w, https:\/\/hogtlagt.se\/sundsvall\/wp-content\/uploads\/sites\/5\/2023\/12\/Hogt-Lagt-WEBB-1235-768x512.jpg 768w, https:\/\/hogtlagt.se\/sundsvall\/wp-content\/uploads\/sites\/5\/2023\/12\/Hogt-Lagt-WEBB-1235-1536x1024.jpg 1536w\" sizes=\"auto, (max-width: 2048px) 100vw, 2048px\" \/><div class=\"wp-block-cover__inner-container has-global-padding is-layout-constrained wp-block-cover-is-layout-constrained\">\n<p class=\"has-text-align-center\" style=\"font-size:25px\">Allt vi g\u00f6r genomsyras av v\u00e5ra grundl\u00e4ggande v\u00e4rden&nbsp;<em>Genomarbetat, S\u00e4kert, Innovativt, Inkluderande<\/em>&nbsp;och&nbsp;<em>Utmanande.<\/em>&nbsp;Vi \u00e4r drivna, vi arbetar h\u00e5rt, vi brinner f\u00f6r varje kunds upplevelse, vi \u00e4r med och utvecklar branschen och vi har j\u00e4kligt roligt medans vi g\u00f6r det!<\/p>\n<\/div><\/div>\n","protected":false},"excerpt":{"rendered":"","protected":false},"author":1,"featured_media":2161,"parent":97,"menu_order":2,"comment_status":"closed","ping_status":"closed","template":"templates\/empty.php","meta":{"_acf_changed":false,"inline_featured_image":false,"footnotes":""},"class_list":["post-103","page","type-page","status-publish","has-post-thumbnail"],"acf":[],"yoast_head":"<!-- This site is optimized with the Yoast SEO plugin v26.1.1 - https:\/\/yoast.com\/wordpress\/plugins\/seo\/ -->\n<title>Bilder &amp; Video - H\u00f6gt &amp; L\u00e5gt Sundsvall<\/title>\n<meta name=\"description\" content=\"Bilder och video p\u00e5 kl\u00e4tterparken, h\u00f6gh\u00f6jdsbana i sundsvall.\" \/>\n<meta name=\"robots\" content=\"index, follow, max-snippet:-1, max-image-preview:large, max-video-preview:-1\" \/>\n<link rel=\"canonical\" href=\"https:\/\/hogtlagt.se\/sundsvall\/klatterparken\/bilder-video\/\" \/>\n<meta property=\"og:locale\" content=\"sv_SE\" \/>\n<meta property=\"og:type\" content=\"article\" \/>\n<meta property=\"og:title\" content=\"Bilder &amp; Video - H\u00f6gt &amp; L\u00e5gt Sundsvall\" \/>\n<meta property=\"og:description\" content=\"Bilder och video p\u00e5 kl\u00e4tterparken, h\u00f6gh\u00f6jdsbana i sundsvall.\" \/>\n<meta property=\"og:url\" content=\"https:\/\/hogtlagt.se\/sundsvall\/klatterparken\/bilder-video\/\" \/>\n<meta property=\"og:site_name\" content=\"H\u00f6gt &amp; L\u00e5gt Sundsvall\" \/>\n<meta property=\"article:modified_time\" content=\"2024-02-16T09:06:25+00:00\" \/>\n<meta property=\"og:image\" content=\"https:\/\/hogtlagt.se\/sundsvall\/wp-content\/uploads\/sites\/5\/2023\/10\/Bilder-och-video-1-scaled.jpg\" \/>\n\t<meta property=\"og:image:width\" content=\"2560\" \/>\n\t<meta property=\"og:image:height\" content=\"1707\" \/>\n\t<meta property=\"og:image:type\" content=\"image\/jpeg\" \/>\n<meta name=\"twitter:card\" content=\"summary_large_image\" \/>\n<meta name=\"twitter:label1\" content=\"Ber\u00e4knad l\u00e4stid\" \/>\n\t<meta name=\"twitter:data1\" content=\"3 minuter\" \/>\n<script type=\"application\/ld+json\" class=\"yoast-schema-graph\">{\"@context\":\"https:\/\/schema.org\",\"@graph\":[{\"@type\":\"WebPage\",\"@id\":\"https:\/\/hogtlagt.se\/sundsvall\/klatterparken\/bilder-video\/\",\"url\":\"https:\/\/hogtlagt.se\/sundsvall\/klatterparken\/bilder-video\/\",\"name\":\"Bilder & Video - H\u00f6gt &amp; L\u00e5gt Sundsvall\",\"isPartOf\":{\"@id\":\"https:\/\/hogtlagt.se\/sundsvall\/#website\"},\"primaryImageOfPage\":{\"@id\":\"https:\/\/hogtlagt.se\/sundsvall\/klatterparken\/bilder-video\/#primaryimage\"},\"image\":{\"@id\":\"https:\/\/hogtlagt.se\/sundsvall\/klatterparken\/bilder-video\/#primaryimage\"},\"thumbnailUrl\":\"https:\/\/hogtlagt.se\/sundsvall\/wp-content\/uploads\/sites\/5\/2023\/10\/Bilder-och-video-1-scaled.jpg\",\"datePublished\":\"2020-03-06T09:10:00+00:00\",\"dateModified\":\"2024-02-16T09:06:25+00:00\",\"description\":\"Bilder och video p\u00e5 kl\u00e4tterparken, h\u00f6gh\u00f6jdsbana i sundsvall.\",\"breadcrumb\":{\"@id\":\"https:\/\/hogtlagt.se\/sundsvall\/klatterparken\/bilder-video\/#breadcrumb\"},\"inLanguage\":\"sv-SE\",\"potentialAction\":[{\"@type\":\"ReadAction\",\"target\":[\"https:\/\/hogtlagt.se\/sundsvall\/klatterparken\/bilder-video\/\"]}]},{\"@type\":\"ImageObject\",\"inLanguage\":\"sv-SE\",\"@id\":\"https:\/\/hogtlagt.se\/sundsvall\/klatterparken\/bilder-video\/#primaryimage\",\"url\":\"https:\/\/hogtlagt.se\/sundsvall\/wp-content\/uploads\/sites\/5\/2023\/10\/Bilder-och-video-1-scaled.jpg\",\"contentUrl\":\"https:\/\/hogtlagt.se\/sundsvall\/wp-content\/uploads\/sites\/5\/2023\/10\/Bilder-och-video-1-scaled.jpg\",\"width\":2560,\"height\":1707,\"caption\":\"Instrukt\u00f6r ber\u00e4ttar om hur det g\u00e5r till att kl\u00e4ttra i parken\"},{\"@type\":\"BreadcrumbList\",\"@id\":\"https:\/\/hogtlagt.se\/sundsvall\/klatterparken\/bilder-video\/#breadcrumb\",\"itemListElement\":[{\"@type\":\"ListItem\",\"position\":1,\"name\":\"Hem\",\"item\":\"https:\/\/hogtlagt.se\/sundsvall\/\"},{\"@type\":\"ListItem\",\"position\":2,\"name\":\"Kl\u00e4tterparken\",\"item\":\"https:\/\/hogtlagt.se\/sundsvall\/klatterparken\/\"},{\"@type\":\"ListItem\",\"position\":3,\"name\":\"Bilder &#038; Video\"}]},{\"@type\":\"WebSite\",\"@id\":\"https:\/\/hogtlagt.se\/sundsvall\/#website\",\"url\":\"https:\/\/hogtlagt.se\/sundsvall\/\",\"name\":\"H\u00f6gt &amp; L\u00e5gt Sundsvall\",\"description\":\"\",\"potentialAction\":[{\"@type\":\"SearchAction\",\"target\":{\"@type\":\"EntryPoint\",\"urlTemplate\":\"https:\/\/hogtlagt.se\/sundsvall\/?s={search_term_string}\"},\"query-input\":{\"@type\":\"PropertyValueSpecification\",\"valueRequired\":true,\"valueName\":\"search_term_string\"}}],\"inLanguage\":\"sv-SE\"}]}<\/script>\n<!-- \/ Yoast SEO plugin. -->","yoast_head_json":{"title":"Bilder & Video - H\u00f6gt &amp; L\u00e5gt Sundsvall","description":"Bilder och video p\u00e5 kl\u00e4tterparken, h\u00f6gh\u00f6jdsbana i sundsvall.","robots":{"index":"index","follow":"follow","max-snippet":"max-snippet:-1","max-image-preview":"max-image-preview:large","max-video-preview":"max-video-preview:-1"},"canonical":"https:\/\/hogtlagt.se\/sundsvall\/klatterparken\/bilder-video\/","og_locale":"sv_SE","og_type":"article","og_title":"Bilder & Video - H\u00f6gt &amp; L\u00e5gt Sundsvall","og_description":"Bilder och video p\u00e5 kl\u00e4tterparken, h\u00f6gh\u00f6jdsbana i sundsvall.","og_url":"https:\/\/hogtlagt.se\/sundsvall\/klatterparken\/bilder-video\/","og_site_name":"H\u00f6gt &amp; L\u00e5gt Sundsvall","article_modified_time":"2024-02-16T09:06:25+00:00","og_image":[{"width":2560,"height":1707,"url":"https:\/\/hogtlagt.se\/sundsvall\/wp-content\/uploads\/sites\/5\/2023\/10\/Bilder-och-video-1-scaled.jpg","type":"image\/jpeg"}],"twitter_card":"summary_large_image","twitter_misc":{"Ber\u00e4knad l\u00e4stid":"3 minuter"},"schema":{"@context":"https:\/\/schema.org","@graph":[{"@type":"WebPage","@id":"https:\/\/hogtlagt.se\/sundsvall\/klatterparken\/bilder-video\/","url":"https:\/\/hogtlagt.se\/sundsvall\/klatterparken\/bilder-video\/","name":"Bilder & Video - H\u00f6gt &amp; L\u00e5gt Sundsvall","isPartOf":{"@id":"https:\/\/hogtlagt.se\/sundsvall\/#website"},"primaryImageOfPage":{"@id":"https:\/\/hogtlagt.se\/sundsvall\/klatterparken\/bilder-video\/#primaryimage"},"image":{"@id":"https:\/\/hogtlagt.se\/sundsvall\/klatterparken\/bilder-video\/#primaryimage"},"thumbnailUrl":"https:\/\/hogtlagt.se\/sundsvall\/wp-content\/uploads\/sites\/5\/2023\/10\/Bilder-och-video-1-scaled.jpg","datePublished":"2020-03-06T09:10:00+00:00","dateModified":"2024-02-16T09:06:25+00:00","description":"Bilder och video p\u00e5 kl\u00e4tterparken, h\u00f6gh\u00f6jdsbana i sundsvall.","breadcrumb":{"@id":"https:\/\/hogtlagt.se\/sundsvall\/klatterparken\/bilder-video\/#breadcrumb"},"inLanguage":"sv-SE","potentialAction":[{"@type":"ReadAction","target":["https:\/\/hogtlagt.se\/sundsvall\/klatterparken\/bilder-video\/"]}]},{"@type":"ImageObject","inLanguage":"sv-SE","@id":"https:\/\/hogtlagt.se\/sundsvall\/klatterparken\/bilder-video\/#primaryimage","url":"https:\/\/hogtlagt.se\/sundsvall\/wp-content\/uploads\/sites\/5\/2023\/10\/Bilder-och-video-1-scaled.jpg","contentUrl":"https:\/\/hogtlagt.se\/sundsvall\/wp-content\/uploads\/sites\/5\/2023\/10\/Bilder-och-video-1-scaled.jpg","width":2560,"height":1707,"caption":"Instrukt\u00f6r ber\u00e4ttar om hur det g\u00e5r till att kl\u00e4ttra i parken"},{"@type":"BreadcrumbList","@id":"https:\/\/hogtlagt.se\/sundsvall\/klatterparken\/bilder-video\/#breadcrumb","itemListElement":[{"@type":"ListItem","position":1,"name":"Hem","item":"https:\/\/hogtlagt.se\/sundsvall\/"},{"@type":"ListItem","position":2,"name":"Kl\u00e4tterparken","item":"https:\/\/hogtlagt.se\/sundsvall\/klatterparken\/"},{"@type":"ListItem","position":3,"name":"Bilder &#038; Video"}]},{"@type":"WebSite","@id":"https:\/\/hogtlagt.se\/sundsvall\/#website","url":"https:\/\/hogtlagt.se\/sundsvall\/","name":"H\u00f6gt &amp; L\u00e5gt Sundsvall","description":"","potentialAction":[{"@type":"SearchAction","target":{"@type":"EntryPoint","urlTemplate":"https:\/\/hogtlagt.se\/sundsvall\/?s={search_term_string}"},"query-input":{"@type":"PropertyValueSpecification","valueRequired":true,"valueName":"search_term_string"}}],"inLanguage":"sv-SE"}]}},"_links":{"self":[{"href":"https:\/\/hogtlagt.se\/sundsvall\/wp-json\/wp\/v2\/pages\/103","targetHints":{"allow":["GET"]}}],"collection":[{"href":"https:\/\/hogtlagt.se\/sundsvall\/wp-json\/wp\/v2\/pages"}],"about":[{"href":"https:\/\/hogtlagt.se\/sundsvall\/wp-json\/wp\/v2\/types\/page"}],"author":[{"embeddable":true,"href":"https:\/\/hogtlagt.se\/sundsvall\/wp-json\/wp\/v2\/users\/1"}],"replies":[{"embeddable":true,"href":"https:\/\/hogtlagt.se\/sundsvall\/wp-json\/wp\/v2\/comments?post=103"}],"version-history":[{"count":13,"href":"https:\/\/hogtlagt.se\/sundsvall\/wp-json\/wp\/v2\/pages\/103\/revisions"}],"predecessor-version":[{"id":2416,"href":"https:\/\/hogtlagt.se\/sundsvall\/wp-json\/wp\/v2\/pages\/103\/revisions\/2416"}],"up":[{"embeddable":true,"href":"https:\/\/hogtlagt.se\/sundsvall\/wp-json\/wp\/v2\/pages\/97"}],"wp:featuredmedia":[{"embeddable":true,"href":"https:\/\/hogtlagt.se\/sundsvall\/wp-json\/wp\/v2\/media\/2161"}],"wp:attachment":[{"href":"https:\/\/hogtlagt.se\/sundsvall\/wp-json\/wp\/v2\/media?parent=103"}],"curies":[{"name":"wp","href":"https:\/\/api.w.org\/{rel}","templated":true}]}}