{"id":634,"date":"2021-12-09T08:54:11","date_gmt":"2021-12-09T07:54:11","guid":{"rendered":"https:\/\/hogtlagt.se\/rattvik\/?page_id=634"},"modified":"2023-12-26T11:47:50","modified_gmt":"2023-12-26T10:47:50","slug":"other-activities","status":"publish","type":"page","link":"https:\/\/hogtlagt.se\/rattvik\/en\/the-climbing-park\/other-activities\/","title":{"rendered":"Other Activities"},"content":{"rendered":"\n<div class=\"wp-block-cover alignfull\" style=\"min-height:600px;aspect-ratio:unset;\"><span aria-hidden=\"true\" class=\"wp-block-cover__background has-background-dim-20 has-background-dim\"><\/span><img loading=\"lazy\" decoding=\"async\" width=\"2560\" height=\"1707\" class=\"wp-block-cover__image-background wp-image-1653\" alt=\"\" src=\"https:\/\/hogtlagt.se\/rattvik\/wp-content\/uploads\/sites\/2\/2023\/10\/Andra-aktiviteter-1-scaled.jpg\" style=\"object-position:53% 35%\" data-object-fit=\"cover\" data-object-position=\"53% 35%\" srcset=\"https:\/\/hogtlagt.se\/rattvik\/wp-content\/uploads\/sites\/2\/2023\/10\/Andra-aktiviteter-1-scaled.jpg 2560w, https:\/\/hogtlagt.se\/rattvik\/wp-content\/uploads\/sites\/2\/2023\/10\/Andra-aktiviteter-1-300x200.jpg 300w, https:\/\/hogtlagt.se\/rattvik\/wp-content\/uploads\/sites\/2\/2023\/10\/Andra-aktiviteter-1-1024x683.jpg 1024w, https:\/\/hogtlagt.se\/rattvik\/wp-content\/uploads\/sites\/2\/2023\/10\/Andra-aktiviteter-1-768x512.jpg 768w, https:\/\/hogtlagt.se\/rattvik\/wp-content\/uploads\/sites\/2\/2023\/10\/Andra-aktiviteter-1-1536x1024.jpg 1536w, https:\/\/hogtlagt.se\/rattvik\/wp-content\/uploads\/sites\/2\/2023\/10\/Andra-aktiviteter-1-2048x1365.jpg 2048w\" sizes=\"auto, (max-width: 2560px) 100vw, 2560px\" \/><div class=\"wp-block-cover__inner-container has-global-padding is-layout-constrained wp-block-cover-is-layout-constrained\">\n<h1 class=\"wp-block-heading has-text-align-center\" style=\"font-size:55px\">Other activities<\/h1>\n<\/div><\/div>\n\n\n\n<div style=\"height:100px\" aria-hidden=\"true\" class=\"wp-block-spacer\"><\/div>\n\n\n\n<h2 class=\"wp-block-heading\">En\u00e5badets&nbsp;camping area&nbsp;<\/h2>\n\n\n\n<div class=\"wp-block-columns is-layout-flex wp-container-core-columns-is-layout-28f84493 wp-block-columns-is-layout-flex\">\n<div class=\"wp-block-column is-layout-flow wp-block-column-is-layout-flow\">\n<p>Right next to the climbing park you find&nbsp;En\u00e5badets&nbsp;camping area. Besides living&nbsp;accommodation&nbsp;they offer several activities to do before or after your adventure in the climbing park.&nbsp;<\/p>\n\n\n\n<h2 class=\"wp-block-heading has-medium-font-size\">Living accommodation&nbsp;<\/h2>\n\n\n\n<p>Rent a cabin or a place to put your caravan or motorhome on the camping area.&nbsp;<\/p>\n\n\n\n<h2 class=\"wp-block-heading has-medium-font-size\">Pool&nbsp;<\/h2>\n\n\n\n<p>En\u00e5badet&nbsp;has a large indoor swimming pool as well as a relax area with a jacuzzi and sauna.&nbsp;<\/p>\n\n\n\n<h2 class=\"wp-block-heading has-medium-font-size\">Canoeing&nbsp;<\/h2>\n\n\n\n<p>Rent a canoe and explore the area&nbsp;along&nbsp;the stream nearby.&nbsp;<\/p>\n\n\n\n<h2 class=\"wp-block-heading has-medium-font-size\">Miniature golf&nbsp;<\/h2>\n\n\n\n<p>Rent clubs and ball and challenge the whole family through 12 different courses&nbsp;of miniature golf.&nbsp;<\/p>\n\n\n\n<h2 class=\"wp-block-heading has-medium-font-size\">Fishing&nbsp;<\/h2>\n\n\n\n<p>Fish in the stream. If you need you can buy equipment in the camping reception.&nbsp;<\/p>\n\n\n\n<div class=\"wp-block-button\"><a class=\"wp-block-button__link has-tertiary-background-color has-background wp-element-button\" href=\"http:\/\/www.rattvikscamping.se\/\" target=\"_blank\" rel=\"noreferrer noopener\">More info<\/a><\/div>\n<\/div>\n\n\n\n<div class=\"wp-block-column is-layout-flow wp-block-column-is-layout-flow\">\n<div style=\"height:27px\" aria-hidden=\"true\" class=\"wp-block-spacer\"><\/div>\n\n\n\n<figure class=\"wp-block-image size-large\"><img loading=\"lazy\" decoding=\"async\" width=\"700\" height=\"500\" src=\"http:\/\/hogtlagt.se\/rattvik\/wp-content\/uploads\/sites\/2\/2020\/03\/i-ro\u0308d-badring.jpg\" alt=\"\" class=\"wp-image-149\" srcset=\"https:\/\/hogtlagt.se\/rattvik\/wp-content\/uploads\/sites\/2\/2020\/03\/i-ro\u0308d-badring.jpg 700w, https:\/\/hogtlagt.se\/rattvik\/wp-content\/uploads\/sites\/2\/2020\/03\/i-ro\u0308d-badring-300x214.jpg 300w\" sizes=\"auto, (max-width: 700px) 100vw, 700px\" \/><\/figure>\n<\/div>\n<\/div>\n\n\n\n<div style=\"height:100px\" aria-hidden=\"true\" class=\"wp-block-spacer\"><\/div>\n\n\n\n<div class=\"wp-block-cover alignfull\" style=\"min-height:376px;aspect-ratio:unset;\"><span aria-hidden=\"true\" class=\"wp-block-cover__background has-background-dim\"><\/span><img loading=\"lazy\" decoding=\"async\" width=\"2048\" height=\"1365\" class=\"wp-block-cover__image-background wp-image-1921\" alt=\"\" src=\"https:\/\/hogtlagt.se\/rattvik\/wp-content\/uploads\/sites\/2\/2023\/12\/Omslag-nederkant.jpg\" style=\"object-position:50% 68%\" data-object-fit=\"cover\" data-object-position=\"50% 68%\" srcset=\"https:\/\/hogtlagt.se\/rattvik\/wp-content\/uploads\/sites\/2\/2023\/12\/Omslag-nederkant.jpg 2048w, https:\/\/hogtlagt.se\/rattvik\/wp-content\/uploads\/sites\/2\/2023\/12\/Omslag-nederkant-300x200.jpg 300w, https:\/\/hogtlagt.se\/rattvik\/wp-content\/uploads\/sites\/2\/2023\/12\/Omslag-nederkant-1024x683.jpg 1024w, https:\/\/hogtlagt.se\/rattvik\/wp-content\/uploads\/sites\/2\/2023\/12\/Omslag-nederkant-768x512.jpg 768w, https:\/\/hogtlagt.se\/rattvik\/wp-content\/uploads\/sites\/2\/2023\/12\/Omslag-nederkant-1536x1024.jpg 1536w\" sizes=\"auto, (max-width: 2048px) 100vw, 2048px\" \/><div class=\"wp-block-cover__inner-container has-global-padding is-layout-constrained wp-block-cover-is-layout-constrained\">\n<p class=\"has-text-align-center\" style=\"font-size:25px\">Everything we do stems from our fundamental values&nbsp;<em>Thorough, Safe, Innovative, Including<\/em>&nbsp;and&nbsp;<em>Challenging<\/em>. We are passionate, we work hard, we care about the experience of each single visitor, we take part in the development of this industry and we have SO much fun along the way!<\/p>\n<\/div><\/div>\n","protected":false},"excerpt":{"rendered":"<p>En\u00e5badets&nbsp;camping area&nbsp; Right next to the climbing park you find&nbsp;En\u00e5badets&nbsp;camping area. Besides living&nbsp;accommodation&nbsp;they offer several activities to do before or after your adventure in the climbing park.&nbsp; Living accommodation&nbsp; Rent&#8230;<\/p>\n","protected":false},"author":6,"featured_media":1653,"parent":617,"menu_order":4,"comment_status":"closed","ping_status":"closed","template":"templates\/empty.php","meta":{"_acf_changed":false,"inline_featured_image":false,"footnotes":""},"class_list":["post-634","page","type-page","status-publish","has-post-thumbnail"],"acf":[],"yoast_head":"<!-- This site is optimized with the Yoast SEO plugin v26.1.1 - https:\/\/yoast.com\/wordpress\/plugins\/seo\/ -->\n<title>Other Activities - H\u00f6gt &amp; L\u00e5gt R\u00e4ttvik<\/title>\n<meta name=\"description\" content=\"Spa, Jacuzzi och swimingpool hittar du vid en\u00e5badet, \u00e4ven kanotuthyrning, trampbil, minigolf. R\u00e4ttviks bowling &amp; krog ligger ocks\u00e5 r\u00e4tt intill.\" \/>\n<meta name=\"robots\" content=\"index, follow, max-snippet:-1, max-image-preview:large, max-video-preview:-1\" \/>\n<link rel=\"canonical\" href=\"https:\/\/hogtlagt.se\/rattvik\/en\/the-climbing-park\/other-activities\/\" \/>\n<meta property=\"og:locale\" content=\"sv_SE\" \/>\n<meta property=\"og:type\" content=\"article\" \/>\n<meta property=\"og:title\" content=\"Other Activities - H\u00f6gt &amp; L\u00e5gt R\u00e4ttvik\" \/>\n<meta property=\"og:description\" content=\"Spa, Jacuzzi och swimingpool hittar du vid en\u00e5badet, \u00e4ven kanotuthyrning, trampbil, minigolf. R\u00e4ttviks bowling &amp; krog ligger ocks\u00e5 r\u00e4tt intill.\" \/>\n<meta property=\"og:url\" content=\"https:\/\/hogtlagt.se\/rattvik\/en\/the-climbing-park\/other-activities\/\" \/>\n<meta property=\"og:site_name\" content=\"H\u00f6gt &amp; L\u00e5gt R\u00e4ttvik\" \/>\n<meta property=\"article:modified_time\" content=\"2023-12-26T10:47:50+00:00\" \/>\n<meta property=\"og:image\" content=\"https:\/\/hogtlagt.se\/rattvik\/wp-content\/uploads\/sites\/2\/2023\/10\/Andra-aktiviteter-1-scaled.jpg\" \/>\n\t<meta property=\"og:image:width\" content=\"2560\" \/>\n\t<meta property=\"og:image:height\" content=\"1707\" \/>\n\t<meta property=\"og:image:type\" content=\"image\/jpeg\" \/>\n<meta name=\"twitter:card\" content=\"summary_large_image\" \/>\n<meta name=\"twitter:label1\" content=\"Ber\u00e4knad l\u00e4stid\" \/>\n\t<meta name=\"twitter:data1\" content=\"2 minuter\" \/>\n<script type=\"application\/ld+json\" class=\"yoast-schema-graph\">{\"@context\":\"https:\/\/schema.org\",\"@graph\":[{\"@type\":\"WebPage\",\"@id\":\"https:\/\/hogtlagt.se\/rattvik\/en\/the-climbing-park\/other-activities\/\",\"url\":\"https:\/\/hogtlagt.se\/rattvik\/en\/the-climbing-park\/other-activities\/\",\"name\":\"Other Activities - H\u00f6gt &amp; L\u00e5gt R\u00e4ttvik\",\"isPartOf\":{\"@id\":\"https:\/\/hogtlagt.se\/rattvik\/#website\"},\"primaryImageOfPage\":{\"@id\":\"https:\/\/hogtlagt.se\/rattvik\/en\/the-climbing-park\/other-activities\/#primaryimage\"},\"image\":{\"@id\":\"https:\/\/hogtlagt.se\/rattvik\/en\/the-climbing-park\/other-activities\/#primaryimage\"},\"thumbnailUrl\":\"https:\/\/hogtlagt.se\/rattvik\/wp-content\/uploads\/sites\/2\/2023\/10\/Andra-aktiviteter-1-scaled.jpg\",\"datePublished\":\"2021-12-09T07:54:11+00:00\",\"dateModified\":\"2023-12-26T10:47:50+00:00\",\"description\":\"Spa, Jacuzzi och swimingpool hittar du vid en\u00e5badet, \u00e4ven kanotuthyrning, trampbil, minigolf. R\u00e4ttviks bowling & krog ligger ocks\u00e5 r\u00e4tt intill.\",\"breadcrumb\":{\"@id\":\"https:\/\/hogtlagt.se\/rattvik\/en\/the-climbing-park\/other-activities\/#breadcrumb\"},\"inLanguage\":\"sv-SE\",\"potentialAction\":[{\"@type\":\"ReadAction\",\"target\":[\"https:\/\/hogtlagt.se\/rattvik\/en\/the-climbing-park\/other-activities\/\"]}]},{\"@type\":\"ImageObject\",\"inLanguage\":\"sv-SE\",\"@id\":\"https:\/\/hogtlagt.se\/rattvik\/en\/the-climbing-park\/other-activities\/#primaryimage\",\"url\":\"https:\/\/hogtlagt.se\/rattvik\/wp-content\/uploads\/sites\/2\/2023\/10\/Andra-aktiviteter-1-scaled.jpg\",\"contentUrl\":\"https:\/\/hogtlagt.se\/rattvik\/wp-content\/uploads\/sites\/2\/2023\/10\/Andra-aktiviteter-1-scaled.jpg\",\"width\":2560,\"height\":1707,\"caption\":\"Glad familj som pratar om hur det var att kl\u00e4ttra i h\u00f6gh\u00f6jdsbanorna\"},{\"@type\":\"BreadcrumbList\",\"@id\":\"https:\/\/hogtlagt.se\/rattvik\/en\/the-climbing-park\/other-activities\/#breadcrumb\",\"itemListElement\":[{\"@type\":\"ListItem\",\"position\":1,\"name\":\"Hem\",\"item\":\"https:\/\/hogtlagt.se\/rattvik\/\"},{\"@type\":\"ListItem\",\"position\":2,\"name\":\"The Climbing park\",\"item\":\"https:\/\/hogtlagt.se\/rattvik\/en\/the-climbing-park\/\"},{\"@type\":\"ListItem\",\"position\":3,\"name\":\"Other Activities\"}]},{\"@type\":\"WebSite\",\"@id\":\"https:\/\/hogtlagt.se\/rattvik\/#website\",\"url\":\"https:\/\/hogtlagt.se\/rattvik\/\",\"name\":\"H\u00f6gt &amp; L\u00e5gt R\u00e4ttvik\",\"description\":\"\",\"potentialAction\":[{\"@type\":\"SearchAction\",\"target\":{\"@type\":\"EntryPoint\",\"urlTemplate\":\"https:\/\/hogtlagt.se\/rattvik\/?s={search_term_string}\"},\"query-input\":{\"@type\":\"PropertyValueSpecification\",\"valueRequired\":true,\"valueName\":\"search_term_string\"}}],\"inLanguage\":\"sv-SE\"}]}<\/script>\n<!-- \/ Yoast SEO plugin. -->","yoast_head_json":{"title":"Other Activities - H\u00f6gt &amp; L\u00e5gt R\u00e4ttvik","description":"Spa, Jacuzzi och swimingpool hittar du vid en\u00e5badet, \u00e4ven kanotuthyrning, trampbil, minigolf. R\u00e4ttviks bowling & krog ligger ocks\u00e5 r\u00e4tt intill.","robots":{"index":"index","follow":"follow","max-snippet":"max-snippet:-1","max-image-preview":"max-image-preview:large","max-video-preview":"max-video-preview:-1"},"canonical":"https:\/\/hogtlagt.se\/rattvik\/en\/the-climbing-park\/other-activities\/","og_locale":"sv_SE","og_type":"article","og_title":"Other Activities - H\u00f6gt &amp; L\u00e5gt R\u00e4ttvik","og_description":"Spa, Jacuzzi och swimingpool hittar du vid en\u00e5badet, \u00e4ven kanotuthyrning, trampbil, minigolf. R\u00e4ttviks bowling & krog ligger ocks\u00e5 r\u00e4tt intill.","og_url":"https:\/\/hogtlagt.se\/rattvik\/en\/the-climbing-park\/other-activities\/","og_site_name":"H\u00f6gt &amp; L\u00e5gt R\u00e4ttvik","article_modified_time":"2023-12-26T10:47:50+00:00","og_image":[{"width":2560,"height":1707,"url":"https:\/\/hogtlagt.se\/rattvik\/wp-content\/uploads\/sites\/2\/2023\/10\/Andra-aktiviteter-1-scaled.jpg","type":"image\/jpeg"}],"twitter_card":"summary_large_image","twitter_misc":{"Ber\u00e4knad l\u00e4stid":"2 minuter"},"schema":{"@context":"https:\/\/schema.org","@graph":[{"@type":"WebPage","@id":"https:\/\/hogtlagt.se\/rattvik\/en\/the-climbing-park\/other-activities\/","url":"https:\/\/hogtlagt.se\/rattvik\/en\/the-climbing-park\/other-activities\/","name":"Other Activities - H\u00f6gt &amp; L\u00e5gt R\u00e4ttvik","isPartOf":{"@id":"https:\/\/hogtlagt.se\/rattvik\/#website"},"primaryImageOfPage":{"@id":"https:\/\/hogtlagt.se\/rattvik\/en\/the-climbing-park\/other-activities\/#primaryimage"},"image":{"@id":"https:\/\/hogtlagt.se\/rattvik\/en\/the-climbing-park\/other-activities\/#primaryimage"},"thumbnailUrl":"https:\/\/hogtlagt.se\/rattvik\/wp-content\/uploads\/sites\/2\/2023\/10\/Andra-aktiviteter-1-scaled.jpg","datePublished":"2021-12-09T07:54:11+00:00","dateModified":"2023-12-26T10:47:50+00:00","description":"Spa, Jacuzzi och swimingpool hittar du vid en\u00e5badet, \u00e4ven kanotuthyrning, trampbil, minigolf. R\u00e4ttviks bowling & krog ligger ocks\u00e5 r\u00e4tt intill.","breadcrumb":{"@id":"https:\/\/hogtlagt.se\/rattvik\/en\/the-climbing-park\/other-activities\/#breadcrumb"},"inLanguage":"sv-SE","potentialAction":[{"@type":"ReadAction","target":["https:\/\/hogtlagt.se\/rattvik\/en\/the-climbing-park\/other-activities\/"]}]},{"@type":"ImageObject","inLanguage":"sv-SE","@id":"https:\/\/hogtlagt.se\/rattvik\/en\/the-climbing-park\/other-activities\/#primaryimage","url":"https:\/\/hogtlagt.se\/rattvik\/wp-content\/uploads\/sites\/2\/2023\/10\/Andra-aktiviteter-1-scaled.jpg","contentUrl":"https:\/\/hogtlagt.se\/rattvik\/wp-content\/uploads\/sites\/2\/2023\/10\/Andra-aktiviteter-1-scaled.jpg","width":2560,"height":1707,"caption":"Glad familj som pratar om hur det var att kl\u00e4ttra i h\u00f6gh\u00f6jdsbanorna"},{"@type":"BreadcrumbList","@id":"https:\/\/hogtlagt.se\/rattvik\/en\/the-climbing-park\/other-activities\/#breadcrumb","itemListElement":[{"@type":"ListItem","position":1,"name":"Hem","item":"https:\/\/hogtlagt.se\/rattvik\/"},{"@type":"ListItem","position":2,"name":"The Climbing park","item":"https:\/\/hogtlagt.se\/rattvik\/en\/the-climbing-park\/"},{"@type":"ListItem","position":3,"name":"Other Activities"}]},{"@type":"WebSite","@id":"https:\/\/hogtlagt.se\/rattvik\/#website","url":"https:\/\/hogtlagt.se\/rattvik\/","name":"H\u00f6gt &amp; L\u00e5gt R\u00e4ttvik","description":"","potentialAction":[{"@type":"SearchAction","target":{"@type":"EntryPoint","urlTemplate":"https:\/\/hogtlagt.se\/rattvik\/?s={search_term_string}"},"query-input":{"@type":"PropertyValueSpecification","valueRequired":true,"valueName":"search_term_string"}}],"inLanguage":"sv-SE"}]}},"_links":{"self":[{"href":"https:\/\/hogtlagt.se\/rattvik\/wp-json\/wp\/v2\/pages\/634","targetHints":{"allow":["GET"]}}],"collection":[{"href":"https:\/\/hogtlagt.se\/rattvik\/wp-json\/wp\/v2\/pages"}],"about":[{"href":"https:\/\/hogtlagt.se\/rattvik\/wp-json\/wp\/v2\/types\/page"}],"author":[{"embeddable":true,"href":"https:\/\/hogtlagt.se\/rattvik\/wp-json\/wp\/v2\/users\/6"}],"replies":[{"embeddable":true,"href":"https:\/\/hogtlagt.se\/rattvik\/wp-json\/wp\/v2\/comments?post=634"}],"version-history":[{"count":7,"href":"https:\/\/hogtlagt.se\/rattvik\/wp-json\/wp\/v2\/pages\/634\/revisions"}],"predecessor-version":[{"id":1979,"href":"https:\/\/hogtlagt.se\/rattvik\/wp-json\/wp\/v2\/pages\/634\/revisions\/1979"}],"up":[{"embeddable":true,"href":"https:\/\/hogtlagt.se\/rattvik\/wp-json\/wp\/v2\/pages\/617"}],"wp:featuredmedia":[{"embeddable":true,"href":"https:\/\/hogtlagt.se\/rattvik\/wp-json\/wp\/v2\/media\/1653"}],"wp:attachment":[{"href":"https:\/\/hogtlagt.se\/rattvik\/wp-json\/wp\/v2\/media?parent=634"}],"curies":[{"name":"wp","href":"https:\/\/api.w.org\/{rel}","templated":true}]}}