{"id":606,"date":"2021-12-07T15:22:38","date_gmt":"2021-12-07T14:22:38","guid":{"rendered":"https:\/\/hogtlagt.se\/rattvik\/?page_id=606"},"modified":"2023-12-27T11:09:36","modified_gmt":"2023-12-27T10:09:36","slug":"directions-to-the-climbingpark-in-rattvik","status":"publish","type":"page","link":"https:\/\/hogtlagt.se\/rattvik\/en\/before-your-visit\/directions-to-the-climbingpark-in-rattvik\/","title":{"rendered":"Directions to the climbingpark in R\u00e4ttvik"},"content":{"rendered":"\n<div class=\"wp-block-cover alignfull\" style=\"min-height:600px;aspect-ratio:unset;\"><span aria-hidden=\"true\" class=\"wp-block-cover__background has-background-dim-20 has-background-dim\"><\/span><img loading=\"lazy\" decoding=\"async\" width=\"2560\" height=\"1920\" class=\"wp-block-cover__image-background wp-image-1662\" alt=\"\" src=\"https:\/\/hogtlagt.se\/rattvik\/wp-content\/uploads\/sites\/2\/2023\/10\/Va\u0308gbeskrivning-1-scaled.jpg\" style=\"object-position:48% 66%\" data-object-fit=\"cover\" data-object-position=\"48% 66%\" srcset=\"https:\/\/hogtlagt.se\/rattvik\/wp-content\/uploads\/sites\/2\/2023\/10\/Va\u0308gbeskrivning-1-scaled.jpg 2560w, https:\/\/hogtlagt.se\/rattvik\/wp-content\/uploads\/sites\/2\/2023\/10\/Va\u0308gbeskrivning-1-300x225.jpg 300w, https:\/\/hogtlagt.se\/rattvik\/wp-content\/uploads\/sites\/2\/2023\/10\/Va\u0308gbeskrivning-1-1024x768.jpg 1024w, https:\/\/hogtlagt.se\/rattvik\/wp-content\/uploads\/sites\/2\/2023\/10\/Va\u0308gbeskrivning-1-768x576.jpg 768w, https:\/\/hogtlagt.se\/rattvik\/wp-content\/uploads\/sites\/2\/2023\/10\/Va\u0308gbeskrivning-1-1536x1152.jpg 1536w, https:\/\/hogtlagt.se\/rattvik\/wp-content\/uploads\/sites\/2\/2023\/10\/Va\u0308gbeskrivning-1-2048x1536.jpg 2048w\" sizes=\"auto, (max-width: 2560px) 100vw, 2560px\" \/><div class=\"wp-block-cover__inner-container has-global-padding is-layout-constrained wp-block-cover-is-layout-constrained\">\n<h1 class=\"wp-block-heading has-text-align-center\" style=\"font-size:55px\">Find us<\/h1>\n<\/div><\/div>\n\n\n\n<div style=\"height:100px\" aria-hidden=\"true\" class=\"wp-block-spacer\"><\/div>\n\n\n\n<h2 class=\"wp-block-heading has-medium-font-size\">Here you find H\u00f6gt &amp; L\u00e5gt R\u00e4ttvik:<\/h2>\n\n\n\n    <div class=\"icon-list\">\n\n            \n        <div class=\"icon-list-item\">\n            <div class=\"il-img\">\n                <img decoding=\"async\" src=\"https:\/\/hogtlagt.se\/rattvik\/wp-content\/uploads\/sites\/2\/2020\/03\/HL-ikon-11.svg\" class=\"attachment-icon size-icon\" alt=\"\" \/>            <\/div>\n            <div class=\"icon-list-content\">\n                <h3>Adress<\/h3>\n                <p><span class=\"TextRun SCXW46349265 BCX0\" lang=\"EN-GB\" xml:lang=\"EN-GB\" data-contrast=\"auto\"><span class=\"NormalTextRun SCXW46349265 BCX0\">You<\/span><span class=\"NormalTextRun SCXW46349265 BCX0\">\u00a0<\/span><span class=\"NormalTextRun SCXW46349265 BCX0\">find<\/span><span class=\"NormalTextRun SCXW46349265 BCX0\">\u00a0<\/span><span class=\"NormalTextRun SCXW46349265 BCX0\">us<\/span><span class=\"NormalTextRun SCXW46349265 BCX0\">\u00a0at:\u00a0<\/span><\/span><span class=\"LineBreakBlob BlobObject DragDrop SCXW46349265 BCX0\"><span class=\"SCXW46349265 BCX0\">\u00a0<\/span><br class=\"SCXW46349265 BCX0\" \/><\/span><span class=\"TextRun SCXW46349265 BCX0\" lang=\"EN-GB\" xml:lang=\"EN-GB\" data-contrast=\"auto\"><span class=\"SpellingError SCXW46349265 BCX0\">En\u00e5badsv\u00e4gen<\/span><span class=\"NormalTextRun SCXW46349265 BCX0\">\u00a08, 795 32 R\u00e4ttvik<\/span><\/span><span class=\"EOP SCXW46349265 BCX0\" data-ccp-props=\"{\"201341983\":0,\"335559739\":160,\"335559740\":259}\">\u00a0<\/span><\/p>\n            <\/div>\n        <\/div>\n\n                    <hr>\n                    \n        <div class=\"icon-list-item\">\n            <div class=\"il-img\">\n                <img decoding=\"async\" src=\"https:\/\/hogtlagt.se\/rattvik\/wp-content\/uploads\/sites\/2\/2020\/03\/HL-ikon-11.svg\" class=\"attachment-icon size-icon\" alt=\"\" \/>            <\/div>\n            <div class=\"icon-list-content\">\n                <h3>Map<\/h3>\n                <p><a href=\"https:\/\/www.google.com\/maps\/place\/H%C3%B6gt+%26+l%C3%A5gt+R%C3%A4ttvik+-+Kl%C3%A4tterpark+%2F+H%C3%B6gh%C3%B6jdsbana\/@60.8903956,15.1318518,15z\/data=!4m6!3m5!1s0x4667bd79590c5a95:0xb70934e88e8259c4!8m2!3d60.8903956!4d15.1318518!16s%2Fg%2F11h3mbr2l9?entry=ttu\" target=\"_blank\" rel=\"noreferrer noopener\">Google Maps<\/a><\/p>\n            <\/div>\n        <\/div>\n\n                    <hr>\n                    \n        <div class=\"icon-list-item\">\n            <div class=\"il-img\">\n                <img decoding=\"async\" src=\"https:\/\/hogtlagt.se\/rattvik\/wp-content\/uploads\/sites\/2\/2020\/03\/HL-ikon-11.svg\" class=\"attachment-icon size-icon\" alt=\"\" \/>            <\/div>\n            <div class=\"icon-list-content\">\n                <h3>By car<\/h3>\n                <p><span data-contrast=\"auto\">If you come\u00a0from the north (Mora,\u00a0Leksand), turn\u00a0left at the traffic circle\/roundabout by the gas station OKQ8, and follow road 301 towards\u00a0Furudal. After 1 km,\u00a0turn left\u00a0where the sign says\u00a0R\u00e4ttviks\u00a0camping.\u00a0You will soon find us on your\u00a0righthand\u00a0side.\u00a0<\/span><span data-ccp-props=\"{\"201341983\":0,\"335559739\":160,\"335559740\":259}\">\u00a0<\/span><\/p>\n<p>\u00a0<\/p>\n<p><span data-contrast=\"auto\">If you come\u00a0from the south (Falun, Borl\u00e4nge), turn right at the traffic circle\/roundabout by the gas station OKQ8, and follow road 301 towards\u00a0Furudal. After 1 km, turn left where the sign says\u00a0R\u00e4ttviks\u00a0camping. You will soon find us on your righthand side.<\/span><span data-ccp-props=\"{\"201341983\":0,\"335559739\":160,\"335559740\":259}\">\u00a0<\/span><\/p>\n<p>\u00a0<\/p>\n<p><span data-contrast=\"auto\">If you come\u00a0from\u00a0Furudal, turn right where the sign says\u00a0R\u00e4ttviks\u00a0camping. You will soon find us on your righthand side.<\/span><span data-ccp-props=\"{\"201341983\":0,\"335559739\":160,\"335559740\":259}\">\u00a0<\/span><\/p>\n            <\/div>\n        <\/div>\n\n                    <hr>\n                    \n        <div class=\"icon-list-item\">\n            <div class=\"il-img\">\n                <img decoding=\"async\" src=\"https:\/\/hogtlagt.se\/rattvik\/wp-content\/uploads\/sites\/2\/2020\/03\/HL-ikon-11.svg\" class=\"attachment-icon size-icon\" alt=\"\" \/>            <\/div>\n            <div class=\"icon-list-content\">\n                <h3>By train or bus<\/h3>\n                <p><span class=\"TextRun SCXW209160307 BCX0\" lang=\"EN-GB\" xml:lang=\"EN-GB\" data-contrast=\"auto\"><span class=\"NormalTextRun SCXW209160307 BCX0\">After you arrive at the central station in R\u00e4ttvik, you have about a\u00a0<\/span><span class=\"NormalTextRun SCXW209160307 BCX0\">fifteen-minute<\/span><span class=\"NormalTextRun SCXW209160307 BCX0\">\u00a0walk to get to us. Walk towards the fountains and then keep walking\u00a0<\/span><span class=\"NormalTextRun SCXW209160307 BCX0\">about 500 metres\u00a0<\/span><span class=\"NormalTextRun SCXW209160307 BCX0\">towards the big<\/span><span class=\"NormalTextRun SCXW209160307 BCX0\">\u00a0<\/span><span class=\"NormalTextRun SCXW209160307 BCX0\">traffic circle\/roundabout<\/span><span class=\"NormalTextRun SCXW209160307 BCX0\">. Keep walking towards\u00a0<\/span><span class=\"SpellingError SCXW209160307 BCX0\">Furudal<\/span><span class=\"NormalTextRun SCXW209160307 BCX0\">\u00a0and turn left where the sign says\u00a0<\/span><span class=\"SpellingError SCXW209160307 BCX0\">R\u00e4ttviks<\/span><span class=\"NormalTextRun SCXW209160307 BCX0\">\u00a0camping. You will soon find us on your righthand side.<\/span><\/span><span class=\"EOP SCXW209160307 BCX0\" data-ccp-props=\"{\"201341983\":0,\"335559739\":160,\"335559740\":259}\">\u00a0<\/span><\/p>\n            <\/div>\n        <\/div>\n\n                    <hr>\n            \n    <\/div>\n\n    \n\n\n<div style=\"height:100px\" aria-hidden=\"true\" class=\"wp-block-spacer\"><\/div>\n\n\n\n<div class=\"wp-block-cover alignfull\" style=\"min-height:376px;aspect-ratio:unset;\"><span aria-hidden=\"true\" class=\"wp-block-cover__background has-background-dim\"><\/span><img loading=\"lazy\" decoding=\"async\" width=\"2048\" height=\"1365\" class=\"wp-block-cover__image-background wp-image-1921\" alt=\"\" src=\"https:\/\/hogtlagt.se\/rattvik\/wp-content\/uploads\/sites\/2\/2023\/12\/Omslag-nederkant.jpg\" style=\"object-position:50% 66%\" data-object-fit=\"cover\" data-object-position=\"50% 66%\" srcset=\"https:\/\/hogtlagt.se\/rattvik\/wp-content\/uploads\/sites\/2\/2023\/12\/Omslag-nederkant.jpg 2048w, https:\/\/hogtlagt.se\/rattvik\/wp-content\/uploads\/sites\/2\/2023\/12\/Omslag-nederkant-300x200.jpg 300w, https:\/\/hogtlagt.se\/rattvik\/wp-content\/uploads\/sites\/2\/2023\/12\/Omslag-nederkant-1024x683.jpg 1024w, https:\/\/hogtlagt.se\/rattvik\/wp-content\/uploads\/sites\/2\/2023\/12\/Omslag-nederkant-768x512.jpg 768w, https:\/\/hogtlagt.se\/rattvik\/wp-content\/uploads\/sites\/2\/2023\/12\/Omslag-nederkant-1536x1024.jpg 1536w\" sizes=\"auto, (max-width: 2048px) 100vw, 2048px\" \/><div class=\"wp-block-cover__inner-container has-global-padding is-layout-constrained wp-block-cover-is-layout-constrained\">\n<p class=\"has-text-align-center\" style=\"font-size:25px\">Everything we do stems from our fundamental values\u00a0<em>Thorough, Safe, Innovative, Including<\/em>\u00a0and\u00a0<em>Challenging<\/em>. We are passionate, we work hard, we care about the experience of each single visitor, we take part in the development of this industry and we have SO much fun along the way!<\/p>\n<\/div><\/div>\n","protected":false},"excerpt":{"rendered":"<p>Here you find H\u00f6gt &amp; L\u00e5gt R\u00e4ttvik:<\/p>\n","protected":false},"author":6,"featured_media":1662,"parent":593,"menu_order":3,"comment_status":"closed","ping_status":"closed","template":"templates\/empty.php","meta":{"_acf_changed":false,"inline_featured_image":false,"footnotes":""},"class_list":["post-606","page","type-page","status-publish","has-post-thumbnail"],"acf":[],"yoast_head":"<!-- This site is optimized with the Yoast SEO plugin v26.1.1 - https:\/\/yoast.com\/wordpress\/plugins\/seo\/ -->\n<title>Directions to the climbingpark in R\u00e4ttvik - H\u00f6gt &amp; L\u00e5gt R\u00e4ttvik<\/title>\n<meta name=\"description\" content=\"H\u00e4r hittar du v\u00e5r adress och v\u00e4gbeskrivningen f\u00f6r att komma r\u00e4tt. Du kan ta dig hit med bil, t\u00e5g eller buss.\" \/>\n<meta name=\"robots\" content=\"index, follow, max-snippet:-1, max-image-preview:large, max-video-preview:-1\" \/>\n<link rel=\"canonical\" href=\"https:\/\/hogtlagt.se\/rattvik\/en\/before-your-visit\/directions-to-the-climbingpark-in-rattvik\/\" \/>\n<meta property=\"og:locale\" content=\"sv_SE\" \/>\n<meta property=\"og:type\" content=\"article\" \/>\n<meta property=\"og:title\" content=\"Directions to the climbingpark in R\u00e4ttvik - H\u00f6gt &amp; L\u00e5gt R\u00e4ttvik\" \/>\n<meta property=\"og:description\" content=\"H\u00e4r hittar du v\u00e5r adress och v\u00e4gbeskrivningen f\u00f6r att komma r\u00e4tt. Du kan ta dig hit med bil, t\u00e5g eller buss.\" \/>\n<meta property=\"og:url\" content=\"https:\/\/hogtlagt.se\/rattvik\/en\/before-your-visit\/directions-to-the-climbingpark-in-rattvik\/\" \/>\n<meta property=\"og:site_name\" content=\"H\u00f6gt &amp; L\u00e5gt R\u00e4ttvik\" \/>\n<meta property=\"article:modified_time\" content=\"2023-12-27T10:09:36+00:00\" \/>\n<meta property=\"og:image\" content=\"https:\/\/hogtlagt.se\/rattvik\/wp-content\/uploads\/sites\/2\/2023\/10\/Va\u0308gbeskrivning-1-scaled.jpg\" \/>\n\t<meta property=\"og:image:width\" content=\"2560\" \/>\n\t<meta property=\"og:image:height\" content=\"1920\" \/>\n\t<meta property=\"og:image:type\" content=\"image\/jpeg\" \/>\n<meta name=\"twitter:card\" content=\"summary_large_image\" \/>\n<meta name=\"twitter:label1\" content=\"Ber\u00e4knad l\u00e4stid\" \/>\n\t<meta name=\"twitter:data1\" content=\"1 minut\" \/>\n<script type=\"application\/ld+json\" class=\"yoast-schema-graph\">{\"@context\":\"https:\/\/schema.org\",\"@graph\":[{\"@type\":\"WebPage\",\"@id\":\"https:\/\/hogtlagt.se\/rattvik\/en\/before-your-visit\/directions-to-the-climbingpark-in-rattvik\/\",\"url\":\"https:\/\/hogtlagt.se\/rattvik\/en\/before-your-visit\/directions-to-the-climbingpark-in-rattvik\/\",\"name\":\"Directions to the climbingpark in R\u00e4ttvik - H\u00f6gt &amp; L\u00e5gt R\u00e4ttvik\",\"isPartOf\":{\"@id\":\"https:\/\/hogtlagt.se\/rattvik\/#website\"},\"primaryImageOfPage\":{\"@id\":\"https:\/\/hogtlagt.se\/rattvik\/en\/before-your-visit\/directions-to-the-climbingpark-in-rattvik\/#primaryimage\"},\"image\":{\"@id\":\"https:\/\/hogtlagt.se\/rattvik\/en\/before-your-visit\/directions-to-the-climbingpark-in-rattvik\/#primaryimage\"},\"thumbnailUrl\":\"https:\/\/hogtlagt.se\/rattvik\/wp-content\/uploads\/sites\/2\/2023\/10\/Va\u0308gbeskrivning-1-scaled.jpg\",\"datePublished\":\"2021-12-07T14:22:38+00:00\",\"dateModified\":\"2023-12-27T10:09:36+00:00\",\"description\":\"H\u00e4r hittar du v\u00e5r adress och v\u00e4gbeskrivningen f\u00f6r att komma r\u00e4tt. Du kan ta dig hit med bil, t\u00e5g eller buss.\",\"breadcrumb\":{\"@id\":\"https:\/\/hogtlagt.se\/rattvik\/en\/before-your-visit\/directions-to-the-climbingpark-in-rattvik\/#breadcrumb\"},\"inLanguage\":\"sv-SE\",\"potentialAction\":[{\"@type\":\"ReadAction\",\"target\":[\"https:\/\/hogtlagt.se\/rattvik\/en\/before-your-visit\/directions-to-the-climbingpark-in-rattvik\/\"]}]},{\"@type\":\"ImageObject\",\"inLanguage\":\"sv-SE\",\"@id\":\"https:\/\/hogtlagt.se\/rattvik\/en\/before-your-visit\/directions-to-the-climbingpark-in-rattvik\/#primaryimage\",\"url\":\"https:\/\/hogtlagt.se\/rattvik\/wp-content\/uploads\/sites\/2\/2023\/10\/Va\u0308gbeskrivning-1-scaled.jpg\",\"contentUrl\":\"https:\/\/hogtlagt.se\/rattvik\/wp-content\/uploads\/sites\/2\/2023\/10\/Va\u0308gbeskrivning-1-scaled.jpg\",\"width\":2560,\"height\":1920,\"caption\":\"Vacker bild p\u00e5 stig i parken d\u00e4r solen str\u00e5lar ner mellan tr\u00e4den\"},{\"@type\":\"BreadcrumbList\",\"@id\":\"https:\/\/hogtlagt.se\/rattvik\/en\/before-your-visit\/directions-to-the-climbingpark-in-rattvik\/#breadcrumb\",\"itemListElement\":[{\"@type\":\"ListItem\",\"position\":1,\"name\":\"Hem\",\"item\":\"https:\/\/hogtlagt.se\/rattvik\/\"},{\"@type\":\"ListItem\",\"position\":2,\"name\":\"Before your visit\",\"item\":\"https:\/\/hogtlagt.se\/rattvik\/en\/before-your-visit\/\"},{\"@type\":\"ListItem\",\"position\":3,\"name\":\"Directions to the climbingpark in R\u00e4ttvik\"}]},{\"@type\":\"WebSite\",\"@id\":\"https:\/\/hogtlagt.se\/rattvik\/#website\",\"url\":\"https:\/\/hogtlagt.se\/rattvik\/\",\"name\":\"H\u00f6gt &amp; L\u00e5gt R\u00e4ttvik\",\"description\":\"\",\"potentialAction\":[{\"@type\":\"SearchAction\",\"target\":{\"@type\":\"EntryPoint\",\"urlTemplate\":\"https:\/\/hogtlagt.se\/rattvik\/?s={search_term_string}\"},\"query-input\":{\"@type\":\"PropertyValueSpecification\",\"valueRequired\":true,\"valueName\":\"search_term_string\"}}],\"inLanguage\":\"sv-SE\"}]}<\/script>\n<!-- \/ Yoast SEO plugin. -->","yoast_head_json":{"title":"Directions to the climbingpark in R\u00e4ttvik - H\u00f6gt &amp; L\u00e5gt R\u00e4ttvik","description":"H\u00e4r hittar du v\u00e5r adress och v\u00e4gbeskrivningen f\u00f6r att komma r\u00e4tt. Du kan ta dig hit med bil, t\u00e5g eller buss.","robots":{"index":"index","follow":"follow","max-snippet":"max-snippet:-1","max-image-preview":"max-image-preview:large","max-video-preview":"max-video-preview:-1"},"canonical":"https:\/\/hogtlagt.se\/rattvik\/en\/before-your-visit\/directions-to-the-climbingpark-in-rattvik\/","og_locale":"sv_SE","og_type":"article","og_title":"Directions to the climbingpark in R\u00e4ttvik - H\u00f6gt &amp; L\u00e5gt R\u00e4ttvik","og_description":"H\u00e4r hittar du v\u00e5r adress och v\u00e4gbeskrivningen f\u00f6r att komma r\u00e4tt. Du kan ta dig hit med bil, t\u00e5g eller buss.","og_url":"https:\/\/hogtlagt.se\/rattvik\/en\/before-your-visit\/directions-to-the-climbingpark-in-rattvik\/","og_site_name":"H\u00f6gt &amp; L\u00e5gt R\u00e4ttvik","article_modified_time":"2023-12-27T10:09:36+00:00","og_image":[{"width":2560,"height":1920,"url":"https:\/\/hogtlagt.se\/rattvik\/wp-content\/uploads\/sites\/2\/2023\/10\/Va\u0308gbeskrivning-1-scaled.jpg","type":"image\/jpeg"}],"twitter_card":"summary_large_image","twitter_misc":{"Ber\u00e4knad l\u00e4stid":"1 minut"},"schema":{"@context":"https:\/\/schema.org","@graph":[{"@type":"WebPage","@id":"https:\/\/hogtlagt.se\/rattvik\/en\/before-your-visit\/directions-to-the-climbingpark-in-rattvik\/","url":"https:\/\/hogtlagt.se\/rattvik\/en\/before-your-visit\/directions-to-the-climbingpark-in-rattvik\/","name":"Directions to the climbingpark in R\u00e4ttvik - H\u00f6gt &amp; L\u00e5gt R\u00e4ttvik","isPartOf":{"@id":"https:\/\/hogtlagt.se\/rattvik\/#website"},"primaryImageOfPage":{"@id":"https:\/\/hogtlagt.se\/rattvik\/en\/before-your-visit\/directions-to-the-climbingpark-in-rattvik\/#primaryimage"},"image":{"@id":"https:\/\/hogtlagt.se\/rattvik\/en\/before-your-visit\/directions-to-the-climbingpark-in-rattvik\/#primaryimage"},"thumbnailUrl":"https:\/\/hogtlagt.se\/rattvik\/wp-content\/uploads\/sites\/2\/2023\/10\/Va\u0308gbeskrivning-1-scaled.jpg","datePublished":"2021-12-07T14:22:38+00:00","dateModified":"2023-12-27T10:09:36+00:00","description":"H\u00e4r hittar du v\u00e5r adress och v\u00e4gbeskrivningen f\u00f6r att komma r\u00e4tt. Du kan ta dig hit med bil, t\u00e5g eller buss.","breadcrumb":{"@id":"https:\/\/hogtlagt.se\/rattvik\/en\/before-your-visit\/directions-to-the-climbingpark-in-rattvik\/#breadcrumb"},"inLanguage":"sv-SE","potentialAction":[{"@type":"ReadAction","target":["https:\/\/hogtlagt.se\/rattvik\/en\/before-your-visit\/directions-to-the-climbingpark-in-rattvik\/"]}]},{"@type":"ImageObject","inLanguage":"sv-SE","@id":"https:\/\/hogtlagt.se\/rattvik\/en\/before-your-visit\/directions-to-the-climbingpark-in-rattvik\/#primaryimage","url":"https:\/\/hogtlagt.se\/rattvik\/wp-content\/uploads\/sites\/2\/2023\/10\/Va\u0308gbeskrivning-1-scaled.jpg","contentUrl":"https:\/\/hogtlagt.se\/rattvik\/wp-content\/uploads\/sites\/2\/2023\/10\/Va\u0308gbeskrivning-1-scaled.jpg","width":2560,"height":1920,"caption":"Vacker bild p\u00e5 stig i parken d\u00e4r solen str\u00e5lar ner mellan tr\u00e4den"},{"@type":"BreadcrumbList","@id":"https:\/\/hogtlagt.se\/rattvik\/en\/before-your-visit\/directions-to-the-climbingpark-in-rattvik\/#breadcrumb","itemListElement":[{"@type":"ListItem","position":1,"name":"Hem","item":"https:\/\/hogtlagt.se\/rattvik\/"},{"@type":"ListItem","position":2,"name":"Before your visit","item":"https:\/\/hogtlagt.se\/rattvik\/en\/before-your-visit\/"},{"@type":"ListItem","position":3,"name":"Directions to the climbingpark in R\u00e4ttvik"}]},{"@type":"WebSite","@id":"https:\/\/hogtlagt.se\/rattvik\/#website","url":"https:\/\/hogtlagt.se\/rattvik\/","name":"H\u00f6gt &amp; L\u00e5gt R\u00e4ttvik","description":"","potentialAction":[{"@type":"SearchAction","target":{"@type":"EntryPoint","urlTemplate":"https:\/\/hogtlagt.se\/rattvik\/?s={search_term_string}"},"query-input":{"@type":"PropertyValueSpecification","valueRequired":true,"valueName":"search_term_string"}}],"inLanguage":"sv-SE"}]}},"_links":{"self":[{"href":"https:\/\/hogtlagt.se\/rattvik\/wp-json\/wp\/v2\/pages\/606","targetHints":{"allow":["GET"]}}],"collection":[{"href":"https:\/\/hogtlagt.se\/rattvik\/wp-json\/wp\/v2\/pages"}],"about":[{"href":"https:\/\/hogtlagt.se\/rattvik\/wp-json\/wp\/v2\/types\/page"}],"author":[{"embeddable":true,"href":"https:\/\/hogtlagt.se\/rattvik\/wp-json\/wp\/v2\/users\/6"}],"replies":[{"embeddable":true,"href":"https:\/\/hogtlagt.se\/rattvik\/wp-json\/wp\/v2\/comments?post=606"}],"version-history":[{"count":10,"href":"https:\/\/hogtlagt.se\/rattvik\/wp-json\/wp\/v2\/pages\/606\/revisions"}],"predecessor-version":[{"id":2425,"href":"https:\/\/hogtlagt.se\/rattvik\/wp-json\/wp\/v2\/pages\/606\/revisions\/2425"}],"up":[{"embeddable":true,"href":"https:\/\/hogtlagt.se\/rattvik\/wp-json\/wp\/v2\/pages\/593"}],"wp:featuredmedia":[{"embeddable":true,"href":"https:\/\/hogtlagt.se\/rattvik\/wp-json\/wp\/v2\/media\/1662"}],"wp:attachment":[{"href":"https:\/\/hogtlagt.se\/rattvik\/wp-json\/wp\/v2\/media?parent=606"}],"curies":[{"name":"wp","href":"https:\/\/api.w.org\/{rel}","templated":true}]}}