{"id":529,"date":"2021-11-10T16:19:01","date_gmt":"2021-11-10T15:19:01","guid":{"rendered":"https:\/\/hogtlagt.se\/rattvik\/klatterpark-aventyrspark-i-rattvik-english\/"},"modified":"2024-07-16T09:04:49","modified_gmt":"2024-07-16T07:04:49","slug":"klatterpark-aventyrspark-i-rattvik-english","status":"publish","type":"page","link":"https:\/\/hogtlagt.se\/rattvik\/en\/klatterpark-aventyrspark-i-rattvik-english\/","title":{"rendered":"Climbingpark\/adventurepark H\u00f6gt &#038; L\u00e5gt R\u00e4ttvik &#8211; English"},"content":{"rendered":"\n<div style=\"height:32px\" aria-hidden=\"true\" class=\"wp-block-spacer\"><\/div>\n\n\n\n<h2 class=\"wp-block-heading has-text-align-center\">Welcome to the climbing park H\u00f6gt &amp; L\u00e5gt R\u00e4ttvik<\/h2>\n\n\n\n<div style=\"height:23px\" aria-hidden=\"true\" class=\"wp-block-spacer\"><\/div>\n\n\n\n<p>We always recommend that you book your tickets in advance. Drop in tickets are sold if we have tickets available. <\/p>\n\n\n\n<p>Discover the adventure together in the heart of Dalarna. Our climbing park with 9 different obstacle courses is placed in the beautiful woods just next to En\u00e5badets camping site. Our obstacle courses are built on different height and with different difficulty &#8211; so we have something for everybody. The tickets are valid for three hours and during that time you can climb as mush as you want!   <\/p>\n\n\n\n<p>Everybody from 80 cm and taller can climb at our park, and we truly have something for everyone. Our course starts at the height of one meter and our highest course run at around 10-15 meters. After your climb, or perhaps during a break, you can buy some light fika, and of course ice cream, at the camping kiosk. So get your tickets today and we will see you at our service building for check in, getting your eqipment, safety briefing (in English of course) and the training course, and then its off on your adventure for the remainder of your three hours! <\/p>\n\n\n\n<div style=\"height:48px\" aria-hidden=\"true\" class=\"wp-block-spacer\"><\/div>\n\n\n\n<h2 class=\"wp-block-heading\">How do you want to climb?<\/h2>\n\n\n\n<div class=\"wp-block-columns is-layout-flex wp-container-core-columns-is-layout-28f84493 wp-block-columns-is-layout-flex\">\n<div class=\"wp-block-column is-layout-flow wp-block-column-is-layout-flow\">\n<div id=\"rounded-box-block_dadb0782c0403e9ca15ffcc3c30d4f95\" class=\"rounded-box-block rounded-box has-background has-primary-background-color\">\n    <div class=\"rounded-box__inner no-image\">\n        <div class=\"acf-innerblocks-container\">\n\n<h3 class=\"wp-block-heading\">The park<\/h3>\n\n\n\n<p>Our park consists of nine obstacle courses and the height ranges from 1 to 15 meters above the ground. You buy tickets for 3 hours and you can climb as many courses as many times as you want provided you follow the minimum hight- and age requirements for each course. <\/p>\n\n\n\n<p>Our rules for climbing are: maximum weight 120 kg and that you are not pregnant and not under the influence of drogs or alcohol. <\/p>\n\n\n<div class=\"wp-block-html\">\n<script>\n  var APP_ID=\"f0a84a8e33a2f0340214912258b024d9001a4e1f8b898d028b341862e28864d2\";\n  var WIDGET_ID=\"SjRlGTeLWBxvP2p\";\n  if (typeof window.outventuresSettings == \"undefined\") {window.outventuresSettings = [];}\n  window.outventuresSettings.push({\n    base_url: \"https:\/\/app.outventures.se\/widget\/\",\n    app_id: APP_ID,\n    widget_id: WIDGET_ID,\n    floating: false,\n    btn_text: {\"sv\":\"Buy tickets\",\"en\":\"Buy tickets\"},\n    btn_style: { \"size\": \"large\", \"bg\": \"#ec6707\", \"color\": \"#ffffff\"},\n    list_view: \"products\",\n    product_types: [\"products\",\"vouchers\"],\n    categories: [858,877],\n  });\n<\/script>\n<script id=\"ovbs-scriptSjRlGTeLWBxvP2p\">var w=window;var d=document;var l=function(){var s=d.createElement(\"script\");s.type=\"text\/javascript\";s.async=true;s.src=\"https:\/\/app.outventures.se\/widget\/widget.js\";if(document.querySelectorAll('[src=\"' + s.src + '\"]').length == 0){var x=d.getElementsByTagName(\"script\")[0];x.parentNode.insertBefore(s, x);}};if(w.attachEvent){w.attachEvent(\"onload\",l);}else{w.addEventListener(\"load\",l,false);}<\/script>\n<\/div>\n<\/div>\n            <\/div>\n<\/div>\n<\/div>\n\n\n\n<div class=\"wp-block-column is-layout-flow wp-block-column-is-layout-flow\">\n<div id=\"rounded-box-block_3a8adaa2d0411e952f3e4a18527dd65c\" class=\"rounded-box-block rounded-box\">\n    <div class=\"rounded-box__inner no-image\">\n        <div class=\"acf-innerblocks-container\">\n\n<h3 class=\"wp-block-heading\">Gift Card<\/h3>\n\n\n\n<p>Give away laughter, challenges and memories for life! Buy a gift card to our adventure park and we will take&nbsp;care&nbsp;of everything else, making sure your special someone will have a&nbsp;superfun&nbsp;experience!<\/p>\n\n\n<div class=\"wp-block-html\">\n<script>\n  var APP_ID=\"f0a84a8e33a2f0340214912258b024d9001a4e1f8b898d028b341862e28864d2\";\n  var WIDGET_ID=\"FmkWMbKj8fbREjR\";\n  if (typeof window.outventuresSettings == \"undefined\") {window.outventuresSettings = [];}\n  window.outventuresSettings.push({\n    base_url: \"https:\/\/app.outventures.se\/widget\/\",\n    app_id: APP_ID,\n    widget_id: WIDGET_ID,\n    floating: false,\n    btn_text: {\"sv\":\"Buy gift card\",\"en\":\"Buy giftcard\"},\n    btn_style: { \"size\": \"large\", \"bg\": \"#0ec6707\", \"color\": \"#ffffff\"},\n    list_view: \"products\",\n    product_types: [\"vouchers\"],\n    categories: [878],\n  });\n<\/script>\n<script id=\"ovbs-scriptFmkWMbKj8fbREjR\">var w=window;var d=document;var l=function(){var s=d.createElement(\"script\");s.type=\"text\/javascript\";s.async=true;s.src=\"https:\/\/app.outventures.se\/widget\/widget.js\";if(document.querySelectorAll('[src=\"' + s.src + '\"]').length == 0){var x=d.getElementsByTagName(\"script\")[0];x.parentNode.insertBefore(s, x);}};if(w.attachEvent){w.attachEvent(\"onload\",l);}else{w.addEventListener(\"load\",l,false);}<\/script>\n<\/div>\n\n\n<div class=\"wp-block-buttons is-layout-flex wp-block-buttons-is-layout-flex\">\n<div class=\"wp-block-button\"><a class=\"wp-block-button__link has-tertiary-background-color has-background wp-element-button\" href=\"https:\/\/hogtlagt.se\/rattvik\/presentkort\/\">Read more<\/a><\/div>\n<\/div>\n\n<\/div>\n            <\/div>\n<\/div>\n<\/div>\n<\/div>\n\n\n\n<div class=\"wp-block-columns is-layout-flex wp-container-core-columns-is-layout-28f84493 wp-block-columns-is-layout-flex\">\n<div class=\"wp-block-column is-layout-flow wp-block-column-is-layout-flow\">\n<div id=\"rounded-box-block_d5a34db00421e30a423ace4c65446db6\" class=\"rounded-box-block rounded-box has-background has-dark-background-color\">\n    <div class=\"rounded-box__inner image-bottom\">\n        <div class=\"acf-innerblocks-container\">\n\n<h3 class=\"wp-block-heading has-light-color has-text-color\"> Bachelorette or bachelor party<\/h3>\n\n\n\n<p class=\"has-light-color has-text-color\">Are you throwing a bachelorette or bachelor party for someone special? Is that someone terrified of heights or an adventurer who loves climbing? Whichever it is we provide an activity that guarantee laughter, memories, lots of fun, and perhaps some screams! We request that everyone who is climbing does this completely sober, so why not start the day by visiting us? <\/p>\n\n\n\n<div class=\"wp-block-buttons is-layout-flex wp-block-buttons-is-layout-flex\">\n<div class=\"wp-block-button is-style-btn-arrow\"><a class=\"wp-block-button__link has-tertiary-background-color has-background wp-element-button\" href=\"https:\/\/hogtlagt.se\/rattvik\/en\/climbing-park-for-groups-corporate-events-in-rattvik\/bachelor-bachelorette-party-rattvik\/\">Read more and book now<\/a><\/div>\n<\/div>\n\n<\/div>\n                    <div class=\"rounded-box__img-wrapper\">\n                <img decoding=\"async\" class=\"rounded-box__img image-bottom\" src=\"https:\/\/hogtlagt.se\/rattvik\/wp-content\/uploads\/sites\/2\/2021\/04\/B04I7627-cropped-1-768x432-1.jpg\" alt=\"Kille p\u00e5 svensexa kl\u00e4ttrar ett hinder med monkey bars p\u00e5 den r\u00f6da banan, han skriker av f\u00f6rtjusning\">\n            <\/div>\n            <\/div>\n<\/div>\n<\/div>\n\n\n\n<div class=\"wp-block-column is-layout-flow wp-block-column-is-layout-flow\">\n<div id=\"rounded-box-block_dadb0782c0403e9ca15ffcc3c30d4f95\" class=\"rounded-box-block rounded-box has-background has-primary-background-color\">\n    <div class=\"rounded-box__inner no-image\">\n        <div class=\"acf-innerblocks-container\">\n\n<figure class=\"wp-block-image size-large is-resized hide-on-mobile\"><img decoding=\"async\" src=\"https:\/\/hogtlagt.se\/karlstad\/wp-content\/uploads\/sites\/4\/2020\/03\/skulgrupper.svg\" alt=\"\" class=\"wp-image-179\" style=\"width:484px;height:253px\"\/><\/figure>\n\n\n\n<div style=\"height:2em\" aria-hidden=\"true\" class=\"wp-block-spacer\"><\/div>\n\n\n\n<h3 class=\"wp-block-heading\">School groups &amp; classes<\/h3>\n\n\n\n<p>Is your class looking for something fun to do together? We have a really nice offer for school groups in middle school and high school available during the weekdays and office hours. Come and experience a climbing adventure together in our park. We guarantee laughter and shared memories. Email us at<a href=\"mailto:rattvik@hogtlagt.se\" target=\"_blank\" rel=\"noreferrer noopener\"> rattvik@hogtlagt.se<\/a>&nbsp;for bookings.<\/p>\n\n\n\n<div class=\"wp-block-buttons is-layout-flex wp-block-buttons-is-layout-flex\">\n<div class=\"wp-block-button is-style-btn-arrow\"><a class=\"wp-block-button__link has-tertiary-background-color has-background wp-element-button\" href=\"https:\/\/hogtlagt.se\/rattvik\/en\/climbing-park-for-groups-corporate-events-in-rattvik\/climbing-adventure-for-school-groups-in-rattvik\/\">Read more and book now<\/a><\/div>\n<\/div>\n\n<\/div>\n            <\/div>\n<\/div>\n<\/div>\n<\/div>\n\n\n\n<div id=\"rounded-box-block_0633c443d25091b561d8d54416c7a557\" class=\"rounded-box-block rounded-box\">\n    <div class=\"rounded-box__inner image-right\">\n        <div class=\"acf-innerblocks-container\">\n\n<h3 class=\"wp-block-heading\">Corporate<\/h3>\n\n\n\n<p>Is your company planning a kick-off, or do you want to do something fun and social during your conference? We offer an activity where you get to challenge yourselves, test your limits, support and cheer for each other and create shared memories together. Email us at&nbsp;<a href=\"mailto:rattvik@hogtlagt.se\" target=\"_blank\" rel=\"noreferrer noopener\">rattvik@hogtlagt.se<\/a>&nbsp;for bookings.&nbsp;<\/p>\n\n\n\n<div class=\"wp-block-buttons is-layout-flex wp-block-buttons-is-layout-flex\">\n<div class=\"wp-block-button is-style-btn-arrow\"><a class=\"wp-block-button__link has-tertiary-background-color has-background wp-element-button\" href=\"https:\/\/hogtlagt.se\/rattvik\/en\/climbing-park-for-groups-corporate-events-in-rattvik\/corporate-event-with-climbing-adventure-in-rattvik\/\">Read more and book now<\/a><\/div>\n<\/div>\n\n<\/div>\n                    <div class=\"rounded-box__img-wrapper\">\n                <img decoding=\"async\" class=\"rounded-box__img image-right\" src=\"https:\/\/hogtlagt.se\/rattvik\/wp-content\/uploads\/sites\/2\/2022\/03\/vuxenzip2-e1696940326226.jpg\" alt=\"\">\n            <\/div>\n            <\/div>\n<\/div>\n\n\n\n<div style=\"height:52px\" aria-hidden=\"true\" class=\"wp-block-spacer\"><\/div>\n\n\n\n<div class=\"wp-block-columns is-layout-flex wp-container-core-columns-is-layout-28f84493 wp-block-columns-is-layout-flex\">\n<div class=\"wp-block-column is-layout-flow wp-block-column-is-layout-flow\">\n<figure class=\"wp-block-image aligncenter size-full\"><img loading=\"lazy\" decoding=\"async\" width=\"368\" height=\"318\" src=\"https:\/\/hogtlagt.se\/rattvik\/wp-content\/uploads\/sites\/2\/2020\/03\/banor.png\" alt=\"\" class=\"wp-image-105\" srcset=\"https:\/\/hogtlagt.se\/rattvik\/wp-content\/uploads\/sites\/2\/2020\/03\/banor.png 368w, https:\/\/hogtlagt.se\/rattvik\/wp-content\/uploads\/sites\/2\/2020\/03\/banor-300x259.png 300w\" sizes=\"auto, (max-width: 368px) 100vw, 368px\" \/><\/figure>\n<\/div>\n\n\n\n<div class=\"wp-block-column is-layout-flow wp-block-column-is-layout-flow\">\n<figure class=\"wp-block-image aligncenter size-full\"><img loading=\"lazy\" decoding=\"async\" width=\"368\" height=\"318\" src=\"https:\/\/hogtlagt.se\/rattvik\/wp-content\/uploads\/sites\/2\/2020\/03\/hinder.png\" alt=\"\" class=\"wp-image-104\" srcset=\"https:\/\/hogtlagt.se\/rattvik\/wp-content\/uploads\/sites\/2\/2020\/03\/hinder.png 368w, https:\/\/hogtlagt.se\/rattvik\/wp-content\/uploads\/sites\/2\/2020\/03\/hinder-300x259.png 300w\" sizes=\"auto, (max-width: 368px) 100vw, 368px\" \/><\/figure>\n<\/div>\n\n\n\n<div class=\"wp-block-column is-layout-flow wp-block-column-is-layout-flow\">\n<figure class=\"wp-block-image aligncenter size-full\"><img loading=\"lazy\" decoding=\"async\" width=\"368\" height=\"318\" src=\"https:\/\/hogtlagt.se\/rattvik\/wp-content\/uploads\/sites\/2\/2020\/03\/zipline.png\" alt=\"\" class=\"wp-image-103\" srcset=\"https:\/\/hogtlagt.se\/rattvik\/wp-content\/uploads\/sites\/2\/2020\/03\/zipline.png 368w, https:\/\/hogtlagt.se\/rattvik\/wp-content\/uploads\/sites\/2\/2020\/03\/zipline-300x259.png 300w\" sizes=\"auto, (max-width: 368px) 100vw, 368px\" \/><\/figure>\n<\/div>\n<\/div>\n\n\n\n<div class=\"wp-block-columns is-layout-flex wp-container-core-columns-is-layout-28f84493 wp-block-columns-is-layout-flex\">\n<div class=\"wp-block-column is-layout-flow wp-block-column-is-layout-flow\">\n<p class=\"has-text-align-center\"><strong>7 COURSES<\/strong><\/p>\n<\/div>\n\n\n\n<div class=\"wp-block-column is-layout-flow wp-block-column-is-layout-flow\">\n<p class=\"has-text-align-center\"><strong>65 OBSTACLES<\/strong><\/p>\n<\/div>\n\n\n\n<div class=\"wp-block-column is-layout-flow wp-block-column-is-layout-flow\">\n<p class=\"has-text-align-center\"><strong>7 ZIPLINES<\/strong><\/p>\n<\/div>\n<\/div>\n\n\n\n<div style=\"height:55px\" aria-hidden=\"true\" class=\"wp-block-spacer\"><\/div>\n\n\n\n<figure class=\"wp-block-image size-large\"><img decoding=\"async\" src=\"https:\/\/hogtlagt.se\/rattvik\/wp-content\/uploads\/sites\/2\/2022\/04\/NYparkkartaRa\u0308ttvik.svg\" alt=\"\" class=\"wp-image-1029\"\/><\/figure>\n\n\n\n<div style=\"height:100px\" aria-hidden=\"true\" class=\"wp-block-spacer\"><\/div>\n\n\n\n<div class=\"wp-block-cover alignfull\" style=\"min-height:376px;aspect-ratio:unset;\"><span aria-hidden=\"true\" class=\"wp-block-cover__background has-background-dim\"><\/span><img loading=\"lazy\" decoding=\"async\" width=\"2048\" height=\"1365\" class=\"wp-block-cover__image-background wp-image-1921\" alt=\"\" src=\"https:\/\/hogtlagt.se\/rattvik\/wp-content\/uploads\/sites\/2\/2023\/12\/Omslag-nederkant.jpg\" style=\"object-position:50% 66%\" data-object-fit=\"cover\" data-object-position=\"50% 66%\" srcset=\"https:\/\/hogtlagt.se\/rattvik\/wp-content\/uploads\/sites\/2\/2023\/12\/Omslag-nederkant.jpg 2048w, https:\/\/hogtlagt.se\/rattvik\/wp-content\/uploads\/sites\/2\/2023\/12\/Omslag-nederkant-300x200.jpg 300w, https:\/\/hogtlagt.se\/rattvik\/wp-content\/uploads\/sites\/2\/2023\/12\/Omslag-nederkant-1024x683.jpg 1024w, https:\/\/hogtlagt.se\/rattvik\/wp-content\/uploads\/sites\/2\/2023\/12\/Omslag-nederkant-768x512.jpg 768w, https:\/\/hogtlagt.se\/rattvik\/wp-content\/uploads\/sites\/2\/2023\/12\/Omslag-nederkant-1536x1024.jpg 1536w\" sizes=\"auto, (max-width: 2048px) 100vw, 2048px\" \/><div class=\"wp-block-cover__inner-container has-global-padding is-layout-constrained wp-block-cover-is-layout-constrained\">\n<p class=\"has-text-align-center\" style=\"font-size:25px\">Everything we do stems from our fundamental values <em>Thorough, Safe, Innovative, Including<\/em> and <em>Challenging<\/em>. We are passionate, we work hard, we care about the experience of each single visitor, we take part in the development of this industry and we have SO much fun along the way! <\/p>\n<\/div><\/div>\n\n\n\n<div class=\"wp-block-group alignfull has-dark-background-color has-background has-global-padding is-layout-constrained wp-block-group-is-layout-constrained\">\n<div style=\"height:4rem\" aria-hidden=\"true\" class=\"wp-block-spacer\"><\/div>\n\n\n\n<div class=\"wp-block-columns is-layout-flex wp-container-core-columns-is-layout-28f84493 wp-block-columns-is-layout-flex\">\n<div class=\"wp-block-column has-light-color has-text-color is-layout-flow wp-block-column-is-layout-flow\">\n<h2 class=\"wp-block-heading has-light-color has-text-color\">Welcome to H\u00f6gt &amp; L\u00e5gt<\/h2>\n\n\n\n<p>H\u00f6gt &amp; L\u00e5gt is today Scandinavia&#8217;s largest supplier of climbing parks. We are a leader in the industry and we build parks with high-altitude courses that suit everyone. Families with children, football teams, company groups, bachelor parties and bachelorette parties, school classes, groups of friends and couples on dates &#8211; with us there really is something for everyone. Our ambition is for all our guests to leave the park with a smile on their face, with the feeling of having dared to challenge themselves and with fantastic memories for life. <\/p>\n\n\n\n<p>Everything we do is permeated by our core values \u200b\u200bFun, Safe, Innovative, For All and Challenging. We are driven, we work hard, we are passionate about each customer&#8217;s experience, we are involved in developing the industry and<br>we have a hell of a lot of fun while we do it!<\/p>\n\n\n\n<div class=\"wp-block-buttons is-layout-flex wp-block-buttons-is-layout-flex\">\n<div class=\"wp-block-button is-style-outline is-style-outline--1\"><a class=\"wp-block-button__link has-light-color has-text-color wp-element-button\" href=\"https:\/\/hogtlagt.se\/franchise\/\">Open franchise<\/a><\/div>\n<\/div>\n<\/div>\n\n\n\n<div class=\"wp-block-column is-layout-flow wp-block-column-is-layout-flow\">\n<div id=\"hl-map-block_68144d3677523ae8df08b7f1614368c2\" class=\"hl-map aligncenter\">\n\n    <div id=\"mapsvg-\" data-id=\"\" class=\"mapsvg\" data-autoload=\"true\" data-load-db=\"false\" data-loading-text=\"\" style=\"width: 100%; height: 0; padding-bottom: 62.5%\"><\/div>\n<\/div>\n\n\n\n<p class=\"has-text-align-center has-light-color has-text-color\">Use the map to select a park<\/p>\n<\/div>\n<\/div>\n\n\n\n<div style=\"height:4rem\" aria-hidden=\"true\" class=\"wp-block-spacer\"><\/div>\n<\/div>\n","protected":false},"excerpt":{"rendered":"<p>Welcome to the climbing park H\u00f6gt &amp; L\u00e5gt R\u00e4ttvik We always recommend that you book your tickets in advance. Drop in tickets are sold if we have tickets available. Discover&#8230;<\/p>\n","protected":false},"author":1,"featured_media":0,"parent":0,"menu_order":0,"comment_status":"closed","ping_status":"closed","template":"templates\/frontpage.php","meta":{"_acf_changed":false,"inline_featured_image":false,"footnotes":""},"class_list":["post-529","page","type-page","status-publish"],"acf":[],"yoast_head":"<!-- This site is optimized with the Yoast SEO plugin v26.1.1 - https:\/\/yoast.com\/wordpress\/plugins\/seo\/ -->\n<title>Climbingpark\/adventurepark H\u00f6gt &amp; L\u00e5gt R\u00e4ttvik - English - H\u00f6gt &amp; L\u00e5gt R\u00e4ttvik<\/title>\n<meta name=\"robots\" content=\"index, follow, max-snippet:-1, max-image-preview:large, max-video-preview:-1\" \/>\n<link rel=\"canonical\" href=\"https:\/\/hogtlagt.se\/rattvik\/en\/klatterpark-aventyrspark-i-rattvik-english\/\" \/>\n<meta property=\"og:locale\" content=\"sv_SE\" \/>\n<meta property=\"og:type\" content=\"article\" \/>\n<meta property=\"og:title\" content=\"Climbingpark\/adventurepark H\u00f6gt &amp; L\u00e5gt R\u00e4ttvik - English - H\u00f6gt &amp; L\u00e5gt R\u00e4ttvik\" \/>\n<meta property=\"og:description\" content=\"Welcome to the climbing park H\u00f6gt &amp; L\u00e5gt R\u00e4ttvik We always recommend that you book your tickets in advance. Drop in tickets are sold if we have tickets available. Discover...\" \/>\n<meta property=\"og:url\" content=\"https:\/\/hogtlagt.se\/rattvik\/en\/klatterpark-aventyrspark-i-rattvik-english\/\" \/>\n<meta property=\"og:site_name\" content=\"H\u00f6gt &amp; L\u00e5gt R\u00e4ttvik\" \/>\n<meta property=\"article:modified_time\" content=\"2024-07-16T07:04:49+00:00\" \/>\n<meta property=\"og:image\" content=\"https:\/\/hogtlagt.se\/karlstad\/wp-content\/uploads\/sites\/4\/2020\/03\/skulgrupper.svg\" \/>\n<meta name=\"twitter:card\" content=\"summary_large_image\" \/>\n<meta name=\"twitter:label1\" content=\"Ber\u00e4knad l\u00e4stid\" \/>\n\t<meta name=\"twitter:data1\" content=\"5 minuter\" \/>\n<script type=\"application\/ld+json\" class=\"yoast-schema-graph\">{\"@context\":\"https:\/\/schema.org\",\"@graph\":[{\"@type\":\"WebPage\",\"@id\":\"https:\/\/hogtlagt.se\/rattvik\/en\/klatterpark-aventyrspark-i-rattvik-english\/\",\"url\":\"https:\/\/hogtlagt.se\/rattvik\/en\/klatterpark-aventyrspark-i-rattvik-english\/\",\"name\":\"Climbingpark\/adventurepark H\u00f6gt & L\u00e5gt R\u00e4ttvik - English - H\u00f6gt &amp; L\u00e5gt R\u00e4ttvik\",\"isPartOf\":{\"@id\":\"https:\/\/hogtlagt.se\/rattvik\/#website\"},\"primaryImageOfPage\":{\"@id\":\"https:\/\/hogtlagt.se\/rattvik\/en\/klatterpark-aventyrspark-i-rattvik-english\/#primaryimage\"},\"image\":{\"@id\":\"https:\/\/hogtlagt.se\/rattvik\/en\/klatterpark-aventyrspark-i-rattvik-english\/#primaryimage\"},\"thumbnailUrl\":\"https:\/\/hogtlagt.se\/karlstad\/wp-content\/uploads\/sites\/4\/2020\/03\/skulgrupper.svg\",\"datePublished\":\"2021-11-10T15:19:01+00:00\",\"dateModified\":\"2024-07-16T07:04:49+00:00\",\"breadcrumb\":{\"@id\":\"https:\/\/hogtlagt.se\/rattvik\/en\/klatterpark-aventyrspark-i-rattvik-english\/#breadcrumb\"},\"inLanguage\":\"sv-SE\",\"potentialAction\":[{\"@type\":\"ReadAction\",\"target\":[\"https:\/\/hogtlagt.se\/rattvik\/en\/klatterpark-aventyrspark-i-rattvik-english\/\"]}]},{\"@type\":\"ImageObject\",\"inLanguage\":\"sv-SE\",\"@id\":\"https:\/\/hogtlagt.se\/rattvik\/en\/klatterpark-aventyrspark-i-rattvik-english\/#primaryimage\",\"url\":\"https:\/\/hogtlagt.se\/karlstad\/wp-content\/uploads\/sites\/4\/2020\/03\/skulgrupper.svg\",\"contentUrl\":\"https:\/\/hogtlagt.se\/karlstad\/wp-content\/uploads\/sites\/4\/2020\/03\/skulgrupper.svg\"},{\"@type\":\"BreadcrumbList\",\"@id\":\"https:\/\/hogtlagt.se\/rattvik\/en\/klatterpark-aventyrspark-i-rattvik-english\/#breadcrumb\",\"itemListElement\":[{\"@type\":\"ListItem\",\"position\":1,\"name\":\"Hem\",\"item\":\"https:\/\/hogtlagt.se\/rattvik\/\"},{\"@type\":\"ListItem\",\"position\":2,\"name\":\"Climbingpark\/adventurepark H\u00f6gt &#038; L\u00e5gt R\u00e4ttvik &#8211; English\"}]},{\"@type\":\"WebSite\",\"@id\":\"https:\/\/hogtlagt.se\/rattvik\/#website\",\"url\":\"https:\/\/hogtlagt.se\/rattvik\/\",\"name\":\"H\u00f6gt &amp; L\u00e5gt R\u00e4ttvik\",\"description\":\"\",\"potentialAction\":[{\"@type\":\"SearchAction\",\"target\":{\"@type\":\"EntryPoint\",\"urlTemplate\":\"https:\/\/hogtlagt.se\/rattvik\/?s={search_term_string}\"},\"query-input\":{\"@type\":\"PropertyValueSpecification\",\"valueRequired\":true,\"valueName\":\"search_term_string\"}}],\"inLanguage\":\"sv-SE\"}]}<\/script>\n<!-- \/ Yoast SEO plugin. -->","yoast_head_json":{"title":"Climbingpark\/adventurepark H\u00f6gt & L\u00e5gt R\u00e4ttvik - English - H\u00f6gt &amp; L\u00e5gt R\u00e4ttvik","robots":{"index":"index","follow":"follow","max-snippet":"max-snippet:-1","max-image-preview":"max-image-preview:large","max-video-preview":"max-video-preview:-1"},"canonical":"https:\/\/hogtlagt.se\/rattvik\/en\/klatterpark-aventyrspark-i-rattvik-english\/","og_locale":"sv_SE","og_type":"article","og_title":"Climbingpark\/adventurepark H\u00f6gt & L\u00e5gt R\u00e4ttvik - English - H\u00f6gt &amp; L\u00e5gt R\u00e4ttvik","og_description":"Welcome to the climbing park H\u00f6gt &amp; L\u00e5gt R\u00e4ttvik We always recommend that you book your tickets in advance. Drop in tickets are sold if we have tickets available. Discover...","og_url":"https:\/\/hogtlagt.se\/rattvik\/en\/klatterpark-aventyrspark-i-rattvik-english\/","og_site_name":"H\u00f6gt &amp; L\u00e5gt R\u00e4ttvik","article_modified_time":"2024-07-16T07:04:49+00:00","og_image":[{"url":"https:\/\/hogtlagt.se\/karlstad\/wp-content\/uploads\/sites\/4\/2020\/03\/skulgrupper.svg","type":"","width":"","height":""}],"twitter_card":"summary_large_image","twitter_misc":{"Ber\u00e4knad l\u00e4stid":"5 minuter"},"schema":{"@context":"https:\/\/schema.org","@graph":[{"@type":"WebPage","@id":"https:\/\/hogtlagt.se\/rattvik\/en\/klatterpark-aventyrspark-i-rattvik-english\/","url":"https:\/\/hogtlagt.se\/rattvik\/en\/klatterpark-aventyrspark-i-rattvik-english\/","name":"Climbingpark\/adventurepark H\u00f6gt & L\u00e5gt R\u00e4ttvik - English - H\u00f6gt &amp; L\u00e5gt R\u00e4ttvik","isPartOf":{"@id":"https:\/\/hogtlagt.se\/rattvik\/#website"},"primaryImageOfPage":{"@id":"https:\/\/hogtlagt.se\/rattvik\/en\/klatterpark-aventyrspark-i-rattvik-english\/#primaryimage"},"image":{"@id":"https:\/\/hogtlagt.se\/rattvik\/en\/klatterpark-aventyrspark-i-rattvik-english\/#primaryimage"},"thumbnailUrl":"https:\/\/hogtlagt.se\/karlstad\/wp-content\/uploads\/sites\/4\/2020\/03\/skulgrupper.svg","datePublished":"2021-11-10T15:19:01+00:00","dateModified":"2024-07-16T07:04:49+00:00","breadcrumb":{"@id":"https:\/\/hogtlagt.se\/rattvik\/en\/klatterpark-aventyrspark-i-rattvik-english\/#breadcrumb"},"inLanguage":"sv-SE","potentialAction":[{"@type":"ReadAction","target":["https:\/\/hogtlagt.se\/rattvik\/en\/klatterpark-aventyrspark-i-rattvik-english\/"]}]},{"@type":"ImageObject","inLanguage":"sv-SE","@id":"https:\/\/hogtlagt.se\/rattvik\/en\/klatterpark-aventyrspark-i-rattvik-english\/#primaryimage","url":"https:\/\/hogtlagt.se\/karlstad\/wp-content\/uploads\/sites\/4\/2020\/03\/skulgrupper.svg","contentUrl":"https:\/\/hogtlagt.se\/karlstad\/wp-content\/uploads\/sites\/4\/2020\/03\/skulgrupper.svg"},{"@type":"BreadcrumbList","@id":"https:\/\/hogtlagt.se\/rattvik\/en\/klatterpark-aventyrspark-i-rattvik-english\/#breadcrumb","itemListElement":[{"@type":"ListItem","position":1,"name":"Hem","item":"https:\/\/hogtlagt.se\/rattvik\/"},{"@type":"ListItem","position":2,"name":"Climbingpark\/adventurepark H\u00f6gt &#038; L\u00e5gt R\u00e4ttvik &#8211; English"}]},{"@type":"WebSite","@id":"https:\/\/hogtlagt.se\/rattvik\/#website","url":"https:\/\/hogtlagt.se\/rattvik\/","name":"H\u00f6gt &amp; L\u00e5gt R\u00e4ttvik","description":"","potentialAction":[{"@type":"SearchAction","target":{"@type":"EntryPoint","urlTemplate":"https:\/\/hogtlagt.se\/rattvik\/?s={search_term_string}"},"query-input":{"@type":"PropertyValueSpecification","valueRequired":true,"valueName":"search_term_string"}}],"inLanguage":"sv-SE"}]}},"_links":{"self":[{"href":"https:\/\/hogtlagt.se\/rattvik\/wp-json\/wp\/v2\/pages\/529","targetHints":{"allow":["GET"]}}],"collection":[{"href":"https:\/\/hogtlagt.se\/rattvik\/wp-json\/wp\/v2\/pages"}],"about":[{"href":"https:\/\/hogtlagt.se\/rattvik\/wp-json\/wp\/v2\/types\/page"}],"author":[{"embeddable":true,"href":"https:\/\/hogtlagt.se\/rattvik\/wp-json\/wp\/v2\/users\/1"}],"replies":[{"embeddable":true,"href":"https:\/\/hogtlagt.se\/rattvik\/wp-json\/wp\/v2\/comments?post=529"}],"version-history":[{"count":34,"href":"https:\/\/hogtlagt.se\/rattvik\/wp-json\/wp\/v2\/pages\/529\/revisions"}],"predecessor-version":[{"id":2295,"href":"https:\/\/hogtlagt.se\/rattvik\/wp-json\/wp\/v2\/pages\/529\/revisions\/2295"}],"wp:attachment":[{"href":"https:\/\/hogtlagt.se\/rattvik\/wp-json\/wp\/v2\/media?parent=529"}],"curies":[{"name":"wp","href":"https:\/\/api.w.org\/{rel}","templated":true}]}}