{"id":30,"date":"2020-02-28T12:47:51","date_gmt":"2020-02-28T11:47:51","guid":{"rendered":"http:\/\/hogtlagt.se.hemsida.eu\/rattvik\/?page_id=30"},"modified":"2025-04-09T09:56:26","modified_gmt":"2025-04-09T07:56:26","slug":"priser","status":"publish","type":"page","link":"https:\/\/hogtlagt.se\/rattvik\/infor-besoket\/priser\/","title":{"rendered":"Priser hos Kl\u00e4tterparken i R\u00e4ttvik"},"content":{"rendered":"\n<div class=\"wp-block-cover alignfull\" style=\"min-height:600px;aspect-ratio:unset;\"><span aria-hidden=\"true\" class=\"wp-block-cover__background has-background-dim-30 has-background-dim\"><\/span><img loading=\"lazy\" decoding=\"async\" width=\"2560\" height=\"1707\" class=\"wp-block-cover__image-background wp-image-1594\" alt=\"\" src=\"https:\/\/hogtlagt.se\/rattvik\/wp-content\/uploads\/sites\/2\/2023\/10\/Priser-scaled.jpg\" data-object-fit=\"cover\" srcset=\"https:\/\/hogtlagt.se\/rattvik\/wp-content\/uploads\/sites\/2\/2023\/10\/Priser-scaled.jpg 2560w, https:\/\/hogtlagt.se\/rattvik\/wp-content\/uploads\/sites\/2\/2023\/10\/Priser-300x200.jpg 300w, https:\/\/hogtlagt.se\/rattvik\/wp-content\/uploads\/sites\/2\/2023\/10\/Priser-1024x683.jpg 1024w, https:\/\/hogtlagt.se\/rattvik\/wp-content\/uploads\/sites\/2\/2023\/10\/Priser-768x512.jpg 768w, https:\/\/hogtlagt.se\/rattvik\/wp-content\/uploads\/sites\/2\/2023\/10\/Priser-1536x1024.jpg 1536w, https:\/\/hogtlagt.se\/rattvik\/wp-content\/uploads\/sites\/2\/2023\/10\/Priser-2048x1365.jpg 2048w\" sizes=\"auto, (max-width: 2560px) 100vw, 2560px\" \/><div class=\"wp-block-cover__inner-container has-global-padding is-layout-constrained wp-block-cover-is-layout-constrained\">\n<h1 class=\"wp-block-heading has-text-align-center\" style=\"font-size:55px\">Priser<\/h1>\n<\/div><\/div>\n\n\n\n<div style=\"height:75px\" aria-hidden=\"true\" class=\"wp-block-spacer\"><\/div>\n\n\n\n<h2 class=\"wp-block-heading\">Kl\u00e4tterparkens priser<\/h2>\n\n\n\n<div class=\"wp-block-columns is-layout-flex wp-container-core-columns-is-layout-28f84493 wp-block-columns-is-layout-flex\">\n<div class=\"wp-block-column is-layout-flow wp-block-column-is-layout-flow\">\n<p><strong>Biljetterna g\u00e4ller f\u00f6r 3 timmars kl\u00e4ttring. Din kl\u00e4ttertid startar med en instrukt\u00f6rsledd s\u00e4kerhetsgenomg\u00e5ng och tr\u00e4ningsbana, och d\u00e4refter \u00e4r du fri att kl\u00e4ttra s\u00e5 mycket du vill i s\u00e5 m\u00e5nga banor du vill <strong>under resten av din kl\u00e4ttertid<\/strong><\/strong>, <strong>s\u00e5 l\u00e4nge du f\u00f6ljer varje banas l\u00e4ngd- och \u00e5lderskrav.<\/strong><\/p>\n<\/div>\n\n\n\n<div class=\"wp-block-column is-layout-flow wp-block-column-is-layout-flow\"><\/div>\n<\/div>\n\n\n\n<div style=\"height:40px\" aria-hidden=\"true\" class=\"wp-block-spacer\"><\/div>\n\n\n\n<div class=\"wp-block-columns is-layout-flex wp-container-core-columns-is-layout-28f84493 wp-block-columns-is-layout-flex\">\n<div class=\"wp-block-column is-layout-flow wp-block-column-is-layout-flow\">\n<h3 class=\"wp-block-heading\">V\u00e5r och h\u00f6stpriser v 20-24 + v 33-39<\/h3>\n\n\n\n<figure class=\"wp-block-table is-style-stripes\"><table><tbody><tr><td>Kl\u00e4ttrare 2-5 \u00e5r (min 80 cm)<\/td><td>115 kr         <\/td><\/tr><tr><td>Kl\u00e4ttrare 6-9 \u00e5r<\/td><td>265 kr<\/td><\/tr><tr><td>Kl\u00e4ttrare 10-64 \u00e5r (max 120 kg)<\/td><td>310 kr<\/td><\/tr><tr><td>Kl\u00e4ttrare 65+ \u00e5r (max 120 kg)<\/td><td>265 kr<\/td><\/tr><\/tbody><\/table><\/figure>\n<\/div>\n\n\n\n<div class=\"wp-block-column is-layout-flow wp-block-column-is-layout-flow\">\n<h3 class=\"wp-block-heading\">Sommarpriser v 25-32<\/h3>\n\n\n\n<figure class=\"wp-block-table is-style-stripes\"><table><tbody><tr><td>Kl\u00e4ttrare 2-5 \u00e5r (min 80 cm)<\/td><td>125 kr         <\/td><\/tr><tr><td>Kl\u00e4ttrare 6-9 \u00e5r<\/td><td>300 kr<\/td><\/tr><tr><td>Kl\u00e4ttrare 10-64 \u00e5r (max 120 kg)<\/td><td>360 kr<\/td><\/tr><tr><td>Kl\u00e4ttrare 65+ \u00e5r (max 120 kg)<\/td><td>300 kr<\/td><\/tr><\/tbody><\/table><\/figure>\n<\/div>\n<\/div>\n\n\n\n<div style=\"height:26px\" aria-hidden=\"true\" class=\"wp-block-spacer\"><\/div>\n\n\n\n<div style=\"height:50px\" aria-hidden=\"true\" class=\"wp-block-spacer\"><\/div>\n\n\n\n<h3 class=\"wp-block-heading\">S\u00e4songskort Sommaren 2025<\/h3>\n\n\n\n<div class=\"wp-block-columns is-layout-flex wp-container-core-columns-is-layout-28f84493 wp-block-columns-is-layout-flex\">\n<div class=\"wp-block-column is-layout-flow wp-block-column-is-layout-flow\">\n<p><strong>S\u00e4songskort g\u00e4ller fr\u00e5n dagen det k\u00f6ps och resten av s\u00e4songen. Du f\u00e5r kl\u00e4ttra s\u00e5 mycket du vill under hela s\u00e4songen<\/strong>. <strong>Om du k\u00f6per ett s\u00e4songskort till ditt barn (g\u00e4ller barn under 10 \u00e5r) f\u00e5r du som f\u00f6r\u00e4lder k\u00f6pa ett eget s\u00e4songskort (flexibel f\u00f6r\u00e4lder) till rabatterat pris. Du kan v\u00e4lja mellan s\u00e4songskort som g\u00e4ller i den park det k\u00f6ps i eller ett s\u00e4songskort som g\u00e4ller i alla v\u00e5ra parker. <\/strong><\/p>\n<\/div>\n\n\n\n<div class=\"wp-block-column is-layout-flow wp-block-column-is-layout-flow\">\n<figure class=\"wp-block-image aligncenter size-full is-resized\"><img loading=\"lazy\" decoding=\"async\" width=\"597\" height=\"483\" src=\"https:\/\/hogtlagt.se\/rattvik\/wp-content\/uploads\/sites\/2\/2024\/02\/Sa\u0308song-lokal.png\" alt=\"\" class=\"wp-image-2148\" style=\"width:253px;height:auto\" srcset=\"https:\/\/hogtlagt.se\/rattvik\/wp-content\/uploads\/sites\/2\/2024\/02\/Sa\u0308song-lokal.png 597w, https:\/\/hogtlagt.se\/rattvik\/wp-content\/uploads\/sites\/2\/2024\/02\/Sa\u0308song-lokal-300x243.png 300w\" sizes=\"auto, (max-width: 597px) 100vw, 597px\" \/><\/figure>\n<\/div>\n<\/div>\n\n\n\n<div class=\"wp-block-columns is-layout-flex wp-container-core-columns-is-layout-28f84493 wp-block-columns-is-layout-flex\">\n<div class=\"wp-block-column is-layout-flow wp-block-column-is-layout-flow\">\n<h3 class=\"wp-block-heading\">S\u00e4songskort R\u00e4ttviksparken<\/h3>\n\n\n\n<figure class=\"wp-block-table is-style-stripes\"><table><tbody><tr><td>S\u00e4songskort R\u00e4ttvik 2025<\/td><td>1195 kr         <\/td><\/tr><tr><td>S\u00e4songskort Flexibel F\u00f6r\u00e4lder R\u00e4ttvik 2025<\/td><td>795 kr<\/td><\/tr><\/tbody><\/table><\/figure>\n<\/div>\n\n\n\n<div class=\"wp-block-column is-layout-flow wp-block-column-is-layout-flow\">\n<h3 class=\"wp-block-heading\">S\u00e4songskort Alla parker<\/h3>\n\n\n\n<figure class=\"wp-block-table is-style-stripes\"><table><tbody><tr><td>S\u00e4songskort Alla parker 2025<\/td><td>1395 kr       <\/td><\/tr><tr><td>S\u00e4songskort Alla parker Flexibel F\u00f6r\u00e4lder 2025<\/td><td>995 kr<\/td><\/tr><\/tbody><\/table><\/figure>\n<\/div>\n<\/div>\n\n\n\n<div style=\"height:90px\" aria-hidden=\"true\" class=\"wp-block-spacer\"><\/div>\n\n\n\n<h2 class=\"wp-block-heading\">St\u00f6rre grupper<\/h2>\n\n\n\n<p>\u00c4r ni fler \u00e4n 20 personer f\u00e5r ni rabatt p\u00e5 era biljetter. F\u00f6r att f\u00e5 hj\u00e4lp med bokning och rabatt, mejla oss p\u00e5 <a href=\"mailto:rattvik@hogtlagt.se\">rattvik@hogtlagt.se<\/a>. <\/p>\n\n\n\n<p>Vi tar emot f\u00f6retagsgrupper, skolklasser och f\u00f6reningar under hela v\u00e5r s\u00e4song, fr\u00e5n v 20-39. vill ni komma utanf\u00f6r v\u00e5ra ordinarie \u00f6ppettider g\u00e4ller s\u00e4rskilda villkor och priser. L\u00e4s mer om vad vi kan erbjuda er <a href=\"https:\/\/hogtlagt.se\/rattvik\/grupper-foretag\/\">h\u00e4r<\/a>, eller mejla oss p\u00e5 <a href=\"mailto:rattvik@hogtlagt.se\">rattvik@hogtlagt.se<\/a> f\u00f6r offert.  <\/p>\n\n\n\n<div style=\"height:100px\" aria-hidden=\"true\" class=\"wp-block-spacer\"><\/div>\n\n\n\n<div class=\"wp-block-cover alignfull\" style=\"min-height:376px;aspect-ratio:unset;\"><span aria-hidden=\"true\" class=\"wp-block-cover__background has-background-dim\"><\/span><img loading=\"lazy\" decoding=\"async\" width=\"2048\" height=\"1365\" class=\"wp-block-cover__image-background wp-image-1921\" alt=\"\" src=\"https:\/\/hogtlagt.se\/rattvik\/wp-content\/uploads\/sites\/2\/2023\/12\/Omslag-nederkant.jpg\" style=\"object-position:50% 66%\" data-object-fit=\"cover\" data-object-position=\"50% 66%\" srcset=\"https:\/\/hogtlagt.se\/rattvik\/wp-content\/uploads\/sites\/2\/2023\/12\/Omslag-nederkant.jpg 2048w, https:\/\/hogtlagt.se\/rattvik\/wp-content\/uploads\/sites\/2\/2023\/12\/Omslag-nederkant-300x200.jpg 300w, https:\/\/hogtlagt.se\/rattvik\/wp-content\/uploads\/sites\/2\/2023\/12\/Omslag-nederkant-1024x683.jpg 1024w, https:\/\/hogtlagt.se\/rattvik\/wp-content\/uploads\/sites\/2\/2023\/12\/Omslag-nederkant-768x512.jpg 768w, https:\/\/hogtlagt.se\/rattvik\/wp-content\/uploads\/sites\/2\/2023\/12\/Omslag-nederkant-1536x1024.jpg 1536w\" sizes=\"auto, (max-width: 2048px) 100vw, 2048px\" \/><div class=\"wp-block-cover__inner-container has-global-padding is-layout-constrained wp-block-cover-is-layout-constrained\">\n<p class=\"has-text-align-center\" style=\"font-size:25px\">Allt vi g\u00f6r genomsyras av v\u00e5ra grundl\u00e4ggande v\u00e4rden <em>Genomarbetat, S\u00e4kert, Innovativt, Inkluderande<\/em> och <em>Utmanande.<\/em> Vi \u00e4r drivna, vi arbetar h\u00e5rt, vi brinner f\u00f6r varje kunds upplevelse, vi \u00e4r med och utvecklar branschen och vi har j\u00e4kligt roligt medans vi g\u00f6r det!<\/p>\n<\/div><\/div>\n","protected":false},"excerpt":{"rendered":"<p>Kl\u00e4tterparkens priser Biljetterna g\u00e4ller f\u00f6r 3 timmars kl\u00e4ttring. Din kl\u00e4ttertid startar med en instrukt\u00f6rsledd s\u00e4kerhetsgenomg\u00e5ng och tr\u00e4ningsbana, och d\u00e4refter \u00e4r du fri att kl\u00e4ttra s\u00e5 mycket du vill i s\u00e5&#8230;<\/p>\n","protected":false},"author":1,"featured_media":1671,"parent":20,"menu_order":5,"comment_status":"closed","ping_status":"closed","template":"templates\/empty.php","meta":{"_acf_changed":false,"inline_featured_image":false,"footnotes":""},"class_list":["post-30","page","type-page","status-publish","has-post-thumbnail"],"acf":[],"yoast_head":"<!-- This site is optimized with the Yoast SEO plugin v26.1.1 - https:\/\/yoast.com\/wordpress\/plugins\/seo\/ -->\n<title>Priser hos Kl\u00e4tterparken i R\u00e4ttvik - H\u00f6gt &amp; L\u00e5gt R\u00e4ttvik<\/title>\n<meta name=\"robots\" content=\"index, follow, max-snippet:-1, max-image-preview:large, max-video-preview:-1\" \/>\n<link rel=\"canonical\" href=\"https:\/\/hogtlagt.se\/rattvik\/infor-besoket\/priser\/\" \/>\n<meta property=\"og:locale\" content=\"sv_SE\" \/>\n<meta property=\"og:type\" content=\"article\" \/>\n<meta property=\"og:title\" content=\"Priser hos Kl\u00e4tterparken i R\u00e4ttvik - H\u00f6gt &amp; L\u00e5gt R\u00e4ttvik\" \/>\n<meta property=\"og:description\" content=\"Kl\u00e4tterparkens priser Biljetterna g\u00e4ller f\u00f6r 3 timmars kl\u00e4ttring. Din kl\u00e4ttertid startar med en instrukt\u00f6rsledd s\u00e4kerhetsgenomg\u00e5ng och tr\u00e4ningsbana, och d\u00e4refter \u00e4r du fri att kl\u00e4ttra s\u00e5 mycket du vill i s\u00e5...\" \/>\n<meta property=\"og:url\" content=\"https:\/\/hogtlagt.se\/rattvik\/infor-besoket\/priser\/\" \/>\n<meta property=\"og:site_name\" content=\"H\u00f6gt &amp; L\u00e5gt R\u00e4ttvik\" \/>\n<meta property=\"article:modified_time\" content=\"2025-04-09T07:56:26+00:00\" \/>\n<meta property=\"og:image\" content=\"https:\/\/hogtlagt.se\/rattvik\/wp-content\/uploads\/sites\/2\/2023\/10\/Priser-1-scaled.jpg\" \/>\n\t<meta property=\"og:image:width\" content=\"2560\" \/>\n\t<meta property=\"og:image:height\" content=\"1707\" \/>\n\t<meta property=\"og:image:type\" content=\"image\/jpeg\" \/>\n<meta name=\"twitter:card\" content=\"summary_large_image\" \/>\n<meta name=\"twitter:label1\" content=\"Ber\u00e4knad l\u00e4stid\" \/>\n\t<meta name=\"twitter:data1\" content=\"3 minuter\" \/>\n<script type=\"application\/ld+json\" class=\"yoast-schema-graph\">{\"@context\":\"https:\/\/schema.org\",\"@graph\":[{\"@type\":\"WebPage\",\"@id\":\"https:\/\/hogtlagt.se\/rattvik\/infor-besoket\/priser\/\",\"url\":\"https:\/\/hogtlagt.se\/rattvik\/infor-besoket\/priser\/\",\"name\":\"Priser hos Kl\u00e4tterparken i R\u00e4ttvik - H\u00f6gt &amp; L\u00e5gt R\u00e4ttvik\",\"isPartOf\":{\"@id\":\"https:\/\/hogtlagt.se\/rattvik\/#website\"},\"primaryImageOfPage\":{\"@id\":\"https:\/\/hogtlagt.se\/rattvik\/infor-besoket\/priser\/#primaryimage\"},\"image\":{\"@id\":\"https:\/\/hogtlagt.se\/rattvik\/infor-besoket\/priser\/#primaryimage\"},\"thumbnailUrl\":\"https:\/\/hogtlagt.se\/rattvik\/wp-content\/uploads\/sites\/2\/2023\/10\/Priser-1-scaled.jpg\",\"datePublished\":\"2020-02-28T11:47:51+00:00\",\"dateModified\":\"2025-04-09T07:56:26+00:00\",\"breadcrumb\":{\"@id\":\"https:\/\/hogtlagt.se\/rattvik\/infor-besoket\/priser\/#breadcrumb\"},\"inLanguage\":\"sv-SE\",\"potentialAction\":[{\"@type\":\"ReadAction\",\"target\":[\"https:\/\/hogtlagt.se\/rattvik\/infor-besoket\/priser\/\"]}]},{\"@type\":\"ImageObject\",\"inLanguage\":\"sv-SE\",\"@id\":\"https:\/\/hogtlagt.se\/rattvik\/infor-besoket\/priser\/#primaryimage\",\"url\":\"https:\/\/hogtlagt.se\/rattvik\/wp-content\/uploads\/sites\/2\/2023\/10\/Priser-1-scaled.jpg\",\"contentUrl\":\"https:\/\/hogtlagt.se\/rattvik\/wp-content\/uploads\/sites\/2\/2023\/10\/Priser-1-scaled.jpg\",\"width\":2560,\"height\":1707,\"caption\":\"Instrukt\u00f6r l\u00e4gger ut en sele p\u00e5 marken inf\u00f6r att g\u00e4sterna ska komma f\u00f6r att kl\u00e4ttra\"},{\"@type\":\"BreadcrumbList\",\"@id\":\"https:\/\/hogtlagt.se\/rattvik\/infor-besoket\/priser\/#breadcrumb\",\"itemListElement\":[{\"@type\":\"ListItem\",\"position\":1,\"name\":\"Hem\",\"item\":\"https:\/\/hogtlagt.se\/rattvik\/\"},{\"@type\":\"ListItem\",\"position\":2,\"name\":\"Inf\u00f6r Bes\u00f6ket\",\"item\":\"https:\/\/hogtlagt.se\/rattvik\/infor-besoket\/\"},{\"@type\":\"ListItem\",\"position\":3,\"name\":\"Priser hos Kl\u00e4tterparken i R\u00e4ttvik\"}]},{\"@type\":\"WebSite\",\"@id\":\"https:\/\/hogtlagt.se\/rattvik\/#website\",\"url\":\"https:\/\/hogtlagt.se\/rattvik\/\",\"name\":\"H\u00f6gt &amp; L\u00e5gt R\u00e4ttvik\",\"description\":\"\",\"potentialAction\":[{\"@type\":\"SearchAction\",\"target\":{\"@type\":\"EntryPoint\",\"urlTemplate\":\"https:\/\/hogtlagt.se\/rattvik\/?s={search_term_string}\"},\"query-input\":{\"@type\":\"PropertyValueSpecification\",\"valueRequired\":true,\"valueName\":\"search_term_string\"}}],\"inLanguage\":\"sv-SE\"}]}<\/script>\n<!-- \/ Yoast SEO plugin. -->","yoast_head_json":{"title":"Priser hos Kl\u00e4tterparken i R\u00e4ttvik - H\u00f6gt &amp; L\u00e5gt R\u00e4ttvik","robots":{"index":"index","follow":"follow","max-snippet":"max-snippet:-1","max-image-preview":"max-image-preview:large","max-video-preview":"max-video-preview:-1"},"canonical":"https:\/\/hogtlagt.se\/rattvik\/infor-besoket\/priser\/","og_locale":"sv_SE","og_type":"article","og_title":"Priser hos Kl\u00e4tterparken i R\u00e4ttvik - H\u00f6gt &amp; L\u00e5gt R\u00e4ttvik","og_description":"Kl\u00e4tterparkens priser Biljetterna g\u00e4ller f\u00f6r 3 timmars kl\u00e4ttring. Din kl\u00e4ttertid startar med en instrukt\u00f6rsledd s\u00e4kerhetsgenomg\u00e5ng och tr\u00e4ningsbana, och d\u00e4refter \u00e4r du fri att kl\u00e4ttra s\u00e5 mycket du vill i s\u00e5...","og_url":"https:\/\/hogtlagt.se\/rattvik\/infor-besoket\/priser\/","og_site_name":"H\u00f6gt &amp; L\u00e5gt R\u00e4ttvik","article_modified_time":"2025-04-09T07:56:26+00:00","og_image":[{"width":2560,"height":1707,"url":"https:\/\/hogtlagt.se\/rattvik\/wp-content\/uploads\/sites\/2\/2023\/10\/Priser-1-scaled.jpg","type":"image\/jpeg"}],"twitter_card":"summary_large_image","twitter_misc":{"Ber\u00e4knad l\u00e4stid":"3 minuter"},"schema":{"@context":"https:\/\/schema.org","@graph":[{"@type":"WebPage","@id":"https:\/\/hogtlagt.se\/rattvik\/infor-besoket\/priser\/","url":"https:\/\/hogtlagt.se\/rattvik\/infor-besoket\/priser\/","name":"Priser hos Kl\u00e4tterparken i R\u00e4ttvik - H\u00f6gt &amp; L\u00e5gt R\u00e4ttvik","isPartOf":{"@id":"https:\/\/hogtlagt.se\/rattvik\/#website"},"primaryImageOfPage":{"@id":"https:\/\/hogtlagt.se\/rattvik\/infor-besoket\/priser\/#primaryimage"},"image":{"@id":"https:\/\/hogtlagt.se\/rattvik\/infor-besoket\/priser\/#primaryimage"},"thumbnailUrl":"https:\/\/hogtlagt.se\/rattvik\/wp-content\/uploads\/sites\/2\/2023\/10\/Priser-1-scaled.jpg","datePublished":"2020-02-28T11:47:51+00:00","dateModified":"2025-04-09T07:56:26+00:00","breadcrumb":{"@id":"https:\/\/hogtlagt.se\/rattvik\/infor-besoket\/priser\/#breadcrumb"},"inLanguage":"sv-SE","potentialAction":[{"@type":"ReadAction","target":["https:\/\/hogtlagt.se\/rattvik\/infor-besoket\/priser\/"]}]},{"@type":"ImageObject","inLanguage":"sv-SE","@id":"https:\/\/hogtlagt.se\/rattvik\/infor-besoket\/priser\/#primaryimage","url":"https:\/\/hogtlagt.se\/rattvik\/wp-content\/uploads\/sites\/2\/2023\/10\/Priser-1-scaled.jpg","contentUrl":"https:\/\/hogtlagt.se\/rattvik\/wp-content\/uploads\/sites\/2\/2023\/10\/Priser-1-scaled.jpg","width":2560,"height":1707,"caption":"Instrukt\u00f6r l\u00e4gger ut en sele p\u00e5 marken inf\u00f6r att g\u00e4sterna ska komma f\u00f6r att kl\u00e4ttra"},{"@type":"BreadcrumbList","@id":"https:\/\/hogtlagt.se\/rattvik\/infor-besoket\/priser\/#breadcrumb","itemListElement":[{"@type":"ListItem","position":1,"name":"Hem","item":"https:\/\/hogtlagt.se\/rattvik\/"},{"@type":"ListItem","position":2,"name":"Inf\u00f6r Bes\u00f6ket","item":"https:\/\/hogtlagt.se\/rattvik\/infor-besoket\/"},{"@type":"ListItem","position":3,"name":"Priser hos Kl\u00e4tterparken i R\u00e4ttvik"}]},{"@type":"WebSite","@id":"https:\/\/hogtlagt.se\/rattvik\/#website","url":"https:\/\/hogtlagt.se\/rattvik\/","name":"H\u00f6gt &amp; L\u00e5gt R\u00e4ttvik","description":"","potentialAction":[{"@type":"SearchAction","target":{"@type":"EntryPoint","urlTemplate":"https:\/\/hogtlagt.se\/rattvik\/?s={search_term_string}"},"query-input":{"@type":"PropertyValueSpecification","valueRequired":true,"valueName":"search_term_string"}}],"inLanguage":"sv-SE"}]}},"_links":{"self":[{"href":"https:\/\/hogtlagt.se\/rattvik\/wp-json\/wp\/v2\/pages\/30","targetHints":{"allow":["GET"]}}],"collection":[{"href":"https:\/\/hogtlagt.se\/rattvik\/wp-json\/wp\/v2\/pages"}],"about":[{"href":"https:\/\/hogtlagt.se\/rattvik\/wp-json\/wp\/v2\/types\/page"}],"author":[{"embeddable":true,"href":"https:\/\/hogtlagt.se\/rattvik\/wp-json\/wp\/v2\/users\/1"}],"replies":[{"embeddable":true,"href":"https:\/\/hogtlagt.se\/rattvik\/wp-json\/wp\/v2\/comments?post=30"}],"version-history":[{"count":45,"href":"https:\/\/hogtlagt.se\/rattvik\/wp-json\/wp\/v2\/pages\/30\/revisions"}],"predecessor-version":[{"id":2368,"href":"https:\/\/hogtlagt.se\/rattvik\/wp-json\/wp\/v2\/pages\/30\/revisions\/2368"}],"up":[{"embeddable":true,"href":"https:\/\/hogtlagt.se\/rattvik\/wp-json\/wp\/v2\/pages\/20"}],"wp:featuredmedia":[{"embeddable":true,"href":"https:\/\/hogtlagt.se\/rattvik\/wp-json\/wp\/v2\/media\/1671"}],"wp:attachment":[{"href":"https:\/\/hogtlagt.se\/rattvik\/wp-json\/wp\/v2\/media?parent=30"}],"curies":[{"name":"wp","href":"https:\/\/api.w.org\/{rel}","templated":true}]}}