{"id":266,"date":"2020-03-11T16:03:48","date_gmt":"2020-03-11T15:03:48","guid":{"rendered":"http:\/\/hogtlagt.se.hemsida.eu\/rattvik\/?page_id=266"},"modified":"2024-02-22T14:38:03","modified_gmt":"2024-02-22T13:38:03","slug":"svensexa-mohippa","status":"publish","type":"page","link":"https:\/\/hogtlagt.se\/rattvik\/grupper-foretag\/svensexa-mohippa\/","title":{"rendered":"Svensexa \/ M\u00f6hippa"},"content":{"rendered":"\n<div class=\"wp-block-cover alignfull\" style=\"min-height:600px;aspect-ratio:unset;\"><span aria-hidden=\"true\" class=\"wp-block-cover__background has-background-dim-20 has-background-dim\"><\/span><img loading=\"lazy\" decoding=\"async\" width=\"768\" height=\"432\" class=\"wp-block-cover__image-background wp-image-468\" alt=\"\" src=\"https:\/\/hogtlagt.se\/rattvik\/wp-content\/uploads\/sites\/2\/2021\/04\/B04I7627-cropped-1-768x432-1.jpg\" data-object-fit=\"cover\" srcset=\"https:\/\/hogtlagt.se\/rattvik\/wp-content\/uploads\/sites\/2\/2021\/04\/B04I7627-cropped-1-768x432-1.jpg 768w, https:\/\/hogtlagt.se\/rattvik\/wp-content\/uploads\/sites\/2\/2021\/04\/B04I7627-cropped-1-768x432-1-300x169.jpg 300w, https:\/\/hogtlagt.se\/rattvik\/wp-content\/uploads\/sites\/2\/2021\/04\/B04I7627-cropped-1-768x432-1-370x208.jpg 370w\" sizes=\"auto, (max-width: 768px) 100vw, 768px\" \/><div class=\"wp-block-cover__inner-container has-global-padding is-layout-constrained wp-block-cover-is-layout-constrained\">\n<h1 class=\"wp-block-heading has-text-align-center\" style=\"font-size:55px\">Svensexa eller m\u00f6hippa i Dalarna<\/h1>\n<\/div><\/div>\n\n\n\n<div style=\"height:31px\" aria-hidden=\"true\" class=\"wp-block-spacer\"><\/div>\n\n\n\n<div class=\"wp-block-columns is-layout-flex wp-container-core-columns-is-layout-28f84493 wp-block-columns-is-layout-flex\">\n<div class=\"wp-block-column is-layout-flow wp-block-column-is-layout-flow\">\n<p><strong>Planerar du en svensexa f\u00f6r b\u00e4sta v\u00e4nnen eller en m\u00f6hippa f\u00f6r barndomskompisen? Ett bes\u00f6k i kl\u00e4tterparken i R\u00e4ttvik garanterar att dagen blir minnesv\u00e4rd. En aktivitet som utmanar och genererar skratt, gemenskap och lyckorus!<\/strong><\/p>\n<\/div>\n\n\n\n<div class=\"wp-block-column is-layout-flow wp-block-column-is-layout-flow\">\n<figure class=\"wp-block-image aligncenter size-large is-resized\"><img loading=\"lazy\" decoding=\"async\" width=\"201\" height=\"189\" src=\"https:\/\/hogtlagt.se\/rattvik\/wp-content\/uploads\/sites\/2\/2023\/10\/Layer-2-5.svg\" alt=\"\" class=\"wp-image-1748\" style=\"aspect-ratio:1.0666666666666667;width:214px;height:auto\"\/><\/figure>\n<\/div>\n<\/div>\n\n\n\n<div style=\"height:54px\" aria-hidden=\"true\" class=\"wp-block-spacer\"><\/div>\n\n\n\n<div class=\"wp-block-columns is-layout-flex wp-container-core-columns-is-layout-28f84493 wp-block-columns-is-layout-flex\">\n<div class=\"wp-block-column is-layout-flow wp-block-column-is-layout-flow\">\n<div id=\"rounded-box-block_350a55d4f5dbdee38039924e29cd1e58\" class=\"rounded-box-block rounded-box has-background has-primary-background-color\">\n    <div class=\"rounded-box__inner no-image\">\n        <div class=\"acf-innerblocks-container\">\n\n<h2 class=\"wp-block-heading\"><strong>M\u00f6hippa och svensexa<\/strong><\/h2>\n\n\n\n<p>Ett stopp i parken \u00e4r givet f\u00f6r den perfekta m\u00f6hippan eller svensexan. Vare sig huvudpersonen \u00e4r h\u00f6jdr\u00e4dd eller en \u00e4ventyrare av rang s\u00e5 har vi garanterat n\u00e5got som passar. <\/p>\n\n\n\n<p>S\u00e5 kl\u00e4 er huvudperson i n\u00e5got &#8221;snyggt&#8221; och kom till parken, s\u00e5 tar vi hand om resten! Och blir ni fler \u00e4n 6 personer som kl\u00e4ttrar s\u00e5 bjuder vi p\u00e5 bruden\/brudgummens biljett! Mejla oss s\u00e5 hj\u00e4lper vi er.<\/p>\n\n\n\n<p>F\u00f6r att f\u00e5 kl\u00e4ttra g\u00e4ller f\u00f6ljande krav:<br>-Maxvikt 120 kg<br>-Att du ej \u00e4r gravid<br>-Att du ej \u00e4r p\u00e5verkad av alkohol eller andra droger<br>-Att ni genomg\u00e5r v\u00e5r s\u00e4kerhetsgenomg\u00e5ng och s\u00e4tter er in i och f\u00f6ljer parkens regler. <br><\/p>\n\n<\/div>\n            <\/div>\n<\/div>\n<\/div>\n\n\n\n<div class=\"wp-block-column is-layout-flow wp-block-column-is-layout-flow\">\n<div id=\"rounded-box-block_b58f9d98fc61caeefedec8d194a32111\" class=\"rounded-box-block rounded-box has-background has-dark-background-color\">\n    <div class=\"rounded-box__inner no-image\">\n        <div class=\"acf-innerblocks-container\">\n\n<h2 class=\"wp-block-heading has-light-color has-text-color\"><strong>Uppl\u00e4gg och bokning<\/strong><\/h2>\n\n\n\n<p class=\"has-light-color has-text-color\">Ni f\u00e5r tre timmar i parken, d\u00e4r ni tillsammans f\u00e5r kl\u00e4ttra s\u00e5 m\u00e5nga banor ni vill s\u00e5 m\u00e5nga g\u00e5nger ni vill. Om inte alla i s\u00e4llskapet vill kl\u00e4ttra g\u00e5r det utm\u00e4rkt att h\u00e4nga med fr\u00e5n marken, parken \u00e4r \u00f6ppen och det g\u00e5r bra att g\u00e5 runt p\u00e5 stigar bredvid och under banorna (n\u00e5gon m\u00e5ste ju ta kort!). <\/p>\n\n\n\n<p class=\"has-light-color has-text-color\">Vill ni planera in en paus eller mat\/fika f\u00f6re eller efter bes\u00f6ket har vi gott om bord och sittplatser samt grillar i parken.<\/p>\n\n\n\n<p class=\"has-light-color has-text-color\">Blir ni fler \u00e4n\u00a0<strong>6 personer<\/strong>\u00a0som kl\u00e4ttrar s\u00e5 bjuder vi p\u00e5 bruden\/brudgummens biljett! <strong>\u00c4r ni fler<\/strong> \u00e4n 20 personer f\u00e5r ni grupprabatt och ni beh\u00f6ver d\u00e5 hj\u00e4lp att boka. Mejla oss p\u00e5 <a href=\"mailto:rattvik@hogtlagt.se\">rattvik@hogtlagt.se<\/a> f\u00f6r hj\u00e4lp med bokningen.<\/p>\n\n<\/div>\n            <\/div>\n<\/div>\n<\/div>\n<\/div>\n\n\n\n<div style=\"height:36px\" aria-hidden=\"true\" class=\"wp-block-spacer\"><\/div>\n\n\n\n<figure class=\"wp-block-image aligncenter size-large\"><img loading=\"lazy\" decoding=\"async\" width=\"1024\" height=\"683\" src=\"https:\/\/hogtlagt.se\/rattvik\/wp-content\/uploads\/sites\/2\/2023\/12\/Hogt-Lagt-WEBB-0896-1024x683.jpg\" alt=\"\" class=\"wp-image-2010\" srcset=\"https:\/\/hogtlagt.se\/rattvik\/wp-content\/uploads\/sites\/2\/2023\/12\/Hogt-Lagt-WEBB-0896-1024x683.jpg 1024w, https:\/\/hogtlagt.se\/rattvik\/wp-content\/uploads\/sites\/2\/2023\/12\/Hogt-Lagt-WEBB-0896-300x200.jpg 300w, https:\/\/hogtlagt.se\/rattvik\/wp-content\/uploads\/sites\/2\/2023\/12\/Hogt-Lagt-WEBB-0896-768x512.jpg 768w, https:\/\/hogtlagt.se\/rattvik\/wp-content\/uploads\/sites\/2\/2023\/12\/Hogt-Lagt-WEBB-0896-1536x1024.jpg 1536w, https:\/\/hogtlagt.se\/rattvik\/wp-content\/uploads\/sites\/2\/2023\/12\/Hogt-Lagt-WEBB-0896.jpg 2048w\" sizes=\"auto, (max-width: 1024px) 100vw, 1024px\" \/><\/figure>\n\n\n\n<div class=\"wp-block-columns is-layout-flex wp-container-core-columns-is-layout-28f84493 wp-block-columns-is-layout-flex\">\n<div class=\"wp-block-column is-vertically-aligned-center is-layout-flow wp-block-column-is-layout-flow\">\n<figure class=\"wp-block-image aligncenter size-large is-resized\"><img decoding=\"async\" src=\"https:\/\/hogtlagt.se\/karlstad\/wp-content\/uploads\/sites\/4\/2021\/04\/lets_go_dark.svg\" alt=\"\" class=\"wp-image-418\" style=\"width:336px;height:236px\"\/><\/figure>\n<\/div>\n<\/div>\n\n\n\n<div style=\"height:100px\" aria-hidden=\"true\" class=\"wp-block-spacer\"><\/div>\n","protected":false},"excerpt":{"rendered":"<p>Planerar du en svensexa f\u00f6r b\u00e4sta v\u00e4nnen eller en m\u00f6hippa f\u00f6r barndomskompisen? Ett bes\u00f6k i kl\u00e4tterparken i R\u00e4ttvik garanterar att dagen blir minnesv\u00e4rd. En aktivitet som utmanar och genererar skratt,&#8230;<\/p>\n","protected":false},"author":1,"featured_media":468,"parent":34,"menu_order":1,"comment_status":"closed","ping_status":"closed","template":"templates\/empty.php","meta":{"_acf_changed":false,"inline_featured_image":false,"footnotes":""},"class_list":["post-266","page","type-page","status-publish","has-post-thumbnail"],"acf":[],"yoast_head":"<!-- This site is optimized with the Yoast SEO plugin v26.1.1 - https:\/\/yoast.com\/wordpress\/plugins\/seo\/ -->\n<title>Svensexa \/ M\u00f6hippa - H\u00f6gt &amp; L\u00e5gt R\u00e4ttvik<\/title>\n<meta name=\"robots\" content=\"index, follow, max-snippet:-1, max-image-preview:large, max-video-preview:-1\" \/>\n<link rel=\"canonical\" href=\"https:\/\/hogtlagt.se\/rattvik\/grupper-foretag\/svensexa-mohippa\/\" \/>\n<meta property=\"og:locale\" content=\"sv_SE\" \/>\n<meta property=\"og:type\" content=\"article\" \/>\n<meta property=\"og:title\" content=\"Svensexa \/ M\u00f6hippa - H\u00f6gt &amp; L\u00e5gt R\u00e4ttvik\" \/>\n<meta property=\"og:description\" content=\"Planerar du en svensexa f\u00f6r b\u00e4sta v\u00e4nnen eller en m\u00f6hippa f\u00f6r barndomskompisen? Ett bes\u00f6k i kl\u00e4tterparken i R\u00e4ttvik garanterar att dagen blir minnesv\u00e4rd. En aktivitet som utmanar och genererar skratt,...\" \/>\n<meta property=\"og:url\" content=\"https:\/\/hogtlagt.se\/rattvik\/grupper-foretag\/svensexa-mohippa\/\" \/>\n<meta property=\"og:site_name\" content=\"H\u00f6gt &amp; L\u00e5gt R\u00e4ttvik\" \/>\n<meta property=\"article:modified_time\" content=\"2024-02-22T13:38:03+00:00\" \/>\n<meta property=\"og:image\" content=\"https:\/\/hogtlagt.se\/rattvik\/wp-content\/uploads\/sites\/2\/2021\/04\/B04I7627-cropped-1-768x432-1.jpg\" \/>\n\t<meta property=\"og:image:width\" content=\"768\" \/>\n\t<meta property=\"og:image:height\" content=\"432\" \/>\n\t<meta property=\"og:image:type\" content=\"image\/jpeg\" \/>\n<meta name=\"twitter:card\" content=\"summary_large_image\" \/>\n<meta name=\"twitter:label1\" content=\"Ber\u00e4knad l\u00e4stid\" \/>\n\t<meta name=\"twitter:data1\" content=\"3 minuter\" \/>\n<script type=\"application\/ld+json\" class=\"yoast-schema-graph\">{\"@context\":\"https:\/\/schema.org\",\"@graph\":[{\"@type\":\"WebPage\",\"@id\":\"https:\/\/hogtlagt.se\/rattvik\/grupper-foretag\/svensexa-mohippa\/\",\"url\":\"https:\/\/hogtlagt.se\/rattvik\/grupper-foretag\/svensexa-mohippa\/\",\"name\":\"Svensexa \/ M\u00f6hippa - H\u00f6gt &amp; L\u00e5gt R\u00e4ttvik\",\"isPartOf\":{\"@id\":\"https:\/\/hogtlagt.se\/rattvik\/#website\"},\"primaryImageOfPage\":{\"@id\":\"https:\/\/hogtlagt.se\/rattvik\/grupper-foretag\/svensexa-mohippa\/#primaryimage\"},\"image\":{\"@id\":\"https:\/\/hogtlagt.se\/rattvik\/grupper-foretag\/svensexa-mohippa\/#primaryimage\"},\"thumbnailUrl\":\"https:\/\/hogtlagt.se\/rattvik\/wp-content\/uploads\/sites\/2\/2021\/04\/B04I7627-cropped-1-768x432-1.jpg\",\"datePublished\":\"2020-03-11T15:03:48+00:00\",\"dateModified\":\"2024-02-22T13:38:03+00:00\",\"breadcrumb\":{\"@id\":\"https:\/\/hogtlagt.se\/rattvik\/grupper-foretag\/svensexa-mohippa\/#breadcrumb\"},\"inLanguage\":\"sv-SE\",\"potentialAction\":[{\"@type\":\"ReadAction\",\"target\":[\"https:\/\/hogtlagt.se\/rattvik\/grupper-foretag\/svensexa-mohippa\/\"]}]},{\"@type\":\"ImageObject\",\"inLanguage\":\"sv-SE\",\"@id\":\"https:\/\/hogtlagt.se\/rattvik\/grupper-foretag\/svensexa-mohippa\/#primaryimage\",\"url\":\"https:\/\/hogtlagt.se\/rattvik\/wp-content\/uploads\/sites\/2\/2021\/04\/B04I7627-cropped-1-768x432-1.jpg\",\"contentUrl\":\"https:\/\/hogtlagt.se\/rattvik\/wp-content\/uploads\/sites\/2\/2021\/04\/B04I7627-cropped-1-768x432-1.jpg\",\"width\":768,\"height\":432,\"caption\":\"Kille p\u00e5 svensexa kl\u00e4ttrar ett hinder med monkey bars p\u00e5 den r\u00f6da banan, han skriker av f\u00f6rtjusning\"},{\"@type\":\"BreadcrumbList\",\"@id\":\"https:\/\/hogtlagt.se\/rattvik\/grupper-foretag\/svensexa-mohippa\/#breadcrumb\",\"itemListElement\":[{\"@type\":\"ListItem\",\"position\":1,\"name\":\"Hem\",\"item\":\"https:\/\/hogtlagt.se\/rattvik\/\"},{\"@type\":\"ListItem\",\"position\":2,\"name\":\"Grupper\/F\u00f6retag\",\"item\":\"https:\/\/hogtlagt.se\/rattvik\/grupper-foretag\/\"},{\"@type\":\"ListItem\",\"position\":3,\"name\":\"Svensexa \/ M\u00f6hippa\"}]},{\"@type\":\"WebSite\",\"@id\":\"https:\/\/hogtlagt.se\/rattvik\/#website\",\"url\":\"https:\/\/hogtlagt.se\/rattvik\/\",\"name\":\"H\u00f6gt &amp; L\u00e5gt R\u00e4ttvik\",\"description\":\"\",\"potentialAction\":[{\"@type\":\"SearchAction\",\"target\":{\"@type\":\"EntryPoint\",\"urlTemplate\":\"https:\/\/hogtlagt.se\/rattvik\/?s={search_term_string}\"},\"query-input\":{\"@type\":\"PropertyValueSpecification\",\"valueRequired\":true,\"valueName\":\"search_term_string\"}}],\"inLanguage\":\"sv-SE\"}]}<\/script>\n<!-- \/ Yoast SEO plugin. -->","yoast_head_json":{"title":"Svensexa \/ M\u00f6hippa - H\u00f6gt &amp; L\u00e5gt R\u00e4ttvik","robots":{"index":"index","follow":"follow","max-snippet":"max-snippet:-1","max-image-preview":"max-image-preview:large","max-video-preview":"max-video-preview:-1"},"canonical":"https:\/\/hogtlagt.se\/rattvik\/grupper-foretag\/svensexa-mohippa\/","og_locale":"sv_SE","og_type":"article","og_title":"Svensexa \/ M\u00f6hippa - H\u00f6gt &amp; L\u00e5gt R\u00e4ttvik","og_description":"Planerar du en svensexa f\u00f6r b\u00e4sta v\u00e4nnen eller en m\u00f6hippa f\u00f6r barndomskompisen? Ett bes\u00f6k i kl\u00e4tterparken i R\u00e4ttvik garanterar att dagen blir minnesv\u00e4rd. En aktivitet som utmanar och genererar skratt,...","og_url":"https:\/\/hogtlagt.se\/rattvik\/grupper-foretag\/svensexa-mohippa\/","og_site_name":"H\u00f6gt &amp; L\u00e5gt R\u00e4ttvik","article_modified_time":"2024-02-22T13:38:03+00:00","og_image":[{"width":768,"height":432,"url":"https:\/\/hogtlagt.se\/rattvik\/wp-content\/uploads\/sites\/2\/2021\/04\/B04I7627-cropped-1-768x432-1.jpg","type":"image\/jpeg"}],"twitter_card":"summary_large_image","twitter_misc":{"Ber\u00e4knad l\u00e4stid":"3 minuter"},"schema":{"@context":"https:\/\/schema.org","@graph":[{"@type":"WebPage","@id":"https:\/\/hogtlagt.se\/rattvik\/grupper-foretag\/svensexa-mohippa\/","url":"https:\/\/hogtlagt.se\/rattvik\/grupper-foretag\/svensexa-mohippa\/","name":"Svensexa \/ M\u00f6hippa - H\u00f6gt &amp; L\u00e5gt R\u00e4ttvik","isPartOf":{"@id":"https:\/\/hogtlagt.se\/rattvik\/#website"},"primaryImageOfPage":{"@id":"https:\/\/hogtlagt.se\/rattvik\/grupper-foretag\/svensexa-mohippa\/#primaryimage"},"image":{"@id":"https:\/\/hogtlagt.se\/rattvik\/grupper-foretag\/svensexa-mohippa\/#primaryimage"},"thumbnailUrl":"https:\/\/hogtlagt.se\/rattvik\/wp-content\/uploads\/sites\/2\/2021\/04\/B04I7627-cropped-1-768x432-1.jpg","datePublished":"2020-03-11T15:03:48+00:00","dateModified":"2024-02-22T13:38:03+00:00","breadcrumb":{"@id":"https:\/\/hogtlagt.se\/rattvik\/grupper-foretag\/svensexa-mohippa\/#breadcrumb"},"inLanguage":"sv-SE","potentialAction":[{"@type":"ReadAction","target":["https:\/\/hogtlagt.se\/rattvik\/grupper-foretag\/svensexa-mohippa\/"]}]},{"@type":"ImageObject","inLanguage":"sv-SE","@id":"https:\/\/hogtlagt.se\/rattvik\/grupper-foretag\/svensexa-mohippa\/#primaryimage","url":"https:\/\/hogtlagt.se\/rattvik\/wp-content\/uploads\/sites\/2\/2021\/04\/B04I7627-cropped-1-768x432-1.jpg","contentUrl":"https:\/\/hogtlagt.se\/rattvik\/wp-content\/uploads\/sites\/2\/2021\/04\/B04I7627-cropped-1-768x432-1.jpg","width":768,"height":432,"caption":"Kille p\u00e5 svensexa kl\u00e4ttrar ett hinder med monkey bars p\u00e5 den r\u00f6da banan, han skriker av f\u00f6rtjusning"},{"@type":"BreadcrumbList","@id":"https:\/\/hogtlagt.se\/rattvik\/grupper-foretag\/svensexa-mohippa\/#breadcrumb","itemListElement":[{"@type":"ListItem","position":1,"name":"Hem","item":"https:\/\/hogtlagt.se\/rattvik\/"},{"@type":"ListItem","position":2,"name":"Grupper\/F\u00f6retag","item":"https:\/\/hogtlagt.se\/rattvik\/grupper-foretag\/"},{"@type":"ListItem","position":3,"name":"Svensexa \/ M\u00f6hippa"}]},{"@type":"WebSite","@id":"https:\/\/hogtlagt.se\/rattvik\/#website","url":"https:\/\/hogtlagt.se\/rattvik\/","name":"H\u00f6gt &amp; L\u00e5gt R\u00e4ttvik","description":"","potentialAction":[{"@type":"SearchAction","target":{"@type":"EntryPoint","urlTemplate":"https:\/\/hogtlagt.se\/rattvik\/?s={search_term_string}"},"query-input":{"@type":"PropertyValueSpecification","valueRequired":true,"valueName":"search_term_string"}}],"inLanguage":"sv-SE"}]}},"_links":{"self":[{"href":"https:\/\/hogtlagt.se\/rattvik\/wp-json\/wp\/v2\/pages\/266","targetHints":{"allow":["GET"]}}],"collection":[{"href":"https:\/\/hogtlagt.se\/rattvik\/wp-json\/wp\/v2\/pages"}],"about":[{"href":"https:\/\/hogtlagt.se\/rattvik\/wp-json\/wp\/v2\/types\/page"}],"author":[{"embeddable":true,"href":"https:\/\/hogtlagt.se\/rattvik\/wp-json\/wp\/v2\/users\/1"}],"replies":[{"embeddable":true,"href":"https:\/\/hogtlagt.se\/rattvik\/wp-json\/wp\/v2\/comments?post=266"}],"version-history":[{"count":42,"href":"https:\/\/hogtlagt.se\/rattvik\/wp-json\/wp\/v2\/pages\/266\/revisions"}],"predecessor-version":[{"id":2212,"href":"https:\/\/hogtlagt.se\/rattvik\/wp-json\/wp\/v2\/pages\/266\/revisions\/2212"}],"up":[{"embeddable":true,"href":"https:\/\/hogtlagt.se\/rattvik\/wp-json\/wp\/v2\/pages\/34"}],"wp:featuredmedia":[{"embeddable":true,"href":"https:\/\/hogtlagt.se\/rattvik\/wp-json\/wp\/v2\/media\/468"}],"wp:attachment":[{"href":"https:\/\/hogtlagt.se\/rattvik\/wp-json\/wp\/v2\/media?parent=266"}],"curies":[{"name":"wp","href":"https:\/\/api.w.org\/{rel}","templated":true}]}}