{"id":26,"date":"2020-02-28T12:47:34","date_gmt":"2020-02-28T11:47:34","guid":{"rendered":"http:\/\/hogtlagt.se.hemsida.eu\/rattvik\/?page_id=26"},"modified":"2023-12-12T11:31:22","modified_gmt":"2023-12-12T10:31:22","slug":"vagbeskrivning","status":"publish","type":"page","link":"https:\/\/hogtlagt.se\/rattvik\/infor-besoket\/vagbeskrivning\/","title":{"rendered":"V\u00e4gbeskrivning till Kl\u00e4tterparken i R\u00e4ttvik"},"content":{"rendered":"\n<div class=\"wp-block-cover alignfull\" style=\"min-height:600px;aspect-ratio:unset;\"><span aria-hidden=\"true\" class=\"wp-block-cover__background has-background-dim-20 has-background-dim\"><\/span><img loading=\"lazy\" decoding=\"async\" width=\"2560\" height=\"1920\" class=\"wp-block-cover__image-background wp-image-1588\" alt=\"\" src=\"https:\/\/hogtlagt.se\/rattvik\/wp-content\/uploads\/sites\/2\/2023\/10\/Va\u0308gbeskrivning-scaled.jpg\" style=\"object-position:51% 73%\" data-object-fit=\"cover\" data-object-position=\"51% 73%\" srcset=\"https:\/\/hogtlagt.se\/rattvik\/wp-content\/uploads\/sites\/2\/2023\/10\/Va\u0308gbeskrivning-scaled.jpg 2560w, https:\/\/hogtlagt.se\/rattvik\/wp-content\/uploads\/sites\/2\/2023\/10\/Va\u0308gbeskrivning-300x225.jpg 300w, https:\/\/hogtlagt.se\/rattvik\/wp-content\/uploads\/sites\/2\/2023\/10\/Va\u0308gbeskrivning-1024x768.jpg 1024w, https:\/\/hogtlagt.se\/rattvik\/wp-content\/uploads\/sites\/2\/2023\/10\/Va\u0308gbeskrivning-768x576.jpg 768w, https:\/\/hogtlagt.se\/rattvik\/wp-content\/uploads\/sites\/2\/2023\/10\/Va\u0308gbeskrivning-1536x1152.jpg 1536w, https:\/\/hogtlagt.se\/rattvik\/wp-content\/uploads\/sites\/2\/2023\/10\/Va\u0308gbeskrivning-2048x1536.jpg 2048w\" sizes=\"auto, (max-width: 2560px) 100vw, 2560px\" \/><div class=\"wp-block-cover__inner-container has-global-padding is-layout-constrained wp-block-cover-is-layout-constrained\">\n<h1 class=\"wp-block-heading has-text-align-center\" style=\"font-size:55px\">Hitta till parken<\/h1>\n<\/div><\/div>\n\n\n\n<div style=\"height:100px\" aria-hidden=\"true\" class=\"wp-block-spacer\"><\/div>\n\n\n\n<h2 class=\"wp-block-heading has-large-font-size\">Hitta till H\u00f6gt &amp; L\u00e5gt R\u00e4ttvik<\/h2>\n\n\n\n    <div class=\"icon-list\">\n\n            \n        <div class=\"icon-list-item\">\n            <div class=\"il-img\">\n                <img decoding=\"async\" src=\"https:\/\/hogtlagt.se\/rattvik\/wp-content\/uploads\/sites\/2\/2020\/03\/HL-ikon-11.svg\" class=\"attachment-icon size-icon\" alt=\"\" \/>            <\/div>\n            <div class=\"icon-list-content\">\n                <h3>Adress<\/h3>\n                <p>Du hittar oss p\u00e5 En\u00e5badsv\u00e4gen 8, 79532 R\u00e4ttvik<\/p>\n            <\/div>\n        <\/div>\n\n                    <hr>\n                    \n        <div class=\"icon-list-item\">\n            <div class=\"il-img\">\n                <img decoding=\"async\" src=\"https:\/\/hogtlagt.se\/rattvik\/wp-content\/uploads\/sites\/2\/2020\/03\/HL-ikon-11.svg\" class=\"attachment-icon size-icon\" alt=\"\" \/>            <\/div>\n            <div class=\"icon-list-content\">\n                <h3>Karta<\/h3>\n                <p><a href=\"https:\/\/www.google.com\/maps\/place\/H%C3%B6gt+%26+l%C3%A5gt+R%C3%A4ttvik+-+Kl%C3%A4tterpark+%2F+H%C3%B6gh%C3%B6jdsbana\/@60.8903956,15.1292769,17z\/data=!3m1!4b1!4m6!3m5!1s0x4667bd79590c5a95:0xb70934e88e8259c4!8m2!3d60.8903956!4d15.1318518!16s%2Fg%2F11h3mbr2l9?entry=ttu\" target=\"_blank\" rel=\"noreferrer noopener\">Google Maps<\/a><\/p>\n            <\/div>\n        <\/div>\n\n                    <hr>\n                    \n        <div class=\"icon-list-item\">\n            <div class=\"il-img\">\n                <img decoding=\"async\" src=\"https:\/\/hogtlagt.se\/rattvik\/wp-content\/uploads\/sites\/2\/2020\/03\/HL-ikon-11.svg\" class=\"attachment-icon size-icon\" alt=\"\" \/>            <\/div>\n            <div class=\"icon-list-content\">\n                <h3>Med bil<\/h3>\n                <p>Kommer du fr\u00e5n Mora eller Leksands-h\u00e5llet \u00e5ker du in i R\u00e4ttvik, vid rondellen med OKQ8 k\u00f6r du in p\u00e5 301:an mot Furudal. Efter 1km ser du skyltar mot R\u00e4ttvikscamping, sv\u00e4ng in mot campingen och du ser oss snart p\u00e5 h\u00f6ger sida.<\/p>\n<p>Kommer du fr\u00e5n Furudals h\u00e5llet, sv\u00e4ng h\u00f6ger in vid R\u00e4ttvikscamping, du ser oss snart p\u00e5 h\u00f6ger sida.<\/p>\n            <\/div>\n        <\/div>\n\n                    <hr>\n                    \n        <div class=\"icon-list-item\">\n            <div class=\"il-img\">\n                <img decoding=\"async\" src=\"https:\/\/hogtlagt.se\/rattvik\/wp-content\/uploads\/sites\/2\/2020\/03\/HL-ikon-11.svg\" class=\"attachment-icon size-icon\" alt=\"\" \/>            <\/div>\n            <div class=\"icon-list-content\">\n                <h3>T\u00e5g eller buss<\/h3>\n                <p>N\u00e4r du kommit fram till R\u00e4ttviks resecentrum \u00e4r det cirka 15 minuters promenad till parken. G\u00e5 mot font\u00e4nerna och forts\u00e4ttt sedan g\u00e5 ned hela v\u00e4gen mot den stora rondellen 500 meter bort. H\u00e4rifr\u00e5n g\u00e5r du enklast mot Furudal och sv\u00e4ng sedan in mot R\u00e4ttvikcamping d\u00e4r du hittar oss. Tack f\u00f6r att du reser milj\u00f6v\u00e4nligt, du \u00e4r dessutom uppv\u00e4rmd och klar n\u00e4r du kommit fram.<\/p>\n            <\/div>\n        <\/div>\n\n                    <hr>\n            \n    <\/div>\n\n    \n\n\n<div style=\"height:100px\" aria-hidden=\"true\" class=\"wp-block-spacer\"><\/div>\n\n\n\n<div class=\"wp-block-cover alignfull\" style=\"min-height:376px;aspect-ratio:unset;\"><span aria-hidden=\"true\" class=\"wp-block-cover__background has-background-dim\"><\/span><img loading=\"lazy\" decoding=\"async\" width=\"2048\" height=\"1365\" class=\"wp-block-cover__image-background wp-image-1921\" alt=\"\" src=\"https:\/\/hogtlagt.se\/rattvik\/wp-content\/uploads\/sites\/2\/2023\/12\/Omslag-nederkant.jpg\" style=\"object-position:50% 66%\" data-object-fit=\"cover\" data-object-position=\"50% 66%\" srcset=\"https:\/\/hogtlagt.se\/rattvik\/wp-content\/uploads\/sites\/2\/2023\/12\/Omslag-nederkant.jpg 2048w, https:\/\/hogtlagt.se\/rattvik\/wp-content\/uploads\/sites\/2\/2023\/12\/Omslag-nederkant-300x200.jpg 300w, https:\/\/hogtlagt.se\/rattvik\/wp-content\/uploads\/sites\/2\/2023\/12\/Omslag-nederkant-1024x683.jpg 1024w, https:\/\/hogtlagt.se\/rattvik\/wp-content\/uploads\/sites\/2\/2023\/12\/Omslag-nederkant-768x512.jpg 768w, https:\/\/hogtlagt.se\/rattvik\/wp-content\/uploads\/sites\/2\/2023\/12\/Omslag-nederkant-1536x1024.jpg 1536w\" sizes=\"auto, (max-width: 2048px) 100vw, 2048px\" \/><div class=\"wp-block-cover__inner-container has-global-padding is-layout-constrained wp-block-cover-is-layout-constrained\">\n<p class=\"has-text-align-center\" style=\"font-size:25px\">Allt vi g\u00f6r genomsyras av v\u00e5ra grundl\u00e4ggande v\u00e4rden <em>Genomarbetat, S\u00e4kert, Innovativt, Inkluderande<\/em> och <em>Utmanande.<\/em> Vi \u00e4r drivna, vi arbetar h\u00e5rt, vi brinner f\u00f6r varje kunds upplevelse, vi \u00e4r med och utvecklar branschen och vi har j\u00e4kligt roligt medans vi g\u00f6r det!<\/p>\n<\/div><\/div>\n","protected":false},"excerpt":{"rendered":"<p>Hitta till H\u00f6gt &amp; L\u00e5gt R\u00e4ttvik<\/p>\n","protected":false},"author":1,"featured_media":1662,"parent":20,"menu_order":3,"comment_status":"closed","ping_status":"closed","template":"templates\/empty.php","meta":{"_acf_changed":false,"inline_featured_image":false,"footnotes":""},"class_list":["post-26","page","type-page","status-publish","has-post-thumbnail"],"acf":[],"yoast_head":"<!-- This site is optimized with the Yoast SEO plugin v26.1.1 - https:\/\/yoast.com\/wordpress\/plugins\/seo\/ -->\n<title>V\u00e4gbeskrivning till Kl\u00e4tterparken i R\u00e4ttvik - H\u00f6gt &amp; L\u00e5gt R\u00e4ttvik<\/title>\n<meta name=\"description\" content=\"H\u00e4r hittar du v\u00e5r adress och v\u00e4gbeskrivningen f\u00f6r att komma r\u00e4tt. Du kan ta dig hit med bil, t\u00e5g eller buss.\" \/>\n<meta name=\"robots\" content=\"index, follow, max-snippet:-1, max-image-preview:large, max-video-preview:-1\" \/>\n<link rel=\"canonical\" href=\"https:\/\/hogtlagt.se\/rattvik\/infor-besoket\/vagbeskrivning\/\" \/>\n<meta property=\"og:locale\" content=\"sv_SE\" \/>\n<meta property=\"og:type\" content=\"article\" \/>\n<meta property=\"og:title\" content=\"V\u00e4gbeskrivning till Kl\u00e4tterparken i R\u00e4ttvik - H\u00f6gt &amp; L\u00e5gt R\u00e4ttvik\" \/>\n<meta property=\"og:description\" content=\"H\u00e4r hittar du v\u00e5r adress och v\u00e4gbeskrivningen f\u00f6r att komma r\u00e4tt. Du kan ta dig hit med bil, t\u00e5g eller buss.\" \/>\n<meta property=\"og:url\" content=\"https:\/\/hogtlagt.se\/rattvik\/infor-besoket\/vagbeskrivning\/\" \/>\n<meta property=\"og:site_name\" content=\"H\u00f6gt &amp; L\u00e5gt R\u00e4ttvik\" \/>\n<meta property=\"article:modified_time\" content=\"2023-12-12T10:31:22+00:00\" \/>\n<meta property=\"og:image\" content=\"https:\/\/hogtlagt.se\/rattvik\/wp-content\/uploads\/sites\/2\/2023\/10\/Va\u0308gbeskrivning-1-scaled.jpg\" \/>\n\t<meta property=\"og:image:width\" content=\"2560\" \/>\n\t<meta property=\"og:image:height\" content=\"1920\" \/>\n\t<meta property=\"og:image:type\" content=\"image\/jpeg\" \/>\n<meta name=\"twitter:card\" content=\"summary_large_image\" \/>\n<meta name=\"twitter:label1\" content=\"Ber\u00e4knad l\u00e4stid\" \/>\n\t<meta name=\"twitter:data1\" content=\"1 minut\" \/>\n<script type=\"application\/ld+json\" class=\"yoast-schema-graph\">{\"@context\":\"https:\/\/schema.org\",\"@graph\":[{\"@type\":\"WebPage\",\"@id\":\"https:\/\/hogtlagt.se\/rattvik\/infor-besoket\/vagbeskrivning\/\",\"url\":\"https:\/\/hogtlagt.se\/rattvik\/infor-besoket\/vagbeskrivning\/\",\"name\":\"V\u00e4gbeskrivning till Kl\u00e4tterparken i R\u00e4ttvik - H\u00f6gt &amp; L\u00e5gt R\u00e4ttvik\",\"isPartOf\":{\"@id\":\"https:\/\/hogtlagt.se\/rattvik\/#website\"},\"primaryImageOfPage\":{\"@id\":\"https:\/\/hogtlagt.se\/rattvik\/infor-besoket\/vagbeskrivning\/#primaryimage\"},\"image\":{\"@id\":\"https:\/\/hogtlagt.se\/rattvik\/infor-besoket\/vagbeskrivning\/#primaryimage\"},\"thumbnailUrl\":\"https:\/\/hogtlagt.se\/rattvik\/wp-content\/uploads\/sites\/2\/2023\/10\/Va\u0308gbeskrivning-1-scaled.jpg\",\"datePublished\":\"2020-02-28T11:47:34+00:00\",\"dateModified\":\"2023-12-12T10:31:22+00:00\",\"description\":\"H\u00e4r hittar du v\u00e5r adress och v\u00e4gbeskrivningen f\u00f6r att komma r\u00e4tt. Du kan ta dig hit med bil, t\u00e5g eller buss.\",\"breadcrumb\":{\"@id\":\"https:\/\/hogtlagt.se\/rattvik\/infor-besoket\/vagbeskrivning\/#breadcrumb\"},\"inLanguage\":\"sv-SE\",\"potentialAction\":[{\"@type\":\"ReadAction\",\"target\":[\"https:\/\/hogtlagt.se\/rattvik\/infor-besoket\/vagbeskrivning\/\"]}]},{\"@type\":\"ImageObject\",\"inLanguage\":\"sv-SE\",\"@id\":\"https:\/\/hogtlagt.se\/rattvik\/infor-besoket\/vagbeskrivning\/#primaryimage\",\"url\":\"https:\/\/hogtlagt.se\/rattvik\/wp-content\/uploads\/sites\/2\/2023\/10\/Va\u0308gbeskrivning-1-scaled.jpg\",\"contentUrl\":\"https:\/\/hogtlagt.se\/rattvik\/wp-content\/uploads\/sites\/2\/2023\/10\/Va\u0308gbeskrivning-1-scaled.jpg\",\"width\":2560,\"height\":1920,\"caption\":\"Vacker bild p\u00e5 stig i parken d\u00e4r solen str\u00e5lar ner mellan tr\u00e4den\"},{\"@type\":\"BreadcrumbList\",\"@id\":\"https:\/\/hogtlagt.se\/rattvik\/infor-besoket\/vagbeskrivning\/#breadcrumb\",\"itemListElement\":[{\"@type\":\"ListItem\",\"position\":1,\"name\":\"Hem\",\"item\":\"https:\/\/hogtlagt.se\/rattvik\/\"},{\"@type\":\"ListItem\",\"position\":2,\"name\":\"Inf\u00f6r Bes\u00f6ket\",\"item\":\"https:\/\/hogtlagt.se\/rattvik\/infor-besoket\/\"},{\"@type\":\"ListItem\",\"position\":3,\"name\":\"V\u00e4gbeskrivning till Kl\u00e4tterparken i R\u00e4ttvik\"}]},{\"@type\":\"WebSite\",\"@id\":\"https:\/\/hogtlagt.se\/rattvik\/#website\",\"url\":\"https:\/\/hogtlagt.se\/rattvik\/\",\"name\":\"H\u00f6gt &amp; L\u00e5gt R\u00e4ttvik\",\"description\":\"\",\"potentialAction\":[{\"@type\":\"SearchAction\",\"target\":{\"@type\":\"EntryPoint\",\"urlTemplate\":\"https:\/\/hogtlagt.se\/rattvik\/?s={search_term_string}\"},\"query-input\":{\"@type\":\"PropertyValueSpecification\",\"valueRequired\":true,\"valueName\":\"search_term_string\"}}],\"inLanguage\":\"sv-SE\"}]}<\/script>\n<!-- \/ Yoast SEO plugin. -->","yoast_head_json":{"title":"V\u00e4gbeskrivning till Kl\u00e4tterparken i R\u00e4ttvik - H\u00f6gt &amp; L\u00e5gt R\u00e4ttvik","description":"H\u00e4r hittar du v\u00e5r adress och v\u00e4gbeskrivningen f\u00f6r att komma r\u00e4tt. Du kan ta dig hit med bil, t\u00e5g eller buss.","robots":{"index":"index","follow":"follow","max-snippet":"max-snippet:-1","max-image-preview":"max-image-preview:large","max-video-preview":"max-video-preview:-1"},"canonical":"https:\/\/hogtlagt.se\/rattvik\/infor-besoket\/vagbeskrivning\/","og_locale":"sv_SE","og_type":"article","og_title":"V\u00e4gbeskrivning till Kl\u00e4tterparken i R\u00e4ttvik - H\u00f6gt &amp; L\u00e5gt R\u00e4ttvik","og_description":"H\u00e4r hittar du v\u00e5r adress och v\u00e4gbeskrivningen f\u00f6r att komma r\u00e4tt. Du kan ta dig hit med bil, t\u00e5g eller buss.","og_url":"https:\/\/hogtlagt.se\/rattvik\/infor-besoket\/vagbeskrivning\/","og_site_name":"H\u00f6gt &amp; L\u00e5gt R\u00e4ttvik","article_modified_time":"2023-12-12T10:31:22+00:00","og_image":[{"width":2560,"height":1920,"url":"https:\/\/hogtlagt.se\/rattvik\/wp-content\/uploads\/sites\/2\/2023\/10\/Va\u0308gbeskrivning-1-scaled.jpg","type":"image\/jpeg"}],"twitter_card":"summary_large_image","twitter_misc":{"Ber\u00e4knad l\u00e4stid":"1 minut"},"schema":{"@context":"https:\/\/schema.org","@graph":[{"@type":"WebPage","@id":"https:\/\/hogtlagt.se\/rattvik\/infor-besoket\/vagbeskrivning\/","url":"https:\/\/hogtlagt.se\/rattvik\/infor-besoket\/vagbeskrivning\/","name":"V\u00e4gbeskrivning till Kl\u00e4tterparken i R\u00e4ttvik - H\u00f6gt &amp; L\u00e5gt R\u00e4ttvik","isPartOf":{"@id":"https:\/\/hogtlagt.se\/rattvik\/#website"},"primaryImageOfPage":{"@id":"https:\/\/hogtlagt.se\/rattvik\/infor-besoket\/vagbeskrivning\/#primaryimage"},"image":{"@id":"https:\/\/hogtlagt.se\/rattvik\/infor-besoket\/vagbeskrivning\/#primaryimage"},"thumbnailUrl":"https:\/\/hogtlagt.se\/rattvik\/wp-content\/uploads\/sites\/2\/2023\/10\/Va\u0308gbeskrivning-1-scaled.jpg","datePublished":"2020-02-28T11:47:34+00:00","dateModified":"2023-12-12T10:31:22+00:00","description":"H\u00e4r hittar du v\u00e5r adress och v\u00e4gbeskrivningen f\u00f6r att komma r\u00e4tt. Du kan ta dig hit med bil, t\u00e5g eller buss.","breadcrumb":{"@id":"https:\/\/hogtlagt.se\/rattvik\/infor-besoket\/vagbeskrivning\/#breadcrumb"},"inLanguage":"sv-SE","potentialAction":[{"@type":"ReadAction","target":["https:\/\/hogtlagt.se\/rattvik\/infor-besoket\/vagbeskrivning\/"]}]},{"@type":"ImageObject","inLanguage":"sv-SE","@id":"https:\/\/hogtlagt.se\/rattvik\/infor-besoket\/vagbeskrivning\/#primaryimage","url":"https:\/\/hogtlagt.se\/rattvik\/wp-content\/uploads\/sites\/2\/2023\/10\/Va\u0308gbeskrivning-1-scaled.jpg","contentUrl":"https:\/\/hogtlagt.se\/rattvik\/wp-content\/uploads\/sites\/2\/2023\/10\/Va\u0308gbeskrivning-1-scaled.jpg","width":2560,"height":1920,"caption":"Vacker bild p\u00e5 stig i parken d\u00e4r solen str\u00e5lar ner mellan tr\u00e4den"},{"@type":"BreadcrumbList","@id":"https:\/\/hogtlagt.se\/rattvik\/infor-besoket\/vagbeskrivning\/#breadcrumb","itemListElement":[{"@type":"ListItem","position":1,"name":"Hem","item":"https:\/\/hogtlagt.se\/rattvik\/"},{"@type":"ListItem","position":2,"name":"Inf\u00f6r Bes\u00f6ket","item":"https:\/\/hogtlagt.se\/rattvik\/infor-besoket\/"},{"@type":"ListItem","position":3,"name":"V\u00e4gbeskrivning till Kl\u00e4tterparken i R\u00e4ttvik"}]},{"@type":"WebSite","@id":"https:\/\/hogtlagt.se\/rattvik\/#website","url":"https:\/\/hogtlagt.se\/rattvik\/","name":"H\u00f6gt &amp; L\u00e5gt R\u00e4ttvik","description":"","potentialAction":[{"@type":"SearchAction","target":{"@type":"EntryPoint","urlTemplate":"https:\/\/hogtlagt.se\/rattvik\/?s={search_term_string}"},"query-input":{"@type":"PropertyValueSpecification","valueRequired":true,"valueName":"search_term_string"}}],"inLanguage":"sv-SE"}]}},"_links":{"self":[{"href":"https:\/\/hogtlagt.se\/rattvik\/wp-json\/wp\/v2\/pages\/26","targetHints":{"allow":["GET"]}}],"collection":[{"href":"https:\/\/hogtlagt.se\/rattvik\/wp-json\/wp\/v2\/pages"}],"about":[{"href":"https:\/\/hogtlagt.se\/rattvik\/wp-json\/wp\/v2\/types\/page"}],"author":[{"embeddable":true,"href":"https:\/\/hogtlagt.se\/rattvik\/wp-json\/wp\/v2\/users\/1"}],"replies":[{"embeddable":true,"href":"https:\/\/hogtlagt.se\/rattvik\/wp-json\/wp\/v2\/comments?post=26"}],"version-history":[{"count":15,"href":"https:\/\/hogtlagt.se\/rattvik\/wp-json\/wp\/v2\/pages\/26\/revisions"}],"predecessor-version":[{"id":1935,"href":"https:\/\/hogtlagt.se\/rattvik\/wp-json\/wp\/v2\/pages\/26\/revisions\/1935"}],"up":[{"embeddable":true,"href":"https:\/\/hogtlagt.se\/rattvik\/wp-json\/wp\/v2\/pages\/20"}],"wp:featuredmedia":[{"embeddable":true,"href":"https:\/\/hogtlagt.se\/rattvik\/wp-json\/wp\/v2\/media\/1662"}],"wp:attachment":[{"href":"https:\/\/hogtlagt.se\/rattvik\/wp-json\/wp\/v2\/media?parent=26"}],"curies":[{"name":"wp","href":"https:\/\/api.w.org\/{rel}","templated":true}]}}