{"id":1610,"date":"2023-10-10T14:27:32","date_gmt":"2023-10-10T12:27:32","guid":{"rendered":"https:\/\/hogtlagt.se\/rattvik\/?page_id=1610"},"modified":"2023-12-20T13:47:05","modified_gmt":"2023-12-20T12:47:05","slug":"climbingpark-adventurepark-hogt-lagt-rattvik-english","status":"publish","type":"page","link":"https:\/\/hogtlagt.se\/rattvik\/en\/climbingpark-adventurepark-hogt-lagt-rattvik-english\/","title":{"rendered":"Climbingpark\/adventurepark H\u00f6gt &amp; L\u00e5gt R\u00e4ttvik &#8211; English"},"content":{"rendered":"\n<h2 class=\"wp-block-heading has-text-align-center\">Thank you for a great season! <br>See you in may 2024! <\/h2>\n\n\n\n<div style=\"height:37px\" aria-hidden=\"true\" class=\"wp-block-spacer\"><\/div>\n\n\n\n<div class=\"wp-block-buttons is-content-justification-center is-layout-flex wp-container-core-buttons-is-layout-a89b3969 wp-block-buttons-is-layout-flex\">\n<div class=\"wp-block-button\"><a class=\"wp-block-button__link has-tertiary-background-color has-background wp-element-button\" href=\"https:\/\/hogtlagt.se\/rattvik\/en\/tickets\/\">buy tickets<\/a><\/div>\n<\/div>\n\n\n\n<div style=\"height:47px\" aria-hidden=\"true\" class=\"wp-block-spacer\"><\/div>\n\n\n\n<div class=\"wp-block-columns is-layout-flex wp-container-core-columns-is-layout-28f84493 wp-block-columns-is-layout-flex\">\n<div class=\"wp-block-column is-layout-flow wp-block-column-is-layout-flow\">\n<figure class=\"wp-block-image size-full\"><img loading=\"lazy\" decoding=\"async\" width=\"368\" height=\"318\" src=\"https:\/\/hogtlagt.se\/rattvik\/wp-content\/uploads\/sites\/2\/2020\/03\/banor.png\" alt=\"\" class=\"wp-image-105\" srcset=\"https:\/\/hogtlagt.se\/rattvik\/wp-content\/uploads\/sites\/2\/2020\/03\/banor.png 368w, https:\/\/hogtlagt.se\/rattvik\/wp-content\/uploads\/sites\/2\/2020\/03\/banor-300x259.png 300w\" sizes=\"auto, (max-width: 368px) 100vw, 368px\" \/><\/figure>\n<\/div>\n\n\n\n<div class=\"wp-block-column is-layout-flow wp-block-column-is-layout-flow\">\n<figure class=\"wp-block-image size-full\"><img loading=\"lazy\" decoding=\"async\" width=\"368\" height=\"318\" src=\"https:\/\/hogtlagt.se\/rattvik\/wp-content\/uploads\/sites\/2\/2020\/03\/hinder.png\" alt=\"\" class=\"wp-image-104\" srcset=\"https:\/\/hogtlagt.se\/rattvik\/wp-content\/uploads\/sites\/2\/2020\/03\/hinder.png 368w, https:\/\/hogtlagt.se\/rattvik\/wp-content\/uploads\/sites\/2\/2020\/03\/hinder-300x259.png 300w\" sizes=\"auto, (max-width: 368px) 100vw, 368px\" \/><\/figure>\n<\/div>\n\n\n\n<div class=\"wp-block-column is-layout-flow wp-block-column-is-layout-flow\">\n<figure class=\"wp-block-image size-full\"><img loading=\"lazy\" decoding=\"async\" width=\"368\" height=\"318\" src=\"https:\/\/hogtlagt.se\/rattvik\/wp-content\/uploads\/sites\/2\/2020\/03\/zipline.png\" alt=\"\" class=\"wp-image-103\" srcset=\"https:\/\/hogtlagt.se\/rattvik\/wp-content\/uploads\/sites\/2\/2020\/03\/zipline.png 368w, https:\/\/hogtlagt.se\/rattvik\/wp-content\/uploads\/sites\/2\/2020\/03\/zipline-300x259.png 300w\" sizes=\"auto, (max-width: 368px) 100vw, 368px\" \/><\/figure>\n<\/div>\n<\/div>\n\n\n\n<div class=\"wp-block-columns is-layout-flex wp-container-core-columns-is-layout-28f84493 wp-block-columns-is-layout-flex\">\n<div class=\"wp-block-column is-layout-flow wp-block-column-is-layout-flow\">\n<p class=\"has-text-align-center\"><strong>7 courses<\/strong><\/p>\n<\/div>\n\n\n\n<div class=\"wp-block-column is-layout-flow wp-block-column-is-layout-flow\">\n<p class=\"has-text-align-center\"><strong>65 obstacles<\/strong><\/p>\n<\/div>\n\n\n\n<div class=\"wp-block-column is-layout-flow wp-block-column-is-layout-flow\">\n<p class=\"has-text-align-center\"><strong>7 ziplines<\/strong><\/p>\n<\/div>\n<\/div>\n\n\n\n<div style=\"height:39px\" aria-hidden=\"true\" class=\"wp-block-spacer\"><\/div>\n\n\n\n<div class=\"wp-block-columns is-layout-flex wp-container-core-columns-is-layout-28f84493 wp-block-columns-is-layout-flex\">\n<div class=\"wp-block-column is-layout-flow wp-block-column-is-layout-flow\">\n<div id=\"rounded-box-block_aa219f3221f993b0dd69788cc6ed0827\" class=\"rounded-box-block rounded-box has-background has-primary-background-color\">\n    <div class=\"rounded-box__inner image-bottom\">\n        <div class=\"acf-innerblocks-container\">\n\n<h3 class=\"wp-block-heading\">The park<\/h3>\n\n\n\n<p>Our parks consist of several obstacle courses at varying hight and degree of difficulty. You buy tickets for three hours which allows you to climb as many courses as many times as you want provided you follow the minimum hight- and age requirements for each course. Conditions for climbing include maximum weight 120 kg, not being pregnant and being completely sober.<\/p>\n\n\n\n<div class=\"wp-block-buttons is-layout-flex wp-block-buttons-is-layout-flex\">\n<div class=\"wp-block-button\"><a class=\"wp-block-button__link has-tertiary-background-color has-background wp-element-button\" href=\"https:\/\/hogtlagt.se\/rattvik\/en\/tickets\/\">buy tickets<\/a><\/div>\n<\/div>\n\n<\/div>\n                    <div class=\"rounded-box__img-wrapper\">\n                <img decoding=\"async\" class=\"rounded-box__img image-bottom\" src=\"https:\/\/hogtlagt.se\/rattvik\/wp-content\/uploads\/sites\/2\/2022\/03\/vuxenzip2-e1696940326226.jpg\" alt=\"\">\n            <\/div>\n            <\/div>\n<\/div>\n<\/div>\n\n\n\n<div class=\"wp-block-column is-layout-flow wp-block-column-is-layout-flow\">\n<div id=\"rounded-box-block_c88d574479e969699eb31d905b78225f\" class=\"rounded-box-block rounded-box\">\n    <div class=\"rounded-box__inner image-bottom\">\n        <div class=\"acf-innerblocks-container\">\n\n<h3 class=\"wp-block-heading\">Gift Card<\/h3>\n\n\n\n<p>Give away laughter, challenges and memories for life! Buy a gift card to our adventure park and we will take\u00a0care\u00a0of everything else, making sure your special someone will have a\u00a0superfun\u00a0experience!  <\/p>\n\n\n\n<p><\/p>\n\n\n\n<p><\/p>\n\n\n\n<div class=\"wp-block-buttons is-layout-flex wp-block-buttons-is-layout-flex\">\n<div class=\"wp-block-button\"><a class=\"wp-block-button__link has-tertiary-background-color has-background wp-element-button\" href=\"https:\/\/hogtlagt.se\/rattvik\/en\/tickets\/\">buy giftcard<\/a><\/div>\n<\/div>\n\n<\/div>\n                    <div class=\"rounded-box__img-wrapper\">\n                <img decoding=\"async\" class=\"rounded-box__img image-bottom\" src=\"https:\/\/hogtlagt.se\/rattvik\/wp-content\/uploads\/sites\/2\/2023\/10\/hogtochlagt-01-low-2018-scaled.jpg\" alt=\"Tv\u00e5 kompisar h\u00e5ller om varandra och str\u00e4cker upp h\u00e4nderna i luften, de \u00e4r mycket n\u00f6jda med att ha klarat av banorna\">\n            <\/div>\n            <\/div>\n<\/div>\n<\/div>\n<\/div>\n\n\n\n<div style=\"height:139px\" aria-hidden=\"true\" class=\"wp-block-spacer\"><\/div>\n","protected":false},"excerpt":{"rendered":"<p>Thank you for a great season! See you in may 2024! 7 courses 65 obstacles 7 ziplines<\/p>\n","protected":false},"author":15,"featured_media":0,"parent":0,"menu_order":0,"comment_status":"closed","ping_status":"closed","template":"templates\/frontpage.php","meta":{"_acf_changed":false,"inline_featured_image":false,"footnotes":""},"class_list":["post-1610","page","type-page","status-publish"],"acf":[],"yoast_head":"<!-- This site is optimized with the Yoast SEO plugin v26.1.1 - https:\/\/yoast.com\/wordpress\/plugins\/seo\/ -->\n<title>Kl\u00e4tterpark, \u00c4ventyrspark, Lekpark i R\u00e4ttvik - H\u00f6gt &amp; L\u00e5gt<\/title>\n<meta name=\"description\" content=\"V\u00e4lkommen till H\u00f6gt &amp; L\u00e5gt Kl\u00e4tterpark &amp; \u00c4ventyrspark i R\u00e4ttvik! Vi har 7 olika banor, 65 hinder och 7 ziplines. Kl\u00e4ttra och lek i 3 timmar. Grymt kul!\" \/>\n<meta name=\"robots\" content=\"index, follow, max-snippet:-1, max-image-preview:large, max-video-preview:-1\" \/>\n<link rel=\"canonical\" href=\"https:\/\/hogtlagt.se\/rattvik\/en\/climbingpark-adventurepark-hogt-lagt-rattvik-english\/\" \/>\n<meta property=\"og:locale\" content=\"sv_SE\" \/>\n<meta property=\"og:type\" content=\"article\" \/>\n<meta property=\"og:title\" content=\"Kl\u00e4tterpark, \u00c4ventyrspark, Lekpark i R\u00e4ttvik - H\u00f6gt &amp; L\u00e5gt\" \/>\n<meta property=\"og:description\" content=\"V\u00e4lkommen till H\u00f6gt &amp; L\u00e5gt Kl\u00e4tterpark &amp; \u00c4ventyrspark i R\u00e4ttvik! Vi har 7 olika banor, 65 hinder och 7 ziplines. Kl\u00e4ttra och lek i 3 timmar. Grymt kul!\" \/>\n<meta property=\"og:url\" content=\"https:\/\/hogtlagt.se\/rattvik\/en\/climbingpark-adventurepark-hogt-lagt-rattvik-english\/\" \/>\n<meta property=\"og:site_name\" content=\"H\u00f6gt &amp; L\u00e5gt R\u00e4ttvik\" \/>\n<meta property=\"article:modified_time\" content=\"2023-12-20T12:47:05+00:00\" \/>\n<meta property=\"og:image\" content=\"https:\/\/hogtlagt.se\/rattvik\/wp-content\/uploads\/sites\/2\/2020\/03\/banor.png\" \/>\n<meta name=\"twitter:card\" content=\"summary_large_image\" \/>\n<meta name=\"twitter:label1\" content=\"Ber\u00e4knad l\u00e4stid\" \/>\n\t<meta name=\"twitter:data1\" content=\"2 minuter\" \/>\n<script type=\"application\/ld+json\" class=\"yoast-schema-graph\">{\"@context\":\"https:\/\/schema.org\",\"@graph\":[{\"@type\":\"WebPage\",\"@id\":\"https:\/\/hogtlagt.se\/rattvik\/en\/climbingpark-adventurepark-hogt-lagt-rattvik-english\/\",\"url\":\"https:\/\/hogtlagt.se\/rattvik\/en\/climbingpark-adventurepark-hogt-lagt-rattvik-english\/\",\"name\":\"Kl\u00e4tterpark, \u00c4ventyrspark, Lekpark i R\u00e4ttvik - H\u00f6gt & L\u00e5gt\",\"isPartOf\":{\"@id\":\"https:\/\/hogtlagt.se\/rattvik\/#website\"},\"primaryImageOfPage\":{\"@id\":\"https:\/\/hogtlagt.se\/rattvik\/en\/climbingpark-adventurepark-hogt-lagt-rattvik-english\/#primaryimage\"},\"image\":{\"@id\":\"https:\/\/hogtlagt.se\/rattvik\/en\/climbingpark-adventurepark-hogt-lagt-rattvik-english\/#primaryimage\"},\"thumbnailUrl\":\"https:\/\/hogtlagt.se\/rattvik\/wp-content\/uploads\/sites\/2\/2020\/03\/banor.png\",\"datePublished\":\"2023-10-10T12:27:32+00:00\",\"dateModified\":\"2023-12-20T12:47:05+00:00\",\"description\":\"V\u00e4lkommen till H\u00f6gt & L\u00e5gt Kl\u00e4tterpark & \u00c4ventyrspark i R\u00e4ttvik! Vi har 7 olika banor, 65 hinder och 7 ziplines. Kl\u00e4ttra och lek i 3 timmar. Grymt kul!\",\"breadcrumb\":{\"@id\":\"https:\/\/hogtlagt.se\/rattvik\/en\/climbingpark-adventurepark-hogt-lagt-rattvik-english\/#breadcrumb\"},\"inLanguage\":\"sv-SE\",\"potentialAction\":[{\"@type\":\"ReadAction\",\"target\":[\"https:\/\/hogtlagt.se\/rattvik\/en\/climbingpark-adventurepark-hogt-lagt-rattvik-english\/\"]}]},{\"@type\":\"ImageObject\",\"inLanguage\":\"sv-SE\",\"@id\":\"https:\/\/hogtlagt.se\/rattvik\/en\/climbingpark-adventurepark-hogt-lagt-rattvik-english\/#primaryimage\",\"url\":\"https:\/\/hogtlagt.se\/rattvik\/wp-content\/uploads\/sites\/2\/2020\/03\/banor.png\",\"contentUrl\":\"https:\/\/hogtlagt.se\/rattvik\/wp-content\/uploads\/sites\/2\/2020\/03\/banor.png\",\"width\":368,\"height\":318,\"caption\":\"7 BANOR\"},{\"@type\":\"BreadcrumbList\",\"@id\":\"https:\/\/hogtlagt.se\/rattvik\/en\/climbingpark-adventurepark-hogt-lagt-rattvik-english\/#breadcrumb\",\"itemListElement\":[{\"@type\":\"ListItem\",\"position\":1,\"name\":\"Hem\",\"item\":\"https:\/\/hogtlagt.se\/rattvik\/\"},{\"@type\":\"ListItem\",\"position\":2,\"name\":\"Climbingpark\/adventurepark H\u00f6gt &amp; L\u00e5gt R\u00e4ttvik &#8211; English\"}]},{\"@type\":\"WebSite\",\"@id\":\"https:\/\/hogtlagt.se\/rattvik\/#website\",\"url\":\"https:\/\/hogtlagt.se\/rattvik\/\",\"name\":\"H\u00f6gt &amp; L\u00e5gt R\u00e4ttvik\",\"description\":\"\",\"potentialAction\":[{\"@type\":\"SearchAction\",\"target\":{\"@type\":\"EntryPoint\",\"urlTemplate\":\"https:\/\/hogtlagt.se\/rattvik\/?s={search_term_string}\"},\"query-input\":{\"@type\":\"PropertyValueSpecification\",\"valueRequired\":true,\"valueName\":\"search_term_string\"}}],\"inLanguage\":\"sv-SE\"}]}<\/script>\n<!-- \/ Yoast SEO plugin. -->","yoast_head_json":{"title":"Kl\u00e4tterpark, \u00c4ventyrspark, Lekpark i R\u00e4ttvik - H\u00f6gt & L\u00e5gt","description":"V\u00e4lkommen till H\u00f6gt & L\u00e5gt Kl\u00e4tterpark & \u00c4ventyrspark i R\u00e4ttvik! Vi har 7 olika banor, 65 hinder och 7 ziplines. Kl\u00e4ttra och lek i 3 timmar. Grymt kul!","robots":{"index":"index","follow":"follow","max-snippet":"max-snippet:-1","max-image-preview":"max-image-preview:large","max-video-preview":"max-video-preview:-1"},"canonical":"https:\/\/hogtlagt.se\/rattvik\/en\/climbingpark-adventurepark-hogt-lagt-rattvik-english\/","og_locale":"sv_SE","og_type":"article","og_title":"Kl\u00e4tterpark, \u00c4ventyrspark, Lekpark i R\u00e4ttvik - H\u00f6gt & L\u00e5gt","og_description":"V\u00e4lkommen till H\u00f6gt & L\u00e5gt Kl\u00e4tterpark & \u00c4ventyrspark i R\u00e4ttvik! Vi har 7 olika banor, 65 hinder och 7 ziplines. Kl\u00e4ttra och lek i 3 timmar. Grymt kul!","og_url":"https:\/\/hogtlagt.se\/rattvik\/en\/climbingpark-adventurepark-hogt-lagt-rattvik-english\/","og_site_name":"H\u00f6gt &amp; L\u00e5gt R\u00e4ttvik","article_modified_time":"2023-12-20T12:47:05+00:00","og_image":[{"url":"https:\/\/hogtlagt.se\/rattvik\/wp-content\/uploads\/sites\/2\/2020\/03\/banor.png","type":"","width":"","height":""}],"twitter_card":"summary_large_image","twitter_misc":{"Ber\u00e4knad l\u00e4stid":"2 minuter"},"schema":{"@context":"https:\/\/schema.org","@graph":[{"@type":"WebPage","@id":"https:\/\/hogtlagt.se\/rattvik\/en\/climbingpark-adventurepark-hogt-lagt-rattvik-english\/","url":"https:\/\/hogtlagt.se\/rattvik\/en\/climbingpark-adventurepark-hogt-lagt-rattvik-english\/","name":"Kl\u00e4tterpark, \u00c4ventyrspark, Lekpark i R\u00e4ttvik - H\u00f6gt & L\u00e5gt","isPartOf":{"@id":"https:\/\/hogtlagt.se\/rattvik\/#website"},"primaryImageOfPage":{"@id":"https:\/\/hogtlagt.se\/rattvik\/en\/climbingpark-adventurepark-hogt-lagt-rattvik-english\/#primaryimage"},"image":{"@id":"https:\/\/hogtlagt.se\/rattvik\/en\/climbingpark-adventurepark-hogt-lagt-rattvik-english\/#primaryimage"},"thumbnailUrl":"https:\/\/hogtlagt.se\/rattvik\/wp-content\/uploads\/sites\/2\/2020\/03\/banor.png","datePublished":"2023-10-10T12:27:32+00:00","dateModified":"2023-12-20T12:47:05+00:00","description":"V\u00e4lkommen till H\u00f6gt & L\u00e5gt Kl\u00e4tterpark & \u00c4ventyrspark i R\u00e4ttvik! Vi har 7 olika banor, 65 hinder och 7 ziplines. Kl\u00e4ttra och lek i 3 timmar. Grymt kul!","breadcrumb":{"@id":"https:\/\/hogtlagt.se\/rattvik\/en\/climbingpark-adventurepark-hogt-lagt-rattvik-english\/#breadcrumb"},"inLanguage":"sv-SE","potentialAction":[{"@type":"ReadAction","target":["https:\/\/hogtlagt.se\/rattvik\/en\/climbingpark-adventurepark-hogt-lagt-rattvik-english\/"]}]},{"@type":"ImageObject","inLanguage":"sv-SE","@id":"https:\/\/hogtlagt.se\/rattvik\/en\/climbingpark-adventurepark-hogt-lagt-rattvik-english\/#primaryimage","url":"https:\/\/hogtlagt.se\/rattvik\/wp-content\/uploads\/sites\/2\/2020\/03\/banor.png","contentUrl":"https:\/\/hogtlagt.se\/rattvik\/wp-content\/uploads\/sites\/2\/2020\/03\/banor.png","width":368,"height":318,"caption":"7 BANOR"},{"@type":"BreadcrumbList","@id":"https:\/\/hogtlagt.se\/rattvik\/en\/climbingpark-adventurepark-hogt-lagt-rattvik-english\/#breadcrumb","itemListElement":[{"@type":"ListItem","position":1,"name":"Hem","item":"https:\/\/hogtlagt.se\/rattvik\/"},{"@type":"ListItem","position":2,"name":"Climbingpark\/adventurepark H\u00f6gt &amp; L\u00e5gt R\u00e4ttvik &#8211; English"}]},{"@type":"WebSite","@id":"https:\/\/hogtlagt.se\/rattvik\/#website","url":"https:\/\/hogtlagt.se\/rattvik\/","name":"H\u00f6gt &amp; L\u00e5gt R\u00e4ttvik","description":"","potentialAction":[{"@type":"SearchAction","target":{"@type":"EntryPoint","urlTemplate":"https:\/\/hogtlagt.se\/rattvik\/?s={search_term_string}"},"query-input":{"@type":"PropertyValueSpecification","valueRequired":true,"valueName":"search_term_string"}}],"inLanguage":"sv-SE"}]}},"_links":{"self":[{"href":"https:\/\/hogtlagt.se\/rattvik\/wp-json\/wp\/v2\/pages\/1610","targetHints":{"allow":["GET"]}}],"collection":[{"href":"https:\/\/hogtlagt.se\/rattvik\/wp-json\/wp\/v2\/pages"}],"about":[{"href":"https:\/\/hogtlagt.se\/rattvik\/wp-json\/wp\/v2\/types\/page"}],"author":[{"embeddable":true,"href":"https:\/\/hogtlagt.se\/rattvik\/wp-json\/wp\/v2\/users\/15"}],"replies":[{"embeddable":true,"href":"https:\/\/hogtlagt.se\/rattvik\/wp-json\/wp\/v2\/comments?post=1610"}],"version-history":[{"count":12,"href":"https:\/\/hogtlagt.se\/rattvik\/wp-json\/wp\/v2\/pages\/1610\/revisions"}],"predecessor-version":[{"id":1946,"href":"https:\/\/hogtlagt.se\/rattvik\/wp-json\/wp\/v2\/pages\/1610\/revisions\/1946"}],"wp:attachment":[{"href":"https:\/\/hogtlagt.se\/rattvik\/wp-json\/wp\/v2\/media?parent=1610"}],"curies":[{"name":"wp","href":"https:\/\/api.w.org\/{rel}","templated":true}]}}