{"id":16,"date":"2020-02-28T12:46:04","date_gmt":"2020-02-28T11:46:04","guid":{"rendered":"http:\/\/hogtlagt.se.hemsida.eu\/rattvik\/?page_id=16"},"modified":"2024-06-03T10:14:40","modified_gmt":"2024-06-03T08:14:40","slug":"aktiviteter-rattvik","status":"publish","type":"page","link":"https:\/\/hogtlagt.se\/rattvik\/klatterparken\/aktiviteter-rattvik\/","title":{"rendered":"Andra aktiviteter i R\u00e4ttvik"},"content":{"rendered":"\n<div class=\"wp-block-cover alignfull\" style=\"min-height:600px;aspect-ratio:unset;\"><span aria-hidden=\"true\" class=\"wp-block-cover__background has-background-dim-30 has-background-dim\"><\/span><img loading=\"lazy\" decoding=\"async\" width=\"2560\" height=\"1707\" class=\"wp-block-cover__image-background wp-image-1583\" alt=\"\" src=\"https:\/\/hogtlagt.se\/rattvik\/wp-content\/uploads\/sites\/2\/2023\/10\/Andra-aktiviteter-scaled.jpg\" data-object-fit=\"cover\" srcset=\"https:\/\/hogtlagt.se\/rattvik\/wp-content\/uploads\/sites\/2\/2023\/10\/Andra-aktiviteter-scaled.jpg 2560w, https:\/\/hogtlagt.se\/rattvik\/wp-content\/uploads\/sites\/2\/2023\/10\/Andra-aktiviteter-300x200.jpg 300w, https:\/\/hogtlagt.se\/rattvik\/wp-content\/uploads\/sites\/2\/2023\/10\/Andra-aktiviteter-1024x683.jpg 1024w, https:\/\/hogtlagt.se\/rattvik\/wp-content\/uploads\/sites\/2\/2023\/10\/Andra-aktiviteter-768x512.jpg 768w, https:\/\/hogtlagt.se\/rattvik\/wp-content\/uploads\/sites\/2\/2023\/10\/Andra-aktiviteter-1536x1024.jpg 1536w, https:\/\/hogtlagt.se\/rattvik\/wp-content\/uploads\/sites\/2\/2023\/10\/Andra-aktiviteter-2048x1365.jpg 2048w\" sizes=\"auto, (max-width: 2560px) 100vw, 2560px\" \/><div class=\"wp-block-cover__inner-container has-global-padding is-layout-constrained wp-block-cover-is-layout-constrained\">\n<h1 class=\"wp-block-heading has-text-align-center\" style=\"font-size:55px\">Roliga aktiviteter runt R\u00e4ttvik<\/h1>\n<\/div><\/div>\n\n\n\n<div style=\"height:36px\" aria-hidden=\"true\" class=\"wp-block-spacer\"><\/div>\n\n\n\n<div id=\"lead-block_0553445b13eed4d0e0fafa55a1542f9f\" class=\"lead-block lead\">\n\n    <div class=\"lead-block__content\">\n        <div class=\"acf-innerblocks-container\">\n\n<p><strong>Letar ni efter roliga och sp\u00e4nnande&nbsp;barnaktiviteter och vuxenutmaningar att g\u00f6ra i omr\u00e5det kring R\u00e4ttvik? R\u00e4ttvik \u00e4r kanske mest k\u00e4nt f\u00f6r sin marknad och Classic Car Week, men bjuder p\u00e5 s\u00e5 mycket mer. H\u00e4r har vi samlat 8 olika tips p\u00e5 saker att g\u00f6ra med barn, familj, och v\u00e4nner kanske p\u00e5 semestern eller n\u00e4r andan faller p\u00e5.<\/strong><\/p>\n\n<\/div>\n    <\/div>\n\n    <div class=\"lead-block__image\">\n        <img decoding=\"async\" src=\"https:\/\/hogtlagt.se\/rattvik\/wp-content\/uploads\/sites\/2\/2023\/10\/Lager-2-7.svg\" alt=\"\">\n    <\/div>\n\n<\/div>\n\n\n\n<div id=\"two-col-img-block_ff7b04be03bd88796d64252981a2a908\" class=\"two-col-img ny-bakgrund3\">\n    <div class=\"two-block-img__wrapper \">\n\n        <img decoding=\"async\" class=\"img-col\" src=\"https:\/\/hogtlagt.se\/rattvik\/wp-content\/uploads\/sites\/2\/2022\/02\/Hogt-Lagt-WEBB-1320-e1645546287848-768x658.jpg\" alt=\"\">\n\n        <div class=\"text-col\">\n                        <div class=\"text-col-inner\">\n                <h3>H\u00f6gt &amp; L\u00e5gt R\u00e4ttvik<\/h3>\n<p>Letar du efter n\u00e5got kul att g\u00f6ra i R\u00e4ttvik? H\u00f6gt &amp; L\u00e5gt kl\u00e4tterpark med sju h\u00f6gh\u00f6jdsbanor som slingrar sig bland tallarna vid En\u00e5badets camping \u00e4r en perfekt aktivitet f\u00f6r den som vill uppleva ett \u00e4ventyr som passar alla! Barnfamiljer, kompisg\u00e4ng, afterwork med kollegorna, svensexa eller m\u00f6hippa &#8211; hos oss har alla lika roligt och ni f\u00e5r m\u00f6jlighet att peppa varandra utmana er tillsammans. Ni kan l\u00e4sa mer om <a href=\"https:\/\/hogtlagt.se\/rattvik\/klatterparken\/klatterbanorna\/\">kl\u00e4tterparken och boka biljetter h\u00e4r<\/a>.<\/p>\n                            <\/div>\n        <\/div>\n\n    <\/div>\n<\/div>\n\n\n\n<div id=\"two-col-img-block_108f9aa8ba9d2dc65f414a869620019d\" class=\"two-col-img ny-bakgrund3\">\n    <div class=\"two-block-img__wrapper reverse-col\">\n\n        <img decoding=\"async\" class=\"img-col\" src=\"https:\/\/hogtlagt.se\/rattvik\/wp-content\/uploads\/sites\/2\/2022\/02\/camper-6550936_640.jpg\" alt=\"\">\n\n        <div class=\"text-col\">\n                        <div class=\"text-col-inner\">\n                <h3>En\u00e5badets camping<\/h3>\n<p>Bel\u00e4get vid vackra En\u00e5n ligger En\u00e5badets camping. H\u00e4r kan du, f\u00f6rutom att parkera husbil eller husvagn alternativt hyra en stuga, ocks\u00e5 ta en promenad l\u00e4ngs den vackra \u00e5n, hyra kanot och paddla eller hyra klubba och boll och utmana n\u00e5gon p\u00e5 en runda minigolf. En\u00e5badets campingreception \u00e4r ocks\u00e5 entr\u00e9n till R\u00e4ttviks badhus med en stor inomhuspool och relax. L\u00e4s mer <a href=\"https:\/\/firstcamp.se\/destination\/enabadet-rattvik\/\">h\u00e4r<\/a>.<\/p>\n                            <\/div>\n        <\/div>\n\n    <\/div>\n<\/div>\n\n\n\n<div id=\"two-col-img-block_7c8b6e01abd3d1615a05e2c074311e67\" class=\"two-col-img ny-bakgrund3\">\n    <div class=\"two-block-img__wrapper \">\n\n        <img decoding=\"async\" class=\"img-col\" src=\"https:\/\/hogtlagt.se\/rattvik\/wp-content\/uploads\/sites\/2\/2024\/06\/Nasets-Marcusgard-Supermane-HL2-768x1152.jpg\" alt=\"\">\n\n        <div class=\"text-col\">\n                        <div class=\"text-col-inner\">\n                <h3>N\u00e4sets Marcusg\u00e5rd: En oas i skogens famn<\/h3>\n<p>Livet \u00e4r b\u00e4ttre i skogen! Upplev N\u00e4sets Marcusg\u00e5rd, en unik destination som kombinerar avkoppling med \u00e4ventyr. Bo i mysiga skogskojor eller lyxiga l\u00e4genheter, omgivna av vacker natur. Bada i den s\u00e4songs\u00f6ppna utomhuspoolen eller vandra i de natursk\u00f6na omgivningarna.<\/p>\n<p>&nbsp;<\/p>\n<p>F\u00f6r de \u00e4ventyrliga finns Kl\u00e4tterparken H\u00f6gt &amp; L\u00e5gt i R\u00e4ttvik, bara en kort bilresa bort. Kl\u00e4ttra bland tr\u00e4dtopparna och testa dina gr\u00e4nser i<br \/>\nen utmanande bana.<\/p>\n<p>&nbsp;<\/p>\n<p>N\u00e4sets Marcusg\u00e5rd \u00e4r den perfekta platsen f\u00f6r en avkopplande och aktiv semester. Boka din vistelse idag och skapa of\u00f6rgl\u00f6mliga minnen! L\u00e4nk till Dr\u00f6mpaket f\u00f6r barn <a href=\"https:\/\/urldefense.proofpoint.com\/v2\/url?u=https-3A__www.nasets-2Dmarcusgard.se_boende_drompaket-2Dfor-2Dbarn_&amp;d=DwIDaQ&amp;c=euGZstcaTDllvimEN8b7jXrwqOf-v5A_CdpgnVfiiMM&amp;r=AWnuzdXpvn3EVrn8Hqcm60KFl6x4K_k6qq_l5NjXTQQ&amp;m=PTNhQKwIF8YST1dV2SY15y1qiyMrC6r7V2sQQOkAatOppV3a4Vmhr7c29f3qZTon&amp;s=Jqy_wgKhPn9wHWHEGJcdJlP5MqjuzGxd2gRTIg2mnKs&amp;e=\">h\u00e4r<\/a>.<\/p>\n                            <\/div>\n        <\/div>\n\n    <\/div>\n<\/div>\n\n\n\n<div id=\"two-col-img-block_3357c2b6286bb638d2f9709dd1316fcd\" class=\"two-col-img ny-bakgrund3\">\n    <div class=\"two-block-img__wrapper reverse-col\">\n\n        <img decoding=\"async\" class=\"img-col\" src=\"https:\/\/hogtlagt.se\/rattvik\/wp-content\/uploads\/sites\/2\/2022\/02\/drummer-6869168_640.jpg\" alt=\"\">\n\n        <div class=\"text-col\">\n                        <div class=\"text-col-inner\">\n                <h3><span class=\"TextRun SCXW6357882 BCX0\" lang=\"SV-SE\" xml:lang=\"SV-SE\" data-contrast=\"auto\"><span class=\"NormalTextRun SCXW6357882 BCX0\">Dalhalla<\/span><\/span><\/h3>\n<p><span class=\"TextRun SCXW6357882 BCX0\" lang=\"SV-SE\" xml:lang=\"SV-SE\" data-contrast=\"auto\"><span class=\"NormalTextRun SCXW6357882 BCX0\">Dalhalla \u00e4r numera namnet p\u00e5 det fantastiska gamla kalkbrottet Dragg\u00e4ngarna bel\u00e4get i skogen norr om R\u00e4ttvik. H\u00e4r har en stor scen byggts mitt i det uthuggna brottet och platsen har blivit v\u00e4rldsk\u00e4nd som arena f\u00f6r en m\u00e4ngd olika musikaliska framtr\u00e4danden. <\/span><\/span><span class=\"EOP SCXW6357882 BCX0\" data-ccp-props=\"{&quot;201341983&quot;:0,&quot;335559739&quot;:160,&quot;335559740&quot;:259}\">\u00a0<\/span><\/p>\n                            <\/div>\n        <\/div>\n\n    <\/div>\n<\/div>\n\n\n\n<div id=\"two-col-img-block_edcc997e886491936151788bbac3460c\" class=\"two-col-img ny-bakgrund3\">\n    <div class=\"two-block-img__wrapper \">\n\n        <img decoding=\"async\" class=\"img-col\" src=\"https:\/\/hogtlagt.se\/rattvik\/wp-content\/uploads\/sites\/2\/2022\/02\/music-1285165_640-e1645546051417.jpg\" alt=\"\">\n\n        <div class=\"text-col\">\n                        <div class=\"text-col-inner\">\n                <h3>Nostalgimus\u00e9um<\/h3>\n<p>P\u00e5 Nostalgimus\u00e9et Minnesmaskinen i centrala R\u00e4ttvik finns en samling f\u00f6rem\u00e5l som \u00e4r garanterat nostalgiframkallande. Vad minns du fr\u00e5n din barndom, och vad visste du inte ens vad det var n\u00e4r du s\u00e5g det?<\/p>\n                            <\/div>\n        <\/div>\n\n    <\/div>\n<\/div>\n\n\n\n<div id=\"two-col-img-block_f5d95541d9bda6ac6998c7ebb47e07fa\" class=\"two-col-img ny-bakgrund3\">\n    <div class=\"two-block-img__wrapper reverse-col\">\n\n        <img decoding=\"async\" class=\"img-col\" src=\"https:\/\/hogtlagt.se\/rattvik\/wp-content\/uploads\/sites\/2\/2022\/02\/moss-6649862_640.jpg\" alt=\"\">\n\n        <div class=\"text-col\">\n                        <div class=\"text-col-inner\">\n                <h3>Styggforsen naturreservat<\/h3>\n<p>Bel\u00e4get strax utanf\u00f6r Boda norr om R\u00e4ttvik ligger Styggforsen, ett makal\u00f6st naturreservat som bjuder p\u00e5 vacker utsikt, en vandringsled p\u00e5 ca 1 km i fantastisk natur, ett 36 meter h\u00f6gt vattenfall och en ovanlig geologi som \u00e4r resultatet av det meteoritnedslag som skedde i Siljansomr\u00e5det f\u00f6r 377 miljoner \u00e5r sedan.<\/p>\n                            <\/div>\n        <\/div>\n\n    <\/div>\n<\/div>\n\n\n\n<div class=\"wp-block-group is-layout-flow wp-block-group-is-layout-flow\">\n<div id=\"two-col-img-block_1f9b505431fab046e1b20fff2dbbfd4b\" class=\"two-col-img ny-bakgrund3\">\n    <div class=\"two-block-img__wrapper \">\n\n        <img decoding=\"async\" class=\"img-col\" src=\"https:\/\/hogtlagt.se\/rattvik\/wp-content\/uploads\/sites\/2\/2022\/02\/fire-4387886_640.jpg\" alt=\"\">\n\n        <div class=\"text-col\">\n                        <div class=\"text-col-inner\">\n                <h3>Vikingahuset Storn\u00e4set<\/h3>\n<p>V\u00e4lkommen 1000 \u00e5r tillbaka i tiden. Vid sj\u00f6n Ljungaren ligger vikingahuset Storn\u00e4set som \u00e4r ett nybyggt men tidstypiskt vikingahus. H\u00e4r kan du prova p\u00e5 att leva som p\u00e5 vikingatiden ett dygn. Du kommer bland annat f\u00e5 laga mat, skapa hantverk och sk\u00f6ta olika sysslor s\u00e5som det gick till f\u00f6r \u00f6ver 1000 \u00e5r sedan.<\/p>\n                            <\/div>\n        <\/div>\n\n    <\/div>\n<\/div>\n<\/div>\n\n\n\n<div id=\"two-col-img-block_5778d38e62f01e11a07bd980bfe3ab98\" class=\"two-col-img ny-bakgrund3\">\n    <div class=\"two-block-img__wrapper reverse-col\">\n\n        <img decoding=\"async\" class=\"img-col\" src=\"https:\/\/hogtlagt.se\/rattvik\/wp-content\/uploads\/sites\/2\/2022\/02\/attic-540831_640.jpg\" alt=\"\">\n\n        <div class=\"text-col\">\n                        <div class=\"text-col-inner\">\n                <h3>Boda Gammelg\u00e5rd<\/h3>\n<p>I Boda kyrkby, strax norr om R\u00e4ttvik ligger Boda gammelg\u00e5rd. Vid denna vackert bevarade g\u00e5rd kan du f\u00f6rutom ett antal byggnader ocks\u00e5 besk\u00e5da en dansloge. Under sommaren ordnas evenemang s\u00e5som dans- och musikkurser och i samband med dessa finns en liten servering \u00f6ppen.<\/p>\n                            <\/div>\n        <\/div>\n\n    <\/div>\n<\/div>\n\n\n\n<div class=\"wp-block-cover alignfull\" style=\"min-height:376px;aspect-ratio:unset;\"><span aria-hidden=\"true\" class=\"wp-block-cover__background has-background-dim\"><\/span><img loading=\"lazy\" decoding=\"async\" width=\"2048\" height=\"1365\" class=\"wp-block-cover__image-background wp-image-1921\" alt=\"\" src=\"https:\/\/hogtlagt.se\/rattvik\/wp-content\/uploads\/sites\/2\/2023\/12\/Omslag-nederkant.jpg\" style=\"object-position:50% 69%\" data-object-fit=\"cover\" data-object-position=\"50% 69%\" srcset=\"https:\/\/hogtlagt.se\/rattvik\/wp-content\/uploads\/sites\/2\/2023\/12\/Omslag-nederkant.jpg 2048w, https:\/\/hogtlagt.se\/rattvik\/wp-content\/uploads\/sites\/2\/2023\/12\/Omslag-nederkant-300x200.jpg 300w, https:\/\/hogtlagt.se\/rattvik\/wp-content\/uploads\/sites\/2\/2023\/12\/Omslag-nederkant-1024x683.jpg 1024w, https:\/\/hogtlagt.se\/rattvik\/wp-content\/uploads\/sites\/2\/2023\/12\/Omslag-nederkant-768x512.jpg 768w, https:\/\/hogtlagt.se\/rattvik\/wp-content\/uploads\/sites\/2\/2023\/12\/Omslag-nederkant-1536x1024.jpg 1536w\" sizes=\"auto, (max-width: 2048px) 100vw, 2048px\" \/><div class=\"wp-block-cover__inner-container has-global-padding is-layout-constrained wp-block-cover-is-layout-constrained\">\n<p class=\"has-text-align-center\" style=\"font-size:25px\">Allt vi g\u00f6r genomsyras av v\u00e5ra grundl\u00e4ggande v\u00e4rden <em>Genomarbetat, S\u00e4kert, Innovativt, Inkluderande<\/em> och <em>Utmanande.<\/em> Vi \u00e4r drivna, vi arbetar h\u00e5rt, vi brinner f\u00f6r varje kunds upplevelse, vi \u00e4r med och utvecklar branschen och vi har j\u00e4kligt roligt medans vi g\u00f6r det!<\/p>\n<\/div><\/div>\n","protected":false},"excerpt":{"rendered":"","protected":false},"author":1,"featured_media":1653,"parent":10,"menu_order":4,"comment_status":"closed","ping_status":"closed","template":"templates\/empty.php","meta":{"_acf_changed":false,"inline_featured_image":false,"footnotes":""},"class_list":["post-16","page","type-page","status-publish","has-post-thumbnail"],"acf":[],"yoast_head":"<!-- This site is optimized with the Yoast SEO plugin v26.1.1 - https:\/\/yoast.com\/wordpress\/plugins\/seo\/ -->\n<title>Att g\u00f6ra i R\u00e4ttvik, H\u00f6gh\u00f6jdsbana, barnaktiviteter,- H\u00f6gt &amp; L\u00e5gt R\u00e4ttvik<\/title>\n<meta name=\"description\" content=\"Spa, Jacuzzi och swimingpool hittar du vid en\u00e5badet, \u00e4ven kanotuthyrning, trampbil, minigolf. R\u00e4ttviks bowling &amp; krog ligger ocks\u00e5 r\u00e4tt intill.\" \/>\n<meta name=\"robots\" content=\"index, follow, max-snippet:-1, max-image-preview:large, max-video-preview:-1\" \/>\n<link rel=\"canonical\" href=\"https:\/\/hogtlagt.se\/rattvik\/klatterparken\/aktiviteter-rattvik\/\" \/>\n<meta property=\"og:locale\" content=\"sv_SE\" \/>\n<meta property=\"og:type\" content=\"article\" \/>\n<meta property=\"og:title\" content=\"Att g\u00f6ra i R\u00e4ttvik, H\u00f6gh\u00f6jdsbana, barnaktiviteter,- H\u00f6gt &amp; L\u00e5gt R\u00e4ttvik\" \/>\n<meta property=\"og:description\" content=\"Spa, Jacuzzi och swimingpool hittar du vid en\u00e5badet, \u00e4ven kanotuthyrning, trampbil, minigolf. R\u00e4ttviks bowling &amp; krog ligger ocks\u00e5 r\u00e4tt intill.\" \/>\n<meta property=\"og:url\" content=\"https:\/\/hogtlagt.se\/rattvik\/klatterparken\/aktiviteter-rattvik\/\" \/>\n<meta property=\"og:site_name\" content=\"H\u00f6gt &amp; L\u00e5gt R\u00e4ttvik\" \/>\n<meta property=\"article:modified_time\" content=\"2024-06-03T08:14:40+00:00\" \/>\n<meta property=\"og:image\" content=\"https:\/\/hogtlagt.se\/rattvik\/wp-content\/uploads\/sites\/2\/2023\/10\/Andra-aktiviteter-1-scaled.jpg\" \/>\n\t<meta property=\"og:image:width\" content=\"2560\" \/>\n\t<meta property=\"og:image:height\" content=\"1707\" \/>\n\t<meta property=\"og:image:type\" content=\"image\/jpeg\" \/>\n<meta name=\"twitter:card\" content=\"summary_large_image\" \/>\n<meta name=\"twitter:label1\" content=\"Ber\u00e4knad l\u00e4stid\" \/>\n\t<meta name=\"twitter:data1\" content=\"2 minuter\" \/>\n<script type=\"application\/ld+json\" class=\"yoast-schema-graph\">{\"@context\":\"https:\/\/schema.org\",\"@graph\":[{\"@type\":\"WebPage\",\"@id\":\"https:\/\/hogtlagt.se\/rattvik\/klatterparken\/aktiviteter-rattvik\/\",\"url\":\"https:\/\/hogtlagt.se\/rattvik\/klatterparken\/aktiviteter-rattvik\/\",\"name\":\"Att g\u00f6ra i R\u00e4ttvik, H\u00f6gh\u00f6jdsbana, barnaktiviteter,- H\u00f6gt &amp; L\u00e5gt R\u00e4ttvik\",\"isPartOf\":{\"@id\":\"https:\/\/hogtlagt.se\/rattvik\/#website\"},\"primaryImageOfPage\":{\"@id\":\"https:\/\/hogtlagt.se\/rattvik\/klatterparken\/aktiviteter-rattvik\/#primaryimage\"},\"image\":{\"@id\":\"https:\/\/hogtlagt.se\/rattvik\/klatterparken\/aktiviteter-rattvik\/#primaryimage\"},\"thumbnailUrl\":\"https:\/\/hogtlagt.se\/rattvik\/wp-content\/uploads\/sites\/2\/2023\/10\/Andra-aktiviteter-1-scaled.jpg\",\"datePublished\":\"2020-02-28T11:46:04+00:00\",\"dateModified\":\"2024-06-03T08:14:40+00:00\",\"description\":\"Spa, Jacuzzi och swimingpool hittar du vid en\u00e5badet, \u00e4ven kanotuthyrning, trampbil, minigolf. R\u00e4ttviks bowling & krog ligger ocks\u00e5 r\u00e4tt intill.\",\"breadcrumb\":{\"@id\":\"https:\/\/hogtlagt.se\/rattvik\/klatterparken\/aktiviteter-rattvik\/#breadcrumb\"},\"inLanguage\":\"sv-SE\",\"potentialAction\":[{\"@type\":\"ReadAction\",\"target\":[\"https:\/\/hogtlagt.se\/rattvik\/klatterparken\/aktiviteter-rattvik\/\"]}]},{\"@type\":\"ImageObject\",\"inLanguage\":\"sv-SE\",\"@id\":\"https:\/\/hogtlagt.se\/rattvik\/klatterparken\/aktiviteter-rattvik\/#primaryimage\",\"url\":\"https:\/\/hogtlagt.se\/rattvik\/wp-content\/uploads\/sites\/2\/2023\/10\/Andra-aktiviteter-1-scaled.jpg\",\"contentUrl\":\"https:\/\/hogtlagt.se\/rattvik\/wp-content\/uploads\/sites\/2\/2023\/10\/Andra-aktiviteter-1-scaled.jpg\",\"width\":2560,\"height\":1707,\"caption\":\"Glad familj som pratar om hur det var att kl\u00e4ttra i h\u00f6gh\u00f6jdsbanorna\"},{\"@type\":\"BreadcrumbList\",\"@id\":\"https:\/\/hogtlagt.se\/rattvik\/klatterparken\/aktiviteter-rattvik\/#breadcrumb\",\"itemListElement\":[{\"@type\":\"ListItem\",\"position\":1,\"name\":\"Hem\",\"item\":\"https:\/\/hogtlagt.se\/rattvik\/\"},{\"@type\":\"ListItem\",\"position\":2,\"name\":\"Kl\u00e4tterparken i R\u00e4ttvik\",\"item\":\"https:\/\/hogtlagt.se\/rattvik\/klatterparken\/\"},{\"@type\":\"ListItem\",\"position\":3,\"name\":\"Andra aktiviteter i R\u00e4ttvik\"}]},{\"@type\":\"WebSite\",\"@id\":\"https:\/\/hogtlagt.se\/rattvik\/#website\",\"url\":\"https:\/\/hogtlagt.se\/rattvik\/\",\"name\":\"H\u00f6gt &amp; L\u00e5gt R\u00e4ttvik\",\"description\":\"\",\"potentialAction\":[{\"@type\":\"SearchAction\",\"target\":{\"@type\":\"EntryPoint\",\"urlTemplate\":\"https:\/\/hogtlagt.se\/rattvik\/?s={search_term_string}\"},\"query-input\":{\"@type\":\"PropertyValueSpecification\",\"valueRequired\":true,\"valueName\":\"search_term_string\"}}],\"inLanguage\":\"sv-SE\"}]}<\/script>\n<!-- \/ Yoast SEO plugin. -->","yoast_head_json":{"title":"Att g\u00f6ra i R\u00e4ttvik, H\u00f6gh\u00f6jdsbana, barnaktiviteter,- H\u00f6gt &amp; L\u00e5gt R\u00e4ttvik","description":"Spa, Jacuzzi och swimingpool hittar du vid en\u00e5badet, \u00e4ven kanotuthyrning, trampbil, minigolf. R\u00e4ttviks bowling & krog ligger ocks\u00e5 r\u00e4tt intill.","robots":{"index":"index","follow":"follow","max-snippet":"max-snippet:-1","max-image-preview":"max-image-preview:large","max-video-preview":"max-video-preview:-1"},"canonical":"https:\/\/hogtlagt.se\/rattvik\/klatterparken\/aktiviteter-rattvik\/","og_locale":"sv_SE","og_type":"article","og_title":"Att g\u00f6ra i R\u00e4ttvik, H\u00f6gh\u00f6jdsbana, barnaktiviteter,- H\u00f6gt &amp; L\u00e5gt R\u00e4ttvik","og_description":"Spa, Jacuzzi och swimingpool hittar du vid en\u00e5badet, \u00e4ven kanotuthyrning, trampbil, minigolf. R\u00e4ttviks bowling & krog ligger ocks\u00e5 r\u00e4tt intill.","og_url":"https:\/\/hogtlagt.se\/rattvik\/klatterparken\/aktiviteter-rattvik\/","og_site_name":"H\u00f6gt &amp; L\u00e5gt R\u00e4ttvik","article_modified_time":"2024-06-03T08:14:40+00:00","og_image":[{"width":2560,"height":1707,"url":"https:\/\/hogtlagt.se\/rattvik\/wp-content\/uploads\/sites\/2\/2023\/10\/Andra-aktiviteter-1-scaled.jpg","type":"image\/jpeg"}],"twitter_card":"summary_large_image","twitter_misc":{"Ber\u00e4knad l\u00e4stid":"2 minuter"},"schema":{"@context":"https:\/\/schema.org","@graph":[{"@type":"WebPage","@id":"https:\/\/hogtlagt.se\/rattvik\/klatterparken\/aktiviteter-rattvik\/","url":"https:\/\/hogtlagt.se\/rattvik\/klatterparken\/aktiviteter-rattvik\/","name":"Att g\u00f6ra i R\u00e4ttvik, H\u00f6gh\u00f6jdsbana, barnaktiviteter,- H\u00f6gt &amp; L\u00e5gt R\u00e4ttvik","isPartOf":{"@id":"https:\/\/hogtlagt.se\/rattvik\/#website"},"primaryImageOfPage":{"@id":"https:\/\/hogtlagt.se\/rattvik\/klatterparken\/aktiviteter-rattvik\/#primaryimage"},"image":{"@id":"https:\/\/hogtlagt.se\/rattvik\/klatterparken\/aktiviteter-rattvik\/#primaryimage"},"thumbnailUrl":"https:\/\/hogtlagt.se\/rattvik\/wp-content\/uploads\/sites\/2\/2023\/10\/Andra-aktiviteter-1-scaled.jpg","datePublished":"2020-02-28T11:46:04+00:00","dateModified":"2024-06-03T08:14:40+00:00","description":"Spa, Jacuzzi och swimingpool hittar du vid en\u00e5badet, \u00e4ven kanotuthyrning, trampbil, minigolf. R\u00e4ttviks bowling & krog ligger ocks\u00e5 r\u00e4tt intill.","breadcrumb":{"@id":"https:\/\/hogtlagt.se\/rattvik\/klatterparken\/aktiviteter-rattvik\/#breadcrumb"},"inLanguage":"sv-SE","potentialAction":[{"@type":"ReadAction","target":["https:\/\/hogtlagt.se\/rattvik\/klatterparken\/aktiviteter-rattvik\/"]}]},{"@type":"ImageObject","inLanguage":"sv-SE","@id":"https:\/\/hogtlagt.se\/rattvik\/klatterparken\/aktiviteter-rattvik\/#primaryimage","url":"https:\/\/hogtlagt.se\/rattvik\/wp-content\/uploads\/sites\/2\/2023\/10\/Andra-aktiviteter-1-scaled.jpg","contentUrl":"https:\/\/hogtlagt.se\/rattvik\/wp-content\/uploads\/sites\/2\/2023\/10\/Andra-aktiviteter-1-scaled.jpg","width":2560,"height":1707,"caption":"Glad familj som pratar om hur det var att kl\u00e4ttra i h\u00f6gh\u00f6jdsbanorna"},{"@type":"BreadcrumbList","@id":"https:\/\/hogtlagt.se\/rattvik\/klatterparken\/aktiviteter-rattvik\/#breadcrumb","itemListElement":[{"@type":"ListItem","position":1,"name":"Hem","item":"https:\/\/hogtlagt.se\/rattvik\/"},{"@type":"ListItem","position":2,"name":"Kl\u00e4tterparken i R\u00e4ttvik","item":"https:\/\/hogtlagt.se\/rattvik\/klatterparken\/"},{"@type":"ListItem","position":3,"name":"Andra aktiviteter i R\u00e4ttvik"}]},{"@type":"WebSite","@id":"https:\/\/hogtlagt.se\/rattvik\/#website","url":"https:\/\/hogtlagt.se\/rattvik\/","name":"H\u00f6gt &amp; L\u00e5gt R\u00e4ttvik","description":"","potentialAction":[{"@type":"SearchAction","target":{"@type":"EntryPoint","urlTemplate":"https:\/\/hogtlagt.se\/rattvik\/?s={search_term_string}"},"query-input":{"@type":"PropertyValueSpecification","valueRequired":true,"valueName":"search_term_string"}}],"inLanguage":"sv-SE"}]}},"_links":{"self":[{"href":"https:\/\/hogtlagt.se\/rattvik\/wp-json\/wp\/v2\/pages\/16","targetHints":{"allow":["GET"]}}],"collection":[{"href":"https:\/\/hogtlagt.se\/rattvik\/wp-json\/wp\/v2\/pages"}],"about":[{"href":"https:\/\/hogtlagt.se\/rattvik\/wp-json\/wp\/v2\/types\/page"}],"author":[{"embeddable":true,"href":"https:\/\/hogtlagt.se\/rattvik\/wp-json\/wp\/v2\/users\/1"}],"replies":[{"embeddable":true,"href":"https:\/\/hogtlagt.se\/rattvik\/wp-json\/wp\/v2\/comments?post=16"}],"version-history":[{"count":23,"href":"https:\/\/hogtlagt.se\/rattvik\/wp-json\/wp\/v2\/pages\/16\/revisions"}],"predecessor-version":[{"id":2268,"href":"https:\/\/hogtlagt.se\/rattvik\/wp-json\/wp\/v2\/pages\/16\/revisions\/2268"}],"up":[{"embeddable":true,"href":"https:\/\/hogtlagt.se\/rattvik\/wp-json\/wp\/v2\/pages\/10"}],"wp:featuredmedia":[{"embeddable":true,"href":"https:\/\/hogtlagt.se\/rattvik\/wp-json\/wp\/v2\/media\/1653"}],"wp:attachment":[{"href":"https:\/\/hogtlagt.se\/rattvik\/wp-json\/wp\/v2\/media?parent=16"}],"curies":[{"name":"wp","href":"https:\/\/api.w.org\/{rel}","templated":true}]}}