{"id":1165,"date":"2023-04-12T10:30:26","date_gmt":"2023-04-12T08:30:26","guid":{"rendered":"https:\/\/hogtlagt.se\/rattvik\/?page_id=1165"},"modified":"2023-04-18T15:13:29","modified_gmt":"2023-04-18T13:13:29","slug":"tack","status":"publish","type":"page","link":"https:\/\/hogtlagt.se\/rattvik\/tack\/","title":{"rendered":"Tack f\u00f6r din bokning"},"content":{"rendered":"\n<p><\/p>\n\n\n\n<figure class=\"wp-block-image size-large is-resized\"><img loading=\"lazy\" decoding=\"async\" src=\"https:\/\/hogtlagt.se\/rattvik\/wp-content\/uploads\/sites\/2\/2023\/04\/Group-810-1.svg\" alt=\"\" class=\"wp-image-1188\" width=\"490\" height=\"193\"\/><\/figure>\n\n\n\n<div style=\"height:15px\" aria-hidden=\"true\" class=\"wp-block-spacer\"><\/div>\n\n\n\n<h2 class=\"wp-block-heading\">Tack f\u00f6r din bokning!   <\/h2>\n\n\n\n<p><strong>Datum:<\/strong> <\/p>\n\n\n\n<p><strong>Boknings-ID:<\/strong> <br><strong>Summa:<\/strong>  kr<\/p>\n\n\n\n<p class=\"has-medium-font-size\">Din bokningsbekr\u00e4ftelse har skickats till den mejladress du angav i din bokning. Om du inte f\u00e5tt n\u00e5got mejl, kika i skr\u00e4pkorgen eller mejla oss p\u00e5 <a href=\"mailto:rattvik@hogtlagt.se\">rattvik@hogtlagt.se<\/a>. Du kan ocks\u00e5 <a target=\"_blank\" href=\"\">ladda ner kvittot<\/a>.<\/p>\n\n\n\n<p class=\"has-medium-font-size\">Vi ser fram emot att tr\u00e4ffa er i parken. Kika g\u00e4rna h\u00e4r nedan f\u00f6r att f\u00f6rbereda ert bes\u00f6k. F\u00e5 koll p\u00e5 banorna och l\u00e4gg upp en game plan, eller kika igenom v\u00e5ra vanligaste fr\u00e5gor och svar.<\/p>\n\n\n\n<div style=\"height:100px\" aria-hidden=\"true\" class=\"wp-block-spacer\"><\/div>\n\n\n\n<div id=\"two-col-img-block_1f5b36b2dfe4428da10c403c8875b436\" class=\"two-col-img\">\n    <div class=\"two-block-img__wrapper \">\n\n        <img decoding=\"async\" class=\"img-col\" src=\"https:\/\/hogtlagt.se\/rattvik\/wp-content\/uploads\/sites\/2\/2022\/03\/B04I8310-768x512.jpg\" alt=\"\">\n\n        <div class=\"text-col\">\n                            <img decoding=\"async\" class=\"graphic\" src=\"https:\/\/hogtlagt.se\/rattvik\/wp-content\/uploads\/sites\/2\/2023\/04\/Lager-64-1.svg\" alt=\"\">\n                        <div class=\"text-col-inner\">\n                <h3>Kl\u00e4tterparken<\/h3>\n<p>Hur ska ni l\u00e4gga upp ert bes\u00f6k? Ska ni metodiskt jobba er upp\u00e5t eller vill ni sikta in er p\u00e5 den coolaste ziplinen?<\/p>\n                                    <a class=\"btn btn-outline\" href=\"https:\/\/hogtlagt.se\/rattvik\/klatterparken\/klatterbanorna\/\">L\u00e4s mer<\/a>\n                            <\/div>\n        <\/div>\n\n    <\/div>\n<\/div>\n\n\n\n<div id=\"two-col-img-block_34ae4a46922713db79f515c519dc0fed\" class=\"two-col-img ny-bakgrund3\">\n    <div class=\"two-block-img__wrapper reverse-col\">\n\n        <img decoding=\"async\" class=\"img-col\" src=\"https:\/\/hogtlagt.se\/rattvik\/wp-content\/uploads\/sites\/2\/2023\/04\/NP0A4967-2-768x512.jpg\" alt=\"\">\n\n        <div class=\"text-col\">\n                            <img decoding=\"async\" class=\"graphic\" src=\"https:\/\/hogtlagt.se\/rattvik\/wp-content\/uploads\/sites\/2\/2023\/04\/Artwork-3.svg\" alt=\"\">\n                        <div class=\"text-col-inner\">\n                <h3><span style=\"color: #000000;\">Deltagarvillkoren<\/span><\/h3>\n<p><span style=\"color: #000000;\">Alla som ska kl\u00e4ttra ska k\u00e4nna till v\u00e5ra deltagarvillkor. G\u00e5 igenom villkoren tillsammans inf\u00f6r ert bes\u00f6k s\u00e5 \u00e4r ni redo n\u00e4r ni kommer!<\/span><\/p>\n                                    <a class=\"btn btn-outline\" href=\"https:\/\/hogtlagt.se\/rattvik\/infor-besoket\/deltagarvillkor\/\">L\u00e4s mer<\/a>\n                            <\/div>\n        <\/div>\n\n    <\/div>\n<\/div>\n\n\n\n<div id=\"two-col-img-block_7b69b47859076d901f01c1ddc8c6fb8d\" class=\"two-col-img ny-bakgrund2\">\n    <div class=\"two-block-img__wrapper \">\n\n        <img decoding=\"async\" class=\"img-col\" src=\"https:\/\/hogtlagt.se\/rattvik\/wp-content\/uploads\/sites\/2\/2023\/04\/Hogt-Lagt-1541-3-768x767.png\" alt=\"\">\n\n        <div class=\"text-col\">\n                        <div class=\"text-col-inner\">\n                <p><!-- wp:heading {\"level\":5} --><\/p>\n<h3><span style=\"color: #ffffff;\">Vanliga Fr\u00e5ga &amp; Svar<\/span><\/h3>\n<p>&nbsp;<\/p>\n<h5><span style=\"color: #ffffff;\"><strong>Vilken typ av information f\u00e5r vi innan vi b\u00f6rjar?<\/strong><\/span><\/h5>\n<p><span style=\"color: #ffffff;\"><!-- \/wp:heading --> <!-- wp:paragraph --><\/span><\/p>\n<p><span style=\"color: #ffffff;\">Alla som skall anv\u00e4nda kl\u00e4tterparken m\u00e5ste genomf\u00f6ra en s\u00e4kerhetskurs med instrukt\u00f6r. H\u00e4r f\u00e5r ni information om hur s\u00e4kerhetssystemet fungerar, vart banorna startar och andra bra tips f\u00f6r att f\u00e5 ut det mesta av ert bes\u00f6k. Kursen m\u00e5ste genomf\u00f6ras minst 1 g\u00e5ng per s\u00e4song. Kursen b\u00f6rjar var 30:e minut.<\/span><\/p>\n<p>&nbsp;<\/p>\n<p><span style=\"color: #ffffff;\"><!-- \/wp:paragraph --> <!-- wp:heading {\"level\":5} --><\/span><\/p>\n<h5><span style=\"color: #ffffff;\">Vilka regler g\u00e4ller kring barn i parken?<\/span><\/h5>\n<p><span style=\"color: #ffffff;\"><!-- \/wp:heading --> <!-- wp:paragraph --><\/span><\/p>\n<p><span style=\"color: #ffffff;\">Barn under 6 \u00e5r m\u00e5ste ha med en kl\u00e4ttrande vuxen i de gr\u00f6na banorna. Barn under 10 m\u00e5ste ha med en kl\u00e4ttrande vuxen i de bl\u00e5 eller r\u00f6da banorna. Vi rekommenderar 1 vuxen per 4 barn. I den orange banan kan en vuxen g\u00e5 vid sidan om (utan sele\/biljett) f\u00f6r att assistera. Alla som ska kl\u00e4ttra ska dessutom uppfylla respektive banas miniml\u00e4ngdkrav: orange bana: minimum 80 cm, gr\u00f6n bana: minimum 110 cm, bl\u00e5 bana: minimum 140 cm, r\u00f6d bana: minimum 150 cm.<\/span><\/p>\n<p>&nbsp;<\/p>\n<p><span style=\"color: #ffffff;\"><!-- \/wp:paragraph --> <!-- wp:heading {\"level\":5} --><\/span><\/p>\n<h5><span style=\"color: #ffffff;\">Kan vi ha med egen mat\/fika?<\/span><\/h5>\n<p><span style=\"color: #ffffff;\"><!-- \/wp:heading --> <!-- wp:paragraph --><\/span><\/p>\n<p><span style=\"color: #ffffff;\">Ja det kan du. Det finns en grillplats p\u00e5 omr\u00e5det och flera sittplatser. Inne p\u00e5 campingens reception finns en liten butik om du skulle sakna n\u00e5got eller om du \u00f6nskar n\u00e5got fr\u00e5n deras caf\u00e9.<\/span><\/p>\n<p>&nbsp;<\/p>\n<p><span style=\"color: #ffffff;\"><!-- \/wp:paragraph --> <!-- wp:heading {\"level\":5} --><\/span><\/p>\n<h5><span style=\"color: #ffffff;\">Vad h\u00e4nder om v\u00e4dret blir d\u00e5ligt?<\/span><\/h5>\n<p><span style=\"color: #ffffff;\"><!-- \/wp:heading --> <!-- wp:paragraph --><\/span><\/p>\n<p><span style=\"color: #ffffff;\">Parken h\u00e5ller \u00f6ppet oavsett v\u00e4der under s\u00e4songen, det finns inget d\u00e5ligt kl\u00e4tterv\u00e4der, men t\u00e4nk p\u00e5 att kl\u00e4 er efter v\u00e4der. Vid \u00e5ska och kraftig vind kan delar av parken st\u00e4ngas tillf\u00e4lligt och instrukt\u00f6rerna kommer se till att alla som \u00e4r uppe och kl\u00e4ttrar kommer ner p\u00e5 marken. Oftast drar \u00e5skv\u00e4der f\u00f6rbi relativt snabbt och n\u00e4r instrukt\u00f6rerna bed\u00f6mt l\u00e4get som s\u00e4kert kommer ni kunna forts\u00e4tta kl\u00e4ttra. Observera att of\u00f6rutsedd st\u00e4ngning av parken medf\u00f6r inte n\u00e5got \u00e5terk\u00f6p av biljetter.<\/span><\/p>\n<p>&nbsp;<\/p>\n<p><span style=\"color: #ffffff;\"><!-- \/wp:paragraph --> <!-- wp:heading {\"level\":5} --><\/span><\/p>\n<h5><span style=\"color: #ffffff;\">F\u00e5r vi ta med hund till parken?<\/span><\/h5>\n<p><span style=\"color: #ffffff;\"><!-- \/wp:heading --> <!-- wp:paragraph --><\/span><\/p>\n<p><span style=\"color: #ffffff;\">Ja det g\u00e5r bra att ta med hund. De ska vara kopplade och det \u00e4r bra om n\u00e5gon kan g\u00e5 undan med dem vid behov.<\/span><\/p>\n<p>&nbsp;<\/p>\n<p><span style=\"color: #ffffff;\"><!-- \/wp:paragraph --> <!-- wp:heading {\"level\":5} --><\/span><\/p>\n<h5><span style=\"color: #ffffff;\">Var parkerar vi?<\/span><\/h5>\n<p><span style=\"color: #ffffff;\"><!-- \/wp:heading --> <!-- wp:paragraph --><\/span><\/p>\n<p><span style=\"color: #ffffff;\">Du hittar oss vid En\u00e5badets camping, d\u00e4r det finns parkering i n\u00e4ra anslutning till parken.\u00a0<\/span><\/p>\n<p><!-- \/wp:paragraph --><\/p>\n                            <\/div>\n        <\/div>\n\n    <\/div>\n<\/div>\n\n\n\n<div style=\"height:100px\" aria-hidden=\"true\" class=\"wp-block-spacer\"><\/div>\n","protected":false},"excerpt":{"rendered":"<p>Tack f\u00f6r din bokning! Datum: Boknings-ID: Summa: kr Din bokningsbekr\u00e4ftelse har skickats till den mejladress du angav i din bokning. Om du inte f\u00e5tt n\u00e5got mejl, kika i skr\u00e4pkorgen eller&#8230;<\/p>\n","protected":false},"author":15,"featured_media":0,"parent":0,"menu_order":0,"comment_status":"closed","ping_status":"closed","template":"templates\/kvitto.php","meta":{"_acf_changed":false,"inline_featured_image":false,"footnotes":""},"class_list":["post-1165","page","type-page","status-publish"],"acf":[],"yoast_head":"<!-- This site is optimized with the Yoast SEO plugin v26.1.1 - https:\/\/yoast.com\/wordpress\/plugins\/seo\/ -->\n<title>Tack f\u00f6r din bokning - H\u00f6gt &amp; L\u00e5gt R\u00e4ttvik<\/title>\n<meta name=\"robots\" content=\"index, follow, max-snippet:-1, max-image-preview:large, max-video-preview:-1\" \/>\n<link rel=\"canonical\" href=\"https:\/\/hogtlagt.se\/rattvik\/tack\/\" \/>\n<meta property=\"og:locale\" content=\"sv_SE\" \/>\n<meta property=\"og:type\" content=\"article\" \/>\n<meta property=\"og:title\" content=\"Tack f\u00f6r din bokning - H\u00f6gt &amp; L\u00e5gt R\u00e4ttvik\" \/>\n<meta property=\"og:description\" content=\"Tack f\u00f6r din bokning! Datum: Boknings-ID: Summa: kr Din bokningsbekr\u00e4ftelse har skickats till den mejladress du angav i din bokning. Om du inte f\u00e5tt n\u00e5got mejl, kika i skr\u00e4pkorgen eller...\" \/>\n<meta property=\"og:url\" content=\"https:\/\/hogtlagt.se\/rattvik\/tack\/\" \/>\n<meta property=\"og:site_name\" content=\"H\u00f6gt &amp; L\u00e5gt R\u00e4ttvik\" \/>\n<meta property=\"article:modified_time\" content=\"2023-04-18T13:13:29+00:00\" \/>\n<meta property=\"og:image\" content=\"https:\/\/hogtlagt.se\/rattvik\/wp-content\/uploads\/sites\/2\/2023\/04\/Group-810-1.svg\" \/>\n<meta name=\"twitter:card\" content=\"summary_large_image\" \/>\n<meta name=\"twitter:label1\" content=\"Ber\u00e4knad l\u00e4stid\" \/>\n\t<meta name=\"twitter:data1\" content=\"1 minut\" \/>\n<script type=\"application\/ld+json\" class=\"yoast-schema-graph\">{\"@context\":\"https:\/\/schema.org\",\"@graph\":[{\"@type\":\"WebPage\",\"@id\":\"https:\/\/hogtlagt.se\/rattvik\/tack\/\",\"url\":\"https:\/\/hogtlagt.se\/rattvik\/tack\/\",\"name\":\"Tack f\u00f6r din bokning - H\u00f6gt &amp; L\u00e5gt R\u00e4ttvik\",\"isPartOf\":{\"@id\":\"https:\/\/hogtlagt.se\/rattvik\/#website\"},\"primaryImageOfPage\":{\"@id\":\"https:\/\/hogtlagt.se\/rattvik\/tack\/#primaryimage\"},\"image\":{\"@id\":\"https:\/\/hogtlagt.se\/rattvik\/tack\/#primaryimage\"},\"thumbnailUrl\":\"https:\/\/hogtlagt.se\/rattvik\/wp-content\/uploads\/sites\/2\/2023\/04\/Group-810-1.svg\",\"datePublished\":\"2023-04-12T08:30:26+00:00\",\"dateModified\":\"2023-04-18T13:13:29+00:00\",\"breadcrumb\":{\"@id\":\"https:\/\/hogtlagt.se\/rattvik\/tack\/#breadcrumb\"},\"inLanguage\":\"sv-SE\",\"potentialAction\":[{\"@type\":\"ReadAction\",\"target\":[\"https:\/\/hogtlagt.se\/rattvik\/tack\/\"]}]},{\"@type\":\"ImageObject\",\"inLanguage\":\"sv-SE\",\"@id\":\"https:\/\/hogtlagt.se\/rattvik\/tack\/#primaryimage\",\"url\":\"https:\/\/hogtlagt.se\/rattvik\/wp-content\/uploads\/sites\/2\/2023\/04\/Group-810-1.svg\",\"contentUrl\":\"https:\/\/hogtlagt.se\/rattvik\/wp-content\/uploads\/sites\/2\/2023\/04\/Group-810-1.svg\",\"width\":315,\"height\":124},{\"@type\":\"BreadcrumbList\",\"@id\":\"https:\/\/hogtlagt.se\/rattvik\/tack\/#breadcrumb\",\"itemListElement\":[{\"@type\":\"ListItem\",\"position\":1,\"name\":\"Hem\",\"item\":\"https:\/\/hogtlagt.se\/rattvik\/\"},{\"@type\":\"ListItem\",\"position\":2,\"name\":\"Tack f\u00f6r din bokning\"}]},{\"@type\":\"WebSite\",\"@id\":\"https:\/\/hogtlagt.se\/rattvik\/#website\",\"url\":\"https:\/\/hogtlagt.se\/rattvik\/\",\"name\":\"H\u00f6gt &amp; L\u00e5gt R\u00e4ttvik\",\"description\":\"\",\"potentialAction\":[{\"@type\":\"SearchAction\",\"target\":{\"@type\":\"EntryPoint\",\"urlTemplate\":\"https:\/\/hogtlagt.se\/rattvik\/?s={search_term_string}\"},\"query-input\":{\"@type\":\"PropertyValueSpecification\",\"valueRequired\":true,\"valueName\":\"search_term_string\"}}],\"inLanguage\":\"sv-SE\"}]}<\/script>\n<!-- \/ Yoast SEO plugin. -->","yoast_head_json":{"title":"Tack f\u00f6r din bokning - H\u00f6gt &amp; L\u00e5gt R\u00e4ttvik","robots":{"index":"index","follow":"follow","max-snippet":"max-snippet:-1","max-image-preview":"max-image-preview:large","max-video-preview":"max-video-preview:-1"},"canonical":"https:\/\/hogtlagt.se\/rattvik\/tack\/","og_locale":"sv_SE","og_type":"article","og_title":"Tack f\u00f6r din bokning - H\u00f6gt &amp; L\u00e5gt R\u00e4ttvik","og_description":"Tack f\u00f6r din bokning! Datum: Boknings-ID: Summa: kr Din bokningsbekr\u00e4ftelse har skickats till den mejladress du angav i din bokning. Om du inte f\u00e5tt n\u00e5got mejl, kika i skr\u00e4pkorgen eller...","og_url":"https:\/\/hogtlagt.se\/rattvik\/tack\/","og_site_name":"H\u00f6gt &amp; L\u00e5gt R\u00e4ttvik","article_modified_time":"2023-04-18T13:13:29+00:00","og_image":[{"url":"https:\/\/hogtlagt.se\/rattvik\/wp-content\/uploads\/sites\/2\/2023\/04\/Group-810-1.svg","type":"","width":"","height":""}],"twitter_card":"summary_large_image","twitter_misc":{"Ber\u00e4knad l\u00e4stid":"1 minut"},"schema":{"@context":"https:\/\/schema.org","@graph":[{"@type":"WebPage","@id":"https:\/\/hogtlagt.se\/rattvik\/tack\/","url":"https:\/\/hogtlagt.se\/rattvik\/tack\/","name":"Tack f\u00f6r din bokning - H\u00f6gt &amp; L\u00e5gt R\u00e4ttvik","isPartOf":{"@id":"https:\/\/hogtlagt.se\/rattvik\/#website"},"primaryImageOfPage":{"@id":"https:\/\/hogtlagt.se\/rattvik\/tack\/#primaryimage"},"image":{"@id":"https:\/\/hogtlagt.se\/rattvik\/tack\/#primaryimage"},"thumbnailUrl":"https:\/\/hogtlagt.se\/rattvik\/wp-content\/uploads\/sites\/2\/2023\/04\/Group-810-1.svg","datePublished":"2023-04-12T08:30:26+00:00","dateModified":"2023-04-18T13:13:29+00:00","breadcrumb":{"@id":"https:\/\/hogtlagt.se\/rattvik\/tack\/#breadcrumb"},"inLanguage":"sv-SE","potentialAction":[{"@type":"ReadAction","target":["https:\/\/hogtlagt.se\/rattvik\/tack\/"]}]},{"@type":"ImageObject","inLanguage":"sv-SE","@id":"https:\/\/hogtlagt.se\/rattvik\/tack\/#primaryimage","url":"https:\/\/hogtlagt.se\/rattvik\/wp-content\/uploads\/sites\/2\/2023\/04\/Group-810-1.svg","contentUrl":"https:\/\/hogtlagt.se\/rattvik\/wp-content\/uploads\/sites\/2\/2023\/04\/Group-810-1.svg","width":315,"height":124},{"@type":"BreadcrumbList","@id":"https:\/\/hogtlagt.se\/rattvik\/tack\/#breadcrumb","itemListElement":[{"@type":"ListItem","position":1,"name":"Hem","item":"https:\/\/hogtlagt.se\/rattvik\/"},{"@type":"ListItem","position":2,"name":"Tack f\u00f6r din bokning"}]},{"@type":"WebSite","@id":"https:\/\/hogtlagt.se\/rattvik\/#website","url":"https:\/\/hogtlagt.se\/rattvik\/","name":"H\u00f6gt &amp; L\u00e5gt R\u00e4ttvik","description":"","potentialAction":[{"@type":"SearchAction","target":{"@type":"EntryPoint","urlTemplate":"https:\/\/hogtlagt.se\/rattvik\/?s={search_term_string}"},"query-input":{"@type":"PropertyValueSpecification","valueRequired":true,"valueName":"search_term_string"}}],"inLanguage":"sv-SE"}]}},"_links":{"self":[{"href":"https:\/\/hogtlagt.se\/rattvik\/wp-json\/wp\/v2\/pages\/1165","targetHints":{"allow":["GET"]}}],"collection":[{"href":"https:\/\/hogtlagt.se\/rattvik\/wp-json\/wp\/v2\/pages"}],"about":[{"href":"https:\/\/hogtlagt.se\/rattvik\/wp-json\/wp\/v2\/types\/page"}],"author":[{"embeddable":true,"href":"https:\/\/hogtlagt.se\/rattvik\/wp-json\/wp\/v2\/users\/15"}],"replies":[{"embeddable":true,"href":"https:\/\/hogtlagt.se\/rattvik\/wp-json\/wp\/v2\/comments?post=1165"}],"version-history":[{"count":40,"href":"https:\/\/hogtlagt.se\/rattvik\/wp-json\/wp\/v2\/pages\/1165\/revisions"}],"predecessor-version":[{"id":1218,"href":"https:\/\/hogtlagt.se\/rattvik\/wp-json\/wp\/v2\/pages\/1165\/revisions\/1218"}],"wp:attachment":[{"href":"https:\/\/hogtlagt.se\/rattvik\/wp-json\/wp\/v2\/media?parent=1165"}],"curies":[{"name":"wp","href":"https:\/\/api.w.org\/{rel}","templated":true}]}}