{"id":2,"date":"2026-01-29T14:38:36","date_gmt":"2026-01-29T13:38:36","guid":{"rendered":"https:\/\/hogtlagt.se\/parker-gotland\/?page_id=2"},"modified":"2026-04-16T10:03:59","modified_gmt":"2026-04-16T08:03:59","slug":"parker","status":"publish","type":"page","link":"https:\/\/hogtlagt.se\/parker-gotland\/","title":{"rendered":"Kl\u00e4tter\u00e4ventyr p\u00e5 Gotland"},"content":{"rendered":"\n<div style=\"height:67px\" aria-hidden=\"true\" class=\"wp-block-spacer\"><\/div>\n\n\n\n<h1 class=\"wp-block-heading has-text-align-center\">Maxa \u00e4ventyret p\u00e5 \u00f6n!<\/h1>\n\n\n\n<div style=\"height:34px\" aria-hidden=\"true\" class=\"wp-block-spacer\"><\/div>\n\n\n\n<p class=\"has-text-align-center\">2 parker, totalt 12 banor inklusive 15 ziplines &#8211; h\u00e4r finns utmaning, \u00e4ventyr och gl\u00e4dje f\u00f6r alla. Vilken park b\u00f6rjar du med?<\/p>\n\n\n<div class=\"mapsvg-wrapper\">\n  <div id=\"mapsvg-3\" data-id=\"3\" class=\"mapsvg\" data-autoload=\"true\" data-load-db=\"true\" data-loading-text=\"Laddar karta\" style=\"width: 100%; height: 0; padding-bottom: 100%\"><\/div>\n<\/div>\n\n\n\n<div class=\"wp-block-columns is-layout-flex wp-container-core-columns-is-layout-28f84493 wp-block-columns-is-layout-flex\">\n<div class=\"wp-block-column is-layout-flow wp-block-column-is-layout-flow\">\n<h2 class=\"wp-block-heading\"><a href=\"https:\/\/hogtlagt.se\/faro\/\">Gotland &#8211; F\u00e5r\u00f6<\/a><\/h2>\n\n\n\n<p>Senaste tillskottet i H\u00f6gt &amp; L\u00e5gt g\u00e4nget \u00e4r H\u00f6gt &amp; L\u00e5gt F\u00e5r\u00f6 &#8211; en del av Sudersand resort och bel\u00e4get med utsikt \u00f6ver Ullahua naturreservat. <\/p>\n\n\n\n<p>H\u00e4r kan hela familjen utmana sig i de 5 h\u00f6gh\u00f6jdsbanorna inklusive 6 ziplines f\u00f6r att sedan kanske forts\u00e4tta med n\u00e5gon annan aktivitet s\u00e5som \u00e4ventyrsgolf eller kanske ett bad i havet eller poolen.<\/p>\n\n\n\n<figure class=\"wp-block-image size-large\"><img loading=\"lazy\" decoding=\"async\" width=\"1024\" height=\"683\" src=\"http:\/\/hogtlagt.se\/parker-gotland\/wp-content\/uploads\/sites\/23\/2026\/02\/Hogt-Lagt-WEBB-1381-1024x683.jpg\" alt=\"\" class=\"wp-image-46\" srcset=\"https:\/\/hogtlagt.se\/parker-gotland\/wp-content\/uploads\/sites\/23\/2026\/02\/Hogt-Lagt-WEBB-1381-1024x683.jpg 1024w, https:\/\/hogtlagt.se\/parker-gotland\/wp-content\/uploads\/sites\/23\/2026\/02\/Hogt-Lagt-WEBB-1381-300x200.jpg 300w, https:\/\/hogtlagt.se\/parker-gotland\/wp-content\/uploads\/sites\/23\/2026\/02\/Hogt-Lagt-WEBB-1381-768x512.jpg 768w, https:\/\/hogtlagt.se\/parker-gotland\/wp-content\/uploads\/sites\/23\/2026\/02\/Hogt-Lagt-WEBB-1381-1536x1024.jpg 1536w, https:\/\/hogtlagt.se\/parker-gotland\/wp-content\/uploads\/sites\/23\/2026\/02\/Hogt-Lagt-WEBB-1381.jpg 2048w\" sizes=\"auto, (max-width: 1024px) 100vw, 1024px\" \/><\/figure>\n<\/div>\n\n\n\n<div class=\"wp-block-column is-layout-flow wp-block-column-is-layout-flow\">\n<h2 class=\"wp-block-heading\"><a href=\"https:\/\/hogtlagt.se\/gotland\/\">Gotland &#8211; Klintehamn<\/a><\/h2>\n\n\n\n<p>Utmana grannen, mormor, barnbarnet eller hela fotbollslaget. Parken ligger strax utanf\u00f6r Klintehamn, endast 35 s\u00f6der om Visby min med bil, och det g\u00e5r \u00e4ven bra att ta bussen. <\/p>\n\n\n\n<p>7 banor inklusive 9 ziplines &#8211; h\u00e4r f\u00e5r s\u00e5v\u00e4l nyb\u00f6rjaren som adrenalinj\u00e4garen n\u00e5got att bita i. I parken finns gott om bord, sittplatser och \u00e4ven grill, s\u00e5 packa fikakorgen och kom och h\u00e4ng!<\/p>\n\n\n\n<figure class=\"wp-block-image size-large\"><img loading=\"lazy\" decoding=\"async\" width=\"1024\" height=\"683\" src=\"http:\/\/hogtlagt.se\/parker-gotland\/wp-content\/uploads\/sites\/23\/2026\/02\/04082024-_MG_5085-1024x683.jpg\" alt=\"\" class=\"wp-image-47\" srcset=\"https:\/\/hogtlagt.se\/parker-gotland\/wp-content\/uploads\/sites\/23\/2026\/02\/04082024-_MG_5085-1024x683.jpg 1024w, https:\/\/hogtlagt.se\/parker-gotland\/wp-content\/uploads\/sites\/23\/2026\/02\/04082024-_MG_5085-300x200.jpg 300w, https:\/\/hogtlagt.se\/parker-gotland\/wp-content\/uploads\/sites\/23\/2026\/02\/04082024-_MG_5085-768x512.jpg 768w, https:\/\/hogtlagt.se\/parker-gotland\/wp-content\/uploads\/sites\/23\/2026\/02\/04082024-_MG_5085-1536x1024.jpg 1536w, https:\/\/hogtlagt.se\/parker-gotland\/wp-content\/uploads\/sites\/23\/2026\/02\/04082024-_MG_5085-2048x1365.jpg 2048w\" sizes=\"auto, (max-width: 1024px) 100vw, 1024px\" \/><\/figure>\n<\/div>\n<\/div>\n\n\n\n<div style=\"height:100px\" aria-hidden=\"true\" class=\"wp-block-spacer\"><\/div>\n\n\n\n<h2 class=\"wp-block-heading\">om H\u00f6gt &amp; L\u00e5gt Kl\u00e4tterparker<\/h2>\n\n\n\n<p>H\u00f6gt &amp; L\u00e5gt \u00e4r idag Skandinaviens st\u00f6rsta leverant\u00f6r av kl\u00e4tterparker. Vi \u00e4r ledande i branschen och vi bygger parker med h\u00f6gh\u00f6jdsbanor som passar alla. Barnfamiljer, fotbollslag, f\u00f6retagsgrupper, m\u00f6hippor och svensexor, skolklasser, kompisg\u00e4ng och par p\u00e5 dejt \u2013 hos oss finns verkligen n\u00e5got f\u00f6r alla. N\u00e4tverket best\u00e5r sedan 2025 av sju parker fr\u00e5n Sundsvall i norr till Halmstad i s\u00f6der. <\/p>\n\n\n\n<p>V\u00e5r ambition \u00e4r att alla v\u00e5ra g\u00e4ster ska l\u00e4mna parken med ett leende p\u00e5 l\u00e4pparna, med k\u00e4nslan av att ha v\u00e5gat utmana sig och med fantastiska minnen f\u00f6r livet. Allt vi g\u00f6r genomsyras av v\u00e5ra grundl\u00e4ggande v\u00e4rden: <em>Genomarbetat, S\u00e4kert, Innovativt, Inkluderande, Utmanande<\/em>.<\/p>\n\n\n\n<div class=\"wp-block-buttons is-layout-flex wp-block-buttons-is-layout-flex\">\n<div class=\"wp-block-button is-style-fill\"><a class=\"wp-block-button__link has-tertiary-background-color has-background wp-element-button\" href=\"https:\/\/hogtlagt.se\/\" target=\"_blank\" rel=\"noreferrer noopener\">till huvudsida<\/a><\/div>\n<\/div>\n\n\n\n<div style=\"height:100px\" aria-hidden=\"true\" class=\"wp-block-spacer\"><\/div>\n","protected":false},"excerpt":{"rendered":"<p>Maxa \u00e4ventyret p\u00e5 \u00f6n! 2 parker, totalt 12 banor inklusive 15 ziplines &#8211; h\u00e4r finns utmaning, \u00e4ventyr och gl\u00e4dje f\u00f6r alla. Vilken park b\u00f6rjar du med? Gotland &#8211; F\u00e5r\u00f6 Senaste&#8230;<\/p>\n","protected":false},"author":15,"featured_media":0,"parent":0,"menu_order":0,"comment_status":"closed","ping_status":"closed","template":"","meta":{"_acf_changed":false,"inline_featured_image":false,"footnotes":""},"class_list":["post-2","page","type-page","status-publish"],"acf":[],"yoast_head":"<!-- This site is optimized with the Yoast SEO plugin v26.1.1 - https:\/\/yoast.com\/wordpress\/plugins\/seo\/ -->\n<title>Kl\u00e4tter\u00e4ventyr p\u00e5 Gotland - Parker p\u00e5 Gotland<\/title>\n<meta name=\"robots\" content=\"index, follow, max-snippet:-1, max-image-preview:large, max-video-preview:-1\" \/>\n<link rel=\"canonical\" href=\"https:\/\/hogtlagt.se\/parker-gotland\/\" \/>\n<meta property=\"og:locale\" content=\"sv_SE\" \/>\n<meta property=\"og:type\" content=\"article\" \/>\n<meta property=\"og:title\" content=\"Kl\u00e4tter\u00e4ventyr p\u00e5 Gotland - Parker p\u00e5 Gotland\" \/>\n<meta property=\"og:description\" content=\"Maxa \u00e4ventyret p\u00e5 \u00f6n! 2 parker, totalt 12 banor inklusive 15 ziplines &#8211; h\u00e4r finns utmaning, \u00e4ventyr och gl\u00e4dje f\u00f6r alla. Vilken park b\u00f6rjar du med? Gotland &#8211; F\u00e5r\u00f6 Senaste...\" \/>\n<meta property=\"og:url\" content=\"https:\/\/hogtlagt.se\/parker-gotland\/\" \/>\n<meta property=\"og:site_name\" content=\"Parker p\u00e5 Gotland\" \/>\n<meta property=\"article:modified_time\" content=\"2026-04-16T08:03:59+00:00\" \/>\n<meta property=\"og:image\" content=\"https:\/\/hogtlagt.se\/parker-gotland\/wp-content\/uploads\/sites\/23\/2026\/02\/Hogt-Lagt-WEBB-1381.jpg\" \/>\n\t<meta property=\"og:image:width\" content=\"2048\" \/>\n\t<meta property=\"og:image:height\" content=\"1365\" \/>\n\t<meta property=\"og:image:type\" content=\"image\/jpeg\" \/>\n<meta name=\"twitter:card\" content=\"summary_large_image\" \/>\n<meta name=\"twitter:label1\" content=\"Ber\u00e4knad l\u00e4stid\" \/>\n\t<meta name=\"twitter:data1\" content=\"2 minuter\" \/>\n<script type=\"application\/ld+json\" class=\"yoast-schema-graph\">{\"@context\":\"https:\/\/schema.org\",\"@graph\":[{\"@type\":\"WebPage\",\"@id\":\"https:\/\/hogtlagt.se\/parker-gotland\/\",\"url\":\"https:\/\/hogtlagt.se\/parker-gotland\/\",\"name\":\"Kl\u00e4tter\u00e4ventyr p\u00e5 Gotland - Parker p\u00e5 Gotland\",\"isPartOf\":{\"@id\":\"https:\/\/hogtlagt.se\/parker-gotland\/#website\"},\"primaryImageOfPage\":{\"@id\":\"https:\/\/hogtlagt.se\/parker-gotland\/#primaryimage\"},\"image\":{\"@id\":\"https:\/\/hogtlagt.se\/parker-gotland\/#primaryimage\"},\"thumbnailUrl\":\"http:\/\/hogtlagt.se\/parker-gotland\/wp-content\/uploads\/sites\/23\/2026\/02\/Hogt-Lagt-WEBB-1381-1024x683.jpg\",\"datePublished\":\"2026-01-29T13:38:36+00:00\",\"dateModified\":\"2026-04-16T08:03:59+00:00\",\"breadcrumb\":{\"@id\":\"https:\/\/hogtlagt.se\/parker-gotland\/#breadcrumb\"},\"inLanguage\":\"sv-SE\",\"potentialAction\":[{\"@type\":\"ReadAction\",\"target\":[\"https:\/\/hogtlagt.se\/parker-gotland\/\"]}]},{\"@type\":\"ImageObject\",\"inLanguage\":\"sv-SE\",\"@id\":\"https:\/\/hogtlagt.se\/parker-gotland\/#primaryimage\",\"url\":\"https:\/\/hogtlagt.se\/parker-gotland\/wp-content\/uploads\/sites\/23\/2026\/02\/Hogt-Lagt-WEBB-1381.jpg\",\"contentUrl\":\"https:\/\/hogtlagt.se\/parker-gotland\/wp-content\/uploads\/sites\/23\/2026\/02\/Hogt-Lagt-WEBB-1381.jpg\",\"width\":2048,\"height\":1365,\"caption\":\"20200607 H\u00f6gt &amp; L\u00e5gt i Karlstad. Foto: Fredrik Karlsson\/SolstaFoto\"},{\"@type\":\"BreadcrumbList\",\"@id\":\"https:\/\/hogtlagt.se\/parker-gotland\/#breadcrumb\",\"itemListElement\":[{\"@type\":\"ListItem\",\"position\":1,\"name\":\"Hem\",\"item\":\"https:\/\/hogtlagt.se\/parker-gotland\/\"},{\"@type\":\"ListItem\",\"position\":2,\"name\":\"Kl\u00e4tter\u00e4ventyr p\u00e5 Gotland\"}]},{\"@type\":\"WebSite\",\"@id\":\"https:\/\/hogtlagt.se\/parker-gotland\/#website\",\"url\":\"https:\/\/hogtlagt.se\/parker-gotland\/\",\"name\":\"Parker p\u00e5 Gotland\",\"description\":\"\",\"potentialAction\":[{\"@type\":\"SearchAction\",\"target\":{\"@type\":\"EntryPoint\",\"urlTemplate\":\"https:\/\/hogtlagt.se\/parker-gotland\/?s={search_term_string}\"},\"query-input\":{\"@type\":\"PropertyValueSpecification\",\"valueRequired\":true,\"valueName\":\"search_term_string\"}}],\"inLanguage\":\"sv-SE\"}]}<\/script>\n<!-- \/ Yoast SEO plugin. -->","yoast_head_json":{"title":"Kl\u00e4tter\u00e4ventyr p\u00e5 Gotland - Parker p\u00e5 Gotland","robots":{"index":"index","follow":"follow","max-snippet":"max-snippet:-1","max-image-preview":"max-image-preview:large","max-video-preview":"max-video-preview:-1"},"canonical":"https:\/\/hogtlagt.se\/parker-gotland\/","og_locale":"sv_SE","og_type":"article","og_title":"Kl\u00e4tter\u00e4ventyr p\u00e5 Gotland - Parker p\u00e5 Gotland","og_description":"Maxa \u00e4ventyret p\u00e5 \u00f6n! 2 parker, totalt 12 banor inklusive 15 ziplines &#8211; h\u00e4r finns utmaning, \u00e4ventyr och gl\u00e4dje f\u00f6r alla. Vilken park b\u00f6rjar du med? Gotland &#8211; F\u00e5r\u00f6 Senaste...","og_url":"https:\/\/hogtlagt.se\/parker-gotland\/","og_site_name":"Parker p\u00e5 Gotland","article_modified_time":"2026-04-16T08:03:59+00:00","og_image":[{"width":2048,"height":1365,"url":"https:\/\/hogtlagt.se\/parker-gotland\/wp-content\/uploads\/sites\/23\/2026\/02\/Hogt-Lagt-WEBB-1381.jpg","type":"image\/jpeg"}],"twitter_card":"summary_large_image","twitter_misc":{"Ber\u00e4knad l\u00e4stid":"2 minuter"},"schema":{"@context":"https:\/\/schema.org","@graph":[{"@type":"WebPage","@id":"https:\/\/hogtlagt.se\/parker-gotland\/","url":"https:\/\/hogtlagt.se\/parker-gotland\/","name":"Kl\u00e4tter\u00e4ventyr p\u00e5 Gotland - Parker p\u00e5 Gotland","isPartOf":{"@id":"https:\/\/hogtlagt.se\/parker-gotland\/#website"},"primaryImageOfPage":{"@id":"https:\/\/hogtlagt.se\/parker-gotland\/#primaryimage"},"image":{"@id":"https:\/\/hogtlagt.se\/parker-gotland\/#primaryimage"},"thumbnailUrl":"http:\/\/hogtlagt.se\/parker-gotland\/wp-content\/uploads\/sites\/23\/2026\/02\/Hogt-Lagt-WEBB-1381-1024x683.jpg","datePublished":"2026-01-29T13:38:36+00:00","dateModified":"2026-04-16T08:03:59+00:00","breadcrumb":{"@id":"https:\/\/hogtlagt.se\/parker-gotland\/#breadcrumb"},"inLanguage":"sv-SE","potentialAction":[{"@type":"ReadAction","target":["https:\/\/hogtlagt.se\/parker-gotland\/"]}]},{"@type":"ImageObject","inLanguage":"sv-SE","@id":"https:\/\/hogtlagt.se\/parker-gotland\/#primaryimage","url":"https:\/\/hogtlagt.se\/parker-gotland\/wp-content\/uploads\/sites\/23\/2026\/02\/Hogt-Lagt-WEBB-1381.jpg","contentUrl":"https:\/\/hogtlagt.se\/parker-gotland\/wp-content\/uploads\/sites\/23\/2026\/02\/Hogt-Lagt-WEBB-1381.jpg","width":2048,"height":1365,"caption":"20200607 H\u00f6gt &amp; L\u00e5gt i Karlstad. Foto: Fredrik Karlsson\/SolstaFoto"},{"@type":"BreadcrumbList","@id":"https:\/\/hogtlagt.se\/parker-gotland\/#breadcrumb","itemListElement":[{"@type":"ListItem","position":1,"name":"Hem","item":"https:\/\/hogtlagt.se\/parker-gotland\/"},{"@type":"ListItem","position":2,"name":"Kl\u00e4tter\u00e4ventyr p\u00e5 Gotland"}]},{"@type":"WebSite","@id":"https:\/\/hogtlagt.se\/parker-gotland\/#website","url":"https:\/\/hogtlagt.se\/parker-gotland\/","name":"Parker p\u00e5 Gotland","description":"","potentialAction":[{"@type":"SearchAction","target":{"@type":"EntryPoint","urlTemplate":"https:\/\/hogtlagt.se\/parker-gotland\/?s={search_term_string}"},"query-input":{"@type":"PropertyValueSpecification","valueRequired":true,"valueName":"search_term_string"}}],"inLanguage":"sv-SE"}]}},"_links":{"self":[{"href":"https:\/\/hogtlagt.se\/parker-gotland\/wp-json\/wp\/v2\/pages\/2","targetHints":{"allow":["GET"]}}],"collection":[{"href":"https:\/\/hogtlagt.se\/parker-gotland\/wp-json\/wp\/v2\/pages"}],"about":[{"href":"https:\/\/hogtlagt.se\/parker-gotland\/wp-json\/wp\/v2\/types\/page"}],"author":[{"embeddable":true,"href":"https:\/\/hogtlagt.se\/parker-gotland\/wp-json\/wp\/v2\/users\/15"}],"replies":[{"embeddable":true,"href":"https:\/\/hogtlagt.se\/parker-gotland\/wp-json\/wp\/v2\/comments?post=2"}],"version-history":[{"count":26,"href":"https:\/\/hogtlagt.se\/parker-gotland\/wp-json\/wp\/v2\/pages\/2\/revisions"}],"predecessor-version":[{"id":119,"href":"https:\/\/hogtlagt.se\/parker-gotland\/wp-json\/wp\/v2\/pages\/2\/revisions\/119"}],"wp:attachment":[{"href":"https:\/\/hogtlagt.se\/parker-gotland\/wp-json\/wp\/v2\/media?parent=2"}],"curies":[{"name":"wp","href":"https:\/\/api.w.org\/{rel}","templated":true}]}}