{"id":601,"date":"2021-12-09T14:51:45","date_gmt":"2021-12-09T13:51:45","guid":{"rendered":"https:\/\/hogtlagt.se\/karlstad\/?page_id=601"},"modified":"2023-12-28T10:45:49","modified_gmt":"2023-12-28T09:45:49","slug":"other-activities","status":"publish","type":"page","link":"https:\/\/hogtlagt.se\/karlstad\/en\/the-climbing-park\/other-activities\/","title":{"rendered":"Other Activities"},"content":{"rendered":"\n<div class=\"wp-block-cover alignfull\" style=\"min-height:600px;aspect-ratio:unset;\"><span aria-hidden=\"true\" class=\"wp-block-cover__background has-background-dim-10 has-background-dim\"><\/span><img loading=\"lazy\" decoding=\"async\" width=\"2560\" height=\"1707\" class=\"wp-block-cover__image-background wp-image-1177\" alt=\"\" src=\"https:\/\/hogtlagt.se\/karlstad\/wp-content\/uploads\/sites\/4\/2023\/10\/Andra-aktiviteter-1-scaled.jpg\" data-object-fit=\"cover\" srcset=\"https:\/\/hogtlagt.se\/karlstad\/wp-content\/uploads\/sites\/4\/2023\/10\/Andra-aktiviteter-1-scaled.jpg 2560w, https:\/\/hogtlagt.se\/karlstad\/wp-content\/uploads\/sites\/4\/2023\/10\/Andra-aktiviteter-1-300x200.jpg 300w, https:\/\/hogtlagt.se\/karlstad\/wp-content\/uploads\/sites\/4\/2023\/10\/Andra-aktiviteter-1-1024x683.jpg 1024w, https:\/\/hogtlagt.se\/karlstad\/wp-content\/uploads\/sites\/4\/2023\/10\/Andra-aktiviteter-1-768x512.jpg 768w, https:\/\/hogtlagt.se\/karlstad\/wp-content\/uploads\/sites\/4\/2023\/10\/Andra-aktiviteter-1-1536x1024.jpg 1536w, https:\/\/hogtlagt.se\/karlstad\/wp-content\/uploads\/sites\/4\/2023\/10\/Andra-aktiviteter-1-2048x1365.jpg 2048w\" sizes=\"auto, (max-width: 2560px) 100vw, 2560px\" \/><div class=\"wp-block-cover__inner-container has-global-padding is-layout-constrained wp-block-cover-is-layout-constrained\">\n<h2 class=\"wp-block-heading has-text-align-center\" style=\"font-size:55px\">Other activities<\/h2>\n<\/div><\/div>\n\n\n\n<div style=\"height:100px\" aria-hidden=\"true\" class=\"wp-block-spacer\"><\/div>\n\n\n\n<h2 class=\"wp-block-heading\">Skutbergets outdoor area<\/h2>\n\n\n\n<div style=\"height:48px\" aria-hidden=\"true\" class=\"wp-block-spacer\"><\/div>\n\n\n\n<div class=\"wp-block-columns is-layout-flex wp-container-core-columns-is-layout-28f84493 wp-block-columns-is-layout-flex\">\n<div class=\"wp-block-column is-layout-flow wp-block-column-is-layout-flow\">\n<p>There are plenty of activities to do before or after a visit to our\u00a0climbingpark. In the beautiful nature\u00a0at\u00a0Skutberget\u00a0you can\u00a0take a\u00a0walk or\u00a0go on a\u00a0hike\u00a0along the trails. <\/p>\n\n\n\n<p>You can also play miniature golf, frisbee golf, go biking, play football or go to the beach. If you\u00a0enjoy\u00a0nature and being outdoors, there are plenty\u00a0of\u00a0activities\u00a0for you and the whole family.<\/p>\n\n\n\n<div class=\"wp-block-buttons is-layout-flex wp-block-buttons-is-layout-flex\">\n<div class=\"wp-block-button\"><a class=\"wp-block-button__link has-tertiary-background-color has-background wp-element-button\" href=\"https:\/\/karlstad.se\/uppleva-och-gora\/friluftsliv-och-motion\/skutberget\" target=\"_blank\" rel=\"noreferrer noopener\">read more about Skutberget outdoor area<\/a><\/div>\n<\/div>\n<\/div>\n\n\n\n<div class=\"wp-block-column is-layout-flow wp-block-column-is-layout-flow\">\n<figure class=\"wp-block-image size-full\"><img loading=\"lazy\" decoding=\"async\" width=\"640\" height=\"426\" src=\"https:\/\/hogtlagt.se\/karlstad\/wp-content\/uploads\/sites\/4\/2022\/03\/young-woman-1745173_640.jpg\" alt=\"\" class=\"wp-image-729\" srcset=\"https:\/\/hogtlagt.se\/karlstad\/wp-content\/uploads\/sites\/4\/2022\/03\/young-woman-1745173_640.jpg 640w, https:\/\/hogtlagt.se\/karlstad\/wp-content\/uploads\/sites\/4\/2022\/03\/young-woman-1745173_640-300x200.jpg 300w\" sizes=\"auto, (max-width: 640px) 100vw, 640px\" \/><\/figure>\n<\/div>\n<\/div>\n\n\n\n<div style=\"height:100px\" aria-hidden=\"true\" class=\"wp-block-spacer\"><\/div>\n\n\n\n<div class=\"wp-block-cover alignfull\" style=\"min-height:376px;aspect-ratio:unset;\"><span aria-hidden=\"true\" class=\"wp-block-cover__background has-background-dim\"><\/span><img loading=\"lazy\" decoding=\"async\" width=\"2048\" height=\"1365\" class=\"wp-block-cover__image-background wp-image-1278\" alt=\"\" src=\"https:\/\/hogtlagt.se\/karlstad\/wp-content\/uploads\/sites\/4\/2023\/12\/Hogt-Lagt-WEBB-1235.jpg\" style=\"object-position:50% 66%\" data-object-fit=\"cover\" data-object-position=\"50% 66%\" srcset=\"https:\/\/hogtlagt.se\/karlstad\/wp-content\/uploads\/sites\/4\/2023\/12\/Hogt-Lagt-WEBB-1235.jpg 2048w, https:\/\/hogtlagt.se\/karlstad\/wp-content\/uploads\/sites\/4\/2023\/12\/Hogt-Lagt-WEBB-1235-300x200.jpg 300w, https:\/\/hogtlagt.se\/karlstad\/wp-content\/uploads\/sites\/4\/2023\/12\/Hogt-Lagt-WEBB-1235-1024x683.jpg 1024w, https:\/\/hogtlagt.se\/karlstad\/wp-content\/uploads\/sites\/4\/2023\/12\/Hogt-Lagt-WEBB-1235-768x512.jpg 768w, https:\/\/hogtlagt.se\/karlstad\/wp-content\/uploads\/sites\/4\/2023\/12\/Hogt-Lagt-WEBB-1235-1536x1024.jpg 1536w\" sizes=\"auto, (max-width: 2048px) 100vw, 2048px\" \/><div class=\"wp-block-cover__inner-container has-global-padding is-layout-constrained wp-block-cover-is-layout-constrained\">\n<p class=\"has-text-align-center\" style=\"font-size:25px\">Everything we do stems from our fundamental values\u00a0<em>Thorough, Safe, Innovative, Including<\/em>\u00a0and\u00a0<em>Challenging<\/em>. We are passionate, we work hard, we care about the experience of each single visitor, we take part in the development of this industry and we have SO much fun along the way!<\/p>\n<\/div><\/div>\n","protected":false},"excerpt":{"rendered":"<p>Skutbergets outdoor area There are plenty of activities to do before or after a visit to our\u00a0climbingpark. In the beautiful nature\u00a0at\u00a0Skutberget\u00a0you can\u00a0take a\u00a0walk or\u00a0go on a\u00a0hike\u00a0along the trails. You can&#8230;<\/p>\n","protected":false},"author":6,"featured_media":1177,"parent":545,"menu_order":4,"comment_status":"closed","ping_status":"closed","template":"templates\/empty.php","meta":{"_acf_changed":false,"inline_featured_image":false,"footnotes":""},"class_list":["post-601","page","type-page","status-publish","has-post-thumbnail"],"acf":[],"yoast_head":"<!-- This site is optimized with the Yoast SEO plugin v26.1.1 - https:\/\/yoast.com\/wordpress\/plugins\/seo\/ -->\n<title>Andra aktiviteter i Karlstad f\u00f6r barn och vuxna!<\/title>\n<meta name=\"description\" content=\"V\u00e4lkommen till H\u00f6gt&amp;L\u00e5gt kl\u00e4tterpark i Karlstad. Boka tid f\u00f6r hela familjen, klassen eller f\u00f6retaget och ha kul p\u00e5 X kvm och Y hinder och utmaningar.\" \/>\n<meta name=\"robots\" content=\"index, follow, max-snippet:-1, max-image-preview:large, max-video-preview:-1\" \/>\n<link rel=\"canonical\" href=\"https:\/\/hogtlagt.se\/karlstad\/en\/the-climbing-park\/other-activities\/\" \/>\n<meta property=\"og:locale\" content=\"sv_SE\" \/>\n<meta property=\"og:type\" content=\"article\" \/>\n<meta property=\"og:title\" content=\"Andra aktiviteter i Karlstad f\u00f6r barn och vuxna!\" \/>\n<meta property=\"og:description\" content=\"V\u00e4lkommen till H\u00f6gt&amp;L\u00e5gt kl\u00e4tterpark i Karlstad. Boka tid f\u00f6r hela familjen, klassen eller f\u00f6retaget och ha kul p\u00e5 X kvm och Y hinder och utmaningar.\" \/>\n<meta property=\"og:url\" content=\"https:\/\/hogtlagt.se\/karlstad\/en\/the-climbing-park\/other-activities\/\" \/>\n<meta property=\"og:site_name\" content=\"H\u00f6gt &amp; L\u00e5gt Karlstad\" \/>\n<meta property=\"article:modified_time\" content=\"2023-12-28T09:45:49+00:00\" \/>\n<meta property=\"og:image\" content=\"https:\/\/hogtlagt.se\/karlstad\/wp-content\/uploads\/sites\/4\/2023\/10\/Andra-aktiviteter-1-scaled.jpg\" \/>\n\t<meta property=\"og:image:width\" content=\"2560\" \/>\n\t<meta property=\"og:image:height\" content=\"1707\" \/>\n\t<meta property=\"og:image:type\" content=\"image\/jpeg\" \/>\n<meta name=\"twitter:card\" content=\"summary_large_image\" \/>\n<meta name=\"twitter:label1\" content=\"Ber\u00e4knad l\u00e4stid\" \/>\n\t<meta name=\"twitter:data1\" content=\"2 minuter\" \/>\n<script type=\"application\/ld+json\" class=\"yoast-schema-graph\">{\"@context\":\"https:\/\/schema.org\",\"@graph\":[{\"@type\":\"WebPage\",\"@id\":\"https:\/\/hogtlagt.se\/karlstad\/en\/the-climbing-park\/other-activities\/\",\"url\":\"https:\/\/hogtlagt.se\/karlstad\/en\/the-climbing-park\/other-activities\/\",\"name\":\"Andra aktiviteter i Karlstad f\u00f6r barn och vuxna!\",\"isPartOf\":{\"@id\":\"https:\/\/hogtlagt.se\/karlstad\/#website\"},\"primaryImageOfPage\":{\"@id\":\"https:\/\/hogtlagt.se\/karlstad\/en\/the-climbing-park\/other-activities\/#primaryimage\"},\"image\":{\"@id\":\"https:\/\/hogtlagt.se\/karlstad\/en\/the-climbing-park\/other-activities\/#primaryimage\"},\"thumbnailUrl\":\"https:\/\/hogtlagt.se\/karlstad\/wp-content\/uploads\/sites\/4\/2023\/10\/Andra-aktiviteter-1-scaled.jpg\",\"datePublished\":\"2021-12-09T13:51:45+00:00\",\"dateModified\":\"2023-12-28T09:45:49+00:00\",\"description\":\"V\u00e4lkommen till H\u00f6gt&L\u00e5gt kl\u00e4tterpark i Karlstad. Boka tid f\u00f6r hela familjen, klassen eller f\u00f6retaget och ha kul p\u00e5 X kvm och Y hinder och utmaningar.\",\"breadcrumb\":{\"@id\":\"https:\/\/hogtlagt.se\/karlstad\/en\/the-climbing-park\/other-activities\/#breadcrumb\"},\"inLanguage\":\"sv-SE\",\"potentialAction\":[{\"@type\":\"ReadAction\",\"target\":[\"https:\/\/hogtlagt.se\/karlstad\/en\/the-climbing-park\/other-activities\/\"]}]},{\"@type\":\"ImageObject\",\"inLanguage\":\"sv-SE\",\"@id\":\"https:\/\/hogtlagt.se\/karlstad\/en\/the-climbing-park\/other-activities\/#primaryimage\",\"url\":\"https:\/\/hogtlagt.se\/karlstad\/wp-content\/uploads\/sites\/4\/2023\/10\/Andra-aktiviteter-1-scaled.jpg\",\"contentUrl\":\"https:\/\/hogtlagt.se\/karlstad\/wp-content\/uploads\/sites\/4\/2023\/10\/Andra-aktiviteter-1-scaled.jpg\",\"width\":2560,\"height\":1707,\"caption\":\"Glad familj som pratar om hur det var att kl\u00e4ttra i h\u00f6gh\u00f6jdsbanorna\"},{\"@type\":\"BreadcrumbList\",\"@id\":\"https:\/\/hogtlagt.se\/karlstad\/en\/the-climbing-park\/other-activities\/#breadcrumb\",\"itemListElement\":[{\"@type\":\"ListItem\",\"position\":1,\"name\":\"Hem\",\"item\":\"https:\/\/hogtlagt.se\/karlstad\/\"},{\"@type\":\"ListItem\",\"position\":2,\"name\":\"The Climbing park\",\"item\":\"https:\/\/hogtlagt.se\/karlstad\/en\/the-climbing-park\/\"},{\"@type\":\"ListItem\",\"position\":3,\"name\":\"Other Activities\"}]},{\"@type\":\"WebSite\",\"@id\":\"https:\/\/hogtlagt.se\/karlstad\/#website\",\"url\":\"https:\/\/hogtlagt.se\/karlstad\/\",\"name\":\"H\u00f6gt &amp; L\u00e5gt Karlstad\",\"description\":\"\",\"potentialAction\":[{\"@type\":\"SearchAction\",\"target\":{\"@type\":\"EntryPoint\",\"urlTemplate\":\"https:\/\/hogtlagt.se\/karlstad\/?s={search_term_string}\"},\"query-input\":{\"@type\":\"PropertyValueSpecification\",\"valueRequired\":true,\"valueName\":\"search_term_string\"}}],\"inLanguage\":\"sv-SE\"}]}<\/script>\n<!-- \/ Yoast SEO plugin. -->","yoast_head_json":{"title":"Andra aktiviteter i Karlstad f\u00f6r barn och vuxna!","description":"V\u00e4lkommen till H\u00f6gt&L\u00e5gt kl\u00e4tterpark i Karlstad. Boka tid f\u00f6r hela familjen, klassen eller f\u00f6retaget och ha kul p\u00e5 X kvm och Y hinder och utmaningar.","robots":{"index":"index","follow":"follow","max-snippet":"max-snippet:-1","max-image-preview":"max-image-preview:large","max-video-preview":"max-video-preview:-1"},"canonical":"https:\/\/hogtlagt.se\/karlstad\/en\/the-climbing-park\/other-activities\/","og_locale":"sv_SE","og_type":"article","og_title":"Andra aktiviteter i Karlstad f\u00f6r barn och vuxna!","og_description":"V\u00e4lkommen till H\u00f6gt&L\u00e5gt kl\u00e4tterpark i Karlstad. Boka tid f\u00f6r hela familjen, klassen eller f\u00f6retaget och ha kul p\u00e5 X kvm och Y hinder och utmaningar.","og_url":"https:\/\/hogtlagt.se\/karlstad\/en\/the-climbing-park\/other-activities\/","og_site_name":"H\u00f6gt &amp; L\u00e5gt Karlstad","article_modified_time":"2023-12-28T09:45:49+00:00","og_image":[{"width":2560,"height":1707,"url":"https:\/\/hogtlagt.se\/karlstad\/wp-content\/uploads\/sites\/4\/2023\/10\/Andra-aktiviteter-1-scaled.jpg","type":"image\/jpeg"}],"twitter_card":"summary_large_image","twitter_misc":{"Ber\u00e4knad l\u00e4stid":"2 minuter"},"schema":{"@context":"https:\/\/schema.org","@graph":[{"@type":"WebPage","@id":"https:\/\/hogtlagt.se\/karlstad\/en\/the-climbing-park\/other-activities\/","url":"https:\/\/hogtlagt.se\/karlstad\/en\/the-climbing-park\/other-activities\/","name":"Andra aktiviteter i Karlstad f\u00f6r barn och vuxna!","isPartOf":{"@id":"https:\/\/hogtlagt.se\/karlstad\/#website"},"primaryImageOfPage":{"@id":"https:\/\/hogtlagt.se\/karlstad\/en\/the-climbing-park\/other-activities\/#primaryimage"},"image":{"@id":"https:\/\/hogtlagt.se\/karlstad\/en\/the-climbing-park\/other-activities\/#primaryimage"},"thumbnailUrl":"https:\/\/hogtlagt.se\/karlstad\/wp-content\/uploads\/sites\/4\/2023\/10\/Andra-aktiviteter-1-scaled.jpg","datePublished":"2021-12-09T13:51:45+00:00","dateModified":"2023-12-28T09:45:49+00:00","description":"V\u00e4lkommen till H\u00f6gt&L\u00e5gt kl\u00e4tterpark i Karlstad. Boka tid f\u00f6r hela familjen, klassen eller f\u00f6retaget och ha kul p\u00e5 X kvm och Y hinder och utmaningar.","breadcrumb":{"@id":"https:\/\/hogtlagt.se\/karlstad\/en\/the-climbing-park\/other-activities\/#breadcrumb"},"inLanguage":"sv-SE","potentialAction":[{"@type":"ReadAction","target":["https:\/\/hogtlagt.se\/karlstad\/en\/the-climbing-park\/other-activities\/"]}]},{"@type":"ImageObject","inLanguage":"sv-SE","@id":"https:\/\/hogtlagt.se\/karlstad\/en\/the-climbing-park\/other-activities\/#primaryimage","url":"https:\/\/hogtlagt.se\/karlstad\/wp-content\/uploads\/sites\/4\/2023\/10\/Andra-aktiviteter-1-scaled.jpg","contentUrl":"https:\/\/hogtlagt.se\/karlstad\/wp-content\/uploads\/sites\/4\/2023\/10\/Andra-aktiviteter-1-scaled.jpg","width":2560,"height":1707,"caption":"Glad familj som pratar om hur det var att kl\u00e4ttra i h\u00f6gh\u00f6jdsbanorna"},{"@type":"BreadcrumbList","@id":"https:\/\/hogtlagt.se\/karlstad\/en\/the-climbing-park\/other-activities\/#breadcrumb","itemListElement":[{"@type":"ListItem","position":1,"name":"Hem","item":"https:\/\/hogtlagt.se\/karlstad\/"},{"@type":"ListItem","position":2,"name":"The Climbing park","item":"https:\/\/hogtlagt.se\/karlstad\/en\/the-climbing-park\/"},{"@type":"ListItem","position":3,"name":"Other Activities"}]},{"@type":"WebSite","@id":"https:\/\/hogtlagt.se\/karlstad\/#website","url":"https:\/\/hogtlagt.se\/karlstad\/","name":"H\u00f6gt &amp; L\u00e5gt Karlstad","description":"","potentialAction":[{"@type":"SearchAction","target":{"@type":"EntryPoint","urlTemplate":"https:\/\/hogtlagt.se\/karlstad\/?s={search_term_string}"},"query-input":{"@type":"PropertyValueSpecification","valueRequired":true,"valueName":"search_term_string"}}],"inLanguage":"sv-SE"}]}},"_links":{"self":[{"href":"https:\/\/hogtlagt.se\/karlstad\/wp-json\/wp\/v2\/pages\/601","targetHints":{"allow":["GET"]}}],"collection":[{"href":"https:\/\/hogtlagt.se\/karlstad\/wp-json\/wp\/v2\/pages"}],"about":[{"href":"https:\/\/hogtlagt.se\/karlstad\/wp-json\/wp\/v2\/types\/page"}],"author":[{"embeddable":true,"href":"https:\/\/hogtlagt.se\/karlstad\/wp-json\/wp\/v2\/users\/6"}],"replies":[{"embeddable":true,"href":"https:\/\/hogtlagt.se\/karlstad\/wp-json\/wp\/v2\/comments?post=601"}],"version-history":[{"count":4,"href":"https:\/\/hogtlagt.se\/karlstad\/wp-json\/wp\/v2\/pages\/601\/revisions"}],"predecessor-version":[{"id":1337,"href":"https:\/\/hogtlagt.se\/karlstad\/wp-json\/wp\/v2\/pages\/601\/revisions\/1337"}],"up":[{"embeddable":true,"href":"https:\/\/hogtlagt.se\/karlstad\/wp-json\/wp\/v2\/pages\/545"}],"wp:featuredmedia":[{"embeddable":true,"href":"https:\/\/hogtlagt.se\/karlstad\/wp-json\/wp\/v2\/media\/1177"}],"wp:attachment":[{"href":"https:\/\/hogtlagt.se\/karlstad\/wp-json\/wp\/v2\/media?parent=601"}],"curies":[{"name":"wp","href":"https:\/\/api.w.org\/{rel}","templated":true}]}}