{"id":579,"date":"2021-12-09T12:05:32","date_gmt":"2021-12-09T11:05:32","guid":{"rendered":"https:\/\/hogtlagt.se\/karlstad\/?page_id=579"},"modified":"2025-01-08T14:34:42","modified_gmt":"2025-01-08T13:34:42","slug":"prices-at-climbingpark-karlstad","status":"publish","type":"page","link":"https:\/\/hogtlagt.se\/karlstad\/en\/before-your-visit\/prices-at-climbingpark-karlstad\/","title":{"rendered":"Prices at Climbingpark Karlstad"},"content":{"rendered":"\n<div class=\"wp-block-cover alignfull\" style=\"min-height:600px;aspect-ratio:unset;\"><span aria-hidden=\"true\" class=\"wp-block-cover__background has-background-dim-30 has-background-dim\"><\/span><img loading=\"lazy\" decoding=\"async\" width=\"2560\" height=\"1707\" class=\"wp-block-cover__image-background wp-image-1192\" alt=\"\" src=\"https:\/\/hogtlagt.se\/karlstad\/wp-content\/uploads\/sites\/4\/2023\/10\/Priser-1-scaled.jpg\" data-object-fit=\"cover\" srcset=\"https:\/\/hogtlagt.se\/karlstad\/wp-content\/uploads\/sites\/4\/2023\/10\/Priser-1-scaled.jpg 2560w, https:\/\/hogtlagt.se\/karlstad\/wp-content\/uploads\/sites\/4\/2023\/10\/Priser-1-300x200.jpg 300w, https:\/\/hogtlagt.se\/karlstad\/wp-content\/uploads\/sites\/4\/2023\/10\/Priser-1-1024x683.jpg 1024w, https:\/\/hogtlagt.se\/karlstad\/wp-content\/uploads\/sites\/4\/2023\/10\/Priser-1-768x512.jpg 768w, https:\/\/hogtlagt.se\/karlstad\/wp-content\/uploads\/sites\/4\/2023\/10\/Priser-1-1536x1024.jpg 1536w, https:\/\/hogtlagt.se\/karlstad\/wp-content\/uploads\/sites\/4\/2023\/10\/Priser-1-2048x1365.jpg 2048w\" sizes=\"auto, (max-width: 2560px) 100vw, 2560px\" \/><div class=\"wp-block-cover__inner-container has-global-padding is-layout-constrained wp-block-cover-is-layout-constrained\">\n<h2 class=\"wp-block-heading has-text-align-center\" style=\"font-size:55px\">Prices<\/h2>\n<\/div><\/div>\n\n\n\n<div style=\"height:100px\" aria-hidden=\"true\" class=\"wp-block-spacer\"><\/div>\n\n\n\n<h2 class=\"wp-block-heading\">Prices at the park<\/h2>\n\n\n\n<div class=\"wp-block-columns is-layout-flex wp-container-core-columns-is-layout-28f84493 wp-block-columns-is-layout-flex\">\n<div class=\"wp-block-column is-layout-flow wp-block-column-is-layout-flow\">\n<p><strong>The tickets give you three hours at the park. Your climbing time starts with a mandatory safety briefing and training course, and after that you are free to climb as much as you want in as many courses as you want for the reminder of your three hours, as long as you follow each course height- and age requirement.<\/strong><\/p>\n<\/div>\n\n\n\n<div class=\"wp-block-column is-layout-flow wp-block-column-is-layout-flow\"><\/div>\n<\/div>\n\n\n\n<div style=\"height:29px\" aria-hidden=\"true\" class=\"wp-block-spacer\"><\/div>\n\n\n\n<div class=\"wp-block-columns is-layout-flex wp-container-core-columns-is-layout-28f84493 wp-block-columns-is-layout-flex\">\n<div class=\"wp-block-column is-layout-flow wp-block-column-is-layout-flow\">\n<h3 class=\"wp-block-heading\">Spring and fall prices, w 18-24 + 33-39<\/h3>\n\n\n\n<figure class=\"wp-block-table is-style-stripes\"><table><tbody><tr><td>Climber age 2-5 (min 80 cm)<\/td><td>115 kr<\/td><\/tr><tr><td>Climber age 6-9<\/td><td>260 kr<\/td><\/tr><tr><td>Climber age 10-64 (max 120 kg)<\/td><td>310 kr<\/td><\/tr><tr><td>Climber age 65+ (max 120 kg)<\/td><td>290 kr<\/td><\/tr><\/tbody><\/table><\/figure>\n<\/div>\n\n\n\n<div class=\"wp-block-column is-layout-flow wp-block-column-is-layout-flow\">\n<h3 class=\"wp-block-heading\">Summer prices, w 25-32<\/h3>\n\n\n\n<figure class=\"wp-block-table is-style-stripes\"><table><tbody><tr><td>Climber age 2-5 (min 80 cm)<\/td><td>125 kr<\/td><\/tr><tr><td>Climber age 6-9<\/td><td>290 kr<\/td><\/tr><tr><td>Climber age 10-64 (max 120 kg)<\/td><td>350 kr<\/td><\/tr><tr><td>Climber age 65+ (max 120 kg)<\/td><td>290 kr<\/td><\/tr><\/tbody><\/table><\/figure>\n<\/div>\n<\/div>\n\n\n\n<div style=\"height:50px\" aria-hidden=\"true\" class=\"wp-block-spacer\"><\/div>\n\n\n\n<h3 class=\"wp-block-heading\">Season pass 2024<\/h3>\n\n\n\n<div class=\"wp-block-columns is-layout-flex wp-container-core-columns-is-layout-28f84493 wp-block-columns-is-layout-flex\">\n<div class=\"wp-block-column is-layout-flow wp-block-column-is-layout-flow\">\n<p><strong>Our season pass is valid from the day you buy it until the end of the season. You can climb as much as you want during the entire season<\/strong>.<strong>&nbsp;If you buy a season pass for your child, you as a parent are able to buy one for yourself (Parent with kids) at a discount price. You can choose between a season pass which is valid in the park you buy it in, or one that is valid i all our parks.<\/strong><\/p>\n<\/div>\n\n\n\n<div class=\"wp-block-column is-layout-flow wp-block-column-is-layout-flow\">\n<figure class=\"wp-block-image aligncenter size-full is-resized\"><img loading=\"lazy\" decoding=\"async\" width=\"597\" height=\"483\" src=\"https:\/\/hogtlagt.se\/karlstad\/wp-content\/uploads\/sites\/4\/2024\/02\/Sa\u0308song-lokal.png\" alt=\"\" class=\"wp-image-1387\" style=\"width:272px;height:auto\" srcset=\"https:\/\/hogtlagt.se\/karlstad\/wp-content\/uploads\/sites\/4\/2024\/02\/Sa\u0308song-lokal.png 597w, https:\/\/hogtlagt.se\/karlstad\/wp-content\/uploads\/sites\/4\/2024\/02\/Sa\u0308song-lokal-300x243.png 300w\" sizes=\"auto, (max-width: 597px) 100vw, 597px\" \/><\/figure>\n<\/div>\n<\/div>\n\n\n\n<div class=\"wp-block-columns is-layout-flex wp-container-core-columns-is-layout-28f84493 wp-block-columns-is-layout-flex\">\n<div class=\"wp-block-column is-layout-flow wp-block-column-is-layout-flow\">\n<h3 class=\"wp-block-heading\">Season pass Karlstad <\/h3>\n\n\n\n<figure class=\"wp-block-table is-style-stripes\"><table><tbody><tr><td>Season pass Karlstad 2024<\/td><td>1195 kr<\/td><\/tr><tr><td>Season pass Karlstad Parent with kids 2024<\/td><td>795 kr<\/td><\/tr><\/tbody><\/table><\/figure>\n<\/div>\n\n\n\n<div class=\"wp-block-column is-layout-flow wp-block-column-is-layout-flow\">\n<h3 class=\"wp-block-heading\">Season pass all parks<\/h3>\n\n\n\n<figure class=\"wp-block-table is-style-stripes\"><table><tbody><tr><td>Season pass all parks 2024<\/td><td>1395 kr<\/td><\/tr><tr><td>Season pass all parks Parent with kids 2024<\/td><td>995 kr<\/td><\/tr><\/tbody><\/table><\/figure>\n<\/div>\n<\/div>\n\n\n\n<div style=\"height:100px\" aria-hidden=\"true\" class=\"wp-block-spacer\"><\/div>\n\n\n\n<h2 class=\"wp-block-heading\">Groups<\/h2>\n\n\n\n<p>If you are a large group of more than 20 climbers, you get a discount on your tickets. For discount and help with the booking, please email us at&nbsp;<a href=\"mailto:karlstad@hogtlagt.se\">karlstad@hogtlagt.se<\/a>.<\/p>\n\n\n\n<p>We also welcome corporate groups, school classes and different interest associations during our entire season, w 20-39. If you want to come outside of our regular opening hours, special prices and terms of condition will apply. You can read more about our offers for different groups&nbsp;<a href=\"https:\/\/hogtlagt.se\/karlstad\/en\/climbing-park-for-groups-corporate-events-in-karlstad\/\">here<\/a>, and you can email us at <a href=\"mailto:karlstad@hogtlagt.se\">karlstad@hogtlagt.se<\/a>&nbsp;for terms and prices.<\/p>\n\n\n\n<div style=\"height:100px\" aria-hidden=\"true\" class=\"wp-block-spacer\"><\/div>\n\n\n\n<div class=\"wp-block-cover alignfull\" style=\"min-height:376px;aspect-ratio:unset;\"><span aria-hidden=\"true\" class=\"wp-block-cover__background has-background-dim\"><\/span><img loading=\"lazy\" decoding=\"async\" width=\"2048\" height=\"1365\" class=\"wp-block-cover__image-background wp-image-1278\" alt=\"\" src=\"https:\/\/hogtlagt.se\/karlstad\/wp-content\/uploads\/sites\/4\/2023\/12\/Hogt-Lagt-WEBB-1235.jpg\" style=\"object-position:50% 66%\" data-object-fit=\"cover\" data-object-position=\"50% 66%\" srcset=\"https:\/\/hogtlagt.se\/karlstad\/wp-content\/uploads\/sites\/4\/2023\/12\/Hogt-Lagt-WEBB-1235.jpg 2048w, https:\/\/hogtlagt.se\/karlstad\/wp-content\/uploads\/sites\/4\/2023\/12\/Hogt-Lagt-WEBB-1235-300x200.jpg 300w, https:\/\/hogtlagt.se\/karlstad\/wp-content\/uploads\/sites\/4\/2023\/12\/Hogt-Lagt-WEBB-1235-1024x683.jpg 1024w, https:\/\/hogtlagt.se\/karlstad\/wp-content\/uploads\/sites\/4\/2023\/12\/Hogt-Lagt-WEBB-1235-768x512.jpg 768w, https:\/\/hogtlagt.se\/karlstad\/wp-content\/uploads\/sites\/4\/2023\/12\/Hogt-Lagt-WEBB-1235-1536x1024.jpg 1536w\" sizes=\"auto, (max-width: 2048px) 100vw, 2048px\" \/><div class=\"wp-block-cover__inner-container has-global-padding is-layout-constrained wp-block-cover-is-layout-constrained\">\n<p class=\"has-text-align-center\" style=\"font-size:25px\">Everything we do stems from our fundamental values&nbsp;<em>Thorough, Safe, Innovative, Including<\/em>&nbsp;and&nbsp;<em>Challenging<\/em>. We are passionate, we work hard, we care about the experience of each single visitor, we take part in the development of this industry and we have SO much fun along the way!<\/p>\n<\/div><\/div>\n","protected":false},"excerpt":{"rendered":"<p>Prices at the park The tickets give you three hours at the park. Your climbing time starts with a mandatory safety briefing and training course, and after that you are&#8230;<\/p>\n","protected":false},"author":6,"featured_media":1192,"parent":541,"menu_order":5,"comment_status":"closed","ping_status":"closed","template":"templates\/empty.php","meta":{"_acf_changed":false,"inline_featured_image":false,"footnotes":""},"class_list":["post-579","page","type-page","status-publish","has-post-thumbnail"],"acf":[],"yoast_head":"<!-- This site is optimized with the Yoast SEO plugin v26.1.1 - https:\/\/yoast.com\/wordpress\/plugins\/seo\/ -->\n<title>V\u00e5ra priser - H\u00f6gt&amp;L\u00e5gt Kl\u00e4tterpark &amp;Lekpark<\/title>\n<meta name=\"description\" content=\"H\u00e4r hittar du v\u00e5ra priser f\u00f6r H\u00f6gt&amp;L\u00e5gt. Boka tid i valfri ort f\u00f6r hela familjen, klassen eller f\u00f6retaget.\" \/>\n<meta name=\"robots\" content=\"index, follow, max-snippet:-1, max-image-preview:large, max-video-preview:-1\" \/>\n<link rel=\"canonical\" href=\"https:\/\/hogtlagt.se\/karlstad\/en\/before-your-visit\/prices-at-climbingpark-karlstad\/\" \/>\n<meta property=\"og:locale\" content=\"sv_SE\" \/>\n<meta property=\"og:type\" content=\"article\" \/>\n<meta property=\"og:title\" content=\"V\u00e5ra priser - H\u00f6gt&amp;L\u00e5gt Kl\u00e4tterpark &amp;Lekpark\" \/>\n<meta property=\"og:description\" content=\"H\u00e4r hittar du v\u00e5ra priser f\u00f6r H\u00f6gt&amp;L\u00e5gt. Boka tid i valfri ort f\u00f6r hela familjen, klassen eller f\u00f6retaget.\" \/>\n<meta property=\"og:url\" content=\"https:\/\/hogtlagt.se\/karlstad\/en\/before-your-visit\/prices-at-climbingpark-karlstad\/\" \/>\n<meta property=\"og:site_name\" content=\"H\u00f6gt &amp; L\u00e5gt Karlstad\" \/>\n<meta property=\"article:modified_time\" content=\"2025-01-08T13:34:42+00:00\" \/>\n<meta property=\"og:image\" content=\"https:\/\/hogtlagt.se\/karlstad\/wp-content\/uploads\/sites\/4\/2023\/10\/Priser-1-scaled.jpg\" \/>\n\t<meta property=\"og:image:width\" content=\"2560\" \/>\n\t<meta property=\"og:image:height\" content=\"1707\" \/>\n\t<meta property=\"og:image:type\" content=\"image\/jpeg\" \/>\n<meta name=\"twitter:card\" content=\"summary_large_image\" \/>\n<meta name=\"twitter:label1\" content=\"Ber\u00e4knad l\u00e4stid\" \/>\n\t<meta name=\"twitter:data1\" content=\"3 minuter\" \/>\n<script type=\"application\/ld+json\" class=\"yoast-schema-graph\">{\"@context\":\"https:\/\/schema.org\",\"@graph\":[{\"@type\":\"WebPage\",\"@id\":\"https:\/\/hogtlagt.se\/karlstad\/en\/before-your-visit\/prices-at-climbingpark-karlstad\/\",\"url\":\"https:\/\/hogtlagt.se\/karlstad\/en\/before-your-visit\/prices-at-climbingpark-karlstad\/\",\"name\":\"V\u00e5ra priser - H\u00f6gt&L\u00e5gt Kl\u00e4tterpark &Lekpark\",\"isPartOf\":{\"@id\":\"https:\/\/hogtlagt.se\/karlstad\/#website\"},\"primaryImageOfPage\":{\"@id\":\"https:\/\/hogtlagt.se\/karlstad\/en\/before-your-visit\/prices-at-climbingpark-karlstad\/#primaryimage\"},\"image\":{\"@id\":\"https:\/\/hogtlagt.se\/karlstad\/en\/before-your-visit\/prices-at-climbingpark-karlstad\/#primaryimage\"},\"thumbnailUrl\":\"https:\/\/hogtlagt.se\/karlstad\/wp-content\/uploads\/sites\/4\/2023\/10\/Priser-1-scaled.jpg\",\"datePublished\":\"2021-12-09T11:05:32+00:00\",\"dateModified\":\"2025-01-08T13:34:42+00:00\",\"description\":\"H\u00e4r hittar du v\u00e5ra priser f\u00f6r H\u00f6gt&L\u00e5gt. Boka tid i valfri ort f\u00f6r hela familjen, klassen eller f\u00f6retaget.\",\"breadcrumb\":{\"@id\":\"https:\/\/hogtlagt.se\/karlstad\/en\/before-your-visit\/prices-at-climbingpark-karlstad\/#breadcrumb\"},\"inLanguage\":\"sv-SE\",\"potentialAction\":[{\"@type\":\"ReadAction\",\"target\":[\"https:\/\/hogtlagt.se\/karlstad\/en\/before-your-visit\/prices-at-climbingpark-karlstad\/\"]}]},{\"@type\":\"ImageObject\",\"inLanguage\":\"sv-SE\",\"@id\":\"https:\/\/hogtlagt.se\/karlstad\/en\/before-your-visit\/prices-at-climbingpark-karlstad\/#primaryimage\",\"url\":\"https:\/\/hogtlagt.se\/karlstad\/wp-content\/uploads\/sites\/4\/2023\/10\/Priser-1-scaled.jpg\",\"contentUrl\":\"https:\/\/hogtlagt.se\/karlstad\/wp-content\/uploads\/sites\/4\/2023\/10\/Priser-1-scaled.jpg\",\"width\":2560,\"height\":1707,\"caption\":\"Instrukt\u00f6r l\u00e4gger ut en sele p\u00e5 marken inf\u00f6r att g\u00e4sterna ska komma f\u00f6r att kl\u00e4ttra\"},{\"@type\":\"BreadcrumbList\",\"@id\":\"https:\/\/hogtlagt.se\/karlstad\/en\/before-your-visit\/prices-at-climbingpark-karlstad\/#breadcrumb\",\"itemListElement\":[{\"@type\":\"ListItem\",\"position\":1,\"name\":\"Hem\",\"item\":\"https:\/\/hogtlagt.se\/karlstad\/\"},{\"@type\":\"ListItem\",\"position\":2,\"name\":\"Before your visit\",\"item\":\"https:\/\/hogtlagt.se\/karlstad\/en\/before-your-visit\/\"},{\"@type\":\"ListItem\",\"position\":3,\"name\":\"Prices at Climbingpark Karlstad\"}]},{\"@type\":\"WebSite\",\"@id\":\"https:\/\/hogtlagt.se\/karlstad\/#website\",\"url\":\"https:\/\/hogtlagt.se\/karlstad\/\",\"name\":\"H\u00f6gt &amp; L\u00e5gt Karlstad\",\"description\":\"\",\"potentialAction\":[{\"@type\":\"SearchAction\",\"target\":{\"@type\":\"EntryPoint\",\"urlTemplate\":\"https:\/\/hogtlagt.se\/karlstad\/?s={search_term_string}\"},\"query-input\":{\"@type\":\"PropertyValueSpecification\",\"valueRequired\":true,\"valueName\":\"search_term_string\"}}],\"inLanguage\":\"sv-SE\"}]}<\/script>\n<!-- \/ Yoast SEO plugin. -->","yoast_head_json":{"title":"V\u00e5ra priser - H\u00f6gt&L\u00e5gt Kl\u00e4tterpark &Lekpark","description":"H\u00e4r hittar du v\u00e5ra priser f\u00f6r H\u00f6gt&L\u00e5gt. Boka tid i valfri ort f\u00f6r hela familjen, klassen eller f\u00f6retaget.","robots":{"index":"index","follow":"follow","max-snippet":"max-snippet:-1","max-image-preview":"max-image-preview:large","max-video-preview":"max-video-preview:-1"},"canonical":"https:\/\/hogtlagt.se\/karlstad\/en\/before-your-visit\/prices-at-climbingpark-karlstad\/","og_locale":"sv_SE","og_type":"article","og_title":"V\u00e5ra priser - H\u00f6gt&L\u00e5gt Kl\u00e4tterpark &Lekpark","og_description":"H\u00e4r hittar du v\u00e5ra priser f\u00f6r H\u00f6gt&L\u00e5gt. Boka tid i valfri ort f\u00f6r hela familjen, klassen eller f\u00f6retaget.","og_url":"https:\/\/hogtlagt.se\/karlstad\/en\/before-your-visit\/prices-at-climbingpark-karlstad\/","og_site_name":"H\u00f6gt &amp; L\u00e5gt Karlstad","article_modified_time":"2025-01-08T13:34:42+00:00","og_image":[{"width":2560,"height":1707,"url":"https:\/\/hogtlagt.se\/karlstad\/wp-content\/uploads\/sites\/4\/2023\/10\/Priser-1-scaled.jpg","type":"image\/jpeg"}],"twitter_card":"summary_large_image","twitter_misc":{"Ber\u00e4knad l\u00e4stid":"3 minuter"},"schema":{"@context":"https:\/\/schema.org","@graph":[{"@type":"WebPage","@id":"https:\/\/hogtlagt.se\/karlstad\/en\/before-your-visit\/prices-at-climbingpark-karlstad\/","url":"https:\/\/hogtlagt.se\/karlstad\/en\/before-your-visit\/prices-at-climbingpark-karlstad\/","name":"V\u00e5ra priser - H\u00f6gt&L\u00e5gt Kl\u00e4tterpark &Lekpark","isPartOf":{"@id":"https:\/\/hogtlagt.se\/karlstad\/#website"},"primaryImageOfPage":{"@id":"https:\/\/hogtlagt.se\/karlstad\/en\/before-your-visit\/prices-at-climbingpark-karlstad\/#primaryimage"},"image":{"@id":"https:\/\/hogtlagt.se\/karlstad\/en\/before-your-visit\/prices-at-climbingpark-karlstad\/#primaryimage"},"thumbnailUrl":"https:\/\/hogtlagt.se\/karlstad\/wp-content\/uploads\/sites\/4\/2023\/10\/Priser-1-scaled.jpg","datePublished":"2021-12-09T11:05:32+00:00","dateModified":"2025-01-08T13:34:42+00:00","description":"H\u00e4r hittar du v\u00e5ra priser f\u00f6r H\u00f6gt&L\u00e5gt. Boka tid i valfri ort f\u00f6r hela familjen, klassen eller f\u00f6retaget.","breadcrumb":{"@id":"https:\/\/hogtlagt.se\/karlstad\/en\/before-your-visit\/prices-at-climbingpark-karlstad\/#breadcrumb"},"inLanguage":"sv-SE","potentialAction":[{"@type":"ReadAction","target":["https:\/\/hogtlagt.se\/karlstad\/en\/before-your-visit\/prices-at-climbingpark-karlstad\/"]}]},{"@type":"ImageObject","inLanguage":"sv-SE","@id":"https:\/\/hogtlagt.se\/karlstad\/en\/before-your-visit\/prices-at-climbingpark-karlstad\/#primaryimage","url":"https:\/\/hogtlagt.se\/karlstad\/wp-content\/uploads\/sites\/4\/2023\/10\/Priser-1-scaled.jpg","contentUrl":"https:\/\/hogtlagt.se\/karlstad\/wp-content\/uploads\/sites\/4\/2023\/10\/Priser-1-scaled.jpg","width":2560,"height":1707,"caption":"Instrukt\u00f6r l\u00e4gger ut en sele p\u00e5 marken inf\u00f6r att g\u00e4sterna ska komma f\u00f6r att kl\u00e4ttra"},{"@type":"BreadcrumbList","@id":"https:\/\/hogtlagt.se\/karlstad\/en\/before-your-visit\/prices-at-climbingpark-karlstad\/#breadcrumb","itemListElement":[{"@type":"ListItem","position":1,"name":"Hem","item":"https:\/\/hogtlagt.se\/karlstad\/"},{"@type":"ListItem","position":2,"name":"Before your visit","item":"https:\/\/hogtlagt.se\/karlstad\/en\/before-your-visit\/"},{"@type":"ListItem","position":3,"name":"Prices at Climbingpark Karlstad"}]},{"@type":"WebSite","@id":"https:\/\/hogtlagt.se\/karlstad\/#website","url":"https:\/\/hogtlagt.se\/karlstad\/","name":"H\u00f6gt &amp; L\u00e5gt Karlstad","description":"","potentialAction":[{"@type":"SearchAction","target":{"@type":"EntryPoint","urlTemplate":"https:\/\/hogtlagt.se\/karlstad\/?s={search_term_string}"},"query-input":{"@type":"PropertyValueSpecification","valueRequired":true,"valueName":"search_term_string"}}],"inLanguage":"sv-SE"}]}},"_links":{"self":[{"href":"https:\/\/hogtlagt.se\/karlstad\/wp-json\/wp\/v2\/pages\/579","targetHints":{"allow":["GET"]}}],"collection":[{"href":"https:\/\/hogtlagt.se\/karlstad\/wp-json\/wp\/v2\/pages"}],"about":[{"href":"https:\/\/hogtlagt.se\/karlstad\/wp-json\/wp\/v2\/types\/page"}],"author":[{"embeddable":true,"href":"https:\/\/hogtlagt.se\/karlstad\/wp-json\/wp\/v2\/users\/6"}],"replies":[{"embeddable":true,"href":"https:\/\/hogtlagt.se\/karlstad\/wp-json\/wp\/v2\/comments?post=579"}],"version-history":[{"count":8,"href":"https:\/\/hogtlagt.se\/karlstad\/wp-json\/wp\/v2\/pages\/579\/revisions"}],"predecessor-version":[{"id":1531,"href":"https:\/\/hogtlagt.se\/karlstad\/wp-json\/wp\/v2\/pages\/579\/revisions\/1531"}],"up":[{"embeddable":true,"href":"https:\/\/hogtlagt.se\/karlstad\/wp-json\/wp\/v2\/pages\/541"}],"wp:featuredmedia":[{"embeddable":true,"href":"https:\/\/hogtlagt.se\/karlstad\/wp-json\/wp\/v2\/media\/1192"}],"wp:attachment":[{"href":"https:\/\/hogtlagt.se\/karlstad\/wp-json\/wp\/v2\/media?parent=579"}],"curies":[{"name":"wp","href":"https:\/\/api.w.org\/{rel}","templated":true}]}}