{"id":561,"date":"2021-12-09T10:49:17","date_gmt":"2021-12-09T09:49:17","guid":{"rendered":"https:\/\/hogtlagt.se\/karlstad\/?page_id=561"},"modified":"2024-02-15T13:20:48","modified_gmt":"2024-02-15T12:20:48","slug":"practical-info","status":"publish","type":"page","link":"https:\/\/hogtlagt.se\/karlstad\/en\/before-your-visit\/practical-info\/","title":{"rendered":"Practical info"},"content":{"rendered":"\n<div class=\"wp-block-cover alignfull\" style=\"min-height:600px;aspect-ratio:unset;\"><span aria-hidden=\"true\" class=\"wp-block-cover__background has-background-dim-20 has-background-dim\"><\/span><img loading=\"lazy\" decoding=\"async\" width=\"2560\" height=\"1707\" class=\"wp-block-cover__image-background wp-image-1179\" alt=\"\" src=\"https:\/\/hogtlagt.se\/karlstad\/wp-content\/uploads\/sites\/4\/2023\/10\/Praktisk-info-info\u0308r-beso\u0308ket-1-scaled.jpg\" data-object-fit=\"cover\" srcset=\"https:\/\/hogtlagt.se\/karlstad\/wp-content\/uploads\/sites\/4\/2023\/10\/Praktisk-info-info\u0308r-beso\u0308ket-1-scaled.jpg 2560w, https:\/\/hogtlagt.se\/karlstad\/wp-content\/uploads\/sites\/4\/2023\/10\/Praktisk-info-info\u0308r-beso\u0308ket-1-300x200.jpg 300w, https:\/\/hogtlagt.se\/karlstad\/wp-content\/uploads\/sites\/4\/2023\/10\/Praktisk-info-info\u0308r-beso\u0308ket-1-1024x683.jpg 1024w, https:\/\/hogtlagt.se\/karlstad\/wp-content\/uploads\/sites\/4\/2023\/10\/Praktisk-info-info\u0308r-beso\u0308ket-1-768x512.jpg 768w, https:\/\/hogtlagt.se\/karlstad\/wp-content\/uploads\/sites\/4\/2023\/10\/Praktisk-info-info\u0308r-beso\u0308ket-1-1536x1024.jpg 1536w, https:\/\/hogtlagt.se\/karlstad\/wp-content\/uploads\/sites\/4\/2023\/10\/Praktisk-info-info\u0308r-beso\u0308ket-1-2048x1365.jpg 2048w\" sizes=\"auto, (max-width: 2560px) 100vw, 2560px\" \/><div class=\"wp-block-cover__inner-container has-global-padding is-layout-constrained wp-block-cover-is-layout-constrained\">\n<h2 class=\"wp-block-heading has-text-align-center\" style=\"font-size:55px\">Practical information<\/h2>\n<\/div><\/div>\n\n\n\n<div style=\"height:100px\" aria-hidden=\"true\" class=\"wp-block-spacer\"><\/div>\n\n\n\n<div class=\"wp-block-columns is-layout-flex wp-container-core-columns-is-layout-28f84493 wp-block-columns-is-layout-flex\">\n<div class=\"wp-block-column is-layout-flow wp-block-column-is-layout-flow\">\n<p><strong>Here are some useful and practical information before your visit to the park. If you come ready for an adventure \u2013 we will take care of the rest. You are very welcome!<\/strong><\/p>\n<\/div>\n\n\n\n<div class=\"wp-block-column is-layout-flow wp-block-column-is-layout-flow\">\n<figure class=\"wp-block-image aligncenter size-large is-resized\"><img loading=\"lazy\" decoding=\"async\" width=\"201\" height=\"271\" src=\"https:\/\/hogtlagt.se\/karlstad\/wp-content\/uploads\/sites\/4\/2023\/12\/Group-576-2.svg\" alt=\"\" class=\"wp-image-1276\" style=\"width:162px;height:auto\"\/><\/figure>\n<\/div>\n<\/div>\n\n\n\n<h2 class=\"wp-block-heading\">Practical information:<\/h2>\n\n\n\n    <div class=\"icon-list\">\n\n            \n        <div class=\"icon-list-item\">\n            <div class=\"il-img\">\n                <img decoding=\"async\" src=\"https:\/\/hogtlagt.se\/karlstad\/wp-content\/uploads\/sites\/4\/2020\/03\/HL-ikon-8.svg\" class=\"attachment-icon size-icon\" alt=\"\" \/>            <\/div>\n            <div class=\"icon-list-content\">\n                <h3>Minimum hight and age requirements\u00a0\u00a0<\/h3>\n                <p><span data-contrast=\"none\">The courses are divided into degrees of difficulty by colour. The grading starts with orange which is the easiest, then green, blue and finally red which is the hardest. There are minimum hight and age requirements in order to climb the courses, but following these, you are allowed to climb as many courses as many times as you want for three hours.<\/span><span data-ccp-props=\"{\">\u00a0<\/span><\/p>\n<p>&nbsp;<\/p>\n<p><span data-contrast=\"none\">The minimum hight and age requirements are:<\/span><span data-ccp-props=\"{\">\u00a0<\/span><\/p>\n<p><span data-contrast=\"none\"><strong>Orange:<\/strong> 80 cm (adults can accompany from the ground without buying a ticket for themselves)<\/span><span data-ccp-props=\"{\">\u00a0<\/span><\/p>\n<p><span data-contrast=\"none\"><strong>Green:<\/strong>\u00a0 110 cm (children under 6 years old must be accompanied by an adult in the course)<\/span><span data-ccp-props=\"{\">\u00a0<\/span><\/p>\n<p><span data-contrast=\"none\"><strong>Blue:<\/strong> 140 cm (children under 10 years old must be accompanied by an adult in the course)<\/span><span data-ccp-props=\"{\">\u00a0<\/span><\/p>\n<p><span data-contrast=\"none\"><strong>Red:<\/strong> 150 cm (children under 10 years old must be accompanied by an adult in the course)<\/span><span data-ccp-props=\"{\">\u00a0<\/span><\/p>\n<p>&nbsp;<\/p>\n<p>As well as hight requirement, children under the age of 6 must also have the company of a climbing adult when climbing the green courses. Children under the age of 10 must have the company of a climbing adult in the blue and red courses.<\/p>\n            <\/div>\n        <\/div>\n\n                    <hr>\n                    \n        <div class=\"icon-list-item\">\n            <div class=\"il-img\">\n                <img decoding=\"async\" src=\"https:\/\/hogtlagt.se\/karlstad\/wp-content\/uploads\/sites\/4\/2020\/03\/HL-ikon-7.svg\" class=\"attachment-icon size-icon\" alt=\"\" \/>            <\/div>\n            <div class=\"icon-list-content\">\n                <h3>Terms of participation <\/h3>\n                <p>For everyone climbing in the park, the following terms of participation must be followed:<\/p>\n<p>-Maximum weight 120 kg.<\/p>\n<p>-Climbing is not allowed when pregnant.<\/p>\n<p>-Climbing is not allowed of you are intoxicated by alcohol or drugs.<\/p>\n<p><span data-contrast=\"none\">-Before climbing in the park, everyone must participate in the mandatory safety briefing led by an instructor.<\/span><\/p>\n<p><span data-contrast=\"none\">-When climbing, the rules of the park must be followed (we will go through the rules during the safety briefing).\u00a0<\/span><\/p>\n            <\/div>\n        <\/div>\n\n                    <hr>\n                    \n        <div class=\"icon-list-item\">\n            <div class=\"il-img\">\n                <img decoding=\"async\" src=\"https:\/\/hogtlagt.se\/karlstad\/wp-content\/uploads\/sites\/4\/2020\/03\/HL-ikon-6.svg\" class=\"attachment-icon size-icon\" alt=\"\" \/>            <\/div>\n            <div class=\"icon-list-content\">\n                <h3>Buy your ticket <\/h3>\n                <p><span class=\"NormalTextRun BCX0 SCXW208386301\">You can buy your tickets <a href=\"https:\/\/hogtlagt.se\/karlstad\/en\/tickets\/\">here<\/a><\/span><span class=\"NormalTextRun BCX0 SCXW208386301\">, and we recommend you buy them in advance. It is also possible to buy tickets at the park (drop-in tickets). However, the number of drop-in tickets is very limited and during high-season the park is often fully booked and drop-in tickets may not be available.\u00a0\u00a0\u00a0<\/span><\/p>\n            <\/div>\n        <\/div>\n\n                    <hr>\n                    \n        <div class=\"icon-list-item\">\n            <div class=\"il-img\">\n                <img decoding=\"async\" src=\"https:\/\/hogtlagt.se\/karlstad\/wp-content\/uploads\/sites\/4\/2020\/03\/HL-ikon-5.svg\" class=\"attachment-icon size-icon\" alt=\"\" \/>            <\/div>\n            <div class=\"icon-list-content\">\n                <h3>Safety briefing and training course<\/h3>\n                <p><span data-contrast=\"none\">Everybody climbing in the park needs to participate in a safety briefing held by an instructor at the park. After the safety briefing everyone needs to climb through the training course under the supervision of an instructor.<\/span><span data-ccp-props=\"{\">\u00a0<\/span><\/p>\n<p>&nbsp;<\/p>\n<p><span data-contrast=\"none\">Your safety briefing will be held at the starting-time of your three hour climbing session and is included in your climbing time. If you <strong>arrive at the park 10-15 minutes before your starting time<\/strong> you can to get your equipment (harness and helmet) on and you are then ready when it is time to start.\u00a0<\/span><\/p>\n<p>&nbsp;<\/p>\n<p><span style=\"font-weight: 400;\">.<\/span><\/p>\n            <\/div>\n        <\/div>\n\n                    <hr>\n                    \n        <div class=\"icon-list-item\">\n            <div class=\"il-img\">\n                <img decoding=\"async\" src=\"https:\/\/hogtlagt.se\/karlstad\/wp-content\/uploads\/sites\/4\/2020\/03\/HL-ikon-4.svg\" class=\"attachment-icon size-icon\" alt=\"\" \/>            <\/div>\n            <div class=\"icon-list-content\">\n                <h3>Weather and clothes <\/h3>\n                <p><span data-contrast=\"none\">The park is open regardless of the weather. There is no problem climbing in the rain, the most important thing is that you have the right clothes on so you do not freeze or get wet. The park might be temporarily closed down if there is risk of thunder or extreme wind. If this happens, the instructors in the park will help everybody get down on the ground safely, and if\/when the thunder or wind has passed, they will let you continue your climbing. Temporary closing of the park does not entitle any ticket refunds.\u00a0<\/span><span data-ccp-props=\"{\">\u00a0<\/span><\/p>\n<p>&nbsp;<\/p>\n<p><span data-contrast=\"none\">We recommend to dress based on the weather forecast. Wear protective clothes when there is a risk of rain, it is easier to take clothes off and it is much more fun if you don\u00b4t freeze. We also recommend good shoes that sit well on your feet such as running- or exercise shoes or general outdoor shoes.<\/span><\/p>\n            <\/div>\n        <\/div>\n\n                    <hr>\n                    \n        <div class=\"icon-list-item\">\n            <div class=\"il-img\">\n                <img decoding=\"async\" src=\"https:\/\/hogtlagt.se\/karlstad\/wp-content\/uploads\/sites\/4\/2020\/03\/HL-ikon-11.svg\" class=\"attachment-icon size-icon\" alt=\"\" \/>            <\/div>\n            <div class=\"icon-list-content\">\n                <h3>Parking<\/h3>\n                <p><span class=\"TextRun SCXW212554661 BCX0\" lang=\"EN-GB\" xml:lang=\"EN-GB\" data-contrast=\"none\"><span class=\"NormalTextRun SCXW212554661 BCX0\">We have a small parking lot right next to the park, it can take around 40 cars. If this is full, you can drop off the family and<\/span><span class=\"NormalTextRun SCXW212554661 BCX0\">\u00a0then park around 300 metres away, at the large parking\u00a0<\/span><span class=\"NormalTextRun SCXW212554661 BCX0\">area<\/span><span class=\"NormalTextRun SCXW212554661 BCX0\">\u00a0down by the beach.<\/span><span class=\"NormalTextRun SCXW212554661 BCX0\">\u00a0<\/span><\/span><span class=\"EOP SCXW212554661 BCX0\" data-ccp-props=\"{&quot;201341983&quot;:0,&quot;335559739&quot;:160,&quot;335559740&quot;:259}\">\u00a0<\/span><\/p>\n            <\/div>\n        <\/div>\n\n                    <hr>\n                    \n        <div class=\"icon-list-item\">\n            <div class=\"il-img\">\n                <img decoding=\"async\" src=\"https:\/\/hogtlagt.se\/karlstad\/wp-content\/uploads\/sites\/4\/2020\/03\/HL-ikon-8.svg\" class=\"attachment-icon size-icon\" alt=\"\" \/>            <\/div>\n            <div class=\"icon-list-content\">\n                <h3>Toilets<\/h3>\n                <p><span class=\"TextRun SCXW173441277 BCX0\" lang=\"EN-GB\" xml:lang=\"EN-GB\" data-contrast=\"none\"><span class=\"NormalTextRun SCXW173441277 BCX0\">Right next to our park there are toilets available to our guests f<\/span><span class=\"NormalTextRun SCXW173441277 BCX0\">ree of charge<\/span><span class=\"NormalTextRun SCXW173441277 BCX0\">.<\/span><\/span><span class=\"EOP SCXW173441277 BCX0\" data-ccp-props=\"{\">\u00a0<\/span><\/p>\n            <\/div>\n        <\/div>\n\n                    <hr>\n                    \n        <div class=\"icon-list-item\">\n            <div class=\"il-img\">\n                <img decoding=\"async\" src=\"https:\/\/hogtlagt.se\/karlstad\/wp-content\/uploads\/sites\/4\/2020\/03\/HL-ikon-3.svg\" class=\"attachment-icon size-icon\" alt=\"\" \/>            <\/div>\n            <div class=\"icon-list-content\">\n                <h3>Food and drinks <\/h3>\n                <p><strong>Tables\u00a0and\u00a0barbeque\u00a0area\u00a0<\/strong><\/p>\n<p><span data-contrast=\"none\">We have a barbeque area right in the middle of our park. The barbeque is free to use, and we also provide equipment such as wood\/brackets and lighting equipment, you just have to bring the food to prepare. There is also plenty of seating areas where you can enjoy your food and drinks.<\/span><span data-ccp-props=\"{&quot;201341983&quot;:0,&quot;335559739&quot;:160,&quot;335559740&quot;:259}\">\u00a0<\/span><\/p>\n<p>&nbsp;<\/p>\n<p><strong>Kiosk\u00a0<\/strong><\/p>\n<p><span data-contrast=\"none\">We have a small selection of beverage and snacks at our park. We sell cool drinks, nuts, energy-bars and of course ice-cream.<\/span><span data-ccp-props=\"{&quot;201341983&quot;:0,&quot;335559739&quot;:160,&quot;335559740&quot;:259}\">\u00a0<\/span><\/p>\n<p>&nbsp;<\/p>\n<p><strong>Food\u00a0<\/strong><\/p>\n<p><span data-contrast=\"none\">If you want something more you can head down to the restaurant at the camping site First Camp, located about 400 metres south of our park. They offer a wider range of snacks and food. Check out their opening hours and menu at <a href=\"https:\/\/firstcamp.se\/destination\/skutberget-karlstad\/butik-och-restaurang\/\" target=\"_blank\" rel=\"noopener\">firstcamp<\/a>.\u00a0<\/span><\/p>\n<p><span data-ccp-props=\"{&quot;201341983&quot;:0,&quot;335559739&quot;:160,&quot;335559740&quot;:259}\">\u00a0<\/span><\/p>\n            <\/div>\n        <\/div>\n\n                    <hr>\n            \n    <\/div>\n\n    \n\n\n<div style=\"height:26px\" aria-hidden=\"true\" class=\"wp-block-spacer\"><\/div>\n\n\n\n<div style=\"height:62px\" aria-hidden=\"true\" class=\"wp-block-spacer\"><\/div>\n\n\n\n<figure class=\"wp-block-image aligncenter size-large\"><img loading=\"lazy\" decoding=\"async\" width=\"1024\" height=\"683\" src=\"https:\/\/hogtlagt.se\/karlstad\/wp-content\/uploads\/sites\/4\/2020\/06\/Hogt-Lagt-WEBB-84788-1024x683.jpg\" alt=\"\" class=\"wp-image-270\" srcset=\"https:\/\/hogtlagt.se\/karlstad\/wp-content\/uploads\/sites\/4\/2020\/06\/Hogt-Lagt-WEBB-84788-1024x683.jpg 1024w, https:\/\/hogtlagt.se\/karlstad\/wp-content\/uploads\/sites\/4\/2020\/06\/Hogt-Lagt-WEBB-84788-300x200.jpg 300w, https:\/\/hogtlagt.se\/karlstad\/wp-content\/uploads\/sites\/4\/2020\/06\/Hogt-Lagt-WEBB-84788-768x512.jpg 768w, https:\/\/hogtlagt.se\/karlstad\/wp-content\/uploads\/sites\/4\/2020\/06\/Hogt-Lagt-WEBB-84788-1536x1024.jpg 1536w, https:\/\/hogtlagt.se\/karlstad\/wp-content\/uploads\/sites\/4\/2020\/06\/Hogt-Lagt-WEBB-84788.jpg 2048w\" sizes=\"auto, (max-width: 1024px) 100vw, 1024px\" \/><\/figure>\n\n\n\n<div style=\"height:100px\" aria-hidden=\"true\" class=\"wp-block-spacer\"><\/div>\n\n\n\n<div class=\"wp-block-cover alignfull\" style=\"min-height:376px;aspect-ratio:unset;\"><span aria-hidden=\"true\" class=\"wp-block-cover__background has-background-dim\"><\/span><img loading=\"lazy\" decoding=\"async\" width=\"2048\" height=\"1365\" class=\"wp-block-cover__image-background wp-image-1278\" alt=\"\" src=\"https:\/\/hogtlagt.se\/karlstad\/wp-content\/uploads\/sites\/4\/2023\/12\/Hogt-Lagt-WEBB-1235.jpg\" style=\"object-position:50% 66%\" data-object-fit=\"cover\" data-object-position=\"50% 66%\" srcset=\"https:\/\/hogtlagt.se\/karlstad\/wp-content\/uploads\/sites\/4\/2023\/12\/Hogt-Lagt-WEBB-1235.jpg 2048w, https:\/\/hogtlagt.se\/karlstad\/wp-content\/uploads\/sites\/4\/2023\/12\/Hogt-Lagt-WEBB-1235-300x200.jpg 300w, https:\/\/hogtlagt.se\/karlstad\/wp-content\/uploads\/sites\/4\/2023\/12\/Hogt-Lagt-WEBB-1235-1024x683.jpg 1024w, https:\/\/hogtlagt.se\/karlstad\/wp-content\/uploads\/sites\/4\/2023\/12\/Hogt-Lagt-WEBB-1235-768x512.jpg 768w, https:\/\/hogtlagt.se\/karlstad\/wp-content\/uploads\/sites\/4\/2023\/12\/Hogt-Lagt-WEBB-1235-1536x1024.jpg 1536w\" sizes=\"auto, (max-width: 2048px) 100vw, 2048px\" \/><div class=\"wp-block-cover__inner-container has-global-padding is-layout-constrained wp-block-cover-is-layout-constrained\">\n<p class=\"has-text-align-center\" style=\"font-size:25px\">Everything we do stems from our fundamental values&nbsp;<em>Thorough, Safe, Innovative, Including<\/em>&nbsp;and&nbsp;<em>Challenging<\/em>. We are passionate, we work hard, we care about the experience of each single visitor, we take part in the development of this industry and we have SO much fun along the way!<\/p>\n<\/div><\/div>\n","protected":false},"excerpt":{"rendered":"<p>Here are some useful and practical information before your visit to the park. If you come ready for an adventure \u2013 we will take care of the rest. You are&#8230;<\/p>\n","protected":false},"author":6,"featured_media":1179,"parent":541,"menu_order":1,"comment_status":"closed","ping_status":"closed","template":"templates\/empty.php","meta":{"_acf_changed":false,"inline_featured_image":false,"footnotes":""},"class_list":["post-561","page","type-page","status-publish","has-post-thumbnail"],"acf":[],"yoast_head":"<!-- This site is optimized with the Yoast SEO plugin v26.1.1 - https:\/\/yoast.com\/wordpress\/plugins\/seo\/ -->\n<title>Praktisk information inf\u00f6r bes\u00f6k hos H\u00f6gt&amp;L\u00e5gt i Karlstad<\/title>\n<meta name=\"description\" content=\"Praktisk information - H\u00f6gt&amp;L\u00e5gt kl\u00e4tterpark i Karlstad. Boka tid f\u00f6r hela familjen, klassen eller f\u00f6retaget och ha kul p\u00e5 12 zipline, 72 hinder och 7 banor.\" \/>\n<meta name=\"robots\" content=\"index, follow, max-snippet:-1, max-image-preview:large, max-video-preview:-1\" \/>\n<link rel=\"canonical\" href=\"https:\/\/hogtlagt.se\/karlstad\/en\/before-your-visit\/practical-info\/\" \/>\n<meta property=\"og:locale\" content=\"sv_SE\" \/>\n<meta property=\"og:type\" content=\"article\" \/>\n<meta property=\"og:title\" content=\"Praktisk information inf\u00f6r bes\u00f6k hos H\u00f6gt&amp;L\u00e5gt i Karlstad\" \/>\n<meta property=\"og:description\" content=\"Praktisk information - H\u00f6gt&amp;L\u00e5gt kl\u00e4tterpark i Karlstad. Boka tid f\u00f6r hela familjen, klassen eller f\u00f6retaget och ha kul p\u00e5 12 zipline, 72 hinder och 7 banor.\" \/>\n<meta property=\"og:url\" content=\"https:\/\/hogtlagt.se\/karlstad\/en\/before-your-visit\/practical-info\/\" \/>\n<meta property=\"og:site_name\" content=\"H\u00f6gt &amp; L\u00e5gt Karlstad\" \/>\n<meta property=\"article:modified_time\" content=\"2024-02-15T12:20:48+00:00\" \/>\n<meta property=\"og:image\" content=\"https:\/\/hogtlagt.se\/karlstad\/wp-content\/uploads\/sites\/4\/2023\/10\/Praktisk-info-info\u0308r-beso\u0308ket-1-scaled.jpg\" \/>\n\t<meta property=\"og:image:width\" content=\"2560\" \/>\n\t<meta property=\"og:image:height\" content=\"1707\" \/>\n\t<meta property=\"og:image:type\" content=\"image\/jpeg\" \/>\n<meta name=\"twitter:card\" content=\"summary_large_image\" \/>\n<meta name=\"twitter:label1\" content=\"Ber\u00e4knad l\u00e4stid\" \/>\n\t<meta name=\"twitter:data1\" content=\"2 minuter\" \/>\n<script type=\"application\/ld+json\" class=\"yoast-schema-graph\">{\"@context\":\"https:\/\/schema.org\",\"@graph\":[{\"@type\":\"WebPage\",\"@id\":\"https:\/\/hogtlagt.se\/karlstad\/en\/before-your-visit\/practical-info\/\",\"url\":\"https:\/\/hogtlagt.se\/karlstad\/en\/before-your-visit\/practical-info\/\",\"name\":\"Praktisk information inf\u00f6r bes\u00f6k hos H\u00f6gt&L\u00e5gt i Karlstad\",\"isPartOf\":{\"@id\":\"https:\/\/hogtlagt.se\/karlstad\/#website\"},\"primaryImageOfPage\":{\"@id\":\"https:\/\/hogtlagt.se\/karlstad\/en\/before-your-visit\/practical-info\/#primaryimage\"},\"image\":{\"@id\":\"https:\/\/hogtlagt.se\/karlstad\/en\/before-your-visit\/practical-info\/#primaryimage\"},\"thumbnailUrl\":\"https:\/\/hogtlagt.se\/karlstad\/wp-content\/uploads\/sites\/4\/2023\/10\/Praktisk-info-info\u0308r-beso\u0308ket-1-scaled.jpg\",\"datePublished\":\"2021-12-09T09:49:17+00:00\",\"dateModified\":\"2024-02-15T12:20:48+00:00\",\"description\":\"Praktisk information - H\u00f6gt&L\u00e5gt kl\u00e4tterpark i Karlstad. Boka tid f\u00f6r hela familjen, klassen eller f\u00f6retaget och ha kul p\u00e5 12 zipline, 72 hinder och 7 banor.\",\"breadcrumb\":{\"@id\":\"https:\/\/hogtlagt.se\/karlstad\/en\/before-your-visit\/practical-info\/#breadcrumb\"},\"inLanguage\":\"sv-SE\",\"potentialAction\":[{\"@type\":\"ReadAction\",\"target\":[\"https:\/\/hogtlagt.se\/karlstad\/en\/before-your-visit\/practical-info\/\"]}]},{\"@type\":\"ImageObject\",\"inLanguage\":\"sv-SE\",\"@id\":\"https:\/\/hogtlagt.se\/karlstad\/en\/before-your-visit\/practical-info\/#primaryimage\",\"url\":\"https:\/\/hogtlagt.se\/karlstad\/wp-content\/uploads\/sites\/4\/2023\/10\/Praktisk-info-info\u0308r-beso\u0308ket-1-scaled.jpg\",\"contentUrl\":\"https:\/\/hogtlagt.se\/karlstad\/wp-content\/uploads\/sites\/4\/2023\/10\/Praktisk-info-info\u0308r-beso\u0308ket-1-scaled.jpg\",\"width\":2560,\"height\":1707,\"caption\":\"Pappa hj\u00e4lper barnen att f\u00e5 p\u00e5 sig utrustningen p\u00e5 r\u00e4tt s\u00e4tt inf\u00f6r kl\u00e4ttringen\"},{\"@type\":\"BreadcrumbList\",\"@id\":\"https:\/\/hogtlagt.se\/karlstad\/en\/before-your-visit\/practical-info\/#breadcrumb\",\"itemListElement\":[{\"@type\":\"ListItem\",\"position\":1,\"name\":\"Hem\",\"item\":\"https:\/\/hogtlagt.se\/karlstad\/\"},{\"@type\":\"ListItem\",\"position\":2,\"name\":\"Before your visit\",\"item\":\"https:\/\/hogtlagt.se\/karlstad\/en\/before-your-visit\/\"},{\"@type\":\"ListItem\",\"position\":3,\"name\":\"Practical info\"}]},{\"@type\":\"WebSite\",\"@id\":\"https:\/\/hogtlagt.se\/karlstad\/#website\",\"url\":\"https:\/\/hogtlagt.se\/karlstad\/\",\"name\":\"H\u00f6gt &amp; L\u00e5gt Karlstad\",\"description\":\"\",\"potentialAction\":[{\"@type\":\"SearchAction\",\"target\":{\"@type\":\"EntryPoint\",\"urlTemplate\":\"https:\/\/hogtlagt.se\/karlstad\/?s={search_term_string}\"},\"query-input\":{\"@type\":\"PropertyValueSpecification\",\"valueRequired\":true,\"valueName\":\"search_term_string\"}}],\"inLanguage\":\"sv-SE\"}]}<\/script>\n<!-- \/ Yoast SEO plugin. -->","yoast_head_json":{"title":"Praktisk information inf\u00f6r bes\u00f6k hos H\u00f6gt&L\u00e5gt i Karlstad","description":"Praktisk information - H\u00f6gt&L\u00e5gt kl\u00e4tterpark i Karlstad. Boka tid f\u00f6r hela familjen, klassen eller f\u00f6retaget och ha kul p\u00e5 12 zipline, 72 hinder och 7 banor.","robots":{"index":"index","follow":"follow","max-snippet":"max-snippet:-1","max-image-preview":"max-image-preview:large","max-video-preview":"max-video-preview:-1"},"canonical":"https:\/\/hogtlagt.se\/karlstad\/en\/before-your-visit\/practical-info\/","og_locale":"sv_SE","og_type":"article","og_title":"Praktisk information inf\u00f6r bes\u00f6k hos H\u00f6gt&L\u00e5gt i Karlstad","og_description":"Praktisk information - H\u00f6gt&L\u00e5gt kl\u00e4tterpark i Karlstad. Boka tid f\u00f6r hela familjen, klassen eller f\u00f6retaget och ha kul p\u00e5 12 zipline, 72 hinder och 7 banor.","og_url":"https:\/\/hogtlagt.se\/karlstad\/en\/before-your-visit\/practical-info\/","og_site_name":"H\u00f6gt &amp; L\u00e5gt Karlstad","article_modified_time":"2024-02-15T12:20:48+00:00","og_image":[{"width":2560,"height":1707,"url":"https:\/\/hogtlagt.se\/karlstad\/wp-content\/uploads\/sites\/4\/2023\/10\/Praktisk-info-info\u0308r-beso\u0308ket-1-scaled.jpg","type":"image\/jpeg"}],"twitter_card":"summary_large_image","twitter_misc":{"Ber\u00e4knad l\u00e4stid":"2 minuter"},"schema":{"@context":"https:\/\/schema.org","@graph":[{"@type":"WebPage","@id":"https:\/\/hogtlagt.se\/karlstad\/en\/before-your-visit\/practical-info\/","url":"https:\/\/hogtlagt.se\/karlstad\/en\/before-your-visit\/practical-info\/","name":"Praktisk information inf\u00f6r bes\u00f6k hos H\u00f6gt&L\u00e5gt i Karlstad","isPartOf":{"@id":"https:\/\/hogtlagt.se\/karlstad\/#website"},"primaryImageOfPage":{"@id":"https:\/\/hogtlagt.se\/karlstad\/en\/before-your-visit\/practical-info\/#primaryimage"},"image":{"@id":"https:\/\/hogtlagt.se\/karlstad\/en\/before-your-visit\/practical-info\/#primaryimage"},"thumbnailUrl":"https:\/\/hogtlagt.se\/karlstad\/wp-content\/uploads\/sites\/4\/2023\/10\/Praktisk-info-info\u0308r-beso\u0308ket-1-scaled.jpg","datePublished":"2021-12-09T09:49:17+00:00","dateModified":"2024-02-15T12:20:48+00:00","description":"Praktisk information - H\u00f6gt&L\u00e5gt kl\u00e4tterpark i Karlstad. Boka tid f\u00f6r hela familjen, klassen eller f\u00f6retaget och ha kul p\u00e5 12 zipline, 72 hinder och 7 banor.","breadcrumb":{"@id":"https:\/\/hogtlagt.se\/karlstad\/en\/before-your-visit\/practical-info\/#breadcrumb"},"inLanguage":"sv-SE","potentialAction":[{"@type":"ReadAction","target":["https:\/\/hogtlagt.se\/karlstad\/en\/before-your-visit\/practical-info\/"]}]},{"@type":"ImageObject","inLanguage":"sv-SE","@id":"https:\/\/hogtlagt.se\/karlstad\/en\/before-your-visit\/practical-info\/#primaryimage","url":"https:\/\/hogtlagt.se\/karlstad\/wp-content\/uploads\/sites\/4\/2023\/10\/Praktisk-info-info\u0308r-beso\u0308ket-1-scaled.jpg","contentUrl":"https:\/\/hogtlagt.se\/karlstad\/wp-content\/uploads\/sites\/4\/2023\/10\/Praktisk-info-info\u0308r-beso\u0308ket-1-scaled.jpg","width":2560,"height":1707,"caption":"Pappa hj\u00e4lper barnen att f\u00e5 p\u00e5 sig utrustningen p\u00e5 r\u00e4tt s\u00e4tt inf\u00f6r kl\u00e4ttringen"},{"@type":"BreadcrumbList","@id":"https:\/\/hogtlagt.se\/karlstad\/en\/before-your-visit\/practical-info\/#breadcrumb","itemListElement":[{"@type":"ListItem","position":1,"name":"Hem","item":"https:\/\/hogtlagt.se\/karlstad\/"},{"@type":"ListItem","position":2,"name":"Before your visit","item":"https:\/\/hogtlagt.se\/karlstad\/en\/before-your-visit\/"},{"@type":"ListItem","position":3,"name":"Practical info"}]},{"@type":"WebSite","@id":"https:\/\/hogtlagt.se\/karlstad\/#website","url":"https:\/\/hogtlagt.se\/karlstad\/","name":"H\u00f6gt &amp; L\u00e5gt Karlstad","description":"","potentialAction":[{"@type":"SearchAction","target":{"@type":"EntryPoint","urlTemplate":"https:\/\/hogtlagt.se\/karlstad\/?s={search_term_string}"},"query-input":{"@type":"PropertyValueSpecification","valueRequired":true,"valueName":"search_term_string"}}],"inLanguage":"sv-SE"}]}},"_links":{"self":[{"href":"https:\/\/hogtlagt.se\/karlstad\/wp-json\/wp\/v2\/pages\/561","targetHints":{"allow":["GET"]}}],"collection":[{"href":"https:\/\/hogtlagt.se\/karlstad\/wp-json\/wp\/v2\/pages"}],"about":[{"href":"https:\/\/hogtlagt.se\/karlstad\/wp-json\/wp\/v2\/types\/page"}],"author":[{"embeddable":true,"href":"https:\/\/hogtlagt.se\/karlstad\/wp-json\/wp\/v2\/users\/6"}],"replies":[{"embeddable":true,"href":"https:\/\/hogtlagt.se\/karlstad\/wp-json\/wp\/v2\/comments?post=561"}],"version-history":[{"count":9,"href":"https:\/\/hogtlagt.se\/karlstad\/wp-json\/wp\/v2\/pages\/561\/revisions"}],"predecessor-version":[{"id":1446,"href":"https:\/\/hogtlagt.se\/karlstad\/wp-json\/wp\/v2\/pages\/561\/revisions\/1446"}],"up":[{"embeddable":true,"href":"https:\/\/hogtlagt.se\/karlstad\/wp-json\/wp\/v2\/pages\/541"}],"wp:featuredmedia":[{"embeddable":true,"href":"https:\/\/hogtlagt.se\/karlstad\/wp-json\/wp\/v2\/media\/1179"}],"wp:attachment":[{"href":"https:\/\/hogtlagt.se\/karlstad\/wp-json\/wp\/v2\/media?parent=561"}],"curies":[{"name":"wp","href":"https:\/\/api.w.org\/{rel}","templated":true}]}}