{"id":517,"date":"2021-12-07T11:32:17","date_gmt":"2021-12-07T10:32:17","guid":{"rendered":"https:\/\/hogtlagt.se\/karlstad\/?page_id=517"},"modified":"2024-02-16T09:11:54","modified_gmt":"2024-02-16T08:11:54","slug":"tickets","status":"publish","type":"page","link":"https:\/\/hogtlagt.se\/karlstad\/en\/tickets\/","title":{"rendered":"Tickets"},"content":{"rendered":"\n<div style=\"height:44px\" aria-hidden=\"true\" class=\"wp-block-spacer\"><\/div>\n\n\n\n<h2 class=\"wp-block-heading\">How do climbing tickets work at H\u00f6gt &amp; L\u00e5gt?<\/h2>\n\n\n\n<div style=\"height:32px\" aria-hidden=\"true\" class=\"wp-block-spacer\"><\/div>\n\n\n\n<div class=\"wp-block-columns is-layout-flex wp-container-core-columns-is-layout-28f84493 wp-block-columns-is-layout-flex\">\n<div class=\"wp-block-column is-layout-flow wp-block-column-is-layout-flow\">\n<figure class=\"wp-block-image aligncenter size-large is-resized\"><img decoding=\"async\" src=\"https:\/\/hogtlagt.se\/rattvik\/wp-content\/uploads\/sites\/2\/2024\/01\/Group-1400.svg\" alt=\"\" style=\"width:130px\"\/><\/figure>\n\n\n\n<div style=\"height:38px\" aria-hidden=\"true\" class=\"wp-block-spacer\"><\/div>\n\n\n\n<p>Our climbing tickets gives you three hours at the park, and you are free to climb as much as you want as long as you follow the minimum height- and age requirement for each course.<\/p>\n<\/div>\n\n\n\n<div class=\"wp-block-column is-layout-flow wp-block-column-is-layout-flow\">\n<figure class=\"wp-block-image aligncenter size-large is-resized\"><img decoding=\"async\" src=\"https:\/\/hogtlagt.se\/wp-content\/uploads\/2021\/10\/Asset-2.svg\" alt=\"\" style=\"width:130px\"\/><\/figure>\n\n\n\n<p>In order to be guaranteed to climb, we recommend that you buy your tickets in advance for the day and time that you want to climb. Please arrive 10-15 minutes before your climbing time in order to collect your safety equipment. <\/p>\n<\/div>\n\n\n\n<div class=\"wp-block-column is-layout-flow wp-block-column-is-layout-flow\">\n<figure class=\"wp-block-image aligncenter size-large is-resized\"><img decoding=\"async\" src=\"https:\/\/hogtlagt.se\/wp-content\/uploads\/2021\/10\/Asset-3.svg\" alt=\"\" style=\"width:130px\"\/><\/figure>\n\n\n\n<p>Your climbing time starts with a mandatory safety briefing and training course. After having done those you are free to climb as much as you want in the park for the rest of your climbing time. <\/p>\n<\/div>\n\n\n\n<div class=\"wp-block-column is-layout-flow wp-block-column-is-layout-flow\">\n<figure class=\"wp-block-image aligncenter size-large is-resized\"><img decoding=\"async\" src=\"https:\/\/hogtlagt.se\/wp-content\/uploads\/2021\/10\/Asset-1.svg\" alt=\"\" style=\"width:130px\"\/><\/figure>\n\n\n\n<p>The following rules must be followed when climbing in the park:<br>-Maximum weight: 120 kg<br>-Not pregnant<br>-Not drunk or on drugs<br>-The rules of the park must be followed <\/p>\n<\/div>\n<\/div>\n\n\n\n<div style=\"height:52px\" aria-hidden=\"true\" class=\"wp-block-spacer\"><\/div>\n\n\n\n<div id=\"rounded-box-block_1f34294a7fcf4b909f836850fbcb0440\" class=\"rounded-box-block rounded-box has-background has-light-background-color\">\n    <div class=\"rounded-box__inner no-image\">\n        <div class=\"acf-innerblocks-container\">\n\n<h3 class=\"wp-block-heading\">Want to climb more?<\/h3>\n\n\n\n<p>With a season pass at H\u00f6gt &amp; L\u00e5gt you can climb as much as you want from the day you buy the pass and for the rest of the season. <\/p>\n\n\n\n<p>We have season passes that are valid at the park in which they are bought, as well as passes that are valid in our parks in Sundsvall, R\u00e4ttvik, G\u00e4vle, Karlstad, J\u00f6nk\u00f6ping and on Gotland. <\/p>\n\n\n\n<p>If you are are a parent and you want to climb together with your child\/children you are able to buy an ordinary season pass fpr your child and you can then buy the &#8221;parent with kids&#8221; season pass for yourself at a discounted price. You can then climb together for the rest of the summer!<\/p>\n\n\n\n<p class=\"has-black-color has-text-color has-link-color wp-elements-6a685ec89223ddba2b5c57e30666c8e3\">If you want to try climbing before you buy a season pass, you can buy an ordinary climbing ticket and try it. If you then want to buy a season pass we will of course give you a discount matching the amount of the climbing ticket. Please email us at <a href=\"mailto:karlstad@hogtlagt.se\">karlstad@hogtlagt.se<\/a> and we will help you.  <\/p>\n\n\n\n<div class=\"wp-block-columns is-layout-flex wp-container-core-columns-is-layout-28f84493 wp-block-columns-is-layout-flex\">\n<div class=\"wp-block-column is-layout-flow wp-block-column-is-layout-flow\">\n<figure class=\"wp-block-image aligncenter size-full is-resized\"><img loading=\"lazy\" decoding=\"async\" width=\"589\" height=\"586\" src=\"https:\/\/hogtlagt.se\/karlstad\/wp-content\/uploads\/sites\/4\/2024\/02\/Sa\u0308song-FF-lokal.png\" alt=\"\" class=\"wp-image-1458\" style=\"width:346px;height:auto\" srcset=\"https:\/\/hogtlagt.se\/karlstad\/wp-content\/uploads\/sites\/4\/2024\/02\/Sa\u0308song-FF-lokal.png 589w, https:\/\/hogtlagt.se\/karlstad\/wp-content\/uploads\/sites\/4\/2024\/02\/Sa\u0308song-FF-lokal-300x298.png 300w, https:\/\/hogtlagt.se\/karlstad\/wp-content\/uploads\/sites\/4\/2024\/02\/Sa\u0308song-FF-lokal-150x150.png 150w, https:\/\/hogtlagt.se\/karlstad\/wp-content\/uploads\/sites\/4\/2024\/02\/Sa\u0308song-FF-lokal-50x50.png 50w\" sizes=\"auto, (max-width: 589px) 100vw, 589px\" \/><\/figure>\n<\/div>\n\n\n\n<div class=\"wp-block-column is-layout-flow wp-block-column-is-layout-flow\">\n<figure class=\"wp-block-image size-full is-resized\"><img loading=\"lazy\" decoding=\"async\" width=\"664\" height=\"586\" src=\"https:\/\/hogtlagt.se\/karlstad\/wp-content\/uploads\/sites\/4\/2024\/02\/Sa\u0308song-alla.png\" alt=\"\" class=\"wp-image-1456\" style=\"width:405px;height:auto\" srcset=\"https:\/\/hogtlagt.se\/karlstad\/wp-content\/uploads\/sites\/4\/2024\/02\/Sa\u0308song-alla.png 664w, https:\/\/hogtlagt.se\/karlstad\/wp-content\/uploads\/sites\/4\/2024\/02\/Sa\u0308song-alla-300x265.png 300w\" sizes=\"auto, (max-width: 664px) 100vw, 664px\" \/><\/figure>\n<\/div>\n<\/div>\n\n<\/div>\n            <\/div>\n<\/div>\n\n\n\n<div style=\"height:100px\" aria-hidden=\"true\" class=\"wp-block-spacer\"><\/div>\n\n\n\n<div class=\"wp-block-cover alignfull\" style=\"min-height:376px;aspect-ratio:unset;\"><span aria-hidden=\"true\" class=\"wp-block-cover__background has-background-dim\"><\/span><img loading=\"lazy\" decoding=\"async\" width=\"2048\" height=\"1365\" class=\"wp-block-cover__image-background wp-image-1278\" alt=\"\" src=\"https:\/\/hogtlagt.se\/karlstad\/wp-content\/uploads\/sites\/4\/2023\/12\/Hogt-Lagt-WEBB-1235.jpg\" style=\"object-position:50% 66%\" data-object-fit=\"cover\" data-object-position=\"50% 66%\" srcset=\"https:\/\/hogtlagt.se\/karlstad\/wp-content\/uploads\/sites\/4\/2023\/12\/Hogt-Lagt-WEBB-1235.jpg 2048w, https:\/\/hogtlagt.se\/karlstad\/wp-content\/uploads\/sites\/4\/2023\/12\/Hogt-Lagt-WEBB-1235-300x200.jpg 300w, https:\/\/hogtlagt.se\/karlstad\/wp-content\/uploads\/sites\/4\/2023\/12\/Hogt-Lagt-WEBB-1235-1024x683.jpg 1024w, https:\/\/hogtlagt.se\/karlstad\/wp-content\/uploads\/sites\/4\/2023\/12\/Hogt-Lagt-WEBB-1235-768x512.jpg 768w, https:\/\/hogtlagt.se\/karlstad\/wp-content\/uploads\/sites\/4\/2023\/12\/Hogt-Lagt-WEBB-1235-1536x1024.jpg 1536w\" sizes=\"auto, (max-width: 2048px) 100vw, 2048px\" \/><div class=\"wp-block-cover__inner-container has-global-padding is-layout-constrained wp-block-cover-is-layout-constrained\">\n<p class=\"has-text-align-center\" style=\"font-size:25px\">Everything we do stems from our fundamental values&nbsp;<em>Thorough, Safe, Innovative, Including<\/em>&nbsp;and&nbsp;<em>Challenging<\/em>. We are passionate, we work hard, we care about the experience of each single visitor, we take part in the development of this industry and we have SO much fun along the way!<\/p>\n<\/div><\/div>\n","protected":false},"excerpt":{"rendered":"<p>How do climbing tickets work at H\u00f6gt &amp; L\u00e5gt? Our climbing tickets gives you three hours at the park, and you are free to climb as much as you want&#8230;<\/p>\n","protected":false},"author":6,"featured_media":0,"parent":0,"menu_order":0,"comment_status":"closed","ping_status":"closed","template":"templates\/giftcard.php","meta":{"_acf_changed":false,"inline_featured_image":false,"footnotes":""},"class_list":["post-517","page","type-page","status-publish"],"acf":[],"yoast_head":"<!-- This site is optimized with the Yoast SEO plugin v26.1.1 - https:\/\/yoast.com\/wordpress\/plugins\/seo\/ -->\n<title>Tickets - H\u00f6gt &amp; L\u00e5gt Karlstad<\/title>\n<meta name=\"robots\" content=\"index, follow, max-snippet:-1, max-image-preview:large, max-video-preview:-1\" \/>\n<link rel=\"canonical\" href=\"https:\/\/hogtlagt.se\/karlstad\/en\/tickets\/\" \/>\n<meta property=\"og:locale\" content=\"sv_SE\" \/>\n<meta property=\"og:type\" content=\"article\" \/>\n<meta property=\"og:title\" content=\"Tickets - H\u00f6gt &amp; L\u00e5gt Karlstad\" \/>\n<meta property=\"og:description\" content=\"How do climbing tickets work at H\u00f6gt &amp; L\u00e5gt? Our climbing tickets gives you three hours at the park, and you are free to climb as much as you want...\" \/>\n<meta property=\"og:url\" content=\"https:\/\/hogtlagt.se\/karlstad\/en\/tickets\/\" \/>\n<meta property=\"og:site_name\" content=\"H\u00f6gt &amp; L\u00e5gt Karlstad\" \/>\n<meta property=\"article:modified_time\" content=\"2024-02-16T08:11:54+00:00\" \/>\n<meta property=\"og:image\" content=\"https:\/\/hogtlagt.se\/rattvik\/wp-content\/uploads\/sites\/2\/2024\/01\/Group-1400.svg\" \/>\n<meta name=\"twitter:card\" content=\"summary_large_image\" \/>\n<meta name=\"twitter:label1\" content=\"Ber\u00e4knad l\u00e4stid\" \/>\n\t<meta name=\"twitter:data1\" content=\"4 minuter\" \/>\n<script type=\"application\/ld+json\" class=\"yoast-schema-graph\">{\"@context\":\"https:\/\/schema.org\",\"@graph\":[{\"@type\":\"WebPage\",\"@id\":\"https:\/\/hogtlagt.se\/karlstad\/en\/tickets\/\",\"url\":\"https:\/\/hogtlagt.se\/karlstad\/en\/tickets\/\",\"name\":\"Tickets - H\u00f6gt &amp; L\u00e5gt Karlstad\",\"isPartOf\":{\"@id\":\"https:\/\/hogtlagt.se\/karlstad\/#website\"},\"primaryImageOfPage\":{\"@id\":\"https:\/\/hogtlagt.se\/karlstad\/en\/tickets\/#primaryimage\"},\"image\":{\"@id\":\"https:\/\/hogtlagt.se\/karlstad\/en\/tickets\/#primaryimage\"},\"thumbnailUrl\":\"https:\/\/hogtlagt.se\/rattvik\/wp-content\/uploads\/sites\/2\/2024\/01\/Group-1400.svg\",\"datePublished\":\"2021-12-07T10:32:17+00:00\",\"dateModified\":\"2024-02-16T08:11:54+00:00\",\"breadcrumb\":{\"@id\":\"https:\/\/hogtlagt.se\/karlstad\/en\/tickets\/#breadcrumb\"},\"inLanguage\":\"sv-SE\",\"potentialAction\":[{\"@type\":\"ReadAction\",\"target\":[\"https:\/\/hogtlagt.se\/karlstad\/en\/tickets\/\"]}]},{\"@type\":\"ImageObject\",\"inLanguage\":\"sv-SE\",\"@id\":\"https:\/\/hogtlagt.se\/karlstad\/en\/tickets\/#primaryimage\",\"url\":\"https:\/\/hogtlagt.se\/rattvik\/wp-content\/uploads\/sites\/2\/2024\/01\/Group-1400.svg\",\"contentUrl\":\"https:\/\/hogtlagt.se\/rattvik\/wp-content\/uploads\/sites\/2\/2024\/01\/Group-1400.svg\"},{\"@type\":\"BreadcrumbList\",\"@id\":\"https:\/\/hogtlagt.se\/karlstad\/en\/tickets\/#breadcrumb\",\"itemListElement\":[{\"@type\":\"ListItem\",\"position\":1,\"name\":\"Hem\",\"item\":\"https:\/\/hogtlagt.se\/karlstad\/\"},{\"@type\":\"ListItem\",\"position\":2,\"name\":\"Tickets\"}]},{\"@type\":\"WebSite\",\"@id\":\"https:\/\/hogtlagt.se\/karlstad\/#website\",\"url\":\"https:\/\/hogtlagt.se\/karlstad\/\",\"name\":\"H\u00f6gt &amp; L\u00e5gt Karlstad\",\"description\":\"\",\"potentialAction\":[{\"@type\":\"SearchAction\",\"target\":{\"@type\":\"EntryPoint\",\"urlTemplate\":\"https:\/\/hogtlagt.se\/karlstad\/?s={search_term_string}\"},\"query-input\":{\"@type\":\"PropertyValueSpecification\",\"valueRequired\":true,\"valueName\":\"search_term_string\"}}],\"inLanguage\":\"sv-SE\"}]}<\/script>\n<!-- \/ Yoast SEO plugin. -->","yoast_head_json":{"title":"Tickets - H\u00f6gt &amp; L\u00e5gt Karlstad","robots":{"index":"index","follow":"follow","max-snippet":"max-snippet:-1","max-image-preview":"max-image-preview:large","max-video-preview":"max-video-preview:-1"},"canonical":"https:\/\/hogtlagt.se\/karlstad\/en\/tickets\/","og_locale":"sv_SE","og_type":"article","og_title":"Tickets - H\u00f6gt &amp; L\u00e5gt Karlstad","og_description":"How do climbing tickets work at H\u00f6gt &amp; L\u00e5gt? Our climbing tickets gives you three hours at the park, and you are free to climb as much as you want...","og_url":"https:\/\/hogtlagt.se\/karlstad\/en\/tickets\/","og_site_name":"H\u00f6gt &amp; L\u00e5gt Karlstad","article_modified_time":"2024-02-16T08:11:54+00:00","og_image":[{"url":"https:\/\/hogtlagt.se\/rattvik\/wp-content\/uploads\/sites\/2\/2024\/01\/Group-1400.svg","type":"","width":"","height":""}],"twitter_card":"summary_large_image","twitter_misc":{"Ber\u00e4knad l\u00e4stid":"4 minuter"},"schema":{"@context":"https:\/\/schema.org","@graph":[{"@type":"WebPage","@id":"https:\/\/hogtlagt.se\/karlstad\/en\/tickets\/","url":"https:\/\/hogtlagt.se\/karlstad\/en\/tickets\/","name":"Tickets - H\u00f6gt &amp; L\u00e5gt Karlstad","isPartOf":{"@id":"https:\/\/hogtlagt.se\/karlstad\/#website"},"primaryImageOfPage":{"@id":"https:\/\/hogtlagt.se\/karlstad\/en\/tickets\/#primaryimage"},"image":{"@id":"https:\/\/hogtlagt.se\/karlstad\/en\/tickets\/#primaryimage"},"thumbnailUrl":"https:\/\/hogtlagt.se\/rattvik\/wp-content\/uploads\/sites\/2\/2024\/01\/Group-1400.svg","datePublished":"2021-12-07T10:32:17+00:00","dateModified":"2024-02-16T08:11:54+00:00","breadcrumb":{"@id":"https:\/\/hogtlagt.se\/karlstad\/en\/tickets\/#breadcrumb"},"inLanguage":"sv-SE","potentialAction":[{"@type":"ReadAction","target":["https:\/\/hogtlagt.se\/karlstad\/en\/tickets\/"]}]},{"@type":"ImageObject","inLanguage":"sv-SE","@id":"https:\/\/hogtlagt.se\/karlstad\/en\/tickets\/#primaryimage","url":"https:\/\/hogtlagt.se\/rattvik\/wp-content\/uploads\/sites\/2\/2024\/01\/Group-1400.svg","contentUrl":"https:\/\/hogtlagt.se\/rattvik\/wp-content\/uploads\/sites\/2\/2024\/01\/Group-1400.svg"},{"@type":"BreadcrumbList","@id":"https:\/\/hogtlagt.se\/karlstad\/en\/tickets\/#breadcrumb","itemListElement":[{"@type":"ListItem","position":1,"name":"Hem","item":"https:\/\/hogtlagt.se\/karlstad\/"},{"@type":"ListItem","position":2,"name":"Tickets"}]},{"@type":"WebSite","@id":"https:\/\/hogtlagt.se\/karlstad\/#website","url":"https:\/\/hogtlagt.se\/karlstad\/","name":"H\u00f6gt &amp; L\u00e5gt Karlstad","description":"","potentialAction":[{"@type":"SearchAction","target":{"@type":"EntryPoint","urlTemplate":"https:\/\/hogtlagt.se\/karlstad\/?s={search_term_string}"},"query-input":{"@type":"PropertyValueSpecification","valueRequired":true,"valueName":"search_term_string"}}],"inLanguage":"sv-SE"}]}},"_links":{"self":[{"href":"https:\/\/hogtlagt.se\/karlstad\/wp-json\/wp\/v2\/pages\/517","targetHints":{"allow":["GET"]}}],"collection":[{"href":"https:\/\/hogtlagt.se\/karlstad\/wp-json\/wp\/v2\/pages"}],"about":[{"href":"https:\/\/hogtlagt.se\/karlstad\/wp-json\/wp\/v2\/types\/page"}],"author":[{"embeddable":true,"href":"https:\/\/hogtlagt.se\/karlstad\/wp-json\/wp\/v2\/users\/6"}],"replies":[{"embeddable":true,"href":"https:\/\/hogtlagt.se\/karlstad\/wp-json\/wp\/v2\/comments?post=517"}],"version-history":[{"count":6,"href":"https:\/\/hogtlagt.se\/karlstad\/wp-json\/wp\/v2\/pages\/517\/revisions"}],"predecessor-version":[{"id":1467,"href":"https:\/\/hogtlagt.se\/karlstad\/wp-json\/wp\/v2\/pages\/517\/revisions\/1467"}],"wp:attachment":[{"href":"https:\/\/hogtlagt.se\/karlstad\/wp-json\/wp\/v2\/media?parent=517"}],"curies":[{"name":"wp","href":"https:\/\/api.w.org\/{rel}","templated":true}]}}