{"id":35,"date":"2020-03-06T10:12:37","date_gmt":"2020-03-06T09:12:37","guid":{"rendered":"http:\/\/hogtlagt.se.hemsida.eu\/karlstad\/?page_id=35"},"modified":"2021-03-30T14:16:59","modified_gmt":"2021-03-30T12:16:59","slug":"grupper-foretag","status":"publish","type":"page","link":"https:\/\/hogtlagt.se\/karlstad\/grupper-foretag\/","title":{"rendered":"Kl\u00e4tterpark f\u00f6r Grupper &#038; F\u00f6retag i Karlstad"},"content":{"rendered":"","protected":false},"excerpt":{"rendered":"","protected":false},"author":1,"featured_media":0,"parent":0,"menu_order":0,"comment_status":"closed","ping_status":"closed","template":"templates\/parentpage.php","meta":{"_acf_changed":false,"inline_featured_image":false,"footnotes":""},"class_list":["post-35","page","type-page","status-publish"],"acf":[],"yoast_head":"<!-- This site is optimized with the Yoast SEO plugin v26.1.1 - https:\/\/yoast.com\/wordpress\/plugins\/seo\/ -->\n<title>Kl\u00e4tterpark f\u00f6r Grupper &amp; F\u00f6retag i Karlstad - H\u00f6gt &amp; L\u00e5gt Karlstad<\/title>\n<meta name=\"robots\" content=\"index, follow, max-snippet:-1, max-image-preview:large, max-video-preview:-1\" \/>\n<link rel=\"canonical\" href=\"https:\/\/hogtlagt.se\/karlstad\/grupper-foretag\/\" \/>\n<meta property=\"og:locale\" content=\"sv_SE\" \/>\n<meta property=\"og:type\" content=\"article\" \/>\n<meta property=\"og:title\" content=\"Kl\u00e4tterpark f\u00f6r Grupper &amp; F\u00f6retag i Karlstad - H\u00f6gt &amp; L\u00e5gt Karlstad\" \/>\n<meta property=\"og:url\" content=\"https:\/\/hogtlagt.se\/karlstad\/grupper-foretag\/\" \/>\n<meta property=\"og:site_name\" content=\"H\u00f6gt &amp; L\u00e5gt Karlstad\" \/>\n<meta property=\"article:modified_time\" content=\"2021-03-30T12:16:59+00:00\" \/>\n<meta name=\"twitter:card\" content=\"summary_large_image\" \/>\n<script type=\"application\/ld+json\" class=\"yoast-schema-graph\">{\"@context\":\"https:\/\/schema.org\",\"@graph\":[{\"@type\":\"WebPage\",\"@id\":\"https:\/\/hogtlagt.se\/karlstad\/grupper-foretag\/\",\"url\":\"https:\/\/hogtlagt.se\/karlstad\/grupper-foretag\/\",\"name\":\"Kl\u00e4tterpark f\u00f6r Grupper & F\u00f6retag i Karlstad - H\u00f6gt &amp; L\u00e5gt Karlstad\",\"isPartOf\":{\"@id\":\"https:\/\/hogtlagt.se\/karlstad\/#website\"},\"datePublished\":\"2020-03-06T09:12:37+00:00\",\"dateModified\":\"2021-03-30T12:16:59+00:00\",\"breadcrumb\":{\"@id\":\"https:\/\/hogtlagt.se\/karlstad\/grupper-foretag\/#breadcrumb\"},\"inLanguage\":\"sv-SE\",\"potentialAction\":[{\"@type\":\"ReadAction\",\"target\":[\"https:\/\/hogtlagt.se\/karlstad\/grupper-foretag\/\"]}]},{\"@type\":\"BreadcrumbList\",\"@id\":\"https:\/\/hogtlagt.se\/karlstad\/grupper-foretag\/#breadcrumb\",\"itemListElement\":[{\"@type\":\"ListItem\",\"position\":1,\"name\":\"Hem\",\"item\":\"https:\/\/hogtlagt.se\/karlstad\/\"},{\"@type\":\"ListItem\",\"position\":2,\"name\":\"Kl\u00e4tterpark f\u00f6r Grupper &#038; F\u00f6retag i Karlstad\"}]},{\"@type\":\"WebSite\",\"@id\":\"https:\/\/hogtlagt.se\/karlstad\/#website\",\"url\":\"https:\/\/hogtlagt.se\/karlstad\/\",\"name\":\"H\u00f6gt &amp; L\u00e5gt Karlstad\",\"description\":\"\",\"potentialAction\":[{\"@type\":\"SearchAction\",\"target\":{\"@type\":\"EntryPoint\",\"urlTemplate\":\"https:\/\/hogtlagt.se\/karlstad\/?s={search_term_string}\"},\"query-input\":{\"@type\":\"PropertyValueSpecification\",\"valueRequired\":true,\"valueName\":\"search_term_string\"}}],\"inLanguage\":\"sv-SE\"}]}<\/script>\n<!-- \/ Yoast SEO plugin. -->","yoast_head_json":{"title":"Kl\u00e4tterpark f\u00f6r Grupper & F\u00f6retag i Karlstad - H\u00f6gt &amp; L\u00e5gt Karlstad","robots":{"index":"index","follow":"follow","max-snippet":"max-snippet:-1","max-image-preview":"max-image-preview:large","max-video-preview":"max-video-preview:-1"},"canonical":"https:\/\/hogtlagt.se\/karlstad\/grupper-foretag\/","og_locale":"sv_SE","og_type":"article","og_title":"Kl\u00e4tterpark f\u00f6r Grupper & F\u00f6retag i Karlstad - H\u00f6gt &amp; L\u00e5gt Karlstad","og_url":"https:\/\/hogtlagt.se\/karlstad\/grupper-foretag\/","og_site_name":"H\u00f6gt &amp; L\u00e5gt Karlstad","article_modified_time":"2021-03-30T12:16:59+00:00","twitter_card":"summary_large_image","schema":{"@context":"https:\/\/schema.org","@graph":[{"@type":"WebPage","@id":"https:\/\/hogtlagt.se\/karlstad\/grupper-foretag\/","url":"https:\/\/hogtlagt.se\/karlstad\/grupper-foretag\/","name":"Kl\u00e4tterpark f\u00f6r Grupper & F\u00f6retag i Karlstad - H\u00f6gt &amp; L\u00e5gt Karlstad","isPartOf":{"@id":"https:\/\/hogtlagt.se\/karlstad\/#website"},"datePublished":"2020-03-06T09:12:37+00:00","dateModified":"2021-03-30T12:16:59+00:00","breadcrumb":{"@id":"https:\/\/hogtlagt.se\/karlstad\/grupper-foretag\/#breadcrumb"},"inLanguage":"sv-SE","potentialAction":[{"@type":"ReadAction","target":["https:\/\/hogtlagt.se\/karlstad\/grupper-foretag\/"]}]},{"@type":"BreadcrumbList","@id":"https:\/\/hogtlagt.se\/karlstad\/grupper-foretag\/#breadcrumb","itemListElement":[{"@type":"ListItem","position":1,"name":"Hem","item":"https:\/\/hogtlagt.se\/karlstad\/"},{"@type":"ListItem","position":2,"name":"Kl\u00e4tterpark f\u00f6r Grupper &#038; F\u00f6retag i Karlstad"}]},{"@type":"WebSite","@id":"https:\/\/hogtlagt.se\/karlstad\/#website","url":"https:\/\/hogtlagt.se\/karlstad\/","name":"H\u00f6gt &amp; L\u00e5gt Karlstad","description":"","potentialAction":[{"@type":"SearchAction","target":{"@type":"EntryPoint","urlTemplate":"https:\/\/hogtlagt.se\/karlstad\/?s={search_term_string}"},"query-input":{"@type":"PropertyValueSpecification","valueRequired":true,"valueName":"search_term_string"}}],"inLanguage":"sv-SE"}]}},"_links":{"self":[{"href":"https:\/\/hogtlagt.se\/karlstad\/wp-json\/wp\/v2\/pages\/35","targetHints":{"allow":["GET"]}}],"collection":[{"href":"https:\/\/hogtlagt.se\/karlstad\/wp-json\/wp\/v2\/pages"}],"about":[{"href":"https:\/\/hogtlagt.se\/karlstad\/wp-json\/wp\/v2\/types\/page"}],"author":[{"embeddable":true,"href":"https:\/\/hogtlagt.se\/karlstad\/wp-json\/wp\/v2\/users\/1"}],"replies":[{"embeddable":true,"href":"https:\/\/hogtlagt.se\/karlstad\/wp-json\/wp\/v2\/comments?post=35"}],"version-history":[{"count":2,"href":"https:\/\/hogtlagt.se\/karlstad\/wp-json\/wp\/v2\/pages\/35\/revisions"}],"predecessor-version":[{"id":233,"href":"https:\/\/hogtlagt.se\/karlstad\/wp-json\/wp\/v2\/pages\/35\/revisions\/233"}],"wp:attachment":[{"href":"https:\/\/hogtlagt.se\/karlstad\/wp-json\/wp\/v2\/media?parent=35"}],"curies":[{"name":"wp","href":"https:\/\/api.w.org\/{rel}","templated":true}]}}