{"id":19,"date":"2020-03-06T10:11:04","date_gmt":"2020-03-06T09:11:04","guid":{"rendered":"http:\/\/hogtlagt.se.hemsida.eu\/karlstad\/?page_id=19"},"modified":"2024-04-02T19:44:29","modified_gmt":"2024-04-02T17:44:29","slug":"andra-aktiviteter","status":"publish","type":"page","link":"https:\/\/hogtlagt.se\/karlstad\/klatterparken\/andra-aktiviteter\/","title":{"rendered":"Andra Aktiviteter i Karlstad"},"content":{"rendered":"\n<div class=\"wp-block-cover alignfull\" style=\"min-height:600px;aspect-ratio:unset;\"><span aria-hidden=\"true\" class=\"wp-block-cover__background has-background-dim-10 has-background-dim\"><\/span><img loading=\"lazy\" decoding=\"async\" width=\"2560\" height=\"1707\" class=\"wp-block-cover__image-background wp-image-1144\" alt=\"\" src=\"https:\/\/hogtlagt.se\/karlstad\/wp-content\/uploads\/sites\/4\/2023\/10\/Andra-aktiviteter-scaled.jpg\" data-object-fit=\"cover\" srcset=\"https:\/\/hogtlagt.se\/karlstad\/wp-content\/uploads\/sites\/4\/2023\/10\/Andra-aktiviteter-scaled.jpg 2560w, https:\/\/hogtlagt.se\/karlstad\/wp-content\/uploads\/sites\/4\/2023\/10\/Andra-aktiviteter-300x200.jpg 300w, https:\/\/hogtlagt.se\/karlstad\/wp-content\/uploads\/sites\/4\/2023\/10\/Andra-aktiviteter-1024x683.jpg 1024w, https:\/\/hogtlagt.se\/karlstad\/wp-content\/uploads\/sites\/4\/2023\/10\/Andra-aktiviteter-768x512.jpg 768w, https:\/\/hogtlagt.se\/karlstad\/wp-content\/uploads\/sites\/4\/2023\/10\/Andra-aktiviteter-1536x1024.jpg 1536w, https:\/\/hogtlagt.se\/karlstad\/wp-content\/uploads\/sites\/4\/2023\/10\/Andra-aktiviteter-2048x1365.jpg 2048w\" sizes=\"auto, (max-width: 2560px) 100vw, 2560px\" \/><div class=\"wp-block-cover__inner-container has-global-padding is-layout-constrained wp-block-cover-is-layout-constrained\">\n<h2 class=\"wp-block-heading has-text-align-center\" style=\"font-size:55px\">Roliga aktiviteter i Karlstad<\/h2>\n<\/div><\/div>\n\n\n\n<div style=\"height:83px\" aria-hidden=\"true\" class=\"wp-block-spacer\"><\/div>\n\n\n\n<div class=\"wp-block-columns is-layout-flex wp-container-core-columns-is-layout-28f84493 wp-block-columns-is-layout-flex\">\n<div class=\"wp-block-column is-layout-flow wp-block-column-is-layout-flow\">\n<p class=\"has-text-align-left\"><strong>Letar ni efter roliga och sp\u00e4nnande\u00a0barnaktiviteter och vuxenutmaningar att g\u00f6ra i omr\u00e5det kring Karlstad?<\/strong> <strong>&#8221;Sola skiner i Karlstad&#8221;, och d\u00e5 vill vi s\u00e5klart hitta p\u00e5 n\u00e5got roligt att g\u00f6ra! H\u00e4r har vi samlat 7 olika tips p\u00e5 saker att g\u00f6ra med barn, familj, och v\u00e4nner kanske p\u00e5 semestern eller n\u00e4r andan faller p\u00e5.<\/strong><\/p>\n<\/div>\n\n\n\n<div class=\"wp-block-column is-layout-flow wp-block-column-is-layout-flow\">\n<figure class=\"wp-block-image aligncenter size-large is-resized\"><img loading=\"lazy\" decoding=\"async\" width=\"790\" height=\"837\" src=\"https:\/\/hogtlagt.se\/karlstad\/wp-content\/uploads\/sites\/4\/2023\/12\/Lager-2-2.svg\" alt=\"\" class=\"wp-image-1298\" style=\"width:188px;height:auto\"\/><\/figure>\n<\/div>\n<\/div>\n\n\n\n<div style=\"height:48px\" aria-hidden=\"true\" class=\"wp-block-spacer\"><\/div>\n\n\n\n<div id=\"two-col-img-block_85edc2df854bbf8a4284fcc60ef85d22\" class=\"two-col-img ny-bakgrund3\">\n    <div class=\"two-block-img__wrapper \">\n\n        <img decoding=\"async\" class=\"img-col\" src=\"https:\/\/hogtlagt.se\/karlstad\/wp-content\/uploads\/sites\/4\/2020\/06\/Hogt-Lagt-WEBB-85141-768x512.jpg\" alt=\"\">\n\n        <div class=\"text-col\">\n                        <div class=\"text-col-inner\">\n                <h3><span data-contrast=\"auto\">H\u00f6gt &amp; L\u00e5gt Karlstad<\/span><span data-ccp-props=\"{&quot;201341983&quot;:0,&quot;335559739&quot;:160,&quot;335559740&quot;:259}\">\u00a0<\/span><\/h3>\n<p><span data-contrast=\"none\">Letar du efter n\u00e5got kul att g\u00f6ra i Karlstad? H\u00f6gt &amp; L\u00e5gt kl\u00e4tterpark med sju h\u00f6gh\u00f6jdsbanor som slingrar sig bland tr\u00e4den p\u00e5 vackra Skutberget \u00e4r en perfekt aktivitet f\u00f6r den som vill uppleva ett \u00e4ventyr som passar alla! Barnfamiljer, kompisg\u00e4ng, afterwork med kollegorna, svensexa eller m\u00f6hippa \u2013 hos oss har alla lika roligt och ni f\u00e5r m\u00f6jlighet att peppa varandra utmana er tillsammans. Ni kan l\u00e4sa mer om\u00a0<\/span><a href=\"https:\/\/hogtlagt.se\/karlstad\/klatterparken\/klatterbanorna\/\"><span data-contrast=\"none\">kl\u00e4tterparken och boka biljetter h\u00e4r<\/span><\/a><span data-contrast=\"none\">.<\/span><span data-ccp-props=\"{&quot;201341983&quot;:0,&quot;335559739&quot;:160,&quot;335559740&quot;:259}\">\u00a0<\/span><\/p>\n                            <\/div>\n        <\/div>\n\n    <\/div>\n<\/div>\n\n\n\n<div id=\"two-col-img-block_442f14c3f82e04c91556ab4eca13bac6\" class=\"two-col-img ny-bakgrund3\">\n    <div class=\"two-block-img__wrapper reverse-col\">\n\n        <img decoding=\"async\" class=\"img-col\" src=\"https:\/\/hogtlagt.se\/karlstad\/wp-content\/uploads\/sites\/4\/2022\/03\/young-woman-1745173_640.jpg\" alt=\"\">\n\n        <div class=\"text-col\">\n                        <div class=\"text-col-inner\">\n                <h3>Skutbergets friluftsomr\u00e5de<\/h3>\n<p>Vid vackra Skutberget friluftsomr\u00e5de finns en m\u00e4ngd aktiviteter f\u00f6r den som vill hitta p\u00e5 n\u00e5got kul! Vid V\u00e4nerns strand finns b\u00e5de klippor och sandstr\u00e4nder att bada vid, eller varf\u00f6r inte spela fotboll eller leka p\u00e5 de stora gr\u00e4sytorna. P\u00e5 First Camp Skutbergets camping kan du hyra utrustning f\u00f6r att k\u00f6ra \u00e4ventyrsgolf eller frisbeegolf. I n\u00e4romr\u00e5det finns \u00e4ven fotbollsplaner, grillplatser, utegym och motionssp\u00e5r. Eller varf\u00f6r inte testa den drygt 8 km l\u00e5nga mountainbikeleden som g\u00e5r genom skiftande terr\u00e4ng l\u00e4ngs omr\u00e5det.<\/p>\n                            <\/div>\n        <\/div>\n\n    <\/div>\n<\/div>\n\n\n\n<div id=\"two-col-img-block_44128f969a63f8bded3ac590ad4479f3\" class=\"two-col-img ny-bakgrund3\">\n    <div class=\"two-block-img__wrapper \">\n\n        <img decoding=\"async\" class=\"img-col\" src=\"https:\/\/hogtlagt.se\/karlstad\/wp-content\/uploads\/sites\/4\/2022\/03\/bike-775799_640.jpg\" alt=\"\">\n\n        <div class=\"text-col\">\n                        <div class=\"text-col-inner\">\n                <h3>Klar\u00e4lvsbanan<\/h3>\n<p>Uppt\u00e4ck V\u00e4rmland l\u00e4ngs 90 km bilfri asfalt, perfekt f\u00f6r cykling, rullskidor eller inline-\u00e5kning. B\u00f6rja i Karlstad och hitta en v\u00e4g som passar dig och f\u00f6lj Klar\u00e4lven genom \u00f6ppet jordbrukslandskap och hela v\u00e4gen in i skogen l\u00e4ngre norrut. Anpassa aktiviteten utifr\u00e5n dagsform och s\u00e4llskap. Kanske en kort resa med hela familjen och m\u00e5nga fikastopp, eller en riktig l\u00e5ngk\u00f6rare helt sj\u00e4lv, bara du och naturen.<\/p>\n                            <\/div>\n        <\/div>\n\n    <\/div>\n<\/div>\n\n\n\n<div id=\"two-col-img-block_874356f986c0fc632d2d3014b31caee9\" class=\"two-col-img ny-bakgrund3\">\n    <div class=\"two-block-img__wrapper reverse-col\">\n\n        <img decoding=\"async\" class=\"img-col\" src=\"https:\/\/hogtlagt.se\/karlstad\/wp-content\/uploads\/sites\/4\/2022\/03\/boy-1846236_640.jpg\" alt=\"\">\n\n        <div class=\"text-col\">\n                        <div class=\"text-col-inner\">\n                <h3>Mariebergsskogen<\/h3>\n<p>Mariebergsskogen \u00e4r Karlstad stadspark. H\u00e4r finns Lektr\u00e4dg\u00e5rden och Naturrum V\u00e4rmland. Tr\u00e4ffa djuren i Lillskogen eller ta en fika p\u00e5 kaf\u00e9et som finns i Naturrum V\u00e4rmland. En oas mitt i staden och samtidigt en inspirerande plats f\u00f6r hela familjen.<\/p>\n                            <\/div>\n        <\/div>\n\n    <\/div>\n<\/div>\n\n\n\n<div id=\"two-col-img-block_813a493f3fdf1f7afe45e38324f58912\" class=\"two-col-img ny-bakgrund3\">\n    <div class=\"two-block-img__wrapper \">\n\n        <img decoding=\"async\" class=\"img-col\" src=\"https:\/\/hogtlagt.se\/karlstad\/wp-content\/uploads\/sites\/4\/2022\/03\/woman-1867074_640.jpg\" alt=\"\">\n\n        <div class=\"text-col\">\n                        <div class=\"text-col-inner\">\n                <h3>Uppt\u00e4ck Karlstad via kajak eller SUP<\/h3>\n<p>Ett unikt s\u00e4tt att \u201cstadsvandra\u201d \u00e4r att genom Backwater Outdoor hyra kajak eller SUP och paddla Karlstad runt l\u00e4ngs Klar\u00e4lven. Hyr sj\u00e4lv eller h\u00e4ng p\u00e5 gruppturen och g\u00f6r resan tillsammans med ledare. Ta selfie framf\u00f6r teatern direkt fr\u00e5n vattenytan. Eller kanske du hellre hyr fiskekajaken och ser om du har n\u00e5gon fiskelycka!<\/p>\n                            <\/div>\n        <\/div>\n\n    <\/div>\n<\/div>\n\n\n\n<div id=\"two-col-img-block_57de9e2b65e2c0a32434e6781874a661\" class=\"two-col-img ny-bakgrund3\">\n    <div class=\"two-block-img__wrapper reverse-col\">\n\n        <img decoding=\"async\" class=\"img-col\" src=\"https:\/\/hogtlagt.se\/karlstad\/wp-content\/uploads\/sites\/4\/2022\/03\/alpaca-984887_640-e1646137915405.jpg\" alt=\"\">\n\n        <div class=\"text-col\">\n                        <div class=\"text-col-inner\">\n                <h3>Karlstad Alpackag\u00e5rd<\/h3>\n<p>Varva ner tillsammans med alpackorna p\u00e5 Karlstad Alpackag\u00e5rd. Bokar du en alpackavandring f\u00e5r du l\u00e4ra dig om alpackorna, du f\u00e5r prova p\u00e5 att mata dem och f\u00f6lja dem p\u00e5 de slingriga skogsstigarna. Vill du inte g\u00e5 finns m\u00f6jlighet att ta en fika p\u00e5 caf\u00e9et d\u00e4r du samtidigt f\u00e5r l\u00e4ra dig om alpackor. Ta sedan en sv\u00e4ng i den lilla g\u00e5rdsbutiken som \u00e4r \u00f6ppet n\u00e4r det sker evenemang p\u00e5 g\u00e5rden.<\/p>\n                            <\/div>\n        <\/div>\n\n    <\/div>\n<\/div>\n\n\n\n<div id=\"two-col-img-block_803c8cbab732692ba593fba163796e8e\" class=\"two-col-img ny-bakgrund3\">\n    <div class=\"two-block-img__wrapper \">\n\n        <img decoding=\"async\" class=\"img-col\" src=\"https:\/\/hogtlagt.se\/karlstad\/wp-content\/uploads\/sites\/4\/2022\/03\/flower-2333420_640.jpg\" alt=\"\">\n\n        <div class=\"text-col\">\n                        <div class=\"text-col-inner\">\n                <h3>Alsters Herrg\u00e5rd &#8211; Gustaf Fr\u00f6dings minnesg\u00e5rd<\/h3>\n<p>I sl\u00e5ende vacker natur, med utsikt \u00f6ver V\u00e4nern, ca 8 km \u00f6ster om Karlstad, ligger Alsters herrg\u00e5rd, Gustaf Fr\u00f6dings f\u00f6delsehem. G\u00e5rden \u00e4r fr\u00e5n 1700-talet och h\u00e4r bjuds caf\u00e9 och restaurang, butik, galleri och utst\u00e4llningar och runtom g\u00e5rden slingrar sig naturstigar. G\u00e5 p\u00e5 visningen ber\u00e4ttelsen om Fr\u00f6ding, eller njut av naturen med en kopp kaffe i handen.<\/p>\n                            <\/div>\n        <\/div>\n\n    <\/div>\n<\/div>\n\n\n\n<div style=\"height:100px\" aria-hidden=\"true\" class=\"wp-block-spacer\"><\/div>\n\n\n\n<div class=\"wp-block-cover alignfull\" style=\"min-height:376px;aspect-ratio:unset;\"><span aria-hidden=\"true\" class=\"wp-block-cover__background has-background-dim\"><\/span><img loading=\"lazy\" decoding=\"async\" width=\"2048\" height=\"1365\" class=\"wp-block-cover__image-background wp-image-1278\" alt=\"\" src=\"https:\/\/hogtlagt.se\/karlstad\/wp-content\/uploads\/sites\/4\/2023\/12\/Hogt-Lagt-WEBB-1235.jpg\" style=\"object-position:50% 66%\" data-object-fit=\"cover\" data-object-position=\"50% 66%\" srcset=\"https:\/\/hogtlagt.se\/karlstad\/wp-content\/uploads\/sites\/4\/2023\/12\/Hogt-Lagt-WEBB-1235.jpg 2048w, https:\/\/hogtlagt.se\/karlstad\/wp-content\/uploads\/sites\/4\/2023\/12\/Hogt-Lagt-WEBB-1235-300x200.jpg 300w, https:\/\/hogtlagt.se\/karlstad\/wp-content\/uploads\/sites\/4\/2023\/12\/Hogt-Lagt-WEBB-1235-1024x683.jpg 1024w, https:\/\/hogtlagt.se\/karlstad\/wp-content\/uploads\/sites\/4\/2023\/12\/Hogt-Lagt-WEBB-1235-768x512.jpg 768w, https:\/\/hogtlagt.se\/karlstad\/wp-content\/uploads\/sites\/4\/2023\/12\/Hogt-Lagt-WEBB-1235-1536x1024.jpg 1536w\" sizes=\"auto, (max-width: 2048px) 100vw, 2048px\" \/><div class=\"wp-block-cover__inner-container has-global-padding is-layout-constrained wp-block-cover-is-layout-constrained\">\n<p class=\"has-text-align-center\" style=\"font-size:25px\">Allt vi g\u00f6r genomsyras av v\u00e5ra grundl\u00e4ggande v\u00e4rden\u00a0<em>Genomarbetat, S\u00e4kert, Innovativt, Inkluderande<\/em>\u00a0och\u00a0<em>Utmanande.<\/em>\u00a0Vi \u00e4r drivna, vi arbetar h\u00e5rt, vi brinner f\u00f6r varje kunds upplevelse, vi \u00e4r med och utvecklar branschen och vi har j\u00e4kligt roligt medans vi g\u00f6r det!<\/p>\n<\/div><\/div>\n","protected":false},"excerpt":{"rendered":"<p>Letar ni efter roliga och sp\u00e4nnande\u00a0barnaktiviteter och vuxenutmaningar att g\u00f6ra i omr\u00e5det kring Karlstad? &#8221;Sola skiner i Karlstad&#8221;, och d\u00e5 vill vi s\u00e5klart hitta p\u00e5 n\u00e5got roligt att g\u00f6ra! H\u00e4r&#8230;<\/p>\n","protected":false},"author":1,"featured_media":1177,"parent":10,"menu_order":4,"comment_status":"closed","ping_status":"closed","template":"templates\/empty.php","meta":{"_acf_changed":false,"inline_featured_image":false,"footnotes":""},"class_list":["post-19","page","type-page","status-publish","has-post-thumbnail"],"acf":[],"yoast_head":"<!-- This site is optimized with the Yoast SEO plugin v26.1.1 - https:\/\/yoast.com\/wordpress\/plugins\/seo\/ -->\n<title>Andra aktiviteter i Karlstad f\u00f6r barn och vuxna!<\/title>\n<meta name=\"description\" content=\"V\u00e4lkommen till H\u00f6gt&amp;L\u00e5gt kl\u00e4tterpark i Karlstad. Boka tid f\u00f6r hela familjen, klassen eller f\u00f6retaget och ha kul p\u00e5 X kvm och Y hinder och utmaningar.\" \/>\n<meta name=\"robots\" content=\"index, follow, max-snippet:-1, max-image-preview:large, max-video-preview:-1\" \/>\n<link rel=\"canonical\" href=\"https:\/\/hogtlagt.se\/karlstad\/klatterparken\/andra-aktiviteter\/\" \/>\n<meta property=\"og:locale\" content=\"sv_SE\" \/>\n<meta property=\"og:type\" content=\"article\" \/>\n<meta property=\"og:title\" content=\"Andra aktiviteter i Karlstad f\u00f6r barn och vuxna!\" \/>\n<meta property=\"og:description\" content=\"V\u00e4lkommen till H\u00f6gt&amp;L\u00e5gt kl\u00e4tterpark i Karlstad. Boka tid f\u00f6r hela familjen, klassen eller f\u00f6retaget och ha kul p\u00e5 X kvm och Y hinder och utmaningar.\" \/>\n<meta property=\"og:url\" content=\"https:\/\/hogtlagt.se\/karlstad\/klatterparken\/andra-aktiviteter\/\" \/>\n<meta property=\"og:site_name\" content=\"H\u00f6gt &amp; L\u00e5gt Karlstad\" \/>\n<meta property=\"article:modified_time\" content=\"2024-04-02T17:44:29+00:00\" \/>\n<meta property=\"og:image\" content=\"https:\/\/hogtlagt.se\/karlstad\/wp-content\/uploads\/sites\/4\/2023\/10\/Andra-aktiviteter-1-scaled.jpg\" \/>\n\t<meta property=\"og:image:width\" content=\"2560\" \/>\n\t<meta property=\"og:image:height\" content=\"1707\" \/>\n\t<meta property=\"og:image:type\" content=\"image\/jpeg\" \/>\n<meta name=\"twitter:card\" content=\"summary_large_image\" \/>\n<meta name=\"twitter:label1\" content=\"Ber\u00e4knad l\u00e4stid\" \/>\n\t<meta name=\"twitter:data1\" content=\"2 minuter\" \/>\n<script type=\"application\/ld+json\" class=\"yoast-schema-graph\">{\"@context\":\"https:\/\/schema.org\",\"@graph\":[{\"@type\":\"WebPage\",\"@id\":\"https:\/\/hogtlagt.se\/karlstad\/klatterparken\/andra-aktiviteter\/\",\"url\":\"https:\/\/hogtlagt.se\/karlstad\/klatterparken\/andra-aktiviteter\/\",\"name\":\"Andra aktiviteter i Karlstad f\u00f6r barn och vuxna!\",\"isPartOf\":{\"@id\":\"https:\/\/hogtlagt.se\/karlstad\/#website\"},\"primaryImageOfPage\":{\"@id\":\"https:\/\/hogtlagt.se\/karlstad\/klatterparken\/andra-aktiviteter\/#primaryimage\"},\"image\":{\"@id\":\"https:\/\/hogtlagt.se\/karlstad\/klatterparken\/andra-aktiviteter\/#primaryimage\"},\"thumbnailUrl\":\"https:\/\/hogtlagt.se\/karlstad\/wp-content\/uploads\/sites\/4\/2023\/10\/Andra-aktiviteter-1-scaled.jpg\",\"datePublished\":\"2020-03-06T09:11:04+00:00\",\"dateModified\":\"2024-04-02T17:44:29+00:00\",\"description\":\"V\u00e4lkommen till H\u00f6gt&L\u00e5gt kl\u00e4tterpark i Karlstad. Boka tid f\u00f6r hela familjen, klassen eller f\u00f6retaget och ha kul p\u00e5 X kvm och Y hinder och utmaningar.\",\"breadcrumb\":{\"@id\":\"https:\/\/hogtlagt.se\/karlstad\/klatterparken\/andra-aktiviteter\/#breadcrumb\"},\"inLanguage\":\"sv-SE\",\"potentialAction\":[{\"@type\":\"ReadAction\",\"target\":[\"https:\/\/hogtlagt.se\/karlstad\/klatterparken\/andra-aktiviteter\/\"]}]},{\"@type\":\"ImageObject\",\"inLanguage\":\"sv-SE\",\"@id\":\"https:\/\/hogtlagt.se\/karlstad\/klatterparken\/andra-aktiviteter\/#primaryimage\",\"url\":\"https:\/\/hogtlagt.se\/karlstad\/wp-content\/uploads\/sites\/4\/2023\/10\/Andra-aktiviteter-1-scaled.jpg\",\"contentUrl\":\"https:\/\/hogtlagt.se\/karlstad\/wp-content\/uploads\/sites\/4\/2023\/10\/Andra-aktiviteter-1-scaled.jpg\",\"width\":2560,\"height\":1707,\"caption\":\"Glad familj som pratar om hur det var att kl\u00e4ttra i h\u00f6gh\u00f6jdsbanorna\"},{\"@type\":\"BreadcrumbList\",\"@id\":\"https:\/\/hogtlagt.se\/karlstad\/klatterparken\/andra-aktiviteter\/#breadcrumb\",\"itemListElement\":[{\"@type\":\"ListItem\",\"position\":1,\"name\":\"Hem\",\"item\":\"https:\/\/hogtlagt.se\/karlstad\/\"},{\"@type\":\"ListItem\",\"position\":2,\"name\":\"Kl\u00e4tterparken\",\"item\":\"https:\/\/hogtlagt.se\/karlstad\/klatterparken\/\"},{\"@type\":\"ListItem\",\"position\":3,\"name\":\"Andra Aktiviteter i Karlstad\"}]},{\"@type\":\"WebSite\",\"@id\":\"https:\/\/hogtlagt.se\/karlstad\/#website\",\"url\":\"https:\/\/hogtlagt.se\/karlstad\/\",\"name\":\"H\u00f6gt &amp; L\u00e5gt Karlstad\",\"description\":\"\",\"potentialAction\":[{\"@type\":\"SearchAction\",\"target\":{\"@type\":\"EntryPoint\",\"urlTemplate\":\"https:\/\/hogtlagt.se\/karlstad\/?s={search_term_string}\"},\"query-input\":{\"@type\":\"PropertyValueSpecification\",\"valueRequired\":true,\"valueName\":\"search_term_string\"}}],\"inLanguage\":\"sv-SE\"}]}<\/script>\n<!-- \/ Yoast SEO plugin. -->","yoast_head_json":{"title":"Andra aktiviteter i Karlstad f\u00f6r barn och vuxna!","description":"V\u00e4lkommen till H\u00f6gt&L\u00e5gt kl\u00e4tterpark i Karlstad. Boka tid f\u00f6r hela familjen, klassen eller f\u00f6retaget och ha kul p\u00e5 X kvm och Y hinder och utmaningar.","robots":{"index":"index","follow":"follow","max-snippet":"max-snippet:-1","max-image-preview":"max-image-preview:large","max-video-preview":"max-video-preview:-1"},"canonical":"https:\/\/hogtlagt.se\/karlstad\/klatterparken\/andra-aktiviteter\/","og_locale":"sv_SE","og_type":"article","og_title":"Andra aktiviteter i Karlstad f\u00f6r barn och vuxna!","og_description":"V\u00e4lkommen till H\u00f6gt&L\u00e5gt kl\u00e4tterpark i Karlstad. Boka tid f\u00f6r hela familjen, klassen eller f\u00f6retaget och ha kul p\u00e5 X kvm och Y hinder och utmaningar.","og_url":"https:\/\/hogtlagt.se\/karlstad\/klatterparken\/andra-aktiviteter\/","og_site_name":"H\u00f6gt &amp; L\u00e5gt Karlstad","article_modified_time":"2024-04-02T17:44:29+00:00","og_image":[{"width":2560,"height":1707,"url":"https:\/\/hogtlagt.se\/karlstad\/wp-content\/uploads\/sites\/4\/2023\/10\/Andra-aktiviteter-1-scaled.jpg","type":"image\/jpeg"}],"twitter_card":"summary_large_image","twitter_misc":{"Ber\u00e4knad l\u00e4stid":"2 minuter"},"schema":{"@context":"https:\/\/schema.org","@graph":[{"@type":"WebPage","@id":"https:\/\/hogtlagt.se\/karlstad\/klatterparken\/andra-aktiviteter\/","url":"https:\/\/hogtlagt.se\/karlstad\/klatterparken\/andra-aktiviteter\/","name":"Andra aktiviteter i Karlstad f\u00f6r barn och vuxna!","isPartOf":{"@id":"https:\/\/hogtlagt.se\/karlstad\/#website"},"primaryImageOfPage":{"@id":"https:\/\/hogtlagt.se\/karlstad\/klatterparken\/andra-aktiviteter\/#primaryimage"},"image":{"@id":"https:\/\/hogtlagt.se\/karlstad\/klatterparken\/andra-aktiviteter\/#primaryimage"},"thumbnailUrl":"https:\/\/hogtlagt.se\/karlstad\/wp-content\/uploads\/sites\/4\/2023\/10\/Andra-aktiviteter-1-scaled.jpg","datePublished":"2020-03-06T09:11:04+00:00","dateModified":"2024-04-02T17:44:29+00:00","description":"V\u00e4lkommen till H\u00f6gt&L\u00e5gt kl\u00e4tterpark i Karlstad. Boka tid f\u00f6r hela familjen, klassen eller f\u00f6retaget och ha kul p\u00e5 X kvm och Y hinder och utmaningar.","breadcrumb":{"@id":"https:\/\/hogtlagt.se\/karlstad\/klatterparken\/andra-aktiviteter\/#breadcrumb"},"inLanguage":"sv-SE","potentialAction":[{"@type":"ReadAction","target":["https:\/\/hogtlagt.se\/karlstad\/klatterparken\/andra-aktiviteter\/"]}]},{"@type":"ImageObject","inLanguage":"sv-SE","@id":"https:\/\/hogtlagt.se\/karlstad\/klatterparken\/andra-aktiviteter\/#primaryimage","url":"https:\/\/hogtlagt.se\/karlstad\/wp-content\/uploads\/sites\/4\/2023\/10\/Andra-aktiviteter-1-scaled.jpg","contentUrl":"https:\/\/hogtlagt.se\/karlstad\/wp-content\/uploads\/sites\/4\/2023\/10\/Andra-aktiviteter-1-scaled.jpg","width":2560,"height":1707,"caption":"Glad familj som pratar om hur det var att kl\u00e4ttra i h\u00f6gh\u00f6jdsbanorna"},{"@type":"BreadcrumbList","@id":"https:\/\/hogtlagt.se\/karlstad\/klatterparken\/andra-aktiviteter\/#breadcrumb","itemListElement":[{"@type":"ListItem","position":1,"name":"Hem","item":"https:\/\/hogtlagt.se\/karlstad\/"},{"@type":"ListItem","position":2,"name":"Kl\u00e4tterparken","item":"https:\/\/hogtlagt.se\/karlstad\/klatterparken\/"},{"@type":"ListItem","position":3,"name":"Andra Aktiviteter i Karlstad"}]},{"@type":"WebSite","@id":"https:\/\/hogtlagt.se\/karlstad\/#website","url":"https:\/\/hogtlagt.se\/karlstad\/","name":"H\u00f6gt &amp; L\u00e5gt Karlstad","description":"","potentialAction":[{"@type":"SearchAction","target":{"@type":"EntryPoint","urlTemplate":"https:\/\/hogtlagt.se\/karlstad\/?s={search_term_string}"},"query-input":{"@type":"PropertyValueSpecification","valueRequired":true,"valueName":"search_term_string"}}],"inLanguage":"sv-SE"}]}},"_links":{"self":[{"href":"https:\/\/hogtlagt.se\/karlstad\/wp-json\/wp\/v2\/pages\/19","targetHints":{"allow":["GET"]}}],"collection":[{"href":"https:\/\/hogtlagt.se\/karlstad\/wp-json\/wp\/v2\/pages"}],"about":[{"href":"https:\/\/hogtlagt.se\/karlstad\/wp-json\/wp\/v2\/types\/page"}],"author":[{"embeddable":true,"href":"https:\/\/hogtlagt.se\/karlstad\/wp-json\/wp\/v2\/users\/1"}],"replies":[{"embeddable":true,"href":"https:\/\/hogtlagt.se\/karlstad\/wp-json\/wp\/v2\/comments?post=19"}],"version-history":[{"count":9,"href":"https:\/\/hogtlagt.se\/karlstad\/wp-json\/wp\/v2\/pages\/19\/revisions"}],"predecessor-version":[{"id":1491,"href":"https:\/\/hogtlagt.se\/karlstad\/wp-json\/wp\/v2\/pages\/19\/revisions\/1491"}],"up":[{"embeddable":true,"href":"https:\/\/hogtlagt.se\/karlstad\/wp-json\/wp\/v2\/pages\/10"}],"wp:featuredmedia":[{"embeddable":true,"href":"https:\/\/hogtlagt.se\/karlstad\/wp-json\/wp\/v2\/media\/1177"}],"wp:attachment":[{"href":"https:\/\/hogtlagt.se\/karlstad\/wp-json\/wp\/v2\/media?parent=19"}],"curies":[{"name":"wp","href":"https:\/\/api.w.org\/{rel}","templated":true}]}}