{"id":14,"date":"2020-03-06T10:10:00","date_gmt":"2020-03-06T09:10:00","guid":{"rendered":"http:\/\/hogtlagt.se.hemsida.eu\/karlstad\/?page_id=14"},"modified":"2024-02-15T13:24:43","modified_gmt":"2024-02-15T12:24:43","slug":"bilder-video","status":"publish","type":"page","link":"https:\/\/hogtlagt.se\/karlstad\/klatterparken\/bilder-video\/","title":{"rendered":"Bilder &#038; Video"},"content":{"rendered":"\n<div class=\"wp-block-cover alignfull\" style=\"min-height:600px;aspect-ratio:unset;\"><span aria-hidden=\"true\" class=\"wp-block-cover__background has-background-dim-20 has-background-dim\"><\/span><img loading=\"lazy\" decoding=\"async\" width=\"2560\" height=\"1707\" class=\"wp-block-cover__image-background wp-image-1139\" alt=\"\" src=\"https:\/\/hogtlagt.se\/karlstad\/wp-content\/uploads\/sites\/4\/2023\/10\/Bilder-och-video-scaled.jpg\" style=\"object-position:56% 99%\" data-object-fit=\"cover\" data-object-position=\"56% 99%\" srcset=\"https:\/\/hogtlagt.se\/karlstad\/wp-content\/uploads\/sites\/4\/2023\/10\/Bilder-och-video-scaled.jpg 2560w, https:\/\/hogtlagt.se\/karlstad\/wp-content\/uploads\/sites\/4\/2023\/10\/Bilder-och-video-300x200.jpg 300w, https:\/\/hogtlagt.se\/karlstad\/wp-content\/uploads\/sites\/4\/2023\/10\/Bilder-och-video-1024x683.jpg 1024w, https:\/\/hogtlagt.se\/karlstad\/wp-content\/uploads\/sites\/4\/2023\/10\/Bilder-och-video-768x512.jpg 768w, https:\/\/hogtlagt.se\/karlstad\/wp-content\/uploads\/sites\/4\/2023\/10\/Bilder-och-video-1536x1024.jpg 1536w, https:\/\/hogtlagt.se\/karlstad\/wp-content\/uploads\/sites\/4\/2023\/10\/Bilder-och-video-2048x1365.jpg 2048w\" sizes=\"auto, (max-width: 2560px) 100vw, 2560px\" \/><div class=\"wp-block-cover__inner-container has-global-padding is-layout-constrained wp-block-cover-is-layout-constrained\">\n<h1 class=\"wp-block-heading has-text-align-center\" style=\"font-size:55px\">Se vad som v\u00e4ntar i parken<\/h1>\n<\/div><\/div>\n\n\n\n<div style=\"height:100px\" aria-hidden=\"true\" class=\"wp-block-spacer\"><\/div>\n\n\n\n<figure class=\"wp-block-embed is-type-video is-provider-youtube wp-block-embed-youtube wp-embed-aspect-16-9 wp-has-aspect-ratio\"><div class=\"wp-block-embed__wrapper\">\n<iframe loading=\"lazy\" title=\"H\u00f6gt &amp; L\u00e5gt Kl\u00e4tterparker Sverige\" width=\"500\" height=\"281\" src=\"https:\/\/www.youtube.com\/embed\/UvGnkMotWg0?feature=oembed\" frameborder=\"0\" allow=\"accelerometer; autoplay; clipboard-write; encrypted-media; gyroscope; picture-in-picture; web-share\" referrerpolicy=\"strict-origin-when-cross-origin\" allowfullscreen><\/iframe>\n<\/div><\/figure>\n\n\n\n<div style=\"height:100px\" aria-hidden=\"true\" class=\"wp-block-spacer\"><\/div>\n\n\n\n<figure class=\"wp-block-gallery has-nested-images columns-default is-cropped wp-block-gallery-1 is-layout-flex wp-block-gallery-is-layout-flex\">\n<figure class=\"wp-block-image size-large\"><a href=\"https:\/\/hogtlagt.se\/karlstad\/wp-content\/uploads\/sites\/4\/2020\/06\/Hogt-Lagt-WEBB-1320.jpg\"><img loading=\"lazy\" decoding=\"async\" width=\"1024\" height=\"683\" data-id=\"278\" src=\"https:\/\/hogtlagt.se\/karlstad\/wp-content\/uploads\/sites\/4\/2020\/06\/Hogt-Lagt-WEBB-1320-1024x683.jpg\" alt=\"Barn och f\u00f6r\u00e4ldrar kl\u00e4ttrar i den enklaste h\u00f6gh\u00f6jdsbanan\" class=\"wp-image-278\" srcset=\"https:\/\/hogtlagt.se\/karlstad\/wp-content\/uploads\/sites\/4\/2020\/06\/Hogt-Lagt-WEBB-1320-1024x683.jpg 1024w, https:\/\/hogtlagt.se\/karlstad\/wp-content\/uploads\/sites\/4\/2020\/06\/Hogt-Lagt-WEBB-1320-300x200.jpg 300w, https:\/\/hogtlagt.se\/karlstad\/wp-content\/uploads\/sites\/4\/2020\/06\/Hogt-Lagt-WEBB-1320-768x512.jpg 768w, https:\/\/hogtlagt.se\/karlstad\/wp-content\/uploads\/sites\/4\/2020\/06\/Hogt-Lagt-WEBB-1320-1536x1024.jpg 1536w, https:\/\/hogtlagt.se\/karlstad\/wp-content\/uploads\/sites\/4\/2020\/06\/Hogt-Lagt-WEBB-1320.jpg 2048w\" sizes=\"auto, (max-width: 1024px) 100vw, 1024px\" \/><\/a><figcaption class=\"wp-element-caption\">Familj i bana<\/figcaption><\/figure>\n\n\n\n<figure class=\"wp-block-image size-large\"><a href=\"https:\/\/hogtlagt.se\/karlstad\/wp-content\/uploads\/sites\/4\/2023\/10\/Karlstad.jpg\"><img loading=\"lazy\" decoding=\"async\" width=\"1024\" height=\"682\" data-id=\"1204\" src=\"https:\/\/hogtlagt.se\/karlstad\/wp-content\/uploads\/sites\/4\/2023\/10\/Karlstad-1024x682.jpg\" alt=\"N\u00e5gra v\u00e4nner kl\u00e4ttrar tillsammans \u00f6ver hindret som heter &quot;Karlstad&quot;\" class=\"wp-image-1204\" srcset=\"https:\/\/hogtlagt.se\/karlstad\/wp-content\/uploads\/sites\/4\/2023\/10\/Karlstad-1024x682.jpg 1024w, https:\/\/hogtlagt.se\/karlstad\/wp-content\/uploads\/sites\/4\/2023\/10\/Karlstad-300x200.jpg 300w, https:\/\/hogtlagt.se\/karlstad\/wp-content\/uploads\/sites\/4\/2023\/10\/Karlstad-768x511.jpg 768w, https:\/\/hogtlagt.se\/karlstad\/wp-content\/uploads\/sites\/4\/2023\/10\/Karlstad-1536x1022.jpg 1536w, https:\/\/hogtlagt.se\/karlstad\/wp-content\/uploads\/sites\/4\/2023\/10\/Karlstad.jpg 2048w\" sizes=\"auto, (max-width: 1024px) 100vw, 1024px\" \/><\/a><figcaption class=\"wp-element-caption\">V\u00e4lkommen till H\u00f6gt &amp; L\u00e5gt Karlstad<\/figcaption><\/figure>\n\n\n\n<figure class=\"wp-block-image size-large\"><a href=\"https:\/\/hogtlagt.se\/karlstad\/wp-content\/uploads\/sites\/4\/2020\/06\/Hogt-Lagt-WEBB-85161.jpg\"><img loading=\"lazy\" decoding=\"async\" width=\"1024\" height=\"683\" data-id=\"275\" src=\"https:\/\/hogtlagt.se\/karlstad\/wp-content\/uploads\/sites\/4\/2020\/06\/Hogt-Lagt-WEBB-85161-1024x683.jpg\" alt=\"En vuxen man \u00e5ker p\u00e5 ett linbane-hinder och skrattar\" class=\"wp-image-275\" srcset=\"https:\/\/hogtlagt.se\/karlstad\/wp-content\/uploads\/sites\/4\/2020\/06\/Hogt-Lagt-WEBB-85161-1024x683.jpg 1024w, https:\/\/hogtlagt.se\/karlstad\/wp-content\/uploads\/sites\/4\/2020\/06\/Hogt-Lagt-WEBB-85161-300x200.jpg 300w, https:\/\/hogtlagt.se\/karlstad\/wp-content\/uploads\/sites\/4\/2020\/06\/Hogt-Lagt-WEBB-85161-768x512.jpg 768w, https:\/\/hogtlagt.se\/karlstad\/wp-content\/uploads\/sites\/4\/2020\/06\/Hogt-Lagt-WEBB-85161-1536x1024.jpg 1536w, https:\/\/hogtlagt.se\/karlstad\/wp-content\/uploads\/sites\/4\/2020\/06\/Hogt-Lagt-WEBB-85161.jpg 2048w\" sizes=\"auto, (max-width: 1024px) 100vw, 1024px\" \/><\/a><figcaption class=\"wp-element-caption\">\u00e5k linbana<\/figcaption><\/figure>\n\n\n\n<figure class=\"wp-block-image size-large\"><a href=\"https:\/\/hogtlagt.se\/karlstad\/wp-content\/uploads\/sites\/4\/2023\/10\/familj-i-na\u0308t.jpg\"><img loading=\"lazy\" decoding=\"async\" width=\"1024\" height=\"683\" data-id=\"1205\" src=\"https:\/\/hogtlagt.se\/karlstad\/wp-content\/uploads\/sites\/4\/2023\/10\/familj-i-na\u0308t-1024x683.jpg\" alt=\"F\u00f6r\u00e4lder och barn kl\u00e4ttrar tillsammans i n\u00e4tet p\u00e5 den gr\u00f6na banan\" class=\"wp-image-1205\" srcset=\"https:\/\/hogtlagt.se\/karlstad\/wp-content\/uploads\/sites\/4\/2023\/10\/familj-i-na\u0308t-1024x683.jpg 1024w, https:\/\/hogtlagt.se\/karlstad\/wp-content\/uploads\/sites\/4\/2023\/10\/familj-i-na\u0308t-300x200.jpg 300w, https:\/\/hogtlagt.se\/karlstad\/wp-content\/uploads\/sites\/4\/2023\/10\/familj-i-na\u0308t-768x512.jpg 768w, https:\/\/hogtlagt.se\/karlstad\/wp-content\/uploads\/sites\/4\/2023\/10\/familj-i-na\u0308t-1536x1024.jpg 1536w, https:\/\/hogtlagt.se\/karlstad\/wp-content\/uploads\/sites\/4\/2023\/10\/familj-i-na\u0308t.jpg 2048w\" sizes=\"auto, (max-width: 1024px) 100vw, 1024px\" \/><\/a><figcaption class=\"wp-element-caption\">Familj i n\u00e4t<\/figcaption><\/figure>\n\n\n\n<figure class=\"wp-block-image size-large\"><a href=\"https:\/\/hogtlagt.se\/karlstad\/wp-content\/uploads\/sites\/4\/2023\/10\/tjej-kla\u0308tterva\u0308gg.jpg\"><img loading=\"lazy\" decoding=\"async\" width=\"1024\" height=\"683\" data-id=\"1207\" src=\"https:\/\/hogtlagt.se\/karlstad\/wp-content\/uploads\/sites\/4\/2023\/10\/tjej-kla\u0308tterva\u0308gg-1024x683.jpg\" alt=\"Cool tjej kl\u00e4ttrar uppf\u00f6r kl\u00e4tterv\u00e4ggen p\u00e5 den r\u00f6da h\u00f6gh\u00f6jdsbanan\" class=\"wp-image-1207\" srcset=\"https:\/\/hogtlagt.se\/karlstad\/wp-content\/uploads\/sites\/4\/2023\/10\/tjej-kla\u0308tterva\u0308gg-1024x683.jpg 1024w, https:\/\/hogtlagt.se\/karlstad\/wp-content\/uploads\/sites\/4\/2023\/10\/tjej-kla\u0308tterva\u0308gg-300x200.jpg 300w, https:\/\/hogtlagt.se\/karlstad\/wp-content\/uploads\/sites\/4\/2023\/10\/tjej-kla\u0308tterva\u0308gg-768x512.jpg 768w, https:\/\/hogtlagt.se\/karlstad\/wp-content\/uploads\/sites\/4\/2023\/10\/tjej-kla\u0308tterva\u0308gg-1536x1024.jpg 1536w, https:\/\/hogtlagt.se\/karlstad\/wp-content\/uploads\/sites\/4\/2023\/10\/tjej-kla\u0308tterva\u0308gg.jpg 2048w\" sizes=\"auto, (max-width: 1024px) 100vw, 1024px\" \/><\/a><figcaption class=\"wp-element-caption\">Kl\u00e4tterv\u00e4gg p\u00e5 r\u00f6d bana<\/figcaption><\/figure>\n\n\n\n<figure class=\"wp-block-image size-large\"><a href=\"https:\/\/hogtlagt.se\/karlstad\/wp-content\/uploads\/sites\/4\/2023\/10\/zip-tjej-1.jpg\"><img loading=\"lazy\" decoding=\"async\" width=\"1024\" height=\"683\" data-id=\"1210\" src=\"https:\/\/hogtlagt.se\/karlstad\/wp-content\/uploads\/sites\/4\/2023\/10\/zip-tjej-1-1024x683.jpg\" alt=\"Kvinna \u00e5ker zipline och \u00e4r glad\" class=\"wp-image-1210\" srcset=\"https:\/\/hogtlagt.se\/karlstad\/wp-content\/uploads\/sites\/4\/2023\/10\/zip-tjej-1-1024x683.jpg 1024w, https:\/\/hogtlagt.se\/karlstad\/wp-content\/uploads\/sites\/4\/2023\/10\/zip-tjej-1-300x200.jpg 300w, https:\/\/hogtlagt.se\/karlstad\/wp-content\/uploads\/sites\/4\/2023\/10\/zip-tjej-1-768x512.jpg 768w, https:\/\/hogtlagt.se\/karlstad\/wp-content\/uploads\/sites\/4\/2023\/10\/zip-tjej-1-1536x1024.jpg 1536w, https:\/\/hogtlagt.se\/karlstad\/wp-content\/uploads\/sites\/4\/2023\/10\/zip-tjej-1.jpg 2048w\" sizes=\"auto, (max-width: 1024px) 100vw, 1024px\" \/><\/a><figcaption class=\"wp-element-caption\">L\u00e5ng zipline<\/figcaption><\/figure>\n\n\n\n<figure class=\"wp-block-image size-large\"><a href=\"https:\/\/hogtlagt.se\/karlstad\/wp-content\/uploads\/sites\/4\/2020\/06\/Hogt-Lagt-WEBB-1576.jpg\"><img loading=\"lazy\" decoding=\"async\" width=\"1024\" height=\"683\" data-id=\"272\" src=\"https:\/\/hogtlagt.se\/karlstad\/wp-content\/uploads\/sites\/4\/2020\/06\/Hogt-Lagt-WEBB-1576-1024x683.jpg\" alt=\"En hel familj kl\u00e4ttrar tillsammans \u00f6ver ett hinder med kl\u00e4ttergrepp\" class=\"wp-image-272\" srcset=\"https:\/\/hogtlagt.se\/karlstad\/wp-content\/uploads\/sites\/4\/2020\/06\/Hogt-Lagt-WEBB-1576-1024x683.jpg 1024w, https:\/\/hogtlagt.se\/karlstad\/wp-content\/uploads\/sites\/4\/2020\/06\/Hogt-Lagt-WEBB-1576-300x200.jpg 300w, https:\/\/hogtlagt.se\/karlstad\/wp-content\/uploads\/sites\/4\/2020\/06\/Hogt-Lagt-WEBB-1576-768x512.jpg 768w, https:\/\/hogtlagt.se\/karlstad\/wp-content\/uploads\/sites\/4\/2020\/06\/Hogt-Lagt-WEBB-1576-1536x1024.jpg 1536w, https:\/\/hogtlagt.se\/karlstad\/wp-content\/uploads\/sites\/4\/2020\/06\/Hogt-Lagt-WEBB-1576.jpg 2048w\" sizes=\"auto, (max-width: 1024px) 100vw, 1024px\" \/><\/a><figcaption class=\"wp-element-caption\">Familj p\u00e5 kl\u00e4tterv\u00e4gg<\/figcaption><\/figure>\n\n\n\n<figure class=\"wp-block-image size-large\"><a href=\"https:\/\/hogtlagt.se\/karlstad\/wp-content\/uploads\/sites\/4\/2023\/10\/vuxna-ga\u0308ng-1.jpg\"><img loading=\"lazy\" decoding=\"async\" width=\"1024\" height=\"683\" data-id=\"1209\" src=\"https:\/\/hogtlagt.se\/karlstad\/wp-content\/uploads\/sites\/4\/2023\/10\/vuxna-ga\u0308ng-1-1024x683.jpg\" alt=\"Ett kompisg\u00e4ng \u00e4r uppe och kl\u00e4ttrar tillsammans i den bl\u00e5 banan\" class=\"wp-image-1209\" srcset=\"https:\/\/hogtlagt.se\/karlstad\/wp-content\/uploads\/sites\/4\/2023\/10\/vuxna-ga\u0308ng-1-1024x683.jpg 1024w, https:\/\/hogtlagt.se\/karlstad\/wp-content\/uploads\/sites\/4\/2023\/10\/vuxna-ga\u0308ng-1-300x200.jpg 300w, https:\/\/hogtlagt.se\/karlstad\/wp-content\/uploads\/sites\/4\/2023\/10\/vuxna-ga\u0308ng-1-768x512.jpg 768w, https:\/\/hogtlagt.se\/karlstad\/wp-content\/uploads\/sites\/4\/2023\/10\/vuxna-ga\u0308ng-1-1536x1024.jpg 1536w, https:\/\/hogtlagt.se\/karlstad\/wp-content\/uploads\/sites\/4\/2023\/10\/vuxna-ga\u0308ng-1.jpg 2048w\" sizes=\"auto, (max-width: 1024px) 100vw, 1024px\" \/><\/a><figcaption class=\"wp-element-caption\">Kompisg\u00e4ng p\u00e5 hinder<\/figcaption><\/figure>\n\n\n\n<figure class=\"wp-block-image size-full\"><a href=\"https:\/\/hogtlagt.se\/karlstad\/wp-content\/uploads\/sites\/4\/2021\/04\/Hogt-Lagt-WEBB-1221-768x512-1.jpg\"><img loading=\"lazy\" decoding=\"async\" width=\"768\" height=\"512\" data-id=\"416\" src=\"https:\/\/hogtlagt.se\/karlstad\/wp-content\/uploads\/sites\/4\/2021\/04\/Hogt-Lagt-WEBB-1221-768x512-1.jpg\" alt=\"Ett g\u00e4ng barn st\u00e5r p\u00e5 marken nedanf\u00f6r h\u00f6gh\u00f6jdsbanorna och str\u00e4cker upp h\u00e4nder i luften, alla \u00e4r j\u00e4tteglada\" class=\"wp-image-416\" srcset=\"https:\/\/hogtlagt.se\/karlstad\/wp-content\/uploads\/sites\/4\/2021\/04\/Hogt-Lagt-WEBB-1221-768x512-1.jpg 768w, https:\/\/hogtlagt.se\/karlstad\/wp-content\/uploads\/sites\/4\/2021\/04\/Hogt-Lagt-WEBB-1221-768x512-1-300x200.jpg 300w\" sizes=\"auto, (max-width: 768px) 100vw, 768px\" \/><\/a><figcaption class=\"wp-element-caption\">Glada bes\u00f6kare<\/figcaption><\/figure>\n<\/figure>\n\n\n\n<div style=\"height:64px\" aria-hidden=\"true\" class=\"wp-block-spacer\"><\/div>\n\n\n\n<div style=\"height:100px\" aria-hidden=\"true\" class=\"wp-block-spacer\"><\/div>\n\n\n\n<div class=\"wp-block-cover alignfull\" style=\"min-height:376px;aspect-ratio:unset;\"><span aria-hidden=\"true\" class=\"wp-block-cover__background has-background-dim\"><\/span><img loading=\"lazy\" decoding=\"async\" width=\"2048\" height=\"1365\" class=\"wp-block-cover__image-background wp-image-1278\" alt=\"\" src=\"https:\/\/hogtlagt.se\/karlstad\/wp-content\/uploads\/sites\/4\/2023\/12\/Hogt-Lagt-WEBB-1235.jpg\" style=\"object-position:50% 66%\" data-object-fit=\"cover\" data-object-position=\"50% 66%\" srcset=\"https:\/\/hogtlagt.se\/karlstad\/wp-content\/uploads\/sites\/4\/2023\/12\/Hogt-Lagt-WEBB-1235.jpg 2048w, https:\/\/hogtlagt.se\/karlstad\/wp-content\/uploads\/sites\/4\/2023\/12\/Hogt-Lagt-WEBB-1235-300x200.jpg 300w, https:\/\/hogtlagt.se\/karlstad\/wp-content\/uploads\/sites\/4\/2023\/12\/Hogt-Lagt-WEBB-1235-1024x683.jpg 1024w, https:\/\/hogtlagt.se\/karlstad\/wp-content\/uploads\/sites\/4\/2023\/12\/Hogt-Lagt-WEBB-1235-768x512.jpg 768w, https:\/\/hogtlagt.se\/karlstad\/wp-content\/uploads\/sites\/4\/2023\/12\/Hogt-Lagt-WEBB-1235-1536x1024.jpg 1536w\" sizes=\"auto, (max-width: 2048px) 100vw, 2048px\" \/><div class=\"wp-block-cover__inner-container has-global-padding is-layout-constrained wp-block-cover-is-layout-constrained\">\n<p class=\"has-text-align-center\" style=\"font-size:25px\">Allt vi g\u00f6r genomsyras av v\u00e5ra grundl\u00e4ggande v\u00e4rden&nbsp;<em>Genomarbetat, S\u00e4kert, Innovativt, Inkluderande<\/em>&nbsp;och&nbsp;<em>Utmanande.<\/em>&nbsp;Vi \u00e4r drivna, vi arbetar h\u00e5rt, vi brinner f\u00f6r varje kunds upplevelse, vi \u00e4r med och utvecklar branschen och vi har j\u00e4kligt roligt medans vi g\u00f6r det!<\/p>\n<\/div><\/div>\n","protected":false},"excerpt":{"rendered":"","protected":false},"author":1,"featured_media":1172,"parent":10,"menu_order":2,"comment_status":"closed","ping_status":"closed","template":"templates\/empty.php","meta":{"_acf_changed":false,"inline_featured_image":false,"footnotes":""},"class_list":["post-14","page","type-page","status-publish","has-post-thumbnail"],"acf":[],"yoast_head":"<!-- This site is optimized with the Yoast SEO plugin v26.1.1 - https:\/\/yoast.com\/wordpress\/plugins\/seo\/ -->\n<title>Bilder och filmer fr\u00e5n H\u00f6gt&amp;L\u00e5gt Kl\u00e4tterpark i Karlstad<\/title>\n<meta name=\"description\" content=\"Bilder och filmer fr\u00e5n kl\u00e4tterparken i Karlstad. Boka tid f\u00f6r hela familjen, klassen eller f\u00f6retaget och ha kul p\u00e5 X kvm och Y hinder och utmaningar.\" \/>\n<meta name=\"robots\" content=\"index, follow, max-snippet:-1, max-image-preview:large, max-video-preview:-1\" \/>\n<link rel=\"canonical\" href=\"https:\/\/hogtlagt.se\/karlstad\/klatterparken\/bilder-video\/\" \/>\n<meta property=\"og:locale\" content=\"sv_SE\" \/>\n<meta property=\"og:type\" content=\"article\" \/>\n<meta property=\"og:title\" content=\"Bilder och filmer fr\u00e5n H\u00f6gt&amp;L\u00e5gt Kl\u00e4tterpark i Karlstad\" \/>\n<meta property=\"og:description\" content=\"Bilder och filmer fr\u00e5n kl\u00e4tterparken i Karlstad. Boka tid f\u00f6r hela familjen, klassen eller f\u00f6retaget och ha kul p\u00e5 X kvm och Y hinder och utmaningar.\" \/>\n<meta property=\"og:url\" content=\"https:\/\/hogtlagt.se\/karlstad\/klatterparken\/bilder-video\/\" \/>\n<meta property=\"og:site_name\" content=\"H\u00f6gt &amp; L\u00e5gt Karlstad\" \/>\n<meta property=\"article:modified_time\" content=\"2024-02-15T12:24:43+00:00\" \/>\n<meta property=\"og:image\" content=\"https:\/\/hogtlagt.se\/karlstad\/wp-content\/uploads\/sites\/4\/2023\/10\/Bilder-och-video-1-scaled.jpg\" \/>\n\t<meta property=\"og:image:width\" content=\"2560\" \/>\n\t<meta property=\"og:image:height\" content=\"1707\" \/>\n\t<meta property=\"og:image:type\" content=\"image\/jpeg\" \/>\n<meta name=\"twitter:card\" content=\"summary_large_image\" \/>\n<meta name=\"twitter:label1\" content=\"Ber\u00e4knad l\u00e4stid\" \/>\n\t<meta name=\"twitter:data1\" content=\"3 minuter\" \/>\n<script type=\"application\/ld+json\" class=\"yoast-schema-graph\">{\"@context\":\"https:\/\/schema.org\",\"@graph\":[{\"@type\":\"WebPage\",\"@id\":\"https:\/\/hogtlagt.se\/karlstad\/klatterparken\/bilder-video\/\",\"url\":\"https:\/\/hogtlagt.se\/karlstad\/klatterparken\/bilder-video\/\",\"name\":\"Bilder och filmer fr\u00e5n H\u00f6gt&L\u00e5gt Kl\u00e4tterpark i Karlstad\",\"isPartOf\":{\"@id\":\"https:\/\/hogtlagt.se\/karlstad\/#website\"},\"primaryImageOfPage\":{\"@id\":\"https:\/\/hogtlagt.se\/karlstad\/klatterparken\/bilder-video\/#primaryimage\"},\"image\":{\"@id\":\"https:\/\/hogtlagt.se\/karlstad\/klatterparken\/bilder-video\/#primaryimage\"},\"thumbnailUrl\":\"https:\/\/hogtlagt.se\/karlstad\/wp-content\/uploads\/sites\/4\/2023\/10\/Bilder-och-video-1-scaled.jpg\",\"datePublished\":\"2020-03-06T09:10:00+00:00\",\"dateModified\":\"2024-02-15T12:24:43+00:00\",\"description\":\"Bilder och filmer fr\u00e5n kl\u00e4tterparken i Karlstad. Boka tid f\u00f6r hela familjen, klassen eller f\u00f6retaget och ha kul p\u00e5 X kvm och Y hinder och utmaningar.\",\"breadcrumb\":{\"@id\":\"https:\/\/hogtlagt.se\/karlstad\/klatterparken\/bilder-video\/#breadcrumb\"},\"inLanguage\":\"sv-SE\",\"potentialAction\":[{\"@type\":\"ReadAction\",\"target\":[\"https:\/\/hogtlagt.se\/karlstad\/klatterparken\/bilder-video\/\"]}]},{\"@type\":\"ImageObject\",\"inLanguage\":\"sv-SE\",\"@id\":\"https:\/\/hogtlagt.se\/karlstad\/klatterparken\/bilder-video\/#primaryimage\",\"url\":\"https:\/\/hogtlagt.se\/karlstad\/wp-content\/uploads\/sites\/4\/2023\/10\/Bilder-och-video-1-scaled.jpg\",\"contentUrl\":\"https:\/\/hogtlagt.se\/karlstad\/wp-content\/uploads\/sites\/4\/2023\/10\/Bilder-och-video-1-scaled.jpg\",\"width\":2560,\"height\":1707,\"caption\":\"Instrukt\u00f6r ber\u00e4ttar om hur det g\u00e5r till att kl\u00e4ttra i parken\"},{\"@type\":\"BreadcrumbList\",\"@id\":\"https:\/\/hogtlagt.se\/karlstad\/klatterparken\/bilder-video\/#breadcrumb\",\"itemListElement\":[{\"@type\":\"ListItem\",\"position\":1,\"name\":\"Hem\",\"item\":\"https:\/\/hogtlagt.se\/karlstad\/\"},{\"@type\":\"ListItem\",\"position\":2,\"name\":\"Kl\u00e4tterparken\",\"item\":\"https:\/\/hogtlagt.se\/karlstad\/klatterparken\/\"},{\"@type\":\"ListItem\",\"position\":3,\"name\":\"Bilder &#038; Video\"}]},{\"@type\":\"WebSite\",\"@id\":\"https:\/\/hogtlagt.se\/karlstad\/#website\",\"url\":\"https:\/\/hogtlagt.se\/karlstad\/\",\"name\":\"H\u00f6gt &amp; L\u00e5gt Karlstad\",\"description\":\"\",\"potentialAction\":[{\"@type\":\"SearchAction\",\"target\":{\"@type\":\"EntryPoint\",\"urlTemplate\":\"https:\/\/hogtlagt.se\/karlstad\/?s={search_term_string}\"},\"query-input\":{\"@type\":\"PropertyValueSpecification\",\"valueRequired\":true,\"valueName\":\"search_term_string\"}}],\"inLanguage\":\"sv-SE\"}]}<\/script>\n<!-- \/ Yoast SEO plugin. -->","yoast_head_json":{"title":"Bilder och filmer fr\u00e5n H\u00f6gt&L\u00e5gt Kl\u00e4tterpark i Karlstad","description":"Bilder och filmer fr\u00e5n kl\u00e4tterparken i Karlstad. Boka tid f\u00f6r hela familjen, klassen eller f\u00f6retaget och ha kul p\u00e5 X kvm och Y hinder och utmaningar.","robots":{"index":"index","follow":"follow","max-snippet":"max-snippet:-1","max-image-preview":"max-image-preview:large","max-video-preview":"max-video-preview:-1"},"canonical":"https:\/\/hogtlagt.se\/karlstad\/klatterparken\/bilder-video\/","og_locale":"sv_SE","og_type":"article","og_title":"Bilder och filmer fr\u00e5n H\u00f6gt&L\u00e5gt Kl\u00e4tterpark i Karlstad","og_description":"Bilder och filmer fr\u00e5n kl\u00e4tterparken i Karlstad. Boka tid f\u00f6r hela familjen, klassen eller f\u00f6retaget och ha kul p\u00e5 X kvm och Y hinder och utmaningar.","og_url":"https:\/\/hogtlagt.se\/karlstad\/klatterparken\/bilder-video\/","og_site_name":"H\u00f6gt &amp; L\u00e5gt Karlstad","article_modified_time":"2024-02-15T12:24:43+00:00","og_image":[{"width":2560,"height":1707,"url":"https:\/\/hogtlagt.se\/karlstad\/wp-content\/uploads\/sites\/4\/2023\/10\/Bilder-och-video-1-scaled.jpg","type":"image\/jpeg"}],"twitter_card":"summary_large_image","twitter_misc":{"Ber\u00e4knad l\u00e4stid":"3 minuter"},"schema":{"@context":"https:\/\/schema.org","@graph":[{"@type":"WebPage","@id":"https:\/\/hogtlagt.se\/karlstad\/klatterparken\/bilder-video\/","url":"https:\/\/hogtlagt.se\/karlstad\/klatterparken\/bilder-video\/","name":"Bilder och filmer fr\u00e5n H\u00f6gt&L\u00e5gt Kl\u00e4tterpark i Karlstad","isPartOf":{"@id":"https:\/\/hogtlagt.se\/karlstad\/#website"},"primaryImageOfPage":{"@id":"https:\/\/hogtlagt.se\/karlstad\/klatterparken\/bilder-video\/#primaryimage"},"image":{"@id":"https:\/\/hogtlagt.se\/karlstad\/klatterparken\/bilder-video\/#primaryimage"},"thumbnailUrl":"https:\/\/hogtlagt.se\/karlstad\/wp-content\/uploads\/sites\/4\/2023\/10\/Bilder-och-video-1-scaled.jpg","datePublished":"2020-03-06T09:10:00+00:00","dateModified":"2024-02-15T12:24:43+00:00","description":"Bilder och filmer fr\u00e5n kl\u00e4tterparken i Karlstad. Boka tid f\u00f6r hela familjen, klassen eller f\u00f6retaget och ha kul p\u00e5 X kvm och Y hinder och utmaningar.","breadcrumb":{"@id":"https:\/\/hogtlagt.se\/karlstad\/klatterparken\/bilder-video\/#breadcrumb"},"inLanguage":"sv-SE","potentialAction":[{"@type":"ReadAction","target":["https:\/\/hogtlagt.se\/karlstad\/klatterparken\/bilder-video\/"]}]},{"@type":"ImageObject","inLanguage":"sv-SE","@id":"https:\/\/hogtlagt.se\/karlstad\/klatterparken\/bilder-video\/#primaryimage","url":"https:\/\/hogtlagt.se\/karlstad\/wp-content\/uploads\/sites\/4\/2023\/10\/Bilder-och-video-1-scaled.jpg","contentUrl":"https:\/\/hogtlagt.se\/karlstad\/wp-content\/uploads\/sites\/4\/2023\/10\/Bilder-och-video-1-scaled.jpg","width":2560,"height":1707,"caption":"Instrukt\u00f6r ber\u00e4ttar om hur det g\u00e5r till att kl\u00e4ttra i parken"},{"@type":"BreadcrumbList","@id":"https:\/\/hogtlagt.se\/karlstad\/klatterparken\/bilder-video\/#breadcrumb","itemListElement":[{"@type":"ListItem","position":1,"name":"Hem","item":"https:\/\/hogtlagt.se\/karlstad\/"},{"@type":"ListItem","position":2,"name":"Kl\u00e4tterparken","item":"https:\/\/hogtlagt.se\/karlstad\/klatterparken\/"},{"@type":"ListItem","position":3,"name":"Bilder &#038; Video"}]},{"@type":"WebSite","@id":"https:\/\/hogtlagt.se\/karlstad\/#website","url":"https:\/\/hogtlagt.se\/karlstad\/","name":"H\u00f6gt &amp; L\u00e5gt Karlstad","description":"","potentialAction":[{"@type":"SearchAction","target":{"@type":"EntryPoint","urlTemplate":"https:\/\/hogtlagt.se\/karlstad\/?s={search_term_string}"},"query-input":{"@type":"PropertyValueSpecification","valueRequired":true,"valueName":"search_term_string"}}],"inLanguage":"sv-SE"}]}},"_links":{"self":[{"href":"https:\/\/hogtlagt.se\/karlstad\/wp-json\/wp\/v2\/pages\/14","targetHints":{"allow":["GET"]}}],"collection":[{"href":"https:\/\/hogtlagt.se\/karlstad\/wp-json\/wp\/v2\/pages"}],"about":[{"href":"https:\/\/hogtlagt.se\/karlstad\/wp-json\/wp\/v2\/types\/page"}],"author":[{"embeddable":true,"href":"https:\/\/hogtlagt.se\/karlstad\/wp-json\/wp\/v2\/users\/1"}],"replies":[{"embeddable":true,"href":"https:\/\/hogtlagt.se\/karlstad\/wp-json\/wp\/v2\/comments?post=14"}],"version-history":[{"count":15,"href":"https:\/\/hogtlagt.se\/karlstad\/wp-json\/wp\/v2\/pages\/14\/revisions"}],"predecessor-version":[{"id":1450,"href":"https:\/\/hogtlagt.se\/karlstad\/wp-json\/wp\/v2\/pages\/14\/revisions\/1450"}],"up":[{"embeddable":true,"href":"https:\/\/hogtlagt.se\/karlstad\/wp-json\/wp\/v2\/pages\/10"}],"wp:featuredmedia":[{"embeddable":true,"href":"https:\/\/hogtlagt.se\/karlstad\/wp-json\/wp\/v2\/media\/1172"}],"wp:attachment":[{"href":"https:\/\/hogtlagt.se\/karlstad\/wp-json\/wp\/v2\/media?parent=14"}],"curies":[{"name":"wp","href":"https:\/\/api.w.org\/{rel}","templated":true}]}}