{"id":12,"date":"2020-03-06T10:09:48","date_gmt":"2020-03-06T09:09:48","guid":{"rendered":"http:\/\/hogtlagt.se.hemsida.eu\/karlstad\/?page_id=12"},"modified":"2024-07-16T08:19:58","modified_gmt":"2024-07-16T06:19:58","slug":"klatterbanorna","status":"publish","type":"page","link":"https:\/\/hogtlagt.se\/karlstad\/klatterparken\/klatterbanorna\/","title":{"rendered":"Kl\u00e4tterparken och v\u00e5ra h\u00f6gh\u00f6jdsbanor"},"content":{"rendered":"\n<div class=\"wp-block-cover alignfull\" style=\"min-height:600px;aspect-ratio:unset;\"><span aria-hidden=\"true\" class=\"wp-block-cover__background has-background-dim-20 has-background-dim\"><\/span><img loading=\"lazy\" decoding=\"async\" width=\"2048\" height=\"1365\" class=\"wp-block-cover__image-background wp-image-1130\" alt=\"\" src=\"https:\/\/hogtlagt.se\/karlstad\/wp-content\/uploads\/sites\/4\/2023\/10\/va\u030ara-ho\u0308gho\u0308jdsbanor.jpg\" data-object-fit=\"cover\" srcset=\"https:\/\/hogtlagt.se\/karlstad\/wp-content\/uploads\/sites\/4\/2023\/10\/va\u030ara-ho\u0308gho\u0308jdsbanor.jpg 2048w, https:\/\/hogtlagt.se\/karlstad\/wp-content\/uploads\/sites\/4\/2023\/10\/va\u030ara-ho\u0308gho\u0308jdsbanor-300x200.jpg 300w, https:\/\/hogtlagt.se\/karlstad\/wp-content\/uploads\/sites\/4\/2023\/10\/va\u030ara-ho\u0308gho\u0308jdsbanor-1024x683.jpg 1024w, https:\/\/hogtlagt.se\/karlstad\/wp-content\/uploads\/sites\/4\/2023\/10\/va\u030ara-ho\u0308gho\u0308jdsbanor-768x512.jpg 768w, https:\/\/hogtlagt.se\/karlstad\/wp-content\/uploads\/sites\/4\/2023\/10\/va\u030ara-ho\u0308gho\u0308jdsbanor-1536x1024.jpg 1536w\" sizes=\"auto, (max-width: 2048px) 100vw, 2048px\" \/><div class=\"wp-block-cover__inner-container has-global-padding is-layout-constrained wp-block-cover-is-layout-constrained\">\n<h2 class=\"wp-block-heading has-text-align-center\" style=\"font-size:55px\">Parken och v\u00e5ra banor<\/h2>\n<\/div><\/div>\n\n\n\n<div style=\"height:70px\" aria-hidden=\"true\" class=\"wp-block-spacer\"><\/div>\n\n\n\n<h2 class=\"wp-block-heading\">Kl\u00e4ttring och \u00e4ventyr l\u00e4ngs h\u00f6gh\u00f6jdsbanorna i Karlstad!<\/h2>\n\n\n\n<div style=\"height:43px\" aria-hidden=\"true\" class=\"wp-block-spacer\"><\/div>\n\n\n\n<p>Kl\u00e4tterparken i Karlstad \u00e4r vackert bel\u00e4gen i skogen vid Skutbergets friluftsomr\u00e5de. Parken \u00e4r \u00f6ppen f\u00f6r alla och det \u00e4r enbart de som ska kl\u00e4ttra som beh\u00f6ver k\u00f6pa biljett. Vi har gott om bord och sittplatser samt grillar, s\u00e5 se till att packa fikakorgen.<\/p>\n\n\n\n<p>N\u00e4r du k\u00f6per en biljett till parken f\u00e5r du under tre timmar kl\u00e4ttra s\u00e5 m\u00e5nga banor du vill s\u00e5 m\u00e5nga g\u00e5nger du vill (och orkar!). Ni k\u00f6per biljett efter \u00e5lder p\u00e5 den som ska kl\u00e4ttra och sedan f\u00e5r man kl\u00e4ttra alla banor d\u00e4r man uppfyller banans minimikrav p\u00e5 l\u00e4ngd. Barn under 6 \u00e5r m\u00e5ste ha med en kl\u00e4ttrande vuxen i de gr\u00f6na banorna (som g\u00e5r p\u00e5 3-6 meters h\u00f6jd) och barn under 10 m\u00e5ste ha med en kl\u00e4ttrande vuxen i de bl\u00e5 eller r\u00f6da banorna (som g\u00e5r p\u00e5 mellan 8+ meters h\u00f6jd). I den oranga banan (som g\u00e5r p\u00e5 ca 1 meters h\u00f6jd) kan en vuxen g\u00e5 vid sidan f\u00f6r att assistera.<\/p>\n\n\n\n<p>F\u00f6r att f\u00e5 kl\u00e4ttra g\u00e4ller:<br>-Maxvikt 120 kg<br>-Att du ej \u00e4r gravid<br>-att du ej \u00e4r p\u00e5verkad av alkohol eller andra droger<br>-Att du deltar i s\u00e4kerhetsgenomg\u00e5ngen samt s\u00e4tter dig in i parkens regler och f\u00f6ljer dessa (vi g\u00e5r igenom reglerna p\u00e5 s\u00e4kerhetsgenomg\u00e5ngen).<\/p>\n\n\n\n<p>Vi rekommenderar att kl\u00e4ttra med handskar, men det \u00e4r inget m\u00e5ste. Det g\u00e5r bra att ta med egna och vi s\u00e4ljer \u00e4ven handskar p\u00e5 plats f\u00f6r 35 kr\/paret.<\/p>\n\n\n\n<figure class=\"wp-block-image aligncenter size-large is-resized\"><img loading=\"lazy\" decoding=\"async\" width=\"790\" height=\"837\" src=\"https:\/\/hogtlagt.se\/karlstad\/wp-content\/uploads\/sites\/4\/2023\/12\/Lager-2-2.svg\" alt=\"\" class=\"wp-image-1298\" style=\"width:184px;height:auto\"\/><\/figure>\n\n\n\n<div style=\"height:55px\" aria-hidden=\"true\" class=\"wp-block-spacer\"><\/div>\n\n\n\n    <div class=\"icon-list\">\n\n            \n        <div class=\"icon-list-item\">\n            <div class=\"il-img\">\n                <img decoding=\"async\" src=\"https:\/\/hogtlagt.se\/karlstad\/wp-content\/uploads\/sites\/4\/2020\/03\/HL-ikon-14.svg\" class=\"attachment-icon size-icon\" alt=\"\" \/>            <\/div>\n            <div class=\"icon-list-content\">\n                <h3>BAN-BESKRIVNING<\/h3>\n                <p><b>Lillasyster<\/b><\/p>\n<p><span style=\"font-weight: 400;\">Minimil\u00e4ngd:<\/span><i><span style=\"font-weight: 400;\"> 80cm<\/span><\/i><\/p>\n<p><span style=\"font-weight: 400;\">Sv\u00e5righetsgrad: <\/span><i><span style=\"font-weight: 400;\">Orange (v\u00e4ldigt enkel)<br \/>\n<\/span><\/i><span style=\"font-weight: 400;\">H\u00f6jd: 1-1,5 meter<br \/>\nOm banan: V\u00e5r enklaste f\u00f6r parkens minsta bes\u00f6kare. H\u00e4r kan du som vuxen ocks\u00e5 g\u00e5 med p\u00e5 backen och hj\u00e4lpa till. Banan inneh\u00e5ller 8 sp\u00e4nnande hinder och avslutas med en zipline.<\/span><\/p>\n<p>&nbsp;<\/p>\n<p><b>\u00c4ntligen<\/b><\/p>\n<p><span style=\"font-weight: 400;\">Minimil\u00e4ngd: <em>110 cm<\/em><\/span><\/p>\n<p><span style=\"font-weight: 400;\">Sv\u00e5righetsgrad: <em>Ljusgr\u00f6n (enkel)<\/em><\/span><\/p>\n<p><span style=\"font-weight: 400;\">H\u00f6jd: 3-4 meter<br \/>\nOm banan: Den perfekta nyb\u00f6rjarbanan f\u00f6r stora och sm\u00e5. Prova p\u00e5 hur systemet fungerar bland 11 roliga hinder. Banorna g\u00e5r mellan 2-4 meter ovanf\u00f6r backen.<\/span><\/p>\n<p>&nbsp;<\/p>\n<p><b>Patrioten<\/b><\/p>\n<p><span style=\"font-weight: 400;\">Minimil\u00e4ngd: <\/span><i><span style=\"font-weight: 400;\">110cm<\/span><\/i><\/p>\n<p><span style=\"font-weight: 400;\">Sv\u00e5righetsgrad: <\/span><i><span style=\"font-weight: 400;\">M\u00f6rkgr\u00f6n (familj)<\/span><\/i><\/p>\n<p><span style=\"font-weight: 400;\">H\u00f6jd: 4-6 meter<br \/>\nOm banan: En spektakul\u00e4r bana med utmanande hinder. G\u00e5r lite h\u00f6gre den h\u00e4r g\u00e5ngen och avslutas med en 50 meter l\u00e5ng zipline.<\/span><\/p>\n<p>&nbsp;<\/p>\n<p><b>Stora Imse Vimse<\/b><\/p>\n<p><span style=\"font-weight: 400;\">Minimil\u00e4ngd: <\/span><i><span style=\"font-weight: 400;\">110cm<\/span><\/i><\/p>\n<p><span style=\"font-weight: 400;\">Sv\u00e5righetsgrad: <\/span><i><span style=\"font-weight: 400;\">M\u00f6rkgr\u00f6n (familj)<\/span><\/i><\/p>\n<p><span style=\"font-weight: 400;\">H\u00f6jd: 4-6 meter<br \/>\nOm banan: En sp\u00e4nnande bana som har en fin zipline, passar bra f\u00f6r dig som tycker den delen \u00e4r lite sv\u00e5r. Du f\u00e5r \u00e4ven vara f\u00f6rberedd p\u00e5 spindeln\u00e4t, kokosbollar och andra sp\u00e4nnande \u00f6verraskningar.<\/span><\/p>\n<p>&nbsp;<\/p>\n<p><b>Zip-it<\/b><\/p>\n<p><span style=\"font-weight: 400;\">Minimil\u00e4ngd: <\/span><i><span style=\"font-weight: 400;\">140cm<\/span><\/i><\/p>\n<p><span style=\"font-weight: 400;\">Sv\u00e5righetsgrad: <\/span><i><span style=\"font-weight: 400;\">Bl\u00e5 (familj)<\/span><\/i><\/p>\n<p><span style=\"font-weight: 400;\">H\u00f6jd: 8+ meter<br \/>\nOm banan: En av v\u00e5ra h\u00e4ftigaste banor d\u00e4r du drar ut p\u00e5 en l\u00e4ngre tur och rundar hela kl\u00e4tterparken. Inneh\u00e5ller inga sv\u00e5rare hinder bara massa l\u00e5nga h\u00e4rliga ziplines i varierande l\u00e4ngder. H\u00f6jden d\u00e5? Jo, nu b\u00f6rjar det blir luftigt under f\u00f6tterna.<\/span><\/p>\n<p>&nbsp;<\/p>\n<p><strong>Klar\u00e4lven\u00a0<\/strong><\/p>\n<p><span data-contrast=\"auto\">Minimil\u00e4ngd: <em>140 cm<\/em>\u00a0<\/span><\/p>\n<p><span data-contrast=\"auto\">Sv\u00e5righetsgrad: <em>M\u00f6rkbl\u00e5 (utmanande)<\/em><\/span><span data-ccp-props=\"{\">\u00a0<\/span><\/p>\n<p><span data-contrast=\"auto\">H\u00f6jd: 8+ meter<br \/>\nOm banan:\u00a0Det h\u00e4r \u00e4r en perfekt bana f\u00f6r dig som vill ha en utmaning. Den kanske inte \u00e4r superl\u00e5ng, men det betyder inte att den inte kommer testa b\u00e5de din styrka och uth\u00e5llighet! Du \u00e4r nu riktigt h\u00f6gt uppe,\u00a0och hindren r\u00f6r sig rej\u00e4lt under f\u00f6tterna, vi \u00f6nskar dig lycka till!<\/span><span data-contrast=\"auto\">\u00a0<\/span><\/p>\n<p>&nbsp;<\/p>\n<p><b>Aldrig mer<\/b><\/p>\n<p><span style=\"font-weight: 400;\">Minimil\u00e4ngd: <\/span><i><span style=\"font-weight: 400;\">150cm<\/span><\/i><\/p>\n<p><span style=\"font-weight: 400;\">Sv\u00e5righetsgrad:<\/span><i><span style=\"font-weight: 400;\"> R\u00f6d \/ Svart (utmaning)<\/span><\/i><\/p>\n<p><span style=\"font-weight: 400;\">H\u00f6jd: 8+ meter<br \/>\nOm banan: Det h\u00e4r \u00e4r en riktig utmaning utmaning som \u00e4r indelad i tv\u00e5 delar. Den f\u00f6rsta \u00e4r kr\u00e4ver b\u00e5de mod och styrka men \u00e4r \u00e4nd\u00e5 hanterbart f\u00f6r den som g\u00e5r ig\u00e5ng p\u00e5 galenskap. P\u00e5 de sista hindren g\u00e5r det \u00f6ver till en svart bana och du kommer kyssa gr\u00e4set n\u00e4r du kommer ner, vi s\u00e4ger Lycka till\u2026.<\/span><\/p>\n            <\/div>\n        <\/div>\n\n            \n    <\/div>\n\n    \n\n\n<div style=\"height:100px\" aria-hidden=\"true\" class=\"wp-block-spacer\"><\/div>\n\n\n\n<figure class=\"wp-block-image aligncenter size-large is-resized\"><img loading=\"lazy\" decoding=\"async\" width=\"872\" height=\"642\" src=\"https:\/\/hogtlagt.se\/karlstad\/wp-content\/uploads\/sites\/4\/2021\/04\/kartakarlstad.png\" alt=\"\" class=\"wp-image-425\" style=\"width:705px;height:523px\" srcset=\"https:\/\/hogtlagt.se\/karlstad\/wp-content\/uploads\/sites\/4\/2021\/04\/kartakarlstad.png 872w, https:\/\/hogtlagt.se\/karlstad\/wp-content\/uploads\/sites\/4\/2021\/04\/kartakarlstad-300x221.png 300w, https:\/\/hogtlagt.se\/karlstad\/wp-content\/uploads\/sites\/4\/2021\/04\/kartakarlstad-768x565.png 768w\" sizes=\"auto, (max-width: 872px) 100vw, 872px\" \/><\/figure>\n\n\n\n<div style=\"height:66px\" aria-hidden=\"true\" class=\"wp-block-spacer\"><\/div>\n\n\n\n<h2 class=\"wp-block-heading has-text-align-center\">Vad tycker v\u00e5ra g\u00e4ster?<\/h2>\n\n\n\n<div style=\"height:26px\" aria-hidden=\"true\" class=\"wp-block-spacer\"><\/div>\n\n\n<div class=\"gmb-reviews make-me-slick\" data-slick='{&quot;fade&quot;: false, \"adaptiveHeight\": true,\"arrows\": false,\"dots\": true,\"infinite\": true,\"autoplaySpeed\":5000,\"slidesToShow\":1, \"slidesToScroll\":1, \"autoplay\":false    }'><div class=\"gmb-review\" data=\"accounts\/113211944405253224958\/locations\/1320789147477472107\/reviews\/AbFvOqmNqsvhHULRLNPcYfb0FYB_VCm9jPO-ZCt18DcG2SKmM3STlNeQGD2_ZJ9hMxbG9Vv93Ky7\"><div class=\"gmb-review-inner\"><span class=\"review-rating\"><i class=\"fa fa-star\" aria-hidden=\"true\"><\/i><i class=\"fa fa-star\" aria-hidden=\"true\"><\/i><i class=\"fa fa-star\" aria-hidden=\"true\"><\/i><i class=\"fa fa-star\" aria-hidden=\"true\"><\/i><i class=\"fa fa-star\" aria-hidden=\"true\"><\/i><\/span><span class=\"review-reviewer\">maris maabergs<\/span><span class=\"review-date\">31 August, 2025<\/span><\/div><\/div><div class=\"gmb-review\" data=\"accounts\/113211944405253224958\/locations\/1320789147477472107\/reviews\/AbFvOqlpkJCOt00-Syco_wNFppPP3M6ngH0-0IRxLDDEOJ6NsrB8u5Zb-rCsn3mx9qz2XzYd5dtt\"><div class=\"gmb-review-inner\"><span class=\"review-rating\"><i class=\"fa fa-star\" aria-hidden=\"true\"><\/i><i class=\"fa fa-star\" aria-hidden=\"true\"><\/i><i class=\"fa fa-star\" aria-hidden=\"true\"><\/i><i class=\"fa fa-star\" aria-hidden=\"true\"><\/i><i class=\"fa fa-star\" aria-hidden=\"true\"><\/i><\/span><span class=\"review-reviewer\">Eddie Anderberg<\/span><span class=\"review-date\">7 August, 2025<\/span><\/div><\/div><div class=\"gmb-review\" data=\"accounts\/113211944405253224958\/locations\/1320789147477472107\/reviews\/AbFvOqlHfUAcvEhtMLseglv_5cgBTOpDUIVOeqFtYSrmOmG9fTEhe7Vc_BAK2QoTCii-HdoE27DimQ\"><div class=\"gmb-review-inner\"><span class=\"review-comment\"><i class=\"review-quotes fa fa-quote-left\" aria-hidden=\"true\"><\/i>Superkul och utmanande\n\n(Translated by Google)\nSuper fun and challenging<i class=\"review-quotes fa fa-quote-right\" aria-hidden=\"true\"><\/i><\/span><span class=\"review-rating\"><i class=\"fa fa-star\" aria-hidden=\"true\"><\/i><i class=\"fa fa-star\" aria-hidden=\"true\"><\/i><i class=\"fa fa-star\" aria-hidden=\"true\"><\/i><i class=\"fa fa-star\" aria-hidden=\"true\"><\/i><i class=\"fa fa-star\" aria-hidden=\"true\"><\/i><\/span><span class=\"review-reviewer\">Mikael Str\u00f6mberg<\/span><span class=\"review-date\">8 July, 2025<\/span><\/div><\/div><div class=\"gmb-review\" data=\"accounts\/113211944405253224958\/locations\/1320789147477472107\/reviews\/AbFvOqmh926eMHTPE1SWKurybsbrdW_T6JnB2T-CKoviEb0wOLb25TdhZPseQ-O9EP1WR2BUh_WEdw\"><div class=\"gmb-review-inner\"><span class=\"review-rating\"><i class=\"fa fa-star\" aria-hidden=\"true\"><\/i><i class=\"fa fa-star\" aria-hidden=\"true\"><\/i><i class=\"fa fa-star\" aria-hidden=\"true\"><\/i><i class=\"fa fa-star\" aria-hidden=\"true\"><\/i><\/span><span class=\"review-reviewer\">Edgar Harper<\/span><span class=\"review-date\">5 July, 2025<\/span><\/div><\/div><div class=\"gmb-review\" data=\"accounts\/113211944405253224958\/locations\/1320789147477472107\/reviews\/AbFvOqnujcABMRfgy9bzV1R7IFPtJW_iEpcDA8QYH4CK6MU1zsGwOZ3W8OTbTVRPULZFrYh5ZDp6Zw\"><div class=\"gmb-review-inner\"><span class=\"review-comment\"><i class=\"review-quotes fa fa-quote-left\" aria-hidden=\"true\"><\/i>Riktigt roligt st\u00e4lle! Passar f\u00f6r b\u00e5de barn och vuxna.\n\n(Translated by Google)\nReally fun place! Suitable for both children and adults.<i class=\"review-quotes fa fa-quote-right\" aria-hidden=\"true\"><\/i><\/span><span class=\"review-rating\"><i class=\"fa fa-star\" aria-hidden=\"true\"><\/i><i class=\"fa fa-star\" aria-hidden=\"true\"><\/i><i class=\"fa fa-star\" aria-hidden=\"true\"><\/i><i class=\"fa fa-star\" aria-hidden=\"true\"><\/i><i class=\"fa fa-star\" aria-hidden=\"true\"><\/i><\/span><span class=\"review-reviewer\">Ma O<\/span><span class=\"review-date\">22 September, 2024<\/span><\/div><\/div><\/div>\n\n\n\n<div style=\"height:100px\" aria-hidden=\"true\" class=\"wp-block-spacer\"><\/div>\n\n\n\n<div class=\"wp-block-cover alignfull\" style=\"min-height:376px;aspect-ratio:unset;\"><span aria-hidden=\"true\" class=\"wp-block-cover__background has-background-dim\"><\/span><img loading=\"lazy\" decoding=\"async\" width=\"2048\" height=\"1365\" class=\"wp-block-cover__image-background wp-image-1278\" alt=\"\" src=\"https:\/\/hogtlagt.se\/karlstad\/wp-content\/uploads\/sites\/4\/2023\/12\/Hogt-Lagt-WEBB-1235.jpg\" style=\"object-position:50% 66%\" data-object-fit=\"cover\" data-object-position=\"50% 66%\" srcset=\"https:\/\/hogtlagt.se\/karlstad\/wp-content\/uploads\/sites\/4\/2023\/12\/Hogt-Lagt-WEBB-1235.jpg 2048w, https:\/\/hogtlagt.se\/karlstad\/wp-content\/uploads\/sites\/4\/2023\/12\/Hogt-Lagt-WEBB-1235-300x200.jpg 300w, https:\/\/hogtlagt.se\/karlstad\/wp-content\/uploads\/sites\/4\/2023\/12\/Hogt-Lagt-WEBB-1235-1024x683.jpg 1024w, https:\/\/hogtlagt.se\/karlstad\/wp-content\/uploads\/sites\/4\/2023\/12\/Hogt-Lagt-WEBB-1235-768x512.jpg 768w, https:\/\/hogtlagt.se\/karlstad\/wp-content\/uploads\/sites\/4\/2023\/12\/Hogt-Lagt-WEBB-1235-1536x1024.jpg 1536w\" sizes=\"auto, (max-width: 2048px) 100vw, 2048px\" \/><div class=\"wp-block-cover__inner-container has-global-padding is-layout-constrained wp-block-cover-is-layout-constrained\">\n<p class=\"has-text-align-center\" style=\"font-size:25px\">Allt vi g\u00f6r genomsyras av v\u00e5ra grundl\u00e4ggande v\u00e4rden&nbsp;<em>Genomarbetat, S\u00e4kert, Innovativt, Inkluderande<\/em>&nbsp;och&nbsp;<em>Utmanande.<\/em>&nbsp;Vi \u00e4r drivna, vi arbetar h\u00e5rt, vi brinner f\u00f6r varje kunds upplevelse, vi \u00e4r med och utvecklar branschen och vi har j\u00e4kligt roligt medans vi g\u00f6r det!<\/p>\n<\/div><\/div>\n","protected":false},"excerpt":{"rendered":"<p>Kl\u00e4ttring och \u00e4ventyr l\u00e4ngs h\u00f6gh\u00f6jdsbanorna i Karlstad! Kl\u00e4tterparken i Karlstad \u00e4r vackert bel\u00e4gen i skogen vid Skutbergets friluftsomr\u00e5de. Parken \u00e4r \u00f6ppen f\u00f6r alla och det \u00e4r enbart de som ska&#8230;<\/p>\n","protected":false},"author":1,"featured_media":1169,"parent":10,"menu_order":1,"comment_status":"closed","ping_status":"closed","template":"templates\/empty.php","meta":{"_acf_changed":false,"inline_featured_image":false,"footnotes":""},"class_list":["post-12","page","type-page","status-publish","has-post-thumbnail"],"acf":[],"yoast_head":"<!-- This site is optimized with the Yoast SEO plugin v26.1.1 - https:\/\/yoast.com\/wordpress\/plugins\/seo\/ -->\n<title>V\u00e5ra kl\u00e4tterbanor i Karlstad. Aktiviteter f\u00f6r barn och vuxna!<\/title>\n<meta name=\"description\" content=\"I Karlstad har vi dessa h\u00f6gh\u00f6jdsbanor.. Boka tid f\u00f6r hela familjen, klassen eller f\u00f6retaget och ha kul p\u00e5 X kvm och Y hinder och utmaningar.\" \/>\n<meta name=\"robots\" content=\"index, follow, max-snippet:-1, max-image-preview:large, max-video-preview:-1\" \/>\n<link rel=\"canonical\" href=\"https:\/\/hogtlagt.se\/karlstad\/klatterparken\/klatterbanorna\/\" \/>\n<meta property=\"og:locale\" content=\"sv_SE\" \/>\n<meta property=\"og:type\" content=\"article\" \/>\n<meta property=\"og:title\" content=\"V\u00e5ra kl\u00e4tterbanor i Karlstad. Aktiviteter f\u00f6r barn och vuxna!\" \/>\n<meta property=\"og:description\" content=\"I Karlstad har vi dessa h\u00f6gh\u00f6jdsbanor.. Boka tid f\u00f6r hela familjen, klassen eller f\u00f6retaget och ha kul p\u00e5 X kvm och Y hinder och utmaningar.\" \/>\n<meta property=\"og:url\" content=\"https:\/\/hogtlagt.se\/karlstad\/klatterparken\/klatterbanorna\/\" \/>\n<meta property=\"og:site_name\" content=\"H\u00f6gt &amp; L\u00e5gt Karlstad\" \/>\n<meta property=\"article:modified_time\" content=\"2024-07-16T06:19:58+00:00\" \/>\n<meta property=\"og:image\" content=\"https:\/\/hogtlagt.se\/karlstad\/wp-content\/uploads\/sites\/4\/2023\/10\/va\u030ara-ho\u0308gho\u0308jdsbanor-1.jpg\" \/>\n\t<meta property=\"og:image:width\" content=\"2048\" \/>\n\t<meta property=\"og:image:height\" content=\"1365\" \/>\n\t<meta property=\"og:image:type\" content=\"image\/jpeg\" \/>\n<meta name=\"twitter:card\" content=\"summary_large_image\" \/>\n<meta name=\"twitter:label1\" content=\"Ber\u00e4knad l\u00e4stid\" \/>\n\t<meta name=\"twitter:data1\" content=\"3 minuter\" \/>\n<script type=\"application\/ld+json\" class=\"yoast-schema-graph\">{\"@context\":\"https:\/\/schema.org\",\"@graph\":[{\"@type\":\"WebPage\",\"@id\":\"https:\/\/hogtlagt.se\/karlstad\/klatterparken\/klatterbanorna\/\",\"url\":\"https:\/\/hogtlagt.se\/karlstad\/klatterparken\/klatterbanorna\/\",\"name\":\"V\u00e5ra kl\u00e4tterbanor i Karlstad. Aktiviteter f\u00f6r barn och vuxna!\",\"isPartOf\":{\"@id\":\"https:\/\/hogtlagt.se\/karlstad\/#website\"},\"primaryImageOfPage\":{\"@id\":\"https:\/\/hogtlagt.se\/karlstad\/klatterparken\/klatterbanorna\/#primaryimage\"},\"image\":{\"@id\":\"https:\/\/hogtlagt.se\/karlstad\/klatterparken\/klatterbanorna\/#primaryimage\"},\"thumbnailUrl\":\"https:\/\/hogtlagt.se\/karlstad\/wp-content\/uploads\/sites\/4\/2023\/10\/va\u030ara-ho\u0308gho\u0308jdsbanor-1.jpg\",\"datePublished\":\"2020-03-06T09:09:48+00:00\",\"dateModified\":\"2024-07-16T06:19:58+00:00\",\"description\":\"I Karlstad har vi dessa h\u00f6gh\u00f6jdsbanor.. Boka tid f\u00f6r hela familjen, klassen eller f\u00f6retaget och ha kul p\u00e5 X kvm och Y hinder och utmaningar.\",\"breadcrumb\":{\"@id\":\"https:\/\/hogtlagt.se\/karlstad\/klatterparken\/klatterbanorna\/#breadcrumb\"},\"inLanguage\":\"sv-SE\",\"potentialAction\":[{\"@type\":\"ReadAction\",\"target\":[\"https:\/\/hogtlagt.se\/karlstad\/klatterparken\/klatterbanorna\/\"]}]},{\"@type\":\"ImageObject\",\"inLanguage\":\"sv-SE\",\"@id\":\"https:\/\/hogtlagt.se\/karlstad\/klatterparken\/klatterbanorna\/#primaryimage\",\"url\":\"https:\/\/hogtlagt.se\/karlstad\/wp-content\/uploads\/sites\/4\/2023\/10\/va\u030ara-ho\u0308gho\u0308jdsbanor-1.jpg\",\"contentUrl\":\"https:\/\/hogtlagt.se\/karlstad\/wp-content\/uploads\/sites\/4\/2023\/10\/va\u030ara-ho\u0308gho\u0308jdsbanor-1.jpg\",\"width\":2048,\"height\":1365,\"caption\":\"20200607 H\u00f6gt &amp; L\u00e5gt i Karlstad. Foto: Fredrik Karlsson\/SolstaFoto\"},{\"@type\":\"BreadcrumbList\",\"@id\":\"https:\/\/hogtlagt.se\/karlstad\/klatterparken\/klatterbanorna\/#breadcrumb\",\"itemListElement\":[{\"@type\":\"ListItem\",\"position\":1,\"name\":\"Hem\",\"item\":\"https:\/\/hogtlagt.se\/karlstad\/\"},{\"@type\":\"ListItem\",\"position\":2,\"name\":\"Kl\u00e4tterparken\",\"item\":\"https:\/\/hogtlagt.se\/karlstad\/klatterparken\/\"},{\"@type\":\"ListItem\",\"position\":3,\"name\":\"Kl\u00e4tterparken och v\u00e5ra h\u00f6gh\u00f6jdsbanor\"}]},{\"@type\":\"WebSite\",\"@id\":\"https:\/\/hogtlagt.se\/karlstad\/#website\",\"url\":\"https:\/\/hogtlagt.se\/karlstad\/\",\"name\":\"H\u00f6gt &amp; L\u00e5gt Karlstad\",\"description\":\"\",\"potentialAction\":[{\"@type\":\"SearchAction\",\"target\":{\"@type\":\"EntryPoint\",\"urlTemplate\":\"https:\/\/hogtlagt.se\/karlstad\/?s={search_term_string}\"},\"query-input\":{\"@type\":\"PropertyValueSpecification\",\"valueRequired\":true,\"valueName\":\"search_term_string\"}}],\"inLanguage\":\"sv-SE\"}]}<\/script>\n<!-- \/ Yoast SEO plugin. -->","yoast_head_json":{"title":"V\u00e5ra kl\u00e4tterbanor i Karlstad. Aktiviteter f\u00f6r barn och vuxna!","description":"I Karlstad har vi dessa h\u00f6gh\u00f6jdsbanor.. Boka tid f\u00f6r hela familjen, klassen eller f\u00f6retaget och ha kul p\u00e5 X kvm och Y hinder och utmaningar.","robots":{"index":"index","follow":"follow","max-snippet":"max-snippet:-1","max-image-preview":"max-image-preview:large","max-video-preview":"max-video-preview:-1"},"canonical":"https:\/\/hogtlagt.se\/karlstad\/klatterparken\/klatterbanorna\/","og_locale":"sv_SE","og_type":"article","og_title":"V\u00e5ra kl\u00e4tterbanor i Karlstad. Aktiviteter f\u00f6r barn och vuxna!","og_description":"I Karlstad har vi dessa h\u00f6gh\u00f6jdsbanor.. Boka tid f\u00f6r hela familjen, klassen eller f\u00f6retaget och ha kul p\u00e5 X kvm och Y hinder och utmaningar.","og_url":"https:\/\/hogtlagt.se\/karlstad\/klatterparken\/klatterbanorna\/","og_site_name":"H\u00f6gt &amp; L\u00e5gt Karlstad","article_modified_time":"2024-07-16T06:19:58+00:00","og_image":[{"width":2048,"height":1365,"url":"https:\/\/hogtlagt.se\/karlstad\/wp-content\/uploads\/sites\/4\/2023\/10\/va\u030ara-ho\u0308gho\u0308jdsbanor-1.jpg","type":"image\/jpeg"}],"twitter_card":"summary_large_image","twitter_misc":{"Ber\u00e4knad l\u00e4stid":"3 minuter"},"schema":{"@context":"https:\/\/schema.org","@graph":[{"@type":"WebPage","@id":"https:\/\/hogtlagt.se\/karlstad\/klatterparken\/klatterbanorna\/","url":"https:\/\/hogtlagt.se\/karlstad\/klatterparken\/klatterbanorna\/","name":"V\u00e5ra kl\u00e4tterbanor i Karlstad. Aktiviteter f\u00f6r barn och vuxna!","isPartOf":{"@id":"https:\/\/hogtlagt.se\/karlstad\/#website"},"primaryImageOfPage":{"@id":"https:\/\/hogtlagt.se\/karlstad\/klatterparken\/klatterbanorna\/#primaryimage"},"image":{"@id":"https:\/\/hogtlagt.se\/karlstad\/klatterparken\/klatterbanorna\/#primaryimage"},"thumbnailUrl":"https:\/\/hogtlagt.se\/karlstad\/wp-content\/uploads\/sites\/4\/2023\/10\/va\u030ara-ho\u0308gho\u0308jdsbanor-1.jpg","datePublished":"2020-03-06T09:09:48+00:00","dateModified":"2024-07-16T06:19:58+00:00","description":"I Karlstad har vi dessa h\u00f6gh\u00f6jdsbanor.. Boka tid f\u00f6r hela familjen, klassen eller f\u00f6retaget och ha kul p\u00e5 X kvm och Y hinder och utmaningar.","breadcrumb":{"@id":"https:\/\/hogtlagt.se\/karlstad\/klatterparken\/klatterbanorna\/#breadcrumb"},"inLanguage":"sv-SE","potentialAction":[{"@type":"ReadAction","target":["https:\/\/hogtlagt.se\/karlstad\/klatterparken\/klatterbanorna\/"]}]},{"@type":"ImageObject","inLanguage":"sv-SE","@id":"https:\/\/hogtlagt.se\/karlstad\/klatterparken\/klatterbanorna\/#primaryimage","url":"https:\/\/hogtlagt.se\/karlstad\/wp-content\/uploads\/sites\/4\/2023\/10\/va\u030ara-ho\u0308gho\u0308jdsbanor-1.jpg","contentUrl":"https:\/\/hogtlagt.se\/karlstad\/wp-content\/uploads\/sites\/4\/2023\/10\/va\u030ara-ho\u0308gho\u0308jdsbanor-1.jpg","width":2048,"height":1365,"caption":"20200607 H\u00f6gt &amp; L\u00e5gt i Karlstad. Foto: Fredrik Karlsson\/SolstaFoto"},{"@type":"BreadcrumbList","@id":"https:\/\/hogtlagt.se\/karlstad\/klatterparken\/klatterbanorna\/#breadcrumb","itemListElement":[{"@type":"ListItem","position":1,"name":"Hem","item":"https:\/\/hogtlagt.se\/karlstad\/"},{"@type":"ListItem","position":2,"name":"Kl\u00e4tterparken","item":"https:\/\/hogtlagt.se\/karlstad\/klatterparken\/"},{"@type":"ListItem","position":3,"name":"Kl\u00e4tterparken och v\u00e5ra h\u00f6gh\u00f6jdsbanor"}]},{"@type":"WebSite","@id":"https:\/\/hogtlagt.se\/karlstad\/#website","url":"https:\/\/hogtlagt.se\/karlstad\/","name":"H\u00f6gt &amp; L\u00e5gt Karlstad","description":"","potentialAction":[{"@type":"SearchAction","target":{"@type":"EntryPoint","urlTemplate":"https:\/\/hogtlagt.se\/karlstad\/?s={search_term_string}"},"query-input":{"@type":"PropertyValueSpecification","valueRequired":true,"valueName":"search_term_string"}}],"inLanguage":"sv-SE"}]}},"_links":{"self":[{"href":"https:\/\/hogtlagt.se\/karlstad\/wp-json\/wp\/v2\/pages\/12","targetHints":{"allow":["GET"]}}],"collection":[{"href":"https:\/\/hogtlagt.se\/karlstad\/wp-json\/wp\/v2\/pages"}],"about":[{"href":"https:\/\/hogtlagt.se\/karlstad\/wp-json\/wp\/v2\/types\/page"}],"author":[{"embeddable":true,"href":"https:\/\/hogtlagt.se\/karlstad\/wp-json\/wp\/v2\/users\/1"}],"replies":[{"embeddable":true,"href":"https:\/\/hogtlagt.se\/karlstad\/wp-json\/wp\/v2\/comments?post=12"}],"version-history":[{"count":46,"href":"https:\/\/hogtlagt.se\/karlstad\/wp-json\/wp\/v2\/pages\/12\/revisions"}],"predecessor-version":[{"id":1513,"href":"https:\/\/hogtlagt.se\/karlstad\/wp-json\/wp\/v2\/pages\/12\/revisions\/1513"}],"up":[{"embeddable":true,"href":"https:\/\/hogtlagt.se\/karlstad\/wp-json\/wp\/v2\/pages\/10"}],"wp:featuredmedia":[{"embeddable":true,"href":"https:\/\/hogtlagt.se\/karlstad\/wp-json\/wp\/v2\/media\/1169"}],"wp:attachment":[{"href":"https:\/\/hogtlagt.se\/karlstad\/wp-json\/wp\/v2\/media?parent=12"}],"curies":[{"name":"wp","href":"https:\/\/api.w.org\/{rel}","templated":true}]}}