{"id":712,"date":"2021-12-10T11:28:36","date_gmt":"2021-12-10T10:28:36","guid":{"rendered":"https:\/\/hogtlagt.se\/jonkoping\/?page_id=712"},"modified":"2023-12-28T15:44:50","modified_gmt":"2023-12-28T14:44:50","slug":"directions-to-the-climbingpark-in-jonkoping","status":"publish","type":"page","link":"https:\/\/hogtlagt.se\/jonkoping\/en\/before-your-visit\/directions-to-the-climbingpark-in-jonkoping\/","title":{"rendered":"Directions to the climbingpark in J\u00f6nk\u00f6ping"},"content":{"rendered":"\n<div class=\"wp-block-cover alignfull\" style=\"min-height:600px;aspect-ratio:unset;\"><span aria-hidden=\"true\" class=\"wp-block-cover__background has-background-dim-30 has-background-dim\"><\/span><img loading=\"lazy\" decoding=\"async\" width=\"2560\" height=\"1920\" class=\"wp-block-cover__image-background wp-image-1367\" alt=\"\" src=\"https:\/\/hogtlagt.se\/jonkoping\/wp-content\/uploads\/sites\/10\/2023\/10\/Va\u0308gbeskrivning-1-scaled.jpg\" style=\"object-position:58% 76%\" data-object-fit=\"cover\" data-object-position=\"58% 76%\" srcset=\"https:\/\/hogtlagt.se\/jonkoping\/wp-content\/uploads\/sites\/10\/2023\/10\/Va\u0308gbeskrivning-1-scaled.jpg 2560w, https:\/\/hogtlagt.se\/jonkoping\/wp-content\/uploads\/sites\/10\/2023\/10\/Va\u0308gbeskrivning-1-300x225.jpg 300w, https:\/\/hogtlagt.se\/jonkoping\/wp-content\/uploads\/sites\/10\/2023\/10\/Va\u0308gbeskrivning-1-1024x768.jpg 1024w, https:\/\/hogtlagt.se\/jonkoping\/wp-content\/uploads\/sites\/10\/2023\/10\/Va\u0308gbeskrivning-1-768x576.jpg 768w, https:\/\/hogtlagt.se\/jonkoping\/wp-content\/uploads\/sites\/10\/2023\/10\/Va\u0308gbeskrivning-1-1536x1152.jpg 1536w, https:\/\/hogtlagt.se\/jonkoping\/wp-content\/uploads\/sites\/10\/2023\/10\/Va\u0308gbeskrivning-1-2048x1536.jpg 2048w\" sizes=\"auto, (max-width: 2560px) 100vw, 2560px\" \/><div class=\"wp-block-cover__inner-container has-global-padding is-layout-constrained wp-block-cover-is-layout-constrained\">\n<h2 class=\"wp-block-heading has-text-align-center\" style=\"font-size:55px\">Find us<\/h2>\n<\/div><\/div>\n\n\n\n<div style=\"height:100px\" aria-hidden=\"true\" class=\"wp-block-spacer\"><\/div>\n\n\n\n<h2 class=\"wp-block-heading has-large-font-size\">Here you find H\u00f6gt &amp; L\u00e5gt J\u00f6nk\u00f6ping<\/h2>\n\n\n\n    <div class=\"icon-list\">\n\n            \n        <div class=\"icon-list-item\">\n            <div class=\"il-img\">\n                <img decoding=\"async\" src=\"https:\/\/hogtlagt.se\/jonkoping\/wp-content\/uploads\/sites\/10\/2020\/03\/HL-ikon-11.svg\" class=\"attachment-icon size-icon\" alt=\"\" \/>            <\/div>\n            <div class=\"icon-list-content\">\n                <h3>Adress<\/h3>\n                <p><span class=\"TextRun SCXW187586962 BCX0\" lang=\"SV-SE\" xml:lang=\"SV-SE\" data-contrast=\"none\"><span class=\"NormalTextRun SCXW187586962 BCX0\">Gamla v\u00e4gen 8-20, right\u00a0<\/span><span class=\"SpellingError SCXW187586962 BCX0\">next<\/span><span class=\"NormalTextRun SCXW187586962 BCX0\">\u00a0to Axamo beach and camping site, just\u00a0<\/span><span class=\"SpellingError SCXW187586962 BCX0\">outside<\/span><span class=\"NormalTextRun SCXW187586962 BCX0\">\u00a0<\/span><span class=\"SpellingError SCXW187586962 BCX0\">of<\/span><span class=\"NormalTextRun SCXW187586962 BCX0\">\u00a0J\u00f6nk\u00f6ping<\/span><\/span><span class=\"EOP SCXW187586962 BCX0\" data-ccp-props=\"{&quot;201341983&quot;:0,&quot;335559739&quot;:160,&quot;335559740&quot;:259}\">\u00a0<\/span><\/p>\n            <\/div>\n        <\/div>\n\n                    <hr>\n                    \n        <div class=\"icon-list-item\">\n            <div class=\"il-img\">\n                <img decoding=\"async\" src=\"https:\/\/hogtlagt.se\/jonkoping\/wp-content\/uploads\/sites\/10\/2020\/03\/HL-ikon-11.svg\" class=\"attachment-icon size-icon\" alt=\"\" \/>            <\/div>\n            <div class=\"icon-list-content\">\n                <h3>Map<\/h3>\n                <p><a href=\"https:\/\/www.google.com\/maps\/place\/H%C3%B6gt+%26+L%C3%A5gt+J%C3%B6nk%C3%B6ping+-+Kl%C3%A4tterpark%2FH%C3%B6gh%C3%B6jdsbana\/@57.7764423,14.0615731,17z\/data=!3m1!4b1!4m6!3m5!1s0x465a6f6df57e8ca9:0x530d46de969254df!8m2!3d57.7764395!4d14.064148!16s%2Fg%2F11q1wq9862?entry=ttu\" target=\"_blank\" rel=\"noreferrer noopener\">Google Maps<\/a><\/p>\n            <\/div>\n        <\/div>\n\n                    <hr>\n                    \n        <div class=\"icon-list-item\">\n            <div class=\"il-img\">\n                <img decoding=\"async\" src=\"https:\/\/hogtlagt.se\/jonkoping\/wp-content\/uploads\/sites\/10\/2020\/03\/HL-ikon-11.svg\" class=\"attachment-icon size-icon\" alt=\"\" \/>            <\/div>\n            <div class=\"icon-list-content\">\n                <h3>By car<\/h3>\n                <p><span class=\"NormalTextRun  BCX0 SCXW162453798\">If you are coming from J\u00f6nk\u00f6ping or\u00a0<\/span><span class=\"SpellingError  BCX0 SCXW162453798\">Ulricehamn<\/span><span class=\"NormalTextRun  BCX0 SCXW162453798\">, you exit road 40\u00a0<\/span><span class=\"NormalTextRun  BCX0 SCXW162453798\">towards\u00a0<\/span><span class=\"SpellingError  BCX0 SCXW162453798\">Mariebo<\/span><span class=\"NormalTextRun  BCX0 SCXW162453798\">\/<\/span><span class=\"SpellingError  BCX0 SCXW162453798\">Axamo<\/span><span class=\"NormalTextRun  BCX0 SCXW162453798\">.\u00a0<\/span><span class=\"NormalTextRun  BCX0 SCXW162453798\">Then\u00a0<\/span><span class=\"NormalTextRun  BCX0 SCXW162453798\">turn left toward\u00a0<\/span><span class=\"SpellingError  BCX0 SCXW162453798\">Axamo<\/span><span class=\"NormalTextRun  BCX0 SCXW162453798\">. Drive for a couple of minutes\u00a0<\/span><span class=\"NormalTextRun  BCX0 SCXW162453798\">until you approach a large parking space and the\u00a0<\/span><span class=\"SpellingError  BCX0 SCXW162453798\">Axamo<\/span><span class=\"NormalTextRun  BCX0 SCXW162453798\">\u00a0camping site and beach on your righthand side.<\/span><span class=\"NormalTextRun  BCX0 SCXW162453798\">\u00a0<\/span><span class=\"NormalTextRun  BCX0 SCXW162453798\">You find our reception next to the beach and camping site.<\/span><\/p>\n            <\/div>\n        <\/div>\n\n                    <hr>\n                    \n        <div class=\"icon-list-item\">\n            <div class=\"il-img\">\n                <img decoding=\"async\" src=\"https:\/\/hogtlagt.se\/jonkoping\/wp-content\/uploads\/sites\/10\/2020\/03\/HL-ikon-11.svg\" class=\"attachment-icon size-icon\" alt=\"\" \/>            <\/div>\n            <div class=\"icon-list-content\">\n                <h3>By train or bus<\/h3>\n                <p><span data-contrast=\"auto\">From the city centre of J\u00f6nk\u00f6ping,\u00a0you can take the bus toward the \u201ctrafik\u00f6vningsplats\u00a0Axamo\u201d. From here, there is a\u00a0fifteen-minute\u00a0walk to the\u00a0Axamo\u00a0camping site where you find our park.\u00a0\u00a0<\/span><span data-ccp-props=\"{&quot;201341983&quot;:0,&quot;335559739&quot;:160,&quot;335559740&quot;:259}\">\u00a0<\/span><\/p>\n<p><span data-contrast=\"auto\">Thank you for choosing an environmentally friendly option! You will also be warmed up and ready when you arrive, so it\u00b4s a win\u00a0win!<\/span><\/p>\n            <\/div>\n        <\/div>\n\n                    <hr>\n            \n    <\/div>\n\n    \n\n\n<div style=\"height:100px\" aria-hidden=\"true\" class=\"wp-block-spacer\"><\/div>\n\n\n\n<div class=\"wp-block-cover alignfull\" style=\"min-height:376px;aspect-ratio:unset;\"><span aria-hidden=\"true\" class=\"wp-block-cover__background has-background-dim\"><\/span><img loading=\"lazy\" decoding=\"async\" width=\"2048\" height=\"1365\" class=\"wp-block-cover__image-background wp-image-1545\" alt=\"\" src=\"https:\/\/hogtlagt.se\/jonkoping\/wp-content\/uploads\/sites\/10\/2023\/12\/Hogt-Lagt-WEBB-1235.jpg\" style=\"object-position:50% 66%\" data-object-fit=\"cover\" data-object-position=\"50% 66%\" srcset=\"https:\/\/hogtlagt.se\/jonkoping\/wp-content\/uploads\/sites\/10\/2023\/12\/Hogt-Lagt-WEBB-1235.jpg 2048w, https:\/\/hogtlagt.se\/jonkoping\/wp-content\/uploads\/sites\/10\/2023\/12\/Hogt-Lagt-WEBB-1235-300x200.jpg 300w, https:\/\/hogtlagt.se\/jonkoping\/wp-content\/uploads\/sites\/10\/2023\/12\/Hogt-Lagt-WEBB-1235-1024x683.jpg 1024w, https:\/\/hogtlagt.se\/jonkoping\/wp-content\/uploads\/sites\/10\/2023\/12\/Hogt-Lagt-WEBB-1235-768x512.jpg 768w, https:\/\/hogtlagt.se\/jonkoping\/wp-content\/uploads\/sites\/10\/2023\/12\/Hogt-Lagt-WEBB-1235-1536x1024.jpg 1536w\" sizes=\"auto, (max-width: 2048px) 100vw, 2048px\" \/><div class=\"wp-block-cover__inner-container has-global-padding is-layout-constrained wp-block-cover-is-layout-constrained\">\n<p class=\"has-text-align-center\" style=\"font-size:25px\">Everything we do stems from our fundamental values\u00a0<em>Thorough, Safe, Innovative, Including<\/em>\u00a0and\u00a0<em>Challenging<\/em>. We are passionate, we work hard, we care about the experience of each single visitor, we take part in the development of this industry and we have SO much fun along the way!<\/p>\n<\/div><\/div>\n","protected":false},"excerpt":{"rendered":"<p>Here you find H\u00f6gt &amp; L\u00e5gt J\u00f6nk\u00f6ping<\/p>\n","protected":false},"author":6,"featured_media":1367,"parent":676,"menu_order":3,"comment_status":"closed","ping_status":"closed","template":"templates\/empty.php","meta":{"_acf_changed":false,"inline_featured_image":false,"footnotes":""},"class_list":["post-712","page","type-page","status-publish","has-post-thumbnail"],"acf":[],"yoast_head":"<!-- This site is optimized with the Yoast SEO plugin v26.1.1 - https:\/\/yoast.com\/wordpress\/plugins\/seo\/ -->\n<title>Directions to the climbingpark in J\u00f6nk\u00f6ping - H\u00f6gt &amp; L\u00e5gt J\u00f6nk\u00f6ping<\/title>\n<meta name=\"description\" content=\"H\u00e4r hittar du v\u00e5r adress och v\u00e4gbeskrivningen f\u00f6r att komma r\u00e4tt. Du kan ta dig hit med bil, t\u00e5g eller buss.\" \/>\n<meta name=\"robots\" content=\"index, follow, max-snippet:-1, max-image-preview:large, max-video-preview:-1\" \/>\n<link rel=\"canonical\" href=\"https:\/\/hogtlagt.se\/jonkoping\/en\/before-your-visit\/directions-to-the-climbingpark-in-jonkoping\/\" \/>\n<meta property=\"og:locale\" content=\"sv_SE\" \/>\n<meta property=\"og:type\" content=\"article\" \/>\n<meta property=\"og:title\" content=\"Directions to the climbingpark in J\u00f6nk\u00f6ping - H\u00f6gt &amp; L\u00e5gt J\u00f6nk\u00f6ping\" \/>\n<meta property=\"og:description\" content=\"H\u00e4r hittar du v\u00e5r adress och v\u00e4gbeskrivningen f\u00f6r att komma r\u00e4tt. Du kan ta dig hit med bil, t\u00e5g eller buss.\" \/>\n<meta property=\"og:url\" content=\"https:\/\/hogtlagt.se\/jonkoping\/en\/before-your-visit\/directions-to-the-climbingpark-in-jonkoping\/\" \/>\n<meta property=\"og:site_name\" content=\"H\u00f6gt &amp; L\u00e5gt J\u00f6nk\u00f6ping\" \/>\n<meta property=\"article:modified_time\" content=\"2023-12-28T14:44:50+00:00\" \/>\n<meta property=\"og:image\" content=\"https:\/\/hogtlagt.se\/jonkoping\/wp-content\/uploads\/sites\/10\/2023\/10\/Va\u0308gbeskrivning-1-scaled.jpg\" \/>\n\t<meta property=\"og:image:width\" content=\"2560\" \/>\n\t<meta property=\"og:image:height\" content=\"1920\" \/>\n\t<meta property=\"og:image:type\" content=\"image\/jpeg\" \/>\n<meta name=\"twitter:card\" content=\"summary_large_image\" \/>\n<meta name=\"twitter:label1\" content=\"Ber\u00e4knad l\u00e4stid\" \/>\n\t<meta name=\"twitter:data1\" content=\"1 minut\" \/>\n<script type=\"application\/ld+json\" class=\"yoast-schema-graph\">{\"@context\":\"https:\/\/schema.org\",\"@graph\":[{\"@type\":\"WebPage\",\"@id\":\"https:\/\/hogtlagt.se\/jonkoping\/en\/before-your-visit\/directions-to-the-climbingpark-in-jonkoping\/\",\"url\":\"https:\/\/hogtlagt.se\/jonkoping\/en\/before-your-visit\/directions-to-the-climbingpark-in-jonkoping\/\",\"name\":\"Directions to the climbingpark in J\u00f6nk\u00f6ping - H\u00f6gt &amp; L\u00e5gt J\u00f6nk\u00f6ping\",\"isPartOf\":{\"@id\":\"https:\/\/hogtlagt.se\/jonkoping\/#website\"},\"primaryImageOfPage\":{\"@id\":\"https:\/\/hogtlagt.se\/jonkoping\/en\/before-your-visit\/directions-to-the-climbingpark-in-jonkoping\/#primaryimage\"},\"image\":{\"@id\":\"https:\/\/hogtlagt.se\/jonkoping\/en\/before-your-visit\/directions-to-the-climbingpark-in-jonkoping\/#primaryimage\"},\"thumbnailUrl\":\"https:\/\/hogtlagt.se\/jonkoping\/wp-content\/uploads\/sites\/10\/2023\/10\/Va\u0308gbeskrivning-1-scaled.jpg\",\"datePublished\":\"2021-12-10T10:28:36+00:00\",\"dateModified\":\"2023-12-28T14:44:50+00:00\",\"description\":\"H\u00e4r hittar du v\u00e5r adress och v\u00e4gbeskrivningen f\u00f6r att komma r\u00e4tt. Du kan ta dig hit med bil, t\u00e5g eller buss.\",\"breadcrumb\":{\"@id\":\"https:\/\/hogtlagt.se\/jonkoping\/en\/before-your-visit\/directions-to-the-climbingpark-in-jonkoping\/#breadcrumb\"},\"inLanguage\":\"sv-SE\",\"potentialAction\":[{\"@type\":\"ReadAction\",\"target\":[\"https:\/\/hogtlagt.se\/jonkoping\/en\/before-your-visit\/directions-to-the-climbingpark-in-jonkoping\/\"]}]},{\"@type\":\"ImageObject\",\"inLanguage\":\"sv-SE\",\"@id\":\"https:\/\/hogtlagt.se\/jonkoping\/en\/before-your-visit\/directions-to-the-climbingpark-in-jonkoping\/#primaryimage\",\"url\":\"https:\/\/hogtlagt.se\/jonkoping\/wp-content\/uploads\/sites\/10\/2023\/10\/Va\u0308gbeskrivning-1-scaled.jpg\",\"contentUrl\":\"https:\/\/hogtlagt.se\/jonkoping\/wp-content\/uploads\/sites\/10\/2023\/10\/Va\u0308gbeskrivning-1-scaled.jpg\",\"width\":2560,\"height\":1920,\"caption\":\"Vacker bild p\u00e5 stig i parken d\u00e4r solen str\u00e5lar ner mellan tr\u00e4den\"},{\"@type\":\"BreadcrumbList\",\"@id\":\"https:\/\/hogtlagt.se\/jonkoping\/en\/before-your-visit\/directions-to-the-climbingpark-in-jonkoping\/#breadcrumb\",\"itemListElement\":[{\"@type\":\"ListItem\",\"position\":1,\"name\":\"Hem\",\"item\":\"https:\/\/hogtlagt.se\/jonkoping\/\"},{\"@type\":\"ListItem\",\"position\":2,\"name\":\"Before your visit\",\"item\":\"https:\/\/hogtlagt.se\/jonkoping\/en\/before-your-visit\/\"},{\"@type\":\"ListItem\",\"position\":3,\"name\":\"Directions to the climbingpark in J\u00f6nk\u00f6ping\"}]},{\"@type\":\"WebSite\",\"@id\":\"https:\/\/hogtlagt.se\/jonkoping\/#website\",\"url\":\"https:\/\/hogtlagt.se\/jonkoping\/\",\"name\":\"H\u00f6gt &amp; L\u00e5gt J\u00f6nk\u00f6ping\",\"description\":\"\u00c4nnu en webbplats hos H\u00f6gt &amp; L\u00e5gt\",\"potentialAction\":[{\"@type\":\"SearchAction\",\"target\":{\"@type\":\"EntryPoint\",\"urlTemplate\":\"https:\/\/hogtlagt.se\/jonkoping\/?s={search_term_string}\"},\"query-input\":{\"@type\":\"PropertyValueSpecification\",\"valueRequired\":true,\"valueName\":\"search_term_string\"}}],\"inLanguage\":\"sv-SE\"}]}<\/script>\n<!-- \/ Yoast SEO plugin. -->","yoast_head_json":{"title":"Directions to the climbingpark in J\u00f6nk\u00f6ping - H\u00f6gt &amp; L\u00e5gt J\u00f6nk\u00f6ping","description":"H\u00e4r hittar du v\u00e5r adress och v\u00e4gbeskrivningen f\u00f6r att komma r\u00e4tt. Du kan ta dig hit med bil, t\u00e5g eller buss.","robots":{"index":"index","follow":"follow","max-snippet":"max-snippet:-1","max-image-preview":"max-image-preview:large","max-video-preview":"max-video-preview:-1"},"canonical":"https:\/\/hogtlagt.se\/jonkoping\/en\/before-your-visit\/directions-to-the-climbingpark-in-jonkoping\/","og_locale":"sv_SE","og_type":"article","og_title":"Directions to the climbingpark in J\u00f6nk\u00f6ping - H\u00f6gt &amp; L\u00e5gt J\u00f6nk\u00f6ping","og_description":"H\u00e4r hittar du v\u00e5r adress och v\u00e4gbeskrivningen f\u00f6r att komma r\u00e4tt. Du kan ta dig hit med bil, t\u00e5g eller buss.","og_url":"https:\/\/hogtlagt.se\/jonkoping\/en\/before-your-visit\/directions-to-the-climbingpark-in-jonkoping\/","og_site_name":"H\u00f6gt &amp; L\u00e5gt J\u00f6nk\u00f6ping","article_modified_time":"2023-12-28T14:44:50+00:00","og_image":[{"width":2560,"height":1920,"url":"https:\/\/hogtlagt.se\/jonkoping\/wp-content\/uploads\/sites\/10\/2023\/10\/Va\u0308gbeskrivning-1-scaled.jpg","type":"image\/jpeg"}],"twitter_card":"summary_large_image","twitter_misc":{"Ber\u00e4knad l\u00e4stid":"1 minut"},"schema":{"@context":"https:\/\/schema.org","@graph":[{"@type":"WebPage","@id":"https:\/\/hogtlagt.se\/jonkoping\/en\/before-your-visit\/directions-to-the-climbingpark-in-jonkoping\/","url":"https:\/\/hogtlagt.se\/jonkoping\/en\/before-your-visit\/directions-to-the-climbingpark-in-jonkoping\/","name":"Directions to the climbingpark in J\u00f6nk\u00f6ping - H\u00f6gt &amp; L\u00e5gt J\u00f6nk\u00f6ping","isPartOf":{"@id":"https:\/\/hogtlagt.se\/jonkoping\/#website"},"primaryImageOfPage":{"@id":"https:\/\/hogtlagt.se\/jonkoping\/en\/before-your-visit\/directions-to-the-climbingpark-in-jonkoping\/#primaryimage"},"image":{"@id":"https:\/\/hogtlagt.se\/jonkoping\/en\/before-your-visit\/directions-to-the-climbingpark-in-jonkoping\/#primaryimage"},"thumbnailUrl":"https:\/\/hogtlagt.se\/jonkoping\/wp-content\/uploads\/sites\/10\/2023\/10\/Va\u0308gbeskrivning-1-scaled.jpg","datePublished":"2021-12-10T10:28:36+00:00","dateModified":"2023-12-28T14:44:50+00:00","description":"H\u00e4r hittar du v\u00e5r adress och v\u00e4gbeskrivningen f\u00f6r att komma r\u00e4tt. Du kan ta dig hit med bil, t\u00e5g eller buss.","breadcrumb":{"@id":"https:\/\/hogtlagt.se\/jonkoping\/en\/before-your-visit\/directions-to-the-climbingpark-in-jonkoping\/#breadcrumb"},"inLanguage":"sv-SE","potentialAction":[{"@type":"ReadAction","target":["https:\/\/hogtlagt.se\/jonkoping\/en\/before-your-visit\/directions-to-the-climbingpark-in-jonkoping\/"]}]},{"@type":"ImageObject","inLanguage":"sv-SE","@id":"https:\/\/hogtlagt.se\/jonkoping\/en\/before-your-visit\/directions-to-the-climbingpark-in-jonkoping\/#primaryimage","url":"https:\/\/hogtlagt.se\/jonkoping\/wp-content\/uploads\/sites\/10\/2023\/10\/Va\u0308gbeskrivning-1-scaled.jpg","contentUrl":"https:\/\/hogtlagt.se\/jonkoping\/wp-content\/uploads\/sites\/10\/2023\/10\/Va\u0308gbeskrivning-1-scaled.jpg","width":2560,"height":1920,"caption":"Vacker bild p\u00e5 stig i parken d\u00e4r solen str\u00e5lar ner mellan tr\u00e4den"},{"@type":"BreadcrumbList","@id":"https:\/\/hogtlagt.se\/jonkoping\/en\/before-your-visit\/directions-to-the-climbingpark-in-jonkoping\/#breadcrumb","itemListElement":[{"@type":"ListItem","position":1,"name":"Hem","item":"https:\/\/hogtlagt.se\/jonkoping\/"},{"@type":"ListItem","position":2,"name":"Before your visit","item":"https:\/\/hogtlagt.se\/jonkoping\/en\/before-your-visit\/"},{"@type":"ListItem","position":3,"name":"Directions to the climbingpark in J\u00f6nk\u00f6ping"}]},{"@type":"WebSite","@id":"https:\/\/hogtlagt.se\/jonkoping\/#website","url":"https:\/\/hogtlagt.se\/jonkoping\/","name":"H\u00f6gt &amp; L\u00e5gt J\u00f6nk\u00f6ping","description":"\u00c4nnu en webbplats hos H\u00f6gt &amp; L\u00e5gt","potentialAction":[{"@type":"SearchAction","target":{"@type":"EntryPoint","urlTemplate":"https:\/\/hogtlagt.se\/jonkoping\/?s={search_term_string}"},"query-input":{"@type":"PropertyValueSpecification","valueRequired":true,"valueName":"search_term_string"}}],"inLanguage":"sv-SE"}]}},"_links":{"self":[{"href":"https:\/\/hogtlagt.se\/jonkoping\/wp-json\/wp\/v2\/pages\/712","targetHints":{"allow":["GET"]}}],"collection":[{"href":"https:\/\/hogtlagt.se\/jonkoping\/wp-json\/wp\/v2\/pages"}],"about":[{"href":"https:\/\/hogtlagt.se\/jonkoping\/wp-json\/wp\/v2\/types\/page"}],"author":[{"embeddable":true,"href":"https:\/\/hogtlagt.se\/jonkoping\/wp-json\/wp\/v2\/users\/6"}],"replies":[{"embeddable":true,"href":"https:\/\/hogtlagt.se\/jonkoping\/wp-json\/wp\/v2\/comments?post=712"}],"version-history":[{"count":5,"href":"https:\/\/hogtlagt.se\/jonkoping\/wp-json\/wp\/v2\/pages\/712\/revisions"}],"predecessor-version":[{"id":1622,"href":"https:\/\/hogtlagt.se\/jonkoping\/wp-json\/wp\/v2\/pages\/712\/revisions\/1622"}],"up":[{"embeddable":true,"href":"https:\/\/hogtlagt.se\/jonkoping\/wp-json\/wp\/v2\/pages\/676"}],"wp:featuredmedia":[{"embeddable":true,"href":"https:\/\/hogtlagt.se\/jonkoping\/wp-json\/wp\/v2\/media\/1367"}],"wp:attachment":[{"href":"https:\/\/hogtlagt.se\/jonkoping\/wp-json\/wp\/v2\/media?parent=712"}],"curies":[{"name":"wp","href":"https:\/\/api.w.org\/{rel}","templated":true}]}}