{"id":652,"date":"2021-12-07T08:45:20","date_gmt":"2021-12-07T07:45:20","guid":{"rendered":"https:\/\/hogtlagt.se\/jonkoping\/?page_id=652"},"modified":"2022-01-26T11:45:47","modified_gmt":"2022-01-26T10:45:47","slug":"tickets","status":"publish","type":"page","link":"https:\/\/hogtlagt.se\/jonkoping\/en\/tickets\/","title":{"rendered":"Tickets"},"content":{"rendered":"<p>[checkfront options=tabs lang_id=&#8221;en&#8221;]<\/p>\n\n\n\n<div style=\"height:100px\" aria-hidden=\"true\" class=\"wp-block-spacer\"><\/div>\n\n\n\n<p><meta charset=\"utf-8\"><strong>To load the booking form, you need to give consent to our Cookie policy and click Accept all cookies.<\/strong><\/p>\n\n\n\n<div class=\"wp-block-buttons is-layout-flex wp-block-buttons-is-layout-flex\">\n<div class=\"wp-block-button\"><a class=\"wp-block-button__link has-background\" href=\"#cookiesAndContentPolicySettings\" style=\"background-color:#19a300\">Accept all cookies<\/a><\/div>\n<\/div>\n\n\n\n<div style=\"height:100px\" aria-hidden=\"true\" class=\"wp-block-spacer\"><\/div>\n","protected":false},"excerpt":{"rendered":"<p>To load the booking form, you need to give consent to our Cookie policy and click Accept all cookies.<\/p>\n","protected":false},"author":6,"featured_media":0,"parent":0,"menu_order":0,"comment_status":"closed","ping_status":"closed","template":"templates\/tickets.php","meta":{"_acf_changed":false,"inline_featured_image":false,"footnotes":""},"class_list":["post-652","page","type-page","status-publish"],"acf":[],"yoast_head":"<!-- This site is optimized with the Yoast SEO plugin v26.1.1 - https:\/\/yoast.com\/wordpress\/plugins\/seo\/ -->\n<title>K\u00f6p biljett idag till J\u00f6nk\u00f6ping Kl\u00e4tterpark - Kl\u00e4ttra i 3 tim!<\/title>\n<meta name=\"description\" content=\"Boka biljett idag till J\u00f6nk\u00f6ping Kl\u00e4tterpark - Kl\u00e4ttra s\u00e5 mycket du vill i 3 tim. Se bilder och filmer p\u00e5 sajten. Varmt v\u00e4lkommen!\" \/>\n<meta name=\"robots\" content=\"index, follow, max-snippet:-1, max-image-preview:large, max-video-preview:-1\" \/>\n<link rel=\"canonical\" href=\"https:\/\/hogtlagt.se\/jonkoping\/en\/tickets\/\" \/>\n<meta property=\"og:locale\" content=\"sv_SE\" \/>\n<meta property=\"og:type\" content=\"article\" \/>\n<meta property=\"og:title\" content=\"K\u00f6p biljett idag till J\u00f6nk\u00f6ping Kl\u00e4tterpark - Kl\u00e4ttra i 3 tim!\" \/>\n<meta property=\"og:description\" content=\"Boka biljett idag till J\u00f6nk\u00f6ping Kl\u00e4tterpark - Kl\u00e4ttra s\u00e5 mycket du vill i 3 tim. Se bilder och filmer p\u00e5 sajten. Varmt v\u00e4lkommen!\" \/>\n<meta property=\"og:url\" content=\"https:\/\/hogtlagt.se\/jonkoping\/en\/tickets\/\" \/>\n<meta property=\"og:site_name\" content=\"H\u00f6gt &amp; L\u00e5gt J\u00f6nk\u00f6ping\" \/>\n<meta property=\"article:modified_time\" content=\"2022-01-26T10:45:47+00:00\" \/>\n<meta name=\"twitter:card\" content=\"summary_large_image\" \/>\n<meta name=\"twitter:label1\" content=\"Ber\u00e4knad l\u00e4stid\" \/>\n\t<meta name=\"twitter:data1\" content=\"1 minut\" \/>\n<script type=\"application\/ld+json\" class=\"yoast-schema-graph\">{\"@context\":\"https:\/\/schema.org\",\"@graph\":[{\"@type\":\"WebPage\",\"@id\":\"https:\/\/hogtlagt.se\/jonkoping\/en\/tickets\/\",\"url\":\"https:\/\/hogtlagt.se\/jonkoping\/en\/tickets\/\",\"name\":\"K\u00f6p biljett idag till J\u00f6nk\u00f6ping Kl\u00e4tterpark - Kl\u00e4ttra i 3 tim!\",\"isPartOf\":{\"@id\":\"https:\/\/hogtlagt.se\/jonkoping\/#website\"},\"datePublished\":\"2021-12-07T07:45:20+00:00\",\"dateModified\":\"2022-01-26T10:45:47+00:00\",\"description\":\"Boka biljett idag till J\u00f6nk\u00f6ping Kl\u00e4tterpark - Kl\u00e4ttra s\u00e5 mycket du vill i 3 tim. Se bilder och filmer p\u00e5 sajten. Varmt v\u00e4lkommen!\",\"breadcrumb\":{\"@id\":\"https:\/\/hogtlagt.se\/jonkoping\/en\/tickets\/#breadcrumb\"},\"inLanguage\":\"sv-SE\",\"potentialAction\":[{\"@type\":\"ReadAction\",\"target\":[\"https:\/\/hogtlagt.se\/jonkoping\/en\/tickets\/\"]}]},{\"@type\":\"BreadcrumbList\",\"@id\":\"https:\/\/hogtlagt.se\/jonkoping\/en\/tickets\/#breadcrumb\",\"itemListElement\":[{\"@type\":\"ListItem\",\"position\":1,\"name\":\"Hem\",\"item\":\"https:\/\/hogtlagt.se\/jonkoping\/\"},{\"@type\":\"ListItem\",\"position\":2,\"name\":\"Tickets\"}]},{\"@type\":\"WebSite\",\"@id\":\"https:\/\/hogtlagt.se\/jonkoping\/#website\",\"url\":\"https:\/\/hogtlagt.se\/jonkoping\/\",\"name\":\"H\u00f6gt &amp; L\u00e5gt J\u00f6nk\u00f6ping\",\"description\":\"\u00c4nnu en webbplats hos H\u00f6gt &amp; L\u00e5gt\",\"potentialAction\":[{\"@type\":\"SearchAction\",\"target\":{\"@type\":\"EntryPoint\",\"urlTemplate\":\"https:\/\/hogtlagt.se\/jonkoping\/?s={search_term_string}\"},\"query-input\":{\"@type\":\"PropertyValueSpecification\",\"valueRequired\":true,\"valueName\":\"search_term_string\"}}],\"inLanguage\":\"sv-SE\"}]}<\/script>\n<!-- \/ Yoast SEO plugin. -->","yoast_head_json":{"title":"K\u00f6p biljett idag till J\u00f6nk\u00f6ping Kl\u00e4tterpark - Kl\u00e4ttra i 3 tim!","description":"Boka biljett idag till J\u00f6nk\u00f6ping Kl\u00e4tterpark - Kl\u00e4ttra s\u00e5 mycket du vill i 3 tim. Se bilder och filmer p\u00e5 sajten. Varmt v\u00e4lkommen!","robots":{"index":"index","follow":"follow","max-snippet":"max-snippet:-1","max-image-preview":"max-image-preview:large","max-video-preview":"max-video-preview:-1"},"canonical":"https:\/\/hogtlagt.se\/jonkoping\/en\/tickets\/","og_locale":"sv_SE","og_type":"article","og_title":"K\u00f6p biljett idag till J\u00f6nk\u00f6ping Kl\u00e4tterpark - Kl\u00e4ttra i 3 tim!","og_description":"Boka biljett idag till J\u00f6nk\u00f6ping Kl\u00e4tterpark - Kl\u00e4ttra s\u00e5 mycket du vill i 3 tim. Se bilder och filmer p\u00e5 sajten. Varmt v\u00e4lkommen!","og_url":"https:\/\/hogtlagt.se\/jonkoping\/en\/tickets\/","og_site_name":"H\u00f6gt &amp; L\u00e5gt J\u00f6nk\u00f6ping","article_modified_time":"2022-01-26T10:45:47+00:00","twitter_card":"summary_large_image","twitter_misc":{"Ber\u00e4knad l\u00e4stid":"1 minut"},"schema":{"@context":"https:\/\/schema.org","@graph":[{"@type":"WebPage","@id":"https:\/\/hogtlagt.se\/jonkoping\/en\/tickets\/","url":"https:\/\/hogtlagt.se\/jonkoping\/en\/tickets\/","name":"K\u00f6p biljett idag till J\u00f6nk\u00f6ping Kl\u00e4tterpark - Kl\u00e4ttra i 3 tim!","isPartOf":{"@id":"https:\/\/hogtlagt.se\/jonkoping\/#website"},"datePublished":"2021-12-07T07:45:20+00:00","dateModified":"2022-01-26T10:45:47+00:00","description":"Boka biljett idag till J\u00f6nk\u00f6ping Kl\u00e4tterpark - Kl\u00e4ttra s\u00e5 mycket du vill i 3 tim. Se bilder och filmer p\u00e5 sajten. Varmt v\u00e4lkommen!","breadcrumb":{"@id":"https:\/\/hogtlagt.se\/jonkoping\/en\/tickets\/#breadcrumb"},"inLanguage":"sv-SE","potentialAction":[{"@type":"ReadAction","target":["https:\/\/hogtlagt.se\/jonkoping\/en\/tickets\/"]}]},{"@type":"BreadcrumbList","@id":"https:\/\/hogtlagt.se\/jonkoping\/en\/tickets\/#breadcrumb","itemListElement":[{"@type":"ListItem","position":1,"name":"Hem","item":"https:\/\/hogtlagt.se\/jonkoping\/"},{"@type":"ListItem","position":2,"name":"Tickets"}]},{"@type":"WebSite","@id":"https:\/\/hogtlagt.se\/jonkoping\/#website","url":"https:\/\/hogtlagt.se\/jonkoping\/","name":"H\u00f6gt &amp; L\u00e5gt J\u00f6nk\u00f6ping","description":"\u00c4nnu en webbplats hos H\u00f6gt &amp; L\u00e5gt","potentialAction":[{"@type":"SearchAction","target":{"@type":"EntryPoint","urlTemplate":"https:\/\/hogtlagt.se\/jonkoping\/?s={search_term_string}"},"query-input":{"@type":"PropertyValueSpecification","valueRequired":true,"valueName":"search_term_string"}}],"inLanguage":"sv-SE"}]}},"_links":{"self":[{"href":"https:\/\/hogtlagt.se\/jonkoping\/wp-json\/wp\/v2\/pages\/652","targetHints":{"allow":["GET"]}}],"collection":[{"href":"https:\/\/hogtlagt.se\/jonkoping\/wp-json\/wp\/v2\/pages"}],"about":[{"href":"https:\/\/hogtlagt.se\/jonkoping\/wp-json\/wp\/v2\/types\/page"}],"author":[{"embeddable":true,"href":"https:\/\/hogtlagt.se\/jonkoping\/wp-json\/wp\/v2\/users\/6"}],"replies":[{"embeddable":true,"href":"https:\/\/hogtlagt.se\/jonkoping\/wp-json\/wp\/v2\/comments?post=652"}],"version-history":[{"count":3,"href":"https:\/\/hogtlagt.se\/jonkoping\/wp-json\/wp\/v2\/pages\/652\/revisions"}],"predecessor-version":[{"id":791,"href":"https:\/\/hogtlagt.se\/jonkoping\/wp-json\/wp\/v2\/pages\/652\/revisions\/791"}],"wp:attachment":[{"href":"https:\/\/hogtlagt.se\/jonkoping\/wp-json\/wp\/v2\/media?parent=652"}],"curies":[{"name":"wp","href":"https:\/\/api.w.org\/{rel}","templated":true}]}}