{"id":22,"date":"2020-02-28T12:47:13","date_gmt":"2020-02-28T11:47:13","guid":{"rendered":"http:\/\/hogtlagt.se.hemsida.eu\/rattvik\/?page_id=22"},"modified":"2025-07-23T10:40:02","modified_gmt":"2025-07-23T08:40:02","slug":"praktisk-info","status":"publish","type":"page","link":"https:\/\/hogtlagt.se\/jonkoping\/infor-besoket\/praktisk-info\/","title":{"rendered":"Praktisk Info"},"content":{"rendered":"\n<div class=\"wp-block-cover alignfull\" style=\"min-height:600px;aspect-ratio:unset;\"><img loading=\"lazy\" decoding=\"async\" width=\"2560\" height=\"1707\" class=\"wp-block-cover__image-background wp-image-1334\" alt=\"\" src=\"https:\/\/hogtlagt.se\/jonkoping\/wp-content\/uploads\/sites\/10\/2023\/10\/Praktisk-info-info\u0308r-beso\u0308ket-scaled.jpg\" data-object-fit=\"cover\" srcset=\"https:\/\/hogtlagt.se\/jonkoping\/wp-content\/uploads\/sites\/10\/2023\/10\/Praktisk-info-info\u0308r-beso\u0308ket-scaled.jpg 2560w, https:\/\/hogtlagt.se\/jonkoping\/wp-content\/uploads\/sites\/10\/2023\/10\/Praktisk-info-info\u0308r-beso\u0308ket-300x200.jpg 300w, https:\/\/hogtlagt.se\/jonkoping\/wp-content\/uploads\/sites\/10\/2023\/10\/Praktisk-info-info\u0308r-beso\u0308ket-1024x683.jpg 1024w, https:\/\/hogtlagt.se\/jonkoping\/wp-content\/uploads\/sites\/10\/2023\/10\/Praktisk-info-info\u0308r-beso\u0308ket-768x512.jpg 768w, https:\/\/hogtlagt.se\/jonkoping\/wp-content\/uploads\/sites\/10\/2023\/10\/Praktisk-info-info\u0308r-beso\u0308ket-1536x1024.jpg 1536w, https:\/\/hogtlagt.se\/jonkoping\/wp-content\/uploads\/sites\/10\/2023\/10\/Praktisk-info-info\u0308r-beso\u0308ket-2048x1365.jpg 2048w\" sizes=\"auto, (max-width: 2560px) 100vw, 2560px\" \/><span aria-hidden=\"true\" class=\"wp-block-cover__background has-background-dim-20 has-background-dim\"><\/span><div class=\"wp-block-cover__inner-container has-global-padding is-layout-constrained wp-block-cover-is-layout-constrained\">\n<h2 class=\"wp-block-heading has-text-align-center\" style=\"font-size:55px\">Praktisk info inf\u00f6r bes\u00f6ket<\/h2>\n<\/div><\/div>\n\n\n\n<div style=\"height:49px\" aria-hidden=\"true\" class=\"wp-block-spacer\"><\/div>\n\n\n\n<div class=\"wp-block-columns is-layout-flex wp-container-core-columns-is-layout-28f84493 wp-block-columns-is-layout-flex\">\n<div class=\"wp-block-column is-layout-flow wp-block-column-is-layout-flow\">\n<p><strong>H\u00e4r \u00e4r bra och praktisk info inf\u00f6r ert bes\u00f6k<\/strong>.&nbsp;<strong>Se till att komma pepp och taggade s\u00e5 tar vi hand om resten. Gl\u00f6m inte far- och morf\u00f6r\u00e4ldrarna, fikakorgen och solkr\u00e4men s\u00e5 ses vi i parken. V\u00e4lkomna!<\/strong><\/p>\n<\/div>\n\n\n\n<div class=\"wp-block-column is-layout-flow wp-block-column-is-layout-flow\">\n<figure class=\"wp-block-image aligncenter size-large is-resized\"><img loading=\"lazy\" decoding=\"async\" width=\"201\" height=\"271\" src=\"https:\/\/hogtlagt.se\/jonkoping\/wp-content\/uploads\/sites\/10\/2023\/12\/Group-576-2.svg\" alt=\"\" class=\"wp-image-1543\" style=\"width:171px;height:auto\"\/><\/figure>\n<\/div>\n<\/div>\n\n\n\n<div style=\"height:37px\" aria-hidden=\"true\" class=\"wp-block-spacer\"><\/div>\n\n\n\n<h2 class=\"wp-block-heading\">Praktisk information:<\/h2>\n\n\n\n    <div class=\"icon-list\">\n\n            \n        <div class=\"icon-list-item\">\n            <div class=\"il-img\">\n                <img decoding=\"async\" src=\"https:\/\/hogtlagt.se\/jonkoping\/wp-content\/uploads\/sites\/10\/2020\/03\/HL-ikon-8.svg\" class=\"attachment-icon size-icon\" alt=\"\" \/>            <\/div>\n            <div class=\"icon-list-content\">\n                <h3>H\u00f6jdkrav<\/h3>\n                <p>Banorna \u00e4r indelade i sv\u00e5righetsgrader med f\u00e4rgkoder, precis som i en skidanl\u00e4ggning. V\u00e5r enklaste \u00e4r orange, d\u00e4refter f\u00f6ljer gr\u00f6na och sedan ljusbl\u00e5, m\u00f6rkbl\u00e5 och r\u00f6d, som \u00e4r den sv\u00e5raste banan.<\/p>\n<p>Minimil\u00e4ngd p\u00e5 de olika banorna \u00e4r:<br \/>\n<strong>Orange<\/strong>: Minst 80 cm.<br \/>\n<strong>Gr\u00f6n\/M\u00f6rkgr\u00f6n<\/strong>: Minst 110 cm.<\/p>\n<p><strong>Bl\u00e5<\/strong>: Minst 140 cm.<br \/>\n<strong>R\u00f6d<\/strong>: Minst 150cm.<\/p>\n<p>&nbsp;<\/p>\n<p>Ut\u00f6ver l\u00e4ngdkrav g\u00e4ller \u00e4ven att barn under 6 \u00e5r m\u00e5ste ha en kl\u00e4ttrande vuxen med i de gr\u00f6na banorna, och barn under 10 \u00e5r m\u00e5ste ha en kl\u00e4ttrande vuxen med i de bl\u00e5 och r\u00f6da banorna.<\/p>\n            <\/div>\n        <\/div>\n\n                    <hr>\n                    \n        <div class=\"icon-list-item\">\n            <div class=\"il-img\">\n                <img decoding=\"async\" src=\"https:\/\/hogtlagt.se\/jonkoping\/wp-content\/uploads\/sites\/10\/2020\/03\/HL-ikon-7.svg\" class=\"attachment-icon size-icon\" alt=\"\" \/>            <\/div>\n            <div class=\"icon-list-content\">\n                <h3>Deltagarvillkor<\/h3>\n                <p>F\u00f6r alla som ska kl\u00e4ttra i parken g\u00e4ller f\u00f6ljande:<br \/>\n-Maxvikt 120 kg<br \/>\n-Ej gravid<br \/>\n-Ej p\u00e5verkad av alkohol eller andra droger<\/p>\n<p>-Alla som ska kl\u00e4ttra ska delta p\u00e5 en instrukt\u00f6rsledd s\u00e4kerhetsgenomg\u00e5ng samt s\u00e4tta sig in i och f\u00f6lja parken regler (reglerna g\u00e5r vi igenom p\u00e5 s\u00e4kerhetsgenomg\u00e5ngen).<\/p>\n            <\/div>\n        <\/div>\n\n                    <hr>\n                    \n        <div class=\"icon-list-item\">\n            <div class=\"il-img\">\n                <img decoding=\"async\" src=\"https:\/\/hogtlagt.se\/jonkoping\/wp-content\/uploads\/sites\/10\/2020\/03\/HL-ikon-6.svg\" class=\"attachment-icon size-icon\" alt=\"\" \/>            <\/div>\n            <div class=\"icon-list-content\">\n                <h3>K\u00f6p av biljetter<\/h3>\n                <p>Boka dina biljetter <a href=\"https:\/\/hogtlagt.se\/jonkoping\/biljetter\/\">h\u00e4r<\/a>. Det finns ocks\u00e5 m\u00f6jlighet att k\u00f6pa biljetter p\u00e5 plats vid uthyrningsboden men antal biljetter f\u00f6r drop-in \u00e4r mycket begr\u00e4nsat.<\/p>\n            <\/div>\n        <\/div>\n\n                    <hr>\n                    \n        <div class=\"icon-list-item\">\n            <div class=\"il-img\">\n                <img decoding=\"async\" src=\"https:\/\/hogtlagt.se\/jonkoping\/wp-content\/uploads\/sites\/10\/2020\/03\/HL-ikon-5.svg\" class=\"attachment-icon size-icon\" alt=\"\" \/>            <\/div>\n            <div class=\"icon-list-content\">\n                <h3>S\u00e4kerhet &#038; s\u00e4kerhetsgenomg\u00e5ng<\/h3>\n                <p>Alla som ska kl\u00e4ttra i parken m\u00e5ste genomf\u00f6ra en obligatorisk s\u00e4kerhetsgenomg\u00e5ng med en instrukt\u00f6r och d\u00e4refter kl\u00e4ttra v\u00e5r tr\u00e4ningsbana under uppsikt av en instrukt\u00f6r. S\u00e4kerhetsgenomg\u00e5ngen ing\u00e5r i din kl\u00e4ttertid och startar n\u00e4r din kl\u00e4ttertid startar. D\u00e4rf\u00f6r \u00e4r det bra om du \u00e4r p\u00e5 plats 10-15 min innan din kl\u00e4ttertid startar f\u00f6r att f\u00e5 din utrustning.<\/p>\n<p>&nbsp;<\/p>\n<p>S\u00e4kerhetsgenomg\u00e5ngen \u00e4r ett krav och den skall g\u00f6ras en g\u00e5ng per s\u00e4song. Dagar n\u00e4r det \u00e4r mycket folk i parken kan det bli lite v\u00e4ntetid vid det h\u00e4r momentet. Var uppm\u00e4rksam under genomg\u00e5ngen s\u00e5 minimeras ocks\u00e5 v\u00e4ntetiden.<\/p>\n            <\/div>\n        <\/div>\n\n                    <hr>\n                    \n        <div class=\"icon-list-item\">\n            <div class=\"il-img\">\n                <img decoding=\"async\" src=\"https:\/\/hogtlagt.se\/jonkoping\/wp-content\/uploads\/sites\/10\/2020\/03\/HL-ikon-4.svg\" class=\"attachment-icon size-icon\" alt=\"\" \/>            <\/div>\n            <div class=\"icon-list-content\">\n                <h3>V\u00e4der &#038; Kl\u00e4der<\/h3>\n                <p>Parken h\u00e5ller \u00f6ppet oavsett v\u00e4der. Men vid \u00e5ska och kraftig vind kan delar av parken st\u00e4ngas och kl\u00e4ttringen avbryts d\u00e5 under tiden \u00e5skan\/vinden drar f\u00f6rbi. Of\u00f6rutsedd st\u00e4ngning av parken medf\u00f6r inte n\u00e5got \u00e5terk\u00f6p av biljetter.<\/p>\n<p>&nbsp;<\/p>\n<p>Vi rekommenderar tr\u00e4ningskl\u00e4der eller enklare utomhuskl\u00e4der f\u00f6r kl\u00e4ttringen. Du f\u00e5r fort upp v\u00e4rmen av aktiviteten, s\u00e5 det \u00e4r smart att kl\u00e4 sig i flera lager. Det kan ocks\u00e5 vara smart att ha bra skor med en bra sula, tex n\u00e5gon typ av tr\u00e4ningssko. Det \u00e4r inga problem att kl\u00e4ttra n\u00e4r det regnar, bara kom ih\u00e5g regnkl\u00e4der s\u00e5 h\u00e5ller du v\u00e4rmen l\u00e4ngre<\/p>\n<p>&nbsp;<\/p>\n<p>Vi rekommenderar \u00e4ven att kl\u00e4ttra med handskar men det \u00e4r inget krav. Det g\u00e5r bra att ta med egna handskar och vi s\u00e4ljer \u00e4ven handskar p\u00e5 plats f\u00f6r 39 kr\/paret.<\/p>\n            <\/div>\n        <\/div>\n\n                    <hr>\n                    \n        <div class=\"icon-list-item\">\n            <div class=\"il-img\">\n                <img decoding=\"async\" src=\"https:\/\/hogtlagt.se\/jonkoping\/wp-content\/uploads\/sites\/10\/2020\/03\/HL-ikon-3.svg\" class=\"attachment-icon size-icon\" alt=\"\" \/>            <\/div>\n            <div class=\"icon-list-content\">\n                <h3>Mat &#038; Dryck<\/h3>\n                <p>Det finns grillplats i anknytning till parken d\u00e4r du sj\u00e4lv kan ta med eget och grilla. Vi har ocks\u00e5 sittplatser utomhus d\u00e4r du kan sitta och \u00e4ta egen mats\u00e4ck.<\/p>\n<p>Vid campingen hittar du ett mindre utbud p\u00e5 godis i glasskiosken.<\/p>\n<p>&nbsp;<\/p>\n            <\/div>\n        <\/div>\n\n                    <hr>\n            \n    <\/div>\n\n    \n\n\n<div style=\"height:47px\" aria-hidden=\"true\" class=\"wp-block-spacer\"><\/div>\n\n\n\n<div style=\"height:78px\" aria-hidden=\"true\" class=\"wp-block-spacer\"><\/div>\n\n\n\n<figure class=\"wp-block-image aligncenter size-large\"><img loading=\"lazy\" decoding=\"async\" width=\"1024\" height=\"683\" src=\"https:\/\/hogtlagt.se\/jonkoping\/wp-content\/uploads\/sites\/10\/2023\/10\/tva\u030a-a\u0308nnu-gladare-barn-2-1024x683.jpg\" alt=\"\" class=\"wp-image-1417\" srcset=\"https:\/\/hogtlagt.se\/jonkoping\/wp-content\/uploads\/sites\/10\/2023\/10\/tva\u030a-a\u0308nnu-gladare-barn-2-1024x683.jpg 1024w, https:\/\/hogtlagt.se\/jonkoping\/wp-content\/uploads\/sites\/10\/2023\/10\/tva\u030a-a\u0308nnu-gladare-barn-2-300x200.jpg 300w, https:\/\/hogtlagt.se\/jonkoping\/wp-content\/uploads\/sites\/10\/2023\/10\/tva\u030a-a\u0308nnu-gladare-barn-2-768x512.jpg 768w, https:\/\/hogtlagt.se\/jonkoping\/wp-content\/uploads\/sites\/10\/2023\/10\/tva\u030a-a\u0308nnu-gladare-barn-2-1536x1024.jpg 1536w, https:\/\/hogtlagt.se\/jonkoping\/wp-content\/uploads\/sites\/10\/2023\/10\/tva\u030a-a\u0308nnu-gladare-barn-2.jpg 2048w\" sizes=\"auto, (max-width: 1024px) 100vw, 1024px\" \/><\/figure>\n\n\n\n<div class=\"wp-block-cover alignfull\" style=\"min-height:376px;aspect-ratio:unset;\"><img loading=\"lazy\" decoding=\"async\" width=\"2048\" height=\"1365\" class=\"wp-block-cover__image-background wp-image-1545\" alt=\"\" src=\"https:\/\/hogtlagt.se\/jonkoping\/wp-content\/uploads\/sites\/10\/2023\/12\/Hogt-Lagt-WEBB-1235.jpg\" style=\"object-position:50% 66%\" data-object-fit=\"cover\" data-object-position=\"50% 66%\" srcset=\"https:\/\/hogtlagt.se\/jonkoping\/wp-content\/uploads\/sites\/10\/2023\/12\/Hogt-Lagt-WEBB-1235.jpg 2048w, https:\/\/hogtlagt.se\/jonkoping\/wp-content\/uploads\/sites\/10\/2023\/12\/Hogt-Lagt-WEBB-1235-300x200.jpg 300w, https:\/\/hogtlagt.se\/jonkoping\/wp-content\/uploads\/sites\/10\/2023\/12\/Hogt-Lagt-WEBB-1235-1024x683.jpg 1024w, https:\/\/hogtlagt.se\/jonkoping\/wp-content\/uploads\/sites\/10\/2023\/12\/Hogt-Lagt-WEBB-1235-768x512.jpg 768w, https:\/\/hogtlagt.se\/jonkoping\/wp-content\/uploads\/sites\/10\/2023\/12\/Hogt-Lagt-WEBB-1235-1536x1024.jpg 1536w\" sizes=\"auto, (max-width: 2048px) 100vw, 2048px\" \/><span aria-hidden=\"true\" class=\"wp-block-cover__background has-background-dim\"><\/span><div class=\"wp-block-cover__inner-container has-global-padding is-layout-constrained wp-block-cover-is-layout-constrained\">\n<p class=\"has-text-align-center\" style=\"font-size:25px\">Allt vi g\u00f6r genomsyras av v\u00e5ra grundl\u00e4ggande v\u00e4rden&nbsp;<em>Genomarbetat, S\u00e4kert, Innovativt, Inkluderande<\/em>&nbsp;och&nbsp;<em>Utmanande.<\/em>&nbsp;Vi \u00e4r drivna, vi arbetar h\u00e5rt, vi brinner f\u00f6r varje kunds upplevelse, vi \u00e4r med och utvecklar branschen och vi har j\u00e4kligt roligt medans vi g\u00f6r det!<\/p>\n<\/div><\/div>\n","protected":false},"excerpt":{"rendered":"<p>H\u00e4r \u00e4r bra och praktisk info inf\u00f6r ert bes\u00f6k.&nbsp;Se till att komma pepp och taggade s\u00e5 tar vi hand om resten. Gl\u00f6m inte far- och morf\u00f6r\u00e4ldrarna, fikakorgen och solkr\u00e4men s\u00e5&#8230;<\/p>\n","protected":false},"author":1,"featured_media":1362,"parent":20,"menu_order":1,"comment_status":"closed","ping_status":"closed","template":"templates\/empty.php","meta":{"_acf_changed":false,"inline_featured_image":false,"footnotes":""},"class_list":["post-22","page","type-page","status-publish","has-post-thumbnail"],"acf":[],"yoast_head":"<!-- This site is optimized with the Yoast SEO plugin v26.1.1 - https:\/\/yoast.com\/wordpress\/plugins\/seo\/ -->\n<title>Praktisk Info - H\u00f6gt &amp; L\u00e5gt J\u00f6nk\u00f6ping<\/title>\n<meta name=\"description\" content=\"Vart finns l\u00e4ngsta zipline? H\u00f6jdskr\u00e4ck - inga problem vi har flera l\u00e4gre banor att b\u00f6rja p\u00e5, h\u00e4r hittar du mer info om v\u00e5r h\u00f6gh\u00f6jdsbana, \u00e4ventyrsbana.\" \/>\n<meta name=\"robots\" content=\"index, follow, max-snippet:-1, max-image-preview:large, max-video-preview:-1\" \/>\n<link rel=\"canonical\" href=\"https:\/\/hogtlagt.se\/jonkoping\/infor-besoket\/praktisk-info\/\" \/>\n<meta property=\"og:locale\" content=\"sv_SE\" \/>\n<meta property=\"og:type\" content=\"article\" \/>\n<meta property=\"og:title\" content=\"Praktisk Info - H\u00f6gt &amp; L\u00e5gt J\u00f6nk\u00f6ping\" \/>\n<meta property=\"og:description\" content=\"Vart finns l\u00e4ngsta zipline? H\u00f6jdskr\u00e4ck - inga problem vi har flera l\u00e4gre banor att b\u00f6rja p\u00e5, h\u00e4r hittar du mer info om v\u00e5r h\u00f6gh\u00f6jdsbana, \u00e4ventyrsbana.\" \/>\n<meta property=\"og:url\" content=\"https:\/\/hogtlagt.se\/jonkoping\/infor-besoket\/praktisk-info\/\" \/>\n<meta property=\"og:site_name\" content=\"H\u00f6gt &amp; L\u00e5gt J\u00f6nk\u00f6ping\" \/>\n<meta property=\"article:modified_time\" content=\"2025-07-23T08:40:02+00:00\" \/>\n<meta property=\"og:image\" content=\"https:\/\/hogtlagt.se\/jonkoping\/wp-content\/uploads\/sites\/10\/2023\/10\/Praktisk-info-info\u0308r-beso\u0308ket-1-scaled.jpg\" \/>\n\t<meta property=\"og:image:width\" content=\"2560\" \/>\n\t<meta property=\"og:image:height\" content=\"1707\" \/>\n\t<meta property=\"og:image:type\" content=\"image\/jpeg\" \/>\n<meta name=\"twitter:card\" content=\"summary_large_image\" \/>\n<meta name=\"twitter:label1\" content=\"Ber\u00e4knad l\u00e4stid\" \/>\n\t<meta name=\"twitter:data1\" content=\"2 minuter\" \/>\n<script type=\"application\/ld+json\" class=\"yoast-schema-graph\">{\"@context\":\"https:\/\/schema.org\",\"@graph\":[{\"@type\":\"WebPage\",\"@id\":\"https:\/\/hogtlagt.se\/jonkoping\/infor-besoket\/praktisk-info\/\",\"url\":\"https:\/\/hogtlagt.se\/jonkoping\/infor-besoket\/praktisk-info\/\",\"name\":\"Praktisk Info - H\u00f6gt &amp; L\u00e5gt J\u00f6nk\u00f6ping\",\"isPartOf\":{\"@id\":\"https:\/\/hogtlagt.se\/jonkoping\/#website\"},\"primaryImageOfPage\":{\"@id\":\"https:\/\/hogtlagt.se\/jonkoping\/infor-besoket\/praktisk-info\/#primaryimage\"},\"image\":{\"@id\":\"https:\/\/hogtlagt.se\/jonkoping\/infor-besoket\/praktisk-info\/#primaryimage\"},\"thumbnailUrl\":\"https:\/\/hogtlagt.se\/jonkoping\/wp-content\/uploads\/sites\/10\/2023\/10\/Praktisk-info-info\u0308r-beso\u0308ket-1-scaled.jpg\",\"datePublished\":\"2020-02-28T11:47:13+00:00\",\"dateModified\":\"2025-07-23T08:40:02+00:00\",\"description\":\"Vart finns l\u00e4ngsta zipline? H\u00f6jdskr\u00e4ck - inga problem vi har flera l\u00e4gre banor att b\u00f6rja p\u00e5, h\u00e4r hittar du mer info om v\u00e5r h\u00f6gh\u00f6jdsbana, \u00e4ventyrsbana.\",\"breadcrumb\":{\"@id\":\"https:\/\/hogtlagt.se\/jonkoping\/infor-besoket\/praktisk-info\/#breadcrumb\"},\"inLanguage\":\"sv-SE\",\"potentialAction\":[{\"@type\":\"ReadAction\",\"target\":[\"https:\/\/hogtlagt.se\/jonkoping\/infor-besoket\/praktisk-info\/\"]}]},{\"@type\":\"ImageObject\",\"inLanguage\":\"sv-SE\",\"@id\":\"https:\/\/hogtlagt.se\/jonkoping\/infor-besoket\/praktisk-info\/#primaryimage\",\"url\":\"https:\/\/hogtlagt.se\/jonkoping\/wp-content\/uploads\/sites\/10\/2023\/10\/Praktisk-info-info\u0308r-beso\u0308ket-1-scaled.jpg\",\"contentUrl\":\"https:\/\/hogtlagt.se\/jonkoping\/wp-content\/uploads\/sites\/10\/2023\/10\/Praktisk-info-info\u0308r-beso\u0308ket-1-scaled.jpg\",\"width\":2560,\"height\":1707,\"caption\":\"Pappa hj\u00e4lper barnen att f\u00e5 p\u00e5 sig utrustningen p\u00e5 r\u00e4tt s\u00e4tt inf\u00f6r kl\u00e4ttringen\"},{\"@type\":\"BreadcrumbList\",\"@id\":\"https:\/\/hogtlagt.se\/jonkoping\/infor-besoket\/praktisk-info\/#breadcrumb\",\"itemListElement\":[{\"@type\":\"ListItem\",\"position\":1,\"name\":\"Hem\",\"item\":\"https:\/\/hogtlagt.se\/jonkoping\/\"},{\"@type\":\"ListItem\",\"position\":2,\"name\":\"Inf\u00f6r Bes\u00f6ket\",\"item\":\"https:\/\/hogtlagt.se\/jonkoping\/infor-besoket\/\"},{\"@type\":\"ListItem\",\"position\":3,\"name\":\"Praktisk Info\"}]},{\"@type\":\"WebSite\",\"@id\":\"https:\/\/hogtlagt.se\/jonkoping\/#website\",\"url\":\"https:\/\/hogtlagt.se\/jonkoping\/\",\"name\":\"H\u00f6gt &amp; L\u00e5gt J\u00f6nk\u00f6ping\",\"description\":\"\u00c4nnu en webbplats hos H\u00f6gt &amp; L\u00e5gt\",\"potentialAction\":[{\"@type\":\"SearchAction\",\"target\":{\"@type\":\"EntryPoint\",\"urlTemplate\":\"https:\/\/hogtlagt.se\/jonkoping\/?s={search_term_string}\"},\"query-input\":{\"@type\":\"PropertyValueSpecification\",\"valueRequired\":true,\"valueName\":\"search_term_string\"}}],\"inLanguage\":\"sv-SE\"}]}<\/script>\n<!-- \/ Yoast SEO plugin. -->","yoast_head_json":{"title":"Praktisk Info - H\u00f6gt &amp; L\u00e5gt J\u00f6nk\u00f6ping","description":"Vart finns l\u00e4ngsta zipline? H\u00f6jdskr\u00e4ck - inga problem vi har flera l\u00e4gre banor att b\u00f6rja p\u00e5, h\u00e4r hittar du mer info om v\u00e5r h\u00f6gh\u00f6jdsbana, \u00e4ventyrsbana.","robots":{"index":"index","follow":"follow","max-snippet":"max-snippet:-1","max-image-preview":"max-image-preview:large","max-video-preview":"max-video-preview:-1"},"canonical":"https:\/\/hogtlagt.se\/jonkoping\/infor-besoket\/praktisk-info\/","og_locale":"sv_SE","og_type":"article","og_title":"Praktisk Info - H\u00f6gt &amp; L\u00e5gt J\u00f6nk\u00f6ping","og_description":"Vart finns l\u00e4ngsta zipline? H\u00f6jdskr\u00e4ck - inga problem vi har flera l\u00e4gre banor att b\u00f6rja p\u00e5, h\u00e4r hittar du mer info om v\u00e5r h\u00f6gh\u00f6jdsbana, \u00e4ventyrsbana.","og_url":"https:\/\/hogtlagt.se\/jonkoping\/infor-besoket\/praktisk-info\/","og_site_name":"H\u00f6gt &amp; L\u00e5gt J\u00f6nk\u00f6ping","article_modified_time":"2025-07-23T08:40:02+00:00","og_image":[{"width":2560,"height":1707,"url":"https:\/\/hogtlagt.se\/jonkoping\/wp-content\/uploads\/sites\/10\/2023\/10\/Praktisk-info-info\u0308r-beso\u0308ket-1-scaled.jpg","type":"image\/jpeg"}],"twitter_card":"summary_large_image","twitter_misc":{"Ber\u00e4knad l\u00e4stid":"2 minuter"},"schema":{"@context":"https:\/\/schema.org","@graph":[{"@type":"WebPage","@id":"https:\/\/hogtlagt.se\/jonkoping\/infor-besoket\/praktisk-info\/","url":"https:\/\/hogtlagt.se\/jonkoping\/infor-besoket\/praktisk-info\/","name":"Praktisk Info - H\u00f6gt &amp; L\u00e5gt J\u00f6nk\u00f6ping","isPartOf":{"@id":"https:\/\/hogtlagt.se\/jonkoping\/#website"},"primaryImageOfPage":{"@id":"https:\/\/hogtlagt.se\/jonkoping\/infor-besoket\/praktisk-info\/#primaryimage"},"image":{"@id":"https:\/\/hogtlagt.se\/jonkoping\/infor-besoket\/praktisk-info\/#primaryimage"},"thumbnailUrl":"https:\/\/hogtlagt.se\/jonkoping\/wp-content\/uploads\/sites\/10\/2023\/10\/Praktisk-info-info\u0308r-beso\u0308ket-1-scaled.jpg","datePublished":"2020-02-28T11:47:13+00:00","dateModified":"2025-07-23T08:40:02+00:00","description":"Vart finns l\u00e4ngsta zipline? H\u00f6jdskr\u00e4ck - inga problem vi har flera l\u00e4gre banor att b\u00f6rja p\u00e5, h\u00e4r hittar du mer info om v\u00e5r h\u00f6gh\u00f6jdsbana, \u00e4ventyrsbana.","breadcrumb":{"@id":"https:\/\/hogtlagt.se\/jonkoping\/infor-besoket\/praktisk-info\/#breadcrumb"},"inLanguage":"sv-SE","potentialAction":[{"@type":"ReadAction","target":["https:\/\/hogtlagt.se\/jonkoping\/infor-besoket\/praktisk-info\/"]}]},{"@type":"ImageObject","inLanguage":"sv-SE","@id":"https:\/\/hogtlagt.se\/jonkoping\/infor-besoket\/praktisk-info\/#primaryimage","url":"https:\/\/hogtlagt.se\/jonkoping\/wp-content\/uploads\/sites\/10\/2023\/10\/Praktisk-info-info\u0308r-beso\u0308ket-1-scaled.jpg","contentUrl":"https:\/\/hogtlagt.se\/jonkoping\/wp-content\/uploads\/sites\/10\/2023\/10\/Praktisk-info-info\u0308r-beso\u0308ket-1-scaled.jpg","width":2560,"height":1707,"caption":"Pappa hj\u00e4lper barnen att f\u00e5 p\u00e5 sig utrustningen p\u00e5 r\u00e4tt s\u00e4tt inf\u00f6r kl\u00e4ttringen"},{"@type":"BreadcrumbList","@id":"https:\/\/hogtlagt.se\/jonkoping\/infor-besoket\/praktisk-info\/#breadcrumb","itemListElement":[{"@type":"ListItem","position":1,"name":"Hem","item":"https:\/\/hogtlagt.se\/jonkoping\/"},{"@type":"ListItem","position":2,"name":"Inf\u00f6r Bes\u00f6ket","item":"https:\/\/hogtlagt.se\/jonkoping\/infor-besoket\/"},{"@type":"ListItem","position":3,"name":"Praktisk Info"}]},{"@type":"WebSite","@id":"https:\/\/hogtlagt.se\/jonkoping\/#website","url":"https:\/\/hogtlagt.se\/jonkoping\/","name":"H\u00f6gt &amp; L\u00e5gt J\u00f6nk\u00f6ping","description":"\u00c4nnu en webbplats hos H\u00f6gt &amp; L\u00e5gt","potentialAction":[{"@type":"SearchAction","target":{"@type":"EntryPoint","urlTemplate":"https:\/\/hogtlagt.se\/jonkoping\/?s={search_term_string}"},"query-input":{"@type":"PropertyValueSpecification","valueRequired":true,"valueName":"search_term_string"}}],"inLanguage":"sv-SE"}]}},"_links":{"self":[{"href":"https:\/\/hogtlagt.se\/jonkoping\/wp-json\/wp\/v2\/pages\/22","targetHints":{"allow":["GET"]}}],"collection":[{"href":"https:\/\/hogtlagt.se\/jonkoping\/wp-json\/wp\/v2\/pages"}],"about":[{"href":"https:\/\/hogtlagt.se\/jonkoping\/wp-json\/wp\/v2\/types\/page"}],"author":[{"embeddable":true,"href":"https:\/\/hogtlagt.se\/jonkoping\/wp-json\/wp\/v2\/users\/1"}],"replies":[{"embeddable":true,"href":"https:\/\/hogtlagt.se\/jonkoping\/wp-json\/wp\/v2\/comments?post=22"}],"version-history":[{"count":33,"href":"https:\/\/hogtlagt.se\/jonkoping\/wp-json\/wp\/v2\/pages\/22\/revisions"}],"predecessor-version":[{"id":1796,"href":"https:\/\/hogtlagt.se\/jonkoping\/wp-json\/wp\/v2\/pages\/22\/revisions\/1796"}],"up":[{"embeddable":true,"href":"https:\/\/hogtlagt.se\/jonkoping\/wp-json\/wp\/v2\/pages\/20"}],"wp:featuredmedia":[{"embeddable":true,"href":"https:\/\/hogtlagt.se\/jonkoping\/wp-json\/wp\/v2\/media\/1362"}],"wp:attachment":[{"href":"https:\/\/hogtlagt.se\/jonkoping\/wp-json\/wp\/v2\/media?parent=22"}],"curies":[{"name":"wp","href":"https:\/\/api.w.org\/{rel}","templated":true}]}}