{"id":18,"date":"2020-02-28T12:46:31","date_gmt":"2020-02-28T11:46:31","guid":{"rendered":"http:\/\/hogtlagt.se.hemsida.eu\/rattvik\/?page_id=18"},"modified":"2024-07-11T12:56:35","modified_gmt":"2024-07-11T10:56:35","slug":"klatterbanorna","status":"publish","type":"page","link":"https:\/\/hogtlagt.se\/jonkoping\/klatterparken\/klatterbanorna\/","title":{"rendered":"Kl\u00e4tterparken och v\u00e5ra h\u00f6gh\u00f6jdsbanor"},"content":{"rendered":"\n<div class=\"wp-block-cover alignfull\" style=\"min-height:600px;aspect-ratio:unset;\"><span aria-hidden=\"true\" class=\"wp-block-cover__background has-background-dim-20 has-background-dim\"><\/span><img loading=\"lazy\" decoding=\"async\" width=\"2048\" height=\"1365\" class=\"wp-block-cover__image-background wp-image-1324\" alt=\"\" src=\"https:\/\/hogtlagt.se\/jonkoping\/wp-content\/uploads\/sites\/10\/2023\/10\/va\u030ara-ho\u0308gho\u0308jdsbanor.jpg\" data-object-fit=\"cover\" srcset=\"https:\/\/hogtlagt.se\/jonkoping\/wp-content\/uploads\/sites\/10\/2023\/10\/va\u030ara-ho\u0308gho\u0308jdsbanor.jpg 2048w, https:\/\/hogtlagt.se\/jonkoping\/wp-content\/uploads\/sites\/10\/2023\/10\/va\u030ara-ho\u0308gho\u0308jdsbanor-300x200.jpg 300w, https:\/\/hogtlagt.se\/jonkoping\/wp-content\/uploads\/sites\/10\/2023\/10\/va\u030ara-ho\u0308gho\u0308jdsbanor-1024x683.jpg 1024w, https:\/\/hogtlagt.se\/jonkoping\/wp-content\/uploads\/sites\/10\/2023\/10\/va\u030ara-ho\u0308gho\u0308jdsbanor-768x512.jpg 768w, https:\/\/hogtlagt.se\/jonkoping\/wp-content\/uploads\/sites\/10\/2023\/10\/va\u030ara-ho\u0308gho\u0308jdsbanor-1536x1024.jpg 1536w\" sizes=\"auto, (max-width: 2048px) 100vw, 2048px\" \/><div class=\"wp-block-cover__inner-container has-global-padding is-layout-constrained wp-block-cover-is-layout-constrained\">\n<h2 class=\"wp-block-heading has-text-align-center\" style=\"font-size:55px\">Parken och v\u00e5ra banor<\/h2>\n<\/div><\/div>\n\n\n\n<div style=\"height:54px\" aria-hidden=\"true\" class=\"wp-block-spacer\"><\/div>\n\n\n\n<div class=\"wp-block-columns is-layout-flex wp-container-core-columns-is-layout-28f84493 wp-block-columns-is-layout-flex\">\n<div class=\"wp-block-column is-layout-flow wp-block-column-is-layout-flow\">\n<h2 class=\"wp-block-heading\">Kl\u00e4ttring och \u00e4ventyr l\u00e4ngs h\u00f6gh\u00f6jdsbanor i J\u00f6nk\u00f6ping!<\/h2>\n<\/div>\n<\/div>\n\n\n\n<div style=\"height:36px\" aria-hidden=\"true\" class=\"wp-block-spacer\"><\/div>\n\n\n\n<p>Kl\u00e4tterparken i J\u00f6nk\u00f6ping \u00e4r vackert bel\u00e4gen bland tallarna vid Axamo camping och friluftsomr\u00e5de. Parken \u00e4r \u00f6ppen f\u00f6r alla och det \u00e4r enbart de som ska kl\u00e4ttra som beh\u00f6ver k\u00f6pa biljett. F\u00f6rutom kl\u00e4ttring har vi \u00e4ven SUP-br\u00e4dor f\u00f6r uthyrning. Vi har ocks\u00e5 gott om bord och sittplatser samt grillar, s\u00e5 se till att packa fikakorgen.<\/p>\n\n\n\n<p>N\u00e4r du k\u00f6per en biljett till parken f\u00e5r du under tre timmar kl\u00e4ttra s\u00e5 m\u00e5nga banor du vill s\u00e5 m\u00e5nga g\u00e5nger du vill (och orkar!). Ni k\u00f6per biljett efter \u00e5lder p\u00e5 den som ska kl\u00e4ttra och sedan f\u00e5r man kl\u00e4ttra alla banor d\u00e4r man uppfyller banans minimikrav p\u00e5 l\u00e4ngd. Barn under 6 \u00e5r m\u00e5ste ha med en kl\u00e4ttrande vuxen i de gr\u00f6na banorna (som g\u00e5r p\u00e5 mellan 3-6 meters h\u00f6jd) och barn under 10 m\u00e5ste ha med en kl\u00e4ttrande vuxen i de bl\u00e5 eller r\u00f6da banorna (som g\u00e5r p\u00e5 8+ meters h\u00f6jd). I den oranga banan (som g\u00e5r p\u00e5 ca 1 meters h\u00f6jd) kan en vuxen g\u00e5 vid sidan f\u00f6r att assistera.<\/p>\n\n\n\n<p>F\u00f6r att f\u00e5 kl\u00e4ttra g\u00e4ller:<br>-Maxvikt 120 kg<br>-Att du ej \u00e4r gravid<br>-att du ej \u00e4r p\u00e5verkad av alkohol eller andra droger<br>-Att du deltar i s\u00e4kerhetsgenomg\u00e5ngen samt s\u00e4tter dig in i parkens regler och f\u00f6ljer dessa (vi g\u00e5r igenom reglerna p\u00e5 s\u00e4kerhetsgenomg\u00e5ngen).<\/p>\n\n\n\n<p>Vi rekommenderar att kl\u00e4ttra med handskar, men det \u00e4r inget m\u00e5ste. Det g\u00e5r bra att ta med egna och vi s\u00e4ljer \u00e4ven handskar p\u00e5 plats f\u00f6r 35 kr\/paret.<\/p>\n\n\n\n<div style=\"height:24px\" aria-hidden=\"true\" class=\"wp-block-spacer\"><\/div>\n\n\n\n<figure class=\"wp-block-image aligncenter size-large is-resized\"><img loading=\"lazy\" decoding=\"async\" width=\"790\" height=\"837\" src=\"https:\/\/hogtlagt.se\/jonkoping\/wp-content\/uploads\/sites\/10\/2023\/12\/Lager-2-2.svg\" alt=\"\" class=\"wp-image-1570\" style=\"width:230px;height:auto\"\/><\/figure>\n\n\n\n<div style=\"height:27px\" aria-hidden=\"true\" class=\"wp-block-spacer\"><\/div>\n\n\n\n    <div class=\"icon-list\">\n\n            \n        <div class=\"icon-list-item\">\n            <div class=\"il-img\">\n                <img decoding=\"async\" src=\"https:\/\/hogtlagt.se\/jonkoping\/wp-content\/uploads\/sites\/10\/2020\/03\/HL-ikon-14.svg\" class=\"attachment-icon size-icon\" alt=\"\" \/>            <\/div>\n            <div class=\"icon-list-content\">\n                <h3>BAN-BESKRIVNING<\/h3>\n                            <\/div>\n        <\/div>\n\n                    \n        <div class=\"icon-list-item\">\n            <div class=\"il-img\">\n                            <\/div>\n            <div class=\"icon-list-content\">\n                <h3><\/h3>\n                <p><strong>Lillebror<\/strong><br \/>\nMinimil\u00e4ngd:\u00a0<em>80 cm<br \/>\n<\/em>H\u00f6jd: 1-1,5 meter<br \/>\nSv\u00e5righetsgrad:\u00a0<em>Orange (v\u00e4ldigt enkel)<\/em><br \/>\nOm banan: V\u00e5r enklaste f\u00f6r parkens minsta bes\u00f6kare. H\u00e4r kan du som vuxen ocks\u00e5 g\u00e5 med p\u00e5 backen och hj\u00e4lpa till. Banan inneh\u00e5ller fem sp\u00e4nnande hinder och avslutas med en zipline.<\/p>\n<p>&nbsp;<\/p>\n<p><strong>Premi\u00e4ren<\/strong><br \/>\nMinimil\u00e4ngd: <em>110 cm<\/em><br \/>\nH\u00f6jd: 3-4 meter<br \/>\nSv\u00e5righetsgrad: <em>Gr\u00f6n (Barn under 6 \u00e5r m\u00e5ste ha med vuxen i banan)<\/em><br \/>\nOm banan: Den perfekta nyb\u00f6rjarbanan f\u00f6r stora och sm\u00e5! Testa p\u00e5 hur systemet fungerar bland fem olika hinder, bland annat glider du fram p\u00e5 en stor kokosn\u00f6t. Banan avslutas med en zipline.<\/p>\n<p>&nbsp;<\/p>\n<p><strong>Vandraren<\/strong><br \/>\nMinimil\u00e4ngd: <em>110 cm<\/em><br \/>\nH\u00f6jd: 4-6 meter<br \/>\nSv\u00e5righetsgrad:\u00a0<em>Gr\u00f6n (Barn under 6 \u00e5r m\u00e5ste ha med vuxen i banan)<\/em><br \/>\nOm banan: En spektakul\u00e4r bana full med roliga utmaningar! H\u00e4r f\u00e5r du balansera fram p\u00e5 m\u00e5nga svajiga hinder. Banan inneh\u00e5ller hela tv\u00e5 ziplines att glida fram p\u00e5!<\/p>\n<p>&nbsp;<\/p>\n<p><strong>Till Skogs<\/strong><br \/>\nMinimil\u00e4ngd:\u00a0<em>140 cm<\/em><br \/>\nH\u00f6jd: 8+ meter<br \/>\nSv\u00e5righetsgrad:\u00a0<em>Ljusbl\u00e5 (Barn under 10 \u00e5r m\u00e5ste ha med vuxen i banan)<\/em><br \/>\nOm banan: En sp\u00e4nnande bana som b\u00e5de b\u00f6rjar och avslutas med zipline. Nu b\u00f6rjar du f\u00e5 lite mer luft under f\u00f6tterna n\u00e4r du kl\u00e4ttrar fram genom banans fem hinder.<\/p>\n<p>&nbsp;<\/p>\n<p><strong>Upp i det bl\u00e5<\/strong><br \/>\nMinimil\u00e4ngd: <em>140 cm<br \/>\n<\/em>H\u00f6jd: 8+ meter<br \/>\nSv\u00e5righetsgrad: <em>M\u00f6rkbl\u00e5 (Barn under 10 \u00e5r m\u00e5ste ha med vuxen i banan)<\/em><br \/>\nOm banan: En av v\u00e5ra l\u00e4ngsta banor med 9 hinder och en l\u00e5ng zipline \u00f6ver v\u00e4gen. Denna bana \u00e4r inte bara h\u00f6gt upp i luften utan ocks\u00e5 fysiskt kr\u00e4vande.<\/p>\n<p>&nbsp;<\/p>\n<p><strong>Zip it<\/strong><br \/>\nMinimil\u00e4ngd: <em>150 cm<br \/>\n<\/em>H\u00f6jd 8+ meter<br \/>\nSv\u00e5righetsgrad:<em> R\u00f6d (Barn under 10 \u00e5r m\u00e5ste ha med vuxen i banan)<\/em><em><br \/>\n<\/em>Om banan: V\u00e5r sv\u00e5raste bana med riktigt tuffa hinder. H\u00e4r \u00e5ker du bland annat 140 meter zipline \u00f6ver bilar och husvagnar och avslutar banan med ett nervkittlande drop fr\u00e5n 16 meter.<\/p>\n            <\/div>\n        <\/div>\n\n            \n    <\/div>\n\n    \n\n\n<div style=\"height:65px\" aria-hidden=\"true\" class=\"wp-block-spacer\"><\/div>\n\n\n\n<div style=\"height:64px\" aria-hidden=\"true\" class=\"wp-block-spacer\"><\/div>\n\n\n\n<figure class=\"wp-block-image size-large\"><img loading=\"lazy\" decoding=\"async\" width=\"873\" height=\"637\" src=\"https:\/\/hogtlagt.se\/jonkoping\/wp-content\/uploads\/sites\/10\/2021\/12\/Ska\u0308rmavbild-2021-12-06-kl.-15.37.35.png\" alt=\"\" class=\"wp-image-637\" srcset=\"https:\/\/hogtlagt.se\/jonkoping\/wp-content\/uploads\/sites\/10\/2021\/12\/Ska\u0308rmavbild-2021-12-06-kl.-15.37.35.png 873w, https:\/\/hogtlagt.se\/jonkoping\/wp-content\/uploads\/sites\/10\/2021\/12\/Ska\u0308rmavbild-2021-12-06-kl.-15.37.35-300x219.png 300w, https:\/\/hogtlagt.se\/jonkoping\/wp-content\/uploads\/sites\/10\/2021\/12\/Ska\u0308rmavbild-2021-12-06-kl.-15.37.35-768x560.png 768w\" sizes=\"auto, (max-width: 873px) 100vw, 873px\" \/><\/figure>\n\n\n\n<div style=\"height:72px\" aria-hidden=\"true\" class=\"wp-block-spacer\"><\/div>\n\n\n\n<h2 class=\"wp-block-heading has-text-align-center\">Vad tycker v\u00e5ra g\u00e4ster?<\/h2>\n\n\n\n<div style=\"height:20px\" aria-hidden=\"true\" class=\"wp-block-spacer\"><\/div>\n\n\n<div class=\"gmb-reviews make-me-slick\" data-slick='{&quot;fade&quot;: false, \"adaptiveHeight\": true,\"arrows\": false,\"dots\": true,\"infinite\": true,\"autoplaySpeed\":5000,\"slidesToShow\":1, \"slidesToScroll\":1, \"autoplay\":false    }'><div class=\"gmb-review\" data=\"accounts\/113211944405253224958\/locations\/2354225346435628971\/reviews\/AbFvOqkFGHrJt97Kh62FMx5BZmGNc68ahF6-DhvL3A1zAvrtLos-0GX2HAkJKvkCqcAQRTVcFVBr\"><div class=\"gmb-review-inner\"><span class=\"review-comment\"><i class=\"review-quotes fa fa-quote-left\" aria-hidden=\"true\"><\/i>Fint och bra banor f\u00f6r alla. Bra instrukt\u00f6r\n\n(Translated by Google)\nNice and good courses for everyone. Good instructor<i class=\"review-quotes fa fa-quote-right\" aria-hidden=\"true\"><\/i><\/span><span class=\"review-rating\"><i class=\"fa fa-star\" aria-hidden=\"true\"><\/i><i class=\"fa fa-star\" aria-hidden=\"true\"><\/i><i class=\"fa fa-star\" aria-hidden=\"true\"><\/i><i class=\"fa fa-star\" aria-hidden=\"true\"><\/i><i class=\"fa fa-star\" aria-hidden=\"true\"><\/i><\/span><span class=\"review-reviewer\">Andreas Crona<\/span><span class=\"review-date\">24 August, 2025<\/span><\/div><\/div><div class=\"gmb-review\" data=\"accounts\/113211944405253224958\/locations\/2354225346435628971\/reviews\/AbFvOqk8ZluEYYv-w-uqowrO9pyDMV-g66FzySGedoUNPTdW4TcEGqUS8LIZOJIaYWFC91Vi6_rW\"><div class=\"gmb-review-inner\"><span class=\"review-comment\"><i class=\"review-quotes fa fa-quote-left\" aria-hidden=\"true\"><\/i>(Translated by Google) Awesome climbing park. The location in the forest by the lake is fantastic. The guides are all very friendly and helpful. The individual courses are graded by difficulty. The elements are very creative. Courses 5 and 6 are quite challenging. Booking online in advance is recommended.\n\n(Original)\nSuper Kletterpark. Lage im Wald am See ist toll. Die Guides sind alle sehr freundlich und hilfsbereit. Die einzelnen Parcours sind nach Schwierigkeit gestaffelt. Die Elemente sind sehr kreativ. Parcour 5 und 6 sind schon sehr anspruchsvoll. Onlinebuchung vorher ist ratsam.<i class=\"review-quotes fa fa-quote-right\" aria-hidden=\"true\"><\/i><\/span><span class=\"review-rating\"><i class=\"fa fa-star\" aria-hidden=\"true\"><\/i><i class=\"fa fa-star\" aria-hidden=\"true\"><\/i><i class=\"fa fa-star\" aria-hidden=\"true\"><\/i><i class=\"fa fa-star\" aria-hidden=\"true\"><\/i><i class=\"fa fa-star\" aria-hidden=\"true\"><\/i><\/span><span class=\"review-reviewer\">Anke Boehm<\/span><span class=\"review-date\">4 August, 2025<\/span><\/div><\/div><div class=\"gmb-review\" data=\"accounts\/113211944405253224958\/locations\/2354225346435628971\/reviews\/AbFvOqmuz98LrFy_15-Kr-zEhqz7sx48gZ10iGMUel88T5UAxyEJ9Rr9_iazgZrdOc4QiUzB9Q9DhA\"><div class=\"gmb-review-inner\"><span class=\"review-comment\"><i class=\"review-quotes fa fa-quote-left\" aria-hidden=\"true\"><\/i>(Translated by Google) Great park\n\n(Original)\nToller Park<i class=\"review-quotes fa fa-quote-right\" aria-hidden=\"true\"><\/i><\/span><span class=\"review-rating\"><i class=\"fa fa-star\" aria-hidden=\"true\"><\/i><i class=\"fa fa-star\" aria-hidden=\"true\"><\/i><i class=\"fa fa-star\" aria-hidden=\"true\"><\/i><i class=\"fa fa-star\" aria-hidden=\"true\"><\/i><i class=\"fa fa-star\" aria-hidden=\"true\"><\/i><\/span><span class=\"review-reviewer\">Manuel C<\/span><span class=\"review-date\">23 July, 2025<\/span><\/div><\/div><div class=\"gmb-review\" data=\"accounts\/113211944405253224958\/locations\/2354225346435628971\/reviews\/AbFvOqmn9KTrbeRLz8na__mQQrH1jTuKDA0PAj63SFyOUuMuKGJuVvGoizBQP30Q9cgkMPGvl-5V5w\"><div class=\"gmb-review-inner\"><span class=\"review-rating\"><i class=\"fa fa-star\" aria-hidden=\"true\"><\/i><i class=\"fa fa-star\" aria-hidden=\"true\"><\/i><i class=\"fa fa-star\" aria-hidden=\"true\"><\/i><i class=\"fa fa-star\" aria-hidden=\"true\"><\/i><\/span><span class=\"review-reviewer\">Mikael Norberg<\/span><span class=\"review-date\">17 July, 2025<\/span><\/div><\/div><div class=\"gmb-review\" data=\"accounts\/113211944405253224958\/locations\/2354225346435628971\/reviews\/AbFvOqmbfKaKTK8pRMpbZombUuk1uWCLurbq6A1H0NqftblE7FDDynB4LIUjNT184it8bVBngO-VSg\"><div class=\"gmb-review-inner\"><span class=\"review-rating\"><i class=\"fa fa-star\" aria-hidden=\"true\"><\/i><i class=\"fa fa-star\" aria-hidden=\"true\"><\/i><i class=\"fa fa-star\" aria-hidden=\"true\"><\/i><i class=\"fa fa-star\" aria-hidden=\"true\"><\/i><i class=\"fa fa-star\" aria-hidden=\"true\"><\/i><\/span><span class=\"review-reviewer\">Razzaq Al bayati<\/span><span class=\"review-date\">10 July, 2025<\/span><\/div><\/div><\/div>\n\n\n\n<div class=\"wp-block-cover alignfull\" style=\"min-height:376px;aspect-ratio:unset;\"><span aria-hidden=\"true\" class=\"wp-block-cover__background has-background-dim\"><\/span><img loading=\"lazy\" decoding=\"async\" width=\"2048\" height=\"1365\" class=\"wp-block-cover__image-background wp-image-1545\" alt=\"\" src=\"https:\/\/hogtlagt.se\/jonkoping\/wp-content\/uploads\/sites\/10\/2023\/12\/Hogt-Lagt-WEBB-1235.jpg\" style=\"object-position:50% 66%\" data-object-fit=\"cover\" data-object-position=\"50% 66%\" srcset=\"https:\/\/hogtlagt.se\/jonkoping\/wp-content\/uploads\/sites\/10\/2023\/12\/Hogt-Lagt-WEBB-1235.jpg 2048w, https:\/\/hogtlagt.se\/jonkoping\/wp-content\/uploads\/sites\/10\/2023\/12\/Hogt-Lagt-WEBB-1235-300x200.jpg 300w, https:\/\/hogtlagt.se\/jonkoping\/wp-content\/uploads\/sites\/10\/2023\/12\/Hogt-Lagt-WEBB-1235-1024x683.jpg 1024w, https:\/\/hogtlagt.se\/jonkoping\/wp-content\/uploads\/sites\/10\/2023\/12\/Hogt-Lagt-WEBB-1235-768x512.jpg 768w, https:\/\/hogtlagt.se\/jonkoping\/wp-content\/uploads\/sites\/10\/2023\/12\/Hogt-Lagt-WEBB-1235-1536x1024.jpg 1536w\" sizes=\"auto, (max-width: 2048px) 100vw, 2048px\" \/><div class=\"wp-block-cover__inner-container has-global-padding is-layout-constrained wp-block-cover-is-layout-constrained\">\n<p class=\"has-text-align-center\" style=\"font-size:25px\">Allt vi g\u00f6r genomsyras av v\u00e5ra grundl\u00e4ggande v\u00e4rden&nbsp;<em>Genomarbetat, S\u00e4kert, Innovativt, Inkluderande<\/em>&nbsp;och&nbsp;<em>Utmanande.<\/em>&nbsp;Vi \u00e4r drivna, vi arbetar h\u00e5rt, vi brinner f\u00f6r varje kunds upplevelse, vi \u00e4r med och utvecklar branschen och vi har j\u00e4kligt roligt medans vi g\u00f6r det!<\/p>\n<\/div><\/div>\n","protected":false},"excerpt":{"rendered":"<p>Kl\u00e4ttring och \u00e4ventyr l\u00e4ngs h\u00f6gh\u00f6jdsbanor i J\u00f6nk\u00f6ping! Kl\u00e4tterparken i J\u00f6nk\u00f6ping \u00e4r vackert bel\u00e4gen bland tallarna vid Axamo camping och friluftsomr\u00e5de. Parken \u00e4r \u00f6ppen f\u00f6r alla och det \u00e4r enbart de&#8230;<\/p>\n","protected":false},"author":1,"featured_media":1353,"parent":10,"menu_order":1,"comment_status":"closed","ping_status":"closed","template":"templates\/empty.php","meta":{"_acf_changed":false,"inline_featured_image":false,"footnotes":""},"class_list":["post-18","page","type-page","status-publish","has-post-thumbnail"],"acf":[],"yoast_head":"<!-- This site is optimized with the Yoast SEO plugin v26.1.1 - https:\/\/yoast.com\/wordpress\/plugins\/seo\/ -->\n<title>Kl\u00e4tterparken och v\u00e5ra h\u00f6gh\u00f6jdsbanor - H\u00f6gt &amp; L\u00e5gt J\u00f6nk\u00f6ping<\/title>\n<meta name=\"description\" content=\"Information om v\u00e5ra kl\u00e4tterbanor, h\u00e4r hittar du information vart den l\u00e4ngsta zipline finns, Kl\u00e4tterv\u00e4ggen, frittfall och den flygande kokosn\u00f6ten.\" \/>\n<meta name=\"robots\" content=\"index, follow, max-snippet:-1, max-image-preview:large, max-video-preview:-1\" \/>\n<link rel=\"canonical\" href=\"https:\/\/hogtlagt.se\/jonkoping\/klatterparken\/klatterbanorna\/\" \/>\n<meta property=\"og:locale\" content=\"sv_SE\" \/>\n<meta property=\"og:type\" content=\"article\" \/>\n<meta property=\"og:title\" content=\"Kl\u00e4tterparken och v\u00e5ra h\u00f6gh\u00f6jdsbanor - H\u00f6gt &amp; L\u00e5gt J\u00f6nk\u00f6ping\" \/>\n<meta property=\"og:description\" content=\"Information om v\u00e5ra kl\u00e4tterbanor, h\u00e4r hittar du information vart den l\u00e4ngsta zipline finns, Kl\u00e4tterv\u00e4ggen, frittfall och den flygande kokosn\u00f6ten.\" \/>\n<meta property=\"og:url\" content=\"https:\/\/hogtlagt.se\/jonkoping\/klatterparken\/klatterbanorna\/\" \/>\n<meta property=\"og:site_name\" content=\"H\u00f6gt &amp; L\u00e5gt J\u00f6nk\u00f6ping\" \/>\n<meta property=\"article:modified_time\" content=\"2024-07-11T10:56:35+00:00\" \/>\n<meta property=\"og:image\" content=\"https:\/\/hogtlagt.se\/jonkoping\/wp-content\/uploads\/sites\/10\/2023\/10\/va\u030ara-ho\u0308gho\u0308jdsbanor-1.jpg\" \/>\n\t<meta property=\"og:image:width\" content=\"2048\" \/>\n\t<meta property=\"og:image:height\" content=\"1365\" \/>\n\t<meta property=\"og:image:type\" content=\"image\/jpeg\" \/>\n<meta name=\"twitter:card\" content=\"summary_large_image\" \/>\n<meta name=\"twitter:label1\" content=\"Ber\u00e4knad l\u00e4stid\" \/>\n\t<meta name=\"twitter:data1\" content=\"3 minuter\" \/>\n<script type=\"application\/ld+json\" class=\"yoast-schema-graph\">{\"@context\":\"https:\/\/schema.org\",\"@graph\":[{\"@type\":\"WebPage\",\"@id\":\"https:\/\/hogtlagt.se\/jonkoping\/klatterparken\/klatterbanorna\/\",\"url\":\"https:\/\/hogtlagt.se\/jonkoping\/klatterparken\/klatterbanorna\/\",\"name\":\"Kl\u00e4tterparken och v\u00e5ra h\u00f6gh\u00f6jdsbanor - H\u00f6gt &amp; L\u00e5gt J\u00f6nk\u00f6ping\",\"isPartOf\":{\"@id\":\"https:\/\/hogtlagt.se\/jonkoping\/#website\"},\"primaryImageOfPage\":{\"@id\":\"https:\/\/hogtlagt.se\/jonkoping\/klatterparken\/klatterbanorna\/#primaryimage\"},\"image\":{\"@id\":\"https:\/\/hogtlagt.se\/jonkoping\/klatterparken\/klatterbanorna\/#primaryimage\"},\"thumbnailUrl\":\"https:\/\/hogtlagt.se\/jonkoping\/wp-content\/uploads\/sites\/10\/2023\/10\/va\u030ara-ho\u0308gho\u0308jdsbanor-1.jpg\",\"datePublished\":\"2020-02-28T11:46:31+00:00\",\"dateModified\":\"2024-07-11T10:56:35+00:00\",\"description\":\"Information om v\u00e5ra kl\u00e4tterbanor, h\u00e4r hittar du information vart den l\u00e4ngsta zipline finns, Kl\u00e4tterv\u00e4ggen, frittfall och den flygande kokosn\u00f6ten.\",\"breadcrumb\":{\"@id\":\"https:\/\/hogtlagt.se\/jonkoping\/klatterparken\/klatterbanorna\/#breadcrumb\"},\"inLanguage\":\"sv-SE\",\"potentialAction\":[{\"@type\":\"ReadAction\",\"target\":[\"https:\/\/hogtlagt.se\/jonkoping\/klatterparken\/klatterbanorna\/\"]}]},{\"@type\":\"ImageObject\",\"inLanguage\":\"sv-SE\",\"@id\":\"https:\/\/hogtlagt.se\/jonkoping\/klatterparken\/klatterbanorna\/#primaryimage\",\"url\":\"https:\/\/hogtlagt.se\/jonkoping\/wp-content\/uploads\/sites\/10\/2023\/10\/va\u030ara-ho\u0308gho\u0308jdsbanor-1.jpg\",\"contentUrl\":\"https:\/\/hogtlagt.se\/jonkoping\/wp-content\/uploads\/sites\/10\/2023\/10\/va\u030ara-ho\u0308gho\u0308jdsbanor-1.jpg\",\"width\":2048,\"height\":1365,\"caption\":\"20200607 H\u00f6gt &amp; L\u00e5gt i Karlstad. Foto: Fredrik Karlsson\/SolstaFoto\"},{\"@type\":\"BreadcrumbList\",\"@id\":\"https:\/\/hogtlagt.se\/jonkoping\/klatterparken\/klatterbanorna\/#breadcrumb\",\"itemListElement\":[{\"@type\":\"ListItem\",\"position\":1,\"name\":\"Hem\",\"item\":\"https:\/\/hogtlagt.se\/jonkoping\/\"},{\"@type\":\"ListItem\",\"position\":2,\"name\":\"Kl\u00e4tterparken i J\u00f6nk\u00f6ping\",\"item\":\"https:\/\/hogtlagt.se\/jonkoping\/klatterparken\/\"},{\"@type\":\"ListItem\",\"position\":3,\"name\":\"Kl\u00e4tterparken och v\u00e5ra h\u00f6gh\u00f6jdsbanor\"}]},{\"@type\":\"WebSite\",\"@id\":\"https:\/\/hogtlagt.se\/jonkoping\/#website\",\"url\":\"https:\/\/hogtlagt.se\/jonkoping\/\",\"name\":\"H\u00f6gt &amp; L\u00e5gt J\u00f6nk\u00f6ping\",\"description\":\"\u00c4nnu en webbplats hos H\u00f6gt &amp; L\u00e5gt\",\"potentialAction\":[{\"@type\":\"SearchAction\",\"target\":{\"@type\":\"EntryPoint\",\"urlTemplate\":\"https:\/\/hogtlagt.se\/jonkoping\/?s={search_term_string}\"},\"query-input\":{\"@type\":\"PropertyValueSpecification\",\"valueRequired\":true,\"valueName\":\"search_term_string\"}}],\"inLanguage\":\"sv-SE\"}]}<\/script>\n<!-- \/ Yoast SEO plugin. -->","yoast_head_json":{"title":"Kl\u00e4tterparken och v\u00e5ra h\u00f6gh\u00f6jdsbanor - H\u00f6gt &amp; L\u00e5gt J\u00f6nk\u00f6ping","description":"Information om v\u00e5ra kl\u00e4tterbanor, h\u00e4r hittar du information vart den l\u00e4ngsta zipline finns, Kl\u00e4tterv\u00e4ggen, frittfall och den flygande kokosn\u00f6ten.","robots":{"index":"index","follow":"follow","max-snippet":"max-snippet:-1","max-image-preview":"max-image-preview:large","max-video-preview":"max-video-preview:-1"},"canonical":"https:\/\/hogtlagt.se\/jonkoping\/klatterparken\/klatterbanorna\/","og_locale":"sv_SE","og_type":"article","og_title":"Kl\u00e4tterparken och v\u00e5ra h\u00f6gh\u00f6jdsbanor - H\u00f6gt &amp; L\u00e5gt J\u00f6nk\u00f6ping","og_description":"Information om v\u00e5ra kl\u00e4tterbanor, h\u00e4r hittar du information vart den l\u00e4ngsta zipline finns, Kl\u00e4tterv\u00e4ggen, frittfall och den flygande kokosn\u00f6ten.","og_url":"https:\/\/hogtlagt.se\/jonkoping\/klatterparken\/klatterbanorna\/","og_site_name":"H\u00f6gt &amp; L\u00e5gt J\u00f6nk\u00f6ping","article_modified_time":"2024-07-11T10:56:35+00:00","og_image":[{"width":2048,"height":1365,"url":"https:\/\/hogtlagt.se\/jonkoping\/wp-content\/uploads\/sites\/10\/2023\/10\/va\u030ara-ho\u0308gho\u0308jdsbanor-1.jpg","type":"image\/jpeg"}],"twitter_card":"summary_large_image","twitter_misc":{"Ber\u00e4knad l\u00e4stid":"3 minuter"},"schema":{"@context":"https:\/\/schema.org","@graph":[{"@type":"WebPage","@id":"https:\/\/hogtlagt.se\/jonkoping\/klatterparken\/klatterbanorna\/","url":"https:\/\/hogtlagt.se\/jonkoping\/klatterparken\/klatterbanorna\/","name":"Kl\u00e4tterparken och v\u00e5ra h\u00f6gh\u00f6jdsbanor - H\u00f6gt &amp; L\u00e5gt J\u00f6nk\u00f6ping","isPartOf":{"@id":"https:\/\/hogtlagt.se\/jonkoping\/#website"},"primaryImageOfPage":{"@id":"https:\/\/hogtlagt.se\/jonkoping\/klatterparken\/klatterbanorna\/#primaryimage"},"image":{"@id":"https:\/\/hogtlagt.se\/jonkoping\/klatterparken\/klatterbanorna\/#primaryimage"},"thumbnailUrl":"https:\/\/hogtlagt.se\/jonkoping\/wp-content\/uploads\/sites\/10\/2023\/10\/va\u030ara-ho\u0308gho\u0308jdsbanor-1.jpg","datePublished":"2020-02-28T11:46:31+00:00","dateModified":"2024-07-11T10:56:35+00:00","description":"Information om v\u00e5ra kl\u00e4tterbanor, h\u00e4r hittar du information vart den l\u00e4ngsta zipline finns, Kl\u00e4tterv\u00e4ggen, frittfall och den flygande kokosn\u00f6ten.","breadcrumb":{"@id":"https:\/\/hogtlagt.se\/jonkoping\/klatterparken\/klatterbanorna\/#breadcrumb"},"inLanguage":"sv-SE","potentialAction":[{"@type":"ReadAction","target":["https:\/\/hogtlagt.se\/jonkoping\/klatterparken\/klatterbanorna\/"]}]},{"@type":"ImageObject","inLanguage":"sv-SE","@id":"https:\/\/hogtlagt.se\/jonkoping\/klatterparken\/klatterbanorna\/#primaryimage","url":"https:\/\/hogtlagt.se\/jonkoping\/wp-content\/uploads\/sites\/10\/2023\/10\/va\u030ara-ho\u0308gho\u0308jdsbanor-1.jpg","contentUrl":"https:\/\/hogtlagt.se\/jonkoping\/wp-content\/uploads\/sites\/10\/2023\/10\/va\u030ara-ho\u0308gho\u0308jdsbanor-1.jpg","width":2048,"height":1365,"caption":"20200607 H\u00f6gt &amp; L\u00e5gt i Karlstad. Foto: Fredrik Karlsson\/SolstaFoto"},{"@type":"BreadcrumbList","@id":"https:\/\/hogtlagt.se\/jonkoping\/klatterparken\/klatterbanorna\/#breadcrumb","itemListElement":[{"@type":"ListItem","position":1,"name":"Hem","item":"https:\/\/hogtlagt.se\/jonkoping\/"},{"@type":"ListItem","position":2,"name":"Kl\u00e4tterparken i J\u00f6nk\u00f6ping","item":"https:\/\/hogtlagt.se\/jonkoping\/klatterparken\/"},{"@type":"ListItem","position":3,"name":"Kl\u00e4tterparken och v\u00e5ra h\u00f6gh\u00f6jdsbanor"}]},{"@type":"WebSite","@id":"https:\/\/hogtlagt.se\/jonkoping\/#website","url":"https:\/\/hogtlagt.se\/jonkoping\/","name":"H\u00f6gt &amp; L\u00e5gt J\u00f6nk\u00f6ping","description":"\u00c4nnu en webbplats hos H\u00f6gt &amp; L\u00e5gt","potentialAction":[{"@type":"SearchAction","target":{"@type":"EntryPoint","urlTemplate":"https:\/\/hogtlagt.se\/jonkoping\/?s={search_term_string}"},"query-input":{"@type":"PropertyValueSpecification","valueRequired":true,"valueName":"search_term_string"}}],"inLanguage":"sv-SE"}]}},"_links":{"self":[{"href":"https:\/\/hogtlagt.se\/jonkoping\/wp-json\/wp\/v2\/pages\/18","targetHints":{"allow":["GET"]}}],"collection":[{"href":"https:\/\/hogtlagt.se\/jonkoping\/wp-json\/wp\/v2\/pages"}],"about":[{"href":"https:\/\/hogtlagt.se\/jonkoping\/wp-json\/wp\/v2\/types\/page"}],"author":[{"embeddable":true,"href":"https:\/\/hogtlagt.se\/jonkoping\/wp-json\/wp\/v2\/users\/1"}],"replies":[{"embeddable":true,"href":"https:\/\/hogtlagt.se\/jonkoping\/wp-json\/wp\/v2\/comments?post=18"}],"version-history":[{"count":41,"href":"https:\/\/hogtlagt.se\/jonkoping\/wp-json\/wp\/v2\/pages\/18\/revisions"}],"predecessor-version":[{"id":1736,"href":"https:\/\/hogtlagt.se\/jonkoping\/wp-json\/wp\/v2\/pages\/18\/revisions\/1736"}],"up":[{"embeddable":true,"href":"https:\/\/hogtlagt.se\/jonkoping\/wp-json\/wp\/v2\/pages\/10"}],"wp:featuredmedia":[{"embeddable":true,"href":"https:\/\/hogtlagt.se\/jonkoping\/wp-json\/wp\/v2\/media\/1353"}],"wp:attachment":[{"href":"https:\/\/hogtlagt.se\/jonkoping\/wp-json\/wp\/v2\/media?parent=18"}],"curies":[{"name":"wp","href":"https:\/\/api.w.org\/{rel}","templated":true}]}}