{"id":16,"date":"2020-02-28T12:46:04","date_gmt":"2020-02-28T11:46:04","guid":{"rendered":"http:\/\/hogtlagt.se.hemsida.eu\/rattvik\/?page_id=16"},"modified":"2024-04-02T19:43:27","modified_gmt":"2024-04-02T17:43:27","slug":"aktiviteter-jonkoping","status":"publish","type":"page","link":"https:\/\/hogtlagt.se\/jonkoping\/klatterparken\/aktiviteter-jonkoping\/","title":{"rendered":"Aktiviteter att g\u00f6ra i J\u00f6nk\u00f6ping"},"content":{"rendered":"\n<div class=\"wp-block-cover alignfull\" style=\"min-height:600px;aspect-ratio:unset;\"><span aria-hidden=\"true\" class=\"wp-block-cover__background has-background-dim-10 has-background-dim\"><\/span><img loading=\"lazy\" decoding=\"async\" width=\"2560\" height=\"1707\" class=\"wp-block-cover__image-background wp-image-1332\" alt=\"\" src=\"https:\/\/hogtlagt.se\/jonkoping\/wp-content\/uploads\/sites\/10\/2023\/10\/Andra-aktiviteter-scaled.jpg\" data-object-fit=\"cover\" srcset=\"https:\/\/hogtlagt.se\/jonkoping\/wp-content\/uploads\/sites\/10\/2023\/10\/Andra-aktiviteter-scaled.jpg 2560w, https:\/\/hogtlagt.se\/jonkoping\/wp-content\/uploads\/sites\/10\/2023\/10\/Andra-aktiviteter-300x200.jpg 300w, https:\/\/hogtlagt.se\/jonkoping\/wp-content\/uploads\/sites\/10\/2023\/10\/Andra-aktiviteter-1024x683.jpg 1024w, https:\/\/hogtlagt.se\/jonkoping\/wp-content\/uploads\/sites\/10\/2023\/10\/Andra-aktiviteter-768x512.jpg 768w, https:\/\/hogtlagt.se\/jonkoping\/wp-content\/uploads\/sites\/10\/2023\/10\/Andra-aktiviteter-1536x1024.jpg 1536w, https:\/\/hogtlagt.se\/jonkoping\/wp-content\/uploads\/sites\/10\/2023\/10\/Andra-aktiviteter-2048x1365.jpg 2048w\" sizes=\"auto, (max-width: 2560px) 100vw, 2560px\" \/><div class=\"wp-block-cover__inner-container has-global-padding is-layout-constrained wp-block-cover-is-layout-constrained\">\n<h2 class=\"wp-block-heading has-text-align-center\" style=\"font-size:55px\">Tips p\u00e5 aktiviteter i J\u00f6nk\u00f6ping<\/h2>\n<\/div><\/div>\n\n\n\n<div style=\"height:68px\" aria-hidden=\"true\" class=\"wp-block-spacer\"><\/div>\n\n\n\n<div style=\"height:12px\" aria-hidden=\"true\" class=\"wp-block-spacer\"><\/div>\n\n\n\n<div class=\"wp-block-columns is-layout-flex wp-container-core-columns-is-layout-28f84493 wp-block-columns-is-layout-flex\">\n<div class=\"wp-block-column is-layout-flow wp-block-column-is-layout-flow\">\n<p><strong>Letar ni efter roliga och sp\u00e4nnande <meta charset=\"utf-8\">barnaktiviteter och vuxenutmaningar  att g\u00f6ra i omr\u00e5det kring J\u00f6nk\u00f6ping? H\u00e4r har vi samlat 8 olika tips p\u00e5 saker att g\u00f6ra med barn, familj, och v\u00e4nner kanske p\u00e5 semestern eller n\u00e4r andan faller p\u00e5.<\/strong><\/p>\n<\/div>\n\n\n\n<div class=\"wp-block-column is-layout-flow wp-block-column-is-layout-flow\">\n<figure class=\"wp-block-image aligncenter size-large is-resized\"><img loading=\"lazy\" decoding=\"async\" width=\"790\" height=\"837\" src=\"https:\/\/hogtlagt.se\/jonkoping\/wp-content\/uploads\/sites\/10\/2023\/12\/Lager-2-2.svg\" alt=\"\" class=\"wp-image-1570\" style=\"width:171px;height:auto\"\/><\/figure>\n<\/div>\n<\/div>\n\n\n\n<div style=\"height:21px\" aria-hidden=\"true\" class=\"wp-block-spacer\"><\/div>\n\n\n\n<div id=\"two-col-img-block_476ec056237404fed960e95d8e658152\" class=\"two-col-img ny-bakgrund3\">\n    <div class=\"two-block-img__wrapper \">\n\n        <img decoding=\"async\" class=\"img-col\" src=\"https:\/\/hogtlagt.se\/jonkoping\/wp-content\/uploads\/sites\/10\/2022\/02\/hogtochlagt-01-low-1279-768x512.jpg\" alt=\"\">\n\n        <div class=\"text-col\">\n                        <div class=\"text-col-inner\">\n                <h3>H\u00f6gt &amp; L\u00e5gt \u00c4ventyrspark\/Kl\u00e4tterpark J\u00f6nk\u00f6ping<\/h3>\n<p><span class=\"TextRun SCXW50501978 BCX0\" lang=\"SV-SE\" xml:lang=\"SV-SE\" data-contrast=\"none\"><span class=\"NormalTextRun SCXW50501978 BCX0\">Den som letar efter aktiviteter i J\u00f6nk\u00f6ping att g\u00f6ra med, barn, familj, kollegorna eller p\u00e5 m\u00f6hippan\/svensexan hittar ett sp\u00e4nnande alternativ p\u00e5 H\u00f6gt &amp; L\u00e5gt kl\u00e4tterpark &amp; h\u00f6gh\u00f6jdsbana. Vi finns vid Axamo bad och camping d\u00e4r ni \u00e4ven kan basta och bada i anslutning till ert bes\u00f6k hos oss.<\/span><\/span><span class=\"EOP SCXW50501978 BCX0\" data-ccp-props=\"{\"> Ni kan l\u00e4sa mer om <a href=\"https:\/\/hogtlagt.se\/jonkoping\/klatterparken\/klatterbanorna\/\">kl\u00e4tterparken och v\u00e5ra olika h\u00f6gh\u00f6jdsbanor h\u00e4r.<\/a><\/span><\/p>\n                            <\/div>\n        <\/div>\n\n    <\/div>\n<\/div>\n\n\n\n<div id=\"two-col-img-block_a5e6a2e23a4a15a06bea5f2b84355277\" class=\"two-col-img ny-bakgrund3\">\n    <div class=\"two-block-img__wrapper reverse-col\">\n\n        <img decoding=\"async\" class=\"img-col\" src=\"https:\/\/hogtlagt.se\/jonkoping\/wp-content\/uploads\/sites\/10\/2022\/02\/ball-1845546_640.jpeg\" alt=\"\">\n\n        <div class=\"text-col\">\n                        <div class=\"text-col-inner\">\n                <h3>Axamo strandbad<\/h3>\n<p>Strandbadet bjuder p\u00e5 behaglig vattentemperatur och klart vatten. I omr\u00e5det finns \u00e4ven vackra promenadstr\u00e5k, en triathlonbana, lekplats, eldstad och fiskem\u00f6jligheter. H\u00e4r finns ocks\u00e5 stora gr\u00e4sytor som inbjuder till bollspel och picknick. Strax intill stranden hittar ni ocks\u00e5 en glasskiosk.<\/p>\n                            <\/div>\n        <\/div>\n\n    <\/div>\n<\/div>\n\n\n\n<div id=\"two-col-img-block_62cb97d8b87a7e41da4124b3886750a5\" class=\"two-col-img ny-bakgrund3\">\n    <div class=\"two-block-img__wrapper \">\n\n        <img decoding=\"async\" class=\"img-col\" src=\"https:\/\/hogtlagt.se\/jonkoping\/wp-content\/uploads\/sites\/10\/2022\/02\/ruin-1020877_640.jpeg\" alt=\"\">\n\n        <div class=\"text-col\">\n                        <div class=\"text-col-inner\">\n                <h3>Visings\u00f6<\/h3>\n<p>Varf\u00f6r inte g\u00f6ra en heldag p\u00e5 Visings\u00f6, som \u00e4r V\u00e4tterns st\u00f6rsta \u00f6 och ligger i sj\u00f6ns s\u00f6dra del. Trots att \u00f6n bara har en area p\u00e5 25 kvadratkilometer s\u00e5 finns d\u00e4r massor att g\u00f6ra; boka en h\u00e4stskjuts eller egen h\u00e4st, hyr cyklar, bada, vandra, paddla kanot, eller varf\u00f6r inte bes\u00f6ka n\u00e5gon av alla borgruiner som finns runt om p\u00e5 \u00f6n. H\u00e4r finns det m\u00e5nga roliga aktiviteter att g\u00f6ra f\u00f6r b\u00e5de f\u00f6r barn och vuxna.<\/p>\n                            <\/div>\n        <\/div>\n\n    <\/div>\n<\/div>\n\n\n\n<div id=\"two-col-img-block_792978d231b7e8c7e68e31395a13011e\" class=\"two-col-img ny-bakgrund3\">\n    <div class=\"two-block-img__wrapper reverse-col\">\n\n        <img decoding=\"async\" class=\"img-col\" src=\"https:\/\/hogtlagt.se\/jonkoping\/wp-content\/uploads\/sites\/10\/2022\/02\/sugar-3030843_640.jpeg\" alt=\"\">\n\n        <div class=\"text-col\">\n                        <div class=\"text-col-inner\">\n                <h3>Baka och \u00e4ta polkagrisar i Gr\u00e4nna<\/h3>\n<p>En \u00e4kta Gr\u00e4nna polkagris \u00e4r en r\u00f6dvit godisst\u00e5ng som har tillverkats i \u00f6ver 150 \u00e5r. Numera finns det m\u00e4ngder med olika smaker att v\u00e4lja mellan. I Gr\u00e4nna kan man se och uppleva hantverket p\u00e5 plats genom att bes\u00f6ka ett av alla de mysiga polkagriskokerierna. D\u00e4r kan man baka sin egen polkagris eller avnjuta n\u00e5gon av alla sp\u00e4nnande smaker.<\/p>\n                            <\/div>\n        <\/div>\n\n    <\/div>\n<\/div>\n\n\n\n<div id=\"two-col-img-block_8261805c9868dfda4c4afbc8386e3df4\" class=\"two-col-img ny-bakgrund3\">\n    <div class=\"two-block-img__wrapper \">\n\n        <img decoding=\"async\" class=\"img-col\" src=\"https:\/\/hogtlagt.se\/jonkoping\/wp-content\/uploads\/sites\/10\/2022\/02\/apple-3625429_640.jpeg\" alt=\"\">\n\n        <div class=\"text-col\">\n                        <div class=\"text-col-inner\">\n                <h3>\u00c4ppledalen<\/h3>\n<p>\u00c4ppledalen eller Sm\u00e5lands Toscana \u00e4r ett stenkast fr\u00e5n J\u00f6nk\u00f6ping. H\u00e4r finner ni bland annat de tv\u00e5 \u00e4ppelodlingarna Rudenstam och Vistakulle fruktodling med g\u00e5rdsrosteri. \u00c4ppledalen bjuder p\u00e5 fantastiska utsikter \u00f6ver Landsj\u00f6n, vackra b\u00f6ljande \u00e4ppelodlingar och pittoreska hus. H\u00e4r finns \u00e4ven Hunnerydsbadet och mysiga cafer och butiker.<\/p>\n                            <\/div>\n        <\/div>\n\n    <\/div>\n<\/div>\n\n\n\n<div id=\"two-col-img-block_039056751a07880267f9c56656c52fc1\" class=\"two-col-img ny-bakgrund3\">\n    <div class=\"two-block-img__wrapper reverse-col\">\n\n        <img decoding=\"async\" class=\"img-col\" src=\"https:\/\/hogtlagt.se\/jonkoping\/wp-content\/uploads\/sites\/10\/2022\/02\/chemistry-5632654_640.jpeg\" alt=\"\">\n\n        <div class=\"text-col\">\n                        <div class=\"text-col-inner\">\n                <h3>Upptech J\u00f6nk\u00f6ping<\/h3>\n<p>Bes\u00f6k J\u00f6nk\u00f6pings egna forskningscenter. H\u00e4r finns m\u00f6jlighet att experimentera, f\u00e5 nya kunskaper och upplevelser f\u00f6r b\u00e5de stora som sm\u00e5. Utforska rymdens galaxer i planetariet eller g\u00f6r experiment i experimenthallen. Eller varf\u00f6r inte l\u00e5ta de allra minsta b\u00f6rja \u00f6vningsk\u00f6ra redan nu, hyr en elbil i trafikparken f\u00f6r en tia.<\/p>\n                            <\/div>\n        <\/div>\n\n    <\/div>\n<\/div>\n\n\n\n<div id=\"two-col-img-block_32e342f8c02b65e1d86d6ffb3e108347\" class=\"two-col-img ny-bakgrund3\">\n    <div class=\"two-block-img__wrapper \">\n\n        <img decoding=\"async\" class=\"img-col\" src=\"https:\/\/hogtlagt.se\/jonkoping\/wp-content\/uploads\/sites\/10\/2022\/02\/2-2-TM-2.jpeg\" alt=\"\">\n\n        <div class=\"text-col\">\n                        <div class=\"text-col-inner\">\n                <h3>T\u00e4ndsticksmuseet<\/h3>\n<p>Vid V\u00e4tterns s\u00f6dra strand ligger T\u00e4ndsticksmuseet, i det hus som en g\u00e5ng var J\u00f6nk\u00f6pings f\u00f6rsta t\u00e4ndsticksfabrik. Ingen annan produkt har gjort J\u00f6nk\u00f6ping och Sverige s\u00e5 k\u00e4nt som s\u00e4kerhetst\u00e4ndstickan. Dess historia \u00e4r intressant och har m\u00e5nga dimensioner. T\u00e4ndsticksmuseet ber\u00e4ttar en sp\u00e4nnande historia om hur den lilla produkten er\u00f6vrade v\u00e4rlden.<\/p>\n                            <\/div>\n        <\/div>\n\n    <\/div>\n<\/div>\n\n\n\n<div id=\"two-col-img-block_2290ee1e411f812c0e78a77545218166\" class=\"two-col-img ny-bakgrund3\">\n    <div class=\"two-block-img__wrapper reverse-col\">\n\n        <img decoding=\"async\" class=\"img-col\" src=\"https:\/\/hogtlagt.se\/jonkoping\/wp-content\/uploads\/sites\/10\/2022\/02\/bat-909683_640.jpeg\" alt=\"\">\n\n        <div class=\"text-col\">\n                        <div class=\"text-col-inner\">\n                <h3>Tabergsgruvan &amp; Fladdermuseum<\/h3>\n<p>I Tabergsgruvan best\u00e5r berget delvis av titanomagnetitolivinit, det \u00e4r en bergart som bara finns h\u00e4r och p\u00e5 Rhode Island i USA. Gruvan i Taberg \u00f6ppnades redan p\u00e5 1400-talet. Vid gruvg\u00e5rden n\u00e4ra tabergsgruvan finns \u00e4ven Sveriges enda fladdermuseum, d\u00e4r man kan l\u00e4ra sig om olika fladdermusarter, lyssna p\u00e5 fladdermusljud och se deras skelett. H\u00e4r kan barnen \u00e4ven prova fladdermusdr\u00e4kter och krypa in i den lilla tabergsgruvan.<\/p>\n                            <\/div>\n        <\/div>\n\n    <\/div>\n<\/div>\n\n\n\n<div style=\"height:99px\" aria-hidden=\"true\" class=\"wp-block-spacer\"><\/div>\n\n\n\n<div class=\"wp-block-cover alignfull\" style=\"min-height:376px;aspect-ratio:unset;\"><span aria-hidden=\"true\" class=\"wp-block-cover__background has-background-dim\"><\/span><img loading=\"lazy\" decoding=\"async\" width=\"2048\" height=\"1365\" class=\"wp-block-cover__image-background wp-image-1545\" alt=\"\" src=\"https:\/\/hogtlagt.se\/jonkoping\/wp-content\/uploads\/sites\/10\/2023\/12\/Hogt-Lagt-WEBB-1235.jpg\" style=\"object-position:50% 66%\" data-object-fit=\"cover\" data-object-position=\"50% 66%\" srcset=\"https:\/\/hogtlagt.se\/jonkoping\/wp-content\/uploads\/sites\/10\/2023\/12\/Hogt-Lagt-WEBB-1235.jpg 2048w, https:\/\/hogtlagt.se\/jonkoping\/wp-content\/uploads\/sites\/10\/2023\/12\/Hogt-Lagt-WEBB-1235-300x200.jpg 300w, https:\/\/hogtlagt.se\/jonkoping\/wp-content\/uploads\/sites\/10\/2023\/12\/Hogt-Lagt-WEBB-1235-1024x683.jpg 1024w, https:\/\/hogtlagt.se\/jonkoping\/wp-content\/uploads\/sites\/10\/2023\/12\/Hogt-Lagt-WEBB-1235-768x512.jpg 768w, https:\/\/hogtlagt.se\/jonkoping\/wp-content\/uploads\/sites\/10\/2023\/12\/Hogt-Lagt-WEBB-1235-1536x1024.jpg 1536w\" sizes=\"auto, (max-width: 2048px) 100vw, 2048px\" \/><div class=\"wp-block-cover__inner-container has-global-padding is-layout-constrained wp-block-cover-is-layout-constrained\">\n<p class=\"has-text-align-center\" style=\"font-size:25px\">Allt vi g\u00f6r genomsyras av v\u00e5ra grundl\u00e4ggande v\u00e4rden&nbsp;<em>Genomarbetat, S\u00e4kert, Innovativt, Inkluderande<\/em>&nbsp;och&nbsp;<em>Utmanande.<\/em>&nbsp;Vi \u00e4r drivna, vi arbetar h\u00e5rt, vi brinner f\u00f6r varje kunds upplevelse, vi \u00e4r med och utvecklar branschen och vi har j\u00e4kligt roligt medans vi g\u00f6r det!<\/p>\n<\/div><\/div>\n","protected":false},"excerpt":{"rendered":"<p>Letar ni efter roliga och sp\u00e4nnande barnaktiviteter och vuxenutmaningar att g\u00f6ra i omr\u00e5det kring J\u00f6nk\u00f6ping? H\u00e4r har vi samlat 8 olika tips p\u00e5 saker att g\u00f6ra med barn, familj, och&#8230;<\/p>\n","protected":false},"author":1,"featured_media":1359,"parent":10,"menu_order":4,"comment_status":"closed","ping_status":"closed","template":"templates\/empty.php","meta":{"_acf_changed":false,"inline_featured_image":false,"footnotes":""},"class_list":["post-16","page","type-page","status-publish","has-post-thumbnail"],"acf":[],"yoast_head":"<!-- This site is optimized with the Yoast SEO plugin v26.1.1 - https:\/\/yoast.com\/wordpress\/plugins\/seo\/ -->\n<title>Aktiviteter att g\u00f6ra i J\u00f6nk\u00f6ping - H\u00f6gt &amp; L\u00e5gt J\u00f6nk\u00f6ping<\/title>\n<meta name=\"description\" content=\"Letar ni efter roliga och sp\u00e4nnande aktiviteter att g\u00f6ra i omr\u00e5det kring J\u00f6nk\u00f6ping? H\u00e4r har vi samlat 8 olika tips p\u00e5 saker att g\u00f6ra med barn, familj, och v\u00e4nner kanske p\u00e5 semestern eller n\u00e4r andan faller p\u00e5.\" \/>\n<meta name=\"robots\" content=\"index, follow, max-snippet:-1, max-image-preview:large, max-video-preview:-1\" \/>\n<link rel=\"canonical\" href=\"https:\/\/hogtlagt.se\/jonkoping\/klatterparken\/aktiviteter-jonkoping\/\" \/>\n<meta property=\"og:locale\" content=\"sv_SE\" \/>\n<meta property=\"og:type\" content=\"article\" \/>\n<meta property=\"og:title\" content=\"Aktiviteter att g\u00f6ra i J\u00f6nk\u00f6ping - H\u00f6gt &amp; L\u00e5gt J\u00f6nk\u00f6ping\" \/>\n<meta property=\"og:description\" content=\"Letar ni efter roliga och sp\u00e4nnande aktiviteter att g\u00f6ra i omr\u00e5det kring J\u00f6nk\u00f6ping? H\u00e4r har vi samlat 8 olika tips p\u00e5 saker att g\u00f6ra med barn, familj, och v\u00e4nner kanske p\u00e5 semestern eller n\u00e4r andan faller p\u00e5.\" \/>\n<meta property=\"og:url\" content=\"https:\/\/hogtlagt.se\/jonkoping\/klatterparken\/aktiviteter-jonkoping\/\" \/>\n<meta property=\"og:site_name\" content=\"H\u00f6gt &amp; L\u00e5gt J\u00f6nk\u00f6ping\" \/>\n<meta property=\"article:modified_time\" content=\"2024-04-02T17:43:27+00:00\" \/>\n<meta property=\"og:image\" content=\"https:\/\/hogtlagt.se\/jonkoping\/wp-content\/uploads\/sites\/10\/2023\/10\/Andra-aktiviteter-1-scaled.jpg\" \/>\n\t<meta property=\"og:image:width\" content=\"2560\" \/>\n\t<meta property=\"og:image:height\" content=\"1707\" \/>\n\t<meta property=\"og:image:type\" content=\"image\/jpeg\" \/>\n<meta name=\"twitter:card\" content=\"summary_large_image\" \/>\n<meta name=\"twitter:label1\" content=\"Ber\u00e4knad l\u00e4stid\" \/>\n\t<meta name=\"twitter:data1\" content=\"2 minuter\" \/>\n<script type=\"application\/ld+json\" class=\"yoast-schema-graph\">{\"@context\":\"https:\/\/schema.org\",\"@graph\":[{\"@type\":\"WebPage\",\"@id\":\"https:\/\/hogtlagt.se\/jonkoping\/klatterparken\/aktiviteter-jonkoping\/\",\"url\":\"https:\/\/hogtlagt.se\/jonkoping\/klatterparken\/aktiviteter-jonkoping\/\",\"name\":\"Aktiviteter att g\u00f6ra i J\u00f6nk\u00f6ping - H\u00f6gt &amp; L\u00e5gt J\u00f6nk\u00f6ping\",\"isPartOf\":{\"@id\":\"https:\/\/hogtlagt.se\/jonkoping\/#website\"},\"primaryImageOfPage\":{\"@id\":\"https:\/\/hogtlagt.se\/jonkoping\/klatterparken\/aktiviteter-jonkoping\/#primaryimage\"},\"image\":{\"@id\":\"https:\/\/hogtlagt.se\/jonkoping\/klatterparken\/aktiviteter-jonkoping\/#primaryimage\"},\"thumbnailUrl\":\"https:\/\/hogtlagt.se\/jonkoping\/wp-content\/uploads\/sites\/10\/2023\/10\/Andra-aktiviteter-1-scaled.jpg\",\"datePublished\":\"2020-02-28T11:46:04+00:00\",\"dateModified\":\"2024-04-02T17:43:27+00:00\",\"description\":\"Letar ni efter roliga och sp\u00e4nnande aktiviteter att g\u00f6ra i omr\u00e5det kring J\u00f6nk\u00f6ping? H\u00e4r har vi samlat 8 olika tips p\u00e5 saker att g\u00f6ra med barn, familj, och v\u00e4nner kanske p\u00e5 semestern eller n\u00e4r andan faller p\u00e5.\",\"breadcrumb\":{\"@id\":\"https:\/\/hogtlagt.se\/jonkoping\/klatterparken\/aktiviteter-jonkoping\/#breadcrumb\"},\"inLanguage\":\"sv-SE\",\"potentialAction\":[{\"@type\":\"ReadAction\",\"target\":[\"https:\/\/hogtlagt.se\/jonkoping\/klatterparken\/aktiviteter-jonkoping\/\"]}]},{\"@type\":\"ImageObject\",\"inLanguage\":\"sv-SE\",\"@id\":\"https:\/\/hogtlagt.se\/jonkoping\/klatterparken\/aktiviteter-jonkoping\/#primaryimage\",\"url\":\"https:\/\/hogtlagt.se\/jonkoping\/wp-content\/uploads\/sites\/10\/2023\/10\/Andra-aktiviteter-1-scaled.jpg\",\"contentUrl\":\"https:\/\/hogtlagt.se\/jonkoping\/wp-content\/uploads\/sites\/10\/2023\/10\/Andra-aktiviteter-1-scaled.jpg\",\"width\":2560,\"height\":1707,\"caption\":\"Glad familj som pratar om hur det var att kl\u00e4ttra i h\u00f6gh\u00f6jdsbanorna\"},{\"@type\":\"BreadcrumbList\",\"@id\":\"https:\/\/hogtlagt.se\/jonkoping\/klatterparken\/aktiviteter-jonkoping\/#breadcrumb\",\"itemListElement\":[{\"@type\":\"ListItem\",\"position\":1,\"name\":\"Hem\",\"item\":\"https:\/\/hogtlagt.se\/jonkoping\/\"},{\"@type\":\"ListItem\",\"position\":2,\"name\":\"Kl\u00e4tterparken i J\u00f6nk\u00f6ping\",\"item\":\"https:\/\/hogtlagt.se\/jonkoping\/klatterparken\/\"},{\"@type\":\"ListItem\",\"position\":3,\"name\":\"Aktiviteter att g\u00f6ra i J\u00f6nk\u00f6ping\"}]},{\"@type\":\"WebSite\",\"@id\":\"https:\/\/hogtlagt.se\/jonkoping\/#website\",\"url\":\"https:\/\/hogtlagt.se\/jonkoping\/\",\"name\":\"H\u00f6gt &amp; L\u00e5gt J\u00f6nk\u00f6ping\",\"description\":\"\u00c4nnu en webbplats hos H\u00f6gt &amp; L\u00e5gt\",\"potentialAction\":[{\"@type\":\"SearchAction\",\"target\":{\"@type\":\"EntryPoint\",\"urlTemplate\":\"https:\/\/hogtlagt.se\/jonkoping\/?s={search_term_string}\"},\"query-input\":{\"@type\":\"PropertyValueSpecification\",\"valueRequired\":true,\"valueName\":\"search_term_string\"}}],\"inLanguage\":\"sv-SE\"}]}<\/script>\n<!-- \/ Yoast SEO plugin. -->","yoast_head_json":{"title":"Aktiviteter att g\u00f6ra i J\u00f6nk\u00f6ping - H\u00f6gt &amp; L\u00e5gt J\u00f6nk\u00f6ping","description":"Letar ni efter roliga och sp\u00e4nnande aktiviteter att g\u00f6ra i omr\u00e5det kring J\u00f6nk\u00f6ping? H\u00e4r har vi samlat 8 olika tips p\u00e5 saker att g\u00f6ra med barn, familj, och v\u00e4nner kanske p\u00e5 semestern eller n\u00e4r andan faller p\u00e5.","robots":{"index":"index","follow":"follow","max-snippet":"max-snippet:-1","max-image-preview":"max-image-preview:large","max-video-preview":"max-video-preview:-1"},"canonical":"https:\/\/hogtlagt.se\/jonkoping\/klatterparken\/aktiviteter-jonkoping\/","og_locale":"sv_SE","og_type":"article","og_title":"Aktiviteter att g\u00f6ra i J\u00f6nk\u00f6ping - H\u00f6gt &amp; L\u00e5gt J\u00f6nk\u00f6ping","og_description":"Letar ni efter roliga och sp\u00e4nnande aktiviteter att g\u00f6ra i omr\u00e5det kring J\u00f6nk\u00f6ping? H\u00e4r har vi samlat 8 olika tips p\u00e5 saker att g\u00f6ra med barn, familj, och v\u00e4nner kanske p\u00e5 semestern eller n\u00e4r andan faller p\u00e5.","og_url":"https:\/\/hogtlagt.se\/jonkoping\/klatterparken\/aktiviteter-jonkoping\/","og_site_name":"H\u00f6gt &amp; L\u00e5gt J\u00f6nk\u00f6ping","article_modified_time":"2024-04-02T17:43:27+00:00","og_image":[{"width":2560,"height":1707,"url":"https:\/\/hogtlagt.se\/jonkoping\/wp-content\/uploads\/sites\/10\/2023\/10\/Andra-aktiviteter-1-scaled.jpg","type":"image\/jpeg"}],"twitter_card":"summary_large_image","twitter_misc":{"Ber\u00e4knad l\u00e4stid":"2 minuter"},"schema":{"@context":"https:\/\/schema.org","@graph":[{"@type":"WebPage","@id":"https:\/\/hogtlagt.se\/jonkoping\/klatterparken\/aktiviteter-jonkoping\/","url":"https:\/\/hogtlagt.se\/jonkoping\/klatterparken\/aktiviteter-jonkoping\/","name":"Aktiviteter att g\u00f6ra i J\u00f6nk\u00f6ping - H\u00f6gt &amp; L\u00e5gt J\u00f6nk\u00f6ping","isPartOf":{"@id":"https:\/\/hogtlagt.se\/jonkoping\/#website"},"primaryImageOfPage":{"@id":"https:\/\/hogtlagt.se\/jonkoping\/klatterparken\/aktiviteter-jonkoping\/#primaryimage"},"image":{"@id":"https:\/\/hogtlagt.se\/jonkoping\/klatterparken\/aktiviteter-jonkoping\/#primaryimage"},"thumbnailUrl":"https:\/\/hogtlagt.se\/jonkoping\/wp-content\/uploads\/sites\/10\/2023\/10\/Andra-aktiviteter-1-scaled.jpg","datePublished":"2020-02-28T11:46:04+00:00","dateModified":"2024-04-02T17:43:27+00:00","description":"Letar ni efter roliga och sp\u00e4nnande aktiviteter att g\u00f6ra i omr\u00e5det kring J\u00f6nk\u00f6ping? H\u00e4r har vi samlat 8 olika tips p\u00e5 saker att g\u00f6ra med barn, familj, och v\u00e4nner kanske p\u00e5 semestern eller n\u00e4r andan faller p\u00e5.","breadcrumb":{"@id":"https:\/\/hogtlagt.se\/jonkoping\/klatterparken\/aktiviteter-jonkoping\/#breadcrumb"},"inLanguage":"sv-SE","potentialAction":[{"@type":"ReadAction","target":["https:\/\/hogtlagt.se\/jonkoping\/klatterparken\/aktiviteter-jonkoping\/"]}]},{"@type":"ImageObject","inLanguage":"sv-SE","@id":"https:\/\/hogtlagt.se\/jonkoping\/klatterparken\/aktiviteter-jonkoping\/#primaryimage","url":"https:\/\/hogtlagt.se\/jonkoping\/wp-content\/uploads\/sites\/10\/2023\/10\/Andra-aktiviteter-1-scaled.jpg","contentUrl":"https:\/\/hogtlagt.se\/jonkoping\/wp-content\/uploads\/sites\/10\/2023\/10\/Andra-aktiviteter-1-scaled.jpg","width":2560,"height":1707,"caption":"Glad familj som pratar om hur det var att kl\u00e4ttra i h\u00f6gh\u00f6jdsbanorna"},{"@type":"BreadcrumbList","@id":"https:\/\/hogtlagt.se\/jonkoping\/klatterparken\/aktiviteter-jonkoping\/#breadcrumb","itemListElement":[{"@type":"ListItem","position":1,"name":"Hem","item":"https:\/\/hogtlagt.se\/jonkoping\/"},{"@type":"ListItem","position":2,"name":"Kl\u00e4tterparken i J\u00f6nk\u00f6ping","item":"https:\/\/hogtlagt.se\/jonkoping\/klatterparken\/"},{"@type":"ListItem","position":3,"name":"Aktiviteter att g\u00f6ra i J\u00f6nk\u00f6ping"}]},{"@type":"WebSite","@id":"https:\/\/hogtlagt.se\/jonkoping\/#website","url":"https:\/\/hogtlagt.se\/jonkoping\/","name":"H\u00f6gt &amp; L\u00e5gt J\u00f6nk\u00f6ping","description":"\u00c4nnu en webbplats hos H\u00f6gt &amp; L\u00e5gt","potentialAction":[{"@type":"SearchAction","target":{"@type":"EntryPoint","urlTemplate":"https:\/\/hogtlagt.se\/jonkoping\/?s={search_term_string}"},"query-input":{"@type":"PropertyValueSpecification","valueRequired":true,"valueName":"search_term_string"}}],"inLanguage":"sv-SE"}]}},"_links":{"self":[{"href":"https:\/\/hogtlagt.se\/jonkoping\/wp-json\/wp\/v2\/pages\/16","targetHints":{"allow":["GET"]}}],"collection":[{"href":"https:\/\/hogtlagt.se\/jonkoping\/wp-json\/wp\/v2\/pages"}],"about":[{"href":"https:\/\/hogtlagt.se\/jonkoping\/wp-json\/wp\/v2\/types\/page"}],"author":[{"embeddable":true,"href":"https:\/\/hogtlagt.se\/jonkoping\/wp-json\/wp\/v2\/users\/1"}],"replies":[{"embeddable":true,"href":"https:\/\/hogtlagt.se\/jonkoping\/wp-json\/wp\/v2\/comments?post=16"}],"version-history":[{"count":52,"href":"https:\/\/hogtlagt.se\/jonkoping\/wp-json\/wp\/v2\/pages\/16\/revisions"}],"predecessor-version":[{"id":1580,"href":"https:\/\/hogtlagt.se\/jonkoping\/wp-json\/wp\/v2\/pages\/16\/revisions\/1580"}],"up":[{"embeddable":true,"href":"https:\/\/hogtlagt.se\/jonkoping\/wp-json\/wp\/v2\/pages\/10"}],"wp:featuredmedia":[{"embeddable":true,"href":"https:\/\/hogtlagt.se\/jonkoping\/wp-json\/wp\/v2\/media\/1359"}],"wp:attachment":[{"href":"https:\/\/hogtlagt.se\/jonkoping\/wp-json\/wp\/v2\/media?parent=16"}],"curies":[{"name":"wp","href":"https:\/\/api.w.org\/{rel}","templated":true}]}}