{"id":520,"date":"2018-11-27T09:16:54","date_gmt":"2018-11-27T09:16:54","guid":{"rendered":"https:\/\/hogtochlagt.kramsno.se\/home\/"},"modified":"2025-01-20T17:04:35","modified_gmt":"2025-01-20T16:04:35","slug":"hogt-lagt-utbildning","status":"publish","type":"page","link":"https:\/\/hogtlagt.se\/inspektion\/","title":{"rendered":"H\u00f6gt &#038; L\u00e5gt Inspektion och Besiktning"},"content":{"rendered":"\n<div class=\"wp-block-cover alignfull is-light\" style=\"min-height:628px;aspect-ratio:unset;\"><span aria-hidden=\"true\" class=\"wp-block-cover__background has-background-dim\"><\/span><img loading=\"lazy\" decoding=\"async\" width=\"841\" height=\"538\" class=\"wp-block-cover__image-background wp-image-3724\" alt=\"\" src=\"https:\/\/hogtlagt.se\/inspektion\/wp-content\/uploads\/sites\/18\/2025\/01\/Group-2020.png\" style=\"object-position:52% 30%\" data-object-fit=\"cover\" data-object-position=\"52% 30%\" srcset=\"https:\/\/hogtlagt.se\/inspektion\/wp-content\/uploads\/sites\/18\/2025\/01\/Group-2020.png 841w, https:\/\/hogtlagt.se\/inspektion\/wp-content\/uploads\/sites\/18\/2025\/01\/Group-2020-300x192.png 300w, https:\/\/hogtlagt.se\/inspektion\/wp-content\/uploads\/sites\/18\/2025\/01\/Group-2020-768x491.png 768w\" sizes=\"auto, (max-width: 841px) 100vw, 841px\" \/><div class=\"wp-block-cover__inner-container has-global-padding is-layout-constrained wp-block-cover-is-layout-constrained\">\n<h1 class=\"wp-block-heading has-text-align-center has-light-color has-text-color has-link-color wp-elements-8275a12270629ec806091a28c2ce53e2\" style=\"font-size:65px\">Inspektion &amp; Besiktning<\/h1>\n<\/div><\/div>\n\n\n\n<div style=\"height:56px\" aria-hidden=\"true\" class=\"wp-block-spacer\"><\/div>\n\n\n\n<div class=\"wp-block-columns is-layout-flex wp-container-core-columns-is-layout-28f84493 wp-block-columns-is-layout-flex\">\n<div class=\"wp-block-column is-layout-flow wp-block-column-is-layout-flow\">\n<p><strong>\u00c4r det dags f\u00f6r den \u00e5rliga inspektionen av din kl\u00e4tterpark? Beh\u00f6ver din kl\u00e4tterv\u00e4gg besiktigas? Har din kl\u00e4tterutrustning PPE-kontrollerats i \u00e5r? Vi erbjuder inspektion av s\u00e5v\u00e4l \u00e4ventyrs- och bygginstallationer som utrustning enligt standard och r\u00e5dande regelverk av utbildad och certifierade inspekt\u00f6rer.<\/strong> <\/p>\n<\/div>\n<\/div>\n\n\n\n<div style=\"height:30px\" aria-hidden=\"true\" class=\"wp-block-spacer\"><\/div>\n\n\n\n<div style=\"height:25px\" aria-hidden=\"true\" class=\"wp-block-spacer\"><\/div>\n\n\n\n<h2 class=\"wp-block-heading\">Oberoende inspektion av kl\u00e4tterpark<\/h2>\n\n\n\n<div style=\"height:25px\" aria-hidden=\"true\" class=\"wp-block-spacer\"><\/div>\n\n\n\n<div class=\"wp-block-columns is-layout-flex wp-container-core-columns-is-layout-28f84493 wp-block-columns-is-layout-flex\">\n<div class=\"wp-block-column is-layout-flow wp-block-column-is-layout-flow\">\n<div id=\"rounded-box-block_cdc31ae55fa5e6d5c35a63f846f8d73c\" class=\"rounded-box-block rounded-box\">\n    <div class=\"rounded-box__inner no-image\">\n        <div class=\"acf-innerblocks-container\">\n\n<h3 class=\"wp-block-heading\">Utbildad och oberoende besiktningsperson<\/h3>\n\n\n\n<p>Vi erbjuder inspektion och besiktning genom det oberoende inspektionsorganet Eco Adventure Inspections. <\/p>\n\n\n\n<p>Eco Adventure Inspections \u00e4r ackrediterat av Norsk Akkreditering enligt ISO 17020:2012 och har sin bas i Norge men har certifierad personal i Sverige. Eco Adventure Inspections \u00e4r certifierade genom European Ropes Course Association (ERCA) som inspektionsorgan. <\/p>\n\n\n\n<p>Vi erbjuder besiktning och periodisk kontroll av kl\u00e4tterparker, ziplines, kl\u00e4tterv\u00e4ggar, \u00f6vriga aktivitetsanl\u00e4ggningar och utrustning. L\u00e4s mer om Eco Adventure Inspections:<\/p>\n\n\n\n<div class=\"wp-block-buttons is-layout-flex wp-block-buttons-is-layout-flex\">\n<div class=\"wp-block-button\"><a class=\"wp-block-button__link has-tertiary-background-color has-background wp-element-button\" href=\"https:\/\/www.adventureinspections.no\/sv\/inspeksjoner\" target=\"_blank\" rel=\"noreferrer noopener\">Eco Adventure Inspections<\/a><\/div>\n<\/div>\n\n<\/div>\n            <\/div>\n<\/div>\n<\/div>\n\n\n\n<div class=\"wp-block-column is-layout-flow wp-block-column-is-layout-flow\">\n<div id=\"rounded-box-block_491c085afd4a10e5459134a878d27f4a\" class=\"rounded-box-block rounded-box has-background has-secondary-background-color\">\n    <div class=\"rounded-box__inner no-image\">\n        <div class=\"acf-innerblocks-container\">\n\n<h3 class=\"wp-block-heading\">H\u00f6r av dig och r\u00e5dfr\u00e5ga oss<\/h3>\n\n\n\n<p>Alla besiktningar vi genomf\u00f6r sker genom det oberoende inspektionsorganet Eco Adventure Inspections.<\/p>\n\n\n\n<p>Har du fr\u00e5gor eller funderingar kring besiktning av kl\u00e4tterv\u00e4ggar, kl\u00e4tterparker, \u00e4ventyrsinstallationer, ziplines, eller om utrustning s\u00e5som selar, karbiner mm, s\u00e5 tveka inte att h\u00f6ra av dig.  <\/p>\n\n\n\n<div class=\"wp-block-columns alignfull is-layout-flex wp-container-core-columns-is-layout-28f84493 wp-block-columns-is-layout-flex\">\n<div class=\"wp-block-column is-layout-flow wp-block-column-is-layout-flow\">\n<figure class=\"wp-block-image aligncenter size-large is-resized\"><img loading=\"lazy\" decoding=\"async\" width=\"1024\" height=\"1024\" src=\"https:\/\/hogtlagt.se\/inspektion\/wp-content\/uploads\/sites\/18\/2025\/01\/Group-1813-7-1024x1024.png\" alt=\"\" class=\"wp-image-3725\" style=\"width:131px;height:auto\" srcset=\"https:\/\/hogtlagt.se\/inspektion\/wp-content\/uploads\/sites\/18\/2025\/01\/Group-1813-7-1024x1024.png 1024w, https:\/\/hogtlagt.se\/inspektion\/wp-content\/uploads\/sites\/18\/2025\/01\/Group-1813-7-300x300.png 300w, https:\/\/hogtlagt.se\/inspektion\/wp-content\/uploads\/sites\/18\/2025\/01\/Group-1813-7-150x150.png 150w, https:\/\/hogtlagt.se\/inspektion\/wp-content\/uploads\/sites\/18\/2025\/01\/Group-1813-7-768x768.png 768w, https:\/\/hogtlagt.se\/inspektion\/wp-content\/uploads\/sites\/18\/2025\/01\/Group-1813-7-1536x1536.png 1536w, https:\/\/hogtlagt.se\/inspektion\/wp-content\/uploads\/sites\/18\/2025\/01\/Group-1813-7-2048x2048.png 2048w, https:\/\/hogtlagt.se\/inspektion\/wp-content\/uploads\/sites\/18\/2025\/01\/Group-1813-7-50x50.png 50w\" sizes=\"auto, (max-width: 1024px) 100vw, 1024px\" \/><\/figure>\n<\/div>\n\n\n\n<div class=\"wp-block-column is-layout-flow wp-block-column-is-layout-flow\">\n<p><strong>Erik Israelsson<\/strong><br>ERCA certifierad inspekt\u00f6r<br>070-269 11 10<br><a href=\"mailto:erik.israelsson@hogtlagt.se\" target=\"_blank\" rel=\"noreferrer noopener\">erik.israelsson@hogtlagt.se<\/a><\/p>\n<\/div>\n<\/div>\n\n\n\n<div style=\"height:20px\" aria-hidden=\"true\" class=\"wp-block-spacer\"><\/div>\n\n<\/div>\n            <\/div>\n<\/div>\n<\/div>\n<\/div>\n\n\n\n<div style=\"height:96px\" aria-hidden=\"true\" class=\"wp-block-spacer\"><\/div>\n\n\n\n<figure class=\"wp-block-image aligncenter size-large is-resized\"><img loading=\"lazy\" decoding=\"async\" width=\"1024\" height=\"607\" src=\"https:\/\/hogtlagt.se\/inspektion\/wp-content\/uploads\/sites\/18\/2025\/01\/Group-2021-1-1024x607.png\" alt=\"\" class=\"wp-image-3731\" style=\"width:806px;height:auto\" srcset=\"https:\/\/hogtlagt.se\/inspektion\/wp-content\/uploads\/sites\/18\/2025\/01\/Group-2021-1-1024x607.png 1024w, https:\/\/hogtlagt.se\/inspektion\/wp-content\/uploads\/sites\/18\/2025\/01\/Group-2021-1-300x178.png 300w, https:\/\/hogtlagt.se\/inspektion\/wp-content\/uploads\/sites\/18\/2025\/01\/Group-2021-1-768x455.png 768w, https:\/\/hogtlagt.se\/inspektion\/wp-content\/uploads\/sites\/18\/2025\/01\/Group-2021-1-1536x910.png 1536w, https:\/\/hogtlagt.se\/inspektion\/wp-content\/uploads\/sites\/18\/2025\/01\/Group-2021-1.png 1620w\" sizes=\"auto, (max-width: 1024px) 100vw, 1024px\" \/><\/figure>\n\n\n\n<div style=\"height:100px\" aria-hidden=\"true\" class=\"wp-block-spacer\"><\/div>\n","protected":false},"excerpt":{"rendered":"<p>\u00c4r det dags f\u00f6r den \u00e5rliga inspektionen av din kl\u00e4tterpark? Beh\u00f6ver din kl\u00e4tterv\u00e4gg besiktigas? Har din kl\u00e4tterutrustning PPE-kontrollerats i \u00e5r? Vi erbjuder inspektion av s\u00e5v\u00e4l \u00e4ventyrs- och bygginstallationer som utrustning&#8230;<\/p>\n","protected":false},"author":6,"featured_media":0,"parent":0,"menu_order":0,"comment_status":"closed","ping_status":"closed","template":"","meta":{"_acf_changed":false,"inline_featured_image":false,"footnotes":""},"class_list":["post-520","page","type-page","status-publish"],"acf":[],"yoast_head":"<!-- This site is optimized with the Yoast SEO plugin v26.1.1 - https:\/\/yoast.com\/wordpress\/plugins\/seo\/ -->\n<title>H\u00f6gt &amp; L\u00e5gt Inspektion och Besiktning Inspektion kl\u00e4tterpark, kl\u00e4tterv\u00e4gg, zipline<\/title>\n<meta name=\"description\" content=\"V\u00e5r utbildade och erfarna personal utf\u00f6r inspektioner och besiktningar p\u00e5 kl\u00e4tterpark, kl\u00e4tterv\u00e4ggar, utrustning, selar, karbiner osv. Genom oberoende insoktionsorgan.\" \/>\n<meta name=\"robots\" content=\"index, follow, max-snippet:-1, max-image-preview:large, max-video-preview:-1\" \/>\n<link rel=\"canonical\" href=\"https:\/\/hogtlagt.se\/inspektion\/\" \/>\n<meta property=\"og:locale\" content=\"sv_SE\" \/>\n<meta property=\"og:type\" content=\"article\" \/>\n<meta property=\"og:title\" content=\"H\u00f6gt &amp; L\u00e5gt Inspektion och Besiktning Inspektion kl\u00e4tterpark, kl\u00e4tterv\u00e4gg, zipline\" \/>\n<meta property=\"og:description\" content=\"V\u00e5r utbildade och erfarna personal utf\u00f6r inspektioner och besiktningar p\u00e5 kl\u00e4tterpark, kl\u00e4tterv\u00e4ggar, utrustning, selar, karbiner osv. Genom oberoende insoktionsorgan.\" \/>\n<meta property=\"og:url\" content=\"https:\/\/hogtlagt.se\/inspektion\/\" \/>\n<meta property=\"og:site_name\" content=\"H\u00f6gt &amp; L\u00e5gt Inspektion och besiktning\" \/>\n<meta property=\"article:modified_time\" content=\"2025-01-20T16:04:35+00:00\" \/>\n<meta property=\"og:image\" content=\"https:\/\/hogtlagt.se\/inspektion\/wp-content\/uploads\/sites\/18\/2025\/01\/Group-2020.png\" \/>\n<meta name=\"twitter:card\" content=\"summary_large_image\" \/>\n<meta name=\"twitter:label1\" content=\"Ber\u00e4knad l\u00e4stid\" \/>\n\t<meta name=\"twitter:data1\" content=\"2 minuter\" \/>\n<script type=\"application\/ld+json\" class=\"yoast-schema-graph\">{\"@context\":\"https:\/\/schema.org\",\"@graph\":[{\"@type\":\"WebPage\",\"@id\":\"https:\/\/hogtlagt.se\/inspektion\/\",\"url\":\"https:\/\/hogtlagt.se\/inspektion\/\",\"name\":\"H\u00f6gt & L\u00e5gt Inspektion och Besiktning Inspektion kl\u00e4tterpark, kl\u00e4tterv\u00e4gg, zipline\",\"isPartOf\":{\"@id\":\"https:\/\/hogtlagt.se\/inspektion\/#website\"},\"primaryImageOfPage\":{\"@id\":\"https:\/\/hogtlagt.se\/inspektion\/#primaryimage\"},\"image\":{\"@id\":\"https:\/\/hogtlagt.se\/inspektion\/#primaryimage\"},\"thumbnailUrl\":\"https:\/\/hogtlagt.se\/inspektion\/wp-content\/uploads\/sites\/18\/2025\/01\/Group-2020.png\",\"datePublished\":\"2018-11-27T09:16:54+00:00\",\"dateModified\":\"2025-01-20T16:04:35+00:00\",\"description\":\"V\u00e5r utbildade och erfarna personal utf\u00f6r inspektioner och besiktningar p\u00e5 kl\u00e4tterpark, kl\u00e4tterv\u00e4ggar, utrustning, selar, karbiner osv. Genom oberoende insoktionsorgan.\",\"breadcrumb\":{\"@id\":\"https:\/\/hogtlagt.se\/inspektion\/#breadcrumb\"},\"inLanguage\":\"sv-SE\",\"potentialAction\":[{\"@type\":\"ReadAction\",\"target\":[\"https:\/\/hogtlagt.se\/inspektion\/\"]}]},{\"@type\":\"ImageObject\",\"inLanguage\":\"sv-SE\",\"@id\":\"https:\/\/hogtlagt.se\/inspektion\/#primaryimage\",\"url\":\"https:\/\/hogtlagt.se\/inspektion\/wp-content\/uploads\/sites\/18\/2025\/01\/Group-2020.png\",\"contentUrl\":\"https:\/\/hogtlagt.se\/inspektion\/wp-content\/uploads\/sites\/18\/2025\/01\/Group-2020.png\",\"width\":841,\"height\":538},{\"@type\":\"BreadcrumbList\",\"@id\":\"https:\/\/hogtlagt.se\/inspektion\/#breadcrumb\",\"itemListElement\":[{\"@type\":\"ListItem\",\"position\":1,\"name\":\"Hem\",\"item\":\"https:\/\/hogtlagt.se\/inspektion\/\"},{\"@type\":\"ListItem\",\"position\":2,\"name\":\"H\u00f6gt &#038; L\u00e5gt Inspektion och Besiktning\"}]},{\"@type\":\"WebSite\",\"@id\":\"https:\/\/hogtlagt.se\/inspektion\/#website\",\"url\":\"https:\/\/hogtlagt.se\/inspektion\/\",\"name\":\"H\u00f6gt & L\u00e5gt Inspektion och besiktning\",\"description\":\"\",\"publisher\":{\"@id\":\"https:\/\/hogtlagt.se\/inspektion\/#organization\"},\"potentialAction\":[{\"@type\":\"SearchAction\",\"target\":{\"@type\":\"EntryPoint\",\"urlTemplate\":\"https:\/\/hogtlagt.se\/inspektion\/?s={search_term_string}\"},\"query-input\":{\"@type\":\"PropertyValueSpecification\",\"valueRequired\":true,\"valueName\":\"search_term_string\"}}],\"inLanguage\":\"sv-SE\"},{\"@type\":\"Organization\",\"@id\":\"https:\/\/hogtlagt.se\/inspektion\/#organization\",\"name\":\"H\u00f6gt & L\u00e5gt Inspektion och besiktning\",\"url\":\"https:\/\/hogtlagt.se\/inspektion\/\",\"logo\":{\"@type\":\"ImageObject\",\"inLanguage\":\"sv-SE\",\"@id\":\"https:\/\/hogtlagt.se\/inspektion\/#\/schema\/logo\/image\/\",\"url\":\"https:\/\/hogtlagt.se\/inspektion\/wp-content\/uploads\/sites\/18\/2025\/01\/Group-1881-2-e1737217017880.png\",\"contentUrl\":\"https:\/\/hogtlagt.se\/inspektion\/wp-content\/uploads\/sites\/18\/2025\/01\/Group-1881-2-e1737217017880.png\",\"width\":930,\"height\":257,\"caption\":\"H\u00f6gt & L\u00e5gt Inspektion och besiktning\"},\"image\":{\"@id\":\"https:\/\/hogtlagt.se\/inspektion\/#\/schema\/logo\/image\/\"}}]}<\/script>\n<!-- \/ Yoast SEO plugin. -->","yoast_head_json":{"title":"H\u00f6gt & L\u00e5gt Inspektion och Besiktning Inspektion kl\u00e4tterpark, kl\u00e4tterv\u00e4gg, zipline","description":"V\u00e5r utbildade och erfarna personal utf\u00f6r inspektioner och besiktningar p\u00e5 kl\u00e4tterpark, kl\u00e4tterv\u00e4ggar, utrustning, selar, karbiner osv. Genom oberoende insoktionsorgan.","robots":{"index":"index","follow":"follow","max-snippet":"max-snippet:-1","max-image-preview":"max-image-preview:large","max-video-preview":"max-video-preview:-1"},"canonical":"https:\/\/hogtlagt.se\/inspektion\/","og_locale":"sv_SE","og_type":"article","og_title":"H\u00f6gt & L\u00e5gt Inspektion och Besiktning Inspektion kl\u00e4tterpark, kl\u00e4tterv\u00e4gg, zipline","og_description":"V\u00e5r utbildade och erfarna personal utf\u00f6r inspektioner och besiktningar p\u00e5 kl\u00e4tterpark, kl\u00e4tterv\u00e4ggar, utrustning, selar, karbiner osv. Genom oberoende insoktionsorgan.","og_url":"https:\/\/hogtlagt.se\/inspektion\/","og_site_name":"H\u00f6gt & L\u00e5gt Inspektion och besiktning","article_modified_time":"2025-01-20T16:04:35+00:00","og_image":[{"url":"https:\/\/hogtlagt.se\/inspektion\/wp-content\/uploads\/sites\/18\/2025\/01\/Group-2020.png","type":"","width":"","height":""}],"twitter_card":"summary_large_image","twitter_misc":{"Ber\u00e4knad l\u00e4stid":"2 minuter"},"schema":{"@context":"https:\/\/schema.org","@graph":[{"@type":"WebPage","@id":"https:\/\/hogtlagt.se\/inspektion\/","url":"https:\/\/hogtlagt.se\/inspektion\/","name":"H\u00f6gt & L\u00e5gt Inspektion och Besiktning Inspektion kl\u00e4tterpark, kl\u00e4tterv\u00e4gg, zipline","isPartOf":{"@id":"https:\/\/hogtlagt.se\/inspektion\/#website"},"primaryImageOfPage":{"@id":"https:\/\/hogtlagt.se\/inspektion\/#primaryimage"},"image":{"@id":"https:\/\/hogtlagt.se\/inspektion\/#primaryimage"},"thumbnailUrl":"https:\/\/hogtlagt.se\/inspektion\/wp-content\/uploads\/sites\/18\/2025\/01\/Group-2020.png","datePublished":"2018-11-27T09:16:54+00:00","dateModified":"2025-01-20T16:04:35+00:00","description":"V\u00e5r utbildade och erfarna personal utf\u00f6r inspektioner och besiktningar p\u00e5 kl\u00e4tterpark, kl\u00e4tterv\u00e4ggar, utrustning, selar, karbiner osv. Genom oberoende insoktionsorgan.","breadcrumb":{"@id":"https:\/\/hogtlagt.se\/inspektion\/#breadcrumb"},"inLanguage":"sv-SE","potentialAction":[{"@type":"ReadAction","target":["https:\/\/hogtlagt.se\/inspektion\/"]}]},{"@type":"ImageObject","inLanguage":"sv-SE","@id":"https:\/\/hogtlagt.se\/inspektion\/#primaryimage","url":"https:\/\/hogtlagt.se\/inspektion\/wp-content\/uploads\/sites\/18\/2025\/01\/Group-2020.png","contentUrl":"https:\/\/hogtlagt.se\/inspektion\/wp-content\/uploads\/sites\/18\/2025\/01\/Group-2020.png","width":841,"height":538},{"@type":"BreadcrumbList","@id":"https:\/\/hogtlagt.se\/inspektion\/#breadcrumb","itemListElement":[{"@type":"ListItem","position":1,"name":"Hem","item":"https:\/\/hogtlagt.se\/inspektion\/"},{"@type":"ListItem","position":2,"name":"H\u00f6gt &#038; L\u00e5gt Inspektion och Besiktning"}]},{"@type":"WebSite","@id":"https:\/\/hogtlagt.se\/inspektion\/#website","url":"https:\/\/hogtlagt.se\/inspektion\/","name":"H\u00f6gt & L\u00e5gt Inspektion och besiktning","description":"","publisher":{"@id":"https:\/\/hogtlagt.se\/inspektion\/#organization"},"potentialAction":[{"@type":"SearchAction","target":{"@type":"EntryPoint","urlTemplate":"https:\/\/hogtlagt.se\/inspektion\/?s={search_term_string}"},"query-input":{"@type":"PropertyValueSpecification","valueRequired":true,"valueName":"search_term_string"}}],"inLanguage":"sv-SE"},{"@type":"Organization","@id":"https:\/\/hogtlagt.se\/inspektion\/#organization","name":"H\u00f6gt & L\u00e5gt Inspektion och besiktning","url":"https:\/\/hogtlagt.se\/inspektion\/","logo":{"@type":"ImageObject","inLanguage":"sv-SE","@id":"https:\/\/hogtlagt.se\/inspektion\/#\/schema\/logo\/image\/","url":"https:\/\/hogtlagt.se\/inspektion\/wp-content\/uploads\/sites\/18\/2025\/01\/Group-1881-2-e1737217017880.png","contentUrl":"https:\/\/hogtlagt.se\/inspektion\/wp-content\/uploads\/sites\/18\/2025\/01\/Group-1881-2-e1737217017880.png","width":930,"height":257,"caption":"H\u00f6gt & L\u00e5gt Inspektion och besiktning"},"image":{"@id":"https:\/\/hogtlagt.se\/inspektion\/#\/schema\/logo\/image\/"}}]}},"_links":{"self":[{"href":"https:\/\/hogtlagt.se\/inspektion\/wp-json\/wp\/v2\/pages\/520","targetHints":{"allow":["GET"]}}],"collection":[{"href":"https:\/\/hogtlagt.se\/inspektion\/wp-json\/wp\/v2\/pages"}],"about":[{"href":"https:\/\/hogtlagt.se\/inspektion\/wp-json\/wp\/v2\/types\/page"}],"author":[{"embeddable":true,"href":"https:\/\/hogtlagt.se\/inspektion\/wp-json\/wp\/v2\/users\/6"}],"replies":[{"embeddable":true,"href":"https:\/\/hogtlagt.se\/inspektion\/wp-json\/wp\/v2\/comments?post=520"}],"version-history":[{"count":496,"href":"https:\/\/hogtlagt.se\/inspektion\/wp-json\/wp\/v2\/pages\/520\/revisions"}],"predecessor-version":[{"id":3733,"href":"https:\/\/hogtlagt.se\/inspektion\/wp-json\/wp\/v2\/pages\/520\/revisions\/3733"}],"wp:attachment":[{"href":"https:\/\/hogtlagt.se\/inspektion\/wp-json\/wp\/v2\/media?parent=520"}],"curies":[{"name":"wp","href":"https:\/\/api.w.org\/{rel}","templated":true}]}}