{"id":8,"date":"2020-03-06T10:08:47","date_gmt":"2020-03-06T09:08:47","guid":{"rendered":"http:\/\/hogtlagt.se.hemsida.eu\/karlstad\/?page_id=8"},"modified":"2025-04-05T12:24:50","modified_gmt":"2025-04-05T10:24:50","slug":"biljetter","status":"publish","type":"page","link":"https:\/\/hogtlagt.se\/halmstad\/biljetter\/","title":{"rendered":"Biljetter"},"content":{"rendered":"\n<h2 class=\"wp-block-heading\">Hur funkar kl\u00e4tterpass p\u00e5 H\u00f6gt &amp; L\u00e5gt?<\/h2>\n\n\n\n<div style=\"height:40px\" aria-hidden=\"true\" class=\"wp-block-spacer\"><\/div>\n\n\n\n<div class=\"wp-block-columns is-layout-flex wp-container-core-columns-is-layout-28f84493 wp-block-columns-is-layout-flex\">\n<div class=\"wp-block-column is-layout-flow wp-block-column-is-layout-flow\">\n<figure class=\"wp-block-image aligncenter size-large is-resized\"><img decoding=\"async\" src=\"https:\/\/hogtlagt.se\/rattvik\/wp-content\/uploads\/sites\/2\/2024\/01\/Group-1400.svg\" alt=\"\" style=\"width:130px\"\/><\/figure>\n\n\n\n<div style=\"height:36px\" aria-hidden=\"true\" class=\"wp-block-spacer\"><\/div>\n\n\n\n<p>V\u00e5ra kl\u00e4tterpass ger 3 timmars kl\u00e4ttring och ni f\u00e5r kl\u00e4ttra s\u00e5 mycket ni vill s\u00e5 l\u00e4nge ni f\u00f6ljer varje banas minimil\u00e4ngd- och \u00e5lderskrav.<\/p>\n<\/div>\n\n\n\n<div class=\"wp-block-column is-layout-flow wp-block-column-is-layout-flow\">\n<figure class=\"wp-block-image aligncenter size-large is-resized\"><img decoding=\"async\" src=\"https:\/\/hogtlagt.se\/wp-content\/uploads\/2021\/10\/Asset-2.svg\" alt=\"\" style=\"width:130px\"\/><\/figure>\n\n\n\n<p>F\u00f6r att vara garanterad plats rekommenderar vi att ni k\u00f6per kl\u00e4tterpass f\u00f6r den dag och tid ni vill kl\u00e4ttra. T\u00e4nk p\u00e5 att komma ca 10-15 min innan er starttid f\u00f6r att h\u00e4mta ut er utrustning.<\/p>\n<\/div>\n\n\n\n<div class=\"wp-block-column is-layout-flow wp-block-column-is-layout-flow\">\n<figure class=\"wp-block-image aligncenter size-large is-resized\"><img decoding=\"async\" src=\"https:\/\/hogtlagt.se\/wp-content\/uploads\/2021\/10\/Asset-3.svg\" alt=\"\" style=\"width:130px;height:auto\"\/><\/figure>\n\n\n\n<p>Er kl\u00e4ttertid startar med en obligatorisk s\u00e4kerhetsgenomg\u00e5ng ledd av en instrukt\u00f6r. D\u00e4refter ska ni kl\u00e4ttra tr\u00e4ningsbanan och efter det \u00e4r ni fria att kl\u00e4ttra s\u00e5 mycket ni vill i parken under resten av er kl\u00e4ttertid.<\/p>\n<\/div>\n\n\n\n<div class=\"wp-block-column is-layout-flow wp-block-column-is-layout-flow\">\n<figure class=\"wp-block-image aligncenter size-large is-resized\"><img decoding=\"async\" src=\"https:\/\/hogtlagt.se\/wp-content\/uploads\/2021\/10\/Asset-1.svg\" alt=\"\" style=\"width:130px\"\/><\/figure>\n\n\n\n<p>F\u00f6r att f\u00e5 kl\u00e4ttra g\u00e4ller:<br>-Maxvikt 120 kg<br>-Ej gravid<br>-Ej p\u00e5verkad av droger eller alkolhol<br>-Alla som ska kl\u00e4ttra m\u00e5ste s\u00e4tta sig in i och f\u00f6lja parkens regler. <\/p>\n<\/div>\n<\/div>\n\n\n\n<div style=\"height:38px\" aria-hidden=\"true\" class=\"wp-block-spacer\"><\/div>\n\n\n\n<div id=\"rounded-box-block_79dd8681b256047ce020068de788a091\" class=\"rounded-box-block rounded-box has-background has-light-background-color\">\n    <div class=\"rounded-box__inner no-image\">\n        <div class=\"acf-innerblocks-container\">\n\n<h3 class=\"wp-block-heading\">Vill du kl\u00e4ttra mer?<\/h3>\n\n\n\n<p class=\"has-black-color has-text-color has-link-color wp-elements-e10ab34f737a51c79fb1727eda250175\">Med ett s\u00e4songskort p\u00e5 H\u00f6gt &amp; L\u00e5gt f\u00e5r du kl\u00e4ttra s\u00e5 mycket du vill fr\u00e5n att du k\u00f6per kortet och under hela resten av s\u00e4songen. <\/p>\n\n\n\n<p class=\"has-black-color has-text-color has-link-color wp-elements-d44aecb6139f589e4d4c500bc111387d\">Vi har b\u00e5de s\u00e4songskort som g\u00e4ller enbart i den park du k\u00f6per dem i, och \u00e4ven nationella s\u00e4songskort som g\u00e4ller i v\u00e5ra parker i Sundsvall, R\u00e4ttvik, G\u00e4vle, Karlstad, Halmstad, J\u00f6nk\u00f6ping och p\u00e5 Gotland.<\/p>\n\n\n\n<p class=\"has-black-color has-text-color has-link-color wp-elements-9c21469782acad0ec61e45ec7a931eee\">\u00c4r du f\u00f6r\u00e4lder och vill kl\u00e4ttra tillsammans med ditt barn? Isf kan du k\u00f6pa ett ordinarie s\u00e4songskort till ditt\/dina barn och d\u00e4refter s\u00e4songskortet &#8221;flexibel f\u00f6r\u00e4lder&#8221; till dig sj\u00e4lv f\u00f6r ett rabatterat pris, bra va?! Sen kan ni kl\u00e4ttra tillsammans hela sommaren. <\/p>\n\n\n\n<p class=\"has-black-color has-text-color has-link-color wp-elements-0b2c54abf211253c13059b1c65cbf093\">Vill ni testa att kl\u00e4ttra f\u00f6rst s\u00e5 kan ni k\u00f6pa vanliga kl\u00e4tterpass och komma och kl\u00e4ttra. Vill ni sen k\u00f6pa s\u00e4songskort s\u00e5 drar vi sj\u00e4lvklart av priset f\u00f6r kl\u00e4ttringen p\u00e5 ert s\u00e4songskort. Mejla oss p\u00e5 <a href=\"mailto:halmstad@hogtlagt.se\">halmstad@hogtlagt.se<\/a> s\u00e5 hj\u00e4lper vi er!<\/p>\n\n\n\n<div class=\"wp-block-columns is-layout-flex wp-container-core-columns-is-layout-28f84493 wp-block-columns-is-layout-flex\">\n<div class=\"wp-block-column is-layout-flow wp-block-column-is-layout-flow\">\n<figure class=\"wp-block-image aligncenter size-full is-resized\"><img loading=\"lazy\" decoding=\"async\" width=\"589\" height=\"586\" src=\"https:\/\/hogtlagt.se\/halmstad\/wp-content\/uploads\/sites\/19\/2024\/02\/Sa\u0308song-FF-lokal.png\" alt=\"\" class=\"wp-image-1458\" style=\"width:346px;height:auto\" srcset=\"https:\/\/hogtlagt.se\/halmstad\/wp-content\/uploads\/sites\/19\/2024\/02\/Sa\u0308song-FF-lokal.png 589w, https:\/\/hogtlagt.se\/halmstad\/wp-content\/uploads\/sites\/19\/2024\/02\/Sa\u0308song-FF-lokal-300x298.png 300w, https:\/\/hogtlagt.se\/halmstad\/wp-content\/uploads\/sites\/19\/2024\/02\/Sa\u0308song-FF-lokal-150x150.png 150w, https:\/\/hogtlagt.se\/halmstad\/wp-content\/uploads\/sites\/19\/2024\/02\/Sa\u0308song-FF-lokal-50x50.png 50w\" sizes=\"auto, (max-width: 589px) 100vw, 589px\" \/><\/figure>\n<\/div>\n\n\n\n<div class=\"wp-block-column is-layout-flow wp-block-column-is-layout-flow\">\n<figure class=\"wp-block-image aligncenter size-full is-resized\"><img loading=\"lazy\" decoding=\"async\" width=\"664\" height=\"586\" src=\"https:\/\/hogtlagt.se\/halmstad\/wp-content\/uploads\/sites\/19\/2024\/02\/Sa\u0308song-alla.png\" alt=\"\" class=\"wp-image-1456\" style=\"width:378px;height:auto\" srcset=\"https:\/\/hogtlagt.se\/halmstad\/wp-content\/uploads\/sites\/19\/2024\/02\/Sa\u0308song-alla.png 664w, https:\/\/hogtlagt.se\/halmstad\/wp-content\/uploads\/sites\/19\/2024\/02\/Sa\u0308song-alla-300x265.png 300w\" sizes=\"auto, (max-width: 664px) 100vw, 664px\" \/><\/figure>\n<\/div>\n<\/div>\n\n<\/div>\n            <\/div>\n<\/div>\n\n\n\n<div style=\"height:100px\" aria-hidden=\"true\" class=\"wp-block-spacer\"><\/div>\n\n\n\n<div class=\"wp-block-cover alignfull\" style=\"min-height:376px;aspect-ratio:unset;\"><span aria-hidden=\"true\" class=\"wp-block-cover__background has-background-dim\"><\/span><img loading=\"lazy\" decoding=\"async\" width=\"2048\" height=\"1365\" class=\"wp-block-cover__image-background wp-image-1278\" alt=\"\" src=\"https:\/\/hogtlagt.se\/halmstad\/wp-content\/uploads\/sites\/19\/2023\/12\/Hogt-Lagt-WEBB-1235.jpg\" style=\"object-position:50% 66%\" data-object-fit=\"cover\" data-object-position=\"50% 66%\" srcset=\"https:\/\/hogtlagt.se\/halmstad\/wp-content\/uploads\/sites\/19\/2023\/12\/Hogt-Lagt-WEBB-1235.jpg 2048w, https:\/\/hogtlagt.se\/halmstad\/wp-content\/uploads\/sites\/19\/2023\/12\/Hogt-Lagt-WEBB-1235-300x200.jpg 300w, https:\/\/hogtlagt.se\/halmstad\/wp-content\/uploads\/sites\/19\/2023\/12\/Hogt-Lagt-WEBB-1235-1024x683.jpg 1024w, https:\/\/hogtlagt.se\/halmstad\/wp-content\/uploads\/sites\/19\/2023\/12\/Hogt-Lagt-WEBB-1235-768x512.jpg 768w, https:\/\/hogtlagt.se\/halmstad\/wp-content\/uploads\/sites\/19\/2023\/12\/Hogt-Lagt-WEBB-1235-1536x1024.jpg 1536w\" sizes=\"auto, (max-width: 2048px) 100vw, 2048px\" \/><div class=\"wp-block-cover__inner-container has-global-padding is-layout-constrained wp-block-cover-is-layout-constrained\">\n<p class=\"has-text-align-center\" style=\"font-size:25px\">Allt vi g\u00f6r genomsyras av v\u00e5ra grundl\u00e4ggande v\u00e4rden&nbsp;<em>Genomarbetat, S\u00e4kert, Innovativt, Inkluderande<\/em>&nbsp;och&nbsp;<em>Utmanande.<\/em>&nbsp;Vi \u00e4r drivna, vi arbetar h\u00e5rt, vi brinner f\u00f6r varje kunds upplevelse, vi \u00e4r med och utvecklar branschen och vi har j\u00e4kligt roligt medans vi g\u00f6r det!<\/p>\n<\/div><\/div>\n","protected":false},"excerpt":{"rendered":"<p>Hur funkar kl\u00e4tterpass p\u00e5 H\u00f6gt &amp; L\u00e5gt? V\u00e5ra kl\u00e4tterpass ger 3 timmars kl\u00e4ttring och ni f\u00e5r kl\u00e4ttra s\u00e5 mycket ni vill s\u00e5 l\u00e4nge ni f\u00f6ljer varje banas minimil\u00e4ngd- och \u00e5lderskrav&#8230;.<\/p>\n","protected":false},"author":1,"featured_media":0,"parent":0,"menu_order":0,"comment_status":"closed","ping_status":"closed","template":"templates\/giftcard.php","meta":{"_acf_changed":false,"inline_featured_image":false,"footnotes":""},"class_list":["post-8","page","type-page","status-publish"],"acf":[],"yoast_head":"<!-- This site is optimized with the Yoast SEO plugin v26.1.1 - https:\/\/yoast.com\/wordpress\/plugins\/seo\/ -->\n<title>Biljetter - H\u00f6gt &amp; L\u00e5gt Halmstad<\/title>\n<meta name=\"robots\" content=\"index, follow, max-snippet:-1, max-image-preview:large, max-video-preview:-1\" \/>\n<link rel=\"canonical\" href=\"https:\/\/hogtlagt.se\/halmstad\/biljetter\/\" \/>\n<meta property=\"og:locale\" content=\"sv_SE\" \/>\n<meta property=\"og:type\" content=\"article\" \/>\n<meta property=\"og:title\" content=\"Biljetter - H\u00f6gt &amp; L\u00e5gt Halmstad\" \/>\n<meta property=\"og:description\" content=\"Hur funkar kl\u00e4tterpass p\u00e5 H\u00f6gt &amp; L\u00e5gt? V\u00e5ra kl\u00e4tterpass ger 3 timmars kl\u00e4ttring och ni f\u00e5r kl\u00e4ttra s\u00e5 mycket ni vill s\u00e5 l\u00e4nge ni f\u00f6ljer varje banas minimil\u00e4ngd- och \u00e5lderskrav....\" \/>\n<meta property=\"og:url\" content=\"https:\/\/hogtlagt.se\/halmstad\/biljetter\/\" \/>\n<meta property=\"og:site_name\" content=\"H\u00f6gt &amp; L\u00e5gt Halmstad\" \/>\n<meta property=\"article:modified_time\" content=\"2025-04-05T10:24:50+00:00\" \/>\n<meta property=\"og:image\" content=\"https:\/\/hogtlagt.se\/rattvik\/wp-content\/uploads\/sites\/2\/2024\/01\/Group-1400.svg\" \/>\n<meta name=\"twitter:card\" content=\"summary_large_image\" \/>\n<meta name=\"twitter:label1\" content=\"Ber\u00e4knad l\u00e4stid\" \/>\n\t<meta name=\"twitter:data1\" content=\"3 minuter\" \/>\n<script type=\"application\/ld+json\" class=\"yoast-schema-graph\">{\"@context\":\"https:\/\/schema.org\",\"@graph\":[{\"@type\":\"WebPage\",\"@id\":\"https:\/\/hogtlagt.se\/halmstad\/biljetter\/\",\"url\":\"https:\/\/hogtlagt.se\/halmstad\/biljetter\/\",\"name\":\"Biljetter - H\u00f6gt & L\u00e5gt Halmstad\",\"isPartOf\":{\"@id\":\"https:\/\/hogtlagt.se\/halmstad\/#website\"},\"primaryImageOfPage\":{\"@id\":\"https:\/\/hogtlagt.se\/halmstad\/biljetter\/#primaryimage\"},\"image\":{\"@id\":\"https:\/\/hogtlagt.se\/halmstad\/biljetter\/#primaryimage\"},\"thumbnailUrl\":\"https:\/\/hogtlagt.se\/rattvik\/wp-content\/uploads\/sites\/2\/2024\/01\/Group-1400.svg\",\"datePublished\":\"2020-03-06T09:08:47+00:00\",\"dateModified\":\"2025-04-05T10:24:50+00:00\",\"breadcrumb\":{\"@id\":\"https:\/\/hogtlagt.se\/halmstad\/biljetter\/#breadcrumb\"},\"inLanguage\":\"sv-SE\",\"potentialAction\":[{\"@type\":\"ReadAction\",\"target\":[\"https:\/\/hogtlagt.se\/halmstad\/biljetter\/\"]}]},{\"@type\":\"ImageObject\",\"inLanguage\":\"sv-SE\",\"@id\":\"https:\/\/hogtlagt.se\/halmstad\/biljetter\/#primaryimage\",\"url\":\"https:\/\/hogtlagt.se\/rattvik\/wp-content\/uploads\/sites\/2\/2024\/01\/Group-1400.svg\",\"contentUrl\":\"https:\/\/hogtlagt.se\/rattvik\/wp-content\/uploads\/sites\/2\/2024\/01\/Group-1400.svg\"},{\"@type\":\"BreadcrumbList\",\"@id\":\"https:\/\/hogtlagt.se\/halmstad\/biljetter\/#breadcrumb\",\"itemListElement\":[{\"@type\":\"ListItem\",\"position\":1,\"name\":\"Hem\",\"item\":\"https:\/\/hogtlagt.se\/halmstad\/\"},{\"@type\":\"ListItem\",\"position\":2,\"name\":\"Biljetter\"}]},{\"@type\":\"WebSite\",\"@id\":\"https:\/\/hogtlagt.se\/halmstad\/#website\",\"url\":\"https:\/\/hogtlagt.se\/halmstad\/\",\"name\":\"H\u00f6gt & L\u00e5gt Halmstad\",\"description\":\"\",\"potentialAction\":[{\"@type\":\"SearchAction\",\"target\":{\"@type\":\"EntryPoint\",\"urlTemplate\":\"https:\/\/hogtlagt.se\/halmstad\/?s={search_term_string}\"},\"query-input\":{\"@type\":\"PropertyValueSpecification\",\"valueRequired\":true,\"valueName\":\"search_term_string\"}}],\"inLanguage\":\"sv-SE\"}]}<\/script>\n<!-- \/ Yoast SEO plugin. -->","yoast_head_json":{"title":"Biljetter - H\u00f6gt & L\u00e5gt Halmstad","robots":{"index":"index","follow":"follow","max-snippet":"max-snippet:-1","max-image-preview":"max-image-preview:large","max-video-preview":"max-video-preview:-1"},"canonical":"https:\/\/hogtlagt.se\/halmstad\/biljetter\/","og_locale":"sv_SE","og_type":"article","og_title":"Biljetter - H\u00f6gt & L\u00e5gt Halmstad","og_description":"Hur funkar kl\u00e4tterpass p\u00e5 H\u00f6gt &amp; L\u00e5gt? V\u00e5ra kl\u00e4tterpass ger 3 timmars kl\u00e4ttring och ni f\u00e5r kl\u00e4ttra s\u00e5 mycket ni vill s\u00e5 l\u00e4nge ni f\u00f6ljer varje banas minimil\u00e4ngd- och \u00e5lderskrav....","og_url":"https:\/\/hogtlagt.se\/halmstad\/biljetter\/","og_site_name":"H\u00f6gt & L\u00e5gt Halmstad","article_modified_time":"2025-04-05T10:24:50+00:00","og_image":[{"url":"https:\/\/hogtlagt.se\/rattvik\/wp-content\/uploads\/sites\/2\/2024\/01\/Group-1400.svg","type":"","width":"","height":""}],"twitter_card":"summary_large_image","twitter_misc":{"Ber\u00e4knad l\u00e4stid":"3 minuter"},"schema":{"@context":"https:\/\/schema.org","@graph":[{"@type":"WebPage","@id":"https:\/\/hogtlagt.se\/halmstad\/biljetter\/","url":"https:\/\/hogtlagt.se\/halmstad\/biljetter\/","name":"Biljetter - H\u00f6gt & L\u00e5gt Halmstad","isPartOf":{"@id":"https:\/\/hogtlagt.se\/halmstad\/#website"},"primaryImageOfPage":{"@id":"https:\/\/hogtlagt.se\/halmstad\/biljetter\/#primaryimage"},"image":{"@id":"https:\/\/hogtlagt.se\/halmstad\/biljetter\/#primaryimage"},"thumbnailUrl":"https:\/\/hogtlagt.se\/rattvik\/wp-content\/uploads\/sites\/2\/2024\/01\/Group-1400.svg","datePublished":"2020-03-06T09:08:47+00:00","dateModified":"2025-04-05T10:24:50+00:00","breadcrumb":{"@id":"https:\/\/hogtlagt.se\/halmstad\/biljetter\/#breadcrumb"},"inLanguage":"sv-SE","potentialAction":[{"@type":"ReadAction","target":["https:\/\/hogtlagt.se\/halmstad\/biljetter\/"]}]},{"@type":"ImageObject","inLanguage":"sv-SE","@id":"https:\/\/hogtlagt.se\/halmstad\/biljetter\/#primaryimage","url":"https:\/\/hogtlagt.se\/rattvik\/wp-content\/uploads\/sites\/2\/2024\/01\/Group-1400.svg","contentUrl":"https:\/\/hogtlagt.se\/rattvik\/wp-content\/uploads\/sites\/2\/2024\/01\/Group-1400.svg"},{"@type":"BreadcrumbList","@id":"https:\/\/hogtlagt.se\/halmstad\/biljetter\/#breadcrumb","itemListElement":[{"@type":"ListItem","position":1,"name":"Hem","item":"https:\/\/hogtlagt.se\/halmstad\/"},{"@type":"ListItem","position":2,"name":"Biljetter"}]},{"@type":"WebSite","@id":"https:\/\/hogtlagt.se\/halmstad\/#website","url":"https:\/\/hogtlagt.se\/halmstad\/","name":"H\u00f6gt & L\u00e5gt Halmstad","description":"","potentialAction":[{"@type":"SearchAction","target":{"@type":"EntryPoint","urlTemplate":"https:\/\/hogtlagt.se\/halmstad\/?s={search_term_string}"},"query-input":{"@type":"PropertyValueSpecification","valueRequired":true,"valueName":"search_term_string"}}],"inLanguage":"sv-SE"}]}},"_links":{"self":[{"href":"https:\/\/hogtlagt.se\/halmstad\/wp-json\/wp\/v2\/pages\/8","targetHints":{"allow":["GET"]}}],"collection":[{"href":"https:\/\/hogtlagt.se\/halmstad\/wp-json\/wp\/v2\/pages"}],"about":[{"href":"https:\/\/hogtlagt.se\/halmstad\/wp-json\/wp\/v2\/types\/page"}],"author":[{"embeddable":true,"href":"https:\/\/hogtlagt.se\/halmstad\/wp-json\/wp\/v2\/users\/1"}],"replies":[{"embeddable":true,"href":"https:\/\/hogtlagt.se\/halmstad\/wp-json\/wp\/v2\/comments?post=8"}],"version-history":[{"count":27,"href":"https:\/\/hogtlagt.se\/halmstad\/wp-json\/wp\/v2\/pages\/8\/revisions"}],"predecessor-version":[{"id":1572,"href":"https:\/\/hogtlagt.se\/halmstad\/wp-json\/wp\/v2\/pages\/8\/revisions\/1572"}],"wp:attachment":[{"href":"https:\/\/hogtlagt.se\/halmstad\/wp-json\/wp\/v2\/media?parent=8"}],"curies":[{"name":"wp","href":"https:\/\/api.w.org\/{rel}","templated":true}]}}