{"id":6,"date":"2020-03-06T10:08:22","date_gmt":"2020-03-06T09:08:22","guid":{"rendered":"http:\/\/hogtlagt.se.hemsida.eu\/karlstad\/?page_id=6"},"modified":"2026-01-22T13:20:13","modified_gmt":"2026-01-22T12:20:13","slug":"hogt-lagt","status":"publish","type":"page","link":"https:\/\/hogtlagt.se\/halmstad\/","title":{"rendered":"H\u00f6gt &amp; L\u00e5gt Halmstad"},"content":{"rendered":"\n<h2 class=\"wp-block-heading has-text-align-center\">Varmt v\u00e4lkomna f.o.m den 2 maj!<\/h2>\n\n\n\n<div class=\"wp-block-columns is-layout-flex wp-container-core-columns-is-layout-28f84493 wp-block-columns-is-layout-flex\">\n<div class=\"wp-block-column is-layout-flow wp-block-column-is-layout-flow\">\n<div style=\"height:32px\" aria-hidden=\"true\" class=\"wp-block-spacer\"><\/div>\n\n\n\n<p>H\u00f6gt &amp; L\u00e5gt Halmstad har \u00f6ppet! Sex h\u00f6gh\u00f6jdsbanor p\u00e5 mellan 3-14 meters h\u00f6jd p\u00e5 vackra Galgberget!<\/p>\n\n\n\n<p>I kl\u00e4tterparken finns 6 olika hinderbanor f\u00f6r kl\u00e4ttring p\u00e5 varierande h\u00f6jd och med varierande sv\u00e5righetsgrad. F\u00f6r att kl\u00e4ttra k\u00f6per du biljetter som g\u00e4ller i tre timmar och under den tiden f\u00e5r du kl\u00e4ttra s\u00e5 mycket du vill (och orkar!). Alla fr\u00e5n 110 cm och upp\u00e5t kan kl\u00e4ttra hos oss och det finns garanterat n\u00e5got f\u00f6r alla. V\u00e5ra banor b\u00f6rjar p\u00e5 3 meters h\u00f6jd och v\u00e5r h\u00f6gsta punkt \u00e4r ca 15 meter upp. N\u00e4r ni k\u00f6pt era biljetter s\u00e5 ses vi vid v\u00e5r servicebod f\u00f6r incheckning, p\u00e5selning, s\u00e4kerhetsgenomg\u00e5ng och tr\u00e4ningsbana. Sen \u00e4r det bara att k\u00f6ra!<\/p>\n<\/div>\n<\/div>\n\n\n\n<div style=\"height:91px\" aria-hidden=\"true\" class=\"wp-block-spacer\"><\/div>\n\n\n\n<h2 class=\"wp-block-heading\">Hur vill du kl\u00e4ttra?<\/h2>\n\n\n\n<div class=\"wp-block-columns is-layout-flex wp-container-core-columns-is-layout-28f84493 wp-block-columns-is-layout-flex\">\n<div class=\"wp-block-column is-layout-flow wp-block-column-is-layout-flow\">\n<div id=\"rounded-box-block_fe3c465993df52c862134d68abf2bc4c\" class=\"rounded-box-block rounded-box has-background has-primary-background-color\">\n    <div class=\"rounded-box__inner no-image\">\n        <div class=\"acf-innerblocks-container\">\n\n<h3 class=\"wp-block-heading\">Kl\u00e4tterparken<\/h3>\n\n\n\n<p>Parken har 6 banor p\u00e5 3-14 meters h\u00f6jd. Ni k\u00f6per biljett f\u00f6r 3 h och f\u00e5r d\u00e5 kl\u00e4ttra s\u00e5 mycket ni vill s\u00e5 l\u00e4nge ni f\u00f6ljer varje banas minimih\u00f6jd- och \u00e5lderskrav. F\u00f6r att f\u00e5 kl\u00e4ttra i parken g\u00e4ller maxvikt 120 kg samt att du ej \u00e4r gravid.<\/p>\n\n\n<div class=\"wp-block-html\"><\/div>\n<\/div>\n            <\/div>\n<\/div>\n<\/div>\n\n\n\n<div class=\"wp-block-column is-layout-flow wp-block-column-is-layout-flow\">\n<div id=\"rounded-box-block_781b031755ea90a386d3628738275ac0\" class=\"rounded-box-block rounded-box\">\n    <div class=\"rounded-box__inner no-image\">\n        <div class=\"acf-innerblocks-container\">\n\n<h3 class=\"wp-block-heading\">Presentkort<\/h3>\n\n\n\n<p>Ge bort pirr i magen, skratt, utmaning och gemensamma minnen f\u00f6r livet. K\u00f6p presentkort p\u00e5 upplevelser i kl\u00e4tterparken och vi p\u00e5 H\u00f6gt &amp; L\u00e5gt tar hand om resten!<\/p>\n\n\n<div class=\"wp-block-html\">\n<script>\n    var APP_ID=\"76b4ef3818888a0454069ac740f58a28f7f25cf2af24cfa1054f516ab6f67356\";\n    var WIDGET_ID=\"ZUbicX13p1hLwsq\";\n\n    if (typeof window.outventuresSettings == \"undefined\") {window.outventuresSettings = [];}\n\n    window.outventuresSettings.push({\n        base_url: \"https:\/\/app.bookspot.io\/widget\/\",\n        app_id: APP_ID,\n        widget_id: WIDGET_ID,\n        floating: false,\n        btn_text: {\"sv\":\"K\u00f6p presentkort\",\"en\":\"Buy giftcard\"},\n        btn_style: { \"size\": \"large\", \"bg\": \"#ec6707\n\", \"color\": \"#ffffff\"},\n        list_view: \"products\",\n        product_types: [\"vouchers\"],\n        categories: [1767],\n    });\n    <\/script>\n    <script id=\"ovbs-scriptZUbicX13p1hLwsq\">var w=window;var l=function(){var s=document.createElement(\"script\");s.type=\"text\/javascript\";s.async=true;s.src=\"https:\/\/app.bookspot.io\/widget\/widget.js\";if(document.querySelectorAll('[src=\"' + s.src + '\"]').length == 0){var x=document.getElementsByTagName(\"script\")[0];x.parentNode.insertBefore(s, x);}};if(w.attachEvent){w.attachEvent(\"onload\",l);}else{w.addEventListener(\"load\",l,false);}<\/script>\n<\/div>\n\n\n<div style=\"height:25px\" aria-hidden=\"true\" class=\"wp-block-spacer\"><\/div>\n\n\n\n<div class=\"wp-block-buttons is-layout-flex wp-block-buttons-is-layout-flex\">\n<div class=\"wp-block-button is-style-btn-arrow\"><a class=\"wp-block-button__link has-tertiary-background-color has-background wp-element-button\" href=\"https:\/\/hogtlagt.se\/halmstad\/presentkort\">L\u00e4s mer<\/a><\/div>\n<\/div>\n\n<\/div>\n            <\/div>\n<\/div>\n<\/div>\n<\/div>\n\n\n\n<div class=\"wp-block-columns is-layout-flex wp-container-core-columns-is-layout-28f84493 wp-block-columns-is-layout-flex\">\n<div class=\"wp-block-column is-layout-flow wp-block-column-is-layout-flow\">\n<div id=\"rounded-box-block_e2ac3ddbff156505846ea99714d1b55f\" class=\"rounded-box-block rounded-box has-background has-dark-background-color\">\n    <div class=\"rounded-box__inner image-bottom\">\n        <div class=\"acf-innerblocks-container\">\n\n<h3 class=\"wp-block-heading has-light-color has-text-color\">M\u00f6hippa &amp; Svensexa<\/h3>\n\n\n\n<p class=\"has-light-color has-text-color\">Ska ni ordna en m\u00f6hippa f\u00f6r b\u00e4sta v\u00e4nnen eller en svensexa f\u00f6r barndomskompisen i Karlstad? \u00c4r huvudpersonen h\u00f6jdr\u00e4dd, eller en \u00e4ventyrare av rang? Oavsett kan vi garantera en aktivitet som genererar massor med skratt, minnen f\u00f6r livet, delad gl\u00e4dje och pirr i magen! Vi har h\u00f6gh\u00f6jdsbanor som passar alla och vi lovar att huvudpersonen kommer vara b\u00e5de tr\u00f6tt och n\u00f6jd efter ett bes\u00f6k hos oss. Om det g\u00e5r bra att kl\u00e4ttra utkl\u00e4dd? Sj\u00e4lvklart! <\/p>\n\n\n\n<div class=\"wp-block-buttons is-layout-flex wp-block-buttons-is-layout-flex\">\n<div class=\"wp-block-button is-style-btn-arrow\"><a class=\"wp-block-button__link has-tertiary-background-color has-background wp-element-button\" href=\"https:\/\/hogtlagt.se\/halmstad\/grupper-foretag\/svensexa-mohippa\/\">L\u00e4s mer och boka nu<\/a><\/div>\n<\/div>\n\n<\/div>\n                    <div class=\"rounded-box__img-wrapper\">\n                <img decoding=\"async\" class=\"rounded-box__img image-bottom\" src=\"https:\/\/hogtlagt.se\/halmstad\/wp-content\/uploads\/sites\/19\/2021\/04\/B04I7627-cropped-1-768x432-1.jpg\" alt=\"Kille p\u00e5 svensexa kl\u00e4ttrar ett hinder med monkey bars p\u00e5 den r\u00f6da banan, han skriker av f\u00f6rtjusning\">\n            <\/div>\n            <\/div>\n<\/div>\n<\/div>\n\n\n\n<div class=\"wp-block-column is-layout-flow wp-block-column-is-layout-flow\">\n<div id=\"rounded-box-block_fe3c465993df52c862134d68abf2bc4c\" class=\"rounded-box-block rounded-box has-background has-primary-background-color\">\n    <div class=\"rounded-box__inner no-image\">\n        <div class=\"acf-innerblocks-container\">\n\n<figure class=\"wp-block-image size-large is-resized hide-on-mobile\"><img decoding=\"async\" src=\"https:\/\/hogtlagt.se\/halmstad\/wp-content\/uploads\/sites\/19\/2020\/03\/skulgrupper.svg\" alt=\"\" class=\"wp-image-179\" style=\"width:484px;height:253px\"\/><\/figure>\n\n\n\n<div style=\"height:2em\" aria-hidden=\"true\" class=\"wp-block-spacer\"><\/div>\n\n\n\n<h3 class=\"wp-block-heading\">Skolgrupper &amp; klasser<\/h3>\n\n\n\n<p>Vill klassen hitta p\u00e5 n\u00e5got kul ihop? Vi har ett kanonerbjudande f\u00f6r skolklasser p\u00e5 grundskola och gymnasium som g\u00e4ller vardagar under terminen. Kom och upplev kl\u00e4tter\u00e4ventyret tillsammans i v\u00e5ra parker. Vi garanterar skratt, pirr i magen och h\u00e4rliga minnen!<\/p>\n\n\n\n<div class=\"wp-block-buttons is-layout-flex wp-block-buttons-is-layout-flex\">\n<div class=\"wp-block-button is-style-btn-arrow\"><a class=\"wp-block-button__link has-tertiary-background-color has-background wp-element-button\" href=\"https:\/\/hogtlagt.se\/halmstad\/grupper-foretag\/skolgrupper\/\">L\u00e4s mer och boka nu<\/a><\/div>\n<\/div>\n\n<\/div>\n            <\/div>\n<\/div>\n<\/div>\n<\/div>\n\n\n\n<div id=\"rounded-box-block_dff28788cd8df2da25c0267d3df8c628\" class=\"rounded-box-block rounded-box\">\n    <div class=\"rounded-box__inner image-right\">\n        <div class=\"acf-innerblocks-container\">\n\n<h3 class=\"wp-block-heading\">F\u00f6retag<\/h3>\n\n\n\n<p>Ska ert f\u00f6retag ha en kick-off, eller vill ni hitta p\u00e5 n\u00e5got roligt i samband med er konferens i Halmstad? Vi erbjuder en aktivitet d\u00e4r ni f\u00e5r utmana er, testa era gr\u00e4nser, peppa och st\u00f6tta varandra, se nya sidor av kollegorna och skapa fantastiska minnen ihop.<\/p>\n\n\n\n<div class=\"wp-block-buttons is-layout-flex wp-block-buttons-is-layout-flex\">\n<div class=\"wp-block-button is-style-btn-arrow\"><a class=\"wp-block-button__link has-tertiary-background-color has-background wp-element-button\" href=\"https:\/\/hogtlagt.se\/halmstad\/grupper-foretag\/foretag\/\">L\u00e4s mer och boka nu<\/a><\/div>\n<\/div>\n\n<\/div>\n                    <div class=\"rounded-box__img-wrapper\">\n                <img decoding=\"async\" class=\"rounded-box__img image-right\" src=\"https:\/\/hogtlagt.se\/halmstad\/wp-content\/uploads\/sites\/19\/2023\/05\/foretagsaktivitet-scaled.jpg\" alt=\"\">\n            <\/div>\n            <\/div>\n<\/div>\n\n\n\n<div style=\"height:58px\" aria-hidden=\"true\" class=\"wp-block-spacer\"><\/div>\n\n\n\n<h2 class=\"wp-block-heading has-text-align-center\"><\/h2>\n\n\n\n\n\n<div style=\"height:26px\" aria-hidden=\"true\" class=\"wp-block-spacer\"><\/div>\n\n\n\n<div class=\"wp-block-cover alignfull\" style=\"min-height:376px;aspect-ratio:unset;\"><img loading=\"lazy\" decoding=\"async\" width=\"2048\" height=\"1365\" class=\"wp-block-cover__image-background wp-image-1278\" alt=\"\" src=\"https:\/\/hogtlagt.se\/halmstad\/wp-content\/uploads\/sites\/19\/2023\/12\/Hogt-Lagt-WEBB-1235.jpg\" style=\"object-position:50% 66%\" data-object-fit=\"cover\" data-object-position=\"50% 66%\" srcset=\"https:\/\/hogtlagt.se\/halmstad\/wp-content\/uploads\/sites\/19\/2023\/12\/Hogt-Lagt-WEBB-1235.jpg 2048w, https:\/\/hogtlagt.se\/halmstad\/wp-content\/uploads\/sites\/19\/2023\/12\/Hogt-Lagt-WEBB-1235-300x200.jpg 300w, https:\/\/hogtlagt.se\/halmstad\/wp-content\/uploads\/sites\/19\/2023\/12\/Hogt-Lagt-WEBB-1235-1024x683.jpg 1024w, https:\/\/hogtlagt.se\/halmstad\/wp-content\/uploads\/sites\/19\/2023\/12\/Hogt-Lagt-WEBB-1235-768x512.jpg 768w, https:\/\/hogtlagt.se\/halmstad\/wp-content\/uploads\/sites\/19\/2023\/12\/Hogt-Lagt-WEBB-1235-1536x1024.jpg 1536w\" sizes=\"auto, (max-width: 2048px) 100vw, 2048px\" \/><span aria-hidden=\"true\" class=\"wp-block-cover__background has-background-dim\"><\/span><div class=\"wp-block-cover__inner-container has-global-padding is-layout-constrained wp-block-cover-is-layout-constrained\">\n<p class=\"has-text-align-center\" style=\"font-size:25px\">Allt vi g\u00f6r genomsyras av v\u00e5ra grundl\u00e4ggande v\u00e4rden&nbsp;<em>Genomarbetat, S\u00e4kert, Innovativt, Inkluderande<\/em>&nbsp;och&nbsp;<em>Utmanande.<\/em>&nbsp;Vi \u00e4r drivna, vi arbetar h\u00e5rt, vi brinner f\u00f6r varje kunds upplevelse, vi \u00e4r med och utvecklar branschen och vi har j\u00e4kligt roligt medans vi g\u00f6r det!<\/p>\n<\/div><\/div>\n\n\n\n<div class=\"wp-block-group alignfull has-dark-background-color has-background has-global-padding is-layout-constrained wp-block-group-is-layout-constrained\">\n<div style=\"height:4rem\" aria-hidden=\"true\" class=\"wp-block-spacer\"><\/div>\n\n\n\n<div class=\"wp-block-columns is-layout-flex wp-container-core-columns-is-layout-28f84493 wp-block-columns-is-layout-flex\">\n<div class=\"wp-block-column has-light-color has-text-color is-layout-flow wp-block-column-is-layout-flow\">\n<h2 class=\"wp-block-heading has-light-color has-text-color\">V\u00e4lkommen till H\u00f6gt &amp; L\u00e5gt Kl\u00e4tterparker<\/h2>\n\n\n\n<p>H\u00f6gt &amp; L\u00e5gt \u00e4r idag Skandinaviens st\u00f6rsta leverant\u00f6r av kl\u00e4tterparker. Vi \u00e4r ledande i branschen och vi bygger parker med h\u00f6gh\u00f6jdsbanor som passar alla. Barnfamiljer, fotbollslag, f\u00f6retagsgrupper, m\u00f6hippor och svensexor, skolklasser, kompisg\u00e4ng och par p\u00e5 dejt \u2013 hos oss finns verkligen n\u00e5got f\u00f6r alla. V\u00e5r ambition \u00e4r att alla v\u00e5ra g\u00e4ster ska l\u00e4mna parken med ett leende p\u00e5 l\u00e4pparna, med k\u00e4nslan av att ha v\u00e5gat utmana sig och med fantastiska minnen f\u00f6r livet.<\/p>\n\n\n\n<p class=\"has-light-color has-text-color\">Allt vi g\u00f6r genomsyras av v\u00e5ra grundl\u00e4ggande v\u00e4rden:&nbsp;<\/p>\n\n\n\n<ul class=\"wp-block-list\">\n<li>Genomarbetat<\/li>\n\n\n\n<li>S\u00e4kert<\/li>\n\n\n\n<li>Innovativt<\/li>\n\n\n\n<li>Inkluderande<\/li>\n\n\n\n<li>Utmanande.&nbsp;<\/li>\n<\/ul>\n\n\n\n<p class=\"has-light-color has-text-color\">Vi \u00e4r drivna, vi arbetar h\u00e5rt, vi brinner f\u00f6r varje kunds upplevelse, vi \u00e4r med och utvecklar branschen och vi har j\u00e4kligt roligt medan vi g\u00f6r det!<\/p>\n\n\n\n<div class=\"wp-block-buttons is-layout-flex wp-block-buttons-is-layout-flex\">\n<div class=\"wp-block-button\"><a class=\"wp-block-button__link has-dark-color has-primary-background-color has-text-color has-background wp-element-button\" href=\"https:\/\/hogtlagt.se\/halmstad\/jobba-hos-oss\/\">Jobba med oss<\/a><\/div>\n\n\n\n<div class=\"wp-block-button is-style-outline is-style-outline--1\"><a class=\"wp-block-button__link has-light-color has-text-color wp-element-button\" href=\"https:\/\/hogtlagt.se\/franchise\/\">\u00d6ppna franchise<\/a><\/div>\n<\/div>\n<\/div>\n\n\n\n<div class=\"wp-block-column is-layout-flow wp-block-column-is-layout-flow\"><div id=\"mapsvg-1\" data-id=\"1\" class=\"mapsvg\" data-autoload=\"true\" data-load-db=\"true\" data-loading-text=\"Laddar karta...\" style=\"width: 100%; height: 0; padding-bottom: 229.3%\"><\/div>\n\n\n\n<p class=\"has-text-align-center has-light-color has-text-color\">Anv\u00e4nd kartan f\u00f6r att v\u00e4lja park<\/p>\n<\/div>\n<\/div>\n\n\n\n<div style=\"height:4rem\" aria-hidden=\"true\" class=\"wp-block-spacer\"><\/div>\n<\/div>\n","protected":false},"excerpt":{"rendered":"<p>Varmt v\u00e4lkomna f.o.m den 2 maj! H\u00f6gt &amp; L\u00e5gt Halmstad har \u00f6ppet! Sex h\u00f6gh\u00f6jdsbanor p\u00e5 mellan 3-14 meters h\u00f6jd p\u00e5 vackra Galgberget! I kl\u00e4tterparken finns 6 olika hinderbanor f\u00f6r kl\u00e4ttring&#8230;<\/p>\n","protected":false},"author":1,"featured_media":0,"parent":0,"menu_order":0,"comment_status":"closed","ping_status":"closed","template":"templates\/frontpage.php","meta":{"_acf_changed":false,"inline_featured_image":false,"footnotes":""},"class_list":["post-6","page","type-page","status-publish"],"acf":[],"yoast_head":"<!-- This site is optimized with the Yoast SEO plugin v26.1.1 - https:\/\/yoast.com\/wordpress\/plugins\/seo\/ -->\n<title>Kl\u00e4ttring f\u00f6r alla i kl\u00e4tterpark i Halmstad | H\u00f6gt &amp; L\u00e5gt Halmstad<\/title>\n<meta name=\"description\" content=\"Hitta utmaningar p\u00e5 alla niv\u00e5er i kl\u00e4tterparken \u2013 6 banor p\u00e5 3-14 m h\u00f6jd! Boka kl\u00e4ttring f\u00f6r familjen, kompisarna, klassen eller f\u00f6retaget.\" \/>\n<meta name=\"robots\" content=\"index, follow, max-snippet:-1, max-image-preview:large, max-video-preview:-1\" \/>\n<link rel=\"canonical\" href=\"https:\/\/hogtlagt.se\/halmstad\/\" \/>\n<meta property=\"og:locale\" content=\"sv_SE\" \/>\n<meta property=\"og:type\" content=\"article\" \/>\n<meta property=\"og:title\" content=\"Kl\u00e4ttring f\u00f6r alla i kl\u00e4tterpark i Halmstad | H\u00f6gt &amp; L\u00e5gt Halmstad\" \/>\n<meta property=\"og:description\" content=\"Hitta utmaningar p\u00e5 alla niv\u00e5er i kl\u00e4tterparken \u2013 6 banor p\u00e5 3-14 m h\u00f6jd! Boka kl\u00e4ttring f\u00f6r familjen, kompisarna, klassen eller f\u00f6retaget.\" \/>\n<meta property=\"og:url\" content=\"https:\/\/hogtlagt.se\/halmstad\/\" \/>\n<meta property=\"og:site_name\" content=\"H\u00f6gt &amp; L\u00e5gt Halmstad\" \/>\n<meta property=\"article:modified_time\" content=\"2026-01-22T12:20:13+00:00\" \/>\n<meta property=\"og:image\" content=\"https:\/\/hogtlagt.se\/halmstad\/wp-content\/uploads\/sites\/19\/2020\/03\/skulgrupper.svg\" \/>\n<meta name=\"twitter:card\" content=\"summary_large_image\" \/>\n<meta name=\"twitter:label1\" content=\"Ber\u00e4knad l\u00e4stid\" \/>\n\t<meta name=\"twitter:data1\" content=\"4 minuter\" \/>\n<script type=\"application\/ld+json\" class=\"yoast-schema-graph\">{\"@context\":\"https:\/\/schema.org\",\"@graph\":[{\"@type\":\"WebPage\",\"@id\":\"https:\/\/hogtlagt.se\/halmstad\/\",\"url\":\"https:\/\/hogtlagt.se\/halmstad\/\",\"name\":\"Kl\u00e4ttring f\u00f6r alla i kl\u00e4tterpark i Halmstad | H\u00f6gt & L\u00e5gt Halmstad\",\"isPartOf\":{\"@id\":\"https:\/\/hogtlagt.se\/halmstad\/#website\"},\"primaryImageOfPage\":{\"@id\":\"https:\/\/hogtlagt.se\/halmstad\/#primaryimage\"},\"image\":{\"@id\":\"https:\/\/hogtlagt.se\/halmstad\/#primaryimage\"},\"thumbnailUrl\":\"https:\/\/hogtlagt.se\/halmstad\/wp-content\/uploads\/sites\/19\/2020\/03\/skulgrupper.svg\",\"datePublished\":\"2020-03-06T09:08:22+00:00\",\"dateModified\":\"2026-01-22T12:20:13+00:00\",\"description\":\"Hitta utmaningar p\u00e5 alla niv\u00e5er i kl\u00e4tterparken \u2013 6 banor p\u00e5 3-14 m h\u00f6jd! Boka kl\u00e4ttring f\u00f6r familjen, kompisarna, klassen eller f\u00f6retaget.\",\"breadcrumb\":{\"@id\":\"https:\/\/hogtlagt.se\/halmstad\/#breadcrumb\"},\"inLanguage\":\"sv-SE\",\"potentialAction\":[{\"@type\":\"ReadAction\",\"target\":[\"https:\/\/hogtlagt.se\/halmstad\/\"]}]},{\"@type\":\"ImageObject\",\"inLanguage\":\"sv-SE\",\"@id\":\"https:\/\/hogtlagt.se\/halmstad\/#primaryimage\",\"url\":\"https:\/\/hogtlagt.se\/halmstad\/wp-content\/uploads\/sites\/19\/2020\/03\/skulgrupper.svg\",\"contentUrl\":\"https:\/\/hogtlagt.se\/halmstad\/wp-content\/uploads\/sites\/19\/2020\/03\/skulgrupper.svg\"},{\"@type\":\"BreadcrumbList\",\"@id\":\"https:\/\/hogtlagt.se\/halmstad\/#breadcrumb\",\"itemListElement\":[{\"@type\":\"ListItem\",\"position\":1,\"name\":\"Hem\",\"item\":\"https:\/\/hogtlagt.se\/halmstad\/\"},{\"@type\":\"ListItem\",\"position\":2,\"name\":\"H\u00f6gt &amp; L\u00e5gt Halmstad\"}]},{\"@type\":\"WebSite\",\"@id\":\"https:\/\/hogtlagt.se\/halmstad\/#website\",\"url\":\"https:\/\/hogtlagt.se\/halmstad\/\",\"name\":\"H\u00f6gt & L\u00e5gt Halmstad\",\"description\":\"\",\"potentialAction\":[{\"@type\":\"SearchAction\",\"target\":{\"@type\":\"EntryPoint\",\"urlTemplate\":\"https:\/\/hogtlagt.se\/halmstad\/?s={search_term_string}\"},\"query-input\":{\"@type\":\"PropertyValueSpecification\",\"valueRequired\":true,\"valueName\":\"search_term_string\"}}],\"inLanguage\":\"sv-SE\"}]}<\/script>\n<!-- \/ Yoast SEO plugin. -->","yoast_head_json":{"title":"Kl\u00e4ttring f\u00f6r alla i kl\u00e4tterpark i Halmstad | H\u00f6gt & L\u00e5gt Halmstad","description":"Hitta utmaningar p\u00e5 alla niv\u00e5er i kl\u00e4tterparken \u2013 6 banor p\u00e5 3-14 m h\u00f6jd! Boka kl\u00e4ttring f\u00f6r familjen, kompisarna, klassen eller f\u00f6retaget.","robots":{"index":"index","follow":"follow","max-snippet":"max-snippet:-1","max-image-preview":"max-image-preview:large","max-video-preview":"max-video-preview:-1"},"canonical":"https:\/\/hogtlagt.se\/halmstad\/","og_locale":"sv_SE","og_type":"article","og_title":"Kl\u00e4ttring f\u00f6r alla i kl\u00e4tterpark i Halmstad | H\u00f6gt & L\u00e5gt Halmstad","og_description":"Hitta utmaningar p\u00e5 alla niv\u00e5er i kl\u00e4tterparken \u2013 6 banor p\u00e5 3-14 m h\u00f6jd! Boka kl\u00e4ttring f\u00f6r familjen, kompisarna, klassen eller f\u00f6retaget.","og_url":"https:\/\/hogtlagt.se\/halmstad\/","og_site_name":"H\u00f6gt & L\u00e5gt Halmstad","article_modified_time":"2026-01-22T12:20:13+00:00","og_image":[{"url":"https:\/\/hogtlagt.se\/halmstad\/wp-content\/uploads\/sites\/19\/2020\/03\/skulgrupper.svg","type":"","width":"","height":""}],"twitter_card":"summary_large_image","twitter_misc":{"Ber\u00e4knad l\u00e4stid":"4 minuter"},"schema":{"@context":"https:\/\/schema.org","@graph":[{"@type":"WebPage","@id":"https:\/\/hogtlagt.se\/halmstad\/","url":"https:\/\/hogtlagt.se\/halmstad\/","name":"Kl\u00e4ttring f\u00f6r alla i kl\u00e4tterpark i Halmstad | H\u00f6gt & L\u00e5gt Halmstad","isPartOf":{"@id":"https:\/\/hogtlagt.se\/halmstad\/#website"},"primaryImageOfPage":{"@id":"https:\/\/hogtlagt.se\/halmstad\/#primaryimage"},"image":{"@id":"https:\/\/hogtlagt.se\/halmstad\/#primaryimage"},"thumbnailUrl":"https:\/\/hogtlagt.se\/halmstad\/wp-content\/uploads\/sites\/19\/2020\/03\/skulgrupper.svg","datePublished":"2020-03-06T09:08:22+00:00","dateModified":"2026-01-22T12:20:13+00:00","description":"Hitta utmaningar p\u00e5 alla niv\u00e5er i kl\u00e4tterparken \u2013 6 banor p\u00e5 3-14 m h\u00f6jd! Boka kl\u00e4ttring f\u00f6r familjen, kompisarna, klassen eller f\u00f6retaget.","breadcrumb":{"@id":"https:\/\/hogtlagt.se\/halmstad\/#breadcrumb"},"inLanguage":"sv-SE","potentialAction":[{"@type":"ReadAction","target":["https:\/\/hogtlagt.se\/halmstad\/"]}]},{"@type":"ImageObject","inLanguage":"sv-SE","@id":"https:\/\/hogtlagt.se\/halmstad\/#primaryimage","url":"https:\/\/hogtlagt.se\/halmstad\/wp-content\/uploads\/sites\/19\/2020\/03\/skulgrupper.svg","contentUrl":"https:\/\/hogtlagt.se\/halmstad\/wp-content\/uploads\/sites\/19\/2020\/03\/skulgrupper.svg"},{"@type":"BreadcrumbList","@id":"https:\/\/hogtlagt.se\/halmstad\/#breadcrumb","itemListElement":[{"@type":"ListItem","position":1,"name":"Hem","item":"https:\/\/hogtlagt.se\/halmstad\/"},{"@type":"ListItem","position":2,"name":"H\u00f6gt &amp; L\u00e5gt Halmstad"}]},{"@type":"WebSite","@id":"https:\/\/hogtlagt.se\/halmstad\/#website","url":"https:\/\/hogtlagt.se\/halmstad\/","name":"H\u00f6gt & L\u00e5gt Halmstad","description":"","potentialAction":[{"@type":"SearchAction","target":{"@type":"EntryPoint","urlTemplate":"https:\/\/hogtlagt.se\/halmstad\/?s={search_term_string}"},"query-input":{"@type":"PropertyValueSpecification","valueRequired":true,"valueName":"search_term_string"}}],"inLanguage":"sv-SE"}]}},"_links":{"self":[{"href":"https:\/\/hogtlagt.se\/halmstad\/wp-json\/wp\/v2\/pages\/6","targetHints":{"allow":["GET"]}}],"collection":[{"href":"https:\/\/hogtlagt.se\/halmstad\/wp-json\/wp\/v2\/pages"}],"about":[{"href":"https:\/\/hogtlagt.se\/halmstad\/wp-json\/wp\/v2\/types\/page"}],"author":[{"embeddable":true,"href":"https:\/\/hogtlagt.se\/halmstad\/wp-json\/wp\/v2\/users\/1"}],"replies":[{"embeddable":true,"href":"https:\/\/hogtlagt.se\/halmstad\/wp-json\/wp\/v2\/comments?post=6"}],"version-history":[{"count":157,"href":"https:\/\/hogtlagt.se\/halmstad\/wp-json\/wp\/v2\/pages\/6\/revisions"}],"predecessor-version":[{"id":1680,"href":"https:\/\/hogtlagt.se\/halmstad\/wp-json\/wp\/v2\/pages\/6\/revisions\/1680"}],"wp:attachment":[{"href":"https:\/\/hogtlagt.se\/halmstad\/wp-json\/wp\/v2\/media?parent=6"}],"curies":[{"name":"wp","href":"https:\/\/api.w.org\/{rel}","templated":true}]}}