{"id":576,"date":"2021-12-09T12:01:50","date_gmt":"2021-12-09T11:01:50","guid":{"rendered":"https:\/\/hogtlagt.se\/halmstad\/?page_id=576"},"modified":"2025-07-01T14:22:28","modified_gmt":"2025-07-01T12:22:28","slug":"directions-to-the-climbingpark-in-karlstad","status":"publish","type":"page","link":"https:\/\/hogtlagt.se\/halmstad\/en\/before-your-visit\/directions-to-the-climbingpark-in-karlstad\/","title":{"rendered":"Directions to the climbingpark in Halmstad"},"content":{"rendered":"\n<div class=\"wp-block-cover alignfull\" style=\"min-height:600px;aspect-ratio:unset;\"><img loading=\"lazy\" decoding=\"async\" width=\"2560\" height=\"1920\" class=\"wp-block-cover__image-background wp-image-1184\" alt=\"\" src=\"https:\/\/hogtlagt.se\/halmstad\/wp-content\/uploads\/sites\/19\/2023\/10\/Va\u0308gbeskrivning-1-scaled.jpg\" style=\"object-position:51% 73%\" data-object-fit=\"cover\" data-object-position=\"51% 73%\" srcset=\"https:\/\/hogtlagt.se\/halmstad\/wp-content\/uploads\/sites\/19\/2023\/10\/Va\u0308gbeskrivning-1-scaled.jpg 2560w, https:\/\/hogtlagt.se\/halmstad\/wp-content\/uploads\/sites\/19\/2023\/10\/Va\u0308gbeskrivning-1-300x225.jpg 300w, https:\/\/hogtlagt.se\/halmstad\/wp-content\/uploads\/sites\/19\/2023\/10\/Va\u0308gbeskrivning-1-1024x768.jpg 1024w, https:\/\/hogtlagt.se\/halmstad\/wp-content\/uploads\/sites\/19\/2023\/10\/Va\u0308gbeskrivning-1-768x576.jpg 768w, https:\/\/hogtlagt.se\/halmstad\/wp-content\/uploads\/sites\/19\/2023\/10\/Va\u0308gbeskrivning-1-1536x1152.jpg 1536w, https:\/\/hogtlagt.se\/halmstad\/wp-content\/uploads\/sites\/19\/2023\/10\/Va\u0308gbeskrivning-1-2048x1536.jpg 2048w\" sizes=\"auto, (max-width: 2560px) 100vw, 2560px\" \/><span aria-hidden=\"true\" class=\"wp-block-cover__background has-background-dim-20 has-background-dim\"><\/span><div class=\"wp-block-cover__inner-container has-global-padding is-layout-constrained wp-block-cover-is-layout-constrained\">\n<h2 class=\"wp-block-heading has-text-align-center\" style=\"font-size:55px\">Find us<\/h2>\n<\/div><\/div>\n\n\n\n<div style=\"height:100px\" aria-hidden=\"true\" class=\"wp-block-spacer\"><\/div>\n\n\n\n<h2 class=\"wp-block-heading has-medium-font-size\">Here you find H\u00f6gt &amp; L\u00e5gt Halmstad:<\/h2>\n\n\n\n    <div class=\"icon-list\">\n\n            \n        <div class=\"icon-list-item\">\n            <div class=\"il-img\">\n                <img decoding=\"async\" src=\"https:\/\/hogtlagt.se\/halmstad\/wp-content\/uploads\/sites\/19\/2020\/03\/HL-ikon-11.svg\" class=\"attachment-icon size-icon\" alt=\"\" \/>            <\/div>\n            <div class=\"icon-list-content\">\n                <h3>Adress<\/h3>\n                <p>You find us at:<\/p>\n<p><a tabindex=\"0\" href=\"https:\/\/www.google.com\/maps\/place\/\/data=!4m2!3m1!1s0x4651a3a7e41f4759:0xa850bc259de7a5b8?sa=X&amp;ved=1t:8290&amp;hl=sv&amp;ictx=111\" data-url=\"\/maps\/place\/\/data=!4m2!3m1!1s0x4651a3a7e41f4759:0xa850bc259de7a5b8?sa=X&amp;ved=2ahUKEwjD-KvT0puOAxXrIhAIHXg5GwQQ4kB6BAgGEAA&amp;hl=sv\">Carlav\u00e4gen, 302 33 Halmstad<\/a><\/p>\n            <\/div>\n        <\/div>\n\n                    <hr>\n                    \n        <div class=\"icon-list-item\">\n            <div class=\"il-img\">\n                <img decoding=\"async\" src=\"https:\/\/hogtlagt.se\/halmstad\/wp-content\/uploads\/sites\/19\/2020\/03\/HL-ikon-11.svg\" class=\"attachment-icon size-icon\" alt=\"\" \/>            <\/div>\n            <div class=\"icon-list-content\">\n                <h3>Map<\/h3>\n                <p><a href=\"https:\/\/www.google.com\/maps\/place\/H%C3%B6gt+%26+L%C3%A5gt+Halmstad\/@56.685278,12.8520847,17z\/data=!3m1!4b1!4m6!3m5!1s0x4651a3a7e41f4759:0xa850bc259de7a5b8!8m2!3d56.685278!4d12.8520847!16s%2Fg%2F11yc7_glxw?hl=sv&amp;entry=ttu&amp;g_ep=EgoyMDI1MDYyNi4wIKXMDSoASAFQAw%3D%3D\">Google Maps<\/a><\/p>\n            <\/div>\n        <\/div>\n\n                    <hr>\n                    \n        <div class=\"icon-list-item\">\n            <div class=\"il-img\">\n                <img decoding=\"async\" src=\"https:\/\/hogtlagt.se\/halmstad\/wp-content\/uploads\/sites\/19\/2020\/03\/HL-ikon-11.svg\" class=\"attachment-icon size-icon\" alt=\"\" \/>            <\/div>\n            <div class=\"icon-list-content\">\n                <h3>Parking<\/h3>\n                <p>You find parking close to the entrance to the park along Carlav\u00e4gen, and you will also find parking on the other side of the park at the service facilities.<\/p>\n            <\/div>\n        <\/div>\n\n                    <hr>\n            \n    <\/div>\n\n    \n\n\n<div style=\"height:100px\" aria-hidden=\"true\" class=\"wp-block-spacer\"><\/div>\n\n\n\n<div class=\"wp-block-cover alignfull\" style=\"min-height:376px;aspect-ratio:unset;\"><img loading=\"lazy\" decoding=\"async\" width=\"2048\" height=\"1365\" class=\"wp-block-cover__image-background wp-image-1278\" alt=\"\" src=\"https:\/\/hogtlagt.se\/halmstad\/wp-content\/uploads\/sites\/19\/2023\/12\/Hogt-Lagt-WEBB-1235.jpg\" style=\"object-position:50% 66%\" data-object-fit=\"cover\" data-object-position=\"50% 66%\" srcset=\"https:\/\/hogtlagt.se\/halmstad\/wp-content\/uploads\/sites\/19\/2023\/12\/Hogt-Lagt-WEBB-1235.jpg 2048w, https:\/\/hogtlagt.se\/halmstad\/wp-content\/uploads\/sites\/19\/2023\/12\/Hogt-Lagt-WEBB-1235-300x200.jpg 300w, https:\/\/hogtlagt.se\/halmstad\/wp-content\/uploads\/sites\/19\/2023\/12\/Hogt-Lagt-WEBB-1235-1024x683.jpg 1024w, https:\/\/hogtlagt.se\/halmstad\/wp-content\/uploads\/sites\/19\/2023\/12\/Hogt-Lagt-WEBB-1235-768x512.jpg 768w, https:\/\/hogtlagt.se\/halmstad\/wp-content\/uploads\/sites\/19\/2023\/12\/Hogt-Lagt-WEBB-1235-1536x1024.jpg 1536w\" sizes=\"auto, (max-width: 2048px) 100vw, 2048px\" \/><span aria-hidden=\"true\" class=\"wp-block-cover__background has-background-dim\"><\/span><div class=\"wp-block-cover__inner-container has-global-padding is-layout-constrained wp-block-cover-is-layout-constrained\">\n<p class=\"has-text-align-center\" style=\"font-size:25px\">Everything we do stems from our fundamental values&nbsp;<em>Thorough, Safe, Innovative, Including<\/em>&nbsp;and&nbsp;<em>Challenging<\/em>. We are passionate, we work hard, we care about the experience of each single visitor, we take part in the development of this industry and we have SO much fun along the way!<\/p>\n<\/div><\/div>\n","protected":false},"excerpt":{"rendered":"<p>Here you find H\u00f6gt &amp; L\u00e5gt Halmstad:<\/p>\n","protected":false},"author":6,"featured_media":1184,"parent":541,"menu_order":3,"comment_status":"closed","ping_status":"closed","template":"templates\/empty.php","meta":{"_acf_changed":false,"inline_featured_image":false,"footnotes":""},"class_list":["post-576","page","type-page","status-publish","has-post-thumbnail"],"acf":[],"yoast_head":"<!-- This site is optimized with the Yoast SEO plugin v26.1.1 - https:\/\/yoast.com\/wordpress\/plugins\/seo\/ -->\n<title>Directions to the climbingpark in Halmstad - H\u00f6gt &amp; L\u00e5gt Halmstad<\/title>\n<meta name=\"robots\" content=\"index, follow, max-snippet:-1, max-image-preview:large, max-video-preview:-1\" \/>\n<link rel=\"canonical\" href=\"https:\/\/hogtlagt.se\/halmstad\/en\/before-your-visit\/directions-to-the-climbingpark-in-karlstad\/\" \/>\n<meta property=\"og:locale\" content=\"sv_SE\" \/>\n<meta property=\"og:type\" content=\"article\" \/>\n<meta property=\"og:title\" content=\"Directions to the climbingpark in Halmstad - H\u00f6gt &amp; L\u00e5gt Halmstad\" \/>\n<meta property=\"og:description\" content=\"Here you find H\u00f6gt &amp; L\u00e5gt Halmstad:\" \/>\n<meta property=\"og:url\" content=\"https:\/\/hogtlagt.se\/halmstad\/en\/before-your-visit\/directions-to-the-climbingpark-in-karlstad\/\" \/>\n<meta property=\"og:site_name\" content=\"H\u00f6gt &amp; L\u00e5gt Halmstad\" \/>\n<meta property=\"article:modified_time\" content=\"2025-07-01T12:22:28+00:00\" \/>\n<meta property=\"og:image\" content=\"https:\/\/hogtlagt.se\/halmstad\/wp-content\/uploads\/sites\/19\/2023\/10\/Va\u0308gbeskrivning-1-scaled.jpg\" \/>\n\t<meta property=\"og:image:width\" content=\"2560\" \/>\n\t<meta property=\"og:image:height\" content=\"1920\" \/>\n\t<meta property=\"og:image:type\" content=\"image\/jpeg\" \/>\n<meta name=\"twitter:card\" content=\"summary_large_image\" \/>\n<meta name=\"twitter:label1\" content=\"Ber\u00e4knad l\u00e4stid\" \/>\n\t<meta name=\"twitter:data1\" content=\"1 minut\" \/>\n<script type=\"application\/ld+json\" class=\"yoast-schema-graph\">{\"@context\":\"https:\/\/schema.org\",\"@graph\":[{\"@type\":\"WebPage\",\"@id\":\"https:\/\/hogtlagt.se\/halmstad\/en\/before-your-visit\/directions-to-the-climbingpark-in-karlstad\/\",\"url\":\"https:\/\/hogtlagt.se\/halmstad\/en\/before-your-visit\/directions-to-the-climbingpark-in-karlstad\/\",\"name\":\"Directions to the climbingpark in Halmstad - H\u00f6gt & L\u00e5gt Halmstad\",\"isPartOf\":{\"@id\":\"https:\/\/hogtlagt.se\/halmstad\/#website\"},\"primaryImageOfPage\":{\"@id\":\"https:\/\/hogtlagt.se\/halmstad\/en\/before-your-visit\/directions-to-the-climbingpark-in-karlstad\/#primaryimage\"},\"image\":{\"@id\":\"https:\/\/hogtlagt.se\/halmstad\/en\/before-your-visit\/directions-to-the-climbingpark-in-karlstad\/#primaryimage\"},\"thumbnailUrl\":\"https:\/\/hogtlagt.se\/halmstad\/wp-content\/uploads\/sites\/19\/2023\/10\/Va\u0308gbeskrivning-1-scaled.jpg\",\"datePublished\":\"2021-12-09T11:01:50+00:00\",\"dateModified\":\"2025-07-01T12:22:28+00:00\",\"breadcrumb\":{\"@id\":\"https:\/\/hogtlagt.se\/halmstad\/en\/before-your-visit\/directions-to-the-climbingpark-in-karlstad\/#breadcrumb\"},\"inLanguage\":\"sv-SE\",\"potentialAction\":[{\"@type\":\"ReadAction\",\"target\":[\"https:\/\/hogtlagt.se\/halmstad\/en\/before-your-visit\/directions-to-the-climbingpark-in-karlstad\/\"]}]},{\"@type\":\"ImageObject\",\"inLanguage\":\"sv-SE\",\"@id\":\"https:\/\/hogtlagt.se\/halmstad\/en\/before-your-visit\/directions-to-the-climbingpark-in-karlstad\/#primaryimage\",\"url\":\"https:\/\/hogtlagt.se\/halmstad\/wp-content\/uploads\/sites\/19\/2023\/10\/Va\u0308gbeskrivning-1-scaled.jpg\",\"contentUrl\":\"https:\/\/hogtlagt.se\/halmstad\/wp-content\/uploads\/sites\/19\/2023\/10\/Va\u0308gbeskrivning-1-scaled.jpg\",\"width\":2560,\"height\":1920,\"caption\":\"Vacker bild p\u00e5 stig i parken d\u00e4r solen str\u00e5lar ner mellan tr\u00e4den\"},{\"@type\":\"BreadcrumbList\",\"@id\":\"https:\/\/hogtlagt.se\/halmstad\/en\/before-your-visit\/directions-to-the-climbingpark-in-karlstad\/#breadcrumb\",\"itemListElement\":[{\"@type\":\"ListItem\",\"position\":1,\"name\":\"Hem\",\"item\":\"https:\/\/hogtlagt.se\/halmstad\/\"},{\"@type\":\"ListItem\",\"position\":2,\"name\":\"Before your visit\",\"item\":\"https:\/\/hogtlagt.se\/halmstad\/en\/before-your-visit\/\"},{\"@type\":\"ListItem\",\"position\":3,\"name\":\"Directions to the climbingpark in Halmstad\"}]},{\"@type\":\"WebSite\",\"@id\":\"https:\/\/hogtlagt.se\/halmstad\/#website\",\"url\":\"https:\/\/hogtlagt.se\/halmstad\/\",\"name\":\"H\u00f6gt & L\u00e5gt Halmstad\",\"description\":\"\",\"potentialAction\":[{\"@type\":\"SearchAction\",\"target\":{\"@type\":\"EntryPoint\",\"urlTemplate\":\"https:\/\/hogtlagt.se\/halmstad\/?s={search_term_string}\"},\"query-input\":{\"@type\":\"PropertyValueSpecification\",\"valueRequired\":true,\"valueName\":\"search_term_string\"}}],\"inLanguage\":\"sv-SE\"}]}<\/script>\n<!-- \/ Yoast SEO plugin. -->","yoast_head_json":{"title":"Directions to the climbingpark in Halmstad - H\u00f6gt & L\u00e5gt Halmstad","robots":{"index":"index","follow":"follow","max-snippet":"max-snippet:-1","max-image-preview":"max-image-preview:large","max-video-preview":"max-video-preview:-1"},"canonical":"https:\/\/hogtlagt.se\/halmstad\/en\/before-your-visit\/directions-to-the-climbingpark-in-karlstad\/","og_locale":"sv_SE","og_type":"article","og_title":"Directions to the climbingpark in Halmstad - H\u00f6gt & L\u00e5gt Halmstad","og_description":"Here you find H\u00f6gt &amp; L\u00e5gt Halmstad:","og_url":"https:\/\/hogtlagt.se\/halmstad\/en\/before-your-visit\/directions-to-the-climbingpark-in-karlstad\/","og_site_name":"H\u00f6gt & L\u00e5gt Halmstad","article_modified_time":"2025-07-01T12:22:28+00:00","og_image":[{"width":2560,"height":1920,"url":"https:\/\/hogtlagt.se\/halmstad\/wp-content\/uploads\/sites\/19\/2023\/10\/Va\u0308gbeskrivning-1-scaled.jpg","type":"image\/jpeg"}],"twitter_card":"summary_large_image","twitter_misc":{"Ber\u00e4knad l\u00e4stid":"1 minut"},"schema":{"@context":"https:\/\/schema.org","@graph":[{"@type":"WebPage","@id":"https:\/\/hogtlagt.se\/halmstad\/en\/before-your-visit\/directions-to-the-climbingpark-in-karlstad\/","url":"https:\/\/hogtlagt.se\/halmstad\/en\/before-your-visit\/directions-to-the-climbingpark-in-karlstad\/","name":"Directions to the climbingpark in Halmstad - H\u00f6gt & L\u00e5gt Halmstad","isPartOf":{"@id":"https:\/\/hogtlagt.se\/halmstad\/#website"},"primaryImageOfPage":{"@id":"https:\/\/hogtlagt.se\/halmstad\/en\/before-your-visit\/directions-to-the-climbingpark-in-karlstad\/#primaryimage"},"image":{"@id":"https:\/\/hogtlagt.se\/halmstad\/en\/before-your-visit\/directions-to-the-climbingpark-in-karlstad\/#primaryimage"},"thumbnailUrl":"https:\/\/hogtlagt.se\/halmstad\/wp-content\/uploads\/sites\/19\/2023\/10\/Va\u0308gbeskrivning-1-scaled.jpg","datePublished":"2021-12-09T11:01:50+00:00","dateModified":"2025-07-01T12:22:28+00:00","breadcrumb":{"@id":"https:\/\/hogtlagt.se\/halmstad\/en\/before-your-visit\/directions-to-the-climbingpark-in-karlstad\/#breadcrumb"},"inLanguage":"sv-SE","potentialAction":[{"@type":"ReadAction","target":["https:\/\/hogtlagt.se\/halmstad\/en\/before-your-visit\/directions-to-the-climbingpark-in-karlstad\/"]}]},{"@type":"ImageObject","inLanguage":"sv-SE","@id":"https:\/\/hogtlagt.se\/halmstad\/en\/before-your-visit\/directions-to-the-climbingpark-in-karlstad\/#primaryimage","url":"https:\/\/hogtlagt.se\/halmstad\/wp-content\/uploads\/sites\/19\/2023\/10\/Va\u0308gbeskrivning-1-scaled.jpg","contentUrl":"https:\/\/hogtlagt.se\/halmstad\/wp-content\/uploads\/sites\/19\/2023\/10\/Va\u0308gbeskrivning-1-scaled.jpg","width":2560,"height":1920,"caption":"Vacker bild p\u00e5 stig i parken d\u00e4r solen str\u00e5lar ner mellan tr\u00e4den"},{"@type":"BreadcrumbList","@id":"https:\/\/hogtlagt.se\/halmstad\/en\/before-your-visit\/directions-to-the-climbingpark-in-karlstad\/#breadcrumb","itemListElement":[{"@type":"ListItem","position":1,"name":"Hem","item":"https:\/\/hogtlagt.se\/halmstad\/"},{"@type":"ListItem","position":2,"name":"Before your visit","item":"https:\/\/hogtlagt.se\/halmstad\/en\/before-your-visit\/"},{"@type":"ListItem","position":3,"name":"Directions to the climbingpark in Halmstad"}]},{"@type":"WebSite","@id":"https:\/\/hogtlagt.se\/halmstad\/#website","url":"https:\/\/hogtlagt.se\/halmstad\/","name":"H\u00f6gt & L\u00e5gt Halmstad","description":"","potentialAction":[{"@type":"SearchAction","target":{"@type":"EntryPoint","urlTemplate":"https:\/\/hogtlagt.se\/halmstad\/?s={search_term_string}"},"query-input":{"@type":"PropertyValueSpecification","valueRequired":true,"valueName":"search_term_string"}}],"inLanguage":"sv-SE"}]}},"_links":{"self":[{"href":"https:\/\/hogtlagt.se\/halmstad\/wp-json\/wp\/v2\/pages\/576","targetHints":{"allow":["GET"]}}],"collection":[{"href":"https:\/\/hogtlagt.se\/halmstad\/wp-json\/wp\/v2\/pages"}],"about":[{"href":"https:\/\/hogtlagt.se\/halmstad\/wp-json\/wp\/v2\/types\/page"}],"author":[{"embeddable":true,"href":"https:\/\/hogtlagt.se\/halmstad\/wp-json\/wp\/v2\/users\/6"}],"replies":[{"embeddable":true,"href":"https:\/\/hogtlagt.se\/halmstad\/wp-json\/wp\/v2\/comments?post=576"}],"version-history":[{"count":10,"href":"https:\/\/hogtlagt.se\/halmstad\/wp-json\/wp\/v2\/pages\/576\/revisions"}],"predecessor-version":[{"id":1648,"href":"https:\/\/hogtlagt.se\/halmstad\/wp-json\/wp\/v2\/pages\/576\/revisions\/1648"}],"up":[{"embeddable":true,"href":"https:\/\/hogtlagt.se\/halmstad\/wp-json\/wp\/v2\/pages\/541"}],"wp:featuredmedia":[{"embeddable":true,"href":"https:\/\/hogtlagt.se\/halmstad\/wp-json\/wp\/v2\/media\/1184"}],"wp:attachment":[{"href":"https:\/\/hogtlagt.se\/halmstad\/wp-json\/wp\/v2\/media?parent=576"}],"curies":[{"name":"wp","href":"https:\/\/api.w.org\/{rel}","templated":true}]}}