{"id":571,"date":"2021-12-09T11:09:44","date_gmt":"2021-12-09T10:09:44","guid":{"rendered":"https:\/\/hogtlagt.se\/halmstad\/?page_id=571"},"modified":"2025-04-06T18:48:44","modified_gmt":"2025-04-06T16:48:44","slug":"climbing-adventure-for-school-groups-in-karlstad","status":"publish","type":"page","link":"https:\/\/hogtlagt.se\/halmstad\/en\/climbing-park-for-groups-corporate-events-in-karlstad\/climbing-adventure-for-school-groups-in-karlstad\/","title":{"rendered":"Climbing &amp; Adventure for School Groups in Halmstad"},"content":{"rendered":"\n<div id=\"hero-block_cb678bca0678fe0a6c7100c2389597d2\" class=\"hero-block alignfull\">\n\n    <div class=\"hero-block__background\">\n                    <div class=\"hero-block__bg\">\n                                    <img decoding=\"async\" src=\"https:\/\/hogtlagt.se\/halmstad\/wp-content\/uploads\/sites\/19\/2022\/03\/hogtochlagt-01-low-2018-scaled.jpg\" alt=\"Tv\u00e5 kompisar h\u00e5ller om varandra och str\u00e4cker upp h\u00e4nderna i luften, de \u00e4r mycket n\u00f6jda med att ha klarat av banorna\">\n                            <\/div>\n            <\/div>\n\n    <div class=\"hero-block__content\">\n        <div class=\"acf-innerblocks-container\">\n\n<h1 class=\"wp-block-heading has-light-color has-text-color\" style=\"text-transform:none\">Climbing &amp; adventure for school groups in Halmstad<\/h1>\n\n<\/div>\n    <\/div>\n    <div class=\"hero-block__cta\">\n        \n            <\/div>\n    <div class=\"hero-block__scroll\">\n                    <button class=\"scroll-down\">\n                Scroll down!                <i class=\"icon-arrow\"><\/i>\n                        <\/button>\n    <\/div>\n<\/div>\n\n\n\n<div class=\"wp-block-columns is-layout-flex wp-container-core-columns-is-layout-28f84493 wp-block-columns-is-layout-flex\">\n<div class=\"wp-block-column is-layout-flow wp-block-column-is-layout-flow\">\n<p><strong>Do you want to do something fun for everyone in the class? Are you going on a field trip and want to do something superfun, challenging, exiting and something that encourages team work? Welcome to 2,5 hours of adventure at H\u00f6gt &amp; L\u00e5gt Halmstad.<\/strong><\/p>\n<\/div>\n\n\n\n<div class=\"wp-block-column is-layout-flow wp-block-column-is-layout-flow\">\n<figure class=\"wp-block-image aligncenter size-large is-resized\"><img loading=\"lazy\" decoding=\"async\" width=\"159\" height=\"146\" src=\"https:\/\/hogtlagt.se\/halmstad\/wp-content\/uploads\/sites\/19\/2023\/12\/Lager-114.svg\" alt=\"\" class=\"wp-image-1272\" style=\"width:207px;height:auto\"\/><\/figure>\n<\/div>\n<\/div>\n\n\n\n<div style=\"height:56px\" aria-hidden=\"true\" class=\"wp-block-spacer\"><\/div>\n\n\n\n<h2 class=\"wp-block-heading\">Climbing adventure for school groups<\/h2>\n\n\n\n<div id=\"rounded-box-block_cc16fe9fbec5ad5be11f17f38a59564a\" class=\"rounded-box-block rounded-box\">\n    <div class=\"rounded-box__inner image-right\">\n        <div class=\"acf-innerblocks-container\">\n\n<p>For school&nbsp;groups, in middle&nbsp;school&nbsp;and high school, we have a special offer where you and your class can come and climb at our park for 2,5 hours for only 260&nbsp;kr&nbsp;per student. The price includes everything&nbsp;you need&nbsp;such as&nbsp;entry and equipment.&nbsp;&nbsp;&nbsp;&nbsp;<\/p>\n\n\n\n<p>This offer is valid on&nbsp;weekdays during the semester.&nbsp;You can choose a day and time that suits you. Minimum to book or pay for is 16 students.&nbsp;We accept credit cards and&nbsp;swish&nbsp;at the park and we can also invoice.&nbsp;<\/p>\n\n\n\n<p><strong>Price:<\/strong>&nbsp;260:- per student.<\/p>\n\n\n\n<p>Minimum 16 students.<\/p>\n\n\n\n<p>In order to book, please send a request to <a href=\"mailto:halmstad@hogtlagt.se\">halmstad@hogtlagt.se<\/a><\/p>\n\n<\/div>\n                    <div class=\"rounded-box__img-wrapper\">\n                <img decoding=\"async\" class=\"rounded-box__img image-right\" src=\"https:\/\/hogtlagt.se\/halmstad\/wp-content\/uploads\/sites\/19\/2020\/03\/28I1394-stor-308438-scaled.jpg\" alt=\"\">\n            <\/div>\n            <\/div>\n<\/div>\n\n\n\n<div style=\"height:100px\" aria-hidden=\"true\" class=\"wp-block-spacer\"><\/div>\n\n\n\n<figure class=\"wp-block-image aligncenter size-large\"><img loading=\"lazy\" decoding=\"async\" width=\"1024\" height=\"683\" src=\"https:\/\/hogtlagt.se\/halmstad\/wp-content\/uploads\/sites\/19\/2023\/12\/Ungdom-zipline-scaled-1-1024x683.jpg\" alt=\"\" class=\"wp-image-1365\" srcset=\"https:\/\/hogtlagt.se\/halmstad\/wp-content\/uploads\/sites\/19\/2023\/12\/Ungdom-zipline-scaled-1-1024x683.jpg 1024w, https:\/\/hogtlagt.se\/halmstad\/wp-content\/uploads\/sites\/19\/2023\/12\/Ungdom-zipline-scaled-1-300x200.jpg 300w, https:\/\/hogtlagt.se\/halmstad\/wp-content\/uploads\/sites\/19\/2023\/12\/Ungdom-zipline-scaled-1-768x512.jpg 768w, https:\/\/hogtlagt.se\/halmstad\/wp-content\/uploads\/sites\/19\/2023\/12\/Ungdom-zipline-scaled-1-1536x1024.jpg 1536w, https:\/\/hogtlagt.se\/halmstad\/wp-content\/uploads\/sites\/19\/2023\/12\/Ungdom-zipline-scaled-1-2048x1366.jpg 2048w\" sizes=\"auto, (max-width: 1024px) 100vw, 1024px\" \/><\/figure>\n\n\n\n<div style=\"height:100px\" aria-hidden=\"true\" class=\"wp-block-spacer\"><\/div>\n\n\n\n<div class=\"wp-block-cover alignfull\" style=\"min-height:376px;aspect-ratio:unset;\"><span aria-hidden=\"true\" class=\"wp-block-cover__background has-background-dim\"><\/span><img loading=\"lazy\" decoding=\"async\" width=\"2048\" height=\"1365\" class=\"wp-block-cover__image-background wp-image-1278\" alt=\"\" src=\"https:\/\/hogtlagt.se\/halmstad\/wp-content\/uploads\/sites\/19\/2023\/12\/Hogt-Lagt-WEBB-1235.jpg\" style=\"object-position:50% 66%\" data-object-fit=\"cover\" data-object-position=\"50% 66%\" srcset=\"https:\/\/hogtlagt.se\/halmstad\/wp-content\/uploads\/sites\/19\/2023\/12\/Hogt-Lagt-WEBB-1235.jpg 2048w, https:\/\/hogtlagt.se\/halmstad\/wp-content\/uploads\/sites\/19\/2023\/12\/Hogt-Lagt-WEBB-1235-300x200.jpg 300w, https:\/\/hogtlagt.se\/halmstad\/wp-content\/uploads\/sites\/19\/2023\/12\/Hogt-Lagt-WEBB-1235-1024x683.jpg 1024w, https:\/\/hogtlagt.se\/halmstad\/wp-content\/uploads\/sites\/19\/2023\/12\/Hogt-Lagt-WEBB-1235-768x512.jpg 768w, https:\/\/hogtlagt.se\/halmstad\/wp-content\/uploads\/sites\/19\/2023\/12\/Hogt-Lagt-WEBB-1235-1536x1024.jpg 1536w\" sizes=\"auto, (max-width: 2048px) 100vw, 2048px\" \/><div class=\"wp-block-cover__inner-container has-global-padding is-layout-constrained wp-block-cover-is-layout-constrained\">\n<p class=\"has-text-align-center\" style=\"font-size:25px\">Everything we do stems from our fundamental values&nbsp;<em>Thorough, Safe, Innovative, Including<\/em>&nbsp;and&nbsp;<em>Challenging<\/em>. We are passionate, we work hard, we care about the experience of each single visitor, we take part in the development of this industry and we have SO much fun along the way!<\/p>\n<\/div><\/div>\n","protected":false},"excerpt":{"rendered":"<p>Do you want to do something fun for everyone in the class? Are you going on a field trip and want to do something superfun, challenging, exiting and something that&#8230;<\/p>\n","protected":false},"author":6,"featured_media":743,"parent":543,"menu_order":3,"comment_status":"closed","ping_status":"closed","template":"templates\/empty.php","meta":{"_acf_changed":false,"inline_featured_image":false,"footnotes":""},"class_list":["post-571","page","type-page","status-publish","has-post-thumbnail"],"acf":[],"yoast_head":"<!-- This site is optimized with the Yoast SEO plugin v26.1.1 - https:\/\/yoast.com\/wordpress\/plugins\/seo\/ -->\n<title>Adventure for the entire class!<\/title>\n<meta name=\"description\" content=\"Book a visit to the park for your school class. Three hours of adventure in six different courses. Fun for everyone from age 5 and up!\" \/>\n<meta name=\"robots\" content=\"index, follow, max-snippet:-1, max-image-preview:large, max-video-preview:-1\" \/>\n<link rel=\"canonical\" href=\"https:\/\/hogtlagt.se\/halmstad\/en\/climbing-park-for-groups-corporate-events-in-karlstad\/climbing-adventure-for-school-groups-in-karlstad\/\" \/>\n<meta property=\"og:locale\" content=\"sv_SE\" \/>\n<meta property=\"og:type\" content=\"article\" \/>\n<meta property=\"og:title\" content=\"Adventure for the entire class!\" \/>\n<meta property=\"og:description\" content=\"Book a visit to the park for your school class. Three hours of adventure in six different courses. Fun for everyone from age 5 and up!\" \/>\n<meta property=\"og:url\" content=\"https:\/\/hogtlagt.se\/halmstad\/en\/climbing-park-for-groups-corporate-events-in-karlstad\/climbing-adventure-for-school-groups-in-karlstad\/\" \/>\n<meta property=\"og:site_name\" content=\"H\u00f6gt &amp; L\u00e5gt Halmstad\" \/>\n<meta property=\"article:modified_time\" content=\"2025-04-06T16:48:44+00:00\" \/>\n<meta property=\"og:image\" content=\"https:\/\/hogtlagt.se\/halmstad\/wp-content\/uploads\/sites\/19\/2022\/03\/hogtochlagt-01-low-2018-scaled.jpg\" \/>\n\t<meta property=\"og:image:width\" content=\"2560\" \/>\n\t<meta property=\"og:image:height\" content=\"1707\" \/>\n\t<meta property=\"og:image:type\" content=\"image\/jpeg\" \/>\n<meta name=\"twitter:card\" content=\"summary_large_image\" \/>\n<meta name=\"twitter:label1\" content=\"Ber\u00e4knad l\u00e4stid\" \/>\n\t<meta name=\"twitter:data1\" content=\"2 minuter\" \/>\n<script type=\"application\/ld+json\" class=\"yoast-schema-graph\">{\"@context\":\"https:\/\/schema.org\",\"@graph\":[{\"@type\":\"WebPage\",\"@id\":\"https:\/\/hogtlagt.se\/halmstad\/en\/climbing-park-for-groups-corporate-events-in-karlstad\/climbing-adventure-for-school-groups-in-karlstad\/\",\"url\":\"https:\/\/hogtlagt.se\/halmstad\/en\/climbing-park-for-groups-corporate-events-in-karlstad\/climbing-adventure-for-school-groups-in-karlstad\/\",\"name\":\"Adventure for the entire class!\",\"isPartOf\":{\"@id\":\"https:\/\/hogtlagt.se\/halmstad\/#website\"},\"primaryImageOfPage\":{\"@id\":\"https:\/\/hogtlagt.se\/halmstad\/en\/climbing-park-for-groups-corporate-events-in-karlstad\/climbing-adventure-for-school-groups-in-karlstad\/#primaryimage\"},\"image\":{\"@id\":\"https:\/\/hogtlagt.se\/halmstad\/en\/climbing-park-for-groups-corporate-events-in-karlstad\/climbing-adventure-for-school-groups-in-karlstad\/#primaryimage\"},\"thumbnailUrl\":\"https:\/\/hogtlagt.se\/halmstad\/wp-content\/uploads\/sites\/19\/2022\/03\/hogtochlagt-01-low-2018-scaled.jpg\",\"datePublished\":\"2021-12-09T10:09:44+00:00\",\"dateModified\":\"2025-04-06T16:48:44+00:00\",\"description\":\"Book a visit to the park for your school class. Three hours of adventure in six different courses. Fun for everyone from age 5 and up!\",\"breadcrumb\":{\"@id\":\"https:\/\/hogtlagt.se\/halmstad\/en\/climbing-park-for-groups-corporate-events-in-karlstad\/climbing-adventure-for-school-groups-in-karlstad\/#breadcrumb\"},\"inLanguage\":\"sv-SE\",\"potentialAction\":[{\"@type\":\"ReadAction\",\"target\":[\"https:\/\/hogtlagt.se\/halmstad\/en\/climbing-park-for-groups-corporate-events-in-karlstad\/climbing-adventure-for-school-groups-in-karlstad\/\"]}]},{\"@type\":\"ImageObject\",\"inLanguage\":\"sv-SE\",\"@id\":\"https:\/\/hogtlagt.se\/halmstad\/en\/climbing-park-for-groups-corporate-events-in-karlstad\/climbing-adventure-for-school-groups-in-karlstad\/#primaryimage\",\"url\":\"https:\/\/hogtlagt.se\/halmstad\/wp-content\/uploads\/sites\/19\/2022\/03\/hogtochlagt-01-low-2018-scaled.jpg\",\"contentUrl\":\"https:\/\/hogtlagt.se\/halmstad\/wp-content\/uploads\/sites\/19\/2022\/03\/hogtochlagt-01-low-2018-scaled.jpg\",\"width\":2560,\"height\":1707,\"caption\":\"Tv\u00e5 kompisar h\u00e5ller om varandra och str\u00e4cker upp h\u00e4nderna i luften, de \u00e4r mycket n\u00f6jda med att ha klarat av banorna\"},{\"@type\":\"BreadcrumbList\",\"@id\":\"https:\/\/hogtlagt.se\/halmstad\/en\/climbing-park-for-groups-corporate-events-in-karlstad\/climbing-adventure-for-school-groups-in-karlstad\/#breadcrumb\",\"itemListElement\":[{\"@type\":\"ListItem\",\"position\":1,\"name\":\"Hem\",\"item\":\"https:\/\/hogtlagt.se\/halmstad\/\"},{\"@type\":\"ListItem\",\"position\":2,\"name\":\"Climbing park for Groups &#038; Corporate events in Karlstad\",\"item\":\"https:\/\/hogtlagt.se\/halmstad\/en\/climbing-park-for-groups-corporate-events-in-karlstad\/\"},{\"@type\":\"ListItem\",\"position\":3,\"name\":\"Climbing &amp; Adventure for School Groups in Halmstad\"}]},{\"@type\":\"WebSite\",\"@id\":\"https:\/\/hogtlagt.se\/halmstad\/#website\",\"url\":\"https:\/\/hogtlagt.se\/halmstad\/\",\"name\":\"H\u00f6gt & L\u00e5gt Halmstad\",\"description\":\"\",\"potentialAction\":[{\"@type\":\"SearchAction\",\"target\":{\"@type\":\"EntryPoint\",\"urlTemplate\":\"https:\/\/hogtlagt.se\/halmstad\/?s={search_term_string}\"},\"query-input\":{\"@type\":\"PropertyValueSpecification\",\"valueRequired\":true,\"valueName\":\"search_term_string\"}}],\"inLanguage\":\"sv-SE\"}]}<\/script>\n<!-- \/ Yoast SEO plugin. -->","yoast_head_json":{"title":"Adventure for the entire class!","description":"Book a visit to the park for your school class. Three hours of adventure in six different courses. Fun for everyone from age 5 and up!","robots":{"index":"index","follow":"follow","max-snippet":"max-snippet:-1","max-image-preview":"max-image-preview:large","max-video-preview":"max-video-preview:-1"},"canonical":"https:\/\/hogtlagt.se\/halmstad\/en\/climbing-park-for-groups-corporate-events-in-karlstad\/climbing-adventure-for-school-groups-in-karlstad\/","og_locale":"sv_SE","og_type":"article","og_title":"Adventure for the entire class!","og_description":"Book a visit to the park for your school class. Three hours of adventure in six different courses. Fun for everyone from age 5 and up!","og_url":"https:\/\/hogtlagt.se\/halmstad\/en\/climbing-park-for-groups-corporate-events-in-karlstad\/climbing-adventure-for-school-groups-in-karlstad\/","og_site_name":"H\u00f6gt & L\u00e5gt Halmstad","article_modified_time":"2025-04-06T16:48:44+00:00","og_image":[{"width":2560,"height":1707,"url":"https:\/\/hogtlagt.se\/halmstad\/wp-content\/uploads\/sites\/19\/2022\/03\/hogtochlagt-01-low-2018-scaled.jpg","type":"image\/jpeg"}],"twitter_card":"summary_large_image","twitter_misc":{"Ber\u00e4knad l\u00e4stid":"2 minuter"},"schema":{"@context":"https:\/\/schema.org","@graph":[{"@type":"WebPage","@id":"https:\/\/hogtlagt.se\/halmstad\/en\/climbing-park-for-groups-corporate-events-in-karlstad\/climbing-adventure-for-school-groups-in-karlstad\/","url":"https:\/\/hogtlagt.se\/halmstad\/en\/climbing-park-for-groups-corporate-events-in-karlstad\/climbing-adventure-for-school-groups-in-karlstad\/","name":"Adventure for the entire class!","isPartOf":{"@id":"https:\/\/hogtlagt.se\/halmstad\/#website"},"primaryImageOfPage":{"@id":"https:\/\/hogtlagt.se\/halmstad\/en\/climbing-park-for-groups-corporate-events-in-karlstad\/climbing-adventure-for-school-groups-in-karlstad\/#primaryimage"},"image":{"@id":"https:\/\/hogtlagt.se\/halmstad\/en\/climbing-park-for-groups-corporate-events-in-karlstad\/climbing-adventure-for-school-groups-in-karlstad\/#primaryimage"},"thumbnailUrl":"https:\/\/hogtlagt.se\/halmstad\/wp-content\/uploads\/sites\/19\/2022\/03\/hogtochlagt-01-low-2018-scaled.jpg","datePublished":"2021-12-09T10:09:44+00:00","dateModified":"2025-04-06T16:48:44+00:00","description":"Book a visit to the park for your school class. Three hours of adventure in six different courses. Fun for everyone from age 5 and up!","breadcrumb":{"@id":"https:\/\/hogtlagt.se\/halmstad\/en\/climbing-park-for-groups-corporate-events-in-karlstad\/climbing-adventure-for-school-groups-in-karlstad\/#breadcrumb"},"inLanguage":"sv-SE","potentialAction":[{"@type":"ReadAction","target":["https:\/\/hogtlagt.se\/halmstad\/en\/climbing-park-for-groups-corporate-events-in-karlstad\/climbing-adventure-for-school-groups-in-karlstad\/"]}]},{"@type":"ImageObject","inLanguage":"sv-SE","@id":"https:\/\/hogtlagt.se\/halmstad\/en\/climbing-park-for-groups-corporate-events-in-karlstad\/climbing-adventure-for-school-groups-in-karlstad\/#primaryimage","url":"https:\/\/hogtlagt.se\/halmstad\/wp-content\/uploads\/sites\/19\/2022\/03\/hogtochlagt-01-low-2018-scaled.jpg","contentUrl":"https:\/\/hogtlagt.se\/halmstad\/wp-content\/uploads\/sites\/19\/2022\/03\/hogtochlagt-01-low-2018-scaled.jpg","width":2560,"height":1707,"caption":"Tv\u00e5 kompisar h\u00e5ller om varandra och str\u00e4cker upp h\u00e4nderna i luften, de \u00e4r mycket n\u00f6jda med att ha klarat av banorna"},{"@type":"BreadcrumbList","@id":"https:\/\/hogtlagt.se\/halmstad\/en\/climbing-park-for-groups-corporate-events-in-karlstad\/climbing-adventure-for-school-groups-in-karlstad\/#breadcrumb","itemListElement":[{"@type":"ListItem","position":1,"name":"Hem","item":"https:\/\/hogtlagt.se\/halmstad\/"},{"@type":"ListItem","position":2,"name":"Climbing park for Groups &#038; Corporate events in Karlstad","item":"https:\/\/hogtlagt.se\/halmstad\/en\/climbing-park-for-groups-corporate-events-in-karlstad\/"},{"@type":"ListItem","position":3,"name":"Climbing &amp; Adventure for School Groups in Halmstad"}]},{"@type":"WebSite","@id":"https:\/\/hogtlagt.se\/halmstad\/#website","url":"https:\/\/hogtlagt.se\/halmstad\/","name":"H\u00f6gt & L\u00e5gt Halmstad","description":"","potentialAction":[{"@type":"SearchAction","target":{"@type":"EntryPoint","urlTemplate":"https:\/\/hogtlagt.se\/halmstad\/?s={search_term_string}"},"query-input":{"@type":"PropertyValueSpecification","valueRequired":true,"valueName":"search_term_string"}}],"inLanguage":"sv-SE"}]}},"_links":{"self":[{"href":"https:\/\/hogtlagt.se\/halmstad\/wp-json\/wp\/v2\/pages\/571","targetHints":{"allow":["GET"]}}],"collection":[{"href":"https:\/\/hogtlagt.se\/halmstad\/wp-json\/wp\/v2\/pages"}],"about":[{"href":"https:\/\/hogtlagt.se\/halmstad\/wp-json\/wp\/v2\/types\/page"}],"author":[{"embeddable":true,"href":"https:\/\/hogtlagt.se\/halmstad\/wp-json\/wp\/v2\/users\/6"}],"replies":[{"embeddable":true,"href":"https:\/\/hogtlagt.se\/halmstad\/wp-json\/wp\/v2\/comments?post=571"}],"version-history":[{"count":17,"href":"https:\/\/hogtlagt.se\/halmstad\/wp-json\/wp\/v2\/pages\/571\/revisions"}],"predecessor-version":[{"id":1604,"href":"https:\/\/hogtlagt.se\/halmstad\/wp-json\/wp\/v2\/pages\/571\/revisions\/1604"}],"up":[{"embeddable":true,"href":"https:\/\/hogtlagt.se\/halmstad\/wp-json\/wp\/v2\/pages\/543"}],"wp:featuredmedia":[{"embeddable":true,"href":"https:\/\/hogtlagt.se\/halmstad\/wp-json\/wp\/v2\/media\/743"}],"wp:attachment":[{"href":"https:\/\/hogtlagt.se\/halmstad\/wp-json\/wp\/v2\/media?parent=571"}],"curies":[{"name":"wp","href":"https:\/\/api.w.org\/{rel}","templated":true}]}}