{"id":33,"date":"2020-03-06T10:12:27","date_gmt":"2020-03-06T09:12:27","guid":{"rendered":"http:\/\/hogtlagt.se.hemsida.eu\/karlstad\/?page_id=33"},"modified":"2025-07-02T13:11:10","modified_gmt":"2025-07-02T11:11:10","slug":"kopvillkor","status":"publish","type":"page","link":"https:\/\/hogtlagt.se\/halmstad\/infor-besoket\/kopvillkor\/","title":{"rendered":"K\u00f6pvillkor"},"content":{"rendered":"\n<div class=\"wp-block-cover alignfull is-light\" style=\"min-height:600px;aspect-ratio:unset;\"><img loading=\"lazy\" decoding=\"async\" width=\"1920\" height=\"1280\" class=\"wp-block-cover__image-background wp-image-1163\" alt=\"\" src=\"https:\/\/hogtlagt.se\/halmstad\/wp-content\/uploads\/sites\/19\/2023\/10\/Ko\u0308pvillkor.jpg\" data-object-fit=\"cover\" srcset=\"https:\/\/hogtlagt.se\/halmstad\/wp-content\/uploads\/sites\/19\/2023\/10\/Ko\u0308pvillkor.jpg 1920w, https:\/\/hogtlagt.se\/halmstad\/wp-content\/uploads\/sites\/19\/2023\/10\/Ko\u0308pvillkor-300x200.jpg 300w, https:\/\/hogtlagt.se\/halmstad\/wp-content\/uploads\/sites\/19\/2023\/10\/Ko\u0308pvillkor-1024x683.jpg 1024w, https:\/\/hogtlagt.se\/halmstad\/wp-content\/uploads\/sites\/19\/2023\/10\/Ko\u0308pvillkor-768x512.jpg 768w, https:\/\/hogtlagt.se\/halmstad\/wp-content\/uploads\/sites\/19\/2023\/10\/Ko\u0308pvillkor-1536x1024.jpg 1536w\" sizes=\"auto, (max-width: 1920px) 100vw, 1920px\" \/><span aria-hidden=\"true\" class=\"wp-block-cover__background has-background-dim-30 has-background-dim\"><\/span><div class=\"wp-block-cover__inner-container has-global-padding is-layout-constrained wp-block-cover-is-layout-constrained\">\n<h2 class=\"wp-block-heading has-text-align-center has-light-color has-text-color\" style=\"font-size:55px\">V\u00e5ra boknings- och k\u00f6pvillkor<\/h2>\n<\/div><\/div>\n\n\n\n<div style=\"height:100px\" aria-hidden=\"true\" class=\"wp-block-spacer\"><\/div>\n\n\n\n<h2 class=\"wp-block-heading\">Generella villkor<\/h2>\n\n\n\n<p>H\u00f6gt &amp; L\u00e5gt Sverige f\u00f6rbeh\u00e5ller sig r\u00e4tten att \u00e4ndra eller avbryta evenemanget p\u00e5 grund av v\u00e4der eller f\u00f6rh\u00e5llanden som indikerar att det \u00e4r oansvarigt att \u00f6ppna parken.<\/p>\n\n\n\n<ul class=\"wp-block-list\">\n<li>Kunden \u00e4r skyldig att f\u00e5 information om v\u00e5ra s\u00e4kerhetsregler.<\/li>\n\n\n\n<li>Parken \u00e4r \u00f6ppen oavsett v\u00e4dret under s\u00e4songen. Under \u00e5ska och \/ eller mycket h\u00e5rda vindar, kan det vara n\u00f6dv\u00e4ndigt att st\u00e4nga av hela eller delar av parken pga v\u00e4dret. St\u00e4ngning sker tills ov\u00e4dret har passerat och parken anses vara s\u00e4ker igen.<\/li>\n<\/ul>\n\n\n\n<p><\/p>\n\n\n\n<h3 class=\"wp-block-heading\">Betalningsvillkor<\/h3>\n\n\n\n<ul class=\"wp-block-list\">\n<li>Vi accepterar <strong>ej kontanter<\/strong> men f\u00f6ljande kreditkort: Visa, Mastercard, Bank Acceptance.<\/li>\n\n\n\n<li>Vi accepterar swish som betalmetod i parken<\/li>\n<\/ul>\n\n\n\n<p><\/p>\n\n\n\n<h3 class=\"wp-block-heading\">Avbokningsvillkor och ombokningsskydd<\/h3>\n\n\n\n<ul class=\"wp-block-list\">\n<li>Biljetter som k\u00f6pts p\u00e5 internet \u00e5terbetalas <strong>inte<\/strong> och g\u00e4ller den dag och tid de best\u00e4lls till. Om du valt <strong>ombokningsgaranti<\/strong> som till\u00e4gg vid din bokning har du fram till 30 minuter f\u00f6re din bokade tid m\u00f6jlighet att boka om dag och tid f\u00f6r ditt bes\u00f6k.<\/li>\n\n\n\n<li>Det g\u00e5r inte att \u00e4ndra datumet om du inte valt ombokningsgarantin. <\/li>\n\n\n\n<li>Vid eventuell felbokning, ta kontakt med oss p\u00e5 mail eller telefon.<\/li>\n<\/ul>\n\n\n\n<p><\/p>\n\n\n\n<h3 class=\"wp-block-heading\">S\u00e4rskilt f\u00f6r online-handel<\/h3>\n\n\n\n<ul class=\"wp-block-list\">\n<li>Vi accepterar f\u00f6ljande kreditkort: Visa, Mastercard, Bank Acceptance.<\/li>\n\n\n\n<li>Vi accepterar swish som betalmetod vid onlinehandel<\/li>\n\n\n\n<li>Best\u00e4llningen \u00e4r bindande vid betalning av arrangemanget med bekr\u00e4ftad godk\u00e4nd transaktion.<\/li>\n\n\n\n<li>Kvittot, digitalt eller utskrift, f\u00f6r bokning m\u00e5ste tas med och visas upp vid ankomst till parken.<\/li>\n\n\n\n<li>Vid sjukdom\/skada som kan intygas av l\u00e4kare f\u00f6r en anm\u00e4ld deltagare, oavsett tid f\u00f6re evenemanget, finns det tre alternativ:\n<ul class=\"wp-block-list\">\n<li>Ombokning till ett annat datum f\u00f6r den enskilde eller hela gruppen.<\/li>\n\n\n\n<li>Tillgodokvitto\/presentkort f\u00f6r den enskildes biljett.<\/li>\n\n\n\n<li>\u00c5terbetalning, 90% av orderv\u00e4rdet f\u00f6r den enskildes biljett.<\/li>\n<\/ul>\n<\/li>\n<\/ul>\n\n\n\n<p><\/p>\n\n\n\n<h3 class=\"wp-block-heading\">S\u00e4kerhet<\/h3>\n\n\n\n<p>H\u00f6gt och l\u00e5gt aktivitetspark ansvarar f\u00f6r transaktioner via webbplatsen, som behandlas med SSL-kryptering.<\/p>\n\n\n\n<h3 class=\"wp-block-heading\">Personuppgifter<\/h3>\n\n\n\n<p>L\u00e4s om hur vi hanterar dina personuppgifter i v\u00e5r <a href=\"https:\/\/hogtlagt.se\/integritetspolicy\/\">integritetspolicy<\/a>.<\/p>\n\n\n\n<h2 class=\"wp-block-heading\">Villkor f\u00f6r gruppbokningar<\/h2>\n\n\n\n<p>Med gruppbokning menar vi ett antal om minst 12 personer.<\/p>\n\n\n\n<h3 class=\"wp-block-heading\">Betalningsvillkor f\u00f6r grupper<\/h3>\n\n\n\n<ul class=\"wp-block-list\">\n<li>Vi accepterar ej kontanter men f\u00f6ljande kreditkort: Visa, Mastercard, Bank Acceptance<\/li>\n\n\n\n<li>Det g\u00e5r att betala i f\u00f6rv\u00e4g genom betall\u00e4nk (kort eller swish) eller i parken i samband med bes\u00f6ket (kort eller swish) alternativt mot faktura som skickas ut efter bes\u00f6ket. <\/li>\n\n\n\n<li>Faktura kan f\u00e5s efter \u00f6verenskommelse och mot fakturaunderlag, betalningsvillkor inom 30 dagar.<\/li>\n<\/ul>\n\n\n\n<p><\/p>\n\n\n\n<h3 class=\"wp-block-heading\">Avbokningsvillkor f\u00f6r grupper<\/h3>\n\n\n\n<ul class=\"wp-block-list\">\n<li>Total avbokning gratis senast 5 dagar f\u00f6re evenemanget.<\/li>\n\n\n\n<li>Total avbokning 4 &#8211; 1 dagar f\u00f6re: fakturerar vi 1500 kr i administrationsavgift.<\/li>\n\n\n\n<li>Total avbokning samma dag: fakturerar vi 50% av det totala orderv\u00e4rdet.<\/li>\n\n\n\n<li>Mindre justeringar (+\/- 5 pers) av antalet deltagare \u00e4r gratis upp till 12 timmar innan evenemanget, men uppdatera oss kontinuerligt.<\/li>\n\n\n\n<li>Best\u00e4llda oanv\u00e4nda platser faktureras.&nbsp;<\/li>\n\n\n\n<li>F\u00f6r grupper \u00f6ver 60 personer g\u00e4ller egna villkor. Ta kontakt med oss f\u00f6r mer information!<\/li>\n<\/ul>\n\n\n\n<p>Vid avbokning m\u00e5ste bokningsbekr\u00e4ftelsen skickas per post eller via e-post till H\u00f6gt och L\u00e5gt Sverige AB med eventuella bilagor.<\/p>\n\n\n\n<div style=\"height:100px\" aria-hidden=\"true\" class=\"wp-block-spacer\"><\/div>\n\n\n\n<div class=\"wp-block-cover alignfull\" style=\"min-height:376px;aspect-ratio:unset;\"><img loading=\"lazy\" decoding=\"async\" width=\"2048\" height=\"1365\" class=\"wp-block-cover__image-background wp-image-1278\" alt=\"\" src=\"https:\/\/hogtlagt.se\/halmstad\/wp-content\/uploads\/sites\/19\/2023\/12\/Hogt-Lagt-WEBB-1235.jpg\" style=\"object-position:50% 66%\" data-object-fit=\"cover\" data-object-position=\"50% 66%\" srcset=\"https:\/\/hogtlagt.se\/halmstad\/wp-content\/uploads\/sites\/19\/2023\/12\/Hogt-Lagt-WEBB-1235.jpg 2048w, https:\/\/hogtlagt.se\/halmstad\/wp-content\/uploads\/sites\/19\/2023\/12\/Hogt-Lagt-WEBB-1235-300x200.jpg 300w, https:\/\/hogtlagt.se\/halmstad\/wp-content\/uploads\/sites\/19\/2023\/12\/Hogt-Lagt-WEBB-1235-1024x683.jpg 1024w, https:\/\/hogtlagt.se\/halmstad\/wp-content\/uploads\/sites\/19\/2023\/12\/Hogt-Lagt-WEBB-1235-768x512.jpg 768w, https:\/\/hogtlagt.se\/halmstad\/wp-content\/uploads\/sites\/19\/2023\/12\/Hogt-Lagt-WEBB-1235-1536x1024.jpg 1536w\" sizes=\"auto, (max-width: 2048px) 100vw, 2048px\" \/><span aria-hidden=\"true\" class=\"wp-block-cover__background has-background-dim\"><\/span><div class=\"wp-block-cover__inner-container has-global-padding is-layout-constrained wp-block-cover-is-layout-constrained\">\n<p class=\"has-text-align-center\" style=\"font-size:25px\">Allt vi g\u00f6r genomsyras av v\u00e5ra grundl\u00e4ggande v\u00e4rden&nbsp;<em>Genomarbetat, S\u00e4kert, Innovativt, Inkluderande<\/em>&nbsp;och&nbsp;<em>Utmanande.<\/em>&nbsp;Vi \u00e4r drivna, vi arbetar h\u00e5rt, vi brinner f\u00f6r varje kunds upplevelse, vi \u00e4r med och utvecklar branschen och vi har j\u00e4kligt roligt medans vi g\u00f6r det!<\/p>\n<\/div><\/div>\n","protected":false},"excerpt":{"rendered":"<p>Generella villkor H\u00f6gt &amp; L\u00e5gt Sverige f\u00f6rbeh\u00e5ller sig r\u00e4tten att \u00e4ndra eller avbryta evenemanget p\u00e5 grund av v\u00e4der eller f\u00f6rh\u00e5llanden som indikerar att det \u00e4r oansvarigt att \u00f6ppna parken. Betalningsvillkor&#8230;<\/p>\n","protected":false},"author":1,"featured_media":1194,"parent":21,"menu_order":7,"comment_status":"closed","ping_status":"closed","template":"templates\/empty.php","meta":{"_acf_changed":false,"inline_featured_image":false,"footnotes":""},"class_list":["post-33","page","type-page","status-publish","has-post-thumbnail"],"acf":[],"yoast_head":"<!-- This site is optimized with the Yoast SEO plugin v26.1.1 - https:\/\/yoast.com\/wordpress\/plugins\/seo\/ -->\n<title>K\u00f6pvillkor - H\u00f6gt &amp; L\u00e5gt Halmstad<\/title>\n<meta name=\"robots\" content=\"index, follow, max-snippet:-1, max-image-preview:large, max-video-preview:-1\" \/>\n<link rel=\"canonical\" href=\"https:\/\/hogtlagt.se\/halmstad\/infor-besoket\/kopvillkor\/\" \/>\n<meta property=\"og:locale\" content=\"sv_SE\" \/>\n<meta property=\"og:type\" content=\"article\" \/>\n<meta property=\"og:title\" content=\"K\u00f6pvillkor - H\u00f6gt &amp; L\u00e5gt Halmstad\" \/>\n<meta property=\"og:description\" content=\"Generella villkor H\u00f6gt &amp; L\u00e5gt Sverige f\u00f6rbeh\u00e5ller sig r\u00e4tten att \u00e4ndra eller avbryta evenemanget p\u00e5 grund av v\u00e4der eller f\u00f6rh\u00e5llanden som indikerar att det \u00e4r oansvarigt att \u00f6ppna parken. Betalningsvillkor...\" \/>\n<meta property=\"og:url\" content=\"https:\/\/hogtlagt.se\/halmstad\/infor-besoket\/kopvillkor\/\" \/>\n<meta property=\"og:site_name\" content=\"H\u00f6gt &amp; L\u00e5gt Halmstad\" \/>\n<meta property=\"article:modified_time\" content=\"2025-07-02T11:11:10+00:00\" \/>\n<meta property=\"og:image\" content=\"https:\/\/hogtlagt.se\/halmstad\/wp-content\/uploads\/sites\/19\/2023\/10\/Ko\u0308pvillkor-1.jpg\" \/>\n\t<meta property=\"og:image:width\" content=\"1920\" \/>\n\t<meta property=\"og:image:height\" content=\"1280\" \/>\n\t<meta property=\"og:image:type\" content=\"image\/jpeg\" \/>\n<meta name=\"twitter:card\" content=\"summary_large_image\" \/>\n<meta name=\"twitter:label1\" content=\"Ber\u00e4knad l\u00e4stid\" \/>\n\t<meta name=\"twitter:data1\" content=\"4 minuter\" \/>\n<script type=\"application\/ld+json\" class=\"yoast-schema-graph\">{\"@context\":\"https:\/\/schema.org\",\"@graph\":[{\"@type\":\"WebPage\",\"@id\":\"https:\/\/hogtlagt.se\/halmstad\/infor-besoket\/kopvillkor\/\",\"url\":\"https:\/\/hogtlagt.se\/halmstad\/infor-besoket\/kopvillkor\/\",\"name\":\"K\u00f6pvillkor - H\u00f6gt & L\u00e5gt Halmstad\",\"isPartOf\":{\"@id\":\"https:\/\/hogtlagt.se\/halmstad\/#website\"},\"primaryImageOfPage\":{\"@id\":\"https:\/\/hogtlagt.se\/halmstad\/infor-besoket\/kopvillkor\/#primaryimage\"},\"image\":{\"@id\":\"https:\/\/hogtlagt.se\/halmstad\/infor-besoket\/kopvillkor\/#primaryimage\"},\"thumbnailUrl\":\"https:\/\/hogtlagt.se\/halmstad\/wp-content\/uploads\/sites\/19\/2023\/10\/Ko\u0308pvillkor-1.jpg\",\"datePublished\":\"2020-03-06T09:12:27+00:00\",\"dateModified\":\"2025-07-02T11:11:10+00:00\",\"breadcrumb\":{\"@id\":\"https:\/\/hogtlagt.se\/halmstad\/infor-besoket\/kopvillkor\/#breadcrumb\"},\"inLanguage\":\"sv-SE\",\"potentialAction\":[{\"@type\":\"ReadAction\",\"target\":[\"https:\/\/hogtlagt.se\/halmstad\/infor-besoket\/kopvillkor\/\"]}]},{\"@type\":\"ImageObject\",\"inLanguage\":\"sv-SE\",\"@id\":\"https:\/\/hogtlagt.se\/halmstad\/infor-besoket\/kopvillkor\/#primaryimage\",\"url\":\"https:\/\/hogtlagt.se\/halmstad\/wp-content\/uploads\/sites\/19\/2023\/10\/Ko\u0308pvillkor-1.jpg\",\"contentUrl\":\"https:\/\/hogtlagt.se\/halmstad\/wp-content\/uploads\/sites\/19\/2023\/10\/Ko\u0308pvillkor-1.jpg\",\"width\":1920,\"height\":1280,\"caption\":\"Ungdomar kl\u00e4ttrar \u00f6ver ett hinder som best\u00e5r av vertikala br\u00e4dor och kl\u00e4ttergrepp\"},{\"@type\":\"BreadcrumbList\",\"@id\":\"https:\/\/hogtlagt.se\/halmstad\/infor-besoket\/kopvillkor\/#breadcrumb\",\"itemListElement\":[{\"@type\":\"ListItem\",\"position\":1,\"name\":\"Hem\",\"item\":\"https:\/\/hogtlagt.se\/halmstad\/\"},{\"@type\":\"ListItem\",\"position\":2,\"name\":\"Inf\u00f6r Bes\u00f6ket\",\"item\":\"https:\/\/hogtlagt.se\/halmstad\/infor-besoket\/\"},{\"@type\":\"ListItem\",\"position\":3,\"name\":\"K\u00f6pvillkor\"}]},{\"@type\":\"WebSite\",\"@id\":\"https:\/\/hogtlagt.se\/halmstad\/#website\",\"url\":\"https:\/\/hogtlagt.se\/halmstad\/\",\"name\":\"H\u00f6gt & L\u00e5gt Halmstad\",\"description\":\"\",\"potentialAction\":[{\"@type\":\"SearchAction\",\"target\":{\"@type\":\"EntryPoint\",\"urlTemplate\":\"https:\/\/hogtlagt.se\/halmstad\/?s={search_term_string}\"},\"query-input\":{\"@type\":\"PropertyValueSpecification\",\"valueRequired\":true,\"valueName\":\"search_term_string\"}}],\"inLanguage\":\"sv-SE\"}]}<\/script>\n<!-- \/ Yoast SEO plugin. -->","yoast_head_json":{"title":"K\u00f6pvillkor - H\u00f6gt & L\u00e5gt Halmstad","robots":{"index":"index","follow":"follow","max-snippet":"max-snippet:-1","max-image-preview":"max-image-preview:large","max-video-preview":"max-video-preview:-1"},"canonical":"https:\/\/hogtlagt.se\/halmstad\/infor-besoket\/kopvillkor\/","og_locale":"sv_SE","og_type":"article","og_title":"K\u00f6pvillkor - H\u00f6gt & L\u00e5gt Halmstad","og_description":"Generella villkor H\u00f6gt &amp; L\u00e5gt Sverige f\u00f6rbeh\u00e5ller sig r\u00e4tten att \u00e4ndra eller avbryta evenemanget p\u00e5 grund av v\u00e4der eller f\u00f6rh\u00e5llanden som indikerar att det \u00e4r oansvarigt att \u00f6ppna parken. Betalningsvillkor...","og_url":"https:\/\/hogtlagt.se\/halmstad\/infor-besoket\/kopvillkor\/","og_site_name":"H\u00f6gt & L\u00e5gt Halmstad","article_modified_time":"2025-07-02T11:11:10+00:00","og_image":[{"width":1920,"height":1280,"url":"https:\/\/hogtlagt.se\/halmstad\/wp-content\/uploads\/sites\/19\/2023\/10\/Ko\u0308pvillkor-1.jpg","type":"image\/jpeg"}],"twitter_card":"summary_large_image","twitter_misc":{"Ber\u00e4knad l\u00e4stid":"4 minuter"},"schema":{"@context":"https:\/\/schema.org","@graph":[{"@type":"WebPage","@id":"https:\/\/hogtlagt.se\/halmstad\/infor-besoket\/kopvillkor\/","url":"https:\/\/hogtlagt.se\/halmstad\/infor-besoket\/kopvillkor\/","name":"K\u00f6pvillkor - H\u00f6gt & L\u00e5gt Halmstad","isPartOf":{"@id":"https:\/\/hogtlagt.se\/halmstad\/#website"},"primaryImageOfPage":{"@id":"https:\/\/hogtlagt.se\/halmstad\/infor-besoket\/kopvillkor\/#primaryimage"},"image":{"@id":"https:\/\/hogtlagt.se\/halmstad\/infor-besoket\/kopvillkor\/#primaryimage"},"thumbnailUrl":"https:\/\/hogtlagt.se\/halmstad\/wp-content\/uploads\/sites\/19\/2023\/10\/Ko\u0308pvillkor-1.jpg","datePublished":"2020-03-06T09:12:27+00:00","dateModified":"2025-07-02T11:11:10+00:00","breadcrumb":{"@id":"https:\/\/hogtlagt.se\/halmstad\/infor-besoket\/kopvillkor\/#breadcrumb"},"inLanguage":"sv-SE","potentialAction":[{"@type":"ReadAction","target":["https:\/\/hogtlagt.se\/halmstad\/infor-besoket\/kopvillkor\/"]}]},{"@type":"ImageObject","inLanguage":"sv-SE","@id":"https:\/\/hogtlagt.se\/halmstad\/infor-besoket\/kopvillkor\/#primaryimage","url":"https:\/\/hogtlagt.se\/halmstad\/wp-content\/uploads\/sites\/19\/2023\/10\/Ko\u0308pvillkor-1.jpg","contentUrl":"https:\/\/hogtlagt.se\/halmstad\/wp-content\/uploads\/sites\/19\/2023\/10\/Ko\u0308pvillkor-1.jpg","width":1920,"height":1280,"caption":"Ungdomar kl\u00e4ttrar \u00f6ver ett hinder som best\u00e5r av vertikala br\u00e4dor och kl\u00e4ttergrepp"},{"@type":"BreadcrumbList","@id":"https:\/\/hogtlagt.se\/halmstad\/infor-besoket\/kopvillkor\/#breadcrumb","itemListElement":[{"@type":"ListItem","position":1,"name":"Hem","item":"https:\/\/hogtlagt.se\/halmstad\/"},{"@type":"ListItem","position":2,"name":"Inf\u00f6r Bes\u00f6ket","item":"https:\/\/hogtlagt.se\/halmstad\/infor-besoket\/"},{"@type":"ListItem","position":3,"name":"K\u00f6pvillkor"}]},{"@type":"WebSite","@id":"https:\/\/hogtlagt.se\/halmstad\/#website","url":"https:\/\/hogtlagt.se\/halmstad\/","name":"H\u00f6gt & L\u00e5gt Halmstad","description":"","potentialAction":[{"@type":"SearchAction","target":{"@type":"EntryPoint","urlTemplate":"https:\/\/hogtlagt.se\/halmstad\/?s={search_term_string}"},"query-input":{"@type":"PropertyValueSpecification","valueRequired":true,"valueName":"search_term_string"}}],"inLanguage":"sv-SE"}]}},"_links":{"self":[{"href":"https:\/\/hogtlagt.se\/halmstad\/wp-json\/wp\/v2\/pages\/33","targetHints":{"allow":["GET"]}}],"collection":[{"href":"https:\/\/hogtlagt.se\/halmstad\/wp-json\/wp\/v2\/pages"}],"about":[{"href":"https:\/\/hogtlagt.se\/halmstad\/wp-json\/wp\/v2\/types\/page"}],"author":[{"embeddable":true,"href":"https:\/\/hogtlagt.se\/halmstad\/wp-json\/wp\/v2\/users\/1"}],"replies":[{"embeddable":true,"href":"https:\/\/hogtlagt.se\/halmstad\/wp-json\/wp\/v2\/comments?post=33"}],"version-history":[{"count":10,"href":"https:\/\/hogtlagt.se\/halmstad\/wp-json\/wp\/v2\/pages\/33\/revisions"}],"predecessor-version":[{"id":1653,"href":"https:\/\/hogtlagt.se\/halmstad\/wp-json\/wp\/v2\/pages\/33\/revisions\/1653"}],"up":[{"embeddable":true,"href":"https:\/\/hogtlagt.se\/halmstad\/wp-json\/wp\/v2\/pages\/21"}],"wp:featuredmedia":[{"embeddable":true,"href":"https:\/\/hogtlagt.se\/halmstad\/wp-json\/wp\/v2\/media\/1194"}],"wp:attachment":[{"href":"https:\/\/hogtlagt.se\/halmstad\/wp-json\/wp\/v2\/media?parent=33"}],"curies":[{"name":"wp","href":"https:\/\/api.w.org\/{rel}","templated":true}]}}