{"id":606,"date":"2021-12-07T15:22:38","date_gmt":"2021-12-07T14:22:38","guid":{"rendered":"https:\/\/hogtlagt.se\/gotland\/?page_id=606"},"modified":"2023-12-29T15:59:24","modified_gmt":"2023-12-29T14:59:24","slug":"directions-to-the-climbingpark-in-gotland","status":"publish","type":"page","link":"https:\/\/hogtlagt.se\/gotland\/en\/before-your-visit\/directions-to-the-climbingpark-in-gotland\/","title":{"rendered":"Directions to the climbingpark in Gotland"},"content":{"rendered":"\n<div class=\"wp-block-cover alignfull\" style=\"min-height:600px;aspect-ratio:unset;\"><span aria-hidden=\"true\" class=\"wp-block-cover__background has-background-dim-20 has-background-dim\"><\/span><img loading=\"lazy\" decoding=\"async\" width=\"2560\" height=\"1920\" class=\"wp-block-cover__image-background wp-image-1832\" alt=\"\" src=\"https:\/\/hogtlagt.se\/gotland\/wp-content\/uploads\/sites\/16\/2023\/10\/Va\u0308gbeskrivning-1-scaled.jpg\" style=\"object-position:55% 75%\" data-object-fit=\"cover\" data-object-position=\"55% 75%\" srcset=\"https:\/\/hogtlagt.se\/gotland\/wp-content\/uploads\/sites\/16\/2023\/10\/Va\u0308gbeskrivning-1-scaled.jpg 2560w, https:\/\/hogtlagt.se\/gotland\/wp-content\/uploads\/sites\/16\/2023\/10\/Va\u0308gbeskrivning-1-300x225.jpg 300w, https:\/\/hogtlagt.se\/gotland\/wp-content\/uploads\/sites\/16\/2023\/10\/Va\u0308gbeskrivning-1-1024x768.jpg 1024w, https:\/\/hogtlagt.se\/gotland\/wp-content\/uploads\/sites\/16\/2023\/10\/Va\u0308gbeskrivning-1-768x576.jpg 768w, https:\/\/hogtlagt.se\/gotland\/wp-content\/uploads\/sites\/16\/2023\/10\/Va\u0308gbeskrivning-1-1536x1152.jpg 1536w, https:\/\/hogtlagt.se\/gotland\/wp-content\/uploads\/sites\/16\/2023\/10\/Va\u0308gbeskrivning-1-2048x1536.jpg 2048w\" sizes=\"auto, (max-width: 2560px) 100vw, 2560px\" \/><div class=\"wp-block-cover__inner-container has-global-padding is-layout-constrained wp-block-cover-is-layout-constrained\">\n<h2 class=\"wp-block-heading has-text-align-center\" style=\"font-size:55px\">Find us<\/h2>\n<\/div><\/div>\n\n\n\n<div style=\"height:100px\" aria-hidden=\"true\" class=\"wp-block-spacer\"><\/div>\n\n\n\n<h2 class=\"wp-block-heading has-medium-font-size\">Here you find H\u00f6gt &amp; L\u00e5gt Gotland:<\/h2>\n\n\n\n    <div class=\"icon-list\">\n\n            \n        <div class=\"icon-list-item\">\n            <div class=\"il-img\">\n                <img decoding=\"async\" src=\"https:\/\/hogtlagt.se\/gotland\/wp-content\/uploads\/sites\/16\/2020\/03\/HL-ikon-11.svg\" class=\"attachment-icon size-icon\" alt=\"\" \/>            <\/div>\n            <div class=\"icon-list-content\">\n                <h3>Adress<\/h3>\n                <p><span class=\"TextRun SCXW46349265 BCX0\" lang=\"EN-GB\" xml:lang=\"EN-GB\" data-contrast=\"auto\"><span class=\"NormalTextRun SCXW46349265 BCX0\">You<\/span><span class=\"NormalTextRun SCXW46349265 BCX0\">\u00a0<\/span><span class=\"NormalTextRun SCXW46349265 BCX0\">find<\/span><span class=\"NormalTextRun SCXW46349265 BCX0\">\u00a0<\/span><span class=\"NormalTextRun SCXW46349265 BCX0\">us<\/span><span class=\"NormalTextRun SCXW46349265 BCX0\">\u00a0at:\u00a0<\/span><\/span><span class=\"LineBreakBlob BlobObject DragDrop SCXW46349265 BCX0\"><span class=\"SCXW46349265 BCX0\">\u00a0<\/span><br class=\"SCXW46349265 BCX0\" \/><\/span><span class=\"TextRun SCXW46349265 BCX0\" lang=\"EN-GB\" xml:lang=\"EN-GB\" data-contrast=\"auto\"><span class=\"NormalTextRun SCXW46349265 BCX0\">Klinte Varvsholm 601, 623 79 Klintehamn<\/span><\/span><\/p>\n            <\/div>\n        <\/div>\n\n                    <hr>\n                    \n        <div class=\"icon-list-item\">\n            <div class=\"il-img\">\n                <img decoding=\"async\" src=\"https:\/\/hogtlagt.se\/gotland\/wp-content\/uploads\/sites\/16\/2020\/03\/HL-ikon-11.svg\" class=\"attachment-icon size-icon\" alt=\"\" \/>            <\/div>\n            <div class=\"icon-list-content\">\n                <h3>Map<\/h3>\n                <p><a href=\"https:\/\/www.google.com\/maps\/place\/H%C3%B6gt+%26+L%C3%A5gt+Gotland\/@57.3948802,18.1920967,17z\/data=!4m6!3m5!1s0x46f79fd7a934c093:0x300c182e8fba84a9!8m2!3d57.394305!4d18.1925259!16s%2Fg%2F11svs93n0k?entry=ttu\" target=\"_blank\" rel=\"noreferrer noopener\">Google Maps<\/a><\/p>\n            <\/div>\n        <\/div>\n\n                    <hr>\n                    \n        <div class=\"icon-list-item\">\n            <div class=\"il-img\">\n                <img decoding=\"async\" src=\"https:\/\/hogtlagt.se\/gotland\/wp-content\/uploads\/sites\/16\/2020\/03\/HL-ikon-11.svg\" class=\"attachment-icon size-icon\" alt=\"\" \/>            <\/div>\n            <div class=\"icon-list-content\">\n                <h3>By car<\/h3>\n                <p>When you come driving on road 140 you turn at the sign that says &#8221;Warfsholm&#8221;, it will be to your right if you come from the north and left if you come from the south (from Klintehamn). You then park at the large parking space on your lefthand side, and after that you have a five minute walk to the park, follow the signs.<\/p>\n            <\/div>\n        <\/div>\n\n                    <hr>\n                    \n        <div class=\"icon-list-item\">\n            <div class=\"il-img\">\n                <img decoding=\"async\" src=\"https:\/\/hogtlagt.se\/gotland\/wp-content\/uploads\/sites\/16\/2020\/03\/HL-ikon-11.svg\" class=\"attachment-icon size-icon\" alt=\"\" \/>            <\/div>\n            <div class=\"icon-list-content\">\n                <h3>By bus<\/h3>\n                <p>If you come by bus (no 10) you get off at &#8221;Varvsholm&#8221; and then just follow the signs to the park, it is a five minute walk from the bus stop.<\/p>\n            <\/div>\n        <\/div>\n\n                    <hr>\n            \n    <\/div>\n\n    \n\n\n<div style=\"height:100px\" aria-hidden=\"true\" class=\"wp-block-spacer\"><\/div>\n\n\n\n<div class=\"wp-block-cover alignfull\" style=\"min-height:376px;aspect-ratio:unset;\"><span aria-hidden=\"true\" class=\"wp-block-cover__background has-background-dim\"><\/span><img loading=\"lazy\" decoding=\"async\" width=\"2048\" height=\"1365\" class=\"wp-block-cover__image-background wp-image-1934\" alt=\"\" src=\"https:\/\/hogtlagt.se\/gotland\/wp-content\/uploads\/sites\/16\/2023\/12\/Hogt-Lagt-WEBB-1235.jpg\" style=\"object-position:50% 66%\" data-object-fit=\"cover\" data-object-position=\"50% 66%\" srcset=\"https:\/\/hogtlagt.se\/gotland\/wp-content\/uploads\/sites\/16\/2023\/12\/Hogt-Lagt-WEBB-1235.jpg 2048w, https:\/\/hogtlagt.se\/gotland\/wp-content\/uploads\/sites\/16\/2023\/12\/Hogt-Lagt-WEBB-1235-300x200.jpg 300w, https:\/\/hogtlagt.se\/gotland\/wp-content\/uploads\/sites\/16\/2023\/12\/Hogt-Lagt-WEBB-1235-1024x683.jpg 1024w, https:\/\/hogtlagt.se\/gotland\/wp-content\/uploads\/sites\/16\/2023\/12\/Hogt-Lagt-WEBB-1235-768x512.jpg 768w, https:\/\/hogtlagt.se\/gotland\/wp-content\/uploads\/sites\/16\/2023\/12\/Hogt-Lagt-WEBB-1235-1536x1024.jpg 1536w\" sizes=\"auto, (max-width: 2048px) 100vw, 2048px\" \/><div class=\"wp-block-cover__inner-container has-global-padding is-layout-constrained wp-block-cover-is-layout-constrained\">\n<p class=\"has-text-align-center\" style=\"font-size:25px\">Everything we do stems from our fundamental values\u00a0<em>Thorough, Safe, Innovative, Including<\/em>\u00a0and\u00a0<em>Challenging<\/em>. We are passionate, we work hard, we care about the experience of each single visitor, we take part in the development of this industry and we have SO much fun along the way!<\/p>\n<\/div><\/div>\n","protected":false},"excerpt":{"rendered":"<p>Here you find H\u00f6gt &amp; L\u00e5gt Gotland:<\/p>\n","protected":false},"author":6,"featured_media":187,"parent":593,"menu_order":3,"comment_status":"closed","ping_status":"closed","template":"templates\/empty.php","meta":{"_acf_changed":false,"inline_featured_image":false,"footnotes":""},"class_list":["post-606","page","type-page","status-publish","has-post-thumbnail"],"acf":[],"yoast_head":"<!-- This site is optimized with the Yoast SEO plugin v26.1.1 - https:\/\/yoast.com\/wordpress\/plugins\/seo\/ -->\n<title>Directions to the climbingpark in Gotland - H\u00f6gt &amp; L\u00e5gt Gotland - Klintehamn<\/title>\n<meta name=\"description\" content=\"H\u00e4r hittar du v\u00e5r adress och v\u00e4gbeskrivningen f\u00f6r att komma r\u00e4tt. Du kan ta dig hit med bil, t\u00e5g eller buss.\" \/>\n<meta name=\"robots\" content=\"index, follow, max-snippet:-1, max-image-preview:large, max-video-preview:-1\" \/>\n<link rel=\"canonical\" href=\"https:\/\/hogtlagt.se\/gotland\/en\/before-your-visit\/directions-to-the-climbingpark-in-gotland\/\" \/>\n<meta property=\"og:locale\" content=\"sv_SE\" \/>\n<meta property=\"og:type\" content=\"article\" \/>\n<meta property=\"og:title\" content=\"Directions to the climbingpark in Gotland - H\u00f6gt &amp; L\u00e5gt Gotland - Klintehamn\" \/>\n<meta property=\"og:description\" content=\"H\u00e4r hittar du v\u00e5r adress och v\u00e4gbeskrivningen f\u00f6r att komma r\u00e4tt. Du kan ta dig hit med bil, t\u00e5g eller buss.\" \/>\n<meta property=\"og:url\" content=\"https:\/\/hogtlagt.se\/gotland\/en\/before-your-visit\/directions-to-the-climbingpark-in-gotland\/\" \/>\n<meta property=\"og:site_name\" content=\"H\u00f6gt &amp; L\u00e5gt Gotland - Klintehamn\" \/>\n<meta property=\"article:modified_time\" content=\"2023-12-29T14:59:24+00:00\" \/>\n<meta property=\"og:image\" content=\"https:\/\/hogtlagt.se\/gotland\/wp-content\/uploads\/sites\/16\/2020\/03\/28I1093-stor-308440-scaled.jpg\" \/>\n\t<meta property=\"og:image:width\" content=\"2560\" \/>\n\t<meta property=\"og:image:height\" content=\"1707\" \/>\n\t<meta property=\"og:image:type\" content=\"image\/jpeg\" \/>\n<meta name=\"twitter:card\" content=\"summary_large_image\" \/>\n<meta name=\"twitter:label1\" content=\"Ber\u00e4knad l\u00e4stid\" \/>\n\t<meta name=\"twitter:data1\" content=\"1 minut\" \/>\n<script type=\"application\/ld+json\" class=\"yoast-schema-graph\">{\"@context\":\"https:\/\/schema.org\",\"@graph\":[{\"@type\":\"WebPage\",\"@id\":\"https:\/\/hogtlagt.se\/gotland\/en\/before-your-visit\/directions-to-the-climbingpark-in-gotland\/\",\"url\":\"https:\/\/hogtlagt.se\/gotland\/en\/before-your-visit\/directions-to-the-climbingpark-in-gotland\/\",\"name\":\"Directions to the climbingpark in Gotland - H\u00f6gt &amp; L\u00e5gt Gotland - Klintehamn\",\"isPartOf\":{\"@id\":\"https:\/\/hogtlagt.se\/gotland\/#website\"},\"primaryImageOfPage\":{\"@id\":\"https:\/\/hogtlagt.se\/gotland\/en\/before-your-visit\/directions-to-the-climbingpark-in-gotland\/#primaryimage\"},\"image\":{\"@id\":\"https:\/\/hogtlagt.se\/gotland\/en\/before-your-visit\/directions-to-the-climbingpark-in-gotland\/#primaryimage\"},\"thumbnailUrl\":\"https:\/\/hogtlagt.se\/gotland\/wp-content\/uploads\/sites\/16\/2020\/03\/28I1093-stor-308440-scaled.jpg\",\"datePublished\":\"2021-12-07T14:22:38+00:00\",\"dateModified\":\"2023-12-29T14:59:24+00:00\",\"description\":\"H\u00e4r hittar du v\u00e5r adress och v\u00e4gbeskrivningen f\u00f6r att komma r\u00e4tt. Du kan ta dig hit med bil, t\u00e5g eller buss.\",\"breadcrumb\":{\"@id\":\"https:\/\/hogtlagt.se\/gotland\/en\/before-your-visit\/directions-to-the-climbingpark-in-gotland\/#breadcrumb\"},\"inLanguage\":\"sv-SE\",\"potentialAction\":[{\"@type\":\"ReadAction\",\"target\":[\"https:\/\/hogtlagt.se\/gotland\/en\/before-your-visit\/directions-to-the-climbingpark-in-gotland\/\"]}]},{\"@type\":\"ImageObject\",\"inLanguage\":\"sv-SE\",\"@id\":\"https:\/\/hogtlagt.se\/gotland\/en\/before-your-visit\/directions-to-the-climbingpark-in-gotland\/#primaryimage\",\"url\":\"https:\/\/hogtlagt.se\/gotland\/wp-content\/uploads\/sites\/16\/2020\/03\/28I1093-stor-308440-scaled.jpg\",\"contentUrl\":\"https:\/\/hogtlagt.se\/gotland\/wp-content\/uploads\/sites\/16\/2020\/03\/28I1093-stor-308440-scaled.jpg\",\"width\":2560,\"height\":1707},{\"@type\":\"BreadcrumbList\",\"@id\":\"https:\/\/hogtlagt.se\/gotland\/en\/before-your-visit\/directions-to-the-climbingpark-in-gotland\/#breadcrumb\",\"itemListElement\":[{\"@type\":\"ListItem\",\"position\":1,\"name\":\"Hem\",\"item\":\"https:\/\/hogtlagt.se\/gotland\/\"},{\"@type\":\"ListItem\",\"position\":2,\"name\":\"Before your visit\",\"item\":\"https:\/\/hogtlagt.se\/gotland\/en\/before-your-visit\/\"},{\"@type\":\"ListItem\",\"position\":3,\"name\":\"Directions to the climbingpark in Gotland\"}]},{\"@type\":\"WebSite\",\"@id\":\"https:\/\/hogtlagt.se\/gotland\/#website\",\"url\":\"https:\/\/hogtlagt.se\/gotland\/\",\"name\":\"H\u00f6gt &amp; L\u00e5gt Gotland - Klintehamn\",\"description\":\"\",\"potentialAction\":[{\"@type\":\"SearchAction\",\"target\":{\"@type\":\"EntryPoint\",\"urlTemplate\":\"https:\/\/hogtlagt.se\/gotland\/?s={search_term_string}\"},\"query-input\":{\"@type\":\"PropertyValueSpecification\",\"valueRequired\":true,\"valueName\":\"search_term_string\"}}],\"inLanguage\":\"sv-SE\"}]}<\/script>\n<!-- \/ Yoast SEO plugin. -->","yoast_head_json":{"title":"Directions to the climbingpark in Gotland - H\u00f6gt &amp; L\u00e5gt Gotland - Klintehamn","description":"H\u00e4r hittar du v\u00e5r adress och v\u00e4gbeskrivningen f\u00f6r att komma r\u00e4tt. Du kan ta dig hit med bil, t\u00e5g eller buss.","robots":{"index":"index","follow":"follow","max-snippet":"max-snippet:-1","max-image-preview":"max-image-preview:large","max-video-preview":"max-video-preview:-1"},"canonical":"https:\/\/hogtlagt.se\/gotland\/en\/before-your-visit\/directions-to-the-climbingpark-in-gotland\/","og_locale":"sv_SE","og_type":"article","og_title":"Directions to the climbingpark in Gotland - H\u00f6gt &amp; L\u00e5gt Gotland - Klintehamn","og_description":"H\u00e4r hittar du v\u00e5r adress och v\u00e4gbeskrivningen f\u00f6r att komma r\u00e4tt. Du kan ta dig hit med bil, t\u00e5g eller buss.","og_url":"https:\/\/hogtlagt.se\/gotland\/en\/before-your-visit\/directions-to-the-climbingpark-in-gotland\/","og_site_name":"H\u00f6gt &amp; L\u00e5gt Gotland - Klintehamn","article_modified_time":"2023-12-29T14:59:24+00:00","og_image":[{"width":2560,"height":1707,"url":"https:\/\/hogtlagt.se\/gotland\/wp-content\/uploads\/sites\/16\/2020\/03\/28I1093-stor-308440-scaled.jpg","type":"image\/jpeg"}],"twitter_card":"summary_large_image","twitter_misc":{"Ber\u00e4knad l\u00e4stid":"1 minut"},"schema":{"@context":"https:\/\/schema.org","@graph":[{"@type":"WebPage","@id":"https:\/\/hogtlagt.se\/gotland\/en\/before-your-visit\/directions-to-the-climbingpark-in-gotland\/","url":"https:\/\/hogtlagt.se\/gotland\/en\/before-your-visit\/directions-to-the-climbingpark-in-gotland\/","name":"Directions to the climbingpark in Gotland - H\u00f6gt &amp; L\u00e5gt Gotland - Klintehamn","isPartOf":{"@id":"https:\/\/hogtlagt.se\/gotland\/#website"},"primaryImageOfPage":{"@id":"https:\/\/hogtlagt.se\/gotland\/en\/before-your-visit\/directions-to-the-climbingpark-in-gotland\/#primaryimage"},"image":{"@id":"https:\/\/hogtlagt.se\/gotland\/en\/before-your-visit\/directions-to-the-climbingpark-in-gotland\/#primaryimage"},"thumbnailUrl":"https:\/\/hogtlagt.se\/gotland\/wp-content\/uploads\/sites\/16\/2020\/03\/28I1093-stor-308440-scaled.jpg","datePublished":"2021-12-07T14:22:38+00:00","dateModified":"2023-12-29T14:59:24+00:00","description":"H\u00e4r hittar du v\u00e5r adress och v\u00e4gbeskrivningen f\u00f6r att komma r\u00e4tt. Du kan ta dig hit med bil, t\u00e5g eller buss.","breadcrumb":{"@id":"https:\/\/hogtlagt.se\/gotland\/en\/before-your-visit\/directions-to-the-climbingpark-in-gotland\/#breadcrumb"},"inLanguage":"sv-SE","potentialAction":[{"@type":"ReadAction","target":["https:\/\/hogtlagt.se\/gotland\/en\/before-your-visit\/directions-to-the-climbingpark-in-gotland\/"]}]},{"@type":"ImageObject","inLanguage":"sv-SE","@id":"https:\/\/hogtlagt.se\/gotland\/en\/before-your-visit\/directions-to-the-climbingpark-in-gotland\/#primaryimage","url":"https:\/\/hogtlagt.se\/gotland\/wp-content\/uploads\/sites\/16\/2020\/03\/28I1093-stor-308440-scaled.jpg","contentUrl":"https:\/\/hogtlagt.se\/gotland\/wp-content\/uploads\/sites\/16\/2020\/03\/28I1093-stor-308440-scaled.jpg","width":2560,"height":1707},{"@type":"BreadcrumbList","@id":"https:\/\/hogtlagt.se\/gotland\/en\/before-your-visit\/directions-to-the-climbingpark-in-gotland\/#breadcrumb","itemListElement":[{"@type":"ListItem","position":1,"name":"Hem","item":"https:\/\/hogtlagt.se\/gotland\/"},{"@type":"ListItem","position":2,"name":"Before your visit","item":"https:\/\/hogtlagt.se\/gotland\/en\/before-your-visit\/"},{"@type":"ListItem","position":3,"name":"Directions to the climbingpark in Gotland"}]},{"@type":"WebSite","@id":"https:\/\/hogtlagt.se\/gotland\/#website","url":"https:\/\/hogtlagt.se\/gotland\/","name":"H\u00f6gt &amp; L\u00e5gt Gotland - Klintehamn","description":"","potentialAction":[{"@type":"SearchAction","target":{"@type":"EntryPoint","urlTemplate":"https:\/\/hogtlagt.se\/gotland\/?s={search_term_string}"},"query-input":{"@type":"PropertyValueSpecification","valueRequired":true,"valueName":"search_term_string"}}],"inLanguage":"sv-SE"}]}},"_links":{"self":[{"href":"https:\/\/hogtlagt.se\/gotland\/wp-json\/wp\/v2\/pages\/606","targetHints":{"allow":["GET"]}}],"collection":[{"href":"https:\/\/hogtlagt.se\/gotland\/wp-json\/wp\/v2\/pages"}],"about":[{"href":"https:\/\/hogtlagt.se\/gotland\/wp-json\/wp\/v2\/types\/page"}],"author":[{"embeddable":true,"href":"https:\/\/hogtlagt.se\/gotland\/wp-json\/wp\/v2\/users\/6"}],"replies":[{"embeddable":true,"href":"https:\/\/hogtlagt.se\/gotland\/wp-json\/wp\/v2\/comments?post=606"}],"version-history":[{"count":17,"href":"https:\/\/hogtlagt.se\/gotland\/wp-json\/wp\/v2\/pages\/606\/revisions"}],"predecessor-version":[{"id":1985,"href":"https:\/\/hogtlagt.se\/gotland\/wp-json\/wp\/v2\/pages\/606\/revisions\/1985"}],"up":[{"embeddable":true,"href":"https:\/\/hogtlagt.se\/gotland\/wp-json\/wp\/v2\/pages\/593"}],"wp:featuredmedia":[{"embeddable":true,"href":"https:\/\/hogtlagt.se\/gotland\/wp-json\/wp\/v2\/media\/187"}],"wp:attachment":[{"href":"https:\/\/hogtlagt.se\/gotland\/wp-json\/wp\/v2\/media?parent=606"}],"curies":[{"name":"wp","href":"https:\/\/api.w.org\/{rel}","templated":true}]}}