{"id":600,"date":"2021-12-07T15:16:22","date_gmt":"2021-12-07T14:16:22","guid":{"rendered":"https:\/\/hogtlagt.se\/gotland\/?page_id=600"},"modified":"2025-03-06T09:32:26","modified_gmt":"2025-03-06T08:32:26","slug":"opening-hours","status":"publish","type":"page","link":"https:\/\/hogtlagt.se\/gotland\/en\/before-your-visit\/opening-hours\/","title":{"rendered":"Opening hours"},"content":{"rendered":"\n<div class=\"wp-block-cover alignfull\" style=\"min-height:600px;aspect-ratio:unset;\"><span aria-hidden=\"true\" class=\"wp-block-cover__background has-background-dim-30 has-background-dim\"><\/span><img loading=\"lazy\" decoding=\"async\" width=\"1920\" height=\"1280\" class=\"wp-block-cover__image-background wp-image-1835\" alt=\"\" src=\"https:\/\/hogtlagt.se\/gotland\/wp-content\/uploads\/sites\/16\/2023\/10\/O\u0308ppettider-1.jpg\" data-object-fit=\"cover\" srcset=\"https:\/\/hogtlagt.se\/gotland\/wp-content\/uploads\/sites\/16\/2023\/10\/O\u0308ppettider-1.jpg 1920w, https:\/\/hogtlagt.se\/gotland\/wp-content\/uploads\/sites\/16\/2023\/10\/O\u0308ppettider-1-300x200.jpg 300w, https:\/\/hogtlagt.se\/gotland\/wp-content\/uploads\/sites\/16\/2023\/10\/O\u0308ppettider-1-1024x683.jpg 1024w, https:\/\/hogtlagt.se\/gotland\/wp-content\/uploads\/sites\/16\/2023\/10\/O\u0308ppettider-1-768x512.jpg 768w, https:\/\/hogtlagt.se\/gotland\/wp-content\/uploads\/sites\/16\/2023\/10\/O\u0308ppettider-1-1536x1024.jpg 1536w\" sizes=\"auto, (max-width: 1920px) 100vw, 1920px\" \/><div class=\"wp-block-cover__inner-container has-global-padding is-layout-constrained wp-block-cover-is-layout-constrained\">\n<h2 class=\"wp-block-heading has-text-align-center\" style=\"font-size:55px\">Opening hours<\/h2>\n<\/div><\/div>\n\n\n\n<div style=\"height:100px\" aria-hidden=\"true\" class=\"wp-block-spacer\"><\/div>\n\n\n\n<h3 class=\"wp-block-heading\">Opening hours for H\u00f6gt &amp; L\u00e5gt Gotland 2025<\/h3>\n\n\n\n    <div class=\"icon-list\">\n\n            \n        <div class=\"icon-list-item\">\n            <div class=\"il-img\">\n                <img decoding=\"async\" src=\"https:\/\/hogtlagt.se\/gotland\/wp-content\/uploads\/sites\/16\/2020\/03\/HL-ikon-10.svg\" class=\"attachment-icon size-icon\" alt=\"\" \/>            <\/div>\n            <div class=\"icon-list-content\">\n                <h3>Spring season 3 May &#8211; 14 June 2025<\/h3>\n                <p><span class=\"TextRun BCX0 SCXW70069704\" lang=\"EN-GB\" xml:lang=\"EN-GB\" data-contrast=\"none\"><span class=\"NormalTextRun BCX0 SCXW70069704\">Open: Saturday: 10.00 &#8211; 17.00<\/span><\/span><\/p>\n            <\/div>\n        <\/div>\n\n                    <hr>\n                    \n        <div class=\"icon-list-item\">\n            <div class=\"il-img\">\n                <img decoding=\"async\" src=\"https:\/\/hogtlagt.se\/gotland\/wp-content\/uploads\/sites\/16\/2020\/03\/HL-ikon-10.svg\" class=\"attachment-icon size-icon\" alt=\"\" \/>            <\/div>\n            <div class=\"icon-list-content\">\n                <h3>Early summer season: 21 June &#8211; 29 June 2025<\/h3>\n                <p><span class=\"TextRun BCX0 SCXW70069704\" lang=\"EN-GB\" xml:lang=\"EN-GB\" data-contrast=\"none\"><span class=\"NormalTextRun BCX0 SCXW70069704\">Open: Every day 10.00 &#8211; 17.00<\/span><\/span><\/p>\n            <\/div>\n        <\/div>\n\n                    <hr>\n                    \n        <div class=\"icon-list-item\">\n            <div class=\"il-img\">\n                <img decoding=\"async\" src=\"https:\/\/hogtlagt.se\/gotland\/wp-content\/uploads\/sites\/16\/2023\/05\/Group-7.svg\" class=\"attachment-icon size-icon\" alt=\"\" \/>            <\/div>\n            <div class=\"icon-list-content\">\n                <h3>Mid summer season: 30 June &#8211; 3 August 2025<\/h3>\n                <p>Open: Every day 09.30 &#8211; 19.00<\/p>\n            <\/div>\n        <\/div>\n\n                    <hr>\n                    \n        <div class=\"icon-list-item\">\n            <div class=\"il-img\">\n                <img decoding=\"async\" src=\"https:\/\/hogtlagt.se\/gotland\/wp-content\/uploads\/sites\/16\/2023\/05\/Group-7.svg\" class=\"attachment-icon size-icon\" alt=\"\" \/>            <\/div>\n            <div class=\"icon-list-content\">\n                <h3>Late summer season: 4 August &#8211; 17 August 2025<\/h3>\n                <p>Open: Every day 10.00-17.00<\/p>\n            <\/div>\n        <\/div>\n\n                    <hr>\n                    \n        <div class=\"icon-list-item\">\n            <div class=\"il-img\">\n                <img decoding=\"async\" src=\"https:\/\/hogtlagt.se\/gotland\/wp-content\/uploads\/sites\/16\/2020\/03\/HL-ikon-10.svg\" class=\"attachment-icon size-icon\" alt=\"\" \/>            <\/div>\n            <div class=\"icon-list-content\">\n                <h3>Fall season 23 August &#8211; 27 September 2025<\/h3>\n                <p><span data-contrast=\"none\">Open:\u00a0<\/span><span data-ccp-props=\"{\"> Saturdays 10.00 &#8211; 17.00<\/span><\/p>\n            <\/div>\n        <\/div>\n\n                    <hr>\n                    \n        <div class=\"icon-list-item\">\n            <div class=\"il-img\">\n                <img decoding=\"async\" src=\"https:\/\/hogtlagt.se\/gotland\/wp-content\/uploads\/sites\/16\/2020\/03\/HL-ikon-10.svg\" class=\"attachment-icon size-icon\" alt=\"\" \/>            <\/div>\n            <div class=\"icon-list-content\">\n                <h3>Booking for larger groups outside of ordinary opening hours May &#8211; September 2025<\/h3>\n                <p><span class=\"TextRun SCXW88081633 BCX0\" lang=\"EN-GB\" xml:lang=\"EN-GB\" data-contrast=\"none\"><span class=\"NormalTextRun SCXW88081633 BCX0\">If you are interested in visiting us outside of ordinary opening hours, please contact us via email: <\/span><\/span><a class=\"Hyperlink SCXW88081633 BCX0\" href=\"mailto:gotland@hogtlagt.se\" target=\"_blank\" rel=\"noreferrer noopener\"><span class=\"TextRun Underlined SCXW88081633 BCX0\" lang=\"EN-GB\" xml:lang=\"EN-GB\" data-contrast=\"none\"><span class=\"NormalTextRun SCXW88081633 BCX0\" data-ccp-charstyle=\"Hyperlink\">gotland@hogtlagt.se<\/span><\/span><\/a><span class=\"EOP SCXW88081633 BCX0\" data-ccp-props=\"{\">\u00a0<\/span><\/p>\n            <\/div>\n        <\/div>\n\n                    <hr>\n            \n    <\/div>\n\n    \n\n\n<div style=\"height:100px\" aria-hidden=\"true\" class=\"wp-block-spacer\"><\/div>\n\n\n\n<div class=\"wp-block-cover alignfull\" style=\"min-height:376px;aspect-ratio:unset;\"><span aria-hidden=\"true\" class=\"wp-block-cover__background has-background-dim\"><\/span><img loading=\"lazy\" decoding=\"async\" width=\"2048\" height=\"1365\" class=\"wp-block-cover__image-background wp-image-1934\" alt=\"\" src=\"https:\/\/hogtlagt.se\/gotland\/wp-content\/uploads\/sites\/16\/2023\/12\/Hogt-Lagt-WEBB-1235.jpg\" style=\"object-position:50% 68%\" data-object-fit=\"cover\" data-object-position=\"50% 68%\" srcset=\"https:\/\/hogtlagt.se\/gotland\/wp-content\/uploads\/sites\/16\/2023\/12\/Hogt-Lagt-WEBB-1235.jpg 2048w, https:\/\/hogtlagt.se\/gotland\/wp-content\/uploads\/sites\/16\/2023\/12\/Hogt-Lagt-WEBB-1235-300x200.jpg 300w, https:\/\/hogtlagt.se\/gotland\/wp-content\/uploads\/sites\/16\/2023\/12\/Hogt-Lagt-WEBB-1235-1024x683.jpg 1024w, https:\/\/hogtlagt.se\/gotland\/wp-content\/uploads\/sites\/16\/2023\/12\/Hogt-Lagt-WEBB-1235-768x512.jpg 768w, https:\/\/hogtlagt.se\/gotland\/wp-content\/uploads\/sites\/16\/2023\/12\/Hogt-Lagt-WEBB-1235-1536x1024.jpg 1536w\" sizes=\"auto, (max-width: 2048px) 100vw, 2048px\" \/><div class=\"wp-block-cover__inner-container has-global-padding is-layout-constrained wp-block-cover-is-layout-constrained\">\n<p class=\"has-text-align-center\" style=\"font-size:25px\">Everything we do stems from our fundamental values&nbsp;<em>Thorough, Safe, Innovative, Including<\/em>&nbsp;and&nbsp;<em>Challenging<\/em>. We are passionate, we work hard, we care about the experience of each single visitor, we take part in the development of this industry and we have SO much fun along the way!<\/p>\n<\/div><\/div>\n","protected":false},"excerpt":{"rendered":"<p>Opening hours for H\u00f6gt &amp; L\u00e5gt Gotland 2025<\/p>\n","protected":false},"author":6,"featured_media":194,"parent":593,"menu_order":4,"comment_status":"closed","ping_status":"closed","template":"templates\/empty.php","meta":{"_acf_changed":false,"inline_featured_image":false,"footnotes":""},"class_list":["post-600","page","type-page","status-publish","has-post-thumbnail"],"acf":[],"yoast_head":"<!-- This site is optimized with the Yoast SEO plugin v26.1.1 - https:\/\/yoast.com\/wordpress\/plugins\/seo\/ -->\n<title>Opening hours - H\u00f6gt &amp; L\u00e5gt Gotland - Klintehamn<\/title>\n<meta name=\"description\" content=\"H\u00e4r hittar du v\u00e5ra \u00f6ppettider f\u00f6r f\u00f6rs\u00e4songen, h\u00f6gs\u00e4songen och h\u00f6sts\u00e4songen 2020 samt tider f\u00f6r r\u00f6da dagar och gruppbokningar.\" \/>\n<meta name=\"robots\" content=\"index, follow, max-snippet:-1, max-image-preview:large, max-video-preview:-1\" \/>\n<link rel=\"canonical\" href=\"https:\/\/hogtlagt.se\/gotland\/en\/before-your-visit\/opening-hours\/\" \/>\n<meta property=\"og:locale\" content=\"sv_SE\" \/>\n<meta property=\"og:type\" content=\"article\" \/>\n<meta property=\"og:title\" content=\"Opening hours - H\u00f6gt &amp; L\u00e5gt Gotland - Klintehamn\" \/>\n<meta property=\"og:description\" content=\"H\u00e4r hittar du v\u00e5ra \u00f6ppettider f\u00f6r f\u00f6rs\u00e4songen, h\u00f6gs\u00e4songen och h\u00f6sts\u00e4songen 2020 samt tider f\u00f6r r\u00f6da dagar och gruppbokningar.\" \/>\n<meta property=\"og:url\" content=\"https:\/\/hogtlagt.se\/gotland\/en\/before-your-visit\/opening-hours\/\" \/>\n<meta property=\"og:site_name\" content=\"H\u00f6gt &amp; L\u00e5gt Gotland - Klintehamn\" \/>\n<meta property=\"article:modified_time\" content=\"2025-03-06T08:32:26+00:00\" \/>\n<meta property=\"og:image\" content=\"https:\/\/hogtlagt.se\/gotland\/wp-content\/uploads\/sites\/16\/2020\/03\/28I1450-stor-308452-scaled.jpg\" \/>\n\t<meta property=\"og:image:width\" content=\"2560\" \/>\n\t<meta property=\"og:image:height\" content=\"1707\" \/>\n\t<meta property=\"og:image:type\" content=\"image\/jpeg\" \/>\n<meta name=\"twitter:card\" content=\"summary_large_image\" \/>\n<meta name=\"twitter:label1\" content=\"Ber\u00e4knad l\u00e4stid\" \/>\n\t<meta name=\"twitter:data1\" content=\"1 minut\" \/>\n<script type=\"application\/ld+json\" class=\"yoast-schema-graph\">{\"@context\":\"https:\/\/schema.org\",\"@graph\":[{\"@type\":\"WebPage\",\"@id\":\"https:\/\/hogtlagt.se\/gotland\/en\/before-your-visit\/opening-hours\/\",\"url\":\"https:\/\/hogtlagt.se\/gotland\/en\/before-your-visit\/opening-hours\/\",\"name\":\"Opening hours - H\u00f6gt &amp; L\u00e5gt Gotland - Klintehamn\",\"isPartOf\":{\"@id\":\"https:\/\/hogtlagt.se\/gotland\/#website\"},\"primaryImageOfPage\":{\"@id\":\"https:\/\/hogtlagt.se\/gotland\/en\/before-your-visit\/opening-hours\/#primaryimage\"},\"image\":{\"@id\":\"https:\/\/hogtlagt.se\/gotland\/en\/before-your-visit\/opening-hours\/#primaryimage\"},\"thumbnailUrl\":\"https:\/\/hogtlagt.se\/gotland\/wp-content\/uploads\/sites\/16\/2020\/03\/28I1450-stor-308452-scaled.jpg\",\"datePublished\":\"2021-12-07T14:16:22+00:00\",\"dateModified\":\"2025-03-06T08:32:26+00:00\",\"description\":\"H\u00e4r hittar du v\u00e5ra \u00f6ppettider f\u00f6r f\u00f6rs\u00e4songen, h\u00f6gs\u00e4songen och h\u00f6sts\u00e4songen 2020 samt tider f\u00f6r r\u00f6da dagar och gruppbokningar.\",\"breadcrumb\":{\"@id\":\"https:\/\/hogtlagt.se\/gotland\/en\/before-your-visit\/opening-hours\/#breadcrumb\"},\"inLanguage\":\"sv-SE\",\"potentialAction\":[{\"@type\":\"ReadAction\",\"target\":[\"https:\/\/hogtlagt.se\/gotland\/en\/before-your-visit\/opening-hours\/\"]}]},{\"@type\":\"ImageObject\",\"inLanguage\":\"sv-SE\",\"@id\":\"https:\/\/hogtlagt.se\/gotland\/en\/before-your-visit\/opening-hours\/#primaryimage\",\"url\":\"https:\/\/hogtlagt.se\/gotland\/wp-content\/uploads\/sites\/16\/2020\/03\/28I1450-stor-308452-scaled.jpg\",\"contentUrl\":\"https:\/\/hogtlagt.se\/gotland\/wp-content\/uploads\/sites\/16\/2020\/03\/28I1450-stor-308452-scaled.jpg\",\"width\":2560,\"height\":1707},{\"@type\":\"BreadcrumbList\",\"@id\":\"https:\/\/hogtlagt.se\/gotland\/en\/before-your-visit\/opening-hours\/#breadcrumb\",\"itemListElement\":[{\"@type\":\"ListItem\",\"position\":1,\"name\":\"Hem\",\"item\":\"https:\/\/hogtlagt.se\/gotland\/\"},{\"@type\":\"ListItem\",\"position\":2,\"name\":\"Before your visit\",\"item\":\"https:\/\/hogtlagt.se\/gotland\/en\/before-your-visit\/\"},{\"@type\":\"ListItem\",\"position\":3,\"name\":\"Opening hours\"}]},{\"@type\":\"WebSite\",\"@id\":\"https:\/\/hogtlagt.se\/gotland\/#website\",\"url\":\"https:\/\/hogtlagt.se\/gotland\/\",\"name\":\"H\u00f6gt &amp; L\u00e5gt Gotland - Klintehamn\",\"description\":\"\",\"potentialAction\":[{\"@type\":\"SearchAction\",\"target\":{\"@type\":\"EntryPoint\",\"urlTemplate\":\"https:\/\/hogtlagt.se\/gotland\/?s={search_term_string}\"},\"query-input\":{\"@type\":\"PropertyValueSpecification\",\"valueRequired\":true,\"valueName\":\"search_term_string\"}}],\"inLanguage\":\"sv-SE\"}]}<\/script>\n<!-- \/ Yoast SEO plugin. -->","yoast_head_json":{"title":"Opening hours - H\u00f6gt &amp; L\u00e5gt Gotland - Klintehamn","description":"H\u00e4r hittar du v\u00e5ra \u00f6ppettider f\u00f6r f\u00f6rs\u00e4songen, h\u00f6gs\u00e4songen och h\u00f6sts\u00e4songen 2020 samt tider f\u00f6r r\u00f6da dagar och gruppbokningar.","robots":{"index":"index","follow":"follow","max-snippet":"max-snippet:-1","max-image-preview":"max-image-preview:large","max-video-preview":"max-video-preview:-1"},"canonical":"https:\/\/hogtlagt.se\/gotland\/en\/before-your-visit\/opening-hours\/","og_locale":"sv_SE","og_type":"article","og_title":"Opening hours - H\u00f6gt &amp; L\u00e5gt Gotland - Klintehamn","og_description":"H\u00e4r hittar du v\u00e5ra \u00f6ppettider f\u00f6r f\u00f6rs\u00e4songen, h\u00f6gs\u00e4songen och h\u00f6sts\u00e4songen 2020 samt tider f\u00f6r r\u00f6da dagar och gruppbokningar.","og_url":"https:\/\/hogtlagt.se\/gotland\/en\/before-your-visit\/opening-hours\/","og_site_name":"H\u00f6gt &amp; L\u00e5gt Gotland - Klintehamn","article_modified_time":"2025-03-06T08:32:26+00:00","og_image":[{"width":2560,"height":1707,"url":"https:\/\/hogtlagt.se\/gotland\/wp-content\/uploads\/sites\/16\/2020\/03\/28I1450-stor-308452-scaled.jpg","type":"image\/jpeg"}],"twitter_card":"summary_large_image","twitter_misc":{"Ber\u00e4knad l\u00e4stid":"1 minut"},"schema":{"@context":"https:\/\/schema.org","@graph":[{"@type":"WebPage","@id":"https:\/\/hogtlagt.se\/gotland\/en\/before-your-visit\/opening-hours\/","url":"https:\/\/hogtlagt.se\/gotland\/en\/before-your-visit\/opening-hours\/","name":"Opening hours - H\u00f6gt &amp; L\u00e5gt Gotland - Klintehamn","isPartOf":{"@id":"https:\/\/hogtlagt.se\/gotland\/#website"},"primaryImageOfPage":{"@id":"https:\/\/hogtlagt.se\/gotland\/en\/before-your-visit\/opening-hours\/#primaryimage"},"image":{"@id":"https:\/\/hogtlagt.se\/gotland\/en\/before-your-visit\/opening-hours\/#primaryimage"},"thumbnailUrl":"https:\/\/hogtlagt.se\/gotland\/wp-content\/uploads\/sites\/16\/2020\/03\/28I1450-stor-308452-scaled.jpg","datePublished":"2021-12-07T14:16:22+00:00","dateModified":"2025-03-06T08:32:26+00:00","description":"H\u00e4r hittar du v\u00e5ra \u00f6ppettider f\u00f6r f\u00f6rs\u00e4songen, h\u00f6gs\u00e4songen och h\u00f6sts\u00e4songen 2020 samt tider f\u00f6r r\u00f6da dagar och gruppbokningar.","breadcrumb":{"@id":"https:\/\/hogtlagt.se\/gotland\/en\/before-your-visit\/opening-hours\/#breadcrumb"},"inLanguage":"sv-SE","potentialAction":[{"@type":"ReadAction","target":["https:\/\/hogtlagt.se\/gotland\/en\/before-your-visit\/opening-hours\/"]}]},{"@type":"ImageObject","inLanguage":"sv-SE","@id":"https:\/\/hogtlagt.se\/gotland\/en\/before-your-visit\/opening-hours\/#primaryimage","url":"https:\/\/hogtlagt.se\/gotland\/wp-content\/uploads\/sites\/16\/2020\/03\/28I1450-stor-308452-scaled.jpg","contentUrl":"https:\/\/hogtlagt.se\/gotland\/wp-content\/uploads\/sites\/16\/2020\/03\/28I1450-stor-308452-scaled.jpg","width":2560,"height":1707},{"@type":"BreadcrumbList","@id":"https:\/\/hogtlagt.se\/gotland\/en\/before-your-visit\/opening-hours\/#breadcrumb","itemListElement":[{"@type":"ListItem","position":1,"name":"Hem","item":"https:\/\/hogtlagt.se\/gotland\/"},{"@type":"ListItem","position":2,"name":"Before your visit","item":"https:\/\/hogtlagt.se\/gotland\/en\/before-your-visit\/"},{"@type":"ListItem","position":3,"name":"Opening hours"}]},{"@type":"WebSite","@id":"https:\/\/hogtlagt.se\/gotland\/#website","url":"https:\/\/hogtlagt.se\/gotland\/","name":"H\u00f6gt &amp; L\u00e5gt Gotland - Klintehamn","description":"","potentialAction":[{"@type":"SearchAction","target":{"@type":"EntryPoint","urlTemplate":"https:\/\/hogtlagt.se\/gotland\/?s={search_term_string}"},"query-input":{"@type":"PropertyValueSpecification","valueRequired":true,"valueName":"search_term_string"}}],"inLanguage":"sv-SE"}]}},"_links":{"self":[{"href":"https:\/\/hogtlagt.se\/gotland\/wp-json\/wp\/v2\/pages\/600","targetHints":{"allow":["GET"]}}],"collection":[{"href":"https:\/\/hogtlagt.se\/gotland\/wp-json\/wp\/v2\/pages"}],"about":[{"href":"https:\/\/hogtlagt.se\/gotland\/wp-json\/wp\/v2\/types\/page"}],"author":[{"embeddable":true,"href":"https:\/\/hogtlagt.se\/gotland\/wp-json\/wp\/v2\/users\/6"}],"replies":[{"embeddable":true,"href":"https:\/\/hogtlagt.se\/gotland\/wp-json\/wp\/v2\/comments?post=600"}],"version-history":[{"count":26,"href":"https:\/\/hogtlagt.se\/gotland\/wp-json\/wp\/v2\/pages\/600\/revisions"}],"predecessor-version":[{"id":2183,"href":"https:\/\/hogtlagt.se\/gotland\/wp-json\/wp\/v2\/pages\/600\/revisions\/2183"}],"up":[{"embeddable":true,"href":"https:\/\/hogtlagt.se\/gotland\/wp-json\/wp\/v2\/pages\/593"}],"wp:featuredmedia":[{"embeddable":true,"href":"https:\/\/hogtlagt.se\/gotland\/wp-json\/wp\/v2\/media\/194"}],"wp:attachment":[{"href":"https:\/\/hogtlagt.se\/gotland\/wp-json\/wp\/v2\/media?parent=600"}],"curies":[{"name":"wp","href":"https:\/\/api.w.org\/{rel}","templated":true}]}}