{"id":577,"date":"2021-12-07T14:45:06","date_gmt":"2021-12-07T13:45:06","guid":{"rendered":"https:\/\/hogtlagt.se\/gotland\/?page_id=577"},"modified":"2023-12-29T10:39:08","modified_gmt":"2023-12-29T09:39:08","slug":"practical-info","status":"publish","type":"page","link":"https:\/\/hogtlagt.se\/gotland\/en\/before-your-visit\/practical-info\/","title":{"rendered":"Practical info"},"content":{"rendered":"\n<div class=\"wp-block-cover alignfull\" style=\"min-height:600px;aspect-ratio:unset;\"><span aria-hidden=\"true\" class=\"wp-block-cover__background has-background-dim-20 has-background-dim\"><\/span><img loading=\"lazy\" decoding=\"async\" width=\"2560\" height=\"1707\" class=\"wp-block-cover__image-background wp-image-1826\" alt=\"\" src=\"https:\/\/hogtlagt.se\/gotland\/wp-content\/uploads\/sites\/16\/2023\/10\/Praktisk-info-info\u0308r-beso\u0308ket-1-scaled.jpg\" data-object-fit=\"cover\" srcset=\"https:\/\/hogtlagt.se\/gotland\/wp-content\/uploads\/sites\/16\/2023\/10\/Praktisk-info-info\u0308r-beso\u0308ket-1-scaled.jpg 2560w, https:\/\/hogtlagt.se\/gotland\/wp-content\/uploads\/sites\/16\/2023\/10\/Praktisk-info-info\u0308r-beso\u0308ket-1-300x200.jpg 300w, https:\/\/hogtlagt.se\/gotland\/wp-content\/uploads\/sites\/16\/2023\/10\/Praktisk-info-info\u0308r-beso\u0308ket-1-1024x683.jpg 1024w, https:\/\/hogtlagt.se\/gotland\/wp-content\/uploads\/sites\/16\/2023\/10\/Praktisk-info-info\u0308r-beso\u0308ket-1-768x512.jpg 768w, https:\/\/hogtlagt.se\/gotland\/wp-content\/uploads\/sites\/16\/2023\/10\/Praktisk-info-info\u0308r-beso\u0308ket-1-1536x1024.jpg 1536w, https:\/\/hogtlagt.se\/gotland\/wp-content\/uploads\/sites\/16\/2023\/10\/Praktisk-info-info\u0308r-beso\u0308ket-1-2048x1365.jpg 2048w\" sizes=\"auto, (max-width: 2560px) 100vw, 2560px\" \/><div class=\"wp-block-cover__inner-container has-global-padding is-layout-constrained wp-block-cover-is-layout-constrained\">\n<h2 class=\"wp-block-heading has-text-align-center\" style=\"font-size:55px\">Practical information<\/h2>\n<\/div><\/div>\n\n\n\n<div style=\"height:100px\" aria-hidden=\"true\" class=\"wp-block-spacer\"><\/div>\n\n\n\n<div class=\"wp-block-columns is-layout-flex wp-container-core-columns-is-layout-28f84493 wp-block-columns-is-layout-flex\">\n<div class=\"wp-block-column is-layout-flow wp-block-column-is-layout-flow\">\n<p><strong>Here are some useful and practical information before your visit to the park. If you come ready for an adventure \u2013 we will take care of the rest. You are very welcome!<\/strong><\/p>\n<\/div>\n\n\n\n<div class=\"wp-block-column is-layout-flow wp-block-column-is-layout-flow\">\n<figure class=\"wp-block-image aligncenter size-large is-resized\"><img loading=\"lazy\" decoding=\"async\" width=\"201\" height=\"271\" src=\"https:\/\/hogtlagt.se\/gotland\/wp-content\/uploads\/sites\/16\/2023\/12\/Group-576-2.svg\" alt=\"\" class=\"wp-image-1932\" style=\"width:167px;height:auto\"\/><\/figure>\n<\/div>\n<\/div>\n\n\n\n<div style=\"height:91px\" aria-hidden=\"true\" class=\"wp-block-spacer\"><\/div>\n\n\n\n<h2 class=\"wp-block-heading\">Practical information:<\/h2>\n\n\n\n    <div class=\"icon-list\">\n\n            \n        <div class=\"icon-list-item\">\n            <div class=\"il-img\">\n                <img decoding=\"async\" src=\"https:\/\/hogtlagt.se\/gotland\/wp-content\/uploads\/sites\/16\/2020\/03\/HL-ikon-8.svg\" class=\"attachment-icon size-icon\" alt=\"\" \/>            <\/div>\n            <div class=\"icon-list-content\">\n                <h3>Minimum height and age requirements\u00a0\u00a0<\/h3>\n                <p><span data-contrast=\"none\">The courses are divided into degrees of difficulty by colour. The grading starts with orange which is the easiest, then green, blue and finally red which is the hardest. There are minimum hight and age requirements in order to climb the courses, but following these, you are allowed to climb as many courses as many times as you want for three hours.<\/span><span data-ccp-props=\"{\">\u00a0<\/span><\/p>\n<p>&nbsp;<\/p>\n<p><span data-contrast=\"none\">The minimum hight and age requirements are:<\/span><span data-ccp-props=\"{\">\u00a0<\/span><\/p>\n<p><span data-contrast=\"none\"><strong>Orange:<\/strong> 80 cm (adults can accompany from the ground without buying a ticket for themselves)<\/span><span data-ccp-props=\"{\">\u00a0<\/span><\/p>\n<p><span data-contrast=\"none\"><strong>Green:<\/strong>\u00a0 110 cm (children under 6 years old must be accompanied by an adult in the course)<\/span><span data-ccp-props=\"{\">\u00a0<\/span><\/p>\n<p><span data-contrast=\"none\"><strong>Blue:<\/strong> 140 cm (children under 10 years old must be accompanied by an adult in the course)<\/span><span data-ccp-props=\"{\">\u00a0<\/span><\/p>\n<p><span data-contrast=\"none\"><strong>Red:<\/strong> 150 cm (children under 10 years old must be accompanied by an adult in the course)<\/span><span data-ccp-props=\"{\">\u00a0<\/span><\/p>\n<p>&nbsp;<\/p>\n<p>As well as hight requirement, children under the age of 6 must also have the company of a climbing adult when climbing the green courses. Children under the age of 10 must have the company of a climbing adult in the blue and red courses.<\/p>\n            <\/div>\n        <\/div>\n\n                    <hr>\n                    \n        <div class=\"icon-list-item\">\n            <div class=\"il-img\">\n                <img decoding=\"async\" src=\"https:\/\/hogtlagt.se\/gotland\/wp-content\/uploads\/sites\/16\/2020\/03\/HL-ikon-7.svg\" class=\"attachment-icon size-icon\" alt=\"\" \/>            <\/div>\n            <div class=\"icon-list-content\">\n                <h3>Terms of participation <\/h3>\n                <p>For everyone climbing in the park, the following terms of participation must be followed:<\/p>\n<p>-Maximum weight 120 kg.<\/p>\n<p>-Climbing is not allowed when pregnant.<\/p>\n<p>-Climbing is not allowed of you are intoxicated by alcohol or drugs.<\/p>\n<p><span data-contrast=\"none\">-Before climbing in the park, everyone must participate in the mandatory safety briefing led by an instructor.<\/span><\/p>\n<p><span data-contrast=\"none\">-When climbing, the rules of the park must be followed (we will go through the rules during the safety briefing)..\u00a0<\/span><\/p>\n            <\/div>\n        <\/div>\n\n                    <hr>\n                    \n        <div class=\"icon-list-item\">\n            <div class=\"il-img\">\n                <img decoding=\"async\" src=\"https:\/\/hogtlagt.se\/gotland\/wp-content\/uploads\/sites\/16\/2020\/03\/HL-ikon-6.svg\" class=\"attachment-icon size-icon\" alt=\"\" \/>            <\/div>\n            <div class=\"icon-list-content\">\n                <h3>Buy your ticket <\/h3>\n                <p><span class=\"NormalTextRun BCX0 SCXW208386301\">You can buy your tickets <a href=\"https:\/\/hogtlagt.se\/gotland\/en\/tickets\/\">here<\/a><\/span><span class=\"NormalTextRun BCX0 SCXW208386301\">, and we recommend you buy them in advance. It is also possible to buy tickets at the park (drop-in tickets). However, the number of drop-in tickets is very limited and during high-season the park is often fully booked and drop-in tickets may not be available.\u00a0\u00a0<\/span><\/p>\n            <\/div>\n        <\/div>\n\n                    <hr>\n                    \n        <div class=\"icon-list-item\">\n            <div class=\"il-img\">\n                <img decoding=\"async\" src=\"https:\/\/hogtlagt.se\/gotland\/wp-content\/uploads\/sites\/16\/2020\/03\/HL-ikon-5.svg\" class=\"attachment-icon size-icon\" alt=\"\" \/>            <\/div>\n            <div class=\"icon-list-content\">\n                <h3>Safety briefing and training course<\/h3>\n                <p><span data-contrast=\"none\">Everybody climbing in the park needs to participate in a safety briefing held by an instructor at the park. After the safety briefing everyone needs to climb through the training course under the supervision of an instructor.<\/span><span data-ccp-props=\"{\">\u00a0<\/span><\/p>\n<p>&nbsp;<\/p>\n<p><span data-contrast=\"none\">Your safety briefing will be held at the starting-time of your three hour climbing session and is included in your climbing time. If you\u00a0<strong>arrive at the park 10-15 minutes before your starting time<\/strong>\u00a0you can to get your equipment (harness and helmet) on and you are then ready when it is time to start.\u00a0<\/span><\/p>\n            <\/div>\n        <\/div>\n\n                    <hr>\n                    \n        <div class=\"icon-list-item\">\n            <div class=\"il-img\">\n                <img decoding=\"async\" src=\"https:\/\/hogtlagt.se\/gotland\/wp-content\/uploads\/sites\/16\/2020\/03\/HL-ikon-4.svg\" class=\"attachment-icon size-icon\" alt=\"\" \/>            <\/div>\n            <div class=\"icon-list-content\">\n                <h3>Weather and clothes <\/h3>\n                <p><span data-contrast=\"none\">The park is open regardless of the weather. There is no problem climbing in the rain, the most important thing is that you have the right clothes on so you do not freeze or get wet. <\/span><\/p>\n<p><span data-contrast=\"none\">The park might be temporarily closed down if there is risk of thunder or extreme wind. If this happens, the instructors in the park will help everybody get down on the ground safely, and if\/when the thunder or wind has passed, they will let you continue your climbing. Temporary closing of the park does not entitle any ticket refunds.\u00a0<\/span><span data-ccp-props=\"{\">\u00a0<\/span><\/p>\n<p>&nbsp;<\/p>\n<p><span data-contrast=\"none\">We recommend to dress based on the weather forecast. Wear protective clothes when there is a risk of rain, it is easier to take clothes off and it is much more fun if you don\u00b4t freeze. We also recommend good shoes that sit well on your feet such as running- or exercise shoes or general outdoor shoes.<\/span><\/p>\n            <\/div>\n        <\/div>\n\n                    <hr>\n                    \n        <div class=\"icon-list-item\">\n            <div class=\"il-img\">\n                <img decoding=\"async\" src=\"https:\/\/hogtlagt.se\/gotland\/wp-content\/uploads\/sites\/16\/2020\/03\/HL-ikon-11.svg\" class=\"attachment-icon size-icon\" alt=\"\" \/>            <\/div>\n            <div class=\"icon-list-content\">\n                <h3>Parking<\/h3>\n                <p><span class=\"TextRun SCXW13539426 BCX0\" lang=\"EN-GB\" xml:lang=\"EN-GB\" data-contrast=\"none\"><span class=\"NormalTextRun SCXW13539426 BCX0\">The park<\/span><span class=\"NormalTextRun SCXW13539426 BCX0\"> is located right outside of Klintehamn. When you arrive by car, you turn off from road 140 at the sign &#8221;Warfsholm&#8221; and you will shortly after find a large parking space on your lefthand side. Park your car ther, and then you have a five minute walk to the park, follow the signs.\u00a0 \u00a0<\/span><\/span><\/p>\n            <\/div>\n        <\/div>\n\n                    <hr>\n                    \n        <div class=\"icon-list-item\">\n            <div class=\"il-img\">\n                <img decoding=\"async\" src=\"https:\/\/hogtlagt.se\/gotland\/wp-content\/uploads\/sites\/16\/2020\/03\/HL-ikon-8.svg\" class=\"attachment-icon size-icon\" alt=\"\" \/>            <\/div>\n            <div class=\"icon-list-content\">\n                <h3>Toilets<\/h3>\n                <p><span class=\"TextRun SCXW173441277 BCX0\" lang=\"EN-GB\" xml:lang=\"EN-GB\" data-contrast=\"none\"><span class=\"NormalTextRun SCXW173441277 BCX0\">Right next to our park there are toilets available to our guests f<\/span><span class=\"NormalTextRun SCXW173441277 BCX0\">ree of charge<\/span><span class=\"NormalTextRun SCXW173441277 BCX0\">.<\/span><\/span><span class=\"EOP SCXW173441277 BCX0\" data-ccp-props=\"{\">\u00a0<\/span><\/p>\n            <\/div>\n        <\/div>\n\n                    <hr>\n                    \n        <div class=\"icon-list-item\">\n            <div class=\"il-img\">\n                <img decoding=\"async\" src=\"https:\/\/hogtlagt.se\/gotland\/wp-content\/uploads\/sites\/16\/2020\/03\/HL-ikon-3.svg\" class=\"attachment-icon size-icon\" alt=\"\" \/>            <\/div>\n            <div class=\"icon-list-content\">\n                <h3>Food and drinks <\/h3>\n                <p><span data-contrast=\"none\">We have plenty of tables and seats at the park which means you can bring your own fika and\/or lunch to enjoy after or during a break in your climbing. We also sell some light fika such as cold beverage, bars and Gute ice cream.\u00a0<\/span><\/p>\n<p>If you want to get something else to eat we recommend <a href=\"https:\/\/snackan.nu\/cafe-snackan\/\">caf\u00e9 Sn\u00e4ckan<\/a> just further down the road, or <a href=\"https:\/\/www.facebook.com\/pensionatwarfsholm\/?locale=sv_SE\">Warfsholm<\/a> where they have excellent lunch with a sea view.<\/p>\n<p>&nbsp;<\/p>\n<p>&nbsp;<\/p>\n            <\/div>\n        <\/div>\n\n                    <hr>\n            \n    <\/div>\n\n    \n\n\n<div style=\"height:47px\" aria-hidden=\"true\" class=\"wp-block-spacer\"><\/div>\n\n\n\n<div class=\"wp-block-buttons is-layout-flex wp-block-buttons-is-layout-flex\">\n<div class=\"wp-block-button\"><a class=\"wp-block-button__link has-tertiary-background-color has-background wp-element-button\" href=\"https:\/\/hogtlagt.se\/gotland\/en\/tickets\/\">Buy tickets<\/a><\/div>\n<\/div>\n\n\n\n<div style=\"height:60px\" aria-hidden=\"true\" class=\"wp-block-spacer\"><\/div>\n\n\n\n<figure class=\"wp-block-image aligncenter size-large\"><img loading=\"lazy\" decoding=\"async\" width=\"1024\" height=\"683\" src=\"https:\/\/hogtlagt.se\/gotland\/wp-content\/uploads\/sites\/16\/2023\/10\/tva\u030a-a\u0308nnu-gladare-barn-1024x683.jpg\" alt=\"\" class=\"wp-image-1866\" srcset=\"https:\/\/hogtlagt.se\/gotland\/wp-content\/uploads\/sites\/16\/2023\/10\/tva\u030a-a\u0308nnu-gladare-barn-1024x683.jpg 1024w, https:\/\/hogtlagt.se\/gotland\/wp-content\/uploads\/sites\/16\/2023\/10\/tva\u030a-a\u0308nnu-gladare-barn-300x200.jpg 300w, https:\/\/hogtlagt.se\/gotland\/wp-content\/uploads\/sites\/16\/2023\/10\/tva\u030a-a\u0308nnu-gladare-barn-768x512.jpg 768w, https:\/\/hogtlagt.se\/gotland\/wp-content\/uploads\/sites\/16\/2023\/10\/tva\u030a-a\u0308nnu-gladare-barn-1536x1024.jpg 1536w, https:\/\/hogtlagt.se\/gotland\/wp-content\/uploads\/sites\/16\/2023\/10\/tva\u030a-a\u0308nnu-gladare-barn.jpg 2048w\" sizes=\"auto, (max-width: 1024px) 100vw, 1024px\" \/><\/figure>\n\n\n\n<div style=\"height:100px\" aria-hidden=\"true\" class=\"wp-block-spacer\"><\/div>\n\n\n\n<div class=\"wp-block-cover alignfull\" style=\"min-height:376px;aspect-ratio:unset;\"><span aria-hidden=\"true\" class=\"wp-block-cover__background has-background-dim\"><\/span><img loading=\"lazy\" decoding=\"async\" width=\"2048\" height=\"1365\" class=\"wp-block-cover__image-background wp-image-1934\" alt=\"\" src=\"https:\/\/hogtlagt.se\/gotland\/wp-content\/uploads\/sites\/16\/2023\/12\/Hogt-Lagt-WEBB-1235.jpg\" style=\"object-position:50% 66%\" data-object-fit=\"cover\" data-object-position=\"50% 66%\" srcset=\"https:\/\/hogtlagt.se\/gotland\/wp-content\/uploads\/sites\/16\/2023\/12\/Hogt-Lagt-WEBB-1235.jpg 2048w, https:\/\/hogtlagt.se\/gotland\/wp-content\/uploads\/sites\/16\/2023\/12\/Hogt-Lagt-WEBB-1235-300x200.jpg 300w, https:\/\/hogtlagt.se\/gotland\/wp-content\/uploads\/sites\/16\/2023\/12\/Hogt-Lagt-WEBB-1235-1024x683.jpg 1024w, https:\/\/hogtlagt.se\/gotland\/wp-content\/uploads\/sites\/16\/2023\/12\/Hogt-Lagt-WEBB-1235-768x512.jpg 768w, https:\/\/hogtlagt.se\/gotland\/wp-content\/uploads\/sites\/16\/2023\/12\/Hogt-Lagt-WEBB-1235-1536x1024.jpg 1536w\" sizes=\"auto, (max-width: 2048px) 100vw, 2048px\" \/><div class=\"wp-block-cover__inner-container has-global-padding is-layout-constrained wp-block-cover-is-layout-constrained\">\n<p class=\"has-text-align-center\" style=\"font-size:25px\">Everything we do stems from our fundamental values\u00a0<em>Thorough, Safe, Innovative, Including<\/em>\u00a0and\u00a0<em>Challenging<\/em>. We are passionate, we work hard, we care about the experience of each single visitor, we take part in the development of this industry and we have SO much fun along the way!<\/p>\n<\/div><\/div>\n","protected":false},"excerpt":{"rendered":"<p>Here are some useful and practical information before your visit to the park. If you come ready for an adventure \u2013 we will take care of the rest. You are&#8230;<\/p>\n","protected":false},"author":6,"featured_media":136,"parent":593,"menu_order":1,"comment_status":"closed","ping_status":"closed","template":"templates\/empty.php","meta":{"_acf_changed":false,"inline_featured_image":false,"footnotes":""},"class_list":["post-577","page","type-page","status-publish","has-post-thumbnail"],"acf":[],"yoast_head":"<!-- This site is optimized with the Yoast SEO plugin v26.1.1 - https:\/\/yoast.com\/wordpress\/plugins\/seo\/ -->\n<title>Practical info - H\u00f6gt &amp; L\u00e5gt Gotland - Klintehamn<\/title>\n<meta name=\"description\" content=\"Vart finns l\u00e4ngsta zipline? H\u00f6jdskr\u00e4ck - inga problem vi har flera l\u00e4gre banor att b\u00f6rja p\u00e5, h\u00e4r hittar du mer info om v\u00e5r h\u00f6gh\u00f6jdsbana, \u00e4ventyrsbana.\" \/>\n<meta name=\"robots\" content=\"index, follow, max-snippet:-1, max-image-preview:large, max-video-preview:-1\" \/>\n<link rel=\"canonical\" href=\"https:\/\/hogtlagt.se\/gotland\/en\/before-your-visit\/practical-info\/\" \/>\n<meta property=\"og:locale\" content=\"sv_SE\" \/>\n<meta property=\"og:type\" content=\"article\" \/>\n<meta property=\"og:title\" content=\"Practical info - H\u00f6gt &amp; L\u00e5gt Gotland - Klintehamn\" \/>\n<meta property=\"og:description\" content=\"Vart finns l\u00e4ngsta zipline? H\u00f6jdskr\u00e4ck - inga problem vi har flera l\u00e4gre banor att b\u00f6rja p\u00e5, h\u00e4r hittar du mer info om v\u00e5r h\u00f6gh\u00f6jdsbana, \u00e4ventyrsbana.\" \/>\n<meta property=\"og:url\" content=\"https:\/\/hogtlagt.se\/gotland\/en\/before-your-visit\/practical-info\/\" \/>\n<meta property=\"og:site_name\" content=\"H\u00f6gt &amp; L\u00e5gt Gotland - Klintehamn\" \/>\n<meta property=\"article:modified_time\" content=\"2023-12-29T09:39:08+00:00\" \/>\n<meta property=\"og:image\" content=\"https:\/\/hogtlagt.se\/gotland\/wp-content\/uploads\/sites\/16\/2020\/03\/28I0901-stor-308476-scaled.jpg\" \/>\n\t<meta property=\"og:image:width\" content=\"2560\" \/>\n\t<meta property=\"og:image:height\" content=\"1707\" \/>\n\t<meta property=\"og:image:type\" content=\"image\/jpeg\" \/>\n<meta name=\"twitter:card\" content=\"summary_large_image\" \/>\n<meta name=\"twitter:label1\" content=\"Ber\u00e4knad l\u00e4stid\" \/>\n\t<meta name=\"twitter:data1\" content=\"2 minuter\" \/>\n<script type=\"application\/ld+json\" class=\"yoast-schema-graph\">{\"@context\":\"https:\/\/schema.org\",\"@graph\":[{\"@type\":\"WebPage\",\"@id\":\"https:\/\/hogtlagt.se\/gotland\/en\/before-your-visit\/practical-info\/\",\"url\":\"https:\/\/hogtlagt.se\/gotland\/en\/before-your-visit\/practical-info\/\",\"name\":\"Practical info - H\u00f6gt &amp; L\u00e5gt Gotland - Klintehamn\",\"isPartOf\":{\"@id\":\"https:\/\/hogtlagt.se\/gotland\/#website\"},\"primaryImageOfPage\":{\"@id\":\"https:\/\/hogtlagt.se\/gotland\/en\/before-your-visit\/practical-info\/#primaryimage\"},\"image\":{\"@id\":\"https:\/\/hogtlagt.se\/gotland\/en\/before-your-visit\/practical-info\/#primaryimage\"},\"thumbnailUrl\":\"https:\/\/hogtlagt.se\/gotland\/wp-content\/uploads\/sites\/16\/2020\/03\/28I0901-stor-308476-scaled.jpg\",\"datePublished\":\"2021-12-07T13:45:06+00:00\",\"dateModified\":\"2023-12-29T09:39:08+00:00\",\"description\":\"Vart finns l\u00e4ngsta zipline? H\u00f6jdskr\u00e4ck - inga problem vi har flera l\u00e4gre banor att b\u00f6rja p\u00e5, h\u00e4r hittar du mer info om v\u00e5r h\u00f6gh\u00f6jdsbana, \u00e4ventyrsbana.\",\"breadcrumb\":{\"@id\":\"https:\/\/hogtlagt.se\/gotland\/en\/before-your-visit\/practical-info\/#breadcrumb\"},\"inLanguage\":\"sv-SE\",\"potentialAction\":[{\"@type\":\"ReadAction\",\"target\":[\"https:\/\/hogtlagt.se\/gotland\/en\/before-your-visit\/practical-info\/\"]}]},{\"@type\":\"ImageObject\",\"inLanguage\":\"sv-SE\",\"@id\":\"https:\/\/hogtlagt.se\/gotland\/en\/before-your-visit\/practical-info\/#primaryimage\",\"url\":\"https:\/\/hogtlagt.se\/gotland\/wp-content\/uploads\/sites\/16\/2020\/03\/28I0901-stor-308476-scaled.jpg\",\"contentUrl\":\"https:\/\/hogtlagt.se\/gotland\/wp-content\/uploads\/sites\/16\/2020\/03\/28I0901-stor-308476-scaled.jpg\",\"width\":2560,\"height\":1707},{\"@type\":\"BreadcrumbList\",\"@id\":\"https:\/\/hogtlagt.se\/gotland\/en\/before-your-visit\/practical-info\/#breadcrumb\",\"itemListElement\":[{\"@type\":\"ListItem\",\"position\":1,\"name\":\"Hem\",\"item\":\"https:\/\/hogtlagt.se\/gotland\/\"},{\"@type\":\"ListItem\",\"position\":2,\"name\":\"Before your visit\",\"item\":\"https:\/\/hogtlagt.se\/gotland\/en\/before-your-visit\/\"},{\"@type\":\"ListItem\",\"position\":3,\"name\":\"Practical info\"}]},{\"@type\":\"WebSite\",\"@id\":\"https:\/\/hogtlagt.se\/gotland\/#website\",\"url\":\"https:\/\/hogtlagt.se\/gotland\/\",\"name\":\"H\u00f6gt &amp; L\u00e5gt Gotland - Klintehamn\",\"description\":\"\",\"potentialAction\":[{\"@type\":\"SearchAction\",\"target\":{\"@type\":\"EntryPoint\",\"urlTemplate\":\"https:\/\/hogtlagt.se\/gotland\/?s={search_term_string}\"},\"query-input\":{\"@type\":\"PropertyValueSpecification\",\"valueRequired\":true,\"valueName\":\"search_term_string\"}}],\"inLanguage\":\"sv-SE\"}]}<\/script>\n<!-- \/ Yoast SEO plugin. -->","yoast_head_json":{"title":"Practical info - H\u00f6gt &amp; L\u00e5gt Gotland - Klintehamn","description":"Vart finns l\u00e4ngsta zipline? H\u00f6jdskr\u00e4ck - inga problem vi har flera l\u00e4gre banor att b\u00f6rja p\u00e5, h\u00e4r hittar du mer info om v\u00e5r h\u00f6gh\u00f6jdsbana, \u00e4ventyrsbana.","robots":{"index":"index","follow":"follow","max-snippet":"max-snippet:-1","max-image-preview":"max-image-preview:large","max-video-preview":"max-video-preview:-1"},"canonical":"https:\/\/hogtlagt.se\/gotland\/en\/before-your-visit\/practical-info\/","og_locale":"sv_SE","og_type":"article","og_title":"Practical info - H\u00f6gt &amp; L\u00e5gt Gotland - Klintehamn","og_description":"Vart finns l\u00e4ngsta zipline? H\u00f6jdskr\u00e4ck - inga problem vi har flera l\u00e4gre banor att b\u00f6rja p\u00e5, h\u00e4r hittar du mer info om v\u00e5r h\u00f6gh\u00f6jdsbana, \u00e4ventyrsbana.","og_url":"https:\/\/hogtlagt.se\/gotland\/en\/before-your-visit\/practical-info\/","og_site_name":"H\u00f6gt &amp; L\u00e5gt Gotland - Klintehamn","article_modified_time":"2023-12-29T09:39:08+00:00","og_image":[{"width":2560,"height":1707,"url":"https:\/\/hogtlagt.se\/gotland\/wp-content\/uploads\/sites\/16\/2020\/03\/28I0901-stor-308476-scaled.jpg","type":"image\/jpeg"}],"twitter_card":"summary_large_image","twitter_misc":{"Ber\u00e4knad l\u00e4stid":"2 minuter"},"schema":{"@context":"https:\/\/schema.org","@graph":[{"@type":"WebPage","@id":"https:\/\/hogtlagt.se\/gotland\/en\/before-your-visit\/practical-info\/","url":"https:\/\/hogtlagt.se\/gotland\/en\/before-your-visit\/practical-info\/","name":"Practical info - H\u00f6gt &amp; L\u00e5gt Gotland - Klintehamn","isPartOf":{"@id":"https:\/\/hogtlagt.se\/gotland\/#website"},"primaryImageOfPage":{"@id":"https:\/\/hogtlagt.se\/gotland\/en\/before-your-visit\/practical-info\/#primaryimage"},"image":{"@id":"https:\/\/hogtlagt.se\/gotland\/en\/before-your-visit\/practical-info\/#primaryimage"},"thumbnailUrl":"https:\/\/hogtlagt.se\/gotland\/wp-content\/uploads\/sites\/16\/2020\/03\/28I0901-stor-308476-scaled.jpg","datePublished":"2021-12-07T13:45:06+00:00","dateModified":"2023-12-29T09:39:08+00:00","description":"Vart finns l\u00e4ngsta zipline? H\u00f6jdskr\u00e4ck - inga problem vi har flera l\u00e4gre banor att b\u00f6rja p\u00e5, h\u00e4r hittar du mer info om v\u00e5r h\u00f6gh\u00f6jdsbana, \u00e4ventyrsbana.","breadcrumb":{"@id":"https:\/\/hogtlagt.se\/gotland\/en\/before-your-visit\/practical-info\/#breadcrumb"},"inLanguage":"sv-SE","potentialAction":[{"@type":"ReadAction","target":["https:\/\/hogtlagt.se\/gotland\/en\/before-your-visit\/practical-info\/"]}]},{"@type":"ImageObject","inLanguage":"sv-SE","@id":"https:\/\/hogtlagt.se\/gotland\/en\/before-your-visit\/practical-info\/#primaryimage","url":"https:\/\/hogtlagt.se\/gotland\/wp-content\/uploads\/sites\/16\/2020\/03\/28I0901-stor-308476-scaled.jpg","contentUrl":"https:\/\/hogtlagt.se\/gotland\/wp-content\/uploads\/sites\/16\/2020\/03\/28I0901-stor-308476-scaled.jpg","width":2560,"height":1707},{"@type":"BreadcrumbList","@id":"https:\/\/hogtlagt.se\/gotland\/en\/before-your-visit\/practical-info\/#breadcrumb","itemListElement":[{"@type":"ListItem","position":1,"name":"Hem","item":"https:\/\/hogtlagt.se\/gotland\/"},{"@type":"ListItem","position":2,"name":"Before your visit","item":"https:\/\/hogtlagt.se\/gotland\/en\/before-your-visit\/"},{"@type":"ListItem","position":3,"name":"Practical info"}]},{"@type":"WebSite","@id":"https:\/\/hogtlagt.se\/gotland\/#website","url":"https:\/\/hogtlagt.se\/gotland\/","name":"H\u00f6gt &amp; L\u00e5gt Gotland - Klintehamn","description":"","potentialAction":[{"@type":"SearchAction","target":{"@type":"EntryPoint","urlTemplate":"https:\/\/hogtlagt.se\/gotland\/?s={search_term_string}"},"query-input":{"@type":"PropertyValueSpecification","valueRequired":true,"valueName":"search_term_string"}}],"inLanguage":"sv-SE"}]}},"_links":{"self":[{"href":"https:\/\/hogtlagt.se\/gotland\/wp-json\/wp\/v2\/pages\/577","targetHints":{"allow":["GET"]}}],"collection":[{"href":"https:\/\/hogtlagt.se\/gotland\/wp-json\/wp\/v2\/pages"}],"about":[{"href":"https:\/\/hogtlagt.se\/gotland\/wp-json\/wp\/v2\/types\/page"}],"author":[{"embeddable":true,"href":"https:\/\/hogtlagt.se\/gotland\/wp-json\/wp\/v2\/users\/6"}],"replies":[{"embeddable":true,"href":"https:\/\/hogtlagt.se\/gotland\/wp-json\/wp\/v2\/comments?post=577"}],"version-history":[{"count":21,"href":"https:\/\/hogtlagt.se\/gotland\/wp-json\/wp\/v2\/pages\/577\/revisions"}],"predecessor-version":[{"id":1975,"href":"https:\/\/hogtlagt.se\/gotland\/wp-json\/wp\/v2\/pages\/577\/revisions\/1975"}],"up":[{"embeddable":true,"href":"https:\/\/hogtlagt.se\/gotland\/wp-json\/wp\/v2\/pages\/593"}],"wp:featuredmedia":[{"embeddable":true,"href":"https:\/\/hogtlagt.se\/gotland\/wp-json\/wp\/v2\/media\/136"}],"wp:attachment":[{"href":"https:\/\/hogtlagt.se\/gotland\/wp-json\/wp\/v2\/media?parent=577"}],"curies":[{"name":"wp","href":"https:\/\/api.w.org\/{rel}","templated":true}]}}