{"id":576,"date":"2021-12-07T14:45:52","date_gmt":"2021-12-07T13:45:52","guid":{"rendered":"https:\/\/hogtlagt.se\/gotland\/?page_id=576"},"modified":"2024-02-22T14:53:42","modified_gmt":"2024-02-22T13:53:42","slug":"bachelor-bachelorette-party-rattvik","status":"publish","type":"page","link":"https:\/\/hogtlagt.se\/gotland\/en\/climbing-park-for-groups-corporate-events-in-gotland\/bachelor-bachelorette-party-rattvik\/","title":{"rendered":"Bachelor\/Bachelorette party Gotland"},"content":{"rendered":"\n<div id=\"hero-block_3a3993aefe44663b93178332a675335a\" class=\"hero-block alignfull\">\n\n    <div class=\"hero-block__background\">\n                    <div class=\"hero-block__bg\">\n                                    <img decoding=\"async\" src=\"https:\/\/hogtlagt.se\/gotland\/wp-content\/uploads\/sites\/16\/2021\/04\/B04I7627-cropped-1-768x432-1.jpg\" alt=\"Kille p\u00e5 svensexa kl\u00e4ttrar ett hinder med monkey bars p\u00e5 den r\u00f6da banan, han skriker av f\u00f6rtjusning\">\n                            <\/div>\n            <\/div>\n\n    <div class=\"hero-block__content\">\n        <div class=\"acf-innerblocks-container\">\n\n<h1 class=\"wp-block-heading has-light-color has-text-color\">Bachelor\/Bachelorette party Gotland<\/h1>\n\n<\/div>\n    <\/div>\n    <div class=\"hero-block__cta\">\n        \n            <\/div>\n    <div class=\"hero-block__scroll\">\n                    <button class=\"scroll-down\">\n                Scroll down!                <i class=\"icon-arrow\"><\/i>\n                        <\/button>\n    <\/div>\n<\/div>\n\n\n\n<div class=\"wp-block-columns is-layout-flex wp-container-core-columns-is-layout-28f84493 wp-block-columns-is-layout-flex\">\n<div class=\"wp-block-column is-layout-flow wp-block-column-is-layout-flow\">\n<p><strong>Are you planning a bachelor party for your best friend or a bachelorette party for your childhood friend? A visit at the park will guarantee a memorable day. An activity which will challenge your bride\/groom-to-be and create laughter, memories and happiness.<\/strong><\/p>\n<\/div>\n\n\n\n<div class=\"wp-block-column is-layout-flow wp-block-column-is-layout-flow\">\n<figure class=\"wp-block-image aligncenter size-large is-resized\"><img loading=\"lazy\" decoding=\"async\" width=\"201\" height=\"189\" src=\"https:\/\/hogtlagt.se\/gotland\/wp-content\/uploads\/sites\/16\/2023\/12\/Layer-2-5.svg\" alt=\"\" class=\"wp-image-1922\" style=\"width:177px;height:auto\"\/><\/figure>\n<\/div>\n<\/div>\n\n\n\n<div style=\"height:38px\" aria-hidden=\"true\" class=\"wp-block-spacer\"><\/div>\n\n\n\n<div class=\"wp-block-columns is-layout-flex wp-container-core-columns-is-layout-28f84493 wp-block-columns-is-layout-flex\">\n<div class=\"wp-block-column is-layout-flow wp-block-column-is-layout-flow\">\n<div id=\"rounded-box-block_7ff155f7937d1fd6021c0291957ec4c0\" class=\"rounded-box-block rounded-box has-background has-primary-background-color\">\n    <div class=\"rounded-box__inner no-image\">\n        <div class=\"acf-innerblocks-container\">\n\n<h3 class=\"wp-block-heading\">Bachelor\/Bachelorette party<\/h3>\n\n\n\n<p>Wether the bride\/groom-to-be is afraid of heights or a real adventurer and adrenalin lover, we are guaranteed to have something suitable!<\/p>\n\n\n\n<p>So make sure to dress him or her up in something \u201cnice\u201d and come to the park, and we will take care of the rest. If you are 6 or more climbers, you will get the bride\/grooms ticket for free, just email us and we will help you.<\/p>\n\n\n\n<p>In order to climb, the following rules apply:<br>-Maximum weight: 120 kg<br>-Climbing is not allowed when pregnant.<br>-Climbing is not allowed of you are intoxicated by alcohol or drugs.<br>-Before climbing in the park, everyone must participate in the mandatory safety briefing led by an instructor.<br>-When climbing, the rules of the park must be followed.&nbsp;<\/p>\n\n\n\n<div class=\"wp-block-buttons is-layout-flex wp-block-buttons-is-layout-flex\">\n<div class=\"wp-block-button\"><a class=\"wp-block-button__link has-tertiary-background-color has-background wp-element-button\" href=\"https:\/\/hogtlagt.se\/gotland\/en\/tickets\/\">Buy tickets<\/a><\/div>\n<\/div>\n\n<\/div>\n            <\/div>\n<\/div>\n<\/div>\n\n\n\n<div class=\"wp-block-column is-layout-flow wp-block-column-is-layout-flow\">\n<div id=\"rounded-box-block_707ec5da65e39314f59c9751ac0fb13c\" class=\"rounded-box-block rounded-box has-background has-dark-background-color\">\n    <div class=\"rounded-box__inner no-image\">\n        <div class=\"acf-innerblocks-container\">\n\n<h3 class=\"wp-block-heading has-light-color has-text-color has-link-color wp-elements-7590bbd3d718b4901a0d40977e241695\">Booking<\/h3>\n\n\n\n<p class=\"has-light-color has-text-color has-link-color wp-elements-ef7ace70eddcf769928b902ff1c4e1dc\">You get three hours at the park, where you can climb as many obstacle courses you want as many times as you want. If someone is not climbing, they are free to join on the ground and follow along, cheering and taking pictures.<\/p>\n\n\n\n<p class=\"has-light-color has-text-color has-link-color wp-elements-39fe65496adb0d78899a033bb62ff204\">You are welcome to bring food and fika (alcohol is fine for when you are done climbing), we have lots of seating areas in the park as well as a grill (you need to bring your own equipment and wood\/coal) if you want to barbecue.<\/p>\n\n\n\n<p class=\"has-light-color has-text-color has-link-color wp-elements-35c72fb1c86f4d3911ca43726e6b208b\">If you\u00a0<strong>are more than\u00a0<\/strong>6 people you will get the bride\/grooms ticket for free. If you\u00a0<strong>are more than<\/strong>\u00a020 people you get a group discount and you need help booking. Please email us at\u00a0<a href=\"mailto:gotland@hogtlagt.se\">gotland@hogtlagt.se<\/a>\u00a0and we will be happy to help you.<\/p>\n\n\n\n<div class=\"wp-block-buttons is-layout-flex wp-block-buttons-is-layout-flex\">\n<div class=\"wp-block-button\"><a class=\"wp-block-button__link has-tertiary-background-color has-background wp-element-button\" href=\"https:\/\/hogtlagt.se\/gotland\/en\/tickets\/\">Buy tickets<\/a><\/div>\n<\/div>\n\n<\/div>\n            <\/div>\n<\/div>\n<\/div>\n<\/div>\n\n\n\n<div style=\"height:80px\" aria-hidden=\"true\" class=\"wp-block-spacer\"><\/div>\n\n\n\n<figure class=\"wp-block-image aligncenter size-large\"><img loading=\"lazy\" decoding=\"async\" width=\"1024\" height=\"683\" src=\"https:\/\/hogtlagt.se\/gotland\/wp-content\/uploads\/sites\/16\/2023\/12\/Hogt-Lagt-WEBB-0896-1024x683.jpg\" alt=\"\" class=\"wp-image-1993\" srcset=\"https:\/\/hogtlagt.se\/gotland\/wp-content\/uploads\/sites\/16\/2023\/12\/Hogt-Lagt-WEBB-0896-1024x683.jpg 1024w, https:\/\/hogtlagt.se\/gotland\/wp-content\/uploads\/sites\/16\/2023\/12\/Hogt-Lagt-WEBB-0896-300x200.jpg 300w, https:\/\/hogtlagt.se\/gotland\/wp-content\/uploads\/sites\/16\/2023\/12\/Hogt-Lagt-WEBB-0896-768x512.jpg 768w, https:\/\/hogtlagt.se\/gotland\/wp-content\/uploads\/sites\/16\/2023\/12\/Hogt-Lagt-WEBB-0896-1536x1024.jpg 1536w, https:\/\/hogtlagt.se\/gotland\/wp-content\/uploads\/sites\/16\/2023\/12\/Hogt-Lagt-WEBB-0896.jpg 2048w\" sizes=\"auto, (max-width: 1024px) 100vw, 1024px\" \/><\/figure>\n\n\n\n<div style=\"height:30px\" aria-hidden=\"true\" class=\"wp-block-spacer\"><\/div>\n\n\n\n<figure class=\"wp-block-image aligncenter size-large is-resized\"><img decoding=\"async\" src=\"https:\/\/hogtlagt.se\/gotland\/wp-content\/uploads\/sites\/16\/2021\/04\/lets_go_dark.svg\" alt=\"\" class=\"wp-image-481\" style=\"width:405px;height:auto\"\/><\/figure>\n\n\n\n<div style=\"height:100px\" aria-hidden=\"true\" class=\"wp-block-spacer\"><\/div>\n\n\n\n<div class=\"wp-block-cover alignfull\" style=\"min-height:376px;aspect-ratio:unset;\"><span aria-hidden=\"true\" class=\"wp-block-cover__background has-background-dim\"><\/span><img loading=\"lazy\" decoding=\"async\" width=\"2048\" height=\"1365\" class=\"wp-block-cover__image-background wp-image-1934\" alt=\"\" src=\"https:\/\/hogtlagt.se\/gotland\/wp-content\/uploads\/sites\/16\/2023\/12\/Hogt-Lagt-WEBB-1235.jpg\" style=\"object-position:50% 66%\" data-object-fit=\"cover\" data-object-position=\"50% 66%\" srcset=\"https:\/\/hogtlagt.se\/gotland\/wp-content\/uploads\/sites\/16\/2023\/12\/Hogt-Lagt-WEBB-1235.jpg 2048w, https:\/\/hogtlagt.se\/gotland\/wp-content\/uploads\/sites\/16\/2023\/12\/Hogt-Lagt-WEBB-1235-300x200.jpg 300w, https:\/\/hogtlagt.se\/gotland\/wp-content\/uploads\/sites\/16\/2023\/12\/Hogt-Lagt-WEBB-1235-1024x683.jpg 1024w, https:\/\/hogtlagt.se\/gotland\/wp-content\/uploads\/sites\/16\/2023\/12\/Hogt-Lagt-WEBB-1235-768x512.jpg 768w, https:\/\/hogtlagt.se\/gotland\/wp-content\/uploads\/sites\/16\/2023\/12\/Hogt-Lagt-WEBB-1235-1536x1024.jpg 1536w\" sizes=\"auto, (max-width: 2048px) 100vw, 2048px\" \/><div class=\"wp-block-cover__inner-container has-global-padding is-layout-constrained wp-block-cover-is-layout-constrained\">\n<p class=\"has-text-align-center\" style=\"font-size:25px\">Everything we do stems from our fundamental values&nbsp;<em>Thorough, Safe, Innovative, Including<\/em>&nbsp;and&nbsp;<em>Challenging<\/em>. We are passionate, we work hard, we care about the experience of each single visitor, we take part in the development of this industry and we have SO much fun along the way!<\/p>\n<\/div><\/div>\n","protected":false},"excerpt":{"rendered":"<p>Are you planning a bachelor party for your best friend or a bachelorette party for your childhood friend? A visit at the park will guarantee a memorable day. An activity&#8230;<\/p>\n","protected":false},"author":6,"featured_media":292,"parent":590,"menu_order":1,"comment_status":"closed","ping_status":"closed","template":"templates\/empty.php","meta":{"_acf_changed":false,"inline_featured_image":false,"footnotes":""},"class_list":["post-576","page","type-page","status-publish","has-post-thumbnail"],"acf":[],"yoast_head":"<!-- This site is optimized with the Yoast SEO plugin v26.1.1 - https:\/\/yoast.com\/wordpress\/plugins\/seo\/ -->\n<title>Bachelor\/Bachelorette party Gotland - H\u00f6gt &amp; L\u00e5gt Gotland - Klintehamn<\/title>\n<meta name=\"robots\" content=\"index, follow, max-snippet:-1, max-image-preview:large, max-video-preview:-1\" \/>\n<link rel=\"canonical\" href=\"https:\/\/hogtlagt.se\/gotland\/en\/climbing-park-for-groups-corporate-events-in-gotland\/bachelor-bachelorette-party-rattvik\/\" \/>\n<meta property=\"og:locale\" content=\"sv_SE\" \/>\n<meta property=\"og:type\" content=\"article\" \/>\n<meta property=\"og:title\" content=\"Bachelor\/Bachelorette party Gotland - H\u00f6gt &amp; L\u00e5gt Gotland - Klintehamn\" \/>\n<meta property=\"og:description\" content=\"Are you planning a bachelor party for your best friend or a bachelorette party for your childhood friend? A visit at the park will guarantee a memorable day. An activity...\" \/>\n<meta property=\"og:url\" content=\"https:\/\/hogtlagt.se\/gotland\/en\/climbing-park-for-groups-corporate-events-in-gotland\/bachelor-bachelorette-party-rattvik\/\" \/>\n<meta property=\"og:site_name\" content=\"H\u00f6gt &amp; L\u00e5gt Gotland - Klintehamn\" \/>\n<meta property=\"article:modified_time\" content=\"2024-02-22T13:53:42+00:00\" \/>\n<meta property=\"og:image\" content=\"https:\/\/hogtlagt.se\/gotland\/wp-content\/uploads\/sites\/16\/2020\/03\/svenssexa-scaled.jpg\" \/>\n\t<meta property=\"og:image:width\" content=\"2560\" \/>\n\t<meta property=\"og:image:height\" content=\"1920\" \/>\n\t<meta property=\"og:image:type\" content=\"image\/jpeg\" \/>\n<meta name=\"twitter:card\" content=\"summary_large_image\" \/>\n<meta name=\"twitter:label1\" content=\"Ber\u00e4knad l\u00e4stid\" \/>\n\t<meta name=\"twitter:data1\" content=\"3 minuter\" \/>\n<script type=\"application\/ld+json\" class=\"yoast-schema-graph\">{\"@context\":\"https:\/\/schema.org\",\"@graph\":[{\"@type\":\"WebPage\",\"@id\":\"https:\/\/hogtlagt.se\/gotland\/en\/climbing-park-for-groups-corporate-events-in-gotland\/bachelor-bachelorette-party-rattvik\/\",\"url\":\"https:\/\/hogtlagt.se\/gotland\/en\/climbing-park-for-groups-corporate-events-in-gotland\/bachelor-bachelorette-party-rattvik\/\",\"name\":\"Bachelor\/Bachelorette party Gotland - H\u00f6gt &amp; L\u00e5gt Gotland - Klintehamn\",\"isPartOf\":{\"@id\":\"https:\/\/hogtlagt.se\/gotland\/#website\"},\"primaryImageOfPage\":{\"@id\":\"https:\/\/hogtlagt.se\/gotland\/en\/climbing-park-for-groups-corporate-events-in-gotland\/bachelor-bachelorette-party-rattvik\/#primaryimage\"},\"image\":{\"@id\":\"https:\/\/hogtlagt.se\/gotland\/en\/climbing-park-for-groups-corporate-events-in-gotland\/bachelor-bachelorette-party-rattvik\/#primaryimage\"},\"thumbnailUrl\":\"https:\/\/hogtlagt.se\/gotland\/wp-content\/uploads\/sites\/16\/2020\/03\/svenssexa-scaled.jpg\",\"datePublished\":\"2021-12-07T13:45:52+00:00\",\"dateModified\":\"2024-02-22T13:53:42+00:00\",\"breadcrumb\":{\"@id\":\"https:\/\/hogtlagt.se\/gotland\/en\/climbing-park-for-groups-corporate-events-in-gotland\/bachelor-bachelorette-party-rattvik\/#breadcrumb\"},\"inLanguage\":\"sv-SE\",\"potentialAction\":[{\"@type\":\"ReadAction\",\"target\":[\"https:\/\/hogtlagt.se\/gotland\/en\/climbing-park-for-groups-corporate-events-in-gotland\/bachelor-bachelorette-party-rattvik\/\"]}]},{\"@type\":\"ImageObject\",\"inLanguage\":\"sv-SE\",\"@id\":\"https:\/\/hogtlagt.se\/gotland\/en\/climbing-park-for-groups-corporate-events-in-gotland\/bachelor-bachelorette-party-rattvik\/#primaryimage\",\"url\":\"https:\/\/hogtlagt.se\/gotland\/wp-content\/uploads\/sites\/16\/2020\/03\/svenssexa-scaled.jpg\",\"contentUrl\":\"https:\/\/hogtlagt.se\/gotland\/wp-content\/uploads\/sites\/16\/2020\/03\/svenssexa-scaled.jpg\",\"width\":2560,\"height\":1920},{\"@type\":\"BreadcrumbList\",\"@id\":\"https:\/\/hogtlagt.se\/gotland\/en\/climbing-park-for-groups-corporate-events-in-gotland\/bachelor-bachelorette-party-rattvik\/#breadcrumb\",\"itemListElement\":[{\"@type\":\"ListItem\",\"position\":1,\"name\":\"Hem\",\"item\":\"https:\/\/hogtlagt.se\/gotland\/\"},{\"@type\":\"ListItem\",\"position\":2,\"name\":\"Climbing park for Groups &#038; Corporate events in Gotland\",\"item\":\"https:\/\/hogtlagt.se\/gotland\/en\/climbing-park-for-groups-corporate-events-in-gotland\/\"},{\"@type\":\"ListItem\",\"position\":3,\"name\":\"Bachelor\/Bachelorette party Gotland\"}]},{\"@type\":\"WebSite\",\"@id\":\"https:\/\/hogtlagt.se\/gotland\/#website\",\"url\":\"https:\/\/hogtlagt.se\/gotland\/\",\"name\":\"H\u00f6gt &amp; L\u00e5gt Gotland - Klintehamn\",\"description\":\"\",\"potentialAction\":[{\"@type\":\"SearchAction\",\"target\":{\"@type\":\"EntryPoint\",\"urlTemplate\":\"https:\/\/hogtlagt.se\/gotland\/?s={search_term_string}\"},\"query-input\":{\"@type\":\"PropertyValueSpecification\",\"valueRequired\":true,\"valueName\":\"search_term_string\"}}],\"inLanguage\":\"sv-SE\"}]}<\/script>\n<!-- \/ Yoast SEO plugin. -->","yoast_head_json":{"title":"Bachelor\/Bachelorette party Gotland - H\u00f6gt &amp; L\u00e5gt Gotland - Klintehamn","robots":{"index":"index","follow":"follow","max-snippet":"max-snippet:-1","max-image-preview":"max-image-preview:large","max-video-preview":"max-video-preview:-1"},"canonical":"https:\/\/hogtlagt.se\/gotland\/en\/climbing-park-for-groups-corporate-events-in-gotland\/bachelor-bachelorette-party-rattvik\/","og_locale":"sv_SE","og_type":"article","og_title":"Bachelor\/Bachelorette party Gotland - H\u00f6gt &amp; L\u00e5gt Gotland - Klintehamn","og_description":"Are you planning a bachelor party for your best friend or a bachelorette party for your childhood friend? A visit at the park will guarantee a memorable day. An activity...","og_url":"https:\/\/hogtlagt.se\/gotland\/en\/climbing-park-for-groups-corporate-events-in-gotland\/bachelor-bachelorette-party-rattvik\/","og_site_name":"H\u00f6gt &amp; L\u00e5gt Gotland - Klintehamn","article_modified_time":"2024-02-22T13:53:42+00:00","og_image":[{"width":2560,"height":1920,"url":"https:\/\/hogtlagt.se\/gotland\/wp-content\/uploads\/sites\/16\/2020\/03\/svenssexa-scaled.jpg","type":"image\/jpeg"}],"twitter_card":"summary_large_image","twitter_misc":{"Ber\u00e4knad l\u00e4stid":"3 minuter"},"schema":{"@context":"https:\/\/schema.org","@graph":[{"@type":"WebPage","@id":"https:\/\/hogtlagt.se\/gotland\/en\/climbing-park-for-groups-corporate-events-in-gotland\/bachelor-bachelorette-party-rattvik\/","url":"https:\/\/hogtlagt.se\/gotland\/en\/climbing-park-for-groups-corporate-events-in-gotland\/bachelor-bachelorette-party-rattvik\/","name":"Bachelor\/Bachelorette party Gotland - H\u00f6gt &amp; L\u00e5gt Gotland - Klintehamn","isPartOf":{"@id":"https:\/\/hogtlagt.se\/gotland\/#website"},"primaryImageOfPage":{"@id":"https:\/\/hogtlagt.se\/gotland\/en\/climbing-park-for-groups-corporate-events-in-gotland\/bachelor-bachelorette-party-rattvik\/#primaryimage"},"image":{"@id":"https:\/\/hogtlagt.se\/gotland\/en\/climbing-park-for-groups-corporate-events-in-gotland\/bachelor-bachelorette-party-rattvik\/#primaryimage"},"thumbnailUrl":"https:\/\/hogtlagt.se\/gotland\/wp-content\/uploads\/sites\/16\/2020\/03\/svenssexa-scaled.jpg","datePublished":"2021-12-07T13:45:52+00:00","dateModified":"2024-02-22T13:53:42+00:00","breadcrumb":{"@id":"https:\/\/hogtlagt.se\/gotland\/en\/climbing-park-for-groups-corporate-events-in-gotland\/bachelor-bachelorette-party-rattvik\/#breadcrumb"},"inLanguage":"sv-SE","potentialAction":[{"@type":"ReadAction","target":["https:\/\/hogtlagt.se\/gotland\/en\/climbing-park-for-groups-corporate-events-in-gotland\/bachelor-bachelorette-party-rattvik\/"]}]},{"@type":"ImageObject","inLanguage":"sv-SE","@id":"https:\/\/hogtlagt.se\/gotland\/en\/climbing-park-for-groups-corporate-events-in-gotland\/bachelor-bachelorette-party-rattvik\/#primaryimage","url":"https:\/\/hogtlagt.se\/gotland\/wp-content\/uploads\/sites\/16\/2020\/03\/svenssexa-scaled.jpg","contentUrl":"https:\/\/hogtlagt.se\/gotland\/wp-content\/uploads\/sites\/16\/2020\/03\/svenssexa-scaled.jpg","width":2560,"height":1920},{"@type":"BreadcrumbList","@id":"https:\/\/hogtlagt.se\/gotland\/en\/climbing-park-for-groups-corporate-events-in-gotland\/bachelor-bachelorette-party-rattvik\/#breadcrumb","itemListElement":[{"@type":"ListItem","position":1,"name":"Hem","item":"https:\/\/hogtlagt.se\/gotland\/"},{"@type":"ListItem","position":2,"name":"Climbing park for Groups &#038; Corporate events in Gotland","item":"https:\/\/hogtlagt.se\/gotland\/en\/climbing-park-for-groups-corporate-events-in-gotland\/"},{"@type":"ListItem","position":3,"name":"Bachelor\/Bachelorette party Gotland"}]},{"@type":"WebSite","@id":"https:\/\/hogtlagt.se\/gotland\/#website","url":"https:\/\/hogtlagt.se\/gotland\/","name":"H\u00f6gt &amp; L\u00e5gt Gotland - Klintehamn","description":"","potentialAction":[{"@type":"SearchAction","target":{"@type":"EntryPoint","urlTemplate":"https:\/\/hogtlagt.se\/gotland\/?s={search_term_string}"},"query-input":{"@type":"PropertyValueSpecification","valueRequired":true,"valueName":"search_term_string"}}],"inLanguage":"sv-SE"}]}},"_links":{"self":[{"href":"https:\/\/hogtlagt.se\/gotland\/wp-json\/wp\/v2\/pages\/576","targetHints":{"allow":["GET"]}}],"collection":[{"href":"https:\/\/hogtlagt.se\/gotland\/wp-json\/wp\/v2\/pages"}],"about":[{"href":"https:\/\/hogtlagt.se\/gotland\/wp-json\/wp\/v2\/types\/page"}],"author":[{"embeddable":true,"href":"https:\/\/hogtlagt.se\/gotland\/wp-json\/wp\/v2\/users\/6"}],"replies":[{"embeddable":true,"href":"https:\/\/hogtlagt.se\/gotland\/wp-json\/wp\/v2\/comments?post=576"}],"version-history":[{"count":12,"href":"https:\/\/hogtlagt.se\/gotland\/wp-json\/wp\/v2\/pages\/576\/revisions"}],"predecessor-version":[{"id":2066,"href":"https:\/\/hogtlagt.se\/gotland\/wp-json\/wp\/v2\/pages\/576\/revisions\/2066"}],"up":[{"embeddable":true,"href":"https:\/\/hogtlagt.se\/gotland\/wp-json\/wp\/v2\/pages\/590"}],"wp:featuredmedia":[{"embeddable":true,"href":"https:\/\/hogtlagt.se\/gotland\/wp-json\/wp\/v2\/media\/292"}],"wp:attachment":[{"href":"https:\/\/hogtlagt.se\/gotland\/wp-json\/wp\/v2\/media?parent=576"}],"curies":[{"name":"wp","href":"https:\/\/api.w.org\/{rel}","templated":true}]}}