{"id":16,"date":"2020-02-28T12:46:04","date_gmt":"2020-02-28T11:46:04","guid":{"rendered":"http:\/\/hogtlagt.se.hemsida.eu\/rattvik\/?page_id=16"},"modified":"2024-05-02T18:43:02","modified_gmt":"2024-05-02T16:43:02","slug":"aktiviteter-gotland","status":"publish","type":"page","link":"https:\/\/hogtlagt.se\/gotland\/klatterparken\/aktiviteter-gotland\/","title":{"rendered":"Andra aktiviteter p\u00e5 Gotland"},"content":{"rendered":"\n<div class=\"wp-block-cover alignfull\" style=\"min-height:600px;aspect-ratio:unset;\"><span aria-hidden=\"true\" class=\"wp-block-cover__background has-background-dim-10 has-background-dim\"><\/span><img loading=\"lazy\" decoding=\"async\" width=\"2560\" height=\"1707\" class=\"wp-block-cover__image-background wp-image-1794\" alt=\"\" src=\"https:\/\/hogtlagt.se\/gotland\/wp-content\/uploads\/sites\/16\/2023\/10\/Andra-aktiviteter-scaled.jpg\" data-object-fit=\"cover\" srcset=\"https:\/\/hogtlagt.se\/gotland\/wp-content\/uploads\/sites\/16\/2023\/10\/Andra-aktiviteter-scaled.jpg 2560w, https:\/\/hogtlagt.se\/gotland\/wp-content\/uploads\/sites\/16\/2023\/10\/Andra-aktiviteter-300x200.jpg 300w, https:\/\/hogtlagt.se\/gotland\/wp-content\/uploads\/sites\/16\/2023\/10\/Andra-aktiviteter-1024x683.jpg 1024w, https:\/\/hogtlagt.se\/gotland\/wp-content\/uploads\/sites\/16\/2023\/10\/Andra-aktiviteter-768x512.jpg 768w, https:\/\/hogtlagt.se\/gotland\/wp-content\/uploads\/sites\/16\/2023\/10\/Andra-aktiviteter-1536x1024.jpg 1536w, https:\/\/hogtlagt.se\/gotland\/wp-content\/uploads\/sites\/16\/2023\/10\/Andra-aktiviteter-2048x1365.jpg 2048w\" sizes=\"auto, (max-width: 2560px) 100vw, 2560px\" \/><div class=\"wp-block-cover__inner-container has-global-padding is-layout-constrained wp-block-cover-is-layout-constrained\">\n<h2 class=\"wp-block-heading has-text-align-center\" style=\"font-size:55px\">Tips p\u00e5 aktiviteter p\u00e5 Gotland<\/h2>\n<\/div><\/div>\n\n\n\n<div style=\"height:100px\" aria-hidden=\"true\" class=\"wp-block-spacer\"><\/div>\n\n\n\n<div class=\"wp-block-columns is-layout-flex wp-container-core-columns-is-layout-28f84493 wp-block-columns-is-layout-flex\">\n<div class=\"wp-block-column is-layout-flow wp-block-column-is-layout-flow\">\n<div class=\"wp-block-columns is-layout-flex wp-container-core-columns-is-layout-28f84493 wp-block-columns-is-layout-flex\">\n<div class=\"wp-block-column is-layout-flow wp-block-column-is-layout-flow\">\n<p><strong>Letar ni efter roliga och sp\u00e4nnande aktiviteter att g\u00f6ra f\u00f6r b\u00e5de barn och vuxna p\u00e5 Gotland? H\u00e4r har vi samlat n\u00e5gra&nbsp;olika tips p\u00e5 saker att g\u00f6ra med barn, familj, och v\u00e4nner kanske p\u00e5 semestern eller n\u00e4r andan faller p\u00e5.&nbsp;<\/strong><\/p>\n<\/div>\n\n\n\n<div class=\"wp-block-column is-layout-flow wp-block-column-is-layout-flow\">\n<figure class=\"wp-block-image aligncenter size-large is-resized\"><img loading=\"lazy\" decoding=\"async\" width=\"799\" height=\"837\" src=\"https:\/\/hogtlagt.se\/gotland\/wp-content\/uploads\/sites\/16\/2024\/01\/Group-1351.svg\" alt=\"\" class=\"wp-image-2004\" style=\"width:172px;height:auto\"\/><\/figure>\n<\/div>\n<\/div>\n\n\n\n<div style=\"height:54px\" aria-hidden=\"true\" class=\"wp-block-spacer\"><\/div>\n<\/div>\n<\/div>\n\n\n\n<div id=\"two-col-img-block_3db6fc92dbcbdcb98fff7c99993759b2\" class=\"two-col-img\">\n    <div class=\"two-block-img__wrapper \">\n\n        <img decoding=\"async\" class=\"img-col\" src=\"https:\/\/hogtlagt.se\/gotland\/wp-content\/uploads\/sites\/16\/2023\/10\/boksta\u0308ver-1-768x576.jpg\" alt=\"\">\n\n        <div class=\"text-col\">\n                        <div class=\"text-col-inner\">\n                <h3>H\u00f6gt &amp; L\u00e5gt Gotland<\/h3>\n<p>Kl\u00e4ttra, svinga dig, balansera och s\u00e5 klart, \u00e5k zipline! H\u00f6gt &amp; L\u00e5gt Gotland \u00e4r en kl\u00e4tterpark med 6 h\u00f6gh\u00f6jdsbanor som g\u00e5r p\u00e5 mellan 1-8 meters h\u00f6jd, och vi har utmaningar f\u00f6r alla. Hos oss kan alla mellan 80 cm och 120 kg kl\u00e4ttra och du k\u00f6per biljetter f\u00f6r 3 timmar. Varva strandh\u00e4nget med \u00e4ventyr bland tr\u00e4dtopparna! Ta med farmor, syrran, dejten, kollegan och fikakorgen s\u00e5 ses vi bland tallarna utanf\u00f6r Klintehamn. L\u00e4s mer om kl\u00e4tterparken och v\u00e5ra banor <a href=\"https:\/\/hogtlagt.se\/gotland\/klatterparken\/klatterbanorna\/\">h\u00e4r.<\/a><\/p>\n                            <\/div>\n        <\/div>\n\n    <\/div>\n<\/div>\n\n\n\n<div id=\"two-col-img-block_e01c50747038eaacbf9d51a46286a7f8\" class=\"two-col-img\">\n    <div class=\"two-block-img__wrapper reverse-col\">\n\n        <img decoding=\"async\" class=\"img-col\" src=\"https:\/\/hogtlagt.se\/gotland\/wp-content\/uploads\/sites\/16\/2024\/04\/Kneippbyn-e1712080378461-768x492.jpg\" alt=\"\">\n\n        <div class=\"text-col\">\n                        <div class=\"text-col-inner\">\n                <h3>Kneippbyn<\/h3>\n<p>Kneippbyn har under m\u00e5nga somrar underh\u00e5llit bes\u00f6kare p\u00e5 Gotland. Strax s\u00f6der om Visby finner du denna k\u00e4nda destination d\u00e4r det finns s\u00e5v\u00e4l vattenland, sommarland, \u00e4ventyrsgolf och sportcenter. Kneippbyn har \u00e4ven boende och ett flertal restauranger.<\/p>\n                            <\/div>\n        <\/div>\n\n    <\/div>\n<\/div>\n\n\n\n<div id=\"two-col-img-block_6f8102dbd00aeb929a9a10d148f161d7\" class=\"two-col-img\">\n    <div class=\"two-block-img__wrapper \">\n\n        <img decoding=\"async\" class=\"img-col\" src=\"https:\/\/hogtlagt.se\/gotland\/wp-content\/uploads\/sites\/16\/2024\/04\/Ekstakusten-768x576.jpg\" alt=\"\">\n\n        <div class=\"text-col\">\n                        <div class=\"text-col-inner\">\n                <h3>Ekstakusten<\/h3>\n<p>Promenera och upplev Ekstakustens naturreservat, ett ca 4 km l\u00e5ngt avsnitt av Ekstakusten med fantastisk natur, d\u00e4ribland de typisk Gotl\u00e4ndska tallar som genom v\u00e4der och vind har de karakt\u00e4ristiska slingriga formerna. Se ocks\u00e5 till att stanna kvar f\u00f6r att uppleva solnedg\u00e5ngen d\u00e5 havet och Karls\u00f6arna f\u00e4rgas eldr\u00f6da.<\/p>\n                            <\/div>\n        <\/div>\n\n    <\/div>\n<\/div>\n\n\n\n<div id=\"two-col-img-block_c7eddc237975965fea11b1aa0479928d\" class=\"two-col-img\">\n    <div class=\"two-block-img__wrapper reverse-col\">\n\n        <img decoding=\"async\" class=\"img-col\" src=\"https:\/\/hogtlagt.se\/gotland\/wp-content\/uploads\/sites\/16\/2024\/04\/Lummelunda-768x510.jpg\" alt=\"\">\n\n        <div class=\"text-col\">\n                        <div class=\"text-col-inner\">\n                <h3>Lummelundagrottan<\/h3>\n<p>Utforska Sveriges h\u00e4ftigaste grottor, strax norr om Visby! Stora h\u00e5ligheter formade av vatten som under 20 000 \u00e5r sipprat ner i berggrunden best\u00e5ende av kalksten har skapat Lummelundagrottan som idag \u00e4r ett givet turistm\u00e5l under en vistelse p\u00e5 Gotland. I dagsl\u00e4get \u00e4r ca 4 km av grottan utforskad och kartlagd och det finns flera olika typer av guidade visningar och \u00e4ventyr i grottan.<\/p>\n                            <\/div>\n        <\/div>\n\n    <\/div>\n<\/div>\n\n\n\n<div id=\"two-col-img-block_2a5b2b85cc0242d8c3a10d2f81bf8911\" class=\"two-col-img\">\n    <div class=\"two-block-img__wrapper \">\n\n        <img decoding=\"async\" class=\"img-col\" src=\"https:\/\/hogtlagt.se\/gotland\/wp-content\/uploads\/sites\/16\/2024\/04\/Lojsta2-768x512.jpg\" alt=\"\">\n\n        <div class=\"text-col\">\n                        <div class=\"text-col-inner\">\n                <h3>Lojsta Hall och slott<\/h3>\n<p>Bes\u00f6k Lojsta Hall och Slott och se de gamla g\u00e5rdarna och kvarl\u00e4mningarna fr\u00e5n svunna tider. En fin promenad d\u00e4r skyltar ber\u00e4ttar om hur bebyggelsen troligen s\u00e5g ut och anv\u00e4ndes. Vid Lojstasj\u00f6n finns en fin badplats med brygga och kanotuthyrning.<\/p>\n                            <\/div>\n        <\/div>\n\n    <\/div>\n<\/div>\n\n\n\n<div id=\"two-col-img-block_93d7f75cf3b9d5c206e530c35abc134e\" class=\"two-col-img\">\n    <div class=\"two-block-img__wrapper reverse-col\">\n\n        <img decoding=\"async\" class=\"img-col\" src=\"https:\/\/hogtlagt.se\/gotland\/wp-content\/uploads\/sites\/16\/2024\/04\/Museigard-768x577.jpg\" alt=\"\">\n\n        <div class=\"text-col\">\n                        <div class=\"text-col-inner\">\n                <h3>Norrbys Museig\u00e5rd<\/h3>\n<p>Ett bes\u00f6k p\u00e5 n\u00e5gon av Gotlands alla g\u00e5rdsbutiker \u00e4r ett m\u00e5ste under vistelsen p\u00e5 \u00f6n. Norrbys Museig\u00e5rd \u00e4r mer \u00e4n bara en vanlig g\u00e5rdsbutik, h\u00e4r f\u00e5r du uppleva en bevarad g\u00e5rdsmilj\u00f6 s\u00e5som den s\u00e5g ut p\u00e5 1930-talet. S\u00e5v\u00e4l utomhus som inomhusmilj\u00f6n \u00e4r tidstypisk och p\u00e5 sommaren finns djur p\u00e5 g\u00e5rden. F\u00f6r barn finns h\u00e4r m\u00f6jlighet att kl\u00e4 ut sig i tidstypiska kl\u00e4der och prova p\u00e5 sysslor s\u00e5som byka tv\u00e4tt och karda ull. Sommartid finns \u00e4ven ett caf\u00e9. Norrbys Museig\u00e5rd \u00e4r Gotlands enda kulturreservat.<\/p>\n                            <\/div>\n        <\/div>\n\n    <\/div>\n<\/div>\n\n\n\n<div id=\"two-col-img-block_df4f00af397593e36bf4d568a2ba75d0\" class=\"two-col-img\">\n    <div class=\"two-block-img__wrapper \">\n\n        <img decoding=\"async\" class=\"img-col\" src=\"https:\/\/hogtlagt.se\/gotland\/wp-content\/uploads\/sites\/16\/2024\/04\/Warfsholm-768x512.jpg\" alt=\"\">\n\n        <div class=\"text-col\">\n                        <div class=\"text-col-inner\">\n                <h3>Warfsholm<\/h3>\n<p>En \u00f6vernattning, ett bad, eller en underbar middag med front row utsikt \u00f6ver solnedg\u00e5ngen vid kusten utanf\u00f6r Klintehamn. Warfsholm ligger bokstavligt talat vid havet och \u00e4r en pensionatsp\u00e4rla som funnits sedan 1899. Kom och andas, varva ner och upplev Gotland n\u00e4r det \u00e4r som vackrast.<\/p>\n                            <\/div>\n        <\/div>\n\n    <\/div>\n<\/div>\n\n\n\n<div id=\"two-col-img-block_5555b8494d1465e659476b20c79dbde9\" class=\"two-col-img\">\n    <div class=\"two-block-img__wrapper reverse-col\">\n\n        <img decoding=\"async\" class=\"img-col\" src=\"https:\/\/hogtlagt.se\/gotland\/wp-content\/uploads\/sites\/16\/2024\/04\/StoraKarlso-768x512.jpg\" alt=\"\">\n\n        <div class=\"text-col\">\n                        <div class=\"text-col-inner\">\n                <h3>Stora Karls\u00f6<\/h3>\n<p>Ta b\u00e5ten fr\u00e5n Klintehamn ut till Stora Karls\u00f6! H\u00e4r v\u00e4ntar kalkstensklippor, blommande \u00e4ngar, ett rikt f\u00e5gelliv och sp\u00e5r av historien med bland annat flera sten\u00e5ldersgrottor. Himmel m\u00f6ter hav och den friska havsluften fyller dina lungor. Och varf\u00f6r inte avnjuta en god middag p\u00e5 restaurangen d\u00e4r det under sommaren ordnas bland annat f\u00f6rfattarsamtal, musikf\u00f6rest\u00e4llningar och dryckesprovningar.<\/p>\n<p>&nbsp;<\/p>\n                            <\/div>\n        <\/div>\n\n    <\/div>\n<\/div>\n\n\n\n<div style=\"height:68px\" aria-hidden=\"true\" class=\"wp-block-spacer\"><\/div>\n\n\n\n<div style=\"height:100px\" aria-hidden=\"true\" class=\"wp-block-spacer\"><\/div>\n\n\n\n<div class=\"wp-block-cover alignfull\" style=\"min-height:376px;aspect-ratio:unset;\"><span aria-hidden=\"true\" class=\"wp-block-cover__background has-background-dim\"><\/span><img loading=\"lazy\" decoding=\"async\" width=\"2048\" height=\"1365\" class=\"wp-block-cover__image-background wp-image-1934\" alt=\"\" src=\"https:\/\/hogtlagt.se\/gotland\/wp-content\/uploads\/sites\/16\/2023\/12\/Hogt-Lagt-WEBB-1235.jpg\" style=\"object-position:50% 66%\" data-object-fit=\"cover\" data-object-position=\"50% 66%\" srcset=\"https:\/\/hogtlagt.se\/gotland\/wp-content\/uploads\/sites\/16\/2023\/12\/Hogt-Lagt-WEBB-1235.jpg 2048w, https:\/\/hogtlagt.se\/gotland\/wp-content\/uploads\/sites\/16\/2023\/12\/Hogt-Lagt-WEBB-1235-300x200.jpg 300w, https:\/\/hogtlagt.se\/gotland\/wp-content\/uploads\/sites\/16\/2023\/12\/Hogt-Lagt-WEBB-1235-1024x683.jpg 1024w, https:\/\/hogtlagt.se\/gotland\/wp-content\/uploads\/sites\/16\/2023\/12\/Hogt-Lagt-WEBB-1235-768x512.jpg 768w, https:\/\/hogtlagt.se\/gotland\/wp-content\/uploads\/sites\/16\/2023\/12\/Hogt-Lagt-WEBB-1235-1536x1024.jpg 1536w\" sizes=\"auto, (max-width: 2048px) 100vw, 2048px\" \/><div class=\"wp-block-cover__inner-container has-global-padding is-layout-constrained wp-block-cover-is-layout-constrained\">\n<p class=\"has-text-align-center\" style=\"font-size:25px\">Allt vi g\u00f6r genomsyras av v\u00e5ra grundl\u00e4ggande v\u00e4rden&nbsp;<em>Genomarbetat, S\u00e4kert, Innovativt, Inkluderande<\/em>&nbsp;och&nbsp;<em>Utmanande.<\/em>&nbsp;Vi \u00e4r drivna, vi arbetar h\u00e5rt, vi brinner f\u00f6r varje kunds upplevelse, vi \u00e4r med och utvecklar branschen och vi har j\u00e4kligt roligt medans vi g\u00f6r det!<\/p>\n<\/div><\/div>\n","protected":false},"excerpt":{"rendered":"<p>Letar ni efter roliga och sp\u00e4nnande aktiviteter att g\u00f6ra f\u00f6r b\u00e5de barn och vuxna p\u00e5 Gotland? H\u00e4r har vi samlat n\u00e5gra&nbsp;olika tips p\u00e5 saker att g\u00f6ra med barn, familj, och&#8230;<\/p>\n","protected":false},"author":1,"featured_media":1824,"parent":10,"menu_order":4,"comment_status":"closed","ping_status":"closed","template":"templates\/empty.php","meta":{"_acf_changed":false,"inline_featured_image":false,"footnotes":""},"class_list":["post-16","page","type-page","status-publish","has-post-thumbnail"],"acf":[],"yoast_head":"<!-- This site is optimized with the Yoast SEO plugin v26.1.1 - https:\/\/yoast.com\/wordpress\/plugins\/seo\/ -->\n<title>Att g\u00f6ra p\u00e5 gotland, H\u00f6gh\u00f6jdsbana, barnaktiviteter,- H\u00f6gt &amp; L\u00e5gt Gotland - Klintehamn<\/title>\n<meta name=\"description\" content=\"Kl\u00e4tterpark best\u00e5ende av 6 h\u00f6gh\u00f6jdsbanor \u00e5 olika h\u00f6jd, h\u00e4r finns n\u00e5got f\u00f6r alla. Inga f\u00f6rkunskaper kr\u00e4vs - v\u00e4lkommen att uppt\u00e4cka \u00e4ventyret!\" \/>\n<meta name=\"robots\" content=\"index, follow, max-snippet:-1, max-image-preview:large, max-video-preview:-1\" \/>\n<link rel=\"canonical\" href=\"https:\/\/hogtlagt.se\/gotland\/klatterparken\/aktiviteter-gotland\/\" \/>\n<meta property=\"og:locale\" content=\"sv_SE\" \/>\n<meta property=\"og:type\" content=\"article\" \/>\n<meta property=\"og:title\" content=\"Att g\u00f6ra p\u00e5 gotland, H\u00f6gh\u00f6jdsbana, barnaktiviteter,- H\u00f6gt &amp; L\u00e5gt Gotland - Klintehamn\" \/>\n<meta property=\"og:description\" content=\"Kl\u00e4tterpark best\u00e5ende av 6 h\u00f6gh\u00f6jdsbanor \u00e5 olika h\u00f6jd, h\u00e4r finns n\u00e5got f\u00f6r alla. Inga f\u00f6rkunskaper kr\u00e4vs - v\u00e4lkommen att uppt\u00e4cka \u00e4ventyret!\" \/>\n<meta property=\"og:url\" content=\"https:\/\/hogtlagt.se\/gotland\/klatterparken\/aktiviteter-gotland\/\" \/>\n<meta property=\"og:site_name\" content=\"H\u00f6gt &amp; L\u00e5gt Gotland - Klintehamn\" \/>\n<meta property=\"article:modified_time\" content=\"2024-05-02T16:43:02+00:00\" \/>\n<meta property=\"og:image\" content=\"https:\/\/hogtlagt.se\/gotland\/wp-content\/uploads\/sites\/16\/2023\/10\/Andra-aktiviteter-1-scaled.jpg\" \/>\n\t<meta property=\"og:image:width\" content=\"2560\" \/>\n\t<meta property=\"og:image:height\" content=\"1707\" \/>\n\t<meta property=\"og:image:type\" content=\"image\/jpeg\" \/>\n<meta name=\"twitter:card\" content=\"summary_large_image\" \/>\n<meta name=\"twitter:label1\" content=\"Ber\u00e4knad l\u00e4stid\" \/>\n\t<meta name=\"twitter:data1\" content=\"2 minuter\" \/>\n<script type=\"application\/ld+json\" class=\"yoast-schema-graph\">{\"@context\":\"https:\/\/schema.org\",\"@graph\":[{\"@type\":\"WebPage\",\"@id\":\"https:\/\/hogtlagt.se\/gotland\/klatterparken\/aktiviteter-gotland\/\",\"url\":\"https:\/\/hogtlagt.se\/gotland\/klatterparken\/aktiviteter-gotland\/\",\"name\":\"Att g\u00f6ra p\u00e5 gotland, H\u00f6gh\u00f6jdsbana, barnaktiviteter,- H\u00f6gt &amp; L\u00e5gt Gotland - Klintehamn\",\"isPartOf\":{\"@id\":\"https:\/\/hogtlagt.se\/gotland\/#website\"},\"primaryImageOfPage\":{\"@id\":\"https:\/\/hogtlagt.se\/gotland\/klatterparken\/aktiviteter-gotland\/#primaryimage\"},\"image\":{\"@id\":\"https:\/\/hogtlagt.se\/gotland\/klatterparken\/aktiviteter-gotland\/#primaryimage\"},\"thumbnailUrl\":\"https:\/\/hogtlagt.se\/gotland\/wp-content\/uploads\/sites\/16\/2023\/10\/Andra-aktiviteter-1-scaled.jpg\",\"datePublished\":\"2020-02-28T11:46:04+00:00\",\"dateModified\":\"2024-05-02T16:43:02+00:00\",\"description\":\"Kl\u00e4tterpark best\u00e5ende av 6 h\u00f6gh\u00f6jdsbanor \u00e5 olika h\u00f6jd, h\u00e4r finns n\u00e5got f\u00f6r alla. Inga f\u00f6rkunskaper kr\u00e4vs - v\u00e4lkommen att uppt\u00e4cka \u00e4ventyret!\",\"breadcrumb\":{\"@id\":\"https:\/\/hogtlagt.se\/gotland\/klatterparken\/aktiviteter-gotland\/#breadcrumb\"},\"inLanguage\":\"sv-SE\",\"potentialAction\":[{\"@type\":\"ReadAction\",\"target\":[\"https:\/\/hogtlagt.se\/gotland\/klatterparken\/aktiviteter-gotland\/\"]}]},{\"@type\":\"ImageObject\",\"inLanguage\":\"sv-SE\",\"@id\":\"https:\/\/hogtlagt.se\/gotland\/klatterparken\/aktiviteter-gotland\/#primaryimage\",\"url\":\"https:\/\/hogtlagt.se\/gotland\/wp-content\/uploads\/sites\/16\/2023\/10\/Andra-aktiviteter-1-scaled.jpg\",\"contentUrl\":\"https:\/\/hogtlagt.se\/gotland\/wp-content\/uploads\/sites\/16\/2023\/10\/Andra-aktiviteter-1-scaled.jpg\",\"width\":2560,\"height\":1707,\"caption\":\"Glad familj som pratar om hur det var att kl\u00e4ttra i h\u00f6gh\u00f6jdsbanorna\"},{\"@type\":\"BreadcrumbList\",\"@id\":\"https:\/\/hogtlagt.se\/gotland\/klatterparken\/aktiviteter-gotland\/#breadcrumb\",\"itemListElement\":[{\"@type\":\"ListItem\",\"position\":1,\"name\":\"Hem\",\"item\":\"https:\/\/hogtlagt.se\/gotland\/\"},{\"@type\":\"ListItem\",\"position\":2,\"name\":\"Kl\u00e4tterparken p\u00e5 Gotland\",\"item\":\"https:\/\/hogtlagt.se\/gotland\/klatterparken\/\"},{\"@type\":\"ListItem\",\"position\":3,\"name\":\"Andra aktiviteter p\u00e5 Gotland\"}]},{\"@type\":\"WebSite\",\"@id\":\"https:\/\/hogtlagt.se\/gotland\/#website\",\"url\":\"https:\/\/hogtlagt.se\/gotland\/\",\"name\":\"H\u00f6gt &amp; L\u00e5gt Gotland - Klintehamn\",\"description\":\"\",\"potentialAction\":[{\"@type\":\"SearchAction\",\"target\":{\"@type\":\"EntryPoint\",\"urlTemplate\":\"https:\/\/hogtlagt.se\/gotland\/?s={search_term_string}\"},\"query-input\":{\"@type\":\"PropertyValueSpecification\",\"valueRequired\":true,\"valueName\":\"search_term_string\"}}],\"inLanguage\":\"sv-SE\"}]}<\/script>\n<!-- \/ Yoast SEO plugin. -->","yoast_head_json":{"title":"Att g\u00f6ra p\u00e5 gotland, H\u00f6gh\u00f6jdsbana, barnaktiviteter,- H\u00f6gt &amp; L\u00e5gt Gotland - Klintehamn","description":"Kl\u00e4tterpark best\u00e5ende av 6 h\u00f6gh\u00f6jdsbanor \u00e5 olika h\u00f6jd, h\u00e4r finns n\u00e5got f\u00f6r alla. Inga f\u00f6rkunskaper kr\u00e4vs - v\u00e4lkommen att uppt\u00e4cka \u00e4ventyret!","robots":{"index":"index","follow":"follow","max-snippet":"max-snippet:-1","max-image-preview":"max-image-preview:large","max-video-preview":"max-video-preview:-1"},"canonical":"https:\/\/hogtlagt.se\/gotland\/klatterparken\/aktiviteter-gotland\/","og_locale":"sv_SE","og_type":"article","og_title":"Att g\u00f6ra p\u00e5 gotland, H\u00f6gh\u00f6jdsbana, barnaktiviteter,- H\u00f6gt &amp; L\u00e5gt Gotland - Klintehamn","og_description":"Kl\u00e4tterpark best\u00e5ende av 6 h\u00f6gh\u00f6jdsbanor \u00e5 olika h\u00f6jd, h\u00e4r finns n\u00e5got f\u00f6r alla. Inga f\u00f6rkunskaper kr\u00e4vs - v\u00e4lkommen att uppt\u00e4cka \u00e4ventyret!","og_url":"https:\/\/hogtlagt.se\/gotland\/klatterparken\/aktiviteter-gotland\/","og_site_name":"H\u00f6gt &amp; L\u00e5gt Gotland - Klintehamn","article_modified_time":"2024-05-02T16:43:02+00:00","og_image":[{"width":2560,"height":1707,"url":"https:\/\/hogtlagt.se\/gotland\/wp-content\/uploads\/sites\/16\/2023\/10\/Andra-aktiviteter-1-scaled.jpg","type":"image\/jpeg"}],"twitter_card":"summary_large_image","twitter_misc":{"Ber\u00e4knad l\u00e4stid":"2 minuter"},"schema":{"@context":"https:\/\/schema.org","@graph":[{"@type":"WebPage","@id":"https:\/\/hogtlagt.se\/gotland\/klatterparken\/aktiviteter-gotland\/","url":"https:\/\/hogtlagt.se\/gotland\/klatterparken\/aktiviteter-gotland\/","name":"Att g\u00f6ra p\u00e5 gotland, H\u00f6gh\u00f6jdsbana, barnaktiviteter,- H\u00f6gt &amp; L\u00e5gt Gotland - Klintehamn","isPartOf":{"@id":"https:\/\/hogtlagt.se\/gotland\/#website"},"primaryImageOfPage":{"@id":"https:\/\/hogtlagt.se\/gotland\/klatterparken\/aktiviteter-gotland\/#primaryimage"},"image":{"@id":"https:\/\/hogtlagt.se\/gotland\/klatterparken\/aktiviteter-gotland\/#primaryimage"},"thumbnailUrl":"https:\/\/hogtlagt.se\/gotland\/wp-content\/uploads\/sites\/16\/2023\/10\/Andra-aktiviteter-1-scaled.jpg","datePublished":"2020-02-28T11:46:04+00:00","dateModified":"2024-05-02T16:43:02+00:00","description":"Kl\u00e4tterpark best\u00e5ende av 6 h\u00f6gh\u00f6jdsbanor \u00e5 olika h\u00f6jd, h\u00e4r finns n\u00e5got f\u00f6r alla. Inga f\u00f6rkunskaper kr\u00e4vs - v\u00e4lkommen att uppt\u00e4cka \u00e4ventyret!","breadcrumb":{"@id":"https:\/\/hogtlagt.se\/gotland\/klatterparken\/aktiviteter-gotland\/#breadcrumb"},"inLanguage":"sv-SE","potentialAction":[{"@type":"ReadAction","target":["https:\/\/hogtlagt.se\/gotland\/klatterparken\/aktiviteter-gotland\/"]}]},{"@type":"ImageObject","inLanguage":"sv-SE","@id":"https:\/\/hogtlagt.se\/gotland\/klatterparken\/aktiviteter-gotland\/#primaryimage","url":"https:\/\/hogtlagt.se\/gotland\/wp-content\/uploads\/sites\/16\/2023\/10\/Andra-aktiviteter-1-scaled.jpg","contentUrl":"https:\/\/hogtlagt.se\/gotland\/wp-content\/uploads\/sites\/16\/2023\/10\/Andra-aktiviteter-1-scaled.jpg","width":2560,"height":1707,"caption":"Glad familj som pratar om hur det var att kl\u00e4ttra i h\u00f6gh\u00f6jdsbanorna"},{"@type":"BreadcrumbList","@id":"https:\/\/hogtlagt.se\/gotland\/klatterparken\/aktiviteter-gotland\/#breadcrumb","itemListElement":[{"@type":"ListItem","position":1,"name":"Hem","item":"https:\/\/hogtlagt.se\/gotland\/"},{"@type":"ListItem","position":2,"name":"Kl\u00e4tterparken p\u00e5 Gotland","item":"https:\/\/hogtlagt.se\/gotland\/klatterparken\/"},{"@type":"ListItem","position":3,"name":"Andra aktiviteter p\u00e5 Gotland"}]},{"@type":"WebSite","@id":"https:\/\/hogtlagt.se\/gotland\/#website","url":"https:\/\/hogtlagt.se\/gotland\/","name":"H\u00f6gt &amp; L\u00e5gt Gotland - Klintehamn","description":"","potentialAction":[{"@type":"SearchAction","target":{"@type":"EntryPoint","urlTemplate":"https:\/\/hogtlagt.se\/gotland\/?s={search_term_string}"},"query-input":{"@type":"PropertyValueSpecification","valueRequired":true,"valueName":"search_term_string"}}],"inLanguage":"sv-SE"}]}},"_links":{"self":[{"href":"https:\/\/hogtlagt.se\/gotland\/wp-json\/wp\/v2\/pages\/16","targetHints":{"allow":["GET"]}}],"collection":[{"href":"https:\/\/hogtlagt.se\/gotland\/wp-json\/wp\/v2\/pages"}],"about":[{"href":"https:\/\/hogtlagt.se\/gotland\/wp-json\/wp\/v2\/types\/page"}],"author":[{"embeddable":true,"href":"https:\/\/hogtlagt.se\/gotland\/wp-json\/wp\/v2\/users\/1"}],"replies":[{"embeddable":true,"href":"https:\/\/hogtlagt.se\/gotland\/wp-json\/wp\/v2\/comments?post=16"}],"version-history":[{"count":21,"href":"https:\/\/hogtlagt.se\/gotland\/wp-json\/wp\/v2\/pages\/16\/revisions"}],"predecessor-version":[{"id":2103,"href":"https:\/\/hogtlagt.se\/gotland\/wp-json\/wp\/v2\/pages\/16\/revisions\/2103"}],"up":[{"embeddable":true,"href":"https:\/\/hogtlagt.se\/gotland\/wp-json\/wp\/v2\/pages\/10"}],"wp:featuredmedia":[{"embeddable":true,"href":"https:\/\/hogtlagt.se\/gotland\/wp-json\/wp\/v2\/media\/1824"}],"wp:attachment":[{"href":"https:\/\/hogtlagt.se\/gotland\/wp-json\/wp\/v2\/media?parent=16"}],"curies":[{"name":"wp","href":"https:\/\/api.w.org\/{rel}","templated":true}]}}