{"id":906,"date":"2022-02-09T13:02:37","date_gmt":"2022-02-09T12:02:37","guid":{"rendered":"https:\/\/hogtlagt.se\/gavle\/?page_id=906"},"modified":"2026-01-07T10:50:33","modified_gmt":"2026-01-07T09:50:33","slug":"jobba-hos-oss","status":"publish","type":"page","link":"https:\/\/hogtlagt.se\/gavle\/jobba-hos-oss\/","title":{"rendered":"Jobba hos oss"},"content":{"rendered":"\n<div class=\"wp-block-cover alignfull\" style=\"min-height:600px;aspect-ratio:unset;\"><img loading=\"lazy\" decoding=\"async\" width=\"2140\" height=\"1427\" class=\"wp-block-cover__image-background wp-image-1312\" alt=\"\" src=\"https:\/\/hogtlagt.se\/gavle\/wp-content\/uploads\/sites\/6\/2023\/10\/Instrukto\u0308rLJUS-1.jpg\" data-object-fit=\"cover\" srcset=\"https:\/\/hogtlagt.se\/gavle\/wp-content\/uploads\/sites\/6\/2023\/10\/Instrukto\u0308rLJUS-1.jpg 2140w, https:\/\/hogtlagt.se\/gavle\/wp-content\/uploads\/sites\/6\/2023\/10\/Instrukto\u0308rLJUS-1-300x200.jpg 300w, https:\/\/hogtlagt.se\/gavle\/wp-content\/uploads\/sites\/6\/2023\/10\/Instrukto\u0308rLJUS-1-1024x683.jpg 1024w, https:\/\/hogtlagt.se\/gavle\/wp-content\/uploads\/sites\/6\/2023\/10\/Instrukto\u0308rLJUS-1-768x512.jpg 768w, https:\/\/hogtlagt.se\/gavle\/wp-content\/uploads\/sites\/6\/2023\/10\/Instrukto\u0308rLJUS-1-1536x1024.jpg 1536w, https:\/\/hogtlagt.se\/gavle\/wp-content\/uploads\/sites\/6\/2023\/10\/Instrukto\u0308rLJUS-1-2048x1366.jpg 2048w\" sizes=\"auto, (max-width: 2140px) 100vw, 2140px\" \/><span aria-hidden=\"true\" class=\"wp-block-cover__background has-background-dim-20 has-background-dim\"><\/span><div class=\"wp-block-cover__inner-container is-layout-flow wp-block-cover-is-layout-flow\">\n<h1 class=\"wp-block-heading has-text-align-center has-text-color\" style=\"color:#fdfefe;font-size:55px\">\u00c4r du n\u00e4sta stj\u00e4rna i teamet?<\/h1>\n<\/div><\/div>\n\n\n\n<div style=\"height:89px\" aria-hidden=\"true\" class=\"wp-block-spacer\"><\/div>\n\n\n\n<h3 class=\"wp-block-heading has-text-align-center\">Fr\u00e5n och med 1 januari 2026 har DOME tagit \u00f6ver parken och driften i kl\u00e4tterparken i Hemlingby. <br>Vi h\u00e4nvisar alla fr\u00e5gor kring rekrytering och sommarjobb till <a href=\"https:\/\/www.thedome.se\/\">DOME<\/a>. <\/h3>\n\n\n\n<div style=\"height:73px\" aria-hidden=\"true\" class=\"wp-block-spacer\"><\/div>\n\n\n\n<div id=\"rounded-box-block_40f3874aa9af78fad5699101be57e387\" class=\"rounded-box-block rounded-box has-background has-primary-background-color\">\n    <div class=\"rounded-box__inner image-right\">\n        <div class=\"acf-innerblocks-container\">\n\n<h2 class=\"wp-block-heading\"><strong>Att arbeta p\u00e5 H\u00f6gt &amp; L\u00e5gt <\/strong>G\u00e4vle<\/h2>\n\n\n\n<p>Det b\u00e4sta vi vet \u00e4r n\u00e4r det kokar i parken. Solen skiner, glassen sm\u00e4lter och g\u00e4sterna \u00e4r glada, taggade och redo f\u00f6r \u00e4ventyr i banorna. F\u00f6r att leverera sommarens coolaste upplevelse beh\u00f6ver vi vara ett bra g\u00e4ng som st\u00e5r redo att guida och st\u00f6tta v\u00e5ra g\u00e4ster genom hela deras upplevelse hos oss. I v\u00e5ra parker arbetar d\u00e4rf\u00f6r Instrukt\u00f6rer, R\u00e4ddningspersonal och Parkansvarig. Olika roller inneb\u00e4r olika ansvar men alla hj\u00e4lps \u00e5t med att leverera en fantastisk upplevelse f\u00f6r v\u00e5ra g\u00e4ster.&nbsp;<\/p>\n\n\n\n<p>H\u00e4r kan du l\u00e4sa lite mer vad de olika rollerna inneb\u00e4r.&nbsp;<\/p>\n\n\n\n<h3 class=\"wp-block-heading\"><strong>Instrukt\u00f6r<\/strong><\/h3>\n\n\n\n<p>V\u00e5ra fantastiska ungdomar som g\u00f6r ett kanonjobb i parken. De \u00e4r stommen som ser till att varje g\u00e4st blir v\u00e4l m\u00f6tt, incheckad vid ankomst, p\u00e5selad, f\u00e5r en bra s\u00e4kerhetsgenomg\u00e5ng och som sedan tar hand om och checkar all utrustning s\u00e5 den \u00e4r tipp topp inf\u00f6r n\u00e4sta dag. F\u00f6r att arbeta som instrukt\u00f6r ska en ha fyllt 16 \u00e5r.&nbsp;&nbsp;<\/p>\n\n\n\n<h3 class=\"wp-block-heading\">R\u00e4ddningspersonal<\/h3>\n\n\n\n<p>V\u00e5ra r\u00e4ddare har ofta erfarenhet av att ha arbetat som instrukt\u00f6r en s\u00e4song och n\u00e4r de fyllt 18 \u00e5r kan de arbeta som r\u00e4ddare. Denna roll g\u00f6r samma jobb som instrukt\u00f6rerna men har \u00e4ven ansvar och kunskap f\u00f6r att assistera kunder uppe i banorna och utf\u00f6ra r\u00e4ddningar&nbsp;vid behov. &nbsp;&nbsp;<\/p>\n\n\n\n<h3 class=\"wp-block-heading\"><strong>Parkansvarig<\/strong><\/h3>\n\n\n\n<p>Det \u00e4r parkansvarig som ser till att det flyter p\u00e5 i parken varje dag, hen \u00e4r ansvarig f\u00f6r den dagliga driften. Det h\u00e4r \u00e4r en spindel i n\u00e4tet som ser till att alla kunder checkas in och selas p\u00e5 snabbt och s\u00e4kert av kunniga instrukt\u00f6rer, alla kollegorna f\u00e5r sin lunchrast och det finns alltid personal som patrullerar ute vid banorna. Parkansvarig hj\u00e4lper till d\u00e4r det beh\u00f6vs i alla delar av jobbet\u00a0och \u00e4r inte r\u00e4dd att ta i och leda arbetet i parken.\u00a0\u00a0<\/p>\n\n<\/div>\n                    <div class=\"rounded-box__img-wrapper\">\n                <img decoding=\"async\" class=\"rounded-box__img image-right\" src=\"https:\/\/hogtlagt.se\/gavle\/wp-content\/uploads\/sites\/6\/2023\/12\/IMG_9813-scaled-e1702926927582.jpeg\" alt=\"\">\n            <\/div>\n            <\/div>\n<\/div>\n\n\n\n<div style=\"height:65px\" aria-hidden=\"true\" class=\"wp-block-spacer\"><\/div>\n\n\n\n<div style=\"height:47px\" aria-hidden=\"true\" class=\"wp-block-spacer\"><\/div>\n\n\n\n<h2 class=\"wp-block-heading has-text-align-center\">Vad tycker v\u00e5ra medarbetare?<\/h2>\n\n\n\n<div class=\"wp-block-columns is-layout-flex wp-container-core-columns-is-layout-28f84493 wp-block-columns-is-layout-flex\">\n<div class=\"wp-block-column is-layout-flow wp-block-column-is-layout-flow\">\n<div id=\"rounded-box-block_add9e9a104e2688021d3ec9cf72bc3f1\" class=\"rounded-box-block rounded-box has-background has-light-background-color\">\n    <div class=\"rounded-box__inner no-image\">\n        <div class=\"acf-innerblocks-container\">\n\n<figure class=\"wp-block-image size-full\"><img loading=\"lazy\" decoding=\"async\" width=\"462\" height=\"465\" src=\"https:\/\/hogtlagt.se\/gavle\/wp-content\/uploads\/sites\/6\/2023\/10\/371807655_3588718348082463_897025885689938097_n-1.png\" alt=\"\" class=\"wp-image-1314\" srcset=\"https:\/\/hogtlagt.se\/gavle\/wp-content\/uploads\/sites\/6\/2023\/10\/371807655_3588718348082463_897025885689938097_n-1.png 462w, https:\/\/hogtlagt.se\/gavle\/wp-content\/uploads\/sites\/6\/2023\/10\/371807655_3588718348082463_897025885689938097_n-1-298x300.png 298w, https:\/\/hogtlagt.se\/gavle\/wp-content\/uploads\/sites\/6\/2023\/10\/371807655_3588718348082463_897025885689938097_n-1-150x150.png 150w, https:\/\/hogtlagt.se\/gavle\/wp-content\/uploads\/sites\/6\/2023\/10\/371807655_3588718348082463_897025885689938097_n-1-50x50.png 50w\" sizes=\"auto, (max-width: 462px) 100vw, 462px\" \/><\/figure>\n\n\n\n<div style=\"height:34px\" aria-hidden=\"true\" class=\"wp-block-spacer\"><\/div>\n\n\n\n<p><strong>Ylva Harengerd,<\/strong><br><strong>jobbar som Instrukt\u00f6r<\/strong><\/p>\n\n\n\n<p>Som instrukt\u00f6r jobbar jag n\u00e4ra g\u00e4sterna och \u00e4r alltid behj\u00e4lplig. Att jobba utomhus, med \u00e4ventyrliga kollegor och g\u00e4ster, g\u00f6r arbetet riktigt roligt. Det b\u00e4sta med jobbet \u00e4r den positiva st\u00e4mningen och att peppa g\u00e4ster att utmana sig sj\u00e4lva och \u00f6vervinna r\u00e4dslor. H\u00f6gt &amp; L\u00e5gt har utvecklat min pedagogiska f\u00f6rm\u00e5ga och f\u00e5tt mig att v\u00e5ga mer. Det var t.ex. en h\u00e4rlig k\u00e4nsla att ha genomf\u00f6rt s\u00e4kerhetsgenomg\u00e5ngen p\u00e5 engelska f\u00f6r f\u00f6rsta g\u00e5ngen eller att ledsaga barn genom banorna p\u00e5 n\u00e5got rostiga tyska-kunskaper.<\/p>\n\n<\/div>\n            <\/div>\n<\/div>\n<\/div>\n\n\n\n<div class=\"wp-block-column is-layout-flow wp-block-column-is-layout-flow\">\n<div id=\"rounded-box-block_add9e9a104e2688021d3ec9cf72bc3f1\" class=\"rounded-box-block rounded-box has-background has-light-background-color\">\n    <div class=\"rounded-box__inner no-image\">\n        <div class=\"acf-innerblocks-container\">\n\n<figure class=\"wp-block-image size-full\"><img loading=\"lazy\" decoding=\"async\" width=\"1860\" height=\"1860\" src=\"https:\/\/hogtlagt.se\/gavle\/wp-content\/uploads\/sites\/6\/2024\/08\/Group-1737-2.png\" alt=\"\" class=\"wp-image-1674\" srcset=\"https:\/\/hogtlagt.se\/gavle\/wp-content\/uploads\/sites\/6\/2024\/08\/Group-1737-2.png 1860w, https:\/\/hogtlagt.se\/gavle\/wp-content\/uploads\/sites\/6\/2024\/08\/Group-1737-2-300x300.png 300w, https:\/\/hogtlagt.se\/gavle\/wp-content\/uploads\/sites\/6\/2024\/08\/Group-1737-2-1024x1024.png 1024w, https:\/\/hogtlagt.se\/gavle\/wp-content\/uploads\/sites\/6\/2024\/08\/Group-1737-2-150x150.png 150w, https:\/\/hogtlagt.se\/gavle\/wp-content\/uploads\/sites\/6\/2024\/08\/Group-1737-2-768x768.png 768w, https:\/\/hogtlagt.se\/gavle\/wp-content\/uploads\/sites\/6\/2024\/08\/Group-1737-2-1536x1536.png 1536w, https:\/\/hogtlagt.se\/gavle\/wp-content\/uploads\/sites\/6\/2024\/08\/Group-1737-2-50x50.png 50w\" sizes=\"auto, (max-width: 1860px) 100vw, 1860px\" \/><\/figure>\n\n\n\n<div style=\"height:31px\" aria-hidden=\"true\" class=\"wp-block-spacer\"><\/div>\n\n\n\n<p><strong>Simon Cederblad, <\/strong><br><strong>jobbar som R\u00e4ddningspersonal<\/strong><\/p>\n\n\n\n<p>Som r\u00e4ddare har jag f\u00e5tt g\u00f6ra lite av allt, fr\u00e5n att ta emot g\u00e4ster n\u00e4r de kommer till parken, till att h\u00e5lla genomg\u00e5ngar, till att hj\u00e4lpa g\u00e4ster i banorna, b\u00e5de fysiskt och muntligt. Efter en dag p\u00e5 jobbet k\u00e4nner man sig s\u00e5d\u00e4r h\u00e4rligt tr\u00f6tt, med en n\u00f6jdhetsk\u00e4nsla \u00f6ver allas upplevelser man har bidragit till. F\u00f6r mig \u00e4r just det ocks\u00e5 det b\u00e4sta med jobbet, k\u00e4nslan att man bidrar till att g\u00e4sterna har kul. P\u00e5 H&amp;L har jag l\u00e4rt mig olika s\u00e4tt att bem\u00f6ta m\u00e4nniskor i olika situationer och \u00e5ldrar f\u00f6r att de ska f\u00e5 en bra dag. S\u00e4songen har varit superh\u00e4rlig, med stimulerande arbetsuppgifter, fantastiska kollegor och trevliga g\u00e4ster.<\/p>\n\n<\/div>\n            <\/div>\n<\/div>\n<\/div>\n\n\n\n<div class=\"wp-block-column is-layout-flow wp-block-column-is-layout-flow\">\n<div id=\"rounded-box-block_add9e9a104e2688021d3ec9cf72bc3f1\" class=\"rounded-box-block rounded-box has-background has-light-background-color\">\n    <div class=\"rounded-box__inner no-image\">\n        <div class=\"acf-innerblocks-container\">\n\n<figure class=\"wp-block-image size-full\"><img loading=\"lazy\" decoding=\"async\" width=\"465\" height=\"466\" src=\"https:\/\/hogtlagt.se\/gavle\/wp-content\/uploads\/sites\/6\/2023\/10\/20230828_103134-1.png\" alt=\"\" class=\"wp-image-1316\" srcset=\"https:\/\/hogtlagt.se\/gavle\/wp-content\/uploads\/sites\/6\/2023\/10\/20230828_103134-1.png 465w, https:\/\/hogtlagt.se\/gavle\/wp-content\/uploads\/sites\/6\/2023\/10\/20230828_103134-1-300x300.png 300w, https:\/\/hogtlagt.se\/gavle\/wp-content\/uploads\/sites\/6\/2023\/10\/20230828_103134-1-150x150.png 150w, https:\/\/hogtlagt.se\/gavle\/wp-content\/uploads\/sites\/6\/2023\/10\/20230828_103134-1-50x50.png 50w\" sizes=\"auto, (max-width: 465px) 100vw, 465px\" \/><\/figure>\n\n\n\n<div style=\"height:28px\" aria-hidden=\"true\" class=\"wp-block-spacer\"><\/div>\n\n\n\n<p><strong>Vajken Isaksson &amp; Simon Karlsson, jobbar som Parkansvariga<\/strong><\/p>\n\n\n\n<p>Som parkansvariga f\u00e5r vi dagen att flyta p\u00e5. Vi har det \u00f6vergripande ansvaret f\u00f6r att driften fungerar, vilket kan inneb\u00e4ra allt fr\u00e5n att fatta beslut och l\u00f6sa problem till att ha h\u00e4rlig kontakt med g\u00e4ster och se till att personalen har en bra dag p\u00e5 jobb. Det roligaste med jobbet \u00e4r att det \u00e4r v\u00e4ldigt varierande arbetsuppgifter, det kr\u00e4vs att du \u00e4r initiativtagande och att det d\u00e5 alltid finns n\u00e5got att syssla med. I rollen har vi utvecklat v\u00e5rt ledarskap, l\u00e4rt oss f\u00f6rdelen med att jobba f\u00f6rebyggande och att alltid va p\u00e5 t\u00e5rna och ligga steget f\u00f6re.<\/p>\n\n<\/div>\n            <\/div>\n<\/div>\n<\/div>\n<\/div>\n\n\n\n<div style=\"height:118px\" aria-hidden=\"true\" class=\"wp-block-spacer\"><\/div>\n\n\n\n<div class=\"wp-block-cover alignfull is-light\" style=\"min-height:376px;aspect-ratio:unset;\"><img decoding=\"async\" class=\"wp-block-cover__image-background wp-image-1362\" alt=\"\" src=\"https:\/\/hogtlagt.se\/sundsvall\/wp-content\/uploads\/sites\/5\/2022\/02\/Hogt-Lagt-WEBB-1235.jpg\" style=\"object-position:50% 66%\" data-object-fit=\"cover\" data-object-position=\"50% 66%\"\/><span aria-hidden=\"true\" class=\"wp-block-cover__background has-background-dim\"><\/span><div class=\"wp-block-cover__inner-container is-layout-flow wp-block-cover-is-layout-flow\">\n<p class=\"has-text-align-center has-text-color\" style=\"color:#fdfefe;font-size:25px\"> Allt vi g\u00f6r genomsyras av v\u00e5ra grundl\u00e4ggande v\u00e4rden <em>Genomarbetat, S\u00e4kert, Innovativt, Inkluderande<\/em> och <em>Utmanande.<\/em> Vi \u00e4r drivna, vi arbetar h\u00e5rt, vi brinner f\u00f6r varje kunds upplevelse, vi \u00e4r med och utvecklar branschen och vi har j\u00e4kligt roligt medans vi g\u00f6r det!<\/p>\n\n\n\n<p>&nbsp;<\/p>\n<\/div><\/div>\n","protected":false},"excerpt":{"rendered":"<p>Fr\u00e5n och med 1 januari 2026 har DOME tagit \u00f6ver parken och driften i kl\u00e4tterparken i Hemlingby. Vi h\u00e4nvisar alla fr\u00e5gor kring rekrytering och sommarjobb till DOME. Vad tycker v\u00e5ra&#8230;<\/p>\n","protected":false},"author":6,"featured_media":0,"parent":0,"menu_order":0,"comment_status":"closed","ping_status":"closed","template":"templates\/empty.php","meta":{"_acf_changed":false,"inline_featured_image":false,"footnotes":""},"class_list":["post-906","page","type-page","status-publish"],"acf":[],"yoast_head":"<!-- This site is optimized with the Yoast SEO plugin v26.1.1 - https:\/\/yoast.com\/wordpress\/plugins\/seo\/ -->\n<title>Jobba hos oss - H\u00f6gt &amp; L\u00e5gt G\u00e4vle<\/title>\n<meta name=\"robots\" content=\"index, follow, max-snippet:-1, max-image-preview:large, max-video-preview:-1\" \/>\n<link rel=\"canonical\" href=\"https:\/\/hogtlagt.se\/gavle\/jobba-hos-oss\/\" \/>\n<meta property=\"og:locale\" content=\"sv_SE\" \/>\n<meta property=\"og:type\" content=\"article\" \/>\n<meta property=\"og:title\" content=\"Jobba hos oss - H\u00f6gt &amp; L\u00e5gt G\u00e4vle\" \/>\n<meta property=\"og:description\" content=\"Fr\u00e5n och med 1 januari 2026 har DOME tagit \u00f6ver parken och driften i kl\u00e4tterparken i Hemlingby. Vi h\u00e4nvisar alla fr\u00e5gor kring rekrytering och sommarjobb till DOME. Vad tycker v\u00e5ra...\" \/>\n<meta property=\"og:url\" content=\"https:\/\/hogtlagt.se\/gavle\/jobba-hos-oss\/\" \/>\n<meta property=\"og:site_name\" content=\"H\u00f6gt &amp; L\u00e5gt G\u00e4vle\" \/>\n<meta property=\"article:modified_time\" content=\"2026-01-07T09:50:33+00:00\" \/>\n<meta property=\"og:image\" content=\"https:\/\/hogtlagt.se\/gavle\/wp-content\/uploads\/sites\/6\/2023\/10\/371807655_3588718348082463_897025885689938097_n-1.png\" \/>\n<meta name=\"twitter:card\" content=\"summary_large_image\" \/>\n<meta name=\"twitter:label1\" content=\"Ber\u00e4knad l\u00e4stid\" \/>\n\t<meta name=\"twitter:data1\" content=\"5 minuter\" \/>\n<script type=\"application\/ld+json\" class=\"yoast-schema-graph\">{\"@context\":\"https:\/\/schema.org\",\"@graph\":[{\"@type\":\"WebPage\",\"@id\":\"https:\/\/hogtlagt.se\/gavle\/jobba-hos-oss\/\",\"url\":\"https:\/\/hogtlagt.se\/gavle\/jobba-hos-oss\/\",\"name\":\"Jobba hos oss - H\u00f6gt &amp; L\u00e5gt G\u00e4vle\",\"isPartOf\":{\"@id\":\"https:\/\/hogtlagt.se\/gavle\/#website\"},\"primaryImageOfPage\":{\"@id\":\"https:\/\/hogtlagt.se\/gavle\/jobba-hos-oss\/#primaryimage\"},\"image\":{\"@id\":\"https:\/\/hogtlagt.se\/gavle\/jobba-hos-oss\/#primaryimage\"},\"thumbnailUrl\":\"https:\/\/hogtlagt.se\/gavle\/wp-content\/uploads\/sites\/6\/2023\/10\/371807655_3588718348082463_897025885689938097_n-1.png\",\"datePublished\":\"2022-02-09T12:02:37+00:00\",\"dateModified\":\"2026-01-07T09:50:33+00:00\",\"breadcrumb\":{\"@id\":\"https:\/\/hogtlagt.se\/gavle\/jobba-hos-oss\/#breadcrumb\"},\"inLanguage\":\"sv-SE\",\"potentialAction\":[{\"@type\":\"ReadAction\",\"target\":[\"https:\/\/hogtlagt.se\/gavle\/jobba-hos-oss\/\"]}]},{\"@type\":\"ImageObject\",\"inLanguage\":\"sv-SE\",\"@id\":\"https:\/\/hogtlagt.se\/gavle\/jobba-hos-oss\/#primaryimage\",\"url\":\"https:\/\/hogtlagt.se\/gavle\/wp-content\/uploads\/sites\/6\/2023\/10\/371807655_3588718348082463_897025885689938097_n-1.png\",\"contentUrl\":\"https:\/\/hogtlagt.se\/gavle\/wp-content\/uploads\/sites\/6\/2023\/10\/371807655_3588718348082463_897025885689938097_n-1.png\",\"width\":462,\"height\":465},{\"@type\":\"BreadcrumbList\",\"@id\":\"https:\/\/hogtlagt.se\/gavle\/jobba-hos-oss\/#breadcrumb\",\"itemListElement\":[{\"@type\":\"ListItem\",\"position\":1,\"name\":\"Hem\",\"item\":\"https:\/\/hogtlagt.se\/gavle\/\"},{\"@type\":\"ListItem\",\"position\":2,\"name\":\"Jobba hos oss\"}]},{\"@type\":\"WebSite\",\"@id\":\"https:\/\/hogtlagt.se\/gavle\/#website\",\"url\":\"https:\/\/hogtlagt.se\/gavle\/\",\"name\":\"H\u00f6gt &amp; L\u00e5gt G\u00e4vle\",\"description\":\"En till H\u00f6gt &amp; L\u00e5gt webbplats\",\"potentialAction\":[{\"@type\":\"SearchAction\",\"target\":{\"@type\":\"EntryPoint\",\"urlTemplate\":\"https:\/\/hogtlagt.se\/gavle\/?s={search_term_string}\"},\"query-input\":{\"@type\":\"PropertyValueSpecification\",\"valueRequired\":true,\"valueName\":\"search_term_string\"}}],\"inLanguage\":\"sv-SE\"}]}<\/script>\n<!-- \/ Yoast SEO plugin. -->","yoast_head_json":{"title":"Jobba hos oss - H\u00f6gt &amp; L\u00e5gt G\u00e4vle","robots":{"index":"index","follow":"follow","max-snippet":"max-snippet:-1","max-image-preview":"max-image-preview:large","max-video-preview":"max-video-preview:-1"},"canonical":"https:\/\/hogtlagt.se\/gavle\/jobba-hos-oss\/","og_locale":"sv_SE","og_type":"article","og_title":"Jobba hos oss - H\u00f6gt &amp; L\u00e5gt G\u00e4vle","og_description":"Fr\u00e5n och med 1 januari 2026 har DOME tagit \u00f6ver parken och driften i kl\u00e4tterparken i Hemlingby. Vi h\u00e4nvisar alla fr\u00e5gor kring rekrytering och sommarjobb till DOME. Vad tycker v\u00e5ra...","og_url":"https:\/\/hogtlagt.se\/gavle\/jobba-hos-oss\/","og_site_name":"H\u00f6gt &amp; L\u00e5gt G\u00e4vle","article_modified_time":"2026-01-07T09:50:33+00:00","og_image":[{"url":"https:\/\/hogtlagt.se\/gavle\/wp-content\/uploads\/sites\/6\/2023\/10\/371807655_3588718348082463_897025885689938097_n-1.png","type":"","width":"","height":""}],"twitter_card":"summary_large_image","twitter_misc":{"Ber\u00e4knad l\u00e4stid":"5 minuter"},"schema":{"@context":"https:\/\/schema.org","@graph":[{"@type":"WebPage","@id":"https:\/\/hogtlagt.se\/gavle\/jobba-hos-oss\/","url":"https:\/\/hogtlagt.se\/gavle\/jobba-hos-oss\/","name":"Jobba hos oss - H\u00f6gt &amp; L\u00e5gt G\u00e4vle","isPartOf":{"@id":"https:\/\/hogtlagt.se\/gavle\/#website"},"primaryImageOfPage":{"@id":"https:\/\/hogtlagt.se\/gavle\/jobba-hos-oss\/#primaryimage"},"image":{"@id":"https:\/\/hogtlagt.se\/gavle\/jobba-hos-oss\/#primaryimage"},"thumbnailUrl":"https:\/\/hogtlagt.se\/gavle\/wp-content\/uploads\/sites\/6\/2023\/10\/371807655_3588718348082463_897025885689938097_n-1.png","datePublished":"2022-02-09T12:02:37+00:00","dateModified":"2026-01-07T09:50:33+00:00","breadcrumb":{"@id":"https:\/\/hogtlagt.se\/gavle\/jobba-hos-oss\/#breadcrumb"},"inLanguage":"sv-SE","potentialAction":[{"@type":"ReadAction","target":["https:\/\/hogtlagt.se\/gavle\/jobba-hos-oss\/"]}]},{"@type":"ImageObject","inLanguage":"sv-SE","@id":"https:\/\/hogtlagt.se\/gavle\/jobba-hos-oss\/#primaryimage","url":"https:\/\/hogtlagt.se\/gavle\/wp-content\/uploads\/sites\/6\/2023\/10\/371807655_3588718348082463_897025885689938097_n-1.png","contentUrl":"https:\/\/hogtlagt.se\/gavle\/wp-content\/uploads\/sites\/6\/2023\/10\/371807655_3588718348082463_897025885689938097_n-1.png","width":462,"height":465},{"@type":"BreadcrumbList","@id":"https:\/\/hogtlagt.se\/gavle\/jobba-hos-oss\/#breadcrumb","itemListElement":[{"@type":"ListItem","position":1,"name":"Hem","item":"https:\/\/hogtlagt.se\/gavle\/"},{"@type":"ListItem","position":2,"name":"Jobba hos oss"}]},{"@type":"WebSite","@id":"https:\/\/hogtlagt.se\/gavle\/#website","url":"https:\/\/hogtlagt.se\/gavle\/","name":"H\u00f6gt &amp; L\u00e5gt G\u00e4vle","description":"En till H\u00f6gt &amp; L\u00e5gt webbplats","potentialAction":[{"@type":"SearchAction","target":{"@type":"EntryPoint","urlTemplate":"https:\/\/hogtlagt.se\/gavle\/?s={search_term_string}"},"query-input":{"@type":"PropertyValueSpecification","valueRequired":true,"valueName":"search_term_string"}}],"inLanguage":"sv-SE"}]}},"_links":{"self":[{"href":"https:\/\/hogtlagt.se\/gavle\/wp-json\/wp\/v2\/pages\/906","targetHints":{"allow":["GET"]}}],"collection":[{"href":"https:\/\/hogtlagt.se\/gavle\/wp-json\/wp\/v2\/pages"}],"about":[{"href":"https:\/\/hogtlagt.se\/gavle\/wp-json\/wp\/v2\/types\/page"}],"author":[{"embeddable":true,"href":"https:\/\/hogtlagt.se\/gavle\/wp-json\/wp\/v2\/users\/6"}],"replies":[{"embeddable":true,"href":"https:\/\/hogtlagt.se\/gavle\/wp-json\/wp\/v2\/comments?post=906"}],"version-history":[{"count":59,"href":"https:\/\/hogtlagt.se\/gavle\/wp-json\/wp\/v2\/pages\/906\/revisions"}],"predecessor-version":[{"id":1761,"href":"https:\/\/hogtlagt.se\/gavle\/wp-json\/wp\/v2\/pages\/906\/revisions\/1761"}],"wp:attachment":[{"href":"https:\/\/hogtlagt.se\/gavle\/wp-json\/wp\/v2\/media?parent=906"}],"curies":[{"name":"wp","href":"https:\/\/api.w.org\/{rel}","templated":true}]}}