{"id":806,"date":"2021-12-10T09:31:09","date_gmt":"2021-12-10T08:31:09","guid":{"rendered":"https:\/\/hogtlagt.se\/gavle\/?page_id=806"},"modified":"2024-02-16T16:13:29","modified_gmt":"2024-02-16T15:13:29","slug":"corporate-event-with-climbing-adventure-in-gavle","status":"publish","type":"page","link":"https:\/\/hogtlagt.se\/gavle\/en\/climbingpark-for-groups-corporate-events-in-gavle\/corporate-event-with-climbing-adventure-in-gavle\/","title":{"rendered":"Corporate event with climbing &#038; adventure in G\u00e4vle"},"content":{"rendered":"\n<div id=\"hero-block_b3fd14bfaec74755e41fa7da221294d1\" class=\"hero-block alignfull\">\n\n    <div class=\"hero-block__background\">\n                    <div class=\"hero-block__bg\">\n                                    <img decoding=\"async\" src=\"https:\/\/hogtlagt.se\/gavle\/wp-content\/uploads\/sites\/6\/2023\/05\/foretagsaktivitet_rattvik-scaled.jpg\" alt=\"Ett g\u00e4ng kollegor antar utmaningarna i h\u00f6gh\u00f6jdsbanorna tillsammans\">\n                            <\/div>\n            <\/div>\n\n    <div class=\"hero-block__content\">\n        <div class=\"acf-innerblocks-container\">\n\n<h1 class=\"wp-block-heading has-light-color has-text-color\">Corporate event with climbing &amp; adventure in G\u00e4vle<\/h1>\n\n<\/div>\n    <\/div>\n    <div class=\"hero-block__cta\">\n        \n            <\/div>\n    <div class=\"hero-block__scroll\">\n                    <button class=\"scroll-down\">\n                Scroll down!                <i class=\"icon-arrow\"><\/i>\n                        <\/button>\n    <\/div>\n<\/div>\n\n\n\n<div class=\"wp-block-columns is-layout-flex wp-container-core-columns-is-layout-28f84493 wp-block-columns-is-layout-flex\">\n<div class=\"wp-block-column is-layout-flow wp-block-column-is-layout-flow\">\n<p><strong>You found it \u2013 the perfect activity for your next corporate event in G\u00e4vle. Level up the conference stay or your kick off by adding a visit to our climbing park, where we can guarantee you will se new sides of your colleagues. We wish you and your team welcome to H\u00f6gt &amp; L\u00e5gt G\u00e4vle!<\/strong><\/p>\n<\/div>\n\n\n\n<div class=\"wp-block-column is-layout-flow wp-block-column-is-layout-flow\">\n<figure class=\"wp-block-image aligncenter size-large is-resized\"><img loading=\"lazy\" decoding=\"async\" width=\"159\" height=\"146\" src=\"https:\/\/hogtlagt.se\/gavle\/wp-content\/uploads\/sites\/6\/2023\/12\/Lager-114.svg\" alt=\"\" class=\"wp-image-1468\" style=\"width:196px;height:auto\"\/><\/figure>\n<\/div>\n<\/div>\n\n\n\n<div style=\"height:69px\" aria-hidden=\"true\" class=\"wp-block-spacer\"><\/div>\n\n\n\n<h2 class=\"wp-block-heading\">Corporate climbing<\/h2>\n\n\n\n<div id=\"rounded-box-block_80d6d527fe70499213bf7ad4c0b5d518\" class=\"rounded-box-block rounded-box has-background has-primary-background-color\">\n    <div class=\"rounded-box__inner image-right\">\n        <div class=\"acf-innerblocks-container\">\n\n<h3 class=\"wp-block-heading\">Fun for everyone<\/h3>\n\n\n\n<p>Climb as much as you want for 2,5 hours<\/p>\n\n\n\n<p>We have 6 different obstacle courses at different heights and difficulty \u2013 we guarantee everyone will be challenged!<\/p>\n\n\n\n<p>You are welcome to bring coffee, fika or food to the park. We have plenty of tables and seats and we have grills if you want to barbecue (if you want to barbecue you need to bring your own equipment including wood\/coal).<\/p>\n\n\n\n<p>In order to climb we have a maximum weight of 120 kg, you cannot be pregnant and\/or under the influence of drogs or alcohol.<\/p>\n\n<\/div>\n                    <div class=\"rounded-box__img-wrapper\">\n                <img decoding=\"async\" class=\"rounded-box__img image-right\" src=\"https:\/\/hogtlagt.se\/gavle\/wp-content\/uploads\/sites\/6\/2023\/12\/B04I8224-scaled.jpg\" alt=\"\">\n            <\/div>\n            <\/div>\n<\/div>\n\n\n\n<div id=\"rounded-box-block_248de5383a5f80a407e51edafa520bbc\" class=\"rounded-box-block rounded-box has-background has-light-background-color\">\n    <div class=\"rounded-box__inner no-image\">\n        <div class=\"acf-innerblocks-container\">\n\n<h3 class=\"wp-block-heading\">Booking and conditions<\/h3>\n\n\n\n<p>wether you are a small or large group, we are happy to have you at the park.<\/p>\n\n\n\n<p>If you want to come&nbsp;<strong>during our opening hours<\/strong>, regular terms and prices apply and there is no minimum requirement of participants. However, if you are more than 20 participants, please send us an email&nbsp;<a href=\"mailto:gavle@hogtlagt.se\">gavle@hogtlagt.se<\/a>&nbsp;as you will get a discount and we will help you with your booking.<\/p>\n\n\n\n<p>If you want to come&nbsp;<strong>outside of opening hours<\/strong>, you are free to choose a day and time that suits your group. When booking outside of opening hours, the minimum to book\/pay for is 12 participants. The price is 350 kr (+ VAT), but if you are 20 or more participants you will get a discount. In order to book outside of opening hours, please send us an email at&nbsp;<a href=\"mailto:gavle@hogtlagt.se\">gavle@hogtlagt.se<\/a>&nbsp;and we will be happy to help you.<\/p>\n\n\n\n<p>It is possible to&nbsp;<strong>pay<\/strong>&nbsp;for your visit ahead, at the park with credit card, or through invoice after your visit.<\/p>\n\n<\/div>\n            <\/div>\n<\/div>\n\n\n\n<div style=\"height:59px\" aria-hidden=\"true\" class=\"wp-block-spacer\"><\/div>\n\n\n\n<figure class=\"wp-block-image aligncenter size-large\"><img loading=\"lazy\" decoding=\"async\" width=\"1024\" height=\"683\" src=\"https:\/\/hogtlagt.se\/gavle\/wp-content\/uploads\/sites\/6\/2023\/12\/B04I6331-1024x683.jpg\" alt=\"\" class=\"wp-image-1539\" srcset=\"https:\/\/hogtlagt.se\/gavle\/wp-content\/uploads\/sites\/6\/2023\/12\/B04I6331-1024x683.jpg 1024w, https:\/\/hogtlagt.se\/gavle\/wp-content\/uploads\/sites\/6\/2023\/12\/B04I6331-300x200.jpg 300w, https:\/\/hogtlagt.se\/gavle\/wp-content\/uploads\/sites\/6\/2023\/12\/B04I6331-768x512.jpg 768w, https:\/\/hogtlagt.se\/gavle\/wp-content\/uploads\/sites\/6\/2023\/12\/B04I6331-1536x1024.jpg 1536w, https:\/\/hogtlagt.se\/gavle\/wp-content\/uploads\/sites\/6\/2023\/12\/B04I6331-2048x1365.jpg 2048w\" sizes=\"auto, (max-width: 1024px) 100vw, 1024px\" \/><\/figure>\n\n\n\n<div style=\"height:100px\" aria-hidden=\"true\" class=\"wp-block-spacer\"><\/div>\n\n\n\n<div class=\"wp-block-cover alignfull\" style=\"min-height:376px;aspect-ratio:unset;\"><span aria-hidden=\"true\" class=\"wp-block-cover__background has-background-dim\"><\/span><img loading=\"lazy\" decoding=\"async\" width=\"2048\" height=\"1365\" class=\"wp-block-cover__image-background wp-image-1477\" alt=\"\" src=\"https:\/\/hogtlagt.se\/gavle\/wp-content\/uploads\/sites\/6\/2023\/12\/Hogt-Lagt-WEBB-1235.jpg\" style=\"object-position:50% 67%\" data-object-fit=\"cover\" data-object-position=\"50% 67%\" srcset=\"https:\/\/hogtlagt.se\/gavle\/wp-content\/uploads\/sites\/6\/2023\/12\/Hogt-Lagt-WEBB-1235.jpg 2048w, https:\/\/hogtlagt.se\/gavle\/wp-content\/uploads\/sites\/6\/2023\/12\/Hogt-Lagt-WEBB-1235-300x200.jpg 300w, https:\/\/hogtlagt.se\/gavle\/wp-content\/uploads\/sites\/6\/2023\/12\/Hogt-Lagt-WEBB-1235-1024x683.jpg 1024w, https:\/\/hogtlagt.se\/gavle\/wp-content\/uploads\/sites\/6\/2023\/12\/Hogt-Lagt-WEBB-1235-768x512.jpg 768w, https:\/\/hogtlagt.se\/gavle\/wp-content\/uploads\/sites\/6\/2023\/12\/Hogt-Lagt-WEBB-1235-1536x1024.jpg 1536w\" sizes=\"auto, (max-width: 2048px) 100vw, 2048px\" \/><div class=\"wp-block-cover__inner-container has-global-padding is-layout-constrained wp-block-cover-is-layout-constrained\">\n<p class=\"has-text-align-center\" style=\"font-size:25px\">Everything we do stems from our fundamental values&nbsp;<em>Thorough, Safe, Innovative, Including<\/em>&nbsp;and&nbsp;<em>Challenging<\/em>. We are passionate, we work hard, we care about the experience of each single visitor, we take part in the development of this industry and we have SO much fun along the way!<\/p>\n<\/div><\/div>\n","protected":false},"excerpt":{"rendered":"<p>You found it \u2013 the perfect activity for your next corporate event in G\u00e4vle. Level up the conference stay or your kick off by adding a visit to our climbing&#8230;<\/p>\n","protected":false},"author":6,"featured_media":211,"parent":776,"menu_order":2,"comment_status":"closed","ping_status":"closed","template":"templates\/empty.php","meta":{"_acf_changed":false,"inline_featured_image":false,"footnotes":""},"class_list":["post-806","page","type-page","status-publish","has-post-thumbnail"],"acf":[],"yoast_head":"<!-- This site is optimized with the Yoast SEO plugin v26.1.1 - https:\/\/yoast.com\/wordpress\/plugins\/seo\/ -->\n<title>F\u00f6retagsevent teambuilding med kl\u00e4ttring &amp; \u00e4ventyr i G\u00e4vle - H\u00f6gt &amp; L\u00e5gt<\/title>\n<meta name=\"robots\" content=\"index, follow, max-snippet:-1, max-image-preview:large, max-video-preview:-1\" \/>\n<link rel=\"canonical\" href=\"https:\/\/hogtlagt.se\/gavle\/en\/climbingpark-for-groups-corporate-events-in-gavle\/corporate-event-with-climbing-adventure-in-gavle\/\" \/>\n<meta property=\"og:locale\" content=\"sv_SE\" \/>\n<meta property=\"og:type\" content=\"article\" \/>\n<meta property=\"og:title\" content=\"F\u00f6retagsevent teambuilding med kl\u00e4ttring &amp; \u00e4ventyr i G\u00e4vle - H\u00f6gt &amp; L\u00e5gt\" \/>\n<meta property=\"og:description\" content=\"You found it \u2013 the perfect activity for your next corporate event in G\u00e4vle. Level up the conference stay or your kick off by adding a visit to our climbing...\" \/>\n<meta property=\"og:url\" content=\"https:\/\/hogtlagt.se\/gavle\/en\/climbingpark-for-groups-corporate-events-in-gavle\/corporate-event-with-climbing-adventure-in-gavle\/\" \/>\n<meta property=\"og:site_name\" content=\"H\u00f6gt &amp; L\u00e5gt G\u00e4vle\" \/>\n<meta property=\"article:modified_time\" content=\"2024-02-16T15:13:29+00:00\" \/>\n<meta property=\"og:image\" content=\"https:\/\/hogtlagt.se\/gavle\/wp-content\/uploads\/sites\/6\/2020\/03\/unnamed.jpg\" \/>\n\t<meta property=\"og:image:width\" content=\"1280\" \/>\n\t<meta property=\"og:image:height\" content=\"540\" \/>\n\t<meta property=\"og:image:type\" content=\"image\/jpeg\" \/>\n<meta name=\"twitter:card\" content=\"summary_large_image\" \/>\n<meta name=\"twitter:label1\" content=\"Ber\u00e4knad l\u00e4stid\" \/>\n\t<meta name=\"twitter:data1\" content=\"3 minuter\" \/>\n<script type=\"application\/ld+json\" class=\"yoast-schema-graph\">{\"@context\":\"https:\/\/schema.org\",\"@graph\":[{\"@type\":\"WebPage\",\"@id\":\"https:\/\/hogtlagt.se\/gavle\/en\/climbingpark-for-groups-corporate-events-in-gavle\/corporate-event-with-climbing-adventure-in-gavle\/\",\"url\":\"https:\/\/hogtlagt.se\/gavle\/en\/climbingpark-for-groups-corporate-events-in-gavle\/corporate-event-with-climbing-adventure-in-gavle\/\",\"name\":\"F\u00f6retagsevent teambuilding med kl\u00e4ttring & \u00e4ventyr i G\u00e4vle - H\u00f6gt & L\u00e5gt\",\"isPartOf\":{\"@id\":\"https:\/\/hogtlagt.se\/gavle\/#website\"},\"primaryImageOfPage\":{\"@id\":\"https:\/\/hogtlagt.se\/gavle\/en\/climbingpark-for-groups-corporate-events-in-gavle\/corporate-event-with-climbing-adventure-in-gavle\/#primaryimage\"},\"image\":{\"@id\":\"https:\/\/hogtlagt.se\/gavle\/en\/climbingpark-for-groups-corporate-events-in-gavle\/corporate-event-with-climbing-adventure-in-gavle\/#primaryimage\"},\"thumbnailUrl\":\"https:\/\/hogtlagt.se\/gavle\/wp-content\/uploads\/sites\/6\/2020\/03\/unnamed.jpg\",\"datePublished\":\"2021-12-10T08:31:09+00:00\",\"dateModified\":\"2024-02-16T15:13:29+00:00\",\"breadcrumb\":{\"@id\":\"https:\/\/hogtlagt.se\/gavle\/en\/climbingpark-for-groups-corporate-events-in-gavle\/corporate-event-with-climbing-adventure-in-gavle\/#breadcrumb\"},\"inLanguage\":\"sv-SE\",\"potentialAction\":[{\"@type\":\"ReadAction\",\"target\":[\"https:\/\/hogtlagt.se\/gavle\/en\/climbingpark-for-groups-corporate-events-in-gavle\/corporate-event-with-climbing-adventure-in-gavle\/\"]}]},{\"@type\":\"ImageObject\",\"inLanguage\":\"sv-SE\",\"@id\":\"https:\/\/hogtlagt.se\/gavle\/en\/climbingpark-for-groups-corporate-events-in-gavle\/corporate-event-with-climbing-adventure-in-gavle\/#primaryimage\",\"url\":\"https:\/\/hogtlagt.se\/gavle\/wp-content\/uploads\/sites\/6\/2020\/03\/unnamed.jpg\",\"contentUrl\":\"https:\/\/hogtlagt.se\/gavle\/wp-content\/uploads\/sites\/6\/2020\/03\/unnamed.jpg\",\"width\":1280,\"height\":540},{\"@type\":\"BreadcrumbList\",\"@id\":\"https:\/\/hogtlagt.se\/gavle\/en\/climbingpark-for-groups-corporate-events-in-gavle\/corporate-event-with-climbing-adventure-in-gavle\/#breadcrumb\",\"itemListElement\":[{\"@type\":\"ListItem\",\"position\":1,\"name\":\"Hem\",\"item\":\"https:\/\/hogtlagt.se\/gavle\/\"},{\"@type\":\"ListItem\",\"position\":2,\"name\":\"Climbingpark for groups &#038; corporate events in G\u00e4vle\",\"item\":\"https:\/\/hogtlagt.se\/gavle\/en\/climbingpark-for-groups-corporate-events-in-gavle\/\"},{\"@type\":\"ListItem\",\"position\":3,\"name\":\"Corporate event with climbing &#038; adventure in G\u00e4vle\"}]},{\"@type\":\"WebSite\",\"@id\":\"https:\/\/hogtlagt.se\/gavle\/#website\",\"url\":\"https:\/\/hogtlagt.se\/gavle\/\",\"name\":\"H\u00f6gt &amp; L\u00e5gt G\u00e4vle\",\"description\":\"En till H\u00f6gt &amp; L\u00e5gt webbplats\",\"potentialAction\":[{\"@type\":\"SearchAction\",\"target\":{\"@type\":\"EntryPoint\",\"urlTemplate\":\"https:\/\/hogtlagt.se\/gavle\/?s={search_term_string}\"},\"query-input\":{\"@type\":\"PropertyValueSpecification\",\"valueRequired\":true,\"valueName\":\"search_term_string\"}}],\"inLanguage\":\"sv-SE\"}]}<\/script>\n<!-- \/ Yoast SEO plugin. -->","yoast_head_json":{"title":"F\u00f6retagsevent teambuilding med kl\u00e4ttring & \u00e4ventyr i G\u00e4vle - H\u00f6gt & L\u00e5gt","robots":{"index":"index","follow":"follow","max-snippet":"max-snippet:-1","max-image-preview":"max-image-preview:large","max-video-preview":"max-video-preview:-1"},"canonical":"https:\/\/hogtlagt.se\/gavle\/en\/climbingpark-for-groups-corporate-events-in-gavle\/corporate-event-with-climbing-adventure-in-gavle\/","og_locale":"sv_SE","og_type":"article","og_title":"F\u00f6retagsevent teambuilding med kl\u00e4ttring & \u00e4ventyr i G\u00e4vle - H\u00f6gt & L\u00e5gt","og_description":"You found it \u2013 the perfect activity for your next corporate event in G\u00e4vle. Level up the conference stay or your kick off by adding a visit to our climbing...","og_url":"https:\/\/hogtlagt.se\/gavle\/en\/climbingpark-for-groups-corporate-events-in-gavle\/corporate-event-with-climbing-adventure-in-gavle\/","og_site_name":"H\u00f6gt &amp; L\u00e5gt G\u00e4vle","article_modified_time":"2024-02-16T15:13:29+00:00","og_image":[{"width":1280,"height":540,"url":"https:\/\/hogtlagt.se\/gavle\/wp-content\/uploads\/sites\/6\/2020\/03\/unnamed.jpg","type":"image\/jpeg"}],"twitter_card":"summary_large_image","twitter_misc":{"Ber\u00e4knad l\u00e4stid":"3 minuter"},"schema":{"@context":"https:\/\/schema.org","@graph":[{"@type":"WebPage","@id":"https:\/\/hogtlagt.se\/gavle\/en\/climbingpark-for-groups-corporate-events-in-gavle\/corporate-event-with-climbing-adventure-in-gavle\/","url":"https:\/\/hogtlagt.se\/gavle\/en\/climbingpark-for-groups-corporate-events-in-gavle\/corporate-event-with-climbing-adventure-in-gavle\/","name":"F\u00f6retagsevent teambuilding med kl\u00e4ttring & \u00e4ventyr i G\u00e4vle - H\u00f6gt & L\u00e5gt","isPartOf":{"@id":"https:\/\/hogtlagt.se\/gavle\/#website"},"primaryImageOfPage":{"@id":"https:\/\/hogtlagt.se\/gavle\/en\/climbingpark-for-groups-corporate-events-in-gavle\/corporate-event-with-climbing-adventure-in-gavle\/#primaryimage"},"image":{"@id":"https:\/\/hogtlagt.se\/gavle\/en\/climbingpark-for-groups-corporate-events-in-gavle\/corporate-event-with-climbing-adventure-in-gavle\/#primaryimage"},"thumbnailUrl":"https:\/\/hogtlagt.se\/gavle\/wp-content\/uploads\/sites\/6\/2020\/03\/unnamed.jpg","datePublished":"2021-12-10T08:31:09+00:00","dateModified":"2024-02-16T15:13:29+00:00","breadcrumb":{"@id":"https:\/\/hogtlagt.se\/gavle\/en\/climbingpark-for-groups-corporate-events-in-gavle\/corporate-event-with-climbing-adventure-in-gavle\/#breadcrumb"},"inLanguage":"sv-SE","potentialAction":[{"@type":"ReadAction","target":["https:\/\/hogtlagt.se\/gavle\/en\/climbingpark-for-groups-corporate-events-in-gavle\/corporate-event-with-climbing-adventure-in-gavle\/"]}]},{"@type":"ImageObject","inLanguage":"sv-SE","@id":"https:\/\/hogtlagt.se\/gavle\/en\/climbingpark-for-groups-corporate-events-in-gavle\/corporate-event-with-climbing-adventure-in-gavle\/#primaryimage","url":"https:\/\/hogtlagt.se\/gavle\/wp-content\/uploads\/sites\/6\/2020\/03\/unnamed.jpg","contentUrl":"https:\/\/hogtlagt.se\/gavle\/wp-content\/uploads\/sites\/6\/2020\/03\/unnamed.jpg","width":1280,"height":540},{"@type":"BreadcrumbList","@id":"https:\/\/hogtlagt.se\/gavle\/en\/climbingpark-for-groups-corporate-events-in-gavle\/corporate-event-with-climbing-adventure-in-gavle\/#breadcrumb","itemListElement":[{"@type":"ListItem","position":1,"name":"Hem","item":"https:\/\/hogtlagt.se\/gavle\/"},{"@type":"ListItem","position":2,"name":"Climbingpark for groups &#038; corporate events in G\u00e4vle","item":"https:\/\/hogtlagt.se\/gavle\/en\/climbingpark-for-groups-corporate-events-in-gavle\/"},{"@type":"ListItem","position":3,"name":"Corporate event with climbing &#038; adventure in G\u00e4vle"}]},{"@type":"WebSite","@id":"https:\/\/hogtlagt.se\/gavle\/#website","url":"https:\/\/hogtlagt.se\/gavle\/","name":"H\u00f6gt &amp; L\u00e5gt G\u00e4vle","description":"En till H\u00f6gt &amp; L\u00e5gt webbplats","potentialAction":[{"@type":"SearchAction","target":{"@type":"EntryPoint","urlTemplate":"https:\/\/hogtlagt.se\/gavle\/?s={search_term_string}"},"query-input":{"@type":"PropertyValueSpecification","valueRequired":true,"valueName":"search_term_string"}}],"inLanguage":"sv-SE"}]}},"_links":{"self":[{"href":"https:\/\/hogtlagt.se\/gavle\/wp-json\/wp\/v2\/pages\/806","targetHints":{"allow":["GET"]}}],"collection":[{"href":"https:\/\/hogtlagt.se\/gavle\/wp-json\/wp\/v2\/pages"}],"about":[{"href":"https:\/\/hogtlagt.se\/gavle\/wp-json\/wp\/v2\/types\/page"}],"author":[{"embeddable":true,"href":"https:\/\/hogtlagt.se\/gavle\/wp-json\/wp\/v2\/users\/6"}],"replies":[{"embeddable":true,"href":"https:\/\/hogtlagt.se\/gavle\/wp-json\/wp\/v2\/comments?post=806"}],"version-history":[{"count":13,"href":"https:\/\/hogtlagt.se\/gavle\/wp-json\/wp\/v2\/pages\/806\/revisions"}],"predecessor-version":[{"id":1618,"href":"https:\/\/hogtlagt.se\/gavle\/wp-json\/wp\/v2\/pages\/806\/revisions\/1618"}],"up":[{"embeddable":true,"href":"https:\/\/hogtlagt.se\/gavle\/wp-json\/wp\/v2\/pages\/776"}],"wp:featuredmedia":[{"embeddable":true,"href":"https:\/\/hogtlagt.se\/gavle\/wp-json\/wp\/v2\/media\/211"}],"wp:attachment":[{"href":"https:\/\/hogtlagt.se\/gavle\/wp-json\/wp\/v2\/media?parent=806"}],"curies":[{"name":"wp","href":"https:\/\/api.w.org\/{rel}","templated":true}]}}