{"id":799,"date":"2021-12-10T09:17:01","date_gmt":"2021-12-10T08:17:01","guid":{"rendered":"https:\/\/hogtlagt.se\/gavle\/?page_id=799"},"modified":"2023-12-28T21:50:22","modified_gmt":"2023-12-28T20:50:22","slug":"directions-to-the-climbingpark-in-gavle","status":"publish","type":"page","link":"https:\/\/hogtlagt.se\/gavle\/en\/before-your-visit\/directions-to-the-climbingpark-in-gavle\/","title":{"rendered":"Directions to the climbingpark in G\u00e4vle"},"content":{"rendered":"\n<div class=\"wp-block-cover alignfull\" style=\"min-height:600px;aspect-ratio:unset;\"><span aria-hidden=\"true\" class=\"wp-block-cover__background has-background-dim-30 has-background-dim\"><\/span><img loading=\"lazy\" decoding=\"async\" width=\"2560\" height=\"1920\" class=\"wp-block-cover__image-background wp-image-1394\" alt=\"\" src=\"https:\/\/hogtlagt.se\/gavle\/wp-content\/uploads\/sites\/6\/2023\/10\/Va\u0308gbeskrivning-1-scaled.jpg\" style=\"object-position:52% 75%\" data-object-fit=\"cover\" data-object-position=\"52% 75%\" srcset=\"https:\/\/hogtlagt.se\/gavle\/wp-content\/uploads\/sites\/6\/2023\/10\/Va\u0308gbeskrivning-1-scaled.jpg 2560w, https:\/\/hogtlagt.se\/gavle\/wp-content\/uploads\/sites\/6\/2023\/10\/Va\u0308gbeskrivning-1-300x225.jpg 300w, https:\/\/hogtlagt.se\/gavle\/wp-content\/uploads\/sites\/6\/2023\/10\/Va\u0308gbeskrivning-1-1024x768.jpg 1024w, https:\/\/hogtlagt.se\/gavle\/wp-content\/uploads\/sites\/6\/2023\/10\/Va\u0308gbeskrivning-1-768x576.jpg 768w, https:\/\/hogtlagt.se\/gavle\/wp-content\/uploads\/sites\/6\/2023\/10\/Va\u0308gbeskrivning-1-1536x1152.jpg 1536w, https:\/\/hogtlagt.se\/gavle\/wp-content\/uploads\/sites\/6\/2023\/10\/Va\u0308gbeskrivning-1-2048x1536.jpg 2048w\" sizes=\"auto, (max-width: 2560px) 100vw, 2560px\" \/><div class=\"wp-block-cover__inner-container has-global-padding is-layout-constrained wp-block-cover-is-layout-constrained\">\n<h2 class=\"wp-block-heading has-text-align-center\" style=\"font-size:55px\">Find us<\/h2>\n<\/div><\/div>\n\n\n\n<div style=\"height:100px\" aria-hidden=\"true\" class=\"wp-block-spacer\"><\/div>\n\n\n\n<h2 class=\"wp-block-heading has-medium-font-size\">Here you find H\u00f6gt &amp; L\u00e5gt G\u00e4vle<\/h2>\n\n\n\n    <div class=\"icon-list\">\n\n            \n        <div class=\"icon-list-item\">\n            <div class=\"il-img\">\n                <img decoding=\"async\" src=\"https:\/\/hogtlagt.se\/gavle\/wp-content\/uploads\/sites\/6\/2020\/03\/HL-ikon-11.svg\" class=\"attachment-icon size-icon\" alt=\"\" \/>            <\/div>\n            <div class=\"icon-list-content\">\n                <h3>Adress<\/h3>\n                <p><span data-contrast=\"auto\">You\u00a0will\u00a0find\u00a0us\u00a0at:<\/span><span data-ccp-props=\"{\"201341983\":0,\"335559739\":160,\"335559740\":259}\">\u00a0<\/span><\/p>\n<p><span data-contrast=\"auto\">Hemlingbyv\u00e4gen\u00a095, 802 57 G\u00e4vle<\/span><span data-ccp-props=\"{\"201341983\":0,\"335559739\":160,\"335559740\":259}\">\u00a0<\/span><\/p>\n<p><span data-contrast=\"auto\">Right\u00a0next\u00a0to the\u00a0outdoor\u00a0gym and the\u00a0trails\u00a0of\u00a0the\u00a0Hemlingby\u00a0outdoor\u00a0activity\u00a0area.\u00a0<\/span><span data-ccp-props=\"{\"201341983\":0,\"335559739\":160,\"335559740\":259}\">\u00a0<\/span><\/p>\n            <\/div>\n        <\/div>\n\n                    <hr>\n                    \n        <div class=\"icon-list-item\">\n            <div class=\"il-img\">\n                <img decoding=\"async\" src=\"https:\/\/hogtlagt.se\/gavle\/wp-content\/uploads\/sites\/6\/2020\/03\/HL-ikon-11.svg\" class=\"attachment-icon size-icon\" alt=\"\" \/>            <\/div>\n            <div class=\"icon-list-content\">\n                <h3>Map<\/h3>\n                <p><a href=\"https:\/\/www.google.com\/maps\/place\/H%C3%B6gt+%26+L%C3%A5gt+G%C3%A4vle+-+Kl%C3%A4tterpark%2FH%C3%B6gh%C3%B6jdsbana\/@60.6488104,17.1692228,17z\/data=!3m1!4b1!4m6!3m5!1s0x4660c73d1e41c393:0xa65d514b08a15d4b!8m2!3d60.6488078!4d17.1717977!16s%2Fg%2F11lfpzf3t4?entry=ttu\" target=\"_blank\" rel=\"noopener\">Google Maps<\/a><\/p>\n            <\/div>\n        <\/div>\n\n                    <hr>\n            \n    <\/div>\n\n    \n\n\n<div style=\"height:100px\" aria-hidden=\"true\" class=\"wp-block-spacer\"><\/div>\n\n\n\n<div class=\"wp-block-cover alignfull\" style=\"min-height:376px;aspect-ratio:unset;\"><span aria-hidden=\"true\" class=\"wp-block-cover__background has-background-dim\"><\/span><img loading=\"lazy\" decoding=\"async\" width=\"2048\" height=\"1365\" class=\"wp-block-cover__image-background wp-image-1477\" alt=\"\" src=\"https:\/\/hogtlagt.se\/gavle\/wp-content\/uploads\/sites\/6\/2023\/12\/Hogt-Lagt-WEBB-1235.jpg\" style=\"object-position:50% 68%\" data-object-fit=\"cover\" data-object-position=\"50% 68%\" srcset=\"https:\/\/hogtlagt.se\/gavle\/wp-content\/uploads\/sites\/6\/2023\/12\/Hogt-Lagt-WEBB-1235.jpg 2048w, https:\/\/hogtlagt.se\/gavle\/wp-content\/uploads\/sites\/6\/2023\/12\/Hogt-Lagt-WEBB-1235-300x200.jpg 300w, https:\/\/hogtlagt.se\/gavle\/wp-content\/uploads\/sites\/6\/2023\/12\/Hogt-Lagt-WEBB-1235-1024x683.jpg 1024w, https:\/\/hogtlagt.se\/gavle\/wp-content\/uploads\/sites\/6\/2023\/12\/Hogt-Lagt-WEBB-1235-768x512.jpg 768w, https:\/\/hogtlagt.se\/gavle\/wp-content\/uploads\/sites\/6\/2023\/12\/Hogt-Lagt-WEBB-1235-1536x1024.jpg 1536w\" sizes=\"auto, (max-width: 2048px) 100vw, 2048px\" \/><div class=\"wp-block-cover__inner-container has-global-padding is-layout-constrained wp-block-cover-is-layout-constrained\">\n<p class=\"has-text-align-center\" style=\"font-size:25px\">Everything we do stems from our fundamental values\u00a0<em>Thorough, Safe, Innovative, Including<\/em>\u00a0and\u00a0<em>Challenging<\/em>. We are passionate, we work hard, we care about the experience of each single visitor, we take part in the development of this industry and we have SO much fun along the way!<\/p>\n<\/div><\/div>\n","protected":false},"excerpt":{"rendered":"<p>Here you find H\u00f6gt &amp; L\u00e5gt G\u00e4vle<\/p>\n","protected":false},"author":6,"featured_media":147,"parent":774,"menu_order":3,"comment_status":"closed","ping_status":"closed","template":"templates\/empty.php","meta":{"_acf_changed":false,"inline_featured_image":false,"footnotes":""},"class_list":["post-799","page","type-page","status-publish","has-post-thumbnail"],"acf":[],"yoast_head":"<!-- This site is optimized with the Yoast SEO plugin v26.1.1 - https:\/\/yoast.com\/wordpress\/plugins\/seo\/ -->\n<title>Directions to the climbingpark in G\u00e4vle - H\u00f6gt &amp; L\u00e5gt G\u00e4vle<\/title>\n<meta name=\"robots\" content=\"index, follow, max-snippet:-1, max-image-preview:large, max-video-preview:-1\" \/>\n<link rel=\"canonical\" href=\"https:\/\/hogtlagt.se\/gavle\/en\/before-your-visit\/directions-to-the-climbingpark-in-gavle\/\" \/>\n<meta property=\"og:locale\" content=\"sv_SE\" \/>\n<meta property=\"og:type\" content=\"article\" \/>\n<meta property=\"og:title\" content=\"Directions to the climbingpark in G\u00e4vle - H\u00f6gt &amp; L\u00e5gt G\u00e4vle\" \/>\n<meta property=\"og:description\" content=\"Here you find H\u00f6gt &amp; L\u00e5gt G\u00e4vle\" \/>\n<meta property=\"og:url\" content=\"https:\/\/hogtlagt.se\/gavle\/en\/before-your-visit\/directions-to-the-climbingpark-in-gavle\/\" \/>\n<meta property=\"og:site_name\" content=\"H\u00f6gt &amp; L\u00e5gt G\u00e4vle\" \/>\n<meta property=\"article:modified_time\" content=\"2023-12-28T20:50:22+00:00\" \/>\n<meta property=\"og:image\" content=\"https:\/\/hogtlagt.se\/gavle\/wp-content\/uploads\/sites\/6\/2020\/03\/28I1093-stor-308440-scaled-1.jpg\" \/>\n\t<meta property=\"og:image:width\" content=\"2560\" \/>\n\t<meta property=\"og:image:height\" content=\"1707\" \/>\n\t<meta property=\"og:image:type\" content=\"image\/jpeg\" \/>\n<meta name=\"twitter:card\" content=\"summary_large_image\" \/>\n<meta name=\"twitter:label1\" content=\"Ber\u00e4knad l\u00e4stid\" \/>\n\t<meta name=\"twitter:data1\" content=\"1 minut\" \/>\n<script type=\"application\/ld+json\" class=\"yoast-schema-graph\">{\"@context\":\"https:\/\/schema.org\",\"@graph\":[{\"@type\":\"WebPage\",\"@id\":\"https:\/\/hogtlagt.se\/gavle\/en\/before-your-visit\/directions-to-the-climbingpark-in-gavle\/\",\"url\":\"https:\/\/hogtlagt.se\/gavle\/en\/before-your-visit\/directions-to-the-climbingpark-in-gavle\/\",\"name\":\"Directions to the climbingpark in G\u00e4vle - H\u00f6gt &amp; L\u00e5gt G\u00e4vle\",\"isPartOf\":{\"@id\":\"https:\/\/hogtlagt.se\/gavle\/#website\"},\"primaryImageOfPage\":{\"@id\":\"https:\/\/hogtlagt.se\/gavle\/en\/before-your-visit\/directions-to-the-climbingpark-in-gavle\/#primaryimage\"},\"image\":{\"@id\":\"https:\/\/hogtlagt.se\/gavle\/en\/before-your-visit\/directions-to-the-climbingpark-in-gavle\/#primaryimage\"},\"thumbnailUrl\":\"https:\/\/hogtlagt.se\/gavle\/wp-content\/uploads\/sites\/6\/2020\/03\/28I1093-stor-308440-scaled-1.jpg\",\"datePublished\":\"2021-12-10T08:17:01+00:00\",\"dateModified\":\"2023-12-28T20:50:22+00:00\",\"breadcrumb\":{\"@id\":\"https:\/\/hogtlagt.se\/gavle\/en\/before-your-visit\/directions-to-the-climbingpark-in-gavle\/#breadcrumb\"},\"inLanguage\":\"sv-SE\",\"potentialAction\":[{\"@type\":\"ReadAction\",\"target\":[\"https:\/\/hogtlagt.se\/gavle\/en\/before-your-visit\/directions-to-the-climbingpark-in-gavle\/\"]}]},{\"@type\":\"ImageObject\",\"inLanguage\":\"sv-SE\",\"@id\":\"https:\/\/hogtlagt.se\/gavle\/en\/before-your-visit\/directions-to-the-climbingpark-in-gavle\/#primaryimage\",\"url\":\"https:\/\/hogtlagt.se\/gavle\/wp-content\/uploads\/sites\/6\/2020\/03\/28I1093-stor-308440-scaled-1.jpg\",\"contentUrl\":\"https:\/\/hogtlagt.se\/gavle\/wp-content\/uploads\/sites\/6\/2020\/03\/28I1093-stor-308440-scaled-1.jpg\",\"width\":2560,\"height\":1707},{\"@type\":\"BreadcrumbList\",\"@id\":\"https:\/\/hogtlagt.se\/gavle\/en\/before-your-visit\/directions-to-the-climbingpark-in-gavle\/#breadcrumb\",\"itemListElement\":[{\"@type\":\"ListItem\",\"position\":1,\"name\":\"Hem\",\"item\":\"https:\/\/hogtlagt.se\/gavle\/\"},{\"@type\":\"ListItem\",\"position\":2,\"name\":\"Before your visit\",\"item\":\"https:\/\/hogtlagt.se\/gavle\/en\/before-your-visit\/\"},{\"@type\":\"ListItem\",\"position\":3,\"name\":\"Directions to the climbingpark in G\u00e4vle\"}]},{\"@type\":\"WebSite\",\"@id\":\"https:\/\/hogtlagt.se\/gavle\/#website\",\"url\":\"https:\/\/hogtlagt.se\/gavle\/\",\"name\":\"H\u00f6gt &amp; L\u00e5gt G\u00e4vle\",\"description\":\"En till H\u00f6gt &amp; L\u00e5gt webbplats\",\"potentialAction\":[{\"@type\":\"SearchAction\",\"target\":{\"@type\":\"EntryPoint\",\"urlTemplate\":\"https:\/\/hogtlagt.se\/gavle\/?s={search_term_string}\"},\"query-input\":{\"@type\":\"PropertyValueSpecification\",\"valueRequired\":true,\"valueName\":\"search_term_string\"}}],\"inLanguage\":\"sv-SE\"}]}<\/script>\n<!-- \/ Yoast SEO plugin. -->","yoast_head_json":{"title":"Directions to the climbingpark in G\u00e4vle - H\u00f6gt &amp; L\u00e5gt G\u00e4vle","robots":{"index":"index","follow":"follow","max-snippet":"max-snippet:-1","max-image-preview":"max-image-preview:large","max-video-preview":"max-video-preview:-1"},"canonical":"https:\/\/hogtlagt.se\/gavle\/en\/before-your-visit\/directions-to-the-climbingpark-in-gavle\/","og_locale":"sv_SE","og_type":"article","og_title":"Directions to the climbingpark in G\u00e4vle - H\u00f6gt &amp; L\u00e5gt G\u00e4vle","og_description":"Here you find H\u00f6gt &amp; L\u00e5gt G\u00e4vle","og_url":"https:\/\/hogtlagt.se\/gavle\/en\/before-your-visit\/directions-to-the-climbingpark-in-gavle\/","og_site_name":"H\u00f6gt &amp; L\u00e5gt G\u00e4vle","article_modified_time":"2023-12-28T20:50:22+00:00","og_image":[{"width":2560,"height":1707,"url":"https:\/\/hogtlagt.se\/gavle\/wp-content\/uploads\/sites\/6\/2020\/03\/28I1093-stor-308440-scaled-1.jpg","type":"image\/jpeg"}],"twitter_card":"summary_large_image","twitter_misc":{"Ber\u00e4knad l\u00e4stid":"1 minut"},"schema":{"@context":"https:\/\/schema.org","@graph":[{"@type":"WebPage","@id":"https:\/\/hogtlagt.se\/gavle\/en\/before-your-visit\/directions-to-the-climbingpark-in-gavle\/","url":"https:\/\/hogtlagt.se\/gavle\/en\/before-your-visit\/directions-to-the-climbingpark-in-gavle\/","name":"Directions to the climbingpark in G\u00e4vle - H\u00f6gt &amp; L\u00e5gt G\u00e4vle","isPartOf":{"@id":"https:\/\/hogtlagt.se\/gavle\/#website"},"primaryImageOfPage":{"@id":"https:\/\/hogtlagt.se\/gavle\/en\/before-your-visit\/directions-to-the-climbingpark-in-gavle\/#primaryimage"},"image":{"@id":"https:\/\/hogtlagt.se\/gavle\/en\/before-your-visit\/directions-to-the-climbingpark-in-gavle\/#primaryimage"},"thumbnailUrl":"https:\/\/hogtlagt.se\/gavle\/wp-content\/uploads\/sites\/6\/2020\/03\/28I1093-stor-308440-scaled-1.jpg","datePublished":"2021-12-10T08:17:01+00:00","dateModified":"2023-12-28T20:50:22+00:00","breadcrumb":{"@id":"https:\/\/hogtlagt.se\/gavle\/en\/before-your-visit\/directions-to-the-climbingpark-in-gavle\/#breadcrumb"},"inLanguage":"sv-SE","potentialAction":[{"@type":"ReadAction","target":["https:\/\/hogtlagt.se\/gavle\/en\/before-your-visit\/directions-to-the-climbingpark-in-gavle\/"]}]},{"@type":"ImageObject","inLanguage":"sv-SE","@id":"https:\/\/hogtlagt.se\/gavle\/en\/before-your-visit\/directions-to-the-climbingpark-in-gavle\/#primaryimage","url":"https:\/\/hogtlagt.se\/gavle\/wp-content\/uploads\/sites\/6\/2020\/03\/28I1093-stor-308440-scaled-1.jpg","contentUrl":"https:\/\/hogtlagt.se\/gavle\/wp-content\/uploads\/sites\/6\/2020\/03\/28I1093-stor-308440-scaled-1.jpg","width":2560,"height":1707},{"@type":"BreadcrumbList","@id":"https:\/\/hogtlagt.se\/gavle\/en\/before-your-visit\/directions-to-the-climbingpark-in-gavle\/#breadcrumb","itemListElement":[{"@type":"ListItem","position":1,"name":"Hem","item":"https:\/\/hogtlagt.se\/gavle\/"},{"@type":"ListItem","position":2,"name":"Before your visit","item":"https:\/\/hogtlagt.se\/gavle\/en\/before-your-visit\/"},{"@type":"ListItem","position":3,"name":"Directions to the climbingpark in G\u00e4vle"}]},{"@type":"WebSite","@id":"https:\/\/hogtlagt.se\/gavle\/#website","url":"https:\/\/hogtlagt.se\/gavle\/","name":"H\u00f6gt &amp; L\u00e5gt G\u00e4vle","description":"En till H\u00f6gt &amp; L\u00e5gt webbplats","potentialAction":[{"@type":"SearchAction","target":{"@type":"EntryPoint","urlTemplate":"https:\/\/hogtlagt.se\/gavle\/?s={search_term_string}"},"query-input":{"@type":"PropertyValueSpecification","valueRequired":true,"valueName":"search_term_string"}}],"inLanguage":"sv-SE"}]}},"_links":{"self":[{"href":"https:\/\/hogtlagt.se\/gavle\/wp-json\/wp\/v2\/pages\/799","targetHints":{"allow":["GET"]}}],"collection":[{"href":"https:\/\/hogtlagt.se\/gavle\/wp-json\/wp\/v2\/pages"}],"about":[{"href":"https:\/\/hogtlagt.se\/gavle\/wp-json\/wp\/v2\/types\/page"}],"author":[{"embeddable":true,"href":"https:\/\/hogtlagt.se\/gavle\/wp-json\/wp\/v2\/users\/6"}],"replies":[{"embeddable":true,"href":"https:\/\/hogtlagt.se\/gavle\/wp-json\/wp\/v2\/comments?post=799"}],"version-history":[{"count":7,"href":"https:\/\/hogtlagt.se\/gavle\/wp-json\/wp\/v2\/pages\/799\/revisions"}],"predecessor-version":[{"id":1534,"href":"https:\/\/hogtlagt.se\/gavle\/wp-json\/wp\/v2\/pages\/799\/revisions\/1534"}],"up":[{"embeddable":true,"href":"https:\/\/hogtlagt.se\/gavle\/wp-json\/wp\/v2\/pages\/774"}],"wp:featuredmedia":[{"embeddable":true,"href":"https:\/\/hogtlagt.se\/gavle\/wp-json\/wp\/v2\/media\/147"}],"wp:attachment":[{"href":"https:\/\/hogtlagt.se\/gavle\/wp-json\/wp\/v2\/media?parent=799"}],"curies":[{"name":"wp","href":"https:\/\/api.w.org\/{rel}","templated":true}]}}