{"id":786,"date":"2021-12-09T15:52:54","date_gmt":"2021-12-09T14:52:54","guid":{"rendered":"https:\/\/hogtlagt.se\/gavle\/?page_id=786"},"modified":"2024-02-16T15:59:19","modified_gmt":"2024-02-16T14:59:19","slug":"practical-info","status":"publish","type":"page","link":"https:\/\/hogtlagt.se\/gavle\/en\/before-your-visit\/practical-info\/","title":{"rendered":"Practical info"},"content":{"rendered":"\n<div class=\"wp-block-cover alignfull\" style=\"min-height:600px;aspect-ratio:unset;\"><span aria-hidden=\"true\" class=\"wp-block-cover__background has-background-dim-30 has-background-dim\"><\/span><img loading=\"lazy\" decoding=\"async\" width=\"2560\" height=\"1707\" class=\"wp-block-cover__image-background wp-image-1389\" alt=\"\" src=\"https:\/\/hogtlagt.se\/gavle\/wp-content\/uploads\/sites\/6\/2023\/10\/Praktisk-info-info\u0308r-beso\u0308ket-1-scaled.jpg\" data-object-fit=\"cover\" srcset=\"https:\/\/hogtlagt.se\/gavle\/wp-content\/uploads\/sites\/6\/2023\/10\/Praktisk-info-info\u0308r-beso\u0308ket-1-scaled.jpg 2560w, https:\/\/hogtlagt.se\/gavle\/wp-content\/uploads\/sites\/6\/2023\/10\/Praktisk-info-info\u0308r-beso\u0308ket-1-300x200.jpg 300w, https:\/\/hogtlagt.se\/gavle\/wp-content\/uploads\/sites\/6\/2023\/10\/Praktisk-info-info\u0308r-beso\u0308ket-1-1024x683.jpg 1024w, https:\/\/hogtlagt.se\/gavle\/wp-content\/uploads\/sites\/6\/2023\/10\/Praktisk-info-info\u0308r-beso\u0308ket-1-768x512.jpg 768w, https:\/\/hogtlagt.se\/gavle\/wp-content\/uploads\/sites\/6\/2023\/10\/Praktisk-info-info\u0308r-beso\u0308ket-1-1536x1024.jpg 1536w, https:\/\/hogtlagt.se\/gavle\/wp-content\/uploads\/sites\/6\/2023\/10\/Praktisk-info-info\u0308r-beso\u0308ket-1-2048x1365.jpg 2048w\" sizes=\"auto, (max-width: 2560px) 100vw, 2560px\" \/><div class=\"wp-block-cover__inner-container has-global-padding is-layout-constrained wp-block-cover-is-layout-constrained\">\n<h2 class=\"wp-block-heading has-text-align-center\" style=\"font-size:55px\">Practical information<\/h2>\n<\/div><\/div>\n\n\n\n<div style=\"height:64px\" aria-hidden=\"true\" class=\"wp-block-spacer\"><\/div>\n\n\n\n<div class=\"wp-block-columns is-layout-flex wp-container-core-columns-is-layout-28f84493 wp-block-columns-is-layout-flex\">\n<div class=\"wp-block-column is-layout-flow wp-block-column-is-layout-flow\">\n<p><strong>Here are some useful and practical information before your visit to the park. If you come ready for an adventure \u2013 we will take care of the rest. You are very welcome!<\/strong><\/p>\n<\/div>\n\n\n\n<div class=\"wp-block-column is-layout-flow wp-block-column-is-layout-flow\">\n<figure class=\"wp-block-image aligncenter size-large is-resized\"><img loading=\"lazy\" decoding=\"async\" width=\"201\" height=\"271\" src=\"https:\/\/hogtlagt.se\/gavle\/wp-content\/uploads\/sites\/6\/2023\/12\/Group-576-2.svg\" alt=\"\" class=\"wp-image-1476\" style=\"width:161px;height:auto\"\/><\/figure>\n<\/div>\n<\/div>\n\n\n\n<div style=\"height:34px\" aria-hidden=\"true\" class=\"wp-block-spacer\"><\/div>\n\n\n\n<h2 class=\"wp-block-heading\">Practical information:<\/h2>\n\n\n\n    <div class=\"icon-list\">\n\n            \n        <div class=\"icon-list-item\">\n            <div class=\"il-img\">\n                <img decoding=\"async\" src=\"https:\/\/hogtlagt.se\/gavle\/wp-content\/uploads\/sites\/6\/2020\/03\/HL-ikon-8.svg\" class=\"attachment-icon size-icon\" alt=\"\" \/>            <\/div>\n            <div class=\"icon-list-content\">\n                <h3>Minimum hight and age requirements\u00a0\u00a0<\/h3>\n                <p>The courses are divided into degrees of difficulty by colour. The grading starts with orange which is the easiest, then green, blue and finally red which is the hardest. There are minimum hight and age requirements in order to climb the courses, but following these, you are allowed to climb as many courses as many times as you want for three hours.<\/p>\n<p>&nbsp;<\/p>\n<p>The minimum hight and age requirements are:<br \/>\n<strong>Orange:<\/strong> 80 cm (adults can accompany from the ground without buying a ticket for themselves)<br \/>\n<strong>Green:<\/strong>\u00a0 110 cm (children under 6 years old must be accompanied by an adult in the course)<br \/>\n<strong>Blue:<\/strong> 140 cm (children under 10 years old must be accompanied by an adult in the course)<br \/>\n<strong>Red:<\/strong> 150 cm (children under 10 years old must be accompanied by an adult in the course)<\/p>\n<p>&nbsp;<\/p>\n<p>As well as hight requirement, children under the age of 6 must also have the company of a climbing adult when climbing the green courses. Children under the age of 10 must have the company of a climbing adult in the blue and red courses.<\/p>\n            <\/div>\n        <\/div>\n\n                    <hr>\n                    \n        <div class=\"icon-list-item\">\n            <div class=\"il-img\">\n                <img decoding=\"async\" src=\"https:\/\/hogtlagt.se\/gavle\/wp-content\/uploads\/sites\/6\/2020\/03\/HL-ikon-7.svg\" class=\"attachment-icon size-icon\" alt=\"\" \/>            <\/div>\n            <div class=\"icon-list-content\">\n                <h3>Terms of participation <\/h3>\n                <p>For everyone climbing in the park, the following terms of participation must be followed:<\/p>\n<p>-Maximum weight 120 kg.<\/p>\n<p>-Climbing is not allowed when pregnant.<\/p>\n<p>-Climbing is not allowed of you are intoxicated by alcohol or drugs.<\/p>\n<p><span data-contrast=\"none\">-Before climbing in the park, everyone must participate in the mandatory safety briefing led by an instructor.<\/span><\/p>\n<p><span data-contrast=\"none\">-When climbing, the rules of the park must be followed (we will go through the rules during the safety briefing).\u00a0<\/span><\/p>\n            <\/div>\n        <\/div>\n\n                    <hr>\n                    \n        <div class=\"icon-list-item\">\n            <div class=\"il-img\">\n                <img decoding=\"async\" src=\"https:\/\/hogtlagt.se\/gavle\/wp-content\/uploads\/sites\/6\/2020\/03\/HL-ikon-6.svg\" class=\"attachment-icon size-icon\" alt=\"\" \/>            <\/div>\n            <div class=\"icon-list-content\">\n                <h3>Buy your ticket <\/h3>\n                <p><span class=\"NormalTextRun BCX0 SCXW208386301\">You can buy your tickets <a href=\"https:\/\/hogtlagt.se\/gavle\/en\/tickets\/\">here<\/a><\/span><span class=\"NormalTextRun BCX0 SCXW208386301\">, and we recommend you buy them in advance. It is also possible to buy tickets at the park (drop-in tickets). However, the number of drop-in tickets is very limited and during high-season the park is often fully booked and drop-in tickets may not be available.\u00a0\u00a0<\/span><\/p>\n            <\/div>\n        <\/div>\n\n                    <hr>\n                    \n        <div class=\"icon-list-item\">\n            <div class=\"il-img\">\n                <img decoding=\"async\" src=\"https:\/\/hogtlagt.se\/gavle\/wp-content\/uploads\/sites\/6\/2020\/03\/HL-ikon-5.svg\" class=\"attachment-icon size-icon\" alt=\"\" \/>            <\/div>\n            <div class=\"icon-list-content\">\n                <h3>Safety briefing and training course<\/h3>\n                <p><span data-contrast=\"none\">Everybody climbing in the park needs to participate in a safety briefing held by an instructor at the park. After the safety briefing everyone needs to climb through the training course under the supervision of an instructor.<\/span><span data-ccp-props=\"{\">\u00a0<\/span><\/p>\n<p>&nbsp;<\/p>\n<p><span data-contrast=\"none\">Your safety briefing will be held at the starting-time of your three hour climbing session and is included in your climbing time. If you\u00a0<strong>arrive at the park 10-15 minutes before your starting time<\/strong>\u00a0you can to get your equipment (harness and helmet) on and you are then ready when it is time to start.\u00a0<\/span><\/p>\n            <\/div>\n        <\/div>\n\n                    <hr>\n                    \n        <div class=\"icon-list-item\">\n            <div class=\"il-img\">\n                <img decoding=\"async\" src=\"https:\/\/hogtlagt.se\/gavle\/wp-content\/uploads\/sites\/6\/2020\/03\/HL-ikon-4.svg\" class=\"attachment-icon size-icon\" alt=\"\" \/>            <\/div>\n            <div class=\"icon-list-content\">\n                <h3>Weather and clothes <\/h3>\n                <p><span data-contrast=\"none\">The park is open regardless of the weather. There is no problem climbing in the rain, the most important thing is that you have the right clothes on so you do not freeze or get wet. The park might be temporarily closed down if there is risk of thunder or extreme wind. If this happens, the instructors in the park will help everybody get down on the ground safely, and if\/when the thunder or wind has passed, they will let you continue your climbing. Temporary closing of the park does not entitle any ticket refunds.\u00a0<\/span><span data-ccp-props=\"{\">\u00a0<\/span><\/p>\n<p>&nbsp;<\/p>\n<p><span data-contrast=\"none\">We recommend to dress based on the weather forecast. Wear protective clothes when there is a risk of rain, it is easier to take clothes off and it is much more fun if you don\u00b4t freeze. We also recommend good shoes that sit well on your feet such as running- or exercise shoes or general outdoor shoes.<\/span><\/p>\n            <\/div>\n        <\/div>\n\n                    <hr>\n                    \n        <div class=\"icon-list-item\">\n            <div class=\"il-img\">\n                <img decoding=\"async\" src=\"https:\/\/hogtlagt.se\/gavle\/wp-content\/uploads\/sites\/6\/2020\/03\/HL-ikon-11.svg\" class=\"attachment-icon size-icon\" alt=\"\" \/>            <\/div>\n            <div class=\"icon-list-content\">\n                <h3>Parking<\/h3>\n                <p><span class=\"TextRun SCXW5233602 BCX0\" lang=\"EN-GB\" xml:lang=\"EN-GB\" data-contrast=\"none\"><span class=\"NormalTextRun SCXW5233602 BCX0\">There are two large parking lots close to the park. We recommend you choose the one on\u00a0<\/span><span class=\"NormalTextRun SCXW5233602 BCX0\">your\u00a0<\/span><span class=\"NormalTextRun SCXW5233602 BCX0\">right<\/span><span class=\"NormalTextRun SCXW5233602 BCX0\">-hand side<\/span><span class=\"NormalTextRun SCXW5233602 BCX0\">\u00a0<\/span><span class=\"NormalTextRun SCXW5233602 BCX0\">as you drive up to the park.\u00a0<\/span><\/span><span class=\"EOP SCXW5233602 BCX0\" data-ccp-props=\"{\">\u00a0<\/span><\/p>\n            <\/div>\n        <\/div>\n\n                    <hr>\n                    \n        <div class=\"icon-list-item\">\n            <div class=\"il-img\">\n                <img decoding=\"async\" src=\"https:\/\/hogtlagt.se\/gavle\/wp-content\/uploads\/sites\/6\/2020\/03\/HL-ikon-8.svg\" class=\"attachment-icon size-icon\" alt=\"\" \/>            <\/div>\n            <div class=\"icon-list-content\">\n                <h3>Toilets<\/h3>\n                <p><span class=\"TextRun SCXW31030002 BCX0\" lang=\"EN-GB\" xml:lang=\"EN-GB\" data-contrast=\"none\"><span class=\"NormalTextRun SCXW31030002 BCX0\">Right next to our park<\/span><span class=\"NormalTextRun SCXW31030002 BCX0\">, at the\u00a0<\/span><span class=\"SpellingError SCXW31030002 BCX0\">Hemlingbystugan<\/span><span class=\"NormalTextRun SCXW31030002 BCX0\">,<\/span><span class=\"NormalTextRun SCXW31030002 BCX0\">\u00a0there are toilets available to our gue<\/span><span class=\"NormalTextRun SCXW31030002 BCX0\">sts for free.\u00a0<\/span><\/span><span class=\"EOP SCXW31030002 BCX0\" data-ccp-props=\"{\">\u00a0<\/span><\/p>\n            <\/div>\n        <\/div>\n\n                    <hr>\n                    \n        <div class=\"icon-list-item\">\n            <div class=\"il-img\">\n                <img decoding=\"async\" src=\"https:\/\/hogtlagt.se\/gavle\/wp-content\/uploads\/sites\/6\/2020\/03\/HL-ikon-3.svg\" class=\"attachment-icon size-icon\" alt=\"\" \/>            <\/div>\n            <div class=\"icon-list-content\">\n                <h3>Food and drinks <\/h3>\n                <p><strong>Tables\u00a0and\u00a0barbeque\u00a0area<\/strong><br \/>\n<span data-contrast=\"none\">We have a barbeque area right in the middle of our park. The barbeque is free to use, but you have to bring your own equipment such as wood\/brackets and lighting equipment, as well as food to prepare. There is also plenty of seating areas where you can enjoy your food or drinks.<\/span><span data-ccp-props=\"{\">\u00a0<\/span><\/p>\n<p><strong>Lunch or snacks<\/strong><br \/>\n<span data-contrast=\"none\">Right beside the park you find\u00a0Hemlingsbystugan\u00a0where you can eat lunch or buy cold drinks, coffee and snacks, and of course ice cream. Check out their <a href=\"https:\/\/www.gavle.se\/lunchmeny-for-hemlingbystugan\/\" target=\"_blank\" rel=\"noopener\">menu here<\/a>\u00a0and their <a href=\"https:\/\/www.gavle.se\/service-och-information\/kultur-och-fritid\/natur-och-friluftsliv\/hemlingby-friluftsomrade\/besok-hemlingbystugan\/fika-och-ata-i-hemlingbystugan\/oppettider-for-kafe-och-restaurang-i-hemlingbystugan\/\" target=\"_blank\" rel=\"noopener\">opening hours here<\/a> . <\/span><span data-ccp-props=\"{\">\u00a0<\/span><\/p>\n            <\/div>\n        <\/div>\n\n                    <hr>\n            \n    <\/div>\n\n    \n\n\n<div style=\"height:30px\" aria-hidden=\"true\" class=\"wp-block-spacer\"><\/div>\n\n\n\n<div style=\"height:67px\" aria-hidden=\"true\" class=\"wp-block-spacer\"><\/div>\n\n\n\n<figure class=\"wp-block-image aligncenter size-large\"><img loading=\"lazy\" decoding=\"async\" width=\"1024\" height=\"683\" src=\"https:\/\/hogtlagt.se\/gavle\/wp-content\/uploads\/sites\/6\/2023\/10\/tva\u030a-a\u0308nnu-gladare-barn-1024x683.jpg\" alt=\"\" class=\"wp-image-1421\" srcset=\"https:\/\/hogtlagt.se\/gavle\/wp-content\/uploads\/sites\/6\/2023\/10\/tva\u030a-a\u0308nnu-gladare-barn-1024x683.jpg 1024w, https:\/\/hogtlagt.se\/gavle\/wp-content\/uploads\/sites\/6\/2023\/10\/tva\u030a-a\u0308nnu-gladare-barn-300x200.jpg 300w, https:\/\/hogtlagt.se\/gavle\/wp-content\/uploads\/sites\/6\/2023\/10\/tva\u030a-a\u0308nnu-gladare-barn-768x512.jpg 768w, https:\/\/hogtlagt.se\/gavle\/wp-content\/uploads\/sites\/6\/2023\/10\/tva\u030a-a\u0308nnu-gladare-barn-1536x1024.jpg 1536w, https:\/\/hogtlagt.se\/gavle\/wp-content\/uploads\/sites\/6\/2023\/10\/tva\u030a-a\u0308nnu-gladare-barn.jpg 2048w\" sizes=\"auto, (max-width: 1024px) 100vw, 1024px\" \/><\/figure>\n\n\n\n<div style=\"height:100px\" aria-hidden=\"true\" class=\"wp-block-spacer\"><\/div>\n\n\n\n<div class=\"wp-block-cover alignfull\" style=\"min-height:376px;aspect-ratio:unset;\"><span aria-hidden=\"true\" class=\"wp-block-cover__background has-background-dim\"><\/span><img loading=\"lazy\" decoding=\"async\" width=\"2048\" height=\"1365\" class=\"wp-block-cover__image-background wp-image-1477\" alt=\"\" src=\"https:\/\/hogtlagt.se\/gavle\/wp-content\/uploads\/sites\/6\/2023\/12\/Hogt-Lagt-WEBB-1235.jpg\" style=\"object-position:50% 66%\" data-object-fit=\"cover\" data-object-position=\"50% 66%\" srcset=\"https:\/\/hogtlagt.se\/gavle\/wp-content\/uploads\/sites\/6\/2023\/12\/Hogt-Lagt-WEBB-1235.jpg 2048w, https:\/\/hogtlagt.se\/gavle\/wp-content\/uploads\/sites\/6\/2023\/12\/Hogt-Lagt-WEBB-1235-300x200.jpg 300w, https:\/\/hogtlagt.se\/gavle\/wp-content\/uploads\/sites\/6\/2023\/12\/Hogt-Lagt-WEBB-1235-1024x683.jpg 1024w, https:\/\/hogtlagt.se\/gavle\/wp-content\/uploads\/sites\/6\/2023\/12\/Hogt-Lagt-WEBB-1235-768x512.jpg 768w, https:\/\/hogtlagt.se\/gavle\/wp-content\/uploads\/sites\/6\/2023\/12\/Hogt-Lagt-WEBB-1235-1536x1024.jpg 1536w\" sizes=\"auto, (max-width: 2048px) 100vw, 2048px\" \/><div class=\"wp-block-cover__inner-container has-global-padding is-layout-constrained wp-block-cover-is-layout-constrained\">\n<p class=\"has-text-align-center\" style=\"font-size:25px\">Everything we do stems from our fundamental values&nbsp;<em>Thorough, Safe, Innovative, Including<\/em>&nbsp;and&nbsp;<em>Challenging<\/em>. We are passionate, we work hard, we care about the experience of each single visitor, we take part in the development of this industry and we have SO much fun along the way!<\/p>\n<\/div><\/div>\n","protected":false},"excerpt":{"rendered":"<p>Here are some useful and practical information before your visit to the park. If you come ready for an adventure \u2013 we will take care of the rest. You are&#8230;<\/p>\n","protected":false},"author":6,"featured_media":136,"parent":774,"menu_order":1,"comment_status":"closed","ping_status":"closed","template":"templates\/empty.php","meta":{"_acf_changed":false,"inline_featured_image":false,"footnotes":""},"class_list":["post-786","page","type-page","status-publish","has-post-thumbnail"],"acf":[],"yoast_head":"<!-- This site is optimized with the Yoast SEO plugin v26.1.1 - https:\/\/yoast.com\/wordpress\/plugins\/seo\/ -->\n<title>Praktisk information inf\u00f6r bes\u00f6k hos H\u00f6gt&amp;L\u00e5gt i G\u00e4vle<\/title>\n<meta name=\"description\" content=\"Praktisk information - H\u00f6gt&amp;L\u00e5gt kl\u00e4tterpark i G\u00e4vle. Boka tid f\u00f6r hela familjen, klassen eller f\u00f6retaget!\" \/>\n<meta name=\"robots\" content=\"index, follow, max-snippet:-1, max-image-preview:large, max-video-preview:-1\" \/>\n<link rel=\"canonical\" href=\"https:\/\/hogtlagt.se\/gavle\/en\/before-your-visit\/practical-info\/\" \/>\n<meta property=\"og:locale\" content=\"sv_SE\" \/>\n<meta property=\"og:type\" content=\"article\" \/>\n<meta property=\"og:title\" content=\"Praktisk information inf\u00f6r bes\u00f6k hos H\u00f6gt&amp;L\u00e5gt i G\u00e4vle\" \/>\n<meta property=\"og:description\" content=\"Praktisk information - H\u00f6gt&amp;L\u00e5gt kl\u00e4tterpark i G\u00e4vle. Boka tid f\u00f6r hela familjen, klassen eller f\u00f6retaget!\" \/>\n<meta property=\"og:url\" content=\"https:\/\/hogtlagt.se\/gavle\/en\/before-your-visit\/practical-info\/\" \/>\n<meta property=\"og:site_name\" content=\"H\u00f6gt &amp; L\u00e5gt G\u00e4vle\" \/>\n<meta property=\"article:modified_time\" content=\"2024-02-16T14:59:19+00:00\" \/>\n<meta property=\"og:image\" content=\"https:\/\/hogtlagt.se\/gavle\/wp-content\/uploads\/sites\/6\/2020\/03\/28I0901-stor-308476-scaled-1.jpg\" \/>\n\t<meta property=\"og:image:width\" content=\"2560\" \/>\n\t<meta property=\"og:image:height\" content=\"1707\" \/>\n\t<meta property=\"og:image:type\" content=\"image\/jpeg\" \/>\n<meta name=\"twitter:card\" content=\"summary_large_image\" \/>\n<meta name=\"twitter:label1\" content=\"Ber\u00e4knad l\u00e4stid\" \/>\n\t<meta name=\"twitter:data1\" content=\"2 minuter\" \/>\n<script type=\"application\/ld+json\" class=\"yoast-schema-graph\">{\"@context\":\"https:\/\/schema.org\",\"@graph\":[{\"@type\":\"WebPage\",\"@id\":\"https:\/\/hogtlagt.se\/gavle\/en\/before-your-visit\/practical-info\/\",\"url\":\"https:\/\/hogtlagt.se\/gavle\/en\/before-your-visit\/practical-info\/\",\"name\":\"Praktisk information inf\u00f6r bes\u00f6k hos H\u00f6gt&L\u00e5gt i G\u00e4vle\",\"isPartOf\":{\"@id\":\"https:\/\/hogtlagt.se\/gavle\/#website\"},\"primaryImageOfPage\":{\"@id\":\"https:\/\/hogtlagt.se\/gavle\/en\/before-your-visit\/practical-info\/#primaryimage\"},\"image\":{\"@id\":\"https:\/\/hogtlagt.se\/gavle\/en\/before-your-visit\/practical-info\/#primaryimage\"},\"thumbnailUrl\":\"https:\/\/hogtlagt.se\/gavle\/wp-content\/uploads\/sites\/6\/2020\/03\/28I0901-stor-308476-scaled-1.jpg\",\"datePublished\":\"2021-12-09T14:52:54+00:00\",\"dateModified\":\"2024-02-16T14:59:19+00:00\",\"description\":\"Praktisk information - H\u00f6gt&L\u00e5gt kl\u00e4tterpark i G\u00e4vle. Boka tid f\u00f6r hela familjen, klassen eller f\u00f6retaget!\",\"breadcrumb\":{\"@id\":\"https:\/\/hogtlagt.se\/gavle\/en\/before-your-visit\/practical-info\/#breadcrumb\"},\"inLanguage\":\"sv-SE\",\"potentialAction\":[{\"@type\":\"ReadAction\",\"target\":[\"https:\/\/hogtlagt.se\/gavle\/en\/before-your-visit\/practical-info\/\"]}]},{\"@type\":\"ImageObject\",\"inLanguage\":\"sv-SE\",\"@id\":\"https:\/\/hogtlagt.se\/gavle\/en\/before-your-visit\/practical-info\/#primaryimage\",\"url\":\"https:\/\/hogtlagt.se\/gavle\/wp-content\/uploads\/sites\/6\/2020\/03\/28I0901-stor-308476-scaled-1.jpg\",\"contentUrl\":\"https:\/\/hogtlagt.se\/gavle\/wp-content\/uploads\/sites\/6\/2020\/03\/28I0901-stor-308476-scaled-1.jpg\",\"width\":2560,\"height\":1707},{\"@type\":\"BreadcrumbList\",\"@id\":\"https:\/\/hogtlagt.se\/gavle\/en\/before-your-visit\/practical-info\/#breadcrumb\",\"itemListElement\":[{\"@type\":\"ListItem\",\"position\":1,\"name\":\"Hem\",\"item\":\"https:\/\/hogtlagt.se\/gavle\/\"},{\"@type\":\"ListItem\",\"position\":2,\"name\":\"Before your visit\",\"item\":\"https:\/\/hogtlagt.se\/gavle\/en\/before-your-visit\/\"},{\"@type\":\"ListItem\",\"position\":3,\"name\":\"Practical info\"}]},{\"@type\":\"WebSite\",\"@id\":\"https:\/\/hogtlagt.se\/gavle\/#website\",\"url\":\"https:\/\/hogtlagt.se\/gavle\/\",\"name\":\"H\u00f6gt &amp; L\u00e5gt G\u00e4vle\",\"description\":\"En till H\u00f6gt &amp; L\u00e5gt webbplats\",\"potentialAction\":[{\"@type\":\"SearchAction\",\"target\":{\"@type\":\"EntryPoint\",\"urlTemplate\":\"https:\/\/hogtlagt.se\/gavle\/?s={search_term_string}\"},\"query-input\":{\"@type\":\"PropertyValueSpecification\",\"valueRequired\":true,\"valueName\":\"search_term_string\"}}],\"inLanguage\":\"sv-SE\"}]}<\/script>\n<!-- \/ Yoast SEO plugin. -->","yoast_head_json":{"title":"Praktisk information inf\u00f6r bes\u00f6k hos H\u00f6gt&L\u00e5gt i G\u00e4vle","description":"Praktisk information - H\u00f6gt&L\u00e5gt kl\u00e4tterpark i G\u00e4vle. Boka tid f\u00f6r hela familjen, klassen eller f\u00f6retaget!","robots":{"index":"index","follow":"follow","max-snippet":"max-snippet:-1","max-image-preview":"max-image-preview:large","max-video-preview":"max-video-preview:-1"},"canonical":"https:\/\/hogtlagt.se\/gavle\/en\/before-your-visit\/practical-info\/","og_locale":"sv_SE","og_type":"article","og_title":"Praktisk information inf\u00f6r bes\u00f6k hos H\u00f6gt&L\u00e5gt i G\u00e4vle","og_description":"Praktisk information - H\u00f6gt&L\u00e5gt kl\u00e4tterpark i G\u00e4vle. Boka tid f\u00f6r hela familjen, klassen eller f\u00f6retaget!","og_url":"https:\/\/hogtlagt.se\/gavle\/en\/before-your-visit\/practical-info\/","og_site_name":"H\u00f6gt &amp; L\u00e5gt G\u00e4vle","article_modified_time":"2024-02-16T14:59:19+00:00","og_image":[{"width":2560,"height":1707,"url":"https:\/\/hogtlagt.se\/gavle\/wp-content\/uploads\/sites\/6\/2020\/03\/28I0901-stor-308476-scaled-1.jpg","type":"image\/jpeg"}],"twitter_card":"summary_large_image","twitter_misc":{"Ber\u00e4knad l\u00e4stid":"2 minuter"},"schema":{"@context":"https:\/\/schema.org","@graph":[{"@type":"WebPage","@id":"https:\/\/hogtlagt.se\/gavle\/en\/before-your-visit\/practical-info\/","url":"https:\/\/hogtlagt.se\/gavle\/en\/before-your-visit\/practical-info\/","name":"Praktisk information inf\u00f6r bes\u00f6k hos H\u00f6gt&L\u00e5gt i G\u00e4vle","isPartOf":{"@id":"https:\/\/hogtlagt.se\/gavle\/#website"},"primaryImageOfPage":{"@id":"https:\/\/hogtlagt.se\/gavle\/en\/before-your-visit\/practical-info\/#primaryimage"},"image":{"@id":"https:\/\/hogtlagt.se\/gavle\/en\/before-your-visit\/practical-info\/#primaryimage"},"thumbnailUrl":"https:\/\/hogtlagt.se\/gavle\/wp-content\/uploads\/sites\/6\/2020\/03\/28I0901-stor-308476-scaled-1.jpg","datePublished":"2021-12-09T14:52:54+00:00","dateModified":"2024-02-16T14:59:19+00:00","description":"Praktisk information - H\u00f6gt&L\u00e5gt kl\u00e4tterpark i G\u00e4vle. Boka tid f\u00f6r hela familjen, klassen eller f\u00f6retaget!","breadcrumb":{"@id":"https:\/\/hogtlagt.se\/gavle\/en\/before-your-visit\/practical-info\/#breadcrumb"},"inLanguage":"sv-SE","potentialAction":[{"@type":"ReadAction","target":["https:\/\/hogtlagt.se\/gavle\/en\/before-your-visit\/practical-info\/"]}]},{"@type":"ImageObject","inLanguage":"sv-SE","@id":"https:\/\/hogtlagt.se\/gavle\/en\/before-your-visit\/practical-info\/#primaryimage","url":"https:\/\/hogtlagt.se\/gavle\/wp-content\/uploads\/sites\/6\/2020\/03\/28I0901-stor-308476-scaled-1.jpg","contentUrl":"https:\/\/hogtlagt.se\/gavle\/wp-content\/uploads\/sites\/6\/2020\/03\/28I0901-stor-308476-scaled-1.jpg","width":2560,"height":1707},{"@type":"BreadcrumbList","@id":"https:\/\/hogtlagt.se\/gavle\/en\/before-your-visit\/practical-info\/#breadcrumb","itemListElement":[{"@type":"ListItem","position":1,"name":"Hem","item":"https:\/\/hogtlagt.se\/gavle\/"},{"@type":"ListItem","position":2,"name":"Before your visit","item":"https:\/\/hogtlagt.se\/gavle\/en\/before-your-visit\/"},{"@type":"ListItem","position":3,"name":"Practical info"}]},{"@type":"WebSite","@id":"https:\/\/hogtlagt.se\/gavle\/#website","url":"https:\/\/hogtlagt.se\/gavle\/","name":"H\u00f6gt &amp; L\u00e5gt G\u00e4vle","description":"En till H\u00f6gt &amp; L\u00e5gt webbplats","potentialAction":[{"@type":"SearchAction","target":{"@type":"EntryPoint","urlTemplate":"https:\/\/hogtlagt.se\/gavle\/?s={search_term_string}"},"query-input":{"@type":"PropertyValueSpecification","valueRequired":true,"valueName":"search_term_string"}}],"inLanguage":"sv-SE"}]}},"_links":{"self":[{"href":"https:\/\/hogtlagt.se\/gavle\/wp-json\/wp\/v2\/pages\/786","targetHints":{"allow":["GET"]}}],"collection":[{"href":"https:\/\/hogtlagt.se\/gavle\/wp-json\/wp\/v2\/pages"}],"about":[{"href":"https:\/\/hogtlagt.se\/gavle\/wp-json\/wp\/v2\/types\/page"}],"author":[{"embeddable":true,"href":"https:\/\/hogtlagt.se\/gavle\/wp-json\/wp\/v2\/users\/6"}],"replies":[{"embeddable":true,"href":"https:\/\/hogtlagt.se\/gavle\/wp-json\/wp\/v2\/comments?post=786"}],"version-history":[{"count":15,"href":"https:\/\/hogtlagt.se\/gavle\/wp-json\/wp\/v2\/pages\/786\/revisions"}],"predecessor-version":[{"id":1615,"href":"https:\/\/hogtlagt.se\/gavle\/wp-json\/wp\/v2\/pages\/786\/revisions\/1615"}],"up":[{"embeddable":true,"href":"https:\/\/hogtlagt.se\/gavle\/wp-json\/wp\/v2\/pages\/774"}],"wp:featuredmedia":[{"embeddable":true,"href":"https:\/\/hogtlagt.se\/gavle\/wp-json\/wp\/v2\/media\/136"}],"wp:attachment":[{"href":"https:\/\/hogtlagt.se\/gavle\/wp-json\/wp\/v2\/media?parent=786"}],"curies":[{"name":"wp","href":"https:\/\/api.w.org\/{rel}","templated":true}]}}