{"id":19,"date":"2020-03-06T10:11:04","date_gmt":"2020-03-06T09:11:04","guid":{"rendered":"http:\/\/hogtlagt.se.hemsida.eu\/karlstad\/?page_id=19"},"modified":"2024-04-02T19:43:04","modified_gmt":"2024-04-02T17:43:04","slug":"aktiviteter-gavle","status":"publish","type":"page","link":"https:\/\/hogtlagt.se\/gavle\/klatterparken\/aktiviteter-gavle\/","title":{"rendered":"Aktiviteter att g\u00f6ra i G\u00e4vle"},"content":{"rendered":"\n<div class=\"wp-block-cover alignfull\" style=\"min-height:600px;aspect-ratio:unset;\"><span aria-hidden=\"true\" class=\"wp-block-cover__background has-background-dim-10 has-background-dim\"><\/span><img loading=\"lazy\" decoding=\"async\" width=\"2560\" height=\"1707\" class=\"wp-block-cover__image-background wp-image-1356\" alt=\"\" src=\"https:\/\/hogtlagt.se\/gavle\/wp-content\/uploads\/sites\/6\/2023\/10\/Andra-aktiviteter-scaled.jpg\" data-object-fit=\"cover\" srcset=\"https:\/\/hogtlagt.se\/gavle\/wp-content\/uploads\/sites\/6\/2023\/10\/Andra-aktiviteter-scaled.jpg 2560w, https:\/\/hogtlagt.se\/gavle\/wp-content\/uploads\/sites\/6\/2023\/10\/Andra-aktiviteter-300x200.jpg 300w, https:\/\/hogtlagt.se\/gavle\/wp-content\/uploads\/sites\/6\/2023\/10\/Andra-aktiviteter-1024x683.jpg 1024w, https:\/\/hogtlagt.se\/gavle\/wp-content\/uploads\/sites\/6\/2023\/10\/Andra-aktiviteter-768x512.jpg 768w, https:\/\/hogtlagt.se\/gavle\/wp-content\/uploads\/sites\/6\/2023\/10\/Andra-aktiviteter-1536x1024.jpg 1536w, https:\/\/hogtlagt.se\/gavle\/wp-content\/uploads\/sites\/6\/2023\/10\/Andra-aktiviteter-2048x1365.jpg 2048w\" sizes=\"auto, (max-width: 2560px) 100vw, 2560px\" \/><div class=\"wp-block-cover__inner-container has-global-padding is-layout-constrained wp-block-cover-is-layout-constrained\">\n<h2 class=\"wp-block-heading has-text-align-center\" style=\"font-size:55px\">Tips p\u00e5 aktiviteter runt G\u00e4vle<\/h2>\n<\/div><\/div>\n\n\n\n<div style=\"height:100px\" aria-hidden=\"true\" class=\"wp-block-spacer\"><\/div>\n\n\n\n<div class=\"wp-block-columns is-layout-flex wp-container-core-columns-is-layout-28f84493 wp-block-columns-is-layout-flex\">\n<div class=\"wp-block-column is-layout-flow wp-block-column-is-layout-flow\">\n<p><strong>Letar ni efter roliga och sp\u00e4nnande barnaktiviteter och vuxenutmaningar att g\u00f6ra i omr\u00e5det kring G\u00e4vle? H\u00e4r har vi samlat 7\u00a0olika tips p\u00e5 saker att g\u00f6ra med barn, familj, och v\u00e4nner kanske p\u00e5 semestern eller n\u00e4r andan faller p\u00e5.\u00a0<\/strong><\/p>\n<\/div>\n\n\n\n<div class=\"wp-block-column is-layout-flow wp-block-column-is-layout-flow\">\n<figure class=\"wp-block-image aligncenter size-large is-resized\"><img loading=\"lazy\" decoding=\"async\" width=\"790\" height=\"837\" src=\"https:\/\/hogtlagt.se\/gavle\/wp-content\/uploads\/sites\/6\/2023\/12\/Lager-2-2.svg\" alt=\"\" class=\"wp-image-1499\" style=\"width:197px;height:auto\"\/><\/figure>\n<\/div>\n<\/div>\n\n\n\n<div style=\"height:34px\" aria-hidden=\"true\" class=\"wp-block-spacer\"><\/div>\n\n\n\n<div id=\"two-col-img-block_b4d4da6bc422ea4c459d724df33cd483\" class=\"two-col-img ny-bakgrund3\">\n    <div class=\"two-block-img__wrapper \">\n\n        <img decoding=\"async\" class=\"img-col\" src=\"https:\/\/hogtlagt.se\/gavle\/wp-content\/uploads\/sites\/6\/2020\/10\/unnamed-e1645520153159-768x619.jpg\" alt=\"\">\n\n        <div class=\"text-col\">\n                        <div class=\"text-col-inner\">\n                <h3>H\u00f6gt &amp; L\u00e5gt \u00c4ventyrspark\/Kl\u00e4tterpark G\u00e4vle<\/h3>\n<p><span class=\"TextRun SCXW47948371 BCX0\" lang=\"SV-SE\" xml:lang=\"SV-SE\" data-contrast=\"none\"><span class=\"NormalTextRun SCXW47948371 BCX0\">Den som letar efter aktiviteter i G\u00e4vle att g\u00f6ra med, barn, familj, kollegorna eller p\u00e5 m\u00f6hippan\/svensexan hittar ett sp\u00e4nnande alternativ p\u00e5 H\u00f6gt &amp; L\u00e5gt kl\u00e4tterpark &amp; h\u00f6gh\u00f6jdsbana. Vi finns vid <\/span><span class=\"SpellingError SCXW47948371 BCX0\">hemlingby<\/span><span class=\"NormalTextRun SCXW47948371 BCX0\"> friluftsomr\u00e5de och ni kan l\u00e4sa mer <a href=\"https:\/\/hogtlagt.se\/gavle\/klatterparken\/klatterbanorna\/\">om kl\u00e4tterparken och v\u00e5ra kl\u00e4tterbanor h\u00e4r.<\/a><\/span><\/span><span class=\"EOP SCXW47948371 BCX0\" data-ccp-props=\"{&quot;201341983&quot;:0,&quot;335559739&quot;:160,&quot;335559740&quot;:259}\">\u00a0<\/span><\/p>\n                            <\/div>\n        <\/div>\n\n    <\/div>\n<\/div>\n\n\n\n<div id=\"two-col-img-block_7094effb1794e944f256a315010d93df\" class=\"two-col-img ny-bakgrund3\">\n    <div class=\"two-block-img__wrapper reverse-col\">\n\n        <img decoding=\"async\" class=\"img-col\" src=\"https:\/\/hogtlagt.se\/gavle\/wp-content\/uploads\/sites\/6\/2020\/10\/hemlingbystugan1-3-768x432.jpg\" alt=\"\">\n\n        <div class=\"text-col\">\n                        <div class=\"text-col-inner\">\n                <h3><span class=\"TextRun SCXW96964621 BCX0\" lang=\"SV-SE\" xml:lang=\"SV-SE\" data-contrast=\"none\"><span class=\"SpellingError SCXW96964621 BCX0\">Hemlingby<\/span><span class=\"NormalTextRun SCXW96964621 BCX0\"> friluftsomr\u00e5de<\/span><\/span><\/h3>\n<p>F\u00f6rutom vackra promenadstr\u00e5k, motionssp\u00e5r och naturstigar hittar ni h\u00e4r m\u00e5nga andra roliga aktiviteter i omr\u00e5det. Det finns bland annat; ute gym, MTB-banor, h\u00e4star, f\u00e5r kaniner, bastu och snowpark. F\u00f6r den som gillar att vara utomhus finns h\u00e4r inga begr\u00e4nsningar! H\u00e4r hittar du mer information om vad som finns <a href=\"https:\/\/www.gavle.se\/kommunens-service\/kultur-och-fritid\/natur-och-friluftsliv\/hemlingby-friluftsomrade\/\">att g\u00f6ra i Hemlingby friluftsomr\u00e5de<\/a><\/p>\n                            <\/div>\n        <\/div>\n\n    <\/div>\n<\/div>\n\n\n\n<div id=\"two-col-img-block_95d5ddf20ac45ce78d6e74575aed2b18\" class=\"two-col-img ny-bakgrund3\">\n    <div class=\"two-block-img__wrapper \">\n\n        <img decoding=\"async\" class=\"img-col\" src=\"https:\/\/hogtlagt.se\/gavle\/wp-content\/uploads\/sites\/6\/2022\/02\/flow-744560_640.jpeg\" alt=\"\">\n\n        <div class=\"text-col\">\n                        <div class=\"text-col-inner\">\n                <h3>B\u00f6nan fiskel\u00e4ge<\/h3>\n<p>B\u00f6nan \u00e4r ett gammalt fiskel\u00e4ge p\u00e5 Norrlandet utanf\u00f6r G\u00e4vle. Idag \u00e4r B\u00f6nan mest k\u00e4nd f\u00f6r sin r\u00f6kta fisk; b\u00f6nab\u00f6cklingen, samt B\u00f6nans fyrplats och lotsstation. H\u00e4r finns \u00e4ven mysiga caf\u00e9er, badplatser, \u00f6vernattningsm\u00f6jligheter och vackra promenadstr\u00e5k som slingrar sig efter kusten.<\/p>\n                            <\/div>\n        <\/div>\n\n    <\/div>\n<\/div>\n\n\n\n<div id=\"two-col-img-block_111446ce29e266f175f33c0f762317d2\" class=\"two-col-img ny-bakgrund3\">\n    <div class=\"two-block-img__wrapper reverse-col\">\n\n        <img decoding=\"async\" class=\"img-col\" src=\"https:\/\/hogtlagt.se\/gavle\/wp-content\/uploads\/sites\/6\/2022\/02\/bicycles-5661632_640.jpeg\" alt=\"\">\n\n        <div class=\"text-col\">\n                        <div class=\"text-col-inner\">\n                <h3>Biking G\u00e4strikland<\/h3>\n<p>Biking G\u00e4strikland \u00e4r en sammanh\u00e4ngande cykeldestination som l\u00e4nkar flera olika destinationer, boenden, historia och mountainbik-leder. P\u00e5 dess 250 km l\u00e5nga sammanh\u00e4ngande led finns \u00f6ver 35 olika banor och tillsammans med andra MTB-arenor som exempelvis Hofors, H\u00f6gbo och Kungsberget finns h\u00e4r o\u00e4ndliga cykel-m\u00f6jligheter<\/p>\n                            <\/div>\n        <\/div>\n\n    <\/div>\n<\/div>\n\n\n\n<div id=\"two-col-img-block_11b08ac137b08e86b2b4452607afbef5\" class=\"two-col-img ny-bakgrund3\">\n    <div class=\"two-block-img__wrapper \">\n\n        <img decoding=\"async\" class=\"img-col\" src=\"https:\/\/hogtlagt.se\/gavle\/wp-content\/uploads\/sites\/6\/2022\/02\/swimming-pool-1229130_640.jpeg\" alt=\"\">\n\n        <div class=\"text-col\">\n                        <div class=\"text-col-inner\">\n                <h3>Parkbadet<\/h3>\n<p>Bada och lek i \u00e4ventyrsbadets h\u00e4rliga v\u00e4rme och upplev \u00f6ver 250m pirrande rutschkanor. H\u00e4r finns \u00e4ven 25meter l\u00e5ng motionssimbass\u00e4ng, relaxavdelning, gym och flera bubbelpooler.<\/p>\n                            <\/div>\n        <\/div>\n\n    <\/div>\n<\/div>\n\n\n\n<div id=\"two-col-img-block_31c73c2f761565ef0049f4e882930831\" class=\"two-col-img ny-bakgrund3\">\n    <div class=\"two-block-img__wrapper reverse-col\">\n\n        <img decoding=\"async\" class=\"img-col\" src=\"https:\/\/hogtlagt.se\/gavle\/wp-content\/uploads\/sites\/6\/2022\/02\/Ga\u0308vle-Gamla_Stan_2.jpeg\" alt=\"\">\n\n        <div class=\"text-col\">\n                        <div class=\"text-col-inner\">\n                <h3>Gamla stan G\u00e4vle<\/h3>\n<p>P\u00e5 den s\u00f6dra sidan av Gavle\u00e5n hittar man de \u00e4ldsta delarna av G\u00e4vle. Under 1800-talet brann n\u00e4stan alla hus p\u00e5 den norra sidan ner medan den s\u00f6dra klarade sig. Trots att m\u00e5nga hus har rivits p\u00e5 den s\u00f6dra sidan av \u00e5n s\u00e5 finns det fortfarande mycket kvar av den gamla staden. H\u00e4r kan man promenera runt p\u00e5 kullerstensgatorna och titta p\u00e5 de gamla husen eller ta en fika p\u00e5 n\u00e5got charmigt caf\u00e9.<\/p>\n                            <\/div>\n        <\/div>\n\n    <\/div>\n<\/div>\n\n\n\n<div id=\"two-col-img-block_347993024b1a2e5accf02b495d5eec07\" class=\"two-col-img ny-bakgrund3\">\n    <div class=\"two-block-img__wrapper \">\n\n        <img decoding=\"async\" class=\"img-col\" src=\"https:\/\/hogtlagt.se\/gavle\/wp-content\/uploads\/sites\/6\/2022\/02\/Boulognerskogen1906.jpeg\" alt=\"\">\n\n        <div class=\"text-col\">\n                        <div class=\"text-col-inner\">\n                <h3>Bolougnerskogen<\/h3>\n<p>Boulognerskogen kom till \u00e5r 1865 och fick namn efter parken Bois de Boulogne som hade anlagts i Paris n\u00e5got decennium tidigare. I b\u00f6rjan var parken inspirerad fr\u00e5n romantiken men har d\u00e4refter moderniserats b\u00e5de utifr\u00e5n utseende och funktionalitet. Parken har stora gr\u00f6nomr\u00e5den och trevliga sittb\u00e4nkar n\u00e4ra vattnet. F\u00f6r barnfamiljer finns det ett stort lekomr\u00e5de som best\u00e5r av tre olika lekparker samt b\u00e4nkar och grillplatser f\u00f6r de som vill fika och \u00e4ta.<\/p>\n                            <\/div>\n        <\/div>\n\n    <\/div>\n<\/div>\n\n\n\n<div style=\"height:76px\" aria-hidden=\"true\" class=\"wp-block-spacer\"><\/div>\n\n\n\n<div class=\"wp-block-cover alignfull\" style=\"min-height:376px;aspect-ratio:unset;\"><span aria-hidden=\"true\" class=\"wp-block-cover__background has-background-dim\"><\/span><img loading=\"lazy\" decoding=\"async\" width=\"2048\" height=\"1365\" class=\"wp-block-cover__image-background wp-image-1477\" alt=\"\" src=\"https:\/\/hogtlagt.se\/gavle\/wp-content\/uploads\/sites\/6\/2023\/12\/Hogt-Lagt-WEBB-1235.jpg\" style=\"object-position:50% 66%\" data-object-fit=\"cover\" data-object-position=\"50% 66%\" srcset=\"https:\/\/hogtlagt.se\/gavle\/wp-content\/uploads\/sites\/6\/2023\/12\/Hogt-Lagt-WEBB-1235.jpg 2048w, https:\/\/hogtlagt.se\/gavle\/wp-content\/uploads\/sites\/6\/2023\/12\/Hogt-Lagt-WEBB-1235-300x200.jpg 300w, https:\/\/hogtlagt.se\/gavle\/wp-content\/uploads\/sites\/6\/2023\/12\/Hogt-Lagt-WEBB-1235-1024x683.jpg 1024w, https:\/\/hogtlagt.se\/gavle\/wp-content\/uploads\/sites\/6\/2023\/12\/Hogt-Lagt-WEBB-1235-768x512.jpg 768w, https:\/\/hogtlagt.se\/gavle\/wp-content\/uploads\/sites\/6\/2023\/12\/Hogt-Lagt-WEBB-1235-1536x1024.jpg 1536w\" sizes=\"auto, (max-width: 2048px) 100vw, 2048px\" \/><div class=\"wp-block-cover__inner-container has-global-padding is-layout-constrained wp-block-cover-is-layout-constrained\">\n<p class=\"has-text-align-center\" style=\"font-size:25px\">Allt vi g\u00f6r genomsyras av v\u00e5ra grundl\u00e4ggande v\u00e4rden\u00a0<em>Genomarbetat, S\u00e4kert, Innovativt, Inkluderande<\/em>\u00a0och\u00a0<em>Utmanande.<\/em>\u00a0Vi \u00e4r drivna, vi arbetar h\u00e5rt, vi brinner f\u00f6r varje kunds upplevelse, vi \u00e4r med och utvecklar branschen och vi har j\u00e4kligt roligt medans vi g\u00f6r det!<\/p>\n<\/div><\/div>\n","protected":false},"excerpt":{"rendered":"<p>Letar ni efter roliga och sp\u00e4nnande barnaktiviteter och vuxenutmaningar att g\u00f6ra i omr\u00e5det kring G\u00e4vle? H\u00e4r har vi samlat 7\u00a0olika tips p\u00e5 saker att g\u00f6ra med barn, familj, och v\u00e4nner&#8230;<\/p>\n","protected":false},"author":1,"featured_media":1386,"parent":10,"menu_order":4,"comment_status":"closed","ping_status":"closed","template":"templates\/empty.php","meta":{"_acf_changed":false,"inline_featured_image":false,"footnotes":""},"class_list":["post-19","page","type-page","status-publish","has-post-thumbnail"],"acf":[],"yoast_head":"<!-- This site is optimized with the Yoast SEO plugin v26.1.1 - https:\/\/yoast.com\/wordpress\/plugins\/seo\/ -->\n<title>Aktiviteter att g\u00f6ra i G\u00e4vle - H\u00f6gt &amp; L\u00e5gt G\u00e4vle<\/title>\n<meta name=\"description\" content=\"V\u00e4lkommen till H\u00f6gt&amp;L\u00e5gt kl\u00e4tterpark i G\u00e4vle. Boka tid f\u00f6r hela familjen, klassen eller f\u00f6retaget!\" \/>\n<meta name=\"robots\" content=\"index, follow, max-snippet:-1, max-image-preview:large, max-video-preview:-1\" \/>\n<link rel=\"canonical\" href=\"https:\/\/hogtlagt.se\/gavle\/klatterparken\/aktiviteter-gavle\/\" \/>\n<meta property=\"og:locale\" content=\"sv_SE\" \/>\n<meta property=\"og:type\" content=\"article\" \/>\n<meta property=\"og:title\" content=\"Aktiviteter att g\u00f6ra i G\u00e4vle - H\u00f6gt &amp; L\u00e5gt G\u00e4vle\" \/>\n<meta property=\"og:description\" content=\"V\u00e4lkommen till H\u00f6gt&amp;L\u00e5gt kl\u00e4tterpark i G\u00e4vle. Boka tid f\u00f6r hela familjen, klassen eller f\u00f6retaget!\" \/>\n<meta property=\"og:url\" content=\"https:\/\/hogtlagt.se\/gavle\/klatterparken\/aktiviteter-gavle\/\" \/>\n<meta property=\"og:site_name\" content=\"H\u00f6gt &amp; L\u00e5gt G\u00e4vle\" \/>\n<meta property=\"article:modified_time\" content=\"2024-04-02T17:43:04+00:00\" \/>\n<meta property=\"og:image\" content=\"https:\/\/hogtlagt.se\/gavle\/wp-content\/uploads\/sites\/6\/2023\/10\/Andra-aktiviteter-1-scaled.jpg\" \/>\n\t<meta property=\"og:image:width\" content=\"2560\" \/>\n\t<meta property=\"og:image:height\" content=\"1707\" \/>\n\t<meta property=\"og:image:type\" content=\"image\/jpeg\" \/>\n<meta name=\"twitter:card\" content=\"summary_large_image\" \/>\n<meta name=\"twitter:label1\" content=\"Ber\u00e4knad l\u00e4stid\" \/>\n\t<meta name=\"twitter:data1\" content=\"2 minuter\" \/>\n<script type=\"application\/ld+json\" class=\"yoast-schema-graph\">{\"@context\":\"https:\/\/schema.org\",\"@graph\":[{\"@type\":\"WebPage\",\"@id\":\"https:\/\/hogtlagt.se\/gavle\/klatterparken\/aktiviteter-gavle\/\",\"url\":\"https:\/\/hogtlagt.se\/gavle\/klatterparken\/aktiviteter-gavle\/\",\"name\":\"Aktiviteter att g\u00f6ra i G\u00e4vle - H\u00f6gt &amp; L\u00e5gt G\u00e4vle\",\"isPartOf\":{\"@id\":\"https:\/\/hogtlagt.se\/gavle\/#website\"},\"primaryImageOfPage\":{\"@id\":\"https:\/\/hogtlagt.se\/gavle\/klatterparken\/aktiviteter-gavle\/#primaryimage\"},\"image\":{\"@id\":\"https:\/\/hogtlagt.se\/gavle\/klatterparken\/aktiviteter-gavle\/#primaryimage\"},\"thumbnailUrl\":\"https:\/\/hogtlagt.se\/gavle\/wp-content\/uploads\/sites\/6\/2023\/10\/Andra-aktiviteter-1-scaled.jpg\",\"datePublished\":\"2020-03-06T09:11:04+00:00\",\"dateModified\":\"2024-04-02T17:43:04+00:00\",\"description\":\"V\u00e4lkommen till H\u00f6gt&L\u00e5gt kl\u00e4tterpark i G\u00e4vle. Boka tid f\u00f6r hela familjen, klassen eller f\u00f6retaget!\",\"breadcrumb\":{\"@id\":\"https:\/\/hogtlagt.se\/gavle\/klatterparken\/aktiviteter-gavle\/#breadcrumb\"},\"inLanguage\":\"sv-SE\",\"potentialAction\":[{\"@type\":\"ReadAction\",\"target\":[\"https:\/\/hogtlagt.se\/gavle\/klatterparken\/aktiviteter-gavle\/\"]}]},{\"@type\":\"ImageObject\",\"inLanguage\":\"sv-SE\",\"@id\":\"https:\/\/hogtlagt.se\/gavle\/klatterparken\/aktiviteter-gavle\/#primaryimage\",\"url\":\"https:\/\/hogtlagt.se\/gavle\/wp-content\/uploads\/sites\/6\/2023\/10\/Andra-aktiviteter-1-scaled.jpg\",\"contentUrl\":\"https:\/\/hogtlagt.se\/gavle\/wp-content\/uploads\/sites\/6\/2023\/10\/Andra-aktiviteter-1-scaled.jpg\",\"width\":2560,\"height\":1707,\"caption\":\"Glad familj som pratar om hur det var att kl\u00e4ttra i h\u00f6gh\u00f6jdsbanorna\"},{\"@type\":\"BreadcrumbList\",\"@id\":\"https:\/\/hogtlagt.se\/gavle\/klatterparken\/aktiviteter-gavle\/#breadcrumb\",\"itemListElement\":[{\"@type\":\"ListItem\",\"position\":1,\"name\":\"Hem\",\"item\":\"https:\/\/hogtlagt.se\/gavle\/\"},{\"@type\":\"ListItem\",\"position\":2,\"name\":\"Kl\u00e4tterparken\",\"item\":\"https:\/\/hogtlagt.se\/gavle\/klatterparken\/\"},{\"@type\":\"ListItem\",\"position\":3,\"name\":\"Aktiviteter att g\u00f6ra i G\u00e4vle\"}]},{\"@type\":\"WebSite\",\"@id\":\"https:\/\/hogtlagt.se\/gavle\/#website\",\"url\":\"https:\/\/hogtlagt.se\/gavle\/\",\"name\":\"H\u00f6gt &amp; L\u00e5gt G\u00e4vle\",\"description\":\"En till H\u00f6gt &amp; L\u00e5gt webbplats\",\"potentialAction\":[{\"@type\":\"SearchAction\",\"target\":{\"@type\":\"EntryPoint\",\"urlTemplate\":\"https:\/\/hogtlagt.se\/gavle\/?s={search_term_string}\"},\"query-input\":{\"@type\":\"PropertyValueSpecification\",\"valueRequired\":true,\"valueName\":\"search_term_string\"}}],\"inLanguage\":\"sv-SE\"}]}<\/script>\n<!-- \/ Yoast SEO plugin. -->","yoast_head_json":{"title":"Aktiviteter att g\u00f6ra i G\u00e4vle - H\u00f6gt &amp; L\u00e5gt G\u00e4vle","description":"V\u00e4lkommen till H\u00f6gt&L\u00e5gt kl\u00e4tterpark i G\u00e4vle. Boka tid f\u00f6r hela familjen, klassen eller f\u00f6retaget!","robots":{"index":"index","follow":"follow","max-snippet":"max-snippet:-1","max-image-preview":"max-image-preview:large","max-video-preview":"max-video-preview:-1"},"canonical":"https:\/\/hogtlagt.se\/gavle\/klatterparken\/aktiviteter-gavle\/","og_locale":"sv_SE","og_type":"article","og_title":"Aktiviteter att g\u00f6ra i G\u00e4vle - H\u00f6gt &amp; L\u00e5gt G\u00e4vle","og_description":"V\u00e4lkommen till H\u00f6gt&L\u00e5gt kl\u00e4tterpark i G\u00e4vle. Boka tid f\u00f6r hela familjen, klassen eller f\u00f6retaget!","og_url":"https:\/\/hogtlagt.se\/gavle\/klatterparken\/aktiviteter-gavle\/","og_site_name":"H\u00f6gt &amp; L\u00e5gt G\u00e4vle","article_modified_time":"2024-04-02T17:43:04+00:00","og_image":[{"width":2560,"height":1707,"url":"https:\/\/hogtlagt.se\/gavle\/wp-content\/uploads\/sites\/6\/2023\/10\/Andra-aktiviteter-1-scaled.jpg","type":"image\/jpeg"}],"twitter_card":"summary_large_image","twitter_misc":{"Ber\u00e4knad l\u00e4stid":"2 minuter"},"schema":{"@context":"https:\/\/schema.org","@graph":[{"@type":"WebPage","@id":"https:\/\/hogtlagt.se\/gavle\/klatterparken\/aktiviteter-gavle\/","url":"https:\/\/hogtlagt.se\/gavle\/klatterparken\/aktiviteter-gavle\/","name":"Aktiviteter att g\u00f6ra i G\u00e4vle - H\u00f6gt &amp; L\u00e5gt G\u00e4vle","isPartOf":{"@id":"https:\/\/hogtlagt.se\/gavle\/#website"},"primaryImageOfPage":{"@id":"https:\/\/hogtlagt.se\/gavle\/klatterparken\/aktiviteter-gavle\/#primaryimage"},"image":{"@id":"https:\/\/hogtlagt.se\/gavle\/klatterparken\/aktiviteter-gavle\/#primaryimage"},"thumbnailUrl":"https:\/\/hogtlagt.se\/gavle\/wp-content\/uploads\/sites\/6\/2023\/10\/Andra-aktiviteter-1-scaled.jpg","datePublished":"2020-03-06T09:11:04+00:00","dateModified":"2024-04-02T17:43:04+00:00","description":"V\u00e4lkommen till H\u00f6gt&L\u00e5gt kl\u00e4tterpark i G\u00e4vle. Boka tid f\u00f6r hela familjen, klassen eller f\u00f6retaget!","breadcrumb":{"@id":"https:\/\/hogtlagt.se\/gavle\/klatterparken\/aktiviteter-gavle\/#breadcrumb"},"inLanguage":"sv-SE","potentialAction":[{"@type":"ReadAction","target":["https:\/\/hogtlagt.se\/gavle\/klatterparken\/aktiviteter-gavle\/"]}]},{"@type":"ImageObject","inLanguage":"sv-SE","@id":"https:\/\/hogtlagt.se\/gavle\/klatterparken\/aktiviteter-gavle\/#primaryimage","url":"https:\/\/hogtlagt.se\/gavle\/wp-content\/uploads\/sites\/6\/2023\/10\/Andra-aktiviteter-1-scaled.jpg","contentUrl":"https:\/\/hogtlagt.se\/gavle\/wp-content\/uploads\/sites\/6\/2023\/10\/Andra-aktiviteter-1-scaled.jpg","width":2560,"height":1707,"caption":"Glad familj som pratar om hur det var att kl\u00e4ttra i h\u00f6gh\u00f6jdsbanorna"},{"@type":"BreadcrumbList","@id":"https:\/\/hogtlagt.se\/gavle\/klatterparken\/aktiviteter-gavle\/#breadcrumb","itemListElement":[{"@type":"ListItem","position":1,"name":"Hem","item":"https:\/\/hogtlagt.se\/gavle\/"},{"@type":"ListItem","position":2,"name":"Kl\u00e4tterparken","item":"https:\/\/hogtlagt.se\/gavle\/klatterparken\/"},{"@type":"ListItem","position":3,"name":"Aktiviteter att g\u00f6ra i G\u00e4vle"}]},{"@type":"WebSite","@id":"https:\/\/hogtlagt.se\/gavle\/#website","url":"https:\/\/hogtlagt.se\/gavle\/","name":"H\u00f6gt &amp; L\u00e5gt G\u00e4vle","description":"En till H\u00f6gt &amp; L\u00e5gt webbplats","potentialAction":[{"@type":"SearchAction","target":{"@type":"EntryPoint","urlTemplate":"https:\/\/hogtlagt.se\/gavle\/?s={search_term_string}"},"query-input":{"@type":"PropertyValueSpecification","valueRequired":true,"valueName":"search_term_string"}}],"inLanguage":"sv-SE"}]}},"_links":{"self":[{"href":"https:\/\/hogtlagt.se\/gavle\/wp-json\/wp\/v2\/pages\/19","targetHints":{"allow":["GET"]}}],"collection":[{"href":"https:\/\/hogtlagt.se\/gavle\/wp-json\/wp\/v2\/pages"}],"about":[{"href":"https:\/\/hogtlagt.se\/gavle\/wp-json\/wp\/v2\/types\/page"}],"author":[{"embeddable":true,"href":"https:\/\/hogtlagt.se\/gavle\/wp-json\/wp\/v2\/users\/1"}],"replies":[{"embeddable":true,"href":"https:\/\/hogtlagt.se\/gavle\/wp-json\/wp\/v2\/comments?post=19"}],"version-history":[{"count":25,"href":"https:\/\/hogtlagt.se\/gavle\/wp-json\/wp\/v2\/pages\/19\/revisions"}],"predecessor-version":[{"id":1506,"href":"https:\/\/hogtlagt.se\/gavle\/wp-json\/wp\/v2\/pages\/19\/revisions\/1506"}],"up":[{"embeddable":true,"href":"https:\/\/hogtlagt.se\/gavle\/wp-json\/wp\/v2\/pages\/10"}],"wp:featuredmedia":[{"embeddable":true,"href":"https:\/\/hogtlagt.se\/gavle\/wp-json\/wp\/v2\/media\/1386"}],"wp:attachment":[{"href":"https:\/\/hogtlagt.se\/gavle\/wp-json\/wp\/v2\/media?parent=19"}],"curies":[{"name":"wp","href":"https:\/\/api.w.org\/{rel}","templated":true}]}}