{"id":14,"date":"2020-03-06T10:10:00","date_gmt":"2020-03-06T09:10:00","guid":{"rendered":"http:\/\/hogtlagt.se.hemsida.eu\/karlstad\/?page_id=14"},"modified":"2024-02-16T15:53:34","modified_gmt":"2024-02-16T14:53:34","slug":"bilder-video","status":"publish","type":"page","link":"https:\/\/hogtlagt.se\/gavle\/klatterparken\/bilder-video\/","title":{"rendered":"Bilder &#038; Video"},"content":{"rendered":"\n<div class=\"wp-block-cover alignfull\" style=\"min-height:600px;aspect-ratio:unset;\"><span aria-hidden=\"true\" class=\"wp-block-cover__background has-background-dim-30 has-background-dim\"><\/span><img loading=\"lazy\" decoding=\"async\" width=\"2560\" height=\"1707\" class=\"wp-block-cover__image-background wp-image-1349\" alt=\"\" src=\"https:\/\/hogtlagt.se\/gavle\/wp-content\/uploads\/sites\/6\/2023\/10\/Bilder-och-video-scaled.jpg\" data-object-fit=\"cover\" srcset=\"https:\/\/hogtlagt.se\/gavle\/wp-content\/uploads\/sites\/6\/2023\/10\/Bilder-och-video-scaled.jpg 2560w, https:\/\/hogtlagt.se\/gavle\/wp-content\/uploads\/sites\/6\/2023\/10\/Bilder-och-video-300x200.jpg 300w, https:\/\/hogtlagt.se\/gavle\/wp-content\/uploads\/sites\/6\/2023\/10\/Bilder-och-video-1024x683.jpg 1024w, https:\/\/hogtlagt.se\/gavle\/wp-content\/uploads\/sites\/6\/2023\/10\/Bilder-och-video-768x512.jpg 768w, https:\/\/hogtlagt.se\/gavle\/wp-content\/uploads\/sites\/6\/2023\/10\/Bilder-och-video-1536x1024.jpg 1536w, https:\/\/hogtlagt.se\/gavle\/wp-content\/uploads\/sites\/6\/2023\/10\/Bilder-och-video-2048x1365.jpg 2048w\" sizes=\"auto, (max-width: 2560px) 100vw, 2560px\" \/><div class=\"wp-block-cover__inner-container has-global-padding is-layout-constrained wp-block-cover-is-layout-constrained\">\n<h2 class=\"wp-block-heading has-text-align-center\" style=\"font-size:55px\">Se vad som v\u00e4ntar i parken<\/h2>\n<\/div><\/div>\n\n\n\n<div style=\"height:100px\" aria-hidden=\"true\" class=\"wp-block-spacer\"><\/div>\n\n\n\n<figure class=\"wp-block-embed is-type-video is-provider-youtube wp-block-embed-youtube wp-embed-aspect-16-9 wp-has-aspect-ratio\"><div class=\"wp-block-embed__wrapper\">\n<iframe loading=\"lazy\" title=\"H\u00f6gt &amp; L\u00e5gt Kl\u00e4tterparker Sverige\" width=\"500\" height=\"281\" src=\"https:\/\/www.youtube.com\/embed\/UvGnkMotWg0?feature=oembed&#038;enablejsapi=1&#038;origin=https:\/\/hogtlagt.se\" frameborder=\"0\" allow=\"accelerometer; autoplay; clipboard-write; encrypted-media; gyroscope; picture-in-picture; web-share\" referrerpolicy=\"strict-origin-when-cross-origin\" allowfullscreen><\/iframe>\n<\/div><\/figure>\n\n\n\n<div style=\"height:100px\" aria-hidden=\"true\" class=\"wp-block-spacer\"><\/div>\n\n\n\n<figure class=\"wp-block-gallery has-nested-images columns-default is-cropped wp-block-gallery-1 is-layout-flex wp-block-gallery-is-layout-flex\">\n<figure class=\"wp-block-image size-large\"><a href=\"https:\/\/hogtlagt.se\/gavle\/wp-content\/uploads\/sites\/6\/2023\/10\/tjej-pa\u030a-hinder.jpeg\"><img loading=\"lazy\" decoding=\"async\" width=\"1024\" height=\"683\" data-id=\"1412\" src=\"https:\/\/hogtlagt.se\/gavle\/wp-content\/uploads\/sites\/6\/2023\/10\/tjej-pa\u030a-hinder-1024x683.jpeg\" alt=\"Ung tjej springer \u00f6ver en n\u00e4tbro, hon skrattar\" class=\"wp-image-1412\" srcset=\"https:\/\/hogtlagt.se\/gavle\/wp-content\/uploads\/sites\/6\/2023\/10\/tjej-pa\u030a-hinder-1024x683.jpeg 1024w, https:\/\/hogtlagt.se\/gavle\/wp-content\/uploads\/sites\/6\/2023\/10\/tjej-pa\u030a-hinder-300x200.jpeg 300w, https:\/\/hogtlagt.se\/gavle\/wp-content\/uploads\/sites\/6\/2023\/10\/tjej-pa\u030a-hinder-768x512.jpeg 768w, https:\/\/hogtlagt.se\/gavle\/wp-content\/uploads\/sites\/6\/2023\/10\/tjej-pa\u030a-hinder-1536x1024.jpeg 1536w, https:\/\/hogtlagt.se\/gavle\/wp-content\/uploads\/sites\/6\/2023\/10\/tjej-pa\u030a-hinder.jpeg 1920w\" sizes=\"auto, (max-width: 1024px) 100vw, 1024px\" \/><\/a><figcaption class=\"wp-element-caption\">Tjej p\u00e5 n\u00e4tbro<\/figcaption><\/figure>\n\n\n\n<figure class=\"wp-block-image size-large\"><a href=\"https:\/\/hogtlagt.se\/gavle\/wp-content\/uploads\/sites\/6\/2023\/10\/Ga\u0308vle.jpeg\"><img loading=\"lazy\" decoding=\"async\" width=\"1024\" height=\"768\" data-id=\"1413\" src=\"https:\/\/hogtlagt.se\/gavle\/wp-content\/uploads\/sites\/6\/2023\/10\/Ga\u0308vle-1024x768.jpeg\" alt=\"V\u00e4lkommen till H\u00f6gt och L\u00e5gt G\u00e4vle, vi ser instrukt\u00f6rer och n\u00e5gra kl\u00e4ttrare som kl\u00e4ttrar \u00f6ver hindret &quot;G\u00e4vle&quot;\" class=\"wp-image-1413\" srcset=\"https:\/\/hogtlagt.se\/gavle\/wp-content\/uploads\/sites\/6\/2023\/10\/Ga\u0308vle-1024x768.jpeg 1024w, https:\/\/hogtlagt.se\/gavle\/wp-content\/uploads\/sites\/6\/2023\/10\/Ga\u0308vle-300x225.jpeg 300w, https:\/\/hogtlagt.se\/gavle\/wp-content\/uploads\/sites\/6\/2023\/10\/Ga\u0308vle-768x576.jpeg 768w, https:\/\/hogtlagt.se\/gavle\/wp-content\/uploads\/sites\/6\/2023\/10\/Ga\u0308vle-1536x1152.jpeg 1536w, https:\/\/hogtlagt.se\/gavle\/wp-content\/uploads\/sites\/6\/2023\/10\/Ga\u0308vle.jpeg 1824w\" sizes=\"auto, (max-width: 1024px) 100vw, 1024px\" \/><\/a><figcaption class=\"wp-element-caption\">V\u00e4lkommen till H\u00f6gt &amp; L\u00e5gt G\u00e4vle<\/figcaption><\/figure>\n\n\n\n<figure class=\"wp-block-image size-large\"><a href=\"https:\/\/hogtlagt.se\/gavle\/wp-content\/uploads\/sites\/6\/2023\/10\/na\u0308t.jpeg\"><img loading=\"lazy\" decoding=\"async\" width=\"1024\" height=\"768\" data-id=\"1414\" src=\"https:\/\/hogtlagt.se\/gavle\/wp-content\/uploads\/sites\/6\/2023\/10\/na\u0308t-1024x768.jpeg\" alt=\"En mamma och dotter kl\u00e4ttrar b\u00e4gge tv\u00e5 \u00f6ver ett n\u00e4thinder p\u00e5 en gr\u00f6n bana\" class=\"wp-image-1414\" srcset=\"https:\/\/hogtlagt.se\/gavle\/wp-content\/uploads\/sites\/6\/2023\/10\/na\u0308t-1024x768.jpeg 1024w, https:\/\/hogtlagt.se\/gavle\/wp-content\/uploads\/sites\/6\/2023\/10\/na\u0308t-300x225.jpeg 300w, https:\/\/hogtlagt.se\/gavle\/wp-content\/uploads\/sites\/6\/2023\/10\/na\u0308t-768x576.jpeg 768w, https:\/\/hogtlagt.se\/gavle\/wp-content\/uploads\/sites\/6\/2023\/10\/na\u0308t-1536x1152.jpeg 1536w, https:\/\/hogtlagt.se\/gavle\/wp-content\/uploads\/sites\/6\/2023\/10\/na\u0308t.jpeg 1824w\" sizes=\"auto, (max-width: 1024px) 100vw, 1024px\" \/><\/a><figcaption class=\"wp-element-caption\">Kl\u00e4ttrare i n\u00e4t<\/figcaption><\/figure>\n\n\n\n<figure class=\"wp-block-image size-large\"><a href=\"https:\/\/hogtlagt.se\/gavle\/wp-content\/uploads\/sites\/6\/2023\/10\/zip-tjej-2.jpg\"><img loading=\"lazy\" decoding=\"async\" width=\"1024\" height=\"683\" data-id=\"1415\" src=\"https:\/\/hogtlagt.se\/gavle\/wp-content\/uploads\/sites\/6\/2023\/10\/zip-tjej-2-1024x683.jpg\" alt=\"En kvinna glider fram l\u00e4ngs en l\u00e5ng zipline genom skogen\" class=\"wp-image-1415\" srcset=\"https:\/\/hogtlagt.se\/gavle\/wp-content\/uploads\/sites\/6\/2023\/10\/zip-tjej-2-1024x683.jpg 1024w, https:\/\/hogtlagt.se\/gavle\/wp-content\/uploads\/sites\/6\/2023\/10\/zip-tjej-2-300x200.jpg 300w, https:\/\/hogtlagt.se\/gavle\/wp-content\/uploads\/sites\/6\/2023\/10\/zip-tjej-2-768x512.jpg 768w, https:\/\/hogtlagt.se\/gavle\/wp-content\/uploads\/sites\/6\/2023\/10\/zip-tjej-2-1536x1024.jpg 1536w, https:\/\/hogtlagt.se\/gavle\/wp-content\/uploads\/sites\/6\/2023\/10\/zip-tjej-2.jpg 2048w\" sizes=\"auto, (max-width: 1024px) 100vw, 1024px\" \/><\/a><figcaption class=\"wp-element-caption\">L\u00e5ng zipline<\/figcaption><\/figure>\n\n\n\n<figure class=\"wp-block-image size-large\"><a href=\"https:\/\/hogtlagt.se\/gavle\/wp-content\/uploads\/sites\/6\/2023\/10\/kille-hinder-1.jpg\"><img loading=\"lazy\" decoding=\"async\" width=\"1024\" height=\"683\" data-id=\"1417\" src=\"https:\/\/hogtlagt.se\/gavle\/wp-content\/uploads\/sites\/6\/2023\/10\/kille-hinder-1-1024x683.jpg\" alt=\"En man k\u00e4mpar med ett tufft hinder p\u00e5 en bl\u00e5 bana\" class=\"wp-image-1417\" srcset=\"https:\/\/hogtlagt.se\/gavle\/wp-content\/uploads\/sites\/6\/2023\/10\/kille-hinder-1-1024x683.jpg 1024w, https:\/\/hogtlagt.se\/gavle\/wp-content\/uploads\/sites\/6\/2023\/10\/kille-hinder-1-300x200.jpg 300w, https:\/\/hogtlagt.se\/gavle\/wp-content\/uploads\/sites\/6\/2023\/10\/kille-hinder-1-768x512.jpg 768w, https:\/\/hogtlagt.se\/gavle\/wp-content\/uploads\/sites\/6\/2023\/10\/kille-hinder-1-1536x1024.jpg 1536w, https:\/\/hogtlagt.se\/gavle\/wp-content\/uploads\/sites\/6\/2023\/10\/kille-hinder-1.jpg 2048w\" sizes=\"auto, (max-width: 1024px) 100vw, 1024px\" \/><\/a><figcaption class=\"wp-element-caption\">zick zack stockar<\/figcaption><\/figure>\n\n\n\n<figure class=\"wp-block-image size-large\"><a href=\"https:\/\/hogtlagt.se\/gavle\/wp-content\/uploads\/sites\/6\/2023\/10\/Hoppa-scaled.jpg\"><img loading=\"lazy\" decoding=\"async\" width=\"1024\" height=\"683\" data-id=\"1418\" src=\"https:\/\/hogtlagt.se\/gavle\/wp-content\/uploads\/sites\/6\/2023\/10\/Hoppa-1024x683.jpg\" alt=\"En kille hoppa ut fr\u00e5n plattformen i slutet av den r\u00f6da banan\" class=\"wp-image-1418\" srcset=\"https:\/\/hogtlagt.se\/gavle\/wp-content\/uploads\/sites\/6\/2023\/10\/Hoppa-1024x683.jpg 1024w, https:\/\/hogtlagt.se\/gavle\/wp-content\/uploads\/sites\/6\/2023\/10\/Hoppa-300x200.jpg 300w, https:\/\/hogtlagt.se\/gavle\/wp-content\/uploads\/sites\/6\/2023\/10\/Hoppa-768x512.jpg 768w, https:\/\/hogtlagt.se\/gavle\/wp-content\/uploads\/sites\/6\/2023\/10\/Hoppa-1536x1024.jpg 1536w, https:\/\/hogtlagt.se\/gavle\/wp-content\/uploads\/sites\/6\/2023\/10\/Hoppa-2048x1365.jpg 2048w\" sizes=\"auto, (max-width: 1024px) 100vw, 1024px\" \/><\/a><figcaption class=\"wp-element-caption\">Hoppa ner i r\u00f6d bana<\/figcaption><\/figure>\n\n\n\n<figure class=\"wp-block-image size-full\"><a href=\"https:\/\/hogtlagt.se\/gavle\/wp-content\/uploads\/sites\/6\/2023\/10\/barn-pa\u030a-zip.jpeg\"><img loading=\"lazy\" decoding=\"async\" width=\"480\" height=\"320\" data-id=\"1420\" src=\"https:\/\/hogtlagt.se\/gavle\/wp-content\/uploads\/sites\/6\/2023\/10\/barn-pa\u030a-zip.jpeg\" alt=\"En liten tjej glider fram p\u00e5 zipline p\u00e5 den orangea banan, hon ser glad ut\" class=\"wp-image-1420\" srcset=\"https:\/\/hogtlagt.se\/gavle\/wp-content\/uploads\/sites\/6\/2023\/10\/barn-pa\u030a-zip.jpeg 480w, https:\/\/hogtlagt.se\/gavle\/wp-content\/uploads\/sites\/6\/2023\/10\/barn-pa\u030a-zip-300x200.jpeg 300w\" sizes=\"auto, (max-width: 480px) 100vw, 480px\" \/><\/a><figcaption class=\"wp-element-caption\">zipline<\/figcaption><\/figure>\n\n\n\n<figure class=\"wp-block-image size-full\"><a href=\"https:\/\/hogtlagt.se\/gavle\/wp-content\/uploads\/sites\/6\/2023\/10\/barn-pa\u030a-hinder.jpeg\"><img loading=\"lazy\" decoding=\"async\" width=\"480\" height=\"320\" data-id=\"1419\" src=\"https:\/\/hogtlagt.se\/gavle\/wp-content\/uploads\/sites\/6\/2023\/10\/barn-pa\u030a-hinder.jpeg\" alt=\"Tv\u00e5 ungdomar balanserar p\u00e5 et vajerhinder och skrattar\" class=\"wp-image-1419\" srcset=\"https:\/\/hogtlagt.se\/gavle\/wp-content\/uploads\/sites\/6\/2023\/10\/barn-pa\u030a-hinder.jpeg 480w, https:\/\/hogtlagt.se\/gavle\/wp-content\/uploads\/sites\/6\/2023\/10\/barn-pa\u030a-hinder-300x200.jpeg 300w\" sizes=\"auto, (max-width: 480px) 100vw, 480px\" \/><\/a><figcaption class=\"wp-element-caption\">Familj p\u00e5 hinder<\/figcaption><\/figure>\n\n\n\n<figure class=\"wp-block-image size-large\"><a href=\"https:\/\/hogtlagt.se\/gavle\/wp-content\/uploads\/sites\/6\/2023\/10\/tva\u030a-a\u0308nnu-gladare-barn.jpg\"><img loading=\"lazy\" decoding=\"async\" width=\"1024\" height=\"683\" data-id=\"1421\" src=\"https:\/\/hogtlagt.se\/gavle\/wp-content\/uploads\/sites\/6\/2023\/10\/tva\u030a-a\u0308nnu-gladare-barn-1024x683.jpg\" alt=\"Tv\u00e5 kompisar st\u00e5r p\u00e5 marken, h\u00e5ller om varandra och skrattar, de \u00e4r glada \u00f6ver att ha kl\u00e4ttrat i parken\" class=\"wp-image-1421\" srcset=\"https:\/\/hogtlagt.se\/gavle\/wp-content\/uploads\/sites\/6\/2023\/10\/tva\u030a-a\u0308nnu-gladare-barn-1024x683.jpg 1024w, https:\/\/hogtlagt.se\/gavle\/wp-content\/uploads\/sites\/6\/2023\/10\/tva\u030a-a\u0308nnu-gladare-barn-300x200.jpg 300w, https:\/\/hogtlagt.se\/gavle\/wp-content\/uploads\/sites\/6\/2023\/10\/tva\u030a-a\u0308nnu-gladare-barn-768x512.jpg 768w, https:\/\/hogtlagt.se\/gavle\/wp-content\/uploads\/sites\/6\/2023\/10\/tva\u030a-a\u0308nnu-gladare-barn-1536x1024.jpg 1536w, https:\/\/hogtlagt.se\/gavle\/wp-content\/uploads\/sites\/6\/2023\/10\/tva\u030a-a\u0308nnu-gladare-barn.jpg 2048w\" sizes=\"auto, (max-width: 1024px) 100vw, 1024px\" \/><\/a><figcaption class=\"wp-element-caption\">Glada bes\u00f6kare<\/figcaption><\/figure>\n<\/figure>\n\n\n\n<div style=\"height:38px\" aria-hidden=\"true\" class=\"wp-block-spacer\"><\/div>\n\n\n\n<div style=\"height:25px\" aria-hidden=\"true\" class=\"wp-block-spacer\"><\/div>\n\n\n\n<div class=\"wp-block-cover alignfull\" style=\"min-height:376px;aspect-ratio:unset;\"><span aria-hidden=\"true\" class=\"wp-block-cover__background has-background-dim\"><\/span><img loading=\"lazy\" decoding=\"async\" width=\"2048\" height=\"1365\" class=\"wp-block-cover__image-background wp-image-1477\" alt=\"\" src=\"https:\/\/hogtlagt.se\/gavle\/wp-content\/uploads\/sites\/6\/2023\/12\/Hogt-Lagt-WEBB-1235.jpg\" style=\"object-position:50% 66%\" data-object-fit=\"cover\" data-object-position=\"50% 66%\" srcset=\"https:\/\/hogtlagt.se\/gavle\/wp-content\/uploads\/sites\/6\/2023\/12\/Hogt-Lagt-WEBB-1235.jpg 2048w, https:\/\/hogtlagt.se\/gavle\/wp-content\/uploads\/sites\/6\/2023\/12\/Hogt-Lagt-WEBB-1235-300x200.jpg 300w, https:\/\/hogtlagt.se\/gavle\/wp-content\/uploads\/sites\/6\/2023\/12\/Hogt-Lagt-WEBB-1235-1024x683.jpg 1024w, https:\/\/hogtlagt.se\/gavle\/wp-content\/uploads\/sites\/6\/2023\/12\/Hogt-Lagt-WEBB-1235-768x512.jpg 768w, https:\/\/hogtlagt.se\/gavle\/wp-content\/uploads\/sites\/6\/2023\/12\/Hogt-Lagt-WEBB-1235-1536x1024.jpg 1536w\" sizes=\"auto, (max-width: 2048px) 100vw, 2048px\" \/><div class=\"wp-block-cover__inner-container has-global-padding is-layout-constrained wp-block-cover-is-layout-constrained\">\n<p class=\"has-text-align-center\" style=\"font-size:25px\">Allt vi g\u00f6r genomsyras av v\u00e5ra grundl\u00e4ggande v\u00e4rden&nbsp;<em>Genomarbetat, S\u00e4kert, Innovativt, Inkluderande<\/em>&nbsp;och&nbsp;<em>Utmanande.<\/em>&nbsp;Vi \u00e4r drivna, vi arbetar h\u00e5rt, vi brinner f\u00f6r varje kunds upplevelse, vi \u00e4r med och utvecklar branschen och vi har j\u00e4kligt roligt medans vi g\u00f6r det!<\/p>\n<\/div><\/div>\n","protected":false},"excerpt":{"rendered":"","protected":false},"author":1,"featured_media":1380,"parent":10,"menu_order":2,"comment_status":"closed","ping_status":"closed","template":"templates\/empty.php","meta":{"_acf_changed":false,"inline_featured_image":false,"footnotes":""},"class_list":["post-14","page","type-page","status-publish","has-post-thumbnail"],"acf":[],"yoast_head":"<!-- This site is optimized with the Yoast SEO plugin v26.1.1 - https:\/\/yoast.com\/wordpress\/plugins\/seo\/ -->\n<title>Bilder och filmer fr\u00e5n H\u00f6gt&amp;L\u00e5gt Kl\u00e4tterpark i G\u00e4vle<\/title>\n<meta name=\"description\" content=\"Bilder och filmer fr\u00e5n kl\u00e4tterparken i G\u00e4vle. Boka tid f\u00f6r hela familjen, klassen eller f\u00f6retaget\" \/>\n<meta name=\"robots\" content=\"index, follow, max-snippet:-1, max-image-preview:large, max-video-preview:-1\" \/>\n<link rel=\"canonical\" href=\"https:\/\/hogtlagt.se\/gavle\/klatterparken\/bilder-video\/\" \/>\n<meta property=\"og:locale\" content=\"sv_SE\" \/>\n<meta property=\"og:type\" content=\"article\" \/>\n<meta property=\"og:title\" content=\"Bilder och filmer fr\u00e5n H\u00f6gt&amp;L\u00e5gt Kl\u00e4tterpark i G\u00e4vle\" \/>\n<meta property=\"og:description\" content=\"Bilder och filmer fr\u00e5n kl\u00e4tterparken i G\u00e4vle. Boka tid f\u00f6r hela familjen, klassen eller f\u00f6retaget\" \/>\n<meta property=\"og:url\" content=\"https:\/\/hogtlagt.se\/gavle\/klatterparken\/bilder-video\/\" \/>\n<meta property=\"og:site_name\" content=\"H\u00f6gt &amp; L\u00e5gt G\u00e4vle\" \/>\n<meta property=\"article:modified_time\" content=\"2024-02-16T14:53:34+00:00\" \/>\n<meta property=\"og:image\" content=\"https:\/\/hogtlagt.se\/gavle\/wp-content\/uploads\/sites\/6\/2023\/10\/Bilder-och-video-1-scaled.jpg\" \/>\n\t<meta property=\"og:image:width\" content=\"2560\" \/>\n\t<meta property=\"og:image:height\" content=\"1707\" \/>\n\t<meta property=\"og:image:type\" content=\"image\/jpeg\" \/>\n<meta name=\"twitter:card\" content=\"summary_large_image\" \/>\n<meta name=\"twitter:label1\" content=\"Ber\u00e4knad l\u00e4stid\" \/>\n\t<meta name=\"twitter:data1\" content=\"3 minuter\" \/>\n<script type=\"application\/ld+json\" class=\"yoast-schema-graph\">{\"@context\":\"https:\/\/schema.org\",\"@graph\":[{\"@type\":\"WebPage\",\"@id\":\"https:\/\/hogtlagt.se\/gavle\/klatterparken\/bilder-video\/\",\"url\":\"https:\/\/hogtlagt.se\/gavle\/klatterparken\/bilder-video\/\",\"name\":\"Bilder och filmer fr\u00e5n H\u00f6gt&L\u00e5gt Kl\u00e4tterpark i G\u00e4vle\",\"isPartOf\":{\"@id\":\"https:\/\/hogtlagt.se\/gavle\/#website\"},\"primaryImageOfPage\":{\"@id\":\"https:\/\/hogtlagt.se\/gavle\/klatterparken\/bilder-video\/#primaryimage\"},\"image\":{\"@id\":\"https:\/\/hogtlagt.se\/gavle\/klatterparken\/bilder-video\/#primaryimage\"},\"thumbnailUrl\":\"https:\/\/hogtlagt.se\/gavle\/wp-content\/uploads\/sites\/6\/2023\/10\/Bilder-och-video-1-scaled.jpg\",\"datePublished\":\"2020-03-06T09:10:00+00:00\",\"dateModified\":\"2024-02-16T14:53:34+00:00\",\"description\":\"Bilder och filmer fr\u00e5n kl\u00e4tterparken i G\u00e4vle. Boka tid f\u00f6r hela familjen, klassen eller f\u00f6retaget\",\"breadcrumb\":{\"@id\":\"https:\/\/hogtlagt.se\/gavle\/klatterparken\/bilder-video\/#breadcrumb\"},\"inLanguage\":\"sv-SE\",\"potentialAction\":[{\"@type\":\"ReadAction\",\"target\":[\"https:\/\/hogtlagt.se\/gavle\/klatterparken\/bilder-video\/\"]}]},{\"@type\":\"ImageObject\",\"inLanguage\":\"sv-SE\",\"@id\":\"https:\/\/hogtlagt.se\/gavle\/klatterparken\/bilder-video\/#primaryimage\",\"url\":\"https:\/\/hogtlagt.se\/gavle\/wp-content\/uploads\/sites\/6\/2023\/10\/Bilder-och-video-1-scaled.jpg\",\"contentUrl\":\"https:\/\/hogtlagt.se\/gavle\/wp-content\/uploads\/sites\/6\/2023\/10\/Bilder-och-video-1-scaled.jpg\",\"width\":2560,\"height\":1707,\"caption\":\"Instrukt\u00f6r ber\u00e4ttar om hur det g\u00e5r till att kl\u00e4ttra i parken\"},{\"@type\":\"BreadcrumbList\",\"@id\":\"https:\/\/hogtlagt.se\/gavle\/klatterparken\/bilder-video\/#breadcrumb\",\"itemListElement\":[{\"@type\":\"ListItem\",\"position\":1,\"name\":\"Hem\",\"item\":\"https:\/\/hogtlagt.se\/gavle\/\"},{\"@type\":\"ListItem\",\"position\":2,\"name\":\"Kl\u00e4tterparken\",\"item\":\"https:\/\/hogtlagt.se\/gavle\/klatterparken\/\"},{\"@type\":\"ListItem\",\"position\":3,\"name\":\"Bilder &#038; Video\"}]},{\"@type\":\"WebSite\",\"@id\":\"https:\/\/hogtlagt.se\/gavle\/#website\",\"url\":\"https:\/\/hogtlagt.se\/gavle\/\",\"name\":\"H\u00f6gt &amp; L\u00e5gt G\u00e4vle\",\"description\":\"En till H\u00f6gt &amp; L\u00e5gt webbplats\",\"potentialAction\":[{\"@type\":\"SearchAction\",\"target\":{\"@type\":\"EntryPoint\",\"urlTemplate\":\"https:\/\/hogtlagt.se\/gavle\/?s={search_term_string}\"},\"query-input\":{\"@type\":\"PropertyValueSpecification\",\"valueRequired\":true,\"valueName\":\"search_term_string\"}}],\"inLanguage\":\"sv-SE\"}]}<\/script>\n<!-- \/ Yoast SEO plugin. -->","yoast_head_json":{"title":"Bilder och filmer fr\u00e5n H\u00f6gt&L\u00e5gt Kl\u00e4tterpark i G\u00e4vle","description":"Bilder och filmer fr\u00e5n kl\u00e4tterparken i G\u00e4vle. Boka tid f\u00f6r hela familjen, klassen eller f\u00f6retaget","robots":{"index":"index","follow":"follow","max-snippet":"max-snippet:-1","max-image-preview":"max-image-preview:large","max-video-preview":"max-video-preview:-1"},"canonical":"https:\/\/hogtlagt.se\/gavle\/klatterparken\/bilder-video\/","og_locale":"sv_SE","og_type":"article","og_title":"Bilder och filmer fr\u00e5n H\u00f6gt&L\u00e5gt Kl\u00e4tterpark i G\u00e4vle","og_description":"Bilder och filmer fr\u00e5n kl\u00e4tterparken i G\u00e4vle. Boka tid f\u00f6r hela familjen, klassen eller f\u00f6retaget","og_url":"https:\/\/hogtlagt.se\/gavle\/klatterparken\/bilder-video\/","og_site_name":"H\u00f6gt &amp; L\u00e5gt G\u00e4vle","article_modified_time":"2024-02-16T14:53:34+00:00","og_image":[{"width":2560,"height":1707,"url":"https:\/\/hogtlagt.se\/gavle\/wp-content\/uploads\/sites\/6\/2023\/10\/Bilder-och-video-1-scaled.jpg","type":"image\/jpeg"}],"twitter_card":"summary_large_image","twitter_misc":{"Ber\u00e4knad l\u00e4stid":"3 minuter"},"schema":{"@context":"https:\/\/schema.org","@graph":[{"@type":"WebPage","@id":"https:\/\/hogtlagt.se\/gavle\/klatterparken\/bilder-video\/","url":"https:\/\/hogtlagt.se\/gavle\/klatterparken\/bilder-video\/","name":"Bilder och filmer fr\u00e5n H\u00f6gt&L\u00e5gt Kl\u00e4tterpark i G\u00e4vle","isPartOf":{"@id":"https:\/\/hogtlagt.se\/gavle\/#website"},"primaryImageOfPage":{"@id":"https:\/\/hogtlagt.se\/gavle\/klatterparken\/bilder-video\/#primaryimage"},"image":{"@id":"https:\/\/hogtlagt.se\/gavle\/klatterparken\/bilder-video\/#primaryimage"},"thumbnailUrl":"https:\/\/hogtlagt.se\/gavle\/wp-content\/uploads\/sites\/6\/2023\/10\/Bilder-och-video-1-scaled.jpg","datePublished":"2020-03-06T09:10:00+00:00","dateModified":"2024-02-16T14:53:34+00:00","description":"Bilder och filmer fr\u00e5n kl\u00e4tterparken i G\u00e4vle. Boka tid f\u00f6r hela familjen, klassen eller f\u00f6retaget","breadcrumb":{"@id":"https:\/\/hogtlagt.se\/gavle\/klatterparken\/bilder-video\/#breadcrumb"},"inLanguage":"sv-SE","potentialAction":[{"@type":"ReadAction","target":["https:\/\/hogtlagt.se\/gavle\/klatterparken\/bilder-video\/"]}]},{"@type":"ImageObject","inLanguage":"sv-SE","@id":"https:\/\/hogtlagt.se\/gavle\/klatterparken\/bilder-video\/#primaryimage","url":"https:\/\/hogtlagt.se\/gavle\/wp-content\/uploads\/sites\/6\/2023\/10\/Bilder-och-video-1-scaled.jpg","contentUrl":"https:\/\/hogtlagt.se\/gavle\/wp-content\/uploads\/sites\/6\/2023\/10\/Bilder-och-video-1-scaled.jpg","width":2560,"height":1707,"caption":"Instrukt\u00f6r ber\u00e4ttar om hur det g\u00e5r till att kl\u00e4ttra i parken"},{"@type":"BreadcrumbList","@id":"https:\/\/hogtlagt.se\/gavle\/klatterparken\/bilder-video\/#breadcrumb","itemListElement":[{"@type":"ListItem","position":1,"name":"Hem","item":"https:\/\/hogtlagt.se\/gavle\/"},{"@type":"ListItem","position":2,"name":"Kl\u00e4tterparken","item":"https:\/\/hogtlagt.se\/gavle\/klatterparken\/"},{"@type":"ListItem","position":3,"name":"Bilder &#038; Video"}]},{"@type":"WebSite","@id":"https:\/\/hogtlagt.se\/gavle\/#website","url":"https:\/\/hogtlagt.se\/gavle\/","name":"H\u00f6gt &amp; L\u00e5gt G\u00e4vle","description":"En till H\u00f6gt &amp; L\u00e5gt webbplats","potentialAction":[{"@type":"SearchAction","target":{"@type":"EntryPoint","urlTemplate":"https:\/\/hogtlagt.se\/gavle\/?s={search_term_string}"},"query-input":{"@type":"PropertyValueSpecification","valueRequired":true,"valueName":"search_term_string"}}],"inLanguage":"sv-SE"}]}},"_links":{"self":[{"href":"https:\/\/hogtlagt.se\/gavle\/wp-json\/wp\/v2\/pages\/14","targetHints":{"allow":["GET"]}}],"collection":[{"href":"https:\/\/hogtlagt.se\/gavle\/wp-json\/wp\/v2\/pages"}],"about":[{"href":"https:\/\/hogtlagt.se\/gavle\/wp-json\/wp\/v2\/types\/page"}],"author":[{"embeddable":true,"href":"https:\/\/hogtlagt.se\/gavle\/wp-json\/wp\/v2\/users\/1"}],"replies":[{"embeddable":true,"href":"https:\/\/hogtlagt.se\/gavle\/wp-json\/wp\/v2\/comments?post=14"}],"version-history":[{"count":11,"href":"https:\/\/hogtlagt.se\/gavle\/wp-json\/wp\/v2\/pages\/14\/revisions"}],"predecessor-version":[{"id":1605,"href":"https:\/\/hogtlagt.se\/gavle\/wp-json\/wp\/v2\/pages\/14\/revisions\/1605"}],"up":[{"embeddable":true,"href":"https:\/\/hogtlagt.se\/gavle\/wp-json\/wp\/v2\/pages\/10"}],"wp:featuredmedia":[{"embeddable":true,"href":"https:\/\/hogtlagt.se\/gavle\/wp-json\/wp\/v2\/media\/1380"}],"wp:attachment":[{"href":"https:\/\/hogtlagt.se\/gavle\/wp-json\/wp\/v2\/media?parent=14"}],"curies":[{"name":"wp","href":"https:\/\/api.w.org\/{rel}","templated":true}]}}