{"id":12,"date":"2020-03-06T10:09:48","date_gmt":"2020-03-06T09:09:48","guid":{"rendered":"http:\/\/hogtlagt.se.hemsida.eu\/karlstad\/?page_id=12"},"modified":"2024-07-16T08:35:09","modified_gmt":"2024-07-16T06:35:09","slug":"klatterbanorna","status":"publish","type":"page","link":"https:\/\/hogtlagt.se\/gavle\/klatterparken\/klatterbanorna\/","title":{"rendered":"Kl\u00e4tterparken och v\u00e5ra h\u00f6gh\u00f6jdsbanor"},"content":{"rendered":"\n<div class=\"wp-block-cover alignfull\" style=\"min-height:600px;aspect-ratio:unset;\"><span aria-hidden=\"true\" class=\"wp-block-cover__background has-background-dim-30 has-background-dim\"><\/span><img loading=\"lazy\" decoding=\"async\" width=\"2048\" height=\"1365\" class=\"wp-block-cover__image-background wp-image-1346\" alt=\"\" src=\"https:\/\/hogtlagt.se\/gavle\/wp-content\/uploads\/sites\/6\/2023\/10\/va\u030ara-ho\u0308gho\u0308jdsbanor.jpg\" data-object-fit=\"cover\" srcset=\"https:\/\/hogtlagt.se\/gavle\/wp-content\/uploads\/sites\/6\/2023\/10\/va\u030ara-ho\u0308gho\u0308jdsbanor.jpg 2048w, https:\/\/hogtlagt.se\/gavle\/wp-content\/uploads\/sites\/6\/2023\/10\/va\u030ara-ho\u0308gho\u0308jdsbanor-300x200.jpg 300w, https:\/\/hogtlagt.se\/gavle\/wp-content\/uploads\/sites\/6\/2023\/10\/va\u030ara-ho\u0308gho\u0308jdsbanor-1024x683.jpg 1024w, https:\/\/hogtlagt.se\/gavle\/wp-content\/uploads\/sites\/6\/2023\/10\/va\u030ara-ho\u0308gho\u0308jdsbanor-768x512.jpg 768w, https:\/\/hogtlagt.se\/gavle\/wp-content\/uploads\/sites\/6\/2023\/10\/va\u030ara-ho\u0308gho\u0308jdsbanor-1536x1024.jpg 1536w\" sizes=\"auto, (max-width: 2048px) 100vw, 2048px\" \/><div class=\"wp-block-cover__inner-container has-global-padding is-layout-constrained wp-block-cover-is-layout-constrained\">\n<h2 class=\"wp-block-heading has-text-align-center\" style=\"font-size:55px\">Parken och v\u00e5ra banor<\/h2>\n<\/div><\/div>\n\n\n\n<div style=\"height:100px\" aria-hidden=\"true\" class=\"wp-block-spacer\"><\/div>\n\n\n\n<h2 class=\"wp-block-heading\">Kl\u00e4ttring och \u00e4ventyr l\u00e4ngs h\u00f6gh\u00f6jdsbanor i&nbsp;Hemlingby, G\u00e4vle<\/h2>\n\n\n\n<div style=\"height:24px\" aria-hidden=\"true\" class=\"wp-block-spacer\"><\/div>\n\n\n\n<p>Kl\u00e4tterparken i G\u00e4vle \u00e4r vackert bel\u00e4gen i skogen vid Hemlingby friluftsomr\u00e5de. Parken \u00e4r \u00f6ppen f\u00f6r alla och det \u00e4r enbart de som ska kl\u00e4ttra som beh\u00f6ver k\u00f6pa biljett. Vi har gott om bord och sittplatser samt grillar, s\u00e5 se till att packa fikakorgen.<\/p>\n\n\n\n<p>N\u00e4r du k\u00f6per en biljett till parken f\u00e5r du under tre timmar kl\u00e4ttra s\u00e5 m\u00e5nga banor du vill s\u00e5 m\u00e5nga g\u00e5nger du vill (och orkar!). Ni k\u00f6per biljett efter \u00e5lder p\u00e5 den som ska kl\u00e4ttra och sedan f\u00e5r man kl\u00e4ttra alla banor d\u00e4r man uppfyller banans minimikrav p\u00e5 l\u00e4ngd. Barn under 6 \u00e5r m\u00e5ste ha med en kl\u00e4ttrande vuxen i de gr\u00f6na banorna (som g\u00e5r p\u00e5 3-6 meters h\u00f6jd) och barn under 10 m\u00e5ste ha med en kl\u00e4ttrande vuxen i de bl\u00e5 eller r\u00f6da banorna (som g\u00e5r p\u00e5 8+ meters h\u00f6jd). I den oranga banan (som g\u00e5r p\u00e5 ca 1 meters h\u00f6jd) kan en vuxen g\u00e5 vid sidan f\u00f6r att assistera.<\/p>\n\n\n\n<p>F\u00f6r att f\u00e5 kl\u00e4ttra g\u00e4ller:<br>-Maxvikt 120 kg<br>-Att du ej \u00e4r gravid<br>-att du ej \u00e4r p\u00e5verkad av alkohol eller andra droger<br>-Att du deltar i s\u00e4kerhetsgenomg\u00e5ngen samt s\u00e4tter dig in i parkens regler och f\u00f6ljer dessa (vi g\u00e5r igenom reglerna p\u00e5 s\u00e4kerhetsgenomg\u00e5ngen).<\/p>\n\n\n\n<p>Vi rekommenderar att kl\u00e4ttra med handskar, men det \u00e4r inget m\u00e5ste. Det g\u00e5r bra att ta med egna och vi s\u00e4ljer \u00e4ven handskar p\u00e5 plats f\u00f6r 35 kr\/paret.<\/p>\n\n\n\n<figure class=\"wp-block-image aligncenter size-large is-resized\"><img loading=\"lazy\" decoding=\"async\" width=\"790\" height=\"837\" src=\"https:\/\/hogtlagt.se\/gavle\/wp-content\/uploads\/sites\/6\/2023\/12\/Lager-2-2.svg\" alt=\"\" class=\"wp-image-1499\" style=\"width:201px;height:auto\"\/><\/figure>\n\n\n\n<div style=\"height:37px\" aria-hidden=\"true\" class=\"wp-block-spacer\"><\/div>\n\n\n\n    <div class=\"icon-list\">\n\n            \n        <div class=\"icon-list-item\">\n            <div class=\"il-img\">\n                <img decoding=\"async\" src=\"https:\/\/hogtlagt.se\/gavle\/wp-content\/uploads\/sites\/6\/2020\/03\/HL-ikon-14.svg\" class=\"attachment-icon size-icon\" alt=\"\" \/>            <\/div>\n            <div class=\"icon-list-content\">\n                <h3>BAN-BESKRIVNING<\/h3>\n                <p><b>Lilla bocken\u00a0<\/b><\/p>\n<p><span style=\"font-weight: 400;\">Minimil\u00e4ngd:<\/span><i><span style=\"font-weight: 400;\"> 80cm<\/span><\/i><\/p>\n<p><span style=\"font-weight: 400;\">Sv\u00e5righetsgrad: <\/span><i><span style=\"font-weight: 400;\">Orange (v\u00e4ldigt enkel)<\/span><\/i><\/p>\n<p><span style=\"font-weight: 400;\">H\u00f6jd: 1-1,5 meter<br \/>\nOm banan: V\u00e5r enklaste bana f\u00f6r parkens minsta bes\u00f6kare. H\u00e4r kan du som vuxen ocks\u00e5 g\u00e5 med p\u00e5 backen och hj\u00e4lpa till. Banan inneh\u00e5ller ett antal sp\u00e4nnande hinder och avslutas med en l\u00e5ng zipline.\u00a0<\/span><\/p>\n<p>&nbsp;<\/p>\n<p><b>Stora bocken\u00a0<\/b><\/p>\n<p><span style=\"font-weight: 400;\">Minimil\u00e4ngd: <\/span><i><span style=\"font-weight: 400;\">110cm<\/span><\/i><\/p>\n<p><span style=\"font-weight: 400;\">Sv\u00e5rig<\/span><span style=\"font-weight: 400;\">hetsgrad: <\/span><i><span style=\"font-weight: 400;\">Ljusgr\u00f6n (familj)<\/span><\/i><\/p>\n<p><span style=\"font-weight: 400;\">H\u00f6jd: 4-6 meter<br \/>\nOm banan: En lite mer utmanande bana som g\u00e5r ca 4-6 meter \u00f6ver marken. Banan har flera roliga hinder, bland annat en horisontell kl\u00e4tterv\u00e4gg.<\/span><\/p>\n<p>&nbsp;<\/p>\n<p><b>Stadsvandring<\/b><\/p>\n<p><span style=\"font-weight: 400;\">Minimil\u00e4ngd:<i><\/i> <\/span><i><span style=\"font-weight: 400;\">110cm<\/span><\/i><\/p>\n<p><span style=\"font-weight: 400;\">Sv\u00e5righetsgrad: <\/span><i><span style=\"font-weight: 400;\">M\u00f6rkgr\u00f6n (enkel)<\/span><\/i><\/p>\n<p><span style=\"font-weight: 400;\">H\u00f6jd: 4-6 meter<br \/>\nOm banan: Den perfekta nyb\u00f6rjarbanan f\u00f6r stora och sm\u00e5. Prova p\u00e5 hur systemet fungerar bland flera roliga hinder. Banorna g\u00e5r mellan 4-6 meter ovanf\u00f6r backen och har en l\u00e5ng zipline.\u00a0<\/span><\/p>\n<p>&nbsp;<\/p>\n<p><b>Bifrost<\/b><\/p>\n<p><span style=\"font-weight: 400;\">Minimil\u00e4ngd:<i><\/i> <\/span><i><span style=\"font-weight: 400;\">140cm<\/span><\/i><\/p>\n<p><span style=\"font-weight: 400;\">Sv\u00e5righetsgrad: <em>Ljusb<\/em><\/span><i><span style=\"font-weight: 400;\"><em>l\u00e5\u00a0<\/em> (familj)<\/span><\/i><\/p>\n<p><span style=\"font-weight: 400;\">H\u00f6jd: 8+ meter<br \/>\nOm banan: H\u00e4r startar banan med en zipline rakt in i parkens centrum. D\u00e4refter sticker den iv\u00e4g p\u00e5 ett riktigt \u00e4ventyr bort\u00e5t i skogen.\u00a0<\/span><\/p>\n<p>&nbsp;<\/p>\n<p><b>Upp i det bl\u00e5<\/b><\/p>\n<p><span style=\"font-weight: 400;\">Minimil\u00e4ngd:<i><\/i> <\/span><i><span style=\"font-weight: 400;\">140cm<\/span><\/i><\/p>\n<p><span style=\"font-weight: 400;\">Sv\u00e5righetsgrad: <em>M\u00f6rkbl\u00e5<\/em><\/span><em><span style=\"font-weight: 400;\"><em>\u00a0<\/em> (familj)<\/span><\/em><\/p>\n<p><span style=\"font-weight: 400;\">H\u00f6jd: 8+ meter<br \/>\nOm banan: Detta \u00e4r en spektakul\u00e4r bana som g\u00e5r upp till 12 meter \u00f6ver marken. H\u00e4r f\u00e5r man m\u00f6jlighet att \u00e5ka zipline rakt \u00f6ver de som hoppar i skynetet.<\/span><\/p>\n<p>&nbsp;<\/p>\n<p><b>P\u00e5 riktigt?<\/b><\/p>\n<p><span style=\"font-weight: 400;\">Minimil\u00e4ngd:<i><\/i> <\/span><i><span style=\"font-weight: 400;\">150cm<\/span><\/i><\/p>\n<p><i><span style=\"font-weight: 400;\">Sv\u00e5righetsgrad: R\u00f6d (utmaning)<\/span><\/i><\/p>\n<p><span style=\"font-weight: 400;\">H\u00f6jd: 8+ meter<br \/>\nOm banan: Detta \u00e4r v\u00e5r h\u00f6gsta och sv\u00e5raste bana. N\u00e4r du v\u00e4l har tagit dig upp f\u00f6r den tuffa starten finns det ingen \u00e5terv\u00e4ndo. Den g\u00e5r 12-16 meter \u00f6ver marken och avslutar med ett m\u00e4ktigt hopp rakt ner fr\u00e5n tr\u00e4dkronorna. V\u00e5gar du?<\/span><\/p>\n<p>&nbsp;<\/p>\n<p><strong>Hoppborg &#8211; Skynet<\/strong><\/p>\n<p>Mitt bland banorna finns en hoppborg gjord av n\u00e4t som h\u00e4nger 4 meter upp i luften. Ing\u00e5ngen sker genom en liten tr\u00e4dkoja.<\/p>\n            <\/div>\n        <\/div>\n\n            \n    <\/div>\n\n    \n\n\n<div style=\"height:26px\" aria-hidden=\"true\" class=\"wp-block-spacer\"><\/div>\n\n\n\n<div style=\"height:31px\" aria-hidden=\"true\" class=\"wp-block-spacer\"><\/div>\n\n\n\n<div class=\"wp-block-group is-layout-flow wp-block-group-is-layout-flow\">\n<figure class=\"wp-block-image aligncenter size-large\"><img decoding=\"async\" src=\"https:\/\/hogtlagt.se\/gavle\/wp-content\/uploads\/sites\/6\/2022\/04\/NYparkkartaGa\u0308vle.svg\" alt=\"\" class=\"wp-image-1054\"\/><\/figure>\n<\/div>\n\n\n\n<div style=\"height:23px\" aria-hidden=\"true\" class=\"wp-block-spacer\"><\/div>\n\n\n\n<h2 class=\"wp-block-heading has-text-align-center\">Vad tycker v\u00e5ra g\u00e4ster?<\/h2>\n\n\n\n<div style=\"height:19px\" aria-hidden=\"true\" class=\"wp-block-spacer\"><\/div>\n\n\n<div class=\"gmb-reviews make-me-slick\" data-slick='{&quot;fade&quot;: false, \"adaptiveHeight\": true,\"arrows\": false,\"dots\": true,\"infinite\": true,\"autoplaySpeed\":5000,\"slidesToShow\":1, \"slidesToScroll\":1, \"autoplay\":false    }'><div class=\"gmb-review\" data=\"accounts\/113211944405253224958\/locations\/14687854457602858345\/reviews\/AbFvOqnnTiCz6KyluGEzpQ9izn5vAJjMy3N2qOA6-JtI9shd8WgpZB8-qVfbUmocpcWqYXeRvsNArA\"><div class=\"gmb-review-inner\"><span class=\"review-comment\"><i class=\"review-quotes fa fa-quote-left\" aria-hidden=\"true\"><\/i>(Translated by Google) The staff is extremely friendly and professional; the trails are varied and suitable for all levels, immersed in nature. Other activities available include walking, playing bocce, or working out.\n\n(Original)\nStaff gentilissimo e professionale; i percorsi sono vari e di livelli diversi, immersi nella natura. E possibile anche fare altre attivit\u00e0 come passeggiate, giocare a bocce o allenarsi.<i class=\"review-quotes fa fa-quote-right\" aria-hidden=\"true\"><\/i><\/span><span class=\"review-rating\"><i class=\"fa fa-star\" aria-hidden=\"true\"><\/i><i class=\"fa fa-star\" aria-hidden=\"true\"><\/i><i class=\"fa fa-star\" aria-hidden=\"true\"><\/i><i class=\"fa fa-star\" aria-hidden=\"true\"><\/i><i class=\"fa fa-star\" aria-hidden=\"true\"><\/i><\/span><span class=\"review-reviewer\">Agata Caruso<\/span><span class=\"review-date\">25 July, 2025<\/span><\/div><\/div><div class=\"gmb-review\" data=\"accounts\/113211944405253224958\/locations\/14687854457602858345\/reviews\/AbFvOqn_aR5VFdmNepazGY4wY3AmLMZ9Vkj1iyH0gU8eq-Q4s7VVm01NyLODyJQ0cTDJwhcYdzWV\"><div class=\"gmb-review-inner\"><span class=\"review-comment\"><i class=\"review-quotes fa fa-quote-left\" aria-hidden=\"true\"><\/i>(Translated by Google) Super friendly people, fun and challenging courses, also for our youngest (1.25m) more than 1 low route and very cool location.\n\n(Original)\nSuper vriendelijke mensen, leuke en uitdagende parcours, ook voor onze jongste (1,25m) meer dan 1 lage route en heel tof gelegen.<i class=\"review-quotes fa fa-quote-right\" aria-hidden=\"true\"><\/i><\/span><span class=\"review-rating\"><i class=\"fa fa-star\" aria-hidden=\"true\"><\/i><i class=\"fa fa-star\" aria-hidden=\"true\"><\/i><i class=\"fa fa-star\" aria-hidden=\"true\"><\/i><i class=\"fa fa-star\" aria-hidden=\"true\"><\/i><i class=\"fa fa-star\" aria-hidden=\"true\"><\/i><\/span><span class=\"review-reviewer\">Irene op den Buijs - Magielsen<\/span><span class=\"review-date\">18 July, 2024<\/span><\/div><\/div><div class=\"gmb-review\" data=\"accounts\/113211944405253224958\/locations\/14687854457602858345\/reviews\/AbFvOqnmyRs4m6lOsb-kqztRfkAZxMO3JW_uIgNpXBrP6W-k1JOjIMy0c7SllConCipuNPe1wBI5kA\"><div class=\"gmb-review-inner\"><span class=\"review-comment\"><i class=\"review-quotes fa fa-quote-left\" aria-hidden=\"true\"><\/i>10\/10, utmanande\/roliga banor, trevlig personal, extremt h\u00f6g s\u00e4kerhet.\n\n(Translated by Google)\n10\/10, challenging\/fun courses, friendly staff, extremely high safety.<i class=\"review-quotes fa fa-quote-right\" aria-hidden=\"true\"><\/i><\/span><span class=\"review-rating\"><i class=\"fa fa-star\" aria-hidden=\"true\"><\/i><i class=\"fa fa-star\" aria-hidden=\"true\"><\/i><i class=\"fa fa-star\" aria-hidden=\"true\"><\/i><i class=\"fa fa-star\" aria-hidden=\"true\"><\/i><i class=\"fa fa-star\" aria-hidden=\"true\"><\/i><\/span><span class=\"review-reviewer\">Isak Hemmingsson<\/span><span class=\"review-date\">18 July, 2024<\/span><\/div><\/div><div class=\"gmb-review\" data=\"accounts\/113211944405253224958\/locations\/14687854457602858345\/reviews\/AbFvOqkER4D9ZprU3QRXYOxPItmgMP-jsTUlarbw-14C8rqvl2FcC6qOZsuluhVMhdlCVpSVkyKFTg\"><div class=\"gmb-review-inner\"><span class=\"review-comment\"><i class=\"review-quotes fa fa-quote-left\" aria-hidden=\"true\"><\/i>Absolutely fantastic. We spent over three hours there and had a great time. My kids (9-12) and I really enjoyed ourselves. The staff were friendly, helpful, and cheerful. They spoke excellent English and provided good training and guidance. The courses have variety, with one for small children, four that are of medium difficulty, and one that is very challenging. We were very impressed with the length of the courses and the number of ziplines. We highly recommend it.<i class=\"review-quotes fa fa-quote-right\" aria-hidden=\"true\"><\/i><\/span><span class=\"review-rating\"><i class=\"fa fa-star\" aria-hidden=\"true\"><\/i><i class=\"fa fa-star\" aria-hidden=\"true\"><\/i><i class=\"fa fa-star\" aria-hidden=\"true\"><\/i><i class=\"fa fa-star\" aria-hidden=\"true\"><\/i><i class=\"fa fa-star\" aria-hidden=\"true\"><\/i><\/span><span class=\"review-reviewer\">Meaghan Kent<\/span><span class=\"review-date\">12 July, 2024<\/span><\/div><\/div><div class=\"gmb-review\" data=\"accounts\/113211944405253224958\/locations\/14687854457602858345\/reviews\/AbFvOqn0-NXs-mCftu0Bu-QJU5ui_5Hisrfrd7xFDxbgAFEUKA5YuTDYCPzd5K6_jnDjbYHwPgtM\"><div class=\"gmb-review-inner\"><span class=\"review-comment\"><i class=\"review-quotes fa fa-quote-left\" aria-hidden=\"true\"><\/i>Such a fun and impressive climbing park. Different levels and well maintained.<i class=\"review-quotes fa fa-quote-right\" aria-hidden=\"true\"><\/i><\/span><span class=\"review-rating\"><i class=\"fa fa-star\" aria-hidden=\"true\"><\/i><i class=\"fa fa-star\" aria-hidden=\"true\"><\/i><i class=\"fa fa-star\" aria-hidden=\"true\"><\/i><i class=\"fa fa-star\" aria-hidden=\"true\"><\/i><i class=\"fa fa-star\" aria-hidden=\"true\"><\/i><\/span><span class=\"review-reviewer\">Uki Bear<\/span><span class=\"review-date\">9 July, 2024<\/span><\/div><\/div><\/div>\n\n\n\n<div class=\"wp-block-cover alignfull\" style=\"min-height:376px;aspect-ratio:unset;\"><span aria-hidden=\"true\" class=\"wp-block-cover__background has-background-dim\"><\/span><img loading=\"lazy\" decoding=\"async\" width=\"2048\" height=\"1365\" class=\"wp-block-cover__image-background wp-image-1477\" alt=\"\" src=\"https:\/\/hogtlagt.se\/gavle\/wp-content\/uploads\/sites\/6\/2023\/12\/Hogt-Lagt-WEBB-1235.jpg\" style=\"object-position:50% 68%\" data-object-fit=\"cover\" data-object-position=\"50% 68%\" srcset=\"https:\/\/hogtlagt.se\/gavle\/wp-content\/uploads\/sites\/6\/2023\/12\/Hogt-Lagt-WEBB-1235.jpg 2048w, https:\/\/hogtlagt.se\/gavle\/wp-content\/uploads\/sites\/6\/2023\/12\/Hogt-Lagt-WEBB-1235-300x200.jpg 300w, https:\/\/hogtlagt.se\/gavle\/wp-content\/uploads\/sites\/6\/2023\/12\/Hogt-Lagt-WEBB-1235-1024x683.jpg 1024w, https:\/\/hogtlagt.se\/gavle\/wp-content\/uploads\/sites\/6\/2023\/12\/Hogt-Lagt-WEBB-1235-768x512.jpg 768w, https:\/\/hogtlagt.se\/gavle\/wp-content\/uploads\/sites\/6\/2023\/12\/Hogt-Lagt-WEBB-1235-1536x1024.jpg 1536w\" sizes=\"auto, (max-width: 2048px) 100vw, 2048px\" \/><div class=\"wp-block-cover__inner-container has-global-padding is-layout-constrained wp-block-cover-is-layout-constrained\">\n<p class=\"has-text-align-center\" style=\"font-size:25px\">Allt vi g\u00f6r genomsyras av v\u00e5ra grundl\u00e4ggande v\u00e4rden&nbsp;<em>Genomarbetat, S\u00e4kert, Innovativt, Inkluderande<\/em>&nbsp;och&nbsp;<em>Utmanande.<\/em>&nbsp;Vi \u00e4r drivna, vi arbetar h\u00e5rt, vi brinner f\u00f6r varje kunds upplevelse, vi \u00e4r med och utvecklar branschen och vi har j\u00e4kligt roligt medans vi g\u00f6r det!<\/p>\n<\/div><\/div>\n","protected":false},"excerpt":{"rendered":"<p>Kl\u00e4ttring och \u00e4ventyr l\u00e4ngs h\u00f6gh\u00f6jdsbanor i&nbsp;Hemlingby, G\u00e4vle Kl\u00e4tterparken i G\u00e4vle \u00e4r vackert bel\u00e4gen i skogen vid Hemlingby friluftsomr\u00e5de. Parken \u00e4r \u00f6ppen f\u00f6r alla och det \u00e4r enbart de som ska&#8230;<\/p>\n","protected":false},"author":1,"featured_media":1378,"parent":10,"menu_order":1,"comment_status":"closed","ping_status":"closed","template":"templates\/empty.php","meta":{"_acf_changed":false,"inline_featured_image":false,"footnotes":""},"class_list":["post-12","page","type-page","status-publish","has-post-thumbnail"],"acf":[],"yoast_head":"<!-- This site is optimized with the Yoast SEO plugin v26.1.1 - https:\/\/yoast.com\/wordpress\/plugins\/seo\/ -->\n<title>V\u00e5ra kl\u00e4tterbanor i G\u00e4vle. Aktiviteter f\u00f6r barn och vuxna!<\/title>\n<meta name=\"description\" content=\"I G\u00e4vle har vi dessa h\u00f6gh\u00f6jdsbanor.. Boka tid f\u00f6r hela familjen, klassen eller f\u00f6retaget\" \/>\n<meta name=\"robots\" content=\"index, follow, max-snippet:-1, max-image-preview:large, max-video-preview:-1\" \/>\n<link rel=\"canonical\" href=\"https:\/\/hogtlagt.se\/gavle\/klatterparken\/klatterbanorna\/\" \/>\n<meta property=\"og:locale\" content=\"sv_SE\" \/>\n<meta property=\"og:type\" content=\"article\" \/>\n<meta property=\"og:title\" content=\"V\u00e5ra kl\u00e4tterbanor i G\u00e4vle. Aktiviteter f\u00f6r barn och vuxna!\" \/>\n<meta property=\"og:description\" content=\"I G\u00e4vle har vi dessa h\u00f6gh\u00f6jdsbanor.. Boka tid f\u00f6r hela familjen, klassen eller f\u00f6retaget\" \/>\n<meta property=\"og:url\" content=\"https:\/\/hogtlagt.se\/gavle\/klatterparken\/klatterbanorna\/\" \/>\n<meta property=\"og:site_name\" content=\"H\u00f6gt &amp; L\u00e5gt G\u00e4vle\" \/>\n<meta property=\"article:modified_time\" content=\"2024-07-16T06:35:09+00:00\" \/>\n<meta property=\"og:image\" content=\"https:\/\/hogtlagt.se\/gavle\/wp-content\/uploads\/sites\/6\/2023\/10\/va\u030ara-ho\u0308gho\u0308jdsbanor-1.jpg\" \/>\n\t<meta property=\"og:image:width\" content=\"2048\" \/>\n\t<meta property=\"og:image:height\" content=\"1365\" \/>\n\t<meta property=\"og:image:type\" content=\"image\/jpeg\" \/>\n<meta name=\"twitter:card\" content=\"summary_large_image\" \/>\n<meta name=\"twitter:label1\" content=\"Ber\u00e4knad l\u00e4stid\" \/>\n\t<meta name=\"twitter:data1\" content=\"3 minuter\" \/>\n<script type=\"application\/ld+json\" class=\"yoast-schema-graph\">{\"@context\":\"https:\/\/schema.org\",\"@graph\":[{\"@type\":\"WebPage\",\"@id\":\"https:\/\/hogtlagt.se\/gavle\/klatterparken\/klatterbanorna\/\",\"url\":\"https:\/\/hogtlagt.se\/gavle\/klatterparken\/klatterbanorna\/\",\"name\":\"V\u00e5ra kl\u00e4tterbanor i G\u00e4vle. Aktiviteter f\u00f6r barn och vuxna!\",\"isPartOf\":{\"@id\":\"https:\/\/hogtlagt.se\/gavle\/#website\"},\"primaryImageOfPage\":{\"@id\":\"https:\/\/hogtlagt.se\/gavle\/klatterparken\/klatterbanorna\/#primaryimage\"},\"image\":{\"@id\":\"https:\/\/hogtlagt.se\/gavle\/klatterparken\/klatterbanorna\/#primaryimage\"},\"thumbnailUrl\":\"https:\/\/hogtlagt.se\/gavle\/wp-content\/uploads\/sites\/6\/2023\/10\/va\u030ara-ho\u0308gho\u0308jdsbanor-1.jpg\",\"datePublished\":\"2020-03-06T09:09:48+00:00\",\"dateModified\":\"2024-07-16T06:35:09+00:00\",\"description\":\"I G\u00e4vle har vi dessa h\u00f6gh\u00f6jdsbanor.. Boka tid f\u00f6r hela familjen, klassen eller f\u00f6retaget\",\"breadcrumb\":{\"@id\":\"https:\/\/hogtlagt.se\/gavle\/klatterparken\/klatterbanorna\/#breadcrumb\"},\"inLanguage\":\"sv-SE\",\"potentialAction\":[{\"@type\":\"ReadAction\",\"target\":[\"https:\/\/hogtlagt.se\/gavle\/klatterparken\/klatterbanorna\/\"]}]},{\"@type\":\"ImageObject\",\"inLanguage\":\"sv-SE\",\"@id\":\"https:\/\/hogtlagt.se\/gavle\/klatterparken\/klatterbanorna\/#primaryimage\",\"url\":\"https:\/\/hogtlagt.se\/gavle\/wp-content\/uploads\/sites\/6\/2023\/10\/va\u030ara-ho\u0308gho\u0308jdsbanor-1.jpg\",\"contentUrl\":\"https:\/\/hogtlagt.se\/gavle\/wp-content\/uploads\/sites\/6\/2023\/10\/va\u030ara-ho\u0308gho\u0308jdsbanor-1.jpg\",\"width\":2048,\"height\":1365,\"caption\":\"20200607 H\u00f6gt &amp; L\u00e5gt i Karlstad. Foto: Fredrik Karlsson\/SolstaFoto\"},{\"@type\":\"BreadcrumbList\",\"@id\":\"https:\/\/hogtlagt.se\/gavle\/klatterparken\/klatterbanorna\/#breadcrumb\",\"itemListElement\":[{\"@type\":\"ListItem\",\"position\":1,\"name\":\"Hem\",\"item\":\"https:\/\/hogtlagt.se\/gavle\/\"},{\"@type\":\"ListItem\",\"position\":2,\"name\":\"Kl\u00e4tterparken\",\"item\":\"https:\/\/hogtlagt.se\/gavle\/klatterparken\/\"},{\"@type\":\"ListItem\",\"position\":3,\"name\":\"Kl\u00e4tterparken och v\u00e5ra h\u00f6gh\u00f6jdsbanor\"}]},{\"@type\":\"WebSite\",\"@id\":\"https:\/\/hogtlagt.se\/gavle\/#website\",\"url\":\"https:\/\/hogtlagt.se\/gavle\/\",\"name\":\"H\u00f6gt &amp; L\u00e5gt G\u00e4vle\",\"description\":\"En till H\u00f6gt &amp; L\u00e5gt webbplats\",\"potentialAction\":[{\"@type\":\"SearchAction\",\"target\":{\"@type\":\"EntryPoint\",\"urlTemplate\":\"https:\/\/hogtlagt.se\/gavle\/?s={search_term_string}\"},\"query-input\":{\"@type\":\"PropertyValueSpecification\",\"valueRequired\":true,\"valueName\":\"search_term_string\"}}],\"inLanguage\":\"sv-SE\"}]}<\/script>\n<!-- \/ Yoast SEO plugin. -->","yoast_head_json":{"title":"V\u00e5ra kl\u00e4tterbanor i G\u00e4vle. Aktiviteter f\u00f6r barn och vuxna!","description":"I G\u00e4vle har vi dessa h\u00f6gh\u00f6jdsbanor.. Boka tid f\u00f6r hela familjen, klassen eller f\u00f6retaget","robots":{"index":"index","follow":"follow","max-snippet":"max-snippet:-1","max-image-preview":"max-image-preview:large","max-video-preview":"max-video-preview:-1"},"canonical":"https:\/\/hogtlagt.se\/gavle\/klatterparken\/klatterbanorna\/","og_locale":"sv_SE","og_type":"article","og_title":"V\u00e5ra kl\u00e4tterbanor i G\u00e4vle. Aktiviteter f\u00f6r barn och vuxna!","og_description":"I G\u00e4vle har vi dessa h\u00f6gh\u00f6jdsbanor.. Boka tid f\u00f6r hela familjen, klassen eller f\u00f6retaget","og_url":"https:\/\/hogtlagt.se\/gavle\/klatterparken\/klatterbanorna\/","og_site_name":"H\u00f6gt &amp; L\u00e5gt G\u00e4vle","article_modified_time":"2024-07-16T06:35:09+00:00","og_image":[{"width":2048,"height":1365,"url":"https:\/\/hogtlagt.se\/gavle\/wp-content\/uploads\/sites\/6\/2023\/10\/va\u030ara-ho\u0308gho\u0308jdsbanor-1.jpg","type":"image\/jpeg"}],"twitter_card":"summary_large_image","twitter_misc":{"Ber\u00e4knad l\u00e4stid":"3 minuter"},"schema":{"@context":"https:\/\/schema.org","@graph":[{"@type":"WebPage","@id":"https:\/\/hogtlagt.se\/gavle\/klatterparken\/klatterbanorna\/","url":"https:\/\/hogtlagt.se\/gavle\/klatterparken\/klatterbanorna\/","name":"V\u00e5ra kl\u00e4tterbanor i G\u00e4vle. Aktiviteter f\u00f6r barn och vuxna!","isPartOf":{"@id":"https:\/\/hogtlagt.se\/gavle\/#website"},"primaryImageOfPage":{"@id":"https:\/\/hogtlagt.se\/gavle\/klatterparken\/klatterbanorna\/#primaryimage"},"image":{"@id":"https:\/\/hogtlagt.se\/gavle\/klatterparken\/klatterbanorna\/#primaryimage"},"thumbnailUrl":"https:\/\/hogtlagt.se\/gavle\/wp-content\/uploads\/sites\/6\/2023\/10\/va\u030ara-ho\u0308gho\u0308jdsbanor-1.jpg","datePublished":"2020-03-06T09:09:48+00:00","dateModified":"2024-07-16T06:35:09+00:00","description":"I G\u00e4vle har vi dessa h\u00f6gh\u00f6jdsbanor.. Boka tid f\u00f6r hela familjen, klassen eller f\u00f6retaget","breadcrumb":{"@id":"https:\/\/hogtlagt.se\/gavle\/klatterparken\/klatterbanorna\/#breadcrumb"},"inLanguage":"sv-SE","potentialAction":[{"@type":"ReadAction","target":["https:\/\/hogtlagt.se\/gavle\/klatterparken\/klatterbanorna\/"]}]},{"@type":"ImageObject","inLanguage":"sv-SE","@id":"https:\/\/hogtlagt.se\/gavle\/klatterparken\/klatterbanorna\/#primaryimage","url":"https:\/\/hogtlagt.se\/gavle\/wp-content\/uploads\/sites\/6\/2023\/10\/va\u030ara-ho\u0308gho\u0308jdsbanor-1.jpg","contentUrl":"https:\/\/hogtlagt.se\/gavle\/wp-content\/uploads\/sites\/6\/2023\/10\/va\u030ara-ho\u0308gho\u0308jdsbanor-1.jpg","width":2048,"height":1365,"caption":"20200607 H\u00f6gt &amp; L\u00e5gt i Karlstad. Foto: Fredrik Karlsson\/SolstaFoto"},{"@type":"BreadcrumbList","@id":"https:\/\/hogtlagt.se\/gavle\/klatterparken\/klatterbanorna\/#breadcrumb","itemListElement":[{"@type":"ListItem","position":1,"name":"Hem","item":"https:\/\/hogtlagt.se\/gavle\/"},{"@type":"ListItem","position":2,"name":"Kl\u00e4tterparken","item":"https:\/\/hogtlagt.se\/gavle\/klatterparken\/"},{"@type":"ListItem","position":3,"name":"Kl\u00e4tterparken och v\u00e5ra h\u00f6gh\u00f6jdsbanor"}]},{"@type":"WebSite","@id":"https:\/\/hogtlagt.se\/gavle\/#website","url":"https:\/\/hogtlagt.se\/gavle\/","name":"H\u00f6gt &amp; L\u00e5gt G\u00e4vle","description":"En till H\u00f6gt &amp; L\u00e5gt webbplats","potentialAction":[{"@type":"SearchAction","target":{"@type":"EntryPoint","urlTemplate":"https:\/\/hogtlagt.se\/gavle\/?s={search_term_string}"},"query-input":{"@type":"PropertyValueSpecification","valueRequired":true,"valueName":"search_term_string"}}],"inLanguage":"sv-SE"}]}},"_links":{"self":[{"href":"https:\/\/hogtlagt.se\/gavle\/wp-json\/wp\/v2\/pages\/12","targetHints":{"allow":["GET"]}}],"collection":[{"href":"https:\/\/hogtlagt.se\/gavle\/wp-json\/wp\/v2\/pages"}],"about":[{"href":"https:\/\/hogtlagt.se\/gavle\/wp-json\/wp\/v2\/types\/page"}],"author":[{"embeddable":true,"href":"https:\/\/hogtlagt.se\/gavle\/wp-json\/wp\/v2\/users\/1"}],"replies":[{"embeddable":true,"href":"https:\/\/hogtlagt.se\/gavle\/wp-json\/wp\/v2\/comments?post=12"}],"version-history":[{"count":39,"href":"https:\/\/hogtlagt.se\/gavle\/wp-json\/wp\/v2\/pages\/12\/revisions"}],"predecessor-version":[{"id":1659,"href":"https:\/\/hogtlagt.se\/gavle\/wp-json\/wp\/v2\/pages\/12\/revisions\/1659"}],"up":[{"embeddable":true,"href":"https:\/\/hogtlagt.se\/gavle\/wp-json\/wp\/v2\/pages\/10"}],"wp:featuredmedia":[{"embeddable":true,"href":"https:\/\/hogtlagt.se\/gavle\/wp-json\/wp\/v2\/media\/1378"}],"wp:attachment":[{"href":"https:\/\/hogtlagt.se\/gavle\/wp-json\/wp\/v2\/media?parent=12"}],"curies":[{"name":"wp","href":"https:\/\/api.w.org\/{rel}","templated":true}]}}