{"id":10,"date":"2020-03-06T10:09:20","date_gmt":"2020-03-06T09:09:20","guid":{"rendered":"http:\/\/hogtlagt.se.hemsida.eu\/karlstad\/?page_id=10"},"modified":"2023-10-15T14:35:53","modified_gmt":"2023-10-15T12:35:53","slug":"klatterparken","status":"publish","type":"page","link":"https:\/\/hogtlagt.se\/gavle\/klatterparken\/","title":{"rendered":"Kl\u00e4tterparken"},"content":{"rendered":"\n<div style=\"height:44px\" aria-hidden=\"true\" class=\"wp-block-spacer\"><\/div>\n\n\n\n<h2 class=\"wp-block-heading has-text-align-center\">Vad tycker v\u00e5ra g\u00e4ster?<\/h2>\n\n\n\n<div style=\"height:19px\" aria-hidden=\"true\" class=\"wp-block-spacer\"><\/div>\n\n\n<div class=\"gmb-reviews make-me-slick\" data-slick='{&quot;fade&quot;: false, \"adaptiveHeight\": true,\"arrows\": false,\"dots\": true,\"infinite\": true,\"autoplaySpeed\":5000,\"slidesToShow\":3, \"slidesToScroll\":1, \"autoplay\":false    }'><div class=\"gmb-review\" data=\"accounts\/113211944405253224958\/locations\/14687854457602858345\/reviews\/AbFvOqnnTiCz6KyluGEzpQ9izn5vAJjMy3N2qOA6-JtI9shd8WgpZB8-qVfbUmocpcWqYXeRvsNArA\"><div class=\"gmb-review-inner\"><span class=\"review-comment\"><i class=\"review-quotes fa fa-quote-left\" aria-hidden=\"true\"><\/i>(Translated by Google) The staff is extremely friendly and professional; the trails are varied and suitable for all levels, immersed in nature. Other activities available include walking, playing bocce, or working out.\n\n(Original)\nStaff gentilissimo e professionale; i percorsi sono vari e di livelli diversi, immersi nella natura. E possibile anche fare altre attivit\u00e0 come passeggiate, giocare a bocce o allenarsi.<i class=\"review-quotes fa fa-quote-right\" aria-hidden=\"true\"><\/i><\/span><span class=\"review-rating\"><i class=\"fa fa-star\" aria-hidden=\"true\"><\/i><i class=\"fa fa-star\" aria-hidden=\"true\"><\/i><i class=\"fa fa-star\" aria-hidden=\"true\"><\/i><i class=\"fa fa-star\" aria-hidden=\"true\"><\/i><i class=\"fa fa-star\" aria-hidden=\"true\"><\/i><\/span><span class=\"review-reviewer\">Agata Caruso<\/span><span class=\"review-date\">25 July, 2025<\/span><\/div><\/div><div class=\"gmb-review\" data=\"accounts\/113211944405253224958\/locations\/14687854457602858345\/reviews\/AbFvOqn_aR5VFdmNepazGY4wY3AmLMZ9Vkj1iyH0gU8eq-Q4s7VVm01NyLODyJQ0cTDJwhcYdzWV\"><div class=\"gmb-review-inner\"><span class=\"review-comment\"><i class=\"review-quotes fa fa-quote-left\" aria-hidden=\"true\"><\/i>(Translated by Google) Super friendly people, fun and challenging courses, also for our youngest (1.25m) more than 1 low route and very cool location.\n\n(Original)\nSuper vriendelijke mensen, leuke en uitdagende parcours, ook voor onze jongste (1,25m) meer dan 1 lage route en heel tof gelegen.<i class=\"review-quotes fa fa-quote-right\" aria-hidden=\"true\"><\/i><\/span><span class=\"review-rating\"><i class=\"fa fa-star\" aria-hidden=\"true\"><\/i><i class=\"fa fa-star\" aria-hidden=\"true\"><\/i><i class=\"fa fa-star\" aria-hidden=\"true\"><\/i><i class=\"fa fa-star\" aria-hidden=\"true\"><\/i><i class=\"fa fa-star\" aria-hidden=\"true\"><\/i><\/span><span class=\"review-reviewer\">Irene op den Buijs - Magielsen<\/span><span class=\"review-date\">18 July, 2024<\/span><\/div><\/div><div class=\"gmb-review\" data=\"accounts\/113211944405253224958\/locations\/14687854457602858345\/reviews\/AbFvOqnmyRs4m6lOsb-kqztRfkAZxMO3JW_uIgNpXBrP6W-k1JOjIMy0c7SllConCipuNPe1wBI5kA\"><div class=\"gmb-review-inner\"><span class=\"review-comment\"><i class=\"review-quotes fa fa-quote-left\" aria-hidden=\"true\"><\/i>10\/10, utmanande\/roliga banor, trevlig personal, extremt h\u00f6g s\u00e4kerhet.\n\n(Translated by Google)\n10\/10, challenging\/fun courses, friendly staff, extremely high safety.<i class=\"review-quotes fa fa-quote-right\" aria-hidden=\"true\"><\/i><\/span><span class=\"review-rating\"><i class=\"fa fa-star\" aria-hidden=\"true\"><\/i><i class=\"fa fa-star\" aria-hidden=\"true\"><\/i><i class=\"fa fa-star\" aria-hidden=\"true\"><\/i><i class=\"fa fa-star\" aria-hidden=\"true\"><\/i><i class=\"fa fa-star\" aria-hidden=\"true\"><\/i><\/span><span class=\"review-reviewer\">Isak Hemmingsson<\/span><span class=\"review-date\">18 July, 2024<\/span><\/div><\/div><div class=\"gmb-review\" data=\"accounts\/113211944405253224958\/locations\/14687854457602858345\/reviews\/AbFvOqkER4D9ZprU3QRXYOxPItmgMP-jsTUlarbw-14C8rqvl2FcC6qOZsuluhVMhdlCVpSVkyKFTg\"><div class=\"gmb-review-inner\"><span class=\"review-comment\"><i class=\"review-quotes fa fa-quote-left\" aria-hidden=\"true\"><\/i>Absolutely fantastic. We spent over three hours there and had a great time. My kids (9-12) and I really enjoyed ourselves. The staff were friendly, helpful, and cheerful. They spoke excellent English and provided good training and guidance. The courses have variety, with one for small children, four that are of medium difficulty, and one that is very challenging. We were very impressed with the length of the courses and the number of ziplines. We highly recommend it.<i class=\"review-quotes fa fa-quote-right\" aria-hidden=\"true\"><\/i><\/span><span class=\"review-rating\"><i class=\"fa fa-star\" aria-hidden=\"true\"><\/i><i class=\"fa fa-star\" aria-hidden=\"true\"><\/i><i class=\"fa fa-star\" aria-hidden=\"true\"><\/i><i class=\"fa fa-star\" aria-hidden=\"true\"><\/i><i class=\"fa fa-star\" aria-hidden=\"true\"><\/i><\/span><span class=\"review-reviewer\">Meaghan Kent<\/span><span class=\"review-date\">12 July, 2024<\/span><\/div><\/div><div class=\"gmb-review\" data=\"accounts\/113211944405253224958\/locations\/14687854457602858345\/reviews\/AbFvOqn0-NXs-mCftu0Bu-QJU5ui_5Hisrfrd7xFDxbgAFEUKA5YuTDYCPzd5K6_jnDjbYHwPgtM\"><div class=\"gmb-review-inner\"><span class=\"review-comment\"><i class=\"review-quotes fa fa-quote-left\" aria-hidden=\"true\"><\/i>Such a fun and impressive climbing park. Different levels and well maintained.<i class=\"review-quotes fa fa-quote-right\" aria-hidden=\"true\"><\/i><\/span><span class=\"review-rating\"><i class=\"fa fa-star\" aria-hidden=\"true\"><\/i><i class=\"fa fa-star\" aria-hidden=\"true\"><\/i><i class=\"fa fa-star\" aria-hidden=\"true\"><\/i><i class=\"fa fa-star\" aria-hidden=\"true\"><\/i><i class=\"fa fa-star\" aria-hidden=\"true\"><\/i><\/span><span class=\"review-reviewer\">Uki Bear<\/span><span class=\"review-date\">9 July, 2024<\/span><\/div><\/div><\/div>\n","protected":false},"excerpt":{"rendered":"<p>Vad tycker v\u00e5ra g\u00e4ster?<\/p>\n","protected":false},"author":1,"featured_media":0,"parent":0,"menu_order":0,"comment_status":"closed","ping_status":"closed","template":"templates\/parentpage.php","meta":{"_acf_changed":false,"inline_featured_image":false,"footnotes":""},"class_list":["post-10","page","type-page","status-publish"],"acf":[],"yoast_head":"<!-- This site is optimized with the Yoast SEO plugin v26.1.1 - https:\/\/yoast.com\/wordpress\/plugins\/seo\/ -->\n<title>Kl\u00e4tterparken - H\u00f6gt &amp; L\u00e5gt G\u00e4vle - \u00c5ka zipline &amp; kl\u00e4ttra i h\u00f6gh\u00f6jdsbana<\/title>\n<meta name=\"robots\" content=\"index, follow, max-snippet:-1, max-image-preview:large, max-video-preview:-1\" \/>\n<link rel=\"canonical\" href=\"https:\/\/hogtlagt.se\/gavle\/klatterparken\/\" \/>\n<meta property=\"og:locale\" content=\"sv_SE\" \/>\n<meta property=\"og:type\" content=\"article\" \/>\n<meta property=\"og:title\" content=\"Kl\u00e4tterparken - H\u00f6gt &amp; L\u00e5gt G\u00e4vle - \u00c5ka zipline &amp; kl\u00e4ttra i h\u00f6gh\u00f6jdsbana\" \/>\n<meta property=\"og:description\" content=\"Vad tycker v\u00e5ra g\u00e4ster?\" \/>\n<meta property=\"og:url\" content=\"https:\/\/hogtlagt.se\/gavle\/klatterparken\/\" \/>\n<meta property=\"og:site_name\" content=\"H\u00f6gt &amp; L\u00e5gt G\u00e4vle\" \/>\n<meta property=\"article:modified_time\" content=\"2023-10-15T12:35:53+00:00\" \/>\n<meta name=\"twitter:card\" content=\"summary_large_image\" \/>\n<meta name=\"twitter:label1\" content=\"Ber\u00e4knad l\u00e4stid\" \/>\n\t<meta name=\"twitter:data1\" content=\"1 minut\" \/>\n<script type=\"application\/ld+json\" class=\"yoast-schema-graph\">{\"@context\":\"https:\/\/schema.org\",\"@graph\":[{\"@type\":\"WebPage\",\"@id\":\"https:\/\/hogtlagt.se\/gavle\/klatterparken\/\",\"url\":\"https:\/\/hogtlagt.se\/gavle\/klatterparken\/\",\"name\":\"Kl\u00e4tterparken - H\u00f6gt &amp; L\u00e5gt G\u00e4vle - \u00c5ka zipline & kl\u00e4ttra i h\u00f6gh\u00f6jdsbana\",\"isPartOf\":{\"@id\":\"https:\/\/hogtlagt.se\/gavle\/#website\"},\"datePublished\":\"2020-03-06T09:09:20+00:00\",\"dateModified\":\"2023-10-15T12:35:53+00:00\",\"breadcrumb\":{\"@id\":\"https:\/\/hogtlagt.se\/gavle\/klatterparken\/#breadcrumb\"},\"inLanguage\":\"sv-SE\",\"potentialAction\":[{\"@type\":\"ReadAction\",\"target\":[\"https:\/\/hogtlagt.se\/gavle\/klatterparken\/\"]}]},{\"@type\":\"BreadcrumbList\",\"@id\":\"https:\/\/hogtlagt.se\/gavle\/klatterparken\/#breadcrumb\",\"itemListElement\":[{\"@type\":\"ListItem\",\"position\":1,\"name\":\"Hem\",\"item\":\"https:\/\/hogtlagt.se\/gavle\/\"},{\"@type\":\"ListItem\",\"position\":2,\"name\":\"Kl\u00e4tterparken\"}]},{\"@type\":\"WebSite\",\"@id\":\"https:\/\/hogtlagt.se\/gavle\/#website\",\"url\":\"https:\/\/hogtlagt.se\/gavle\/\",\"name\":\"H\u00f6gt &amp; L\u00e5gt G\u00e4vle\",\"description\":\"En till H\u00f6gt &amp; L\u00e5gt webbplats\",\"potentialAction\":[{\"@type\":\"SearchAction\",\"target\":{\"@type\":\"EntryPoint\",\"urlTemplate\":\"https:\/\/hogtlagt.se\/gavle\/?s={search_term_string}\"},\"query-input\":{\"@type\":\"PropertyValueSpecification\",\"valueRequired\":true,\"valueName\":\"search_term_string\"}}],\"inLanguage\":\"sv-SE\"}]}<\/script>\n<!-- \/ Yoast SEO plugin. -->","yoast_head_json":{"title":"Kl\u00e4tterparken - H\u00f6gt &amp; L\u00e5gt G\u00e4vle - \u00c5ka zipline & kl\u00e4ttra i h\u00f6gh\u00f6jdsbana","robots":{"index":"index","follow":"follow","max-snippet":"max-snippet:-1","max-image-preview":"max-image-preview:large","max-video-preview":"max-video-preview:-1"},"canonical":"https:\/\/hogtlagt.se\/gavle\/klatterparken\/","og_locale":"sv_SE","og_type":"article","og_title":"Kl\u00e4tterparken - H\u00f6gt &amp; L\u00e5gt G\u00e4vle - \u00c5ka zipline & kl\u00e4ttra i h\u00f6gh\u00f6jdsbana","og_description":"Vad tycker v\u00e5ra g\u00e4ster?","og_url":"https:\/\/hogtlagt.se\/gavle\/klatterparken\/","og_site_name":"H\u00f6gt &amp; L\u00e5gt G\u00e4vle","article_modified_time":"2023-10-15T12:35:53+00:00","twitter_card":"summary_large_image","twitter_misc":{"Ber\u00e4knad l\u00e4stid":"1 minut"},"schema":{"@context":"https:\/\/schema.org","@graph":[{"@type":"WebPage","@id":"https:\/\/hogtlagt.se\/gavle\/klatterparken\/","url":"https:\/\/hogtlagt.se\/gavle\/klatterparken\/","name":"Kl\u00e4tterparken - H\u00f6gt &amp; L\u00e5gt G\u00e4vle - \u00c5ka zipline & kl\u00e4ttra i h\u00f6gh\u00f6jdsbana","isPartOf":{"@id":"https:\/\/hogtlagt.se\/gavle\/#website"},"datePublished":"2020-03-06T09:09:20+00:00","dateModified":"2023-10-15T12:35:53+00:00","breadcrumb":{"@id":"https:\/\/hogtlagt.se\/gavle\/klatterparken\/#breadcrumb"},"inLanguage":"sv-SE","potentialAction":[{"@type":"ReadAction","target":["https:\/\/hogtlagt.se\/gavle\/klatterparken\/"]}]},{"@type":"BreadcrumbList","@id":"https:\/\/hogtlagt.se\/gavle\/klatterparken\/#breadcrumb","itemListElement":[{"@type":"ListItem","position":1,"name":"Hem","item":"https:\/\/hogtlagt.se\/gavle\/"},{"@type":"ListItem","position":2,"name":"Kl\u00e4tterparken"}]},{"@type":"WebSite","@id":"https:\/\/hogtlagt.se\/gavle\/#website","url":"https:\/\/hogtlagt.se\/gavle\/","name":"H\u00f6gt &amp; L\u00e5gt G\u00e4vle","description":"En till H\u00f6gt &amp; L\u00e5gt webbplats","potentialAction":[{"@type":"SearchAction","target":{"@type":"EntryPoint","urlTemplate":"https:\/\/hogtlagt.se\/gavle\/?s={search_term_string}"},"query-input":{"@type":"PropertyValueSpecification","valueRequired":true,"valueName":"search_term_string"}}],"inLanguage":"sv-SE"}]}},"_links":{"self":[{"href":"https:\/\/hogtlagt.se\/gavle\/wp-json\/wp\/v2\/pages\/10","targetHints":{"allow":["GET"]}}],"collection":[{"href":"https:\/\/hogtlagt.se\/gavle\/wp-json\/wp\/v2\/pages"}],"about":[{"href":"https:\/\/hogtlagt.se\/gavle\/wp-json\/wp\/v2\/types\/page"}],"author":[{"embeddable":true,"href":"https:\/\/hogtlagt.se\/gavle\/wp-json\/wp\/v2\/users\/1"}],"replies":[{"embeddable":true,"href":"https:\/\/hogtlagt.se\/gavle\/wp-json\/wp\/v2\/comments?post=10"}],"version-history":[{"count":4,"href":"https:\/\/hogtlagt.se\/gavle\/wp-json\/wp\/v2\/pages\/10\/revisions"}],"predecessor-version":[{"id":1411,"href":"https:\/\/hogtlagt.se\/gavle\/wp-json\/wp\/v2\/pages\/10\/revisions\/1411"}],"wp:attachment":[{"href":"https:\/\/hogtlagt.se\/gavle\/wp-json\/wp\/v2\/media?parent=10"}],"curies":[{"name":"wp","href":"https:\/\/api.w.org\/{rel}","templated":true}]}}